{"id":1123,"date":"2020-03-09T10:08:56","date_gmt":"2020-03-09T10:08:56","guid":{"rendered":"http:\/\/centsys.co.za\/lat\/?page_id=1123"},"modified":"2025-01-09T15:20:31","modified_gmt":"2025-01-09T13:20:31","slug":"motores-para-puertas-corredizas","status":"publish","type":"page","link":"https:\/\/www.centsys.com\/lat\/motores-para-puertas-corredizas\/","title":{"rendered":"Motores para puertas corredizas"},"content":{"rendered":"<p>[et_pb_section fb_built=&#8221;1&#8243; fullwidth=&#8221;on&#8221; _builder_version=&#8221;4.16&#8243; background_enable_image=&#8221;off&#8221; locked=&#8221;off&#8221; global_colors_info=&#8221;{}&#8221;][et_pb_fullwidth_image src=&#8221;https:\/\/www.centsys.com\/lat\/img\/motores-para-puertas-corredizas\/Centurion%20Systems_Serie%20SMART.jpg&#8221; _builder_version=&#8221;4.27.2&#8243; _module_preset=&#8221;default&#8221; global_colors_info=&#8221;{}&#8221;][\/et_pb_fullwidth_image][\/et_pb_section][et_pb_section fb_built=&#8221;1&#8243; fullwidth=&#8221;on&#8221; _builder_version=&#8221;4.9.2&#8243; global_module=&#8221;4804&#8243; global_colors_info=&#8221;{}&#8221;][et_pb_fullwidth_code admin_label=&#8221;SEO BREADCRUMBS&#8221; _builder_version=&#8221;4.16&#8243; _module_preset=&#8221;default&#8221; background_color=&#8221;#e5e5e5&#8243; custom_padding=&#8221;|||15%|false|false&#8221; global_colors_info=&#8221;{}&#8221;]<span><span><a href=\"https:\/\/www.centsys.com\/lat\/\">INICIO<\/a><\/span><\/span>[\/et_pb_fullwidth_code][\/et_pb_section][et_pb_section fb_built=&#8221;1&#8243; _builder_version=&#8221;4.19.1&#8243; global_colors_info=&#8221;{}&#8221;][et_pb_row _builder_version=&#8221;4.16&#8243; global_colors_info=&#8221;{}&#8221;][et_pb_column type=&#8221;4_4&#8243; _builder_version=&#8221;4.16&#8243; global_colors_info=&#8221;{}&#8221;][et_pb_text _builder_version=&#8221;4.25.2&#8243; global_colors_info=&#8221;{}&#8221;]<\/p>\n<h1 style=\"text-align: center;\">Entre sin esfuerzo con los motores para puertas corredizas de CENTURION<\/h1>\n<div data-canvas-width=\"825.4812130592156\">\n<p style=\"text-align: center;\">Transforme su entrada en un refugio seguro y c\u00f3modo con los innovadores motores para puertas corredizas de <a href=\"https:\/\/www.centsys.com\/lat\"><strong>CENTURION<\/strong><\/a>. Experimente el lujo de entrar sin ning\u00fan esfuerzo mientras su port\u00f3n se mantiene abierto con un simple control remoto o con la aplicaci\u00f3n para tel\u00e9fonos inteligentes <a href=\"https:\/\/www.centsys.com\/lat\/la-aplicacion-centurion-mycentsys-remote\/\"><strong>MyCentsys Remote<\/strong><\/a>.<\/p>\n<p style=\"text-align: center;\">Nuestros potentes motores para puertas corredizas est\u00e1n dise\u00f1ados para un funcionamiento fluido. Tenga la seguridad de que su <strong><a href=\"https:\/\/www.centsys.com\/lat\/motores-para-puertas-deslizantes-domesticas\/\">hogar<\/a><\/strong>, <a href=\"https:\/\/www.centsys.com\/lat\/motores-para-puerta-industrial-corredera\/\"><strong>oficina o negocio<\/strong><\/a> quedar\u00e1n protegidos con las funciones avanzadas de <a href=\"https:\/\/www.centsys.com\/lat\"><strong>CENTURION<\/strong><\/a>, como la detecci\u00f3n de obst\u00e1culos y la integraci\u00f3n segura en los sistemas de seguridad existentes.<\/p>\n<p style=\"text-align: center;\">Mejore la seguridad de su <strong><a href=\"https:\/\/www.centsys.com\/lat\/motores-para-puertas-deslizantes-domesticas\/\">hogar<\/a><\/strong>, <a href=\"https:\/\/www.centsys.com\/lat\/motores-para-puerta-industrial-corredera\/\"><strong>oficina o negocio<\/strong><\/a> y disfrute de la comodidad diaria de un motor para portones corredizos de <a href=\"https:\/\/www.centsys.com\/lat\"><strong>Centurion Systems<\/strong><\/a>.<\/p>\n<p style=\"text-align: center;\">Su puerta corrediza de entrada es lo que se interpone entre usted y el mundo exterior. Es su primera l\u00ednea de defensa contra los delincuentes. Aseg\u00farese de que est\u00e9 equipada con lo mejor. La gama <a href=\"https:\/\/www.centsys.com\/lat\"><strong>CENTURION<\/strong><\/a> de motores para puertas corredizas ha sido dise\u00f1ada para proporcionar lo \u00faltimo en seguridad y comodidad.<\/p>\n<\/div>\n<p>[\/et_pb_text][\/et_pb_column][\/et_pb_row][et_pb_row _builder_version=&#8221;4.16&#8243; global_colors_info=&#8221;{}&#8221;][et_pb_column type=&#8221;4_4&#8243; _builder_version=&#8221;4.16&#8243; global_colors_info=&#8221;{}&#8221;][et_pb_text _builder_version=&#8221;4.25.2&#8243; global_colors_info=&#8221;{}&#8221;]<\/p>\n<blockquote>\n<h3><a href=\"https:\/\/www.centsys.com\/lat\/motores-para-puertas-deslizantes-domesticas\/\">Puertas corredizas residenciales y comerciales ligeras<\/a><\/h3>\n<\/blockquote>\n<p>[\/et_pb_text][\/et_pb_column][\/et_pb_row][et_pb_row column_structure=&#8221;1_3,1_3,1_3&#8243; _builder_version=&#8221;4.16&#8243; custom_margin=&#8221;21px|auto||auto||&#8221; custom_padding=&#8221;27px|||||&#8221; global_colors_info=&#8221;{}&#8221;][et_pb_column type=&#8221;1_3&#8243; _builder_version=&#8221;4.16&#8243; global_colors_info=&#8221;{}&#8221;][et_pb_image src=&#8221;https:\/\/www.centsys.com\/lat\/img\/D3%20SMART\/Images\/D3%20SMART%20-%20motor%20para%20puertas%20dom%C3%A9sticas_Producto.jpg&#8221; admin_label=&#8221;D3 SMART&#8221; _builder_version=&#8221;4.27.2&#8243; _module_preset=&#8221;default&#8221; global_colors_info=&#8221;{}&#8221;][\/et_pb_image][et_pb_text _builder_version=&#8221;4.27.2&#8243; _module_preset=&#8221;default&#8221; global_colors_info=&#8221;{}&#8221;]<\/p>\n<h4 class=\"et_pb_module_header\" style=\"text-align: center;\">D3 SMART<\/h4>\n<div class=\"et_pb_blurb_description\">\n<p style=\"text-align: center;\">Seguridad inteligente para viviendas modernas.<\/p>\n<\/div>\n<p>[\/et_pb_text][et_pb_button button_url=&#8221;https:\/\/www.centsys.com\/lat\/d3-smart-motor-para-puerta-corrediza-de-uso-residencial\/&#8221; button_text=&#8221;VER PRODUCTO&#8221; button_alignment=&#8221;center&#8221; _builder_version=&#8221;4.27.2&#8243; _module_preset=&#8221;default&#8221; transform_translate=&#8221;0px|24px&#8221; transform_translate_linked=&#8221;off&#8221; global_colors_info=&#8221;{}&#8221;][\/et_pb_button][\/et_pb_column][et_pb_column type=&#8221;1_3&#8243; _builder_version=&#8221;4.16&#8243; global_colors_info=&#8221;{}&#8221;][et_pb_image src=&#8221;https:\/\/www.centsys.com\/lat\/img\/d5es\/D5-Evo%20SMART%20-%20motor%20para%20puertas%20dom%C3%A9sticas_Producto.jpg&#8221; admin_label=&#8221;D5-Evo SMART&#8221; _builder_version=&#8221;4.27.2&#8243; _module_preset=&#8221;default&#8221; global_colors_info=&#8221;{}&#8221;][\/et_pb_image][et_pb_text _builder_version=&#8221;4.27.2&#8243; _module_preset=&#8221;default&#8221; global_colors_info=&#8221;{}&#8221;]<\/p>\n<h4 class=\"et_pb_module_header\" style=\"text-align: center;\">D5-Evo SMART<\/h4>\n<div class=\"et_pb_blurb_description\">\n<p style=\"text-align: center;\">Motor para puertas dom\u00e9sticas y de industria ligera.<\/p>\n<\/div>\n<p>[\/et_pb_text][et_pb_button button_url=&#8221;https:\/\/www.centsys.com\/lat\/d5-evo-smart-motor-para-puertas-domesticas-y-de-industria-ligera\/&#8221; button_text=&#8221;VER PRODUCTO&#8221; button_alignment=&#8221;center&#8221; _builder_version=&#8221;4.27.2&#8243; _module_preset=&#8221;default&#8221; transform_translate_linked=&#8221;off&#8221; global_colors_info=&#8221;{}&#8221;][\/et_pb_button][\/et_pb_column][et_pb_column type=&#8221;1_3&#8243; _builder_version=&#8221;4.16&#8243; global_colors_info=&#8221;{}&#8221;][et_pb_image src=&#8221;https:\/\/www.centsys.com\/lat\/img\/d6smart\/D6%20SMART%20-%20motor%20para%20puertas%20dom%C3%A9sticas_producto.jpg&#8221; admin_label=&#8221;D6 SMART&#8221; _builder_version=&#8221;4.27.2&#8243; _module_preset=&#8221;default&#8221; global_colors_info=&#8221;{}&#8221;][\/et_pb_image][et_pb_text _builder_version=&#8221;4.27.2&#8243; _module_preset=&#8221;default&#8221; global_colors_info=&#8221;{}&#8221;]<\/p>\n<h4 class=\"et_pb_module_header\" style=\"text-align: center;\">D6 SMART<\/h4>\n<div class=\"et_pb_blurb_description\">\n<p style=\"text-align: center;\">Haciendo tu vida m\u00e1s f\u00e1cil con el nuevo D6 SMART.<\/p>\n<\/div>\n<p>[\/et_pb_text][et_pb_button button_url=&#8221;https:\/\/www.centsys.com\/lat\/d6-smart-motor-para-puertas-domesticas\/&#8221; button_text=&#8221;VER PRODUCTO&#8221; button_alignment=&#8221;center&#8221; _builder_version=&#8221;4.27.2&#8243; _module_preset=&#8221;default&#8221; transform_translate_linked=&#8221;off&#8221; global_colors_info=&#8221;{}&#8221;][\/et_pb_button][\/et_pb_column][\/et_pb_row][et_pb_row _builder_version=&#8221;4.16&#8243; global_colors_info=&#8221;{}&#8221;][et_pb_column type=&#8221;4_4&#8243; _builder_version=&#8221;4.16&#8243; global_colors_info=&#8221;{}&#8221;][et_pb_text _builder_version=&#8221;4.25.2&#8243; global_colors_info=&#8221;{}&#8221;]<\/p>\n<blockquote>\n<h3><a href=\"https:\/\/www.centsys.com\/lat\/motores-para-puerta-industrial-corredera\/\">Puertas corredizas industriales y comerciales ligeras<\/a><\/h3>\n<\/blockquote>\n<p>[\/et_pb_text][\/et_pb_column][\/et_pb_row][et_pb_row column_structure=&#8221;1_3,1_3,1_3&#8243; _builder_version=&#8221;4.16&#8243; custom_margin=&#8221;21px|auto||auto||&#8221; custom_padding=&#8221;27px|||||&#8221; global_colors_info=&#8221;{}&#8221;][et_pb_column type=&#8221;1_3&#8243; _builder_version=&#8221;4.16&#8243; global_colors_info=&#8221;{}&#8221;][et_pb_image src=&#8221;https:\/\/www.centsys.co.za\/img\/smart\/Centurion-Systems-D10T-SMART.jpg&#8221; admin_label=&#8221;D10 Turbo SMART&#8221; _builder_version=&#8221;4.25.2&#8243; _module_preset=&#8221;default&#8221; global_colors_info=&#8221;{}&#8221;][\/et_pb_image][et_pb_text _builder_version=&#8221;4.25.2&#8243; _module_preset=&#8221;default&#8221; global_colors_info=&#8221;{}&#8221;]<\/p>\n<h4 class=\"et_pb_module_header\" style=\"text-align: center;\">D10 Turbo SMART<\/h4>\n<div class=\"et_pb_blurb_description\">\n<p style=\"text-align: center;\">El motor de velocidad suprema se ha vuelto m\u00e1s SMART.<\/p>\n<\/div>\n<p>[\/et_pb_text][et_pb_button button_url=&#8221;https:\/\/www.centsys.com\/lat\/d10-turbo-smart-motor-para-puerta-corrediza\/&#8221; button_text=&#8221;VER PRODUCTO&#8221; button_alignment=&#8221;center&#8221; _builder_version=&#8221;4.25.2&#8243; _module_preset=&#8221;default&#8221; transform_translate_linked=&#8221;off&#8221; global_colors_info=&#8221;{}&#8221;][\/et_pb_button][\/et_pb_column][et_pb_column type=&#8221;1_3&#8243; _builder_version=&#8221;4.16&#8243; global_colors_info=&#8221;{}&#8221;][et_pb_image src=&#8221;https:\/\/www.centsys.co.za\/img\/smart\/Centurion-Systems-D10-SMART.jpg&#8221; admin_label=&#8221;D10 SMART&#8221; _builder_version=&#8221;4.25.2&#8243; _module_preset=&#8221;default&#8221; global_colors_info=&#8221;{}&#8221;][\/et_pb_image][et_pb_text _builder_version=&#8221;4.25.2&#8243; _module_preset=&#8221;default&#8221; global_colors_info=&#8221;{}&#8221;]<\/p>\n<h4 class=\"et_pb_module_header\" style=\"text-align: center;\">D10 SMART<\/h4>\n<div class=\"et_pb_blurb_description\">\n<p style=\"text-align: center;\">Motor para puerta corrediza industrial y comercial.<\/p>\n<\/div>\n<p>[\/et_pb_text][et_pb_button button_url=&#8221;https:\/\/www.centsys.com\/lat\/d10-smart-motor-para-puerta-corrediza\/&#8221; button_text=&#8221;VER PRODUCTO&#8221; button_alignment=&#8221;center&#8221; _builder_version=&#8221;4.25.2&#8243; _module_preset=&#8221;default&#8221; transform_translate_linked=&#8221;off&#8221; global_colors_info=&#8221;{}&#8221;][\/et_pb_button][\/et_pb_column][et_pb_column type=&#8221;1_3&#8243; _builder_version=&#8221;4.16&#8243; global_colors_info=&#8221;{}&#8221;][et_pb_image src=&#8221;https:\/\/www.centsys.co.za\/img\/smart\/Centurion-Systems-D20-SMART.jpg&#8221; admin_label=&#8221;D20 SMART&#8221; _builder_version=&#8221;4.25.2&#8243; _module_preset=&#8221;default&#8221; global_colors_info=&#8221;{}&#8221;][\/et_pb_image][et_pb_text _builder_version=&#8221;4.25.2&#8243; _module_preset=&#8221;default&#8221; global_colors_info=&#8221;{}&#8221;]<\/p>\n<h4 class=\"et_pb_module_header\" style=\"text-align: center;\">D20 SMART<\/h4>\n<div class=\"et_pb_blurb_description\">\n<p style=\"text-align: center;\">Para puertas de gran tama\u00f1o o peso.<\/p>\n<\/div>\n<p>[\/et_pb_text][et_pb_button button_url=&#8221;https:\/\/www.centsys.com\/lat\/d20-smart-motor-para-puerta-corrediza\/&#8221; button_text=&#8221;VER PRODUCTO&#8221; button_alignment=&#8221;center&#8221; _builder_version=&#8221;4.25.2&#8243; _module_preset=&#8221;default&#8221; transform_translate=&#8221;0px|25px&#8221; transform_translate_linked=&#8221;off&#8221; global_colors_info=&#8221;{}&#8221;][\/et_pb_button][\/et_pb_column][\/et_pb_row][et_pb_row _builder_version=&#8221;4.27.4&#8243; _module_preset=&#8221;default&#8221;][et_pb_column _builder_version=&#8221;4.27.4&#8243; _module_preset=&#8221;default&#8221; type=&#8221;4_4&#8243;][et_pb_image _builder_version=&#8221;4.27.4&#8243; _module_preset=&#8221;default&#8221; hover_enabled=&#8221;0&#8243; sticky_enabled=&#8221;0&#8243; src=&#8221;https:\/\/www.centsys.com\/lat\/img\/d-series\/Gu%C3%ADa%20de%20selecci%C3%B3n%20de%20la%20Serie-D%20SMART.jpg&#8221; url=&#8221;https:\/\/www.centsys.com\/lat\/img\/d-series\/1401.D.02.0015%20D-SERIES%20Smart%20Selection%20Guide%20SP%20LAT_23072024_MT_Web.pdf&#8221; url_new_window=&#8221;on&#8221;][\/et_pb_image][\/et_pb_column][\/et_pb_row][\/et_pb_section][et_pb_section fb_built=&#8221;1&#8243; fullwidth=&#8221;on&#8221; admin_label=&#8221;THIS IS THE MID SECTION BANNER SITE WIDE&#8221; _builder_version=&#8221;4.23.1&#8243; _module_preset=&#8221;default&#8221; global_module=&#8221;24415&#8243; global_colors_info=&#8221;{}&#8221;][et_pb_fullwidth_image src=&#8221;https:\/\/www.centsys.com\/lat\/img\/admin\/Centurion%20Systems_Motores%20para%20puertas%20corredizas_imagen.jpg&#8221; url=&#8221;https:\/\/www.centsys.com\/lat\/smart&#8221; admin_label=&#8221;FOOTER_SITE WIDE&#8221; _builder_version=&#8221;4.27.2&#8243; _module_preset=&#8221;default&#8221; global_colors_info=&#8221;{}&#8221;][\/et_pb_fullwidth_image][et_pb_fullwidth_header button_one_text=&#8221;Cont\u00e1ctenos&#8221; button_one_url=&#8221;https:\/\/www.centsys.com\/lat\/detalles-de-contacto\/&#8221; button_two_text=&#8221;Soporte t\u00e9cnico&#8221; button_two_url=&#8221;https:\/\/www.centsys.com\/lat\/centro-de-llamadas\/&#8221; disabled_on=&#8221;on|on|on&#8221; _builder_version=&#8221;4.25.2&#8243; _module_preset=&#8221;default&#8221; background_color=&#8221;#c1c1c1&#8243; custom_button_one=&#8221;on&#8221; button_one_text_color=&#8221;#FFFFFF&#8221; button_one_bg_color=&#8221;#999999&#8243; button_one_border_color=&#8221;#999999&#8243; custom_button_two=&#8221;on&#8221; button_two_text_color=&#8221;#FFFFFF&#8221; button_two_bg_color=&#8221;#999999&#8243; button_two_border_color=&#8221;#999999&#8243; custom_margin=&#8221;||-29px|||&#8221; custom_padding=&#8221;8px||44px||false|&#8221; disabled=&#8221;on&#8221; global_colors_info=&#8221;{}&#8221; button_one_text_size__hover_enabled=&#8221;on|hover&#8221; button_one_border_color__hover_enabled=&#8221;on|desktop&#8221; button_one_border_color__hover=&#8221;#81c341&#8243; button_two_bg_color__hover_enabled=&#8221;on|hover&#8221; button_two_bg_color__hover=&#8221;#81c341&#8243; button_two_bg_enable_color__hover=&#8221;on&#8221; button_two_border_color__hover_enabled=&#8221;on|hover&#8221; button_two_border_color__hover=&#8221;#81c341&#8243; button_one_bg_color__hover_enabled=&#8221;on|hover&#8221; button_one_bg_color__hover=&#8221;#81c341&#8243; button_one_bg_enable_color__hover=&#8221;on&#8221;][\/et_pb_fullwidth_header][\/et_pb_section]<\/p>\n","protected":false},"excerpt":{"rendered":"<p><span><span><a href=\"https:\/\/www.centsys.com\/lat\/\">INICIO<\/a><\/span><\/span>Entre sin esfuerzo con los motores para puertas corredizas de CENTURION Transforme su entrada en un refugio seguro y c\u00f3modo con los innovadores motores para puertas corredizas de CENTURION. Experimente el lujo de entrar sin ning\u00fan esfuerzo mientras su port\u00f3n se mantiene abierto con un simple control remoto o con la aplicaci\u00f3n para tel\u00e9fonos inteligentes [&hellip;]<\/p>\n","protected":false},"author":1,"featured_media":0,"parent":0,"menu_order":0,"comment_status":"closed","ping_status":"closed","template":"","meta":{"_et_pb_use_builder":"on","_et_pb_old_content":"","_et_gb_content_width":"","_joinchat":[],"footnotes":""},"class_list":["post-1123","page","type-page","status-publish","hentry"],"yoast_head":"<!-- This site is optimized with the Yoast SEO Premium plugin v26.6 (Yoast SEO v27.3) - https:\/\/yoast.com\/product\/yoast-seo-premium-wordpress\/ -->\r\n<title>Motores para puertas corredizas - Centurion Systems<\/title>\r\n<meta name=\"description\" content=\"Los motores de puertas corredizas CENTURION ofrecen la mejor comodidad, confiabilidad y seguridad para su hogar y familia. L\u00edderes en motores de puertas corredizas desde 1986.\" \/>\r\n<meta name=\"robots\" content=\"index, follow, max-snippet:-1, max-image-preview:large, max-video-preview:-1\" \/>\r\n<link rel=\"canonical\" href=\"https:\/\/www.centsys.com\/lat\/motores-para-puertas-corredizas\/\" \/>\r\n<meta property=\"og:locale\" content=\"en_US\" \/>\r\n<meta property=\"og:type\" content=\"article\" \/>\r\n<meta property=\"og:title\" content=\"Motores para puertas corredizas\" \/>\r\n<meta property=\"og:description\" content=\"Los motores de puertas corredizas CENTURION ofrecen la mejor comodidad, confiabilidad y seguridad para su hogar y familia. L\u00edderes en motores de puertas corredizas desde 1986.\" \/>\r\n<meta property=\"og:url\" content=\"https:\/\/www.centsys.com\/lat\/motores-para-puertas-corredizas\/\" \/>\r\n<meta property=\"og:site_name\" content=\"Centurion Systems Spanish\" \/>\r\n<meta property=\"article:modified_time\" content=\"2025-01-09T13:20:31+00:00\" \/>\r\n<meta name=\"twitter:card\" content=\"summary_large_image\" \/>\r\n<meta name=\"twitter:label1\" content=\"Est. reading time\" \/>\n\t<meta name=\"twitter:data1\" content=\"3 minutes\" \/>\r\n<script type=\"application\/ld+json\" class=\"yoast-schema-graph\">{\"@context\":\"https:\\\/\\\/schema.org\",\"@graph\":[{\"@type\":\"WebPage\",\"@id\":\"https:\\\/\\\/www.centsys.com\\\/lat\\\/motores-para-puertas-corredizas\\\/\",\"url\":\"https:\\\/\\\/www.centsys.com\\\/lat\\\/motores-para-puertas-corredizas\\\/\",\"name\":\"Motores para puertas corredizas - Centurion Systems\",\"isPartOf\":{\"@id\":\"https:\\\/\\\/www.centsys.com\\\/lat\\\/#website\"},\"datePublished\":\"2020-03-09T10:08:56+00:00\",\"dateModified\":\"2025-01-09T13:20:31+00:00\",\"description\":\"Los motores de puertas corredizas CENTURION ofrecen la mejor comodidad, confiabilidad y seguridad para su hogar y familia. L\u00edderes en motores de puertas corredizas desde 1986.\",\"breadcrumb\":{\"@id\":\"https:\\\/\\\/www.centsys.com\\\/lat\\\/motores-para-puertas-corredizas\\\/#breadcrumb\"},\"inLanguage\":\"en-ZA\",\"potentialAction\":[{\"@type\":\"ReadAction\",\"target\":[\"https:\\\/\\\/www.centsys.com\\\/lat\\\/motores-para-puertas-corredizas\\\/\"]}]},{\"@type\":\"BreadcrumbList\",\"@id\":\"https:\\\/\\\/www.centsys.com\\\/lat\\\/motores-para-puertas-corredizas\\\/#breadcrumb\",\"itemListElement\":[{\"@type\":\"ListItem\",\"position\":1,\"name\":\"INICIO\",\"item\":\"https:\\\/\\\/www.centsys.com\\\/lat\\\/\"},{\"@type\":\"ListItem\",\"position\":2,\"name\":\"Motores para puertas corredizas\"}]},{\"@type\":\"WebSite\",\"@id\":\"https:\\\/\\\/www.centsys.com\\\/lat\\\/#website\",\"url\":\"https:\\\/\\\/www.centsys.com\\\/lat\\\/\",\"name\":\"Centurion Systems Spanish\",\"description\":\"Productos para Automatizaci\u00f3n de Acceso\",\"potentialAction\":[{\"@type\":\"SearchAction\",\"target\":{\"@type\":\"EntryPoint\",\"urlTemplate\":\"https:\\\/\\\/www.centsys.com\\\/lat\\\/?s={search_term_string}\"},\"query-input\":{\"@type\":\"PropertyValueSpecification\",\"valueRequired\":true,\"valueName\":\"search_term_string\"}}],\"inLanguage\":\"en-ZA\"}]}<\/script>\r\n<!-- \/ Yoast SEO Premium plugin. -->","yoast_head_json":{"title":"Motores para puertas corredizas - Centurion Systems","description":"Los motores de puertas corredizas CENTURION ofrecen la mejor comodidad, confiabilidad y seguridad para su hogar y familia. L\u00edderes en motores de puertas corredizas desde 1986.","robots":{"index":"index","follow":"follow","max-snippet":"max-snippet:-1","max-image-preview":"max-image-preview:large","max-video-preview":"max-video-preview:-1"},"canonical":"https:\/\/www.centsys.com\/lat\/motores-para-puertas-corredizas\/","og_locale":"en_US","og_type":"article","og_title":"Motores para puertas corredizas","og_description":"Los motores de puertas corredizas CENTURION ofrecen la mejor comodidad, confiabilidad y seguridad para su hogar y familia. L\u00edderes en motores de puertas corredizas desde 1986.","og_url":"https:\/\/www.centsys.com\/lat\/motores-para-puertas-corredizas\/","og_site_name":"Centurion Systems Spanish","article_modified_time":"2025-01-09T13:20:31+00:00","twitter_card":"summary_large_image","twitter_misc":{"Est. reading time":"3 minutes"},"schema":{"@context":"https:\/\/schema.org","@graph":[{"@type":"WebPage","@id":"https:\/\/www.centsys.com\/lat\/motores-para-puertas-corredizas\/","url":"https:\/\/www.centsys.com\/lat\/motores-para-puertas-corredizas\/","name":"Motores para puertas corredizas - Centurion Systems","isPartOf":{"@id":"https:\/\/www.centsys.com\/lat\/#website"},"datePublished":"2020-03-09T10:08:56+00:00","dateModified":"2025-01-09T13:20:31+00:00","description":"Los motores de puertas corredizas CENTURION ofrecen la mejor comodidad, confiabilidad y seguridad para su hogar y familia. L\u00edderes en motores de puertas corredizas desde 1986.","breadcrumb":{"@id":"https:\/\/www.centsys.com\/lat\/motores-para-puertas-corredizas\/#breadcrumb"},"inLanguage":"en-ZA","potentialAction":[{"@type":"ReadAction","target":["https:\/\/www.centsys.com\/lat\/motores-para-puertas-corredizas\/"]}]},{"@type":"BreadcrumbList","@id":"https:\/\/www.centsys.com\/lat\/motores-para-puertas-corredizas\/#breadcrumb","itemListElement":[{"@type":"ListItem","position":1,"name":"INICIO","item":"https:\/\/www.centsys.com\/lat\/"},{"@type":"ListItem","position":2,"name":"Motores para puertas corredizas"}]},{"@type":"WebSite","@id":"https:\/\/www.centsys.com\/lat\/#website","url":"https:\/\/www.centsys.com\/lat\/","name":"Centurion Systems Spanish","description":"Productos para Automatizaci\u00f3n de Acceso","potentialAction":[{"@type":"SearchAction","target":{"@type":"EntryPoint","urlTemplate":"https:\/\/www.centsys.com\/lat\/?s={search_term_string}"},"query-input":{"@type":"PropertyValueSpecification","valueRequired":true,"valueName":"search_term_string"}}],"inLanguage":"en-ZA"}]}},"_links":{"self":[{"href":"https:\/\/www.centsys.com\/lat\/wp-json\/wp\/v2\/pages\/1123","targetHints":{"allow":["GET"]}}],"collection":[{"href":"https:\/\/www.centsys.com\/lat\/wp-json\/wp\/v2\/pages"}],"about":[{"href":"https:\/\/www.centsys.com\/lat\/wp-json\/wp\/v2\/types\/page"}],"author":[{"embeddable":true,"href":"https:\/\/www.centsys.com\/lat\/wp-json\/wp\/v2\/users\/1"}],"replies":[{"embeddable":true,"href":"https:\/\/www.centsys.com\/lat\/wp-json\/wp\/v2\/comments?post=1123"}],"version-history":[{"count":0,"href":"https:\/\/www.centsys.com\/lat\/wp-json\/wp\/v2\/pages\/1123\/revisions"}],"wp:attachment":[{"href":"https:\/\/www.centsys.com\/lat\/wp-json\/wp\/v2\/media?parent=1123"}],"curies":[{"name":"wp","href":"https:\/\/api.w.org\/{rel}","templated":true}]}}