{"id":1287,"date":"2020-03-09T12:18:01","date_gmt":"2020-03-09T12:18:01","guid":{"rendered":"http:\/\/centsys.co.za\/lat\/?page_id=1287"},"modified":"2024-02-09T10:54:35","modified_gmt":"2024-02-09T08:54:35","slug":"trapex-cerca-de-barrera","status":"publish","type":"page","link":"https:\/\/www.centsys.com\/lat\/trapex-cerca-de-barrera\/","title":{"rendered":"TRAPEX"},"content":{"rendered":"<p>[et_pb_section fb_built=&#8221;1&#8243; fullwidth=&#8221;on&#8221; _builder_version=&#8221;4.16&#8243; background_enable_image=&#8221;off&#8221; locked=&#8221;off&#8221; global_colors_info=&#8221;{}&#8221;][et_pb_fullwidth_header title=&#8221;CONTROLA EL ACCESO&#8221; _builder_version=&#8221;4.16&#8243; title_font=&#8221;Verdana|700||on|||||&#8221; title_text_align=&#8221;right&#8221; title_text_color=&#8221;#81c341&#8243; title_font_size=&#8221;46px&#8221; content_font=&#8221;Verdana||||||||&#8221; content_text_align=&#8221;right&#8221; content_text_color=&#8221;#6d6e71&#8243; content_font_size=&#8221;18px&#8221; background_enable_color=&#8221;off&#8221; background_image=&#8221;https:\/\/www.centsys.com\/lat\/img\/TRAPEX\/La%20cerca%20de%20la%20barrera%20para%20barreras%20vehiculares%20CENTURION%20TRAPEX.jpg&#8221; background_layout=&#8221;light&#8221; width=&#8221;100{b9f1a820be3d81834e54a7fd91d7ea557d10675802c96376b4de0df52dd4704d}&#8221; max_width=&#8221;100{b9f1a820be3d81834e54a7fd91d7ea557d10675802c96376b4de0df52dd4704d}&#8221; custom_margin=&#8221;||||false|false&#8221; custom_padding=&#8221;9%||9%|20%|true|false&#8221; custom_padding_tablet=&#8221;|||10%|true|false&#8221; custom_padding_phone=&#8221;|||0%|true|false&#8221; custom_padding_last_edited=&#8221;on|phone&#8221; title_font_size_tablet=&#8221;&#8221; title_font_size_phone=&#8221;36px&#8221; title_font_size_last_edited=&#8221;on|phone&#8221; content_font_size_tablet=&#8221;&#8221; content_font_size_phone=&#8221;14px&#8221; content_font_size_last_edited=&#8221;on|phone&#8221; global_colors_info=&#8221;{}&#8221;]<\/p>\n<p>Plumas y Barreras de acceso TRAPEX<\/p>\n<p>[\/et_pb_fullwidth_header][\/et_pb_section][et_pb_section fb_built=&#8221;1&#8243; fullwidth=&#8221;on&#8221; _builder_version=&#8221;4.9.2&#8243; global_module=&#8221;4804&#8243; global_colors_info=&#8221;{}&#8221;][et_pb_fullwidth_code admin_label=&#8221;SEO BREADCRUMBS&#8221; _builder_version=&#8221;4.16&#8243; _module_preset=&#8221;default&#8221; background_color=&#8221;#e5e5e5&#8243; custom_padding=&#8221;|||15%|false|false&#8221; global_colors_info=&#8221;{}&#8221;]<span><span><a href=\"https:\/\/www.centsys.com\/lat\/\">INICIO<\/a><\/span><\/span>[\/et_pb_fullwidth_code][\/et_pb_section][et_pb_section fb_built=&#8221;1&#8243; _builder_version=&#8221;4.16&#8243; global_colors_info=&#8221;{}&#8221;][et_pb_row _builder_version=&#8221;4.16&#8243; global_colors_info=&#8221;{}&#8221;][et_pb_column type=&#8221;4_4&#8243; _builder_version=&#8221;4.16&#8243; global_colors_info=&#8221;{}&#8221;][et_pb_text _builder_version=&#8221;4.16&#8243; global_colors_info=&#8221;{}&#8221;]<\/p>\n<h1 style=\"text-align: center;\">BARRERAS DE TR\u00c1FICO TRAPEX PARA CONTROL DE ACCESO A TRANSE\u00daNTES<\/h1>\n<div data-canvas-width=\"825.4812130592156\">\n<div id=\"pageContainer1\" class=\"page\" data-page-number=\"1\" data-loaded=\"true\">\n<div class=\"textLayer\">\n<div data-canvas-width=\"524.4232367747579\">\n<div data-canvas-width=\"524.4232367747579\">\n<div data-canvas-width=\"18.918496627199996\">\n<p style=\"text-align: center;\">La cerca de la barrera <strong>TRAPEX<\/strong> es fuerte y efectiva, dise\u00f1ada para evitar que los peatones eludan el sistema de control de acceso de veh\u00edculos SECTOR II.<\/p>\n<p style=\"text-align: center;\">Su resistente construcci\u00f3n de aluminio para todo clima lo hace adecuado para instalarse en zonas costeras. Los materiales de dise\u00f1o industrial e inteligente aseguran que <strong>TRAPEX<\/strong> funcione d\u00eda tras d\u00eda, sin descanso, durante mucho tiempo.<\/p>\n<p class=\"p1\" style=\"text-align: center;\">\n<\/div>\n<\/div>\n<\/div>\n<\/div>\n<\/div>\n<\/div>\n<p>[\/et_pb_text][\/et_pb_column][\/et_pb_row][et_pb_row _builder_version=&#8221;4.16&#8243; custom_padding=&#8221;||0px|||&#8221; global_colors_info=&#8221;{}&#8221;][et_pb_column type=&#8221;4_4&#8243; _builder_version=&#8221;4.16&#8243; global_colors_info=&#8221;{}&#8221;][et_pb_image src=&#8221;https:\/\/www.centsys.com\/lat\/img\/TRAPEX\/La%20cerca%20de%20la%20barrera%20para%20barreras%20vehiculares%20CENTURION%20TRAPEX%20(1079%20x%20370).jpg&#8221; align=&#8221;center&#8221; _builder_version=&#8221;4.16&#8243; global_colors_info=&#8221;{}&#8221;][\/et_pb_image][\/et_pb_column][\/et_pb_row][et_pb_row column_structure=&#8221;2_3,1_3&#8243; _builder_version=&#8221;4.16&#8243; custom_padding=&#8221;||0px|||&#8221; locked=&#8221;off&#8221; global_colors_info=&#8221;{}&#8221;][et_pb_column type=&#8221;2_3&#8243; _builder_version=&#8221;4.16&#8243; global_colors_info=&#8221;{}&#8221;][et_pb_text _builder_version=&#8221;4.16&#8243; global_colors_info=&#8221;{}&#8221;]<\/p>\n<h5>CARACTER\u00cdSTICAS PRINCIPALES:<\/h5>\n<ul>\n<li>Dise\u00f1o ingenioso y construcci\u00f3n robusta que evita que la cerca pueda ser removida de su sitio.<\/li>\n<li>Facilidad y rapidez de instalaci\u00f3n, le ahorra tiempo y dinero.<\/li>\n<li>Materiales resistentes a la intemperie que aseguran su vida \u00fatil prolongada sin p\u00e9rdida de atractivo.<\/li>\n<li>Dise\u00f1o modular inteligente para facilidad de transporte e instalaci\u00f3n.<\/li>\n<li>M\u00f3dulos semi-ensamblados con equipo de instalaci\u00f3n detallado.<\/li>\n<\/ul>\n<p>[\/et_pb_text][\/et_pb_column][et_pb_column type=&#8221;1_3&#8243; _builder_version=&#8221;4.16&#8243; global_colors_info=&#8221;{}&#8221;][et_pb_image src=&#8221;https:\/\/www.centsys.com\/lat\/img\/TRAPEX\/Logo%20-%20La%20cerca%20de%20la%20barrera%20para%20barreras%20vehiculares%20CENTURION%20TRAPEX.png&#8221; _builder_version=&#8221;4.16&#8243; custom_margin=&#8221;-83px||-2px|||&#8221; custom_padding=&#8221;||0px||false|false&#8221; global_colors_info=&#8221;{}&#8221;][\/et_pb_image][et_pb_code _builder_version=&#8221;4.21.2&#8243; _module_preset=&#8221;default&#8221; custom_padding=&#8221;0px|||||&#8221; global_colors_info=&#8221;{}&#8221;]<\/p>\n<table border=\"0\" width=\"330\"><!-- [et_pb_line_break_holder] --><!-- [et_pb_line_break_holder] --><!-- [et_pb_line_break_holder] --><\/p>\n<tbody><!-- [et_pb_line_break_holder] --><!-- [et_pb_line_break_holder] --><\/p>\n<tr><!-- [et_pb_line_break_holder] --><!-- [et_pb_line_break_holder] --><\/p>\n<td><img decoding=\"async\" src=\"https:\/\/www.centsys.com\/lat\/img\/TRAPEX\/La%20cerca%20de%20la%20barrera%20para%20barreras%20vehiculares%20CENTURION%20TRAPEX..png\" \/><\/td>\n<p><!-- [et_pb_line_break_holder] --><!-- [et_pb_line_break_holder] --><\/p>\n<td><a href=\"https:\/\/www.centsys.com\/mx\/pdf\/sectorii\/1314.D.01.0007 Sector II Rec Boom Pole TRAPEX Installation Manual CENTURION SP LAT_02052023_MT_Web.pdf\">Barrera rectangular SECTOR II &#8211; Manual de instalaci\u00f3n TRAPEX (1.27MB)<\/a><\/td>\n<p><!-- [et_pb_line_break_holder] --><!-- [et_pb_line_break_holder] --><\/tr>\n<p><!-- [et_pb_line_break_holder] --><!-- [et_pb_line_break_holder] --><\/p>\n<tr><!-- [et_pb_line_break_holder] --><!-- [et_pb_line_break_holder] --><\/p>\n<td><img decoding=\"async\" src=\"https:\/\/www.centsys.com\/lat\/img\/TRAPEX\/La%20cerca%20de%20la%20barrera%20para%20barreras%20vehiculares%20CENTURION%20TRAPEX..png\" \/><\/td>\n<p><!-- [et_pb_line_break_holder] --><!-- [et_pb_line_break_holder] --><!-- [et_pb_line_break_holder] --><!-- [et_pb_line_break_holder] --><!-- [et_pb_line_break_holder] --><\/p>\n<td><a href=\"https:\/\/www.centsys.com\/mx\/pdf\/sectorii\/1314.D.01.0008%20Sector%20II%20Round%20Boom%20Pole%20TRAPEX%20Installation%20Manual%20CENTURION%20SP%20LAT_02052023_MT_Web.PDF\">Barrera circular SECTOR II &#8211; Manual de instalaci\u00f3n TRAPEX (1.24MB)<\/a><\/td>\n<p><!-- [et_pb_line_break_holder] --><!-- [et_pb_line_break_holder] --><!-- [et_pb_line_break_holder] --><\/tr>\n<p><!-- [et_pb_line_break_holder] --><!-- [et_pb_line_break_holder] --><\/tbody>\n<p><!-- [et_pb_line_break_holder] --><!-- [et_pb_line_break_holder] --><!-- [et_pb_line_break_holder] --><\/table>\n<p><!-- [et_pb_line_break_holder] --><!-- [et_pb_line_break_holder] -->[\/et_pb_code][\/et_pb_column][\/et_pb_row][et_pb_row _builder_version=&#8221;4.16&#8243; global_colors_info=&#8221;{}&#8221;][et_pb_column type=&#8221;4_4&#8243; _builder_version=&#8221;4.16&#8243; global_colors_info=&#8221;{}&#8221;][et_pb_text _builder_version=&#8221;4.16&#8243; custom_margin=&#8221;-17px|||||&#8221; global_colors_info=&#8221;{}&#8221;]<\/p>\n<h5>ESPECIFICACIONES T\u00c9CNICAS DE TRAPEX:<\/h5>\n<div id=\"footable_parent_3508\"\n         class=\" footable_parent ninja_table_wrapper loading_ninja_table wp_table_data_press_parent semantic_ui \">\n                <table data-ninja_table_instance=\"ninja_table_instance_0\" data-footable_id=\"3508\" data-filter-delay=\"1000\" aria-label=\"TRAPEX\"            id=\"footable_3508\"\n           data-unique_identifier=\"ninja_table_unique_id_905054840_3508\"\n           class=\" foo-table ninja_footable foo_table_3508 ninja_table_unique_id_905054840_3508 ui table  nt_type_ajax_table selectable striped vertical_centered  footable-paging-right\">\n                <colgroup>\n                            <col class=\"ninja_column_0 \">\n                            <col class=\"ninja_column_1 \">\n                    <\/colgroup>\n            <\/table>\n    \n    \n    \n<\/div>\n\n<p>[\/et_pb_text][\/et_pb_column][\/et_pb_row][et_pb_row _builder_version=&#8221;4.16&#8243; custom_padding=&#8221;0px|||||&#8221; global_colors_info=&#8221;{}&#8221;][et_pb_column type=&#8221;4_4&#8243; _builder_version=&#8221;4.16&#8243; global_colors_info=&#8221;{}&#8221;][et_pb_image src=&#8221;https:\/\/www.centsys.com\/lat\/img\/TRAPEX\/La%20cerca%20de%20la%20barrera%20para%20barreras%20vehiculares%20CENTURION%20TRAPEX..png&#8221; show_in_lightbox=&#8221;on&#8221; align=&#8221;center&#8221; _builder_version=&#8221;4.16&#8243; width=&#8221;31{b9f1a820be3d81834e54a7fd91d7ea557d10675802c96376b4de0df52dd4704d}&#8221; global_colors_info=&#8221;{}&#8221;][\/et_pb_image][\/et_pb_column][\/et_pb_row][et_pb_row _builder_version=&#8221;4.16&#8243; global_colors_info=&#8221;{}&#8221;][et_pb_column type=&#8221;4_4&#8243; _builder_version=&#8221;4.16&#8243; global_colors_info=&#8221;{}&#8221;][et_pb_video src=&#8221;https:\/\/youtu.be\/-xHEzZjpsOk&#8221; _builder_version=&#8221;4.16&#8243; global_colors_info=&#8221;{}&#8221;][\/et_pb_video][\/et_pb_column][\/et_pb_row][\/et_pb_section][et_pb_section fb_built=&#8221;1&#8243; _builder_version=&#8221;4.21.2&#8243; _module_preset=&#8221;default&#8221; global_colors_info=&#8221;{}&#8221;][et_pb_row _builder_version=&#8221;4.21.2&#8243; _module_preset=&#8221;default&#8221; global_colors_info=&#8221;{}&#8221;][et_pb_column type=&#8221;4_4&#8243; _builder_version=&#8221;4.21.2&#8243; _module_preset=&#8221;default&#8221; global_colors_info=&#8221;{}&#8221;][et_pb_image src=&#8221;https:\/\/www.centsys.com\/lat\/wp-content\/uploads\/2023\/08\/Logo-La-cerca-de-la-barrera-para-barreras-vehiculares-CENTURION-TRAPEX.png&#8221; _builder_version=&#8221;4.21.2&#8243; _module_preset=&#8221;default&#8221; global_colors_info=&#8221;{}&#8221;][\/et_pb_image][\/et_pb_column][\/et_pb_row][\/et_pb_section][et_pb_section fb_built=&#8221;1&#8243; fullwidth=&#8221;on&#8221; admin_label=&#8221;THIS IS THE MID SECTION BANNER SITE WIDE&#8221; _builder_version=&#8221;4.23.1&#8243; _module_preset=&#8221;default&#8221; global_colors_info=&#8221;{}&#8221; global_module=&#8221;24415&#8243; theme_builder_area=&#8221;post_content&#8221;][et_pb_fullwidth_image src=&#8221;https:\/\/www.centsys.com\/mx\/img\/MY%20CENTSYS%20PRO%20Banners\/la%20aplicaci%C3%B3n%20m%C3%B3vil%20MyCentsys%20Pro_Web%20Footer.jpg&#8221; url=&#8221;https:\/\/www.centsys.com\/lat\/la-aplicacion-centurion-mycentsys-pro\/&#8221; admin_label=&#8221;FOOTER_SITE WIDE&#8221; _builder_version=&#8221;4.24.0&#8243; _module_preset=&#8221;default&#8221; global_colors_info=&#8221;{}&#8221; theme_builder_area=&#8221;post_content&#8221;][\/et_pb_fullwidth_image][et_pb_fullwidth_header button_one_text=&#8221;Cont\u00e1ctenos&#8221; button_one_url=&#8221;https:\/\/www.centsys.com\/lat\/detalles-de-contacto\/&#8221; button_two_text=&#8221;Soporte t\u00e9cnico&#8221; button_two_url=&#8221;https:\/\/www.centsys.com\/lat\/centro-de-llamadas\/&#8221; _builder_version=&#8221;4.23.1&#8243; _module_preset=&#8221;default&#8221; background_color=&#8221;#c1c1c1&#8243; custom_button_one=&#8221;on&#8221; button_one_text_color=&#8221;#FFFFFF&#8221; button_one_bg_color=&#8221;#999999&#8243; button_one_border_color=&#8221;#8e8e8e&#8221; custom_button_two=&#8221;on&#8221; button_two_text_color=&#8221;#FFFFFF&#8221; button_two_bg_color=&#8221;#999999&#8243; button_two_border_color=&#8221;#8e8e8e&#8221; custom_padding=&#8221;6px||17px|||&#8221; global_colors_info=&#8221;{}&#8221; theme_builder_area=&#8221;post_content&#8221;][\/et_pb_fullwidth_header][\/et_pb_section]<\/p>\n","protected":false},"excerpt":{"rendered":"<p>Plumas y Barreras de acceso TRAPEX<span><span><a href=\"https:\/\/www.centsys.com\/lat\/\">INICIO<\/a><\/span><\/span>BARRERAS DE TR\u00c1FICO TRAPEX PARA CONTROL DE ACCESO A TRANSE\u00daNTES La cerca de la barrera TRAPEX es fuerte y efectiva, dise\u00f1ada para evitar que los peatones eludan el sistema de control de acceso de veh\u00edculos SECTOR II. Su resistente construcci\u00f3n de aluminio para todo clima lo hace adecuado para instalarse [&hellip;]<\/p>\n","protected":false},"author":1,"featured_media":0,"parent":0,"menu_order":0,"comment_status":"closed","ping_status":"closed","template":"","meta":{"_et_pb_use_builder":"on","_et_pb_old_content":"","_et_gb_content_width":"","_joinchat":[],"footnotes":""},"class_list":["post-1287","page","type-page","status-publish","hentry"],"yoast_head":"<!-- This site is optimized with the Yoast SEO Premium plugin v26.6 (Yoast SEO v27.5) - https:\/\/yoast.com\/product\/yoast-seo-premium-wordpress\/ -->\r\n<title>TRAPEX - Cerca de barrera - Centurion Systems<\/title>\r\n<meta name=\"description\" content=\"La cerca de la barrera TRAPEX fuerte, efectiva y dise\u00f1ada para evitar que los peatones esquiven el control de acceso de veh\u00edculos SECTOR Centurion Systems.\" \/>\r\n<meta name=\"robots\" content=\"index, follow, max-snippet:-1, max-image-preview:large, max-video-preview:-1\" \/>\r\n<link rel=\"canonical\" href=\"https:\/\/www.centsys.com\/lat\/trapex-cerca-de-barrera\/\" \/>\r\n<meta property=\"og:locale\" content=\"en_US\" \/>\r\n<meta property=\"og:type\" content=\"article\" \/>\r\n<meta property=\"og:title\" content=\"TRAPEX\" \/>\r\n<meta property=\"og:description\" content=\"La cerca de la barrera TRAPEX fuerte, efectiva y dise\u00f1ada para evitar que los peatones esquiven el control de acceso de veh\u00edculos SECTOR Centurion Systems.\" \/>\r\n<meta property=\"og:url\" content=\"https:\/\/www.centsys.com\/lat\/trapex-cerca-de-barrera\/\" \/>\r\n<meta property=\"og:site_name\" content=\"Centurion Systems Spanish\" \/>\r\n<meta property=\"article:modified_time\" content=\"2024-02-09T08:54:35+00:00\" \/>\r\n<meta property=\"og:image\" content=\"https:\/\/www.centsys.com\/lat\/img\/TRAPEX\/La%20cerca%20de%20la%20barrera%20para%20barreras%20vehiculares%20CENTURION%20TRAPEX..png\" \/>\r\n<meta name=\"twitter:card\" content=\"summary_large_image\" \/>\r\n<meta name=\"twitter:label1\" content=\"Est. reading time\" \/>\n\t<meta name=\"twitter:data1\" content=\"3 minutes\" \/>\r\n<script type=\"application\/ld+json\" class=\"yoast-schema-graph\">{\"@context\":\"https:\\\/\\\/schema.org\",\"@graph\":[{\"@type\":\"WebPage\",\"@id\":\"https:\\\/\\\/www.centsys.com\\\/lat\\\/trapex-cerca-de-barrera\\\/\",\"url\":\"https:\\\/\\\/www.centsys.com\\\/lat\\\/trapex-cerca-de-barrera\\\/\",\"name\":\"TRAPEX - Cerca de barrera - Centurion Systems\",\"isPartOf\":{\"@id\":\"https:\\\/\\\/www.centsys.com\\\/lat\\\/#website\"},\"primaryImageOfPage\":{\"@id\":\"https:\\\/\\\/www.centsys.com\\\/lat\\\/trapex-cerca-de-barrera\\\/#primaryimage\"},\"image\":{\"@id\":\"https:\\\/\\\/www.centsys.com\\\/lat\\\/trapex-cerca-de-barrera\\\/#primaryimage\"},\"thumbnailUrl\":\"https:\\\/\\\/www.centsys.com\\\/lat\\\/img\\\/TRAPEX\\\/La%20cerca%20de%20la%20barrera%20para%20barreras%20vehiculares%20CENTURION%20TRAPEX..png\",\"datePublished\":\"2020-03-09T12:18:01+00:00\",\"dateModified\":\"2024-02-09T08:54:35+00:00\",\"description\":\"La cerca de la barrera TRAPEX fuerte, efectiva y dise\u00f1ada para evitar que los peatones esquiven el control de acceso de veh\u00edculos SECTOR Centurion Systems.\",\"breadcrumb\":{\"@id\":\"https:\\\/\\\/www.centsys.com\\\/lat\\\/trapex-cerca-de-barrera\\\/#breadcrumb\"},\"inLanguage\":\"en-ZA\",\"potentialAction\":[{\"@type\":\"ReadAction\",\"target\":[\"https:\\\/\\\/www.centsys.com\\\/lat\\\/trapex-cerca-de-barrera\\\/\"]}]},{\"@type\":\"ImageObject\",\"inLanguage\":\"en-ZA\",\"@id\":\"https:\\\/\\\/www.centsys.com\\\/lat\\\/trapex-cerca-de-barrera\\\/#primaryimage\",\"url\":\"https:\\\/\\\/www.centsys.com\\\/lat\\\/img\\\/TRAPEX\\\/La%20cerca%20de%20la%20barrera%20para%20barreras%20vehiculares%20CENTURION%20TRAPEX..png\",\"contentUrl\":\"https:\\\/\\\/www.centsys.com\\\/lat\\\/img\\\/TRAPEX\\\/La%20cerca%20de%20la%20barrera%20para%20barreras%20vehiculares%20CENTURION%20TRAPEX..png\"},{\"@type\":\"BreadcrumbList\",\"@id\":\"https:\\\/\\\/www.centsys.com\\\/lat\\\/trapex-cerca-de-barrera\\\/#breadcrumb\",\"itemListElement\":[{\"@type\":\"ListItem\",\"position\":1,\"name\":\"INICIO\",\"item\":\"https:\\\/\\\/www.centsys.com\\\/lat\\\/\"},{\"@type\":\"ListItem\",\"position\":2,\"name\":\"TRAPEX\"}]},{\"@type\":\"WebSite\",\"@id\":\"https:\\\/\\\/www.centsys.com\\\/lat\\\/#website\",\"url\":\"https:\\\/\\\/www.centsys.com\\\/lat\\\/\",\"name\":\"Centurion Systems Spanish\",\"description\":\"Productos para Automatizaci\u00f3n de Acceso\",\"potentialAction\":[{\"@type\":\"SearchAction\",\"target\":{\"@type\":\"EntryPoint\",\"urlTemplate\":\"https:\\\/\\\/www.centsys.com\\\/lat\\\/?s={search_term_string}\"},\"query-input\":{\"@type\":\"PropertyValueSpecification\",\"valueRequired\":true,\"valueName\":\"search_term_string\"}}],\"inLanguage\":\"en-ZA\"}]}<\/script>\r\n<!-- \/ Yoast SEO Premium plugin. -->","yoast_head_json":{"title":"TRAPEX - Cerca de barrera - Centurion Systems","description":"La cerca de la barrera TRAPEX fuerte, efectiva y dise\u00f1ada para evitar que los peatones esquiven el control de acceso de veh\u00edculos SECTOR Centurion Systems.","robots":{"index":"index","follow":"follow","max-snippet":"max-snippet:-1","max-image-preview":"max-image-preview:large","max-video-preview":"max-video-preview:-1"},"canonical":"https:\/\/www.centsys.com\/lat\/trapex-cerca-de-barrera\/","og_locale":"en_US","og_type":"article","og_title":"TRAPEX","og_description":"La cerca de la barrera TRAPEX fuerte, efectiva y dise\u00f1ada para evitar que los peatones esquiven el control de acceso de veh\u00edculos SECTOR Centurion Systems.","og_url":"https:\/\/www.centsys.com\/lat\/trapex-cerca-de-barrera\/","og_site_name":"Centurion Systems Spanish","article_modified_time":"2024-02-09T08:54:35+00:00","og_image":[{"url":"https:\/\/www.centsys.com\/lat\/img\/TRAPEX\/La%20cerca%20de%20la%20barrera%20para%20barreras%20vehiculares%20CENTURION%20TRAPEX..png","type":"","width":"","height":""}],"twitter_card":"summary_large_image","twitter_misc":{"Est. reading time":"3 minutes"},"schema":{"@context":"https:\/\/schema.org","@graph":[{"@type":"WebPage","@id":"https:\/\/www.centsys.com\/lat\/trapex-cerca-de-barrera\/","url":"https:\/\/www.centsys.com\/lat\/trapex-cerca-de-barrera\/","name":"TRAPEX - Cerca de barrera - Centurion Systems","isPartOf":{"@id":"https:\/\/www.centsys.com\/lat\/#website"},"primaryImageOfPage":{"@id":"https:\/\/www.centsys.com\/lat\/trapex-cerca-de-barrera\/#primaryimage"},"image":{"@id":"https:\/\/www.centsys.com\/lat\/trapex-cerca-de-barrera\/#primaryimage"},"thumbnailUrl":"https:\/\/www.centsys.com\/lat\/img\/TRAPEX\/La%20cerca%20de%20la%20barrera%20para%20barreras%20vehiculares%20CENTURION%20TRAPEX..png","datePublished":"2020-03-09T12:18:01+00:00","dateModified":"2024-02-09T08:54:35+00:00","description":"La cerca de la barrera TRAPEX fuerte, efectiva y dise\u00f1ada para evitar que los peatones esquiven el control de acceso de veh\u00edculos SECTOR Centurion Systems.","breadcrumb":{"@id":"https:\/\/www.centsys.com\/lat\/trapex-cerca-de-barrera\/#breadcrumb"},"inLanguage":"en-ZA","potentialAction":[{"@type":"ReadAction","target":["https:\/\/www.centsys.com\/lat\/trapex-cerca-de-barrera\/"]}]},{"@type":"ImageObject","inLanguage":"en-ZA","@id":"https:\/\/www.centsys.com\/lat\/trapex-cerca-de-barrera\/#primaryimage","url":"https:\/\/www.centsys.com\/lat\/img\/TRAPEX\/La%20cerca%20de%20la%20barrera%20para%20barreras%20vehiculares%20CENTURION%20TRAPEX..png","contentUrl":"https:\/\/www.centsys.com\/lat\/img\/TRAPEX\/La%20cerca%20de%20la%20barrera%20para%20barreras%20vehiculares%20CENTURION%20TRAPEX..png"},{"@type":"BreadcrumbList","@id":"https:\/\/www.centsys.com\/lat\/trapex-cerca-de-barrera\/#breadcrumb","itemListElement":[{"@type":"ListItem","position":1,"name":"INICIO","item":"https:\/\/www.centsys.com\/lat\/"},{"@type":"ListItem","position":2,"name":"TRAPEX"}]},{"@type":"WebSite","@id":"https:\/\/www.centsys.com\/lat\/#website","url":"https:\/\/www.centsys.com\/lat\/","name":"Centurion Systems Spanish","description":"Productos para Automatizaci\u00f3n de Acceso","potentialAction":[{"@type":"SearchAction","target":{"@type":"EntryPoint","urlTemplate":"https:\/\/www.centsys.com\/lat\/?s={search_term_string}"},"query-input":{"@type":"PropertyValueSpecification","valueRequired":true,"valueName":"search_term_string"}}],"inLanguage":"en-ZA"}]}},"_links":{"self":[{"href":"https:\/\/www.centsys.com\/lat\/wp-json\/wp\/v2\/pages\/1287","targetHints":{"allow":["GET"]}}],"collection":[{"href":"https:\/\/www.centsys.com\/lat\/wp-json\/wp\/v2\/pages"}],"about":[{"href":"https:\/\/www.centsys.com\/lat\/wp-json\/wp\/v2\/types\/page"}],"author":[{"embeddable":true,"href":"https:\/\/www.centsys.com\/lat\/wp-json\/wp\/v2\/users\/1"}],"replies":[{"embeddable":true,"href":"https:\/\/www.centsys.com\/lat\/wp-json\/wp\/v2\/comments?post=1287"}],"version-history":[{"count":0,"href":"https:\/\/www.centsys.com\/lat\/wp-json\/wp\/v2\/pages\/1287\/revisions"}],"wp:attachment":[{"href":"https:\/\/www.centsys.com\/lat\/wp-json\/wp\/v2\/media?parent=1287"}],"curies":[{"name":"wp","href":"https:\/\/api.w.org\/{rel}","templated":true}]}}