{"id":1298,"date":"2020-03-09T12:25:18","date_gmt":"2020-03-09T12:25:18","guid":{"rendered":"http:\/\/centsys.co.za\/lat\/?page_id=1298"},"modified":"2024-02-09T10:55:17","modified_gmt":"2024-02-09T08:55:17","slug":"semaforo-midi","status":"publish","type":"page","link":"https:\/\/www.centsys.com\/lat\/semaforo-midi\/","title":{"rendered":"Sem\u00e1foro midi"},"content":{"rendered":"<p>[et_pb_section fb_built=&#8221;1&#8243; fullwidth=&#8221;on&#8221; _builder_version=&#8221;4.16&#8243; global_colors_info=&#8221;{}&#8221;][et_pb_fullwidth_image src=&#8221;https:\/\/www.centsys.com\/lat\/img\/Semaforo%20MIDI\/Sem%C3%A1foro%20de%20trafico%20vehicular%20CENTURION%20Midi.jpg&#8221; _builder_version=&#8221;4.16&#8243; global_colors_info=&#8221;{}&#8221;][\/et_pb_fullwidth_image][\/et_pb_section][et_pb_section fb_built=&#8221;1&#8243; fullwidth=&#8221;on&#8221; _builder_version=&#8221;4.9.2&#8243; global_module=&#8221;4804&#8243; global_colors_info=&#8221;{}&#8221;][et_pb_fullwidth_code admin_label=&#8221;SEO BREADCRUMBS&#8221; _builder_version=&#8221;4.16&#8243; _module_preset=&#8221;default&#8221; background_color=&#8221;#e5e5e5&#8243; custom_padding=&#8221;|||15%|false|false&#8221; global_colors_info=&#8221;{}&#8221;]<span><span><a href=\"https:\/\/www.centsys.com\/lat\/\">INICIO<\/a><\/span><\/span>[\/et_pb_fullwidth_code][\/et_pb_section][et_pb_section fb_built=&#8221;1&#8243; _builder_version=&#8221;4.16&#8243; global_colors_info=&#8221;{}&#8221;][et_pb_row _builder_version=&#8221;4.16&#8243; custom_padding=&#8221;||0px|||&#8221; global_colors_info=&#8221;{}&#8221;][et_pb_column type=&#8221;4_4&#8243; _builder_version=&#8221;4.16&#8243; global_colors_info=&#8221;{}&#8221;][et_pb_image src=&#8221;https:\/\/www.centsys.com\/lat\/img\/Semaforo%20MIDI\/Sem%C3%A1foro%20de%20trafico%20vehicular%20CENTURION%20Midi..jpg&#8221; align=&#8221;center&#8221; _builder_version=&#8221;4.16&#8243; global_colors_info=&#8221;{}&#8221;][\/et_pb_image][\/et_pb_column][\/et_pb_row][et_pb_row column_structure=&#8221;2_3,1_3&#8243; _builder_version=&#8221;4.16&#8243; locked=&#8221;off&#8221; global_colors_info=&#8221;{}&#8221;][et_pb_column type=&#8221;2_3&#8243; _builder_version=&#8221;4.16&#8243; global_colors_info=&#8221;{}&#8221;][et_pb_text _builder_version=&#8221;4.16&#8243; header_5_font=&#8221;|||on|||||&#8221; global_colors_info=&#8221;{}&#8221;]<\/p>\n<h1>SEM\u00c1FORO MIDI<\/h1>\n<p>Si usted est\u00e1 cansado de que pasen a trav\u00e9s de sus barreras de tr\u00e1fico o de que choquen contra de ellas, es el momento de recurrir a algo m\u00e1s confiable y conocido, un sem\u00e1foro.<\/p>\n<p>El <strong>Sem\u00e1foro Midi de CENTURION<\/strong> es la soluci\u00f3n altamente efectiva en el control de tr\u00e1fico vehicular el cual se integra eficientemente con cualquier sistema automatizado, incluyendo nuestras barreras SECTOR para tr\u00e1fico de gran volumen y los picos para calzada CLAWS; suministra indicaci\u00f3n visual a los veh\u00edculos sobre cu\u00e1ndo es seguro proceder hacia o desde un \u00e1rea de acceso controlado que usted conoce, sin da\u00f1ar sus neum\u00e1ticos.<\/p>\n<p>Una agrupaci\u00f3n de LEDs de alta calidad asegura que el estado de la salida \u2013verde o roja\u2013 sea claramente visible tanto en condiciones de iluminaci\u00f3n normales como en baja visibilidad, con un relevador de interfaz para ahorrarle a usted el esfuerzo. El s<strong>em\u00e1foro Midi de CENTURION<\/strong> es tan f\u00e1cil de instalar.<\/p>\n<p>Disponible en dos configuraciones, montaje en pedestal para su instalaci\u00f3n en las barreras de tr\u00e1fico o el montaje de pared para uso en casi todos los otros sistemas automatizados.<\/p>\n<p>&nbsp;<\/p>\n<h5>CARACTER\u00cdSTICAS PRINCIPALES:<\/h5>\n<ul>\n<li>Disponibilidad montaje en pedestal o en pared, permitiendo que el sem\u00e1foro se use con barreas de tr\u00e1fico, puertas corredizas o cualquier sistema de acceso automatizado.<\/li>\n<li>Ensamblaje excepcionalmente sencillo.<\/li>\n<li>Vida \u00fatil de aproximadamente 50.000 horas.<\/li>\n<li>Rango de voltaje de alimentaci\u00f3n flexible.<\/li>\n<li>Construcci\u00f3n duradera en aluminio.<\/li>\n<li>Dise\u00f1o compacto.<\/li>\n<li>LEDs de alta calidad visibles en luz de d\u00eda y en condiciones de baja luminosidad.<\/li>\n<li>Bajo consumo de energ\u00eda, menos de 6 vatios.<\/li>\n<li>Abrazaderas de mariposa que permiten el desplazamiento del sem\u00e1foro a derecha e izquierda.<\/li>\n<\/ul>\n<p>[\/et_pb_text][\/et_pb_column][et_pb_column type=&#8221;1_3&#8243; _builder_version=&#8221;4.16&#8243; global_colors_info=&#8221;{}&#8221;][et_pb_image src=&#8221;https:\/\/www.centsys.com\/lat\/img\/Semaforo%20MIDI\/Sem%C3%A1foro%20de%20trafico%20vehicular%20CENTURION%20Midi&#8230;jpg&#8221; _builder_version=&#8221;4.16&#8243; custom_padding=&#8221;||||false|false&#8221; global_colors_info=&#8221;{}&#8221;][\/et_pb_image][\/et_pb_column][\/et_pb_row][\/et_pb_section][et_pb_section fb_built=&#8221;1&#8243; fullwidth=&#8221;on&#8221; admin_label=&#8221;THIS IS THE MID SECTION BANNER SITE WIDE&#8221; _builder_version=&#8221;4.23.1&#8243; _module_preset=&#8221;default&#8221; global_colors_info=&#8221;{}&#8221; global_module=&#8221;24415&#8243; theme_builder_area=&#8221;post_content&#8221;][et_pb_fullwidth_image src=&#8221;https:\/\/www.centsys.com\/mx\/img\/MY%20CENTSYS%20PRO%20Banners\/la%20aplicaci%C3%B3n%20m%C3%B3vil%20MyCentsys%20Pro_Web%20Footer.jpg&#8221; url=&#8221;https:\/\/www.centsys.com\/lat\/la-aplicacion-centurion-mycentsys-pro\/&#8221; admin_label=&#8221;FOOTER_SITE WIDE&#8221; _builder_version=&#8221;4.24.0&#8243; _module_preset=&#8221;default&#8221; global_colors_info=&#8221;{}&#8221; theme_builder_area=&#8221;post_content&#8221;][\/et_pb_fullwidth_image][et_pb_fullwidth_header button_one_text=&#8221;Cont\u00e1ctenos&#8221; button_one_url=&#8221;https:\/\/www.centsys.com\/lat\/detalles-de-contacto\/&#8221; button_two_text=&#8221;Soporte t\u00e9cnico&#8221; button_two_url=&#8221;https:\/\/www.centsys.com\/lat\/centro-de-llamadas\/&#8221; _builder_version=&#8221;4.23.1&#8243; _module_preset=&#8221;default&#8221; background_color=&#8221;#c1c1c1&#8243; custom_button_one=&#8221;on&#8221; button_one_text_color=&#8221;#FFFFFF&#8221; button_one_bg_color=&#8221;#999999&#8243; button_one_border_color=&#8221;#8e8e8e&#8221; custom_button_two=&#8221;on&#8221; button_two_text_color=&#8221;#FFFFFF&#8221; button_two_bg_color=&#8221;#999999&#8243; button_two_border_color=&#8221;#8e8e8e&#8221; custom_padding=&#8221;6px||17px|||&#8221; global_colors_info=&#8221;{}&#8221; theme_builder_area=&#8221;post_content&#8221;][\/et_pb_fullwidth_header][\/et_pb_section]<\/p>\n","protected":false},"excerpt":{"rendered":"<p><span><span><a href=\"https:\/\/www.centsys.com\/lat\/\">INICIO<\/a><\/span><\/span>SEM\u00c1FORO MIDI Si usted est\u00e1 cansado de que pasen a trav\u00e9s de sus barreras de tr\u00e1fico o de que choquen contra de ellas, es el momento de recurrir a algo m\u00e1s confiable y conocido, un sem\u00e1foro. El Sem\u00e1foro Midi de CENTURION es la soluci\u00f3n altamente efectiva en el control de tr\u00e1fico vehicular el cual se [&hellip;]<\/p>\n","protected":false},"author":1,"featured_media":0,"parent":0,"menu_order":0,"comment_status":"closed","ping_status":"closed","template":"","meta":{"_et_pb_use_builder":"on","_et_pb_old_content":"","_et_gb_content_width":"","_joinchat":[],"footnotes":""},"class_list":["post-1298","page","type-page","status-publish","hentry"],"yoast_head":"<!-- This site is optimized with the Yoast SEO Premium plugin v26.6 (Yoast SEO v27.3) - https:\/\/yoast.com\/product\/yoast-seo-premium-wordpress\/ -->\r\n<title>Sem\u00e1foro Midi - Centurion Systems<\/title>\r\n<meta name=\"description\" content=\"El Sem\u00e1foro midi de CENTURION es una soluci\u00f3n efectiva para control de tr\u00e1fico usando cualquier sistema automatizado.\" \/>\r\n<meta name=\"robots\" content=\"index, follow, max-snippet:-1, max-image-preview:large, max-video-preview:-1\" \/>\r\n<link rel=\"canonical\" href=\"https:\/\/www.centsys.com\/lat\/semaforo-midi\/\" \/>\r\n<meta property=\"og:locale\" content=\"en_US\" \/>\r\n<meta property=\"og:type\" content=\"article\" \/>\r\n<meta property=\"og:title\" content=\"Sem\u00e1foro midi\" \/>\r\n<meta property=\"og:description\" content=\"El Sem\u00e1foro midi de CENTURION es una soluci\u00f3n efectiva para control de tr\u00e1fico usando cualquier sistema automatizado.\" \/>\r\n<meta property=\"og:url\" content=\"https:\/\/www.centsys.com\/lat\/semaforo-midi\/\" \/>\r\n<meta property=\"og:site_name\" content=\"Centurion Systems Spanish\" \/>\r\n<meta property=\"article:modified_time\" content=\"2024-02-09T08:55:17+00:00\" \/>\r\n<meta name=\"twitter:card\" content=\"summary_large_image\" \/>\r\n<meta name=\"twitter:label1\" content=\"Est. reading time\" \/>\n\t<meta name=\"twitter:data1\" content=\"2 minutes\" \/>\r\n<script type=\"application\/ld+json\" class=\"yoast-schema-graph\">{\"@context\":\"https:\\\/\\\/schema.org\",\"@graph\":[{\"@type\":\"WebPage\",\"@id\":\"https:\\\/\\\/www.centsys.com\\\/lat\\\/semaforo-midi\\\/\",\"url\":\"https:\\\/\\\/www.centsys.com\\\/lat\\\/semaforo-midi\\\/\",\"name\":\"Sem\u00e1foro Midi - Centurion Systems\",\"isPartOf\":{\"@id\":\"https:\\\/\\\/www.centsys.com\\\/lat\\\/#website\"},\"datePublished\":\"2020-03-09T12:25:18+00:00\",\"dateModified\":\"2024-02-09T08:55:17+00:00\",\"description\":\"El Sem\u00e1foro midi de CENTURION es una soluci\u00f3n efectiva para control de tr\u00e1fico usando cualquier sistema automatizado.\",\"breadcrumb\":{\"@id\":\"https:\\\/\\\/www.centsys.com\\\/lat\\\/semaforo-midi\\\/#breadcrumb\"},\"inLanguage\":\"en-ZA\",\"potentialAction\":[{\"@type\":\"ReadAction\",\"target\":[\"https:\\\/\\\/www.centsys.com\\\/lat\\\/semaforo-midi\\\/\"]}]},{\"@type\":\"BreadcrumbList\",\"@id\":\"https:\\\/\\\/www.centsys.com\\\/lat\\\/semaforo-midi\\\/#breadcrumb\",\"itemListElement\":[{\"@type\":\"ListItem\",\"position\":1,\"name\":\"INICIO\",\"item\":\"https:\\\/\\\/www.centsys.com\\\/lat\\\/\"},{\"@type\":\"ListItem\",\"position\":2,\"name\":\"Sem\u00e1foro midi\"}]},{\"@type\":\"WebSite\",\"@id\":\"https:\\\/\\\/www.centsys.com\\\/lat\\\/#website\",\"url\":\"https:\\\/\\\/www.centsys.com\\\/lat\\\/\",\"name\":\"Centurion Systems Spanish\",\"description\":\"Productos para Automatizaci\u00f3n de Acceso\",\"potentialAction\":[{\"@type\":\"SearchAction\",\"target\":{\"@type\":\"EntryPoint\",\"urlTemplate\":\"https:\\\/\\\/www.centsys.com\\\/lat\\\/?s={search_term_string}\"},\"query-input\":{\"@type\":\"PropertyValueSpecification\",\"valueRequired\":true,\"valueName\":\"search_term_string\"}}],\"inLanguage\":\"en-ZA\"}]}<\/script>\r\n<!-- \/ Yoast SEO Premium plugin. -->","yoast_head_json":{"title":"Sem\u00e1foro Midi - Centurion Systems","description":"El Sem\u00e1foro midi de CENTURION es una soluci\u00f3n efectiva para control de tr\u00e1fico usando cualquier sistema automatizado.","robots":{"index":"index","follow":"follow","max-snippet":"max-snippet:-1","max-image-preview":"max-image-preview:large","max-video-preview":"max-video-preview:-1"},"canonical":"https:\/\/www.centsys.com\/lat\/semaforo-midi\/","og_locale":"en_US","og_type":"article","og_title":"Sem\u00e1foro midi","og_description":"El Sem\u00e1foro midi de CENTURION es una soluci\u00f3n efectiva para control de tr\u00e1fico usando cualquier sistema automatizado.","og_url":"https:\/\/www.centsys.com\/lat\/semaforo-midi\/","og_site_name":"Centurion Systems Spanish","article_modified_time":"2024-02-09T08:55:17+00:00","twitter_card":"summary_large_image","twitter_misc":{"Est. reading time":"2 minutes"},"schema":{"@context":"https:\/\/schema.org","@graph":[{"@type":"WebPage","@id":"https:\/\/www.centsys.com\/lat\/semaforo-midi\/","url":"https:\/\/www.centsys.com\/lat\/semaforo-midi\/","name":"Sem\u00e1foro Midi - Centurion Systems","isPartOf":{"@id":"https:\/\/www.centsys.com\/lat\/#website"},"datePublished":"2020-03-09T12:25:18+00:00","dateModified":"2024-02-09T08:55:17+00:00","description":"El Sem\u00e1foro midi de CENTURION es una soluci\u00f3n efectiva para control de tr\u00e1fico usando cualquier sistema automatizado.","breadcrumb":{"@id":"https:\/\/www.centsys.com\/lat\/semaforo-midi\/#breadcrumb"},"inLanguage":"en-ZA","potentialAction":[{"@type":"ReadAction","target":["https:\/\/www.centsys.com\/lat\/semaforo-midi\/"]}]},{"@type":"BreadcrumbList","@id":"https:\/\/www.centsys.com\/lat\/semaforo-midi\/#breadcrumb","itemListElement":[{"@type":"ListItem","position":1,"name":"INICIO","item":"https:\/\/www.centsys.com\/lat\/"},{"@type":"ListItem","position":2,"name":"Sem\u00e1foro midi"}]},{"@type":"WebSite","@id":"https:\/\/www.centsys.com\/lat\/#website","url":"https:\/\/www.centsys.com\/lat\/","name":"Centurion Systems Spanish","description":"Productos para Automatizaci\u00f3n de Acceso","potentialAction":[{"@type":"SearchAction","target":{"@type":"EntryPoint","urlTemplate":"https:\/\/www.centsys.com\/lat\/?s={search_term_string}"},"query-input":{"@type":"PropertyValueSpecification","valueRequired":true,"valueName":"search_term_string"}}],"inLanguage":"en-ZA"}]}},"_links":{"self":[{"href":"https:\/\/www.centsys.com\/lat\/wp-json\/wp\/v2\/pages\/1298","targetHints":{"allow":["GET"]}}],"collection":[{"href":"https:\/\/www.centsys.com\/lat\/wp-json\/wp\/v2\/pages"}],"about":[{"href":"https:\/\/www.centsys.com\/lat\/wp-json\/wp\/v2\/types\/page"}],"author":[{"embeddable":true,"href":"https:\/\/www.centsys.com\/lat\/wp-json\/wp\/v2\/users\/1"}],"replies":[{"embeddable":true,"href":"https:\/\/www.centsys.com\/lat\/wp-json\/wp\/v2\/comments?post=1298"}],"version-history":[{"count":0,"href":"https:\/\/www.centsys.com\/lat\/wp-json\/wp\/v2\/pages\/1298\/revisions"}],"wp:attachment":[{"href":"https:\/\/www.centsys.com\/lat\/wp-json\/wp\/v2\/media?parent=1298"}],"curies":[{"name":"wp","href":"https:\/\/api.w.org\/{rel}","templated":true}]}}