{"id":142,"date":"2020-03-03T10:41:18","date_gmt":"2020-03-03T10:41:18","guid":{"rendered":"http:\/\/centsys.co.za\/lat\/?page_id=142"},"modified":"2024-02-15T12:51:54","modified_gmt":"2024-02-15T10:51:54","slug":"software-para-dispositivos","status":"publish","type":"page","link":"https:\/\/www.centsys.com\/lat\/software-para-dispositivos\/","title":{"rendered":"Software para dispositivos"},"content":{"rendered":"<p>[et_pb_section fb_built=&#8221;1&#8243; fullwidth=&#8221;on&#8221; _builder_version=&#8221;4.16&#8243; global_colors_info=&#8221;{}&#8221;][et_pb_fullwidth_image src=&#8221;https:\/\/www.centsys.com\/lat\/img\/Software%20para%20dispositivos\/Centurion%20Systems%20-%20%20Mejoramos%20constantemente%20nuestros%20productor%20para%20usted.jpg&#8221; _builder_version=&#8221;4.16&#8243; global_colors_info=&#8221;{}&#8221;][\/et_pb_fullwidth_image][\/et_pb_section][et_pb_section fb_built=&#8221;1&#8243; fullwidth=&#8221;on&#8221; _builder_version=&#8221;4.9.2&#8243; global_module=&#8221;4804&#8243; global_colors_info=&#8221;{}&#8221;][et_pb_fullwidth_code admin_label=&#8221;SEO BREADCRUMBS&#8221; _builder_version=&#8221;4.16&#8243; _module_preset=&#8221;default&#8221; background_color=&#8221;#e5e5e5&#8243; custom_padding=&#8221;|||15%|false|false&#8221; global_colors_info=&#8221;{}&#8221;]<span><span><a href=\"https:\/\/www.centsys.com\/lat\/\">INICIO<\/a><\/span><\/span>[\/et_pb_fullwidth_code][\/et_pb_section][et_pb_section fb_built=&#8221;1&#8243; _builder_version=&#8221;4.16&#8243; global_colors_info=&#8221;{}&#8221;][et_pb_row _builder_version=&#8221;4.16&#8243; global_colors_info=&#8221;{}&#8221;][et_pb_column type=&#8221;4_4&#8243; _builder_version=&#8221;4.16&#8243; global_colors_info=&#8221;{}&#8221;][et_pb_text _builder_version=&#8221;4.16&#8243; header_5_font=&#8221;|||on|||||&#8221; global_colors_info=&#8221;{}&#8221;]<\/p>\n<h1 style=\"text-align: center;\">SOFTWARE PARA DISPOSITIVOS<\/h1>\n<h5>Esta descarga contiene:<\/h5>\n<ul>\n<li>Todos los archivos de instalaci\u00f3n requeridos para instalar LatticeWare en un computador (soporta Windows 7 de 32 bits y 64 bits, y versiones anteriores)<\/li>\n<li>.Net Framework v4.0<\/li>\n<li>Controladores para el dispositivo USB Take-Up Head<\/li>\n<\/ul>\n<h5>\u00bfQU\u00c9 HAY DE NUEVO EN ESTA VERSI\u00d3N?<\/h5>\n<ul>\n<li>Mejoras en los reportes que permiten el registro de acuerdo a fecha definida por el usuario<\/li>\n<li>Mejoras en la interfaz de restricci\u00f3n de tiempo<\/li>\n<li>Correcci\u00f3n de errores desde 1.0.5<\/li>\n<\/ul>\n<p>[\/et_pb_text][\/et_pb_column][\/et_pb_row][et_pb_row _builder_version=&#8221;4.16&#8243; custom_padding=&#8221;||0px||false|false&#8221; global_colors_info=&#8221;{}&#8221;][et_pb_column type=&#8221;4_4&#8243; _builder_version=&#8221;4.16&#8243; global_colors_info=&#8221;{}&#8221;][et_pb_button url_new_window=&#8221;on&#8221; button_text=&#8221;Descarga de LatticeWARE para instalaci\u00f3n completa (161 MB)&#8221; button_alignment=&#8221;center&#8221; _builder_version=&#8221;4.16&#8243; global_colors_info=&#8221;{}&#8221;][\/et_pb_button][\/et_pb_column][\/et_pb_row][\/et_pb_section][et_pb_section fb_built=&#8221;1&#8243; _builder_version=&#8221;4.16&#8243; custom_padding=&#8221;0px|||||&#8221; global_colors_info=&#8221;{}&#8221;][et_pb_row _builder_version=&#8221;4.16&#8243; global_colors_info=&#8221;{}&#8221;][et_pb_column type=&#8221;4_4&#8243; _builder_version=&#8221;4.16&#8243; global_colors_info=&#8221;{}&#8221;][et_pb_text _builder_version=&#8221;4.16&#8243; header_5_font=&#8221;|||on|||||&#8221; global_colors_info=&#8221;{}&#8221;]<\/p>\n<h2 style=\"text-align: center;\">Descarga del Software para el Bootloader<\/h2>\n<p style=\"text-align: center;\">El programa Bootloader es compatible con las versiones de 32 y 64 bits de Windows XP, Windows Vista y Windows 7.<\/p>\n<h5>\u00a0<\/h5>\n<h5>Esta descarga incluye:<\/h5>\n<ul>\n<li>Todos los archivos requeridos para instalar Bootloader en un computador<\/li>\n<li>Controladores para el dispositivo USB del Bootloader<\/li>\n<li>.Net Framework v2.0 SP2 es descargado autom\u00e1ticamente por el instalador, de ser requerido<\/li>\n<li>El instalador para Windows es descargado autom\u00e1ticamente por el instalador, de ser requerido<\/li>\n<\/ul>\n<p>[\/et_pb_text][\/et_pb_column][\/et_pb_row][et_pb_row _builder_version=&#8221;4.16&#8243; custom_padding=&#8221;||0px||false|false&#8221; global_colors_info=&#8221;{}&#8221;][et_pb_column type=&#8221;4_4&#8243; _builder_version=&#8221;4.16&#8243; global_colors_info=&#8221;{}&#8221;][et_pb_button url_new_window=&#8221;on&#8221; button_text=&#8221;Descarga de Bootloader v1.2.0.0.0 (instalaci\u00f3n WEB) (7MB)&#8221; button_alignment=&#8221;center&#8221; _builder_version=&#8221;4.16&#8243; global_colors_info=&#8221;{}&#8221;][\/et_pb_button][et_pb_text _builder_version=&#8221;4.16&#8243; header_5_font=&#8221;|||on|||||&#8221; global_colors_info=&#8221;{}&#8221;]<\/p>\n<h5>Esta descarga incluye:<\/h5>\n<ul>\n<li>Todos los archivos requeridos para instalar Bootloader en un computador<\/li>\n<li>.Net Framework v2.0 SP2<\/li>\n<li>Controladores para el dispositivo USB del Bootloader<\/li>\n<\/ul>\n<p>[\/et_pb_text][et_pb_button url_new_window=&#8221;on&#8221; button_text=&#8221;Descarga de Bootloader v1.2.0.0 (instalaci\u00f3n completa) (48 MB)&#8221; button_alignment=&#8221;center&#8221; _builder_version=&#8221;4.16&#8243; global_colors_info=&#8221;{}&#8221;][\/et_pb_button][et_pb_button url_new_window=&#8221;on&#8221; button_text=&#8221;Descarga de los controladores del dispositivo USB para la interfaz del Bootloader (5 MB)&#8221; button_alignment=&#8221;center&#8221; _builder_version=&#8221;4.16&#8243; global_colors_info=&#8221;{}&#8221;][\/et_pb_button][et_pb_button url_new_window=&#8221;on&#8221; button_text=&#8221;Descarga del archivo ReadMe: como actualizar su controlador de dispositivo USB Bootloader (664 MB)&#8221; button_alignment=&#8221;center&#8221; _builder_version=&#8221;4.16&#8243; global_colors_info=&#8221;{}&#8221;][\/et_pb_button][\/et_pb_column][\/et_pb_row][\/et_pb_section][et_pb_section fb_built=&#8221;1&#8243; _builder_version=&#8221;4.16&#8243; custom_padding=&#8221;0px|||||&#8221; global_colors_info=&#8221;{}&#8221;][et_pb_row _builder_version=&#8221;4.16&#8243; global_colors_info=&#8221;{}&#8221;][et_pb_column type=&#8221;4_4&#8243; _builder_version=&#8221;4.16&#8243; global_colors_info=&#8221;{}&#8221;][et_pb_text _builder_version=&#8221;4.16&#8243; header_5_font=&#8221;|||on|||||&#8221; global_colors_info=&#8221;{}&#8221;]<\/p>\n<h1 style=\"text-align: center;\">DESCARGA DEL SOFTWARE VIRDI<\/h1>\n<h5>Esta descarga incluye:<\/h5>\n<ul>\n<li>Todos los archivos requeridos para instalar ViRDI UNIS en un computador<\/li>\n<\/ul>\n<p>[\/et_pb_text][\/et_pb_column][\/et_pb_row][et_pb_row _builder_version=&#8221;4.16&#8243; custom_padding=&#8221;||0px||false|false&#8221; global_colors_info=&#8221;{}&#8221;][et_pb_column type=&#8221;4_4&#8243; _builder_version=&#8221;4.16&#8243; global_colors_info=&#8221;{}&#8221;][et_pb_button url_new_window=&#8221;on&#8221; button_text=&#8221;Descarga del programa ViRDI UNIS v2.8.1 (30 MB)&#8221; button_alignment=&#8221;center&#8221; _builder_version=&#8221;4.16&#8243; global_colors_info=&#8221;{}&#8221;][\/et_pb_button][\/et_pb_column][\/et_pb_row][\/et_pb_section][et_pb_section fb_built=&#8221;1&#8243; _builder_version=&#8221;4.16&#8243; custom_padding=&#8221;0px|||||&#8221; global_colors_info=&#8221;{}&#8221;][et_pb_row _builder_version=&#8221;4.16&#8243; custom_padding=&#8221;0px|||||&#8221; global_colors_info=&#8221;{}&#8221;][et_pb_column type=&#8221;4_4&#8243; _builder_version=&#8221;4.16&#8243; global_colors_info=&#8221;{}&#8221;][et_pb_text _builder_version=&#8221;4.16&#8243; text_orientation=&#8221;center&#8221; global_colors_info=&#8221;{}&#8221;]<\/p>\n<p><em><img loading=\"lazy\" decoding=\"async\" class=\"size-medium alignnone\" src=\"https:\/\/www.centsys.com\/lat\/img\/Software para dispositivos\/Obtenga el lector ADOBE.png\" alt=\"Obtenga el lector ADOBE\" width=\"115\" height=\"44\" \/>\u00a0<\/em><em>El Adobe Reader es descargado autom\u00e1ticamente por el instalador, de ser requerido.<\/em><\/p>\n<p>[\/et_pb_text][\/et_pb_column][\/et_pb_row][\/et_pb_section][et_pb_section fb_built=&#8221;1&#8243; fullwidth=&#8221;on&#8221; admin_label=&#8221;THIS IS THE MID SECTION BANNER SITE WIDE&#8221; _builder_version=&#8221;4.23.1&#8243; _module_preset=&#8221;default&#8221; global_colors_info=&#8221;{}&#8221; global_module=&#8221;24415&#8243; theme_builder_area=&#8221;post_content&#8221;][et_pb_fullwidth_image src=&#8221;https:\/\/www.centsys.com\/mx\/img\/MY%20CENTSYS%20PRO%20Banners\/la%20aplicaci%C3%B3n%20m%C3%B3vil%20MyCentsys%20Pro_Web%20Footer.jpg&#8221; url=&#8221;https:\/\/www.centsys.com\/lat\/la-aplicacion-centurion-mycentsys-pro\/&#8221; admin_label=&#8221;FOOTER_SITE WIDE&#8221; _builder_version=&#8221;4.24.0&#8243; _module_preset=&#8221;default&#8221; global_colors_info=&#8221;{}&#8221; theme_builder_area=&#8221;post_content&#8221;][\/et_pb_fullwidth_image][et_pb_fullwidth_header button_one_text=&#8221;Cont\u00e1ctenos&#8221; button_one_url=&#8221;https:\/\/www.centsys.com\/lat\/detalles-de-contacto\/&#8221; button_two_text=&#8221;Soporte t\u00e9cnico&#8221; button_two_url=&#8221;https:\/\/www.centsys.com\/lat\/centro-de-llamadas\/&#8221; _builder_version=&#8221;4.23.1&#8243; _module_preset=&#8221;default&#8221; background_color=&#8221;#c1c1c1&#8243; custom_button_one=&#8221;on&#8221; button_one_text_color=&#8221;#FFFFFF&#8221; button_one_bg_color=&#8221;#999999&#8243; button_one_border_color=&#8221;#8e8e8e&#8221; custom_button_two=&#8221;on&#8221; button_two_text_color=&#8221;#FFFFFF&#8221; button_two_bg_color=&#8221;#999999&#8243; button_two_border_color=&#8221;#8e8e8e&#8221; custom_padding=&#8221;6px||17px|||&#8221; global_colors_info=&#8221;{}&#8221; theme_builder_area=&#8221;post_content&#8221;][\/et_pb_fullwidth_header][\/et_pb_section]<\/p>\n","protected":false},"excerpt":{"rendered":"<p><span><span><a href=\"https:\/\/www.centsys.com\/lat\/\">INICIO<\/a><\/span><\/span>SOFTWARE PARA DISPOSITIVOS Esta descarga contiene: Todos los archivos de instalaci\u00f3n requeridos para instalar LatticeWare en un computador (soporta Windows 7 de 32 bits y 64 bits, y versiones anteriores) .Net Framework v4.0 Controladores para el dispositivo USB Take-Up Head \u00bfQU\u00c9 HAY DE NUEVO EN ESTA VERSI\u00d3N? Mejoras en los reportes que permiten el registro [&hellip;]<\/p>\n","protected":false},"author":1,"featured_media":0,"parent":0,"menu_order":0,"comment_status":"closed","ping_status":"closed","template":"","meta":{"_et_pb_use_builder":"on","_et_pb_old_content":"","_et_gb_content_width":"","_joinchat":[],"footnotes":""},"class_list":["post-142","page","type-page","status-publish","hentry"],"yoast_head":"<!-- This site is optimized with the Yoast SEO Premium plugin v26.6 (Yoast SEO v27.5) - https:\/\/yoast.com\/product\/yoast-seo-premium-wordpress\/ -->\r\n<title>Software para dispositivos - Centurion Systems<\/title>\r\n<meta name=\"description\" content=\"Descarga gratuita de software CENTURION mantenga actualizado su motor de puerta CENTURION o su soluci\u00f3n de automatizaci\u00f3n de acceso con el \u00faltimo firmware.\" \/>\r\n<meta name=\"robots\" content=\"index, follow, max-snippet:-1, max-image-preview:large, max-video-preview:-1\" \/>\r\n<link rel=\"canonical\" href=\"https:\/\/www.centsys.com\/lat\/software-para-dispositivos\/\" \/>\r\n<meta property=\"og:locale\" content=\"en_US\" \/>\r\n<meta property=\"og:type\" content=\"article\" \/>\r\n<meta property=\"og:title\" content=\"Software para dispositivos\" \/>\r\n<meta property=\"og:description\" content=\"Descarga gratuita de software CENTURION mantenga actualizado su motor de puerta CENTURION o su soluci\u00f3n de automatizaci\u00f3n de acceso con el \u00faltimo firmware.\" \/>\r\n<meta property=\"og:url\" content=\"https:\/\/www.centsys.com\/lat\/software-para-dispositivos\/\" \/>\r\n<meta property=\"og:site_name\" content=\"Centurion Systems Spanish\" \/>\r\n<meta property=\"article:modified_time\" content=\"2024-02-15T10:51:54+00:00\" \/>\r\n<meta name=\"twitter:card\" content=\"summary_large_image\" \/>\r\n<meta name=\"twitter:label1\" content=\"Est. reading time\" \/>\n\t<meta name=\"twitter:data1\" content=\"2 minutes\" \/>\r\n<script type=\"application\/ld+json\" class=\"yoast-schema-graph\">{\"@context\":\"https:\\\/\\\/schema.org\",\"@graph\":[{\"@type\":\"WebPage\",\"@id\":\"https:\\\/\\\/www.centsys.com\\\/lat\\\/software-para-dispositivos\\\/\",\"url\":\"https:\\\/\\\/www.centsys.com\\\/lat\\\/software-para-dispositivos\\\/\",\"name\":\"Software para dispositivos - Centurion Systems\",\"isPartOf\":{\"@id\":\"https:\\\/\\\/www.centsys.com\\\/lat\\\/#website\"},\"datePublished\":\"2020-03-03T10:41:18+00:00\",\"dateModified\":\"2024-02-15T10:51:54+00:00\",\"description\":\"Descarga gratuita de software CENTURION mantenga actualizado su motor de puerta CENTURION o su soluci\u00f3n de automatizaci\u00f3n de acceso con el \u00faltimo firmware.\",\"breadcrumb\":{\"@id\":\"https:\\\/\\\/www.centsys.com\\\/lat\\\/software-para-dispositivos\\\/#breadcrumb\"},\"inLanguage\":\"en-ZA\",\"potentialAction\":[{\"@type\":\"ReadAction\",\"target\":[\"https:\\\/\\\/www.centsys.com\\\/lat\\\/software-para-dispositivos\\\/\"]}]},{\"@type\":\"BreadcrumbList\",\"@id\":\"https:\\\/\\\/www.centsys.com\\\/lat\\\/software-para-dispositivos\\\/#breadcrumb\",\"itemListElement\":[{\"@type\":\"ListItem\",\"position\":1,\"name\":\"INICIO\",\"item\":\"https:\\\/\\\/www.centsys.com\\\/lat\\\/\"},{\"@type\":\"ListItem\",\"position\":2,\"name\":\"Software para dispositivos\"}]},{\"@type\":\"WebSite\",\"@id\":\"https:\\\/\\\/www.centsys.com\\\/lat\\\/#website\",\"url\":\"https:\\\/\\\/www.centsys.com\\\/lat\\\/\",\"name\":\"Centurion Systems Spanish\",\"description\":\"Productos para Automatizaci\u00f3n de Acceso\",\"potentialAction\":[{\"@type\":\"SearchAction\",\"target\":{\"@type\":\"EntryPoint\",\"urlTemplate\":\"https:\\\/\\\/www.centsys.com\\\/lat\\\/?s={search_term_string}\"},\"query-input\":{\"@type\":\"PropertyValueSpecification\",\"valueRequired\":true,\"valueName\":\"search_term_string\"}}],\"inLanguage\":\"en-ZA\"}]}<\/script>\r\n<!-- \/ Yoast SEO Premium plugin. -->","yoast_head_json":{"title":"Software para dispositivos - Centurion Systems","description":"Descarga gratuita de software CENTURION mantenga actualizado su motor de puerta CENTURION o su soluci\u00f3n de automatizaci\u00f3n de acceso con el \u00faltimo firmware.","robots":{"index":"index","follow":"follow","max-snippet":"max-snippet:-1","max-image-preview":"max-image-preview:large","max-video-preview":"max-video-preview:-1"},"canonical":"https:\/\/www.centsys.com\/lat\/software-para-dispositivos\/","og_locale":"en_US","og_type":"article","og_title":"Software para dispositivos","og_description":"Descarga gratuita de software CENTURION mantenga actualizado su motor de puerta CENTURION o su soluci\u00f3n de automatizaci\u00f3n de acceso con el \u00faltimo firmware.","og_url":"https:\/\/www.centsys.com\/lat\/software-para-dispositivos\/","og_site_name":"Centurion Systems Spanish","article_modified_time":"2024-02-15T10:51:54+00:00","twitter_card":"summary_large_image","twitter_misc":{"Est. reading time":"2 minutes"},"schema":{"@context":"https:\/\/schema.org","@graph":[{"@type":"WebPage","@id":"https:\/\/www.centsys.com\/lat\/software-para-dispositivos\/","url":"https:\/\/www.centsys.com\/lat\/software-para-dispositivos\/","name":"Software para dispositivos - Centurion Systems","isPartOf":{"@id":"https:\/\/www.centsys.com\/lat\/#website"},"datePublished":"2020-03-03T10:41:18+00:00","dateModified":"2024-02-15T10:51:54+00:00","description":"Descarga gratuita de software CENTURION mantenga actualizado su motor de puerta CENTURION o su soluci\u00f3n de automatizaci\u00f3n de acceso con el \u00faltimo firmware.","breadcrumb":{"@id":"https:\/\/www.centsys.com\/lat\/software-para-dispositivos\/#breadcrumb"},"inLanguage":"en-ZA","potentialAction":[{"@type":"ReadAction","target":["https:\/\/www.centsys.com\/lat\/software-para-dispositivos\/"]}]},{"@type":"BreadcrumbList","@id":"https:\/\/www.centsys.com\/lat\/software-para-dispositivos\/#breadcrumb","itemListElement":[{"@type":"ListItem","position":1,"name":"INICIO","item":"https:\/\/www.centsys.com\/lat\/"},{"@type":"ListItem","position":2,"name":"Software para dispositivos"}]},{"@type":"WebSite","@id":"https:\/\/www.centsys.com\/lat\/#website","url":"https:\/\/www.centsys.com\/lat\/","name":"Centurion Systems Spanish","description":"Productos para Automatizaci\u00f3n de Acceso","potentialAction":[{"@type":"SearchAction","target":{"@type":"EntryPoint","urlTemplate":"https:\/\/www.centsys.com\/lat\/?s={search_term_string}"},"query-input":{"@type":"PropertyValueSpecification","valueRequired":true,"valueName":"search_term_string"}}],"inLanguage":"en-ZA"}]}},"_links":{"self":[{"href":"https:\/\/www.centsys.com\/lat\/wp-json\/wp\/v2\/pages\/142","targetHints":{"allow":["GET"]}}],"collection":[{"href":"https:\/\/www.centsys.com\/lat\/wp-json\/wp\/v2\/pages"}],"about":[{"href":"https:\/\/www.centsys.com\/lat\/wp-json\/wp\/v2\/types\/page"}],"author":[{"embeddable":true,"href":"https:\/\/www.centsys.com\/lat\/wp-json\/wp\/v2\/users\/1"}],"replies":[{"embeddable":true,"href":"https:\/\/www.centsys.com\/lat\/wp-json\/wp\/v2\/comments?post=142"}],"version-history":[{"count":0,"href":"https:\/\/www.centsys.com\/lat\/wp-json\/wp\/v2\/pages\/142\/revisions"}],"wp:attachment":[{"href":"https:\/\/www.centsys.com\/lat\/wp-json\/wp\/v2\/media?parent=142"}],"curies":[{"name":"wp","href":"https:\/\/api.w.org\/{rel}","templated":true}]}}