{"id":23317,"date":"2022-09-22T15:49:57","date_gmt":"2022-09-22T13:49:57","guid":{"rendered":"https:\/\/www.centsys.co.za\/?page_id=23317"},"modified":"2025-04-16T13:12:01","modified_gmt":"2025-04-16T11:12:01","slug":"sirena-24v","status":"publish","type":"page","link":"https:\/\/www.centsys.com\/lat\/sirena-24v\/","title":{"rendered":"Sirena 24V"},"content":{"rendered":"<p>[et_pb_section fb_built=&#8221;1&#8243; fullwidth=&#8221;on&#8221; _builder_version=&#8221;4.18.0&#8243; _module_preset=&#8221;default&#8221; global_colors_info=&#8221;{}&#8221;][et_pb_fullwidth_image src=&#8221;https:\/\/www.centsys.com\/lat\/img\/24V%20Siren\/Images\/CENTURION_La%20Sirena%20SMART_Imagen%20Principal.jpg&#8221; _builder_version=&#8221;4.27.2&#8243; _module_preset=&#8221;default&#8221; global_colors_info=&#8221;{}&#8221;][\/et_pb_fullwidth_image][\/et_pb_section][et_pb_section fb_built=&#8221;1&#8243; fullwidth=&#8221;on&#8221; _builder_version=&#8221;4.16&#8243; inner_width_tablet=&#8221;50px&#8221; inner_max_width_tablet=&#8221;100px&#8221; inner_max_width_phone=&#8221;50px&#8221; custom_margin=&#8221;-3px|||||&#8221; z_index_tablet=&#8221;500&#8243; box_shadow_horizontal_tablet=&#8221;0px&#8221; box_shadow_vertical_tablet=&#8221;0px&#8221; box_shadow_blur_tablet=&#8221;40px&#8221; box_shadow_spread_tablet=&#8221;0px&#8221; global_colors_info=&#8221;{}&#8221;][et_pb_fullwidth_code admin_label=&#8221;BREAD CRUMB&#8221; _builder_version=&#8221;4.16&#8243; background_color=&#8221;#e5e5e5&#8243; text_orientation=&#8221;left&#8221; custom_padding=&#8221;0px|||15%||&#8221; z_index_tablet=&#8221;500&#8243; global_colors_info=&#8221;{}&#8221;]<span><span><a href=\"https:\/\/www.centsys.com\/lat\/\">INICIO<\/a><\/span><\/span>[\/et_pb_fullwidth_code][\/et_pb_section][et_pb_section fb_built=&#8221;1&#8243; _builder_version=&#8221;4.18.0&#8243; _module_preset=&#8221;default&#8221; global_colors_info=&#8221;{}&#8221;][et_pb_row column_structure=&#8221;3_5,2_5&#8243; _builder_version=&#8221;4.18.0&#8243; _module_preset=&#8221;default&#8221; global_colors_info=&#8221;{}&#8221;][et_pb_column type=&#8221;3_5&#8243; _builder_version=&#8221;4.18.0&#8243; _module_preset=&#8221;default&#8221; global_colors_info=&#8221;{}&#8221;][et_pb_text _builder_version=&#8221;4.24.0&#8243; _module_preset=&#8221;default&#8221; global_colors_info=&#8221;{}&#8221;]<\/p>\n<p>Le presentamos la mejor compa\u00f1era de seguridad para su puerta y port\u00f3n: La sirena SMART, dise\u00f1ada para integrarse a la perfecci\u00f3n con los motores\u00a0<strong><a href=\"https:\/\/www.centsys.com\/lat\/smart\/\">SMART<\/a><\/strong>. Esta potente y compacta sirena ofrece la m\u00e1xima tranquilidad gracias a sus funciones de seguridad de alta tecnolog\u00eda.<\/p>\n<p><strong>Dispare la alarma, pero no al intruso:<\/strong><\/p>\n<ul>\n<li><strong>Alertas instant\u00e1neas:<\/strong>\u00a0Reciba notificaciones en el momento en que se detecte una manipulaci\u00f3n, para evitar posibles robos o intentos de intrusi\u00f3n en el sistema.<\/li>\n<li><strong>Alta y clara:<\/strong>\u00a0\u00a1No se deje enga\u00f1ar por su tama\u00f1o compacto! La sirena SMART emite un sonido de alta frecuencia que ahuyenta a los intrusos, incluso antes de que puedan entrar.<\/li>\n<\/ul>\n<ul>\n<li><strong>Discreta y en defensa:\u00a0<\/strong>Se oculta en el interior del poste de la puerta y permanece invisible para los posibles ladrones, proporcion\u00e1ndoles una sorpresa inesperada.<\/li>\n<\/ul>\n<ul>\n<li><strong>Dise\u00f1ada para durar:<\/strong>\u00a0Con lluvia o sol, de d\u00eda o de noche, el dise\u00f1o a prueba de agua garantiza una protecci\u00f3n fiable en cualquier condici\u00f3n clim\u00e1tica.<\/li>\n<\/ul>\n<ul>\n<li><strong>Compatibilidad universal:\u00a0<\/strong>Funciona perfectamente con motores CENTURION SMART de 12V y 24V, ofreciendo una flexibilidad inigualable.<\/li>\n<\/ul>\n<p><strong>Mucho m\u00e1s que una alarma:<\/strong><\/p>\n<p>La sirena SMART a\u00f1ade una capa adicional de seguridad, trabajando en conjunto con su sistema\u00a0<strong><a href=\"https:\/\/www.centsys.com\/lat\/smart\/\">CENTURION SMART<\/a><\/strong>\u00a0ya existente. Disfrute de una integraci\u00f3n perfecta y una protecci\u00f3n completa que s\u00f3lo una marca de confianza le puede proporcionar.<\/p>\n<p>Mejore su seguridad. Mejore su tranquilidad. <a href=\"https:\/\/www.centsys.com\/lat\/detalles-de-contacto\/\"><strong>Consiga hoy mismo la sirena Smart de Centurion Systems.<\/strong><\/a><\/p>\n<p>&nbsp;<\/p>\n<p>&nbsp;<\/p>\n<p>[\/et_pb_text][\/et_pb_column][et_pb_column type=&#8221;2_5&#8243; _builder_version=&#8221;4.18.0&#8243; _module_preset=&#8221;default&#8221; global_colors_info=&#8221;{}&#8221;][et_pb_image src=&#8221;https:\/\/www.centsys.com\/lat\/img\/24V%20Siren\/Images\/CENTURION_La%20Sirena%20SMART_Imagen.png&#8221; _builder_version=&#8221;4.27.2&#8243; _module_preset=&#8221;default&#8221; global_colors_info=&#8221;{}&#8221;][\/et_pb_image][et_pb_button button_url=&#8221;https:\/\/www.centsys.com\/lat\/img\/24V%20Siren\/docs\/0.07.A.0356%20CENTURION%20SMART%20Siren%20Insert%20SPANISH_30082024_MT_Web.pdf&#8221; url_new_window=&#8221;on&#8221; button_text=&#8221;SIRENA SMART CARACTER\u00cdSTICAS PRINCIPALES Y PAR\u00c1METROS&#8221; button_alignment=&#8221;center&#8221; _builder_version=&#8221;4.27.4&#8243; _module_preset=&#8221;default&#8221; hover_enabled=&#8221;0&#8243; global_colors_info=&#8221;{}&#8221; sticky_enabled=&#8221;0&#8243;][\/et_pb_button][\/et_pb_column][\/et_pb_row][\/et_pb_section][et_pb_section fb_built=&#8221;1&#8243; fullwidth=&#8221;on&#8221; admin_label=&#8221;THIS IS THE MID SECTION BANNER SITE WIDE&#8221; _builder_version=&#8221;4.23.1&#8243; _module_preset=&#8221;default&#8221; global_module=&#8221;24415&#8243; global_colors_info=&#8221;{}&#8221;][et_pb_fullwidth_image src=&#8221;https:\/\/www.centsys.com\/lat\/img\/admin\/Centurion%20Systems_Motores%20para%20puertas%20corredizas_imagen.jpg&#8221; url=&#8221;https:\/\/www.centsys.com\/lat\/smart&#8221; admin_label=&#8221;FOOTER_SITE WIDE&#8221; _builder_version=&#8221;4.27.2&#8243; _module_preset=&#8221;default&#8221; global_colors_info=&#8221;{}&#8221;][\/et_pb_fullwidth_image][et_pb_fullwidth_header button_one_text=&#8221;Cont\u00e1ctenos&#8221; button_one_url=&#8221;https:\/\/www.centsys.com\/lat\/detalles-de-contacto\/&#8221; button_two_text=&#8221;Soporte t\u00e9cnico&#8221; button_two_url=&#8221;https:\/\/www.centsys.com\/lat\/centro-de-llamadas\/&#8221; disabled_on=&#8221;on|on|on&#8221; _builder_version=&#8221;4.25.2&#8243; _module_preset=&#8221;default&#8221; background_color=&#8221;#c1c1c1&#8243; custom_button_one=&#8221;on&#8221; button_one_text_color=&#8221;#FFFFFF&#8221; button_one_bg_color=&#8221;#999999&#8243; button_one_border_color=&#8221;#999999&#8243; custom_button_two=&#8221;on&#8221; button_two_text_color=&#8221;#FFFFFF&#8221; button_two_bg_color=&#8221;#999999&#8243; button_two_border_color=&#8221;#999999&#8243; custom_margin=&#8221;||-29px|||&#8221; custom_padding=&#8221;8px||44px||false|&#8221; disabled=&#8221;on&#8221; global_colors_info=&#8221;{}&#8221; button_one_text_size__hover_enabled=&#8221;on|hover&#8221; button_one_border_color__hover_enabled=&#8221;on|desktop&#8221; button_one_border_color__hover=&#8221;#81c341&#8243; button_two_bg_color__hover_enabled=&#8221;on|hover&#8221; button_two_bg_color__hover=&#8221;#81c341&#8243; button_two_bg_enable_color__hover=&#8221;on&#8221; button_two_border_color__hover_enabled=&#8221;on|hover&#8221; button_two_border_color__hover=&#8221;#81c341&#8243; button_one_bg_color__hover_enabled=&#8221;on|hover&#8221; button_one_bg_color__hover=&#8221;#81c341&#8243; button_one_bg_enable_color__hover=&#8221;on&#8221;][\/et_pb_fullwidth_header][\/et_pb_section]<\/p>\n","protected":false},"excerpt":{"rendered":"<p><span><span><a href=\"https:\/\/www.centsys.com\/lat\/\">INICIO<\/a><\/span><\/span>Le presentamos la mejor compa\u00f1era de seguridad para su puerta y port\u00f3n: La sirena SMART, dise\u00f1ada para integrarse a la perfecci\u00f3n con los motores\u00a0SMART. Esta potente y compacta sirena ofrece la m\u00e1xima tranquilidad gracias a sus funciones de seguridad de alta tecnolog\u00eda. Dispare la alarma, pero no al intruso: Alertas instant\u00e1neas:\u00a0Reciba notificaciones en el momento [&hellip;]<\/p>\n","protected":false},"author":2,"featured_media":0,"parent":0,"menu_order":0,"comment_status":"closed","ping_status":"closed","template":"","meta":{"_et_pb_use_builder":"on","_et_pb_old_content":"","_et_gb_content_width":"","_joinchat":[],"footnotes":""},"class_list":["post-23317","page","type-page","status-publish","hentry"],"yoast_head":"<!-- This site is optimized with the Yoast SEO Premium plugin v26.6 (Yoast SEO v27.5) - https:\/\/yoast.com\/product\/yoast-seo-premium-wordpress\/ -->\r\n<title>Sirena 24V - Centurion Systems<\/title>\r\n<meta name=\"description\" content=\"La sirena SMART a\u00f1ade una capa adicional de seguridad, trabajando en conjunto con su sistema CENTURION SMART ya existente.\" \/>\r\n<meta name=\"robots\" content=\"index, follow, max-snippet:-1, max-image-preview:large, max-video-preview:-1\" \/>\r\n<link rel=\"canonical\" href=\"https:\/\/www.centsys.com\/lat\/sirena-24v\/\" \/>\r\n<meta property=\"og:locale\" content=\"en_US\" \/>\r\n<meta property=\"og:type\" content=\"article\" \/>\r\n<meta property=\"og:title\" content=\"Sirena 24V\" \/>\r\n<meta property=\"og:description\" content=\"La sirena SMART a\u00f1ade una capa adicional de seguridad, trabajando en conjunto con su sistema CENTURION SMART ya existente.\" \/>\r\n<meta property=\"og:url\" content=\"https:\/\/www.centsys.com\/lat\/sirena-24v\/\" \/>\r\n<meta property=\"og:site_name\" content=\"Centurion Systems Spanish\" \/>\r\n<meta property=\"article:modified_time\" content=\"2025-04-16T11:12:01+00:00\" \/>\r\n<meta name=\"twitter:card\" content=\"summary_large_image\" \/>\r\n<meta name=\"twitter:label1\" content=\"Est. reading time\" \/>\n\t<meta name=\"twitter:data1\" content=\"2 minutes\" \/>\r\n<script type=\"application\/ld+json\" class=\"yoast-schema-graph\">{\"@context\":\"https:\\\/\\\/schema.org\",\"@graph\":[{\"@type\":\"WebPage\",\"@id\":\"https:\\\/\\\/www.centsys.com\\\/lat\\\/sirena-24v\\\/\",\"url\":\"https:\\\/\\\/www.centsys.com\\\/lat\\\/sirena-24v\\\/\",\"name\":\"Sirena 24V - Centurion Systems\",\"isPartOf\":{\"@id\":\"https:\\\/\\\/www.centsys.com\\\/lat\\\/#website\"},\"datePublished\":\"2022-09-22T13:49:57+00:00\",\"dateModified\":\"2025-04-16T11:12:01+00:00\",\"description\":\"La sirena SMART a\u00f1ade una capa adicional de seguridad, trabajando en conjunto con su sistema CENTURION SMART ya existente.\",\"breadcrumb\":{\"@id\":\"https:\\\/\\\/www.centsys.com\\\/lat\\\/sirena-24v\\\/#breadcrumb\"},\"inLanguage\":\"en-ZA\",\"potentialAction\":[{\"@type\":\"ReadAction\",\"target\":[\"https:\\\/\\\/www.centsys.com\\\/lat\\\/sirena-24v\\\/\"]}]},{\"@type\":\"BreadcrumbList\",\"@id\":\"https:\\\/\\\/www.centsys.com\\\/lat\\\/sirena-24v\\\/#breadcrumb\",\"itemListElement\":[{\"@type\":\"ListItem\",\"position\":1,\"name\":\"INICIO\",\"item\":\"https:\\\/\\\/www.centsys.com\\\/lat\\\/\"},{\"@type\":\"ListItem\",\"position\":2,\"name\":\"Sirena 24V\"}]},{\"@type\":\"WebSite\",\"@id\":\"https:\\\/\\\/www.centsys.com\\\/lat\\\/#website\",\"url\":\"https:\\\/\\\/www.centsys.com\\\/lat\\\/\",\"name\":\"Centurion Systems Spanish\",\"description\":\"Productos para Automatizaci\u00f3n de Acceso\",\"potentialAction\":[{\"@type\":\"SearchAction\",\"target\":{\"@type\":\"EntryPoint\",\"urlTemplate\":\"https:\\\/\\\/www.centsys.com\\\/lat\\\/?s={search_term_string}\"},\"query-input\":{\"@type\":\"PropertyValueSpecification\",\"valueRequired\":true,\"valueName\":\"search_term_string\"}}],\"inLanguage\":\"en-ZA\"}]}<\/script>\r\n<!-- \/ Yoast SEO Premium plugin. -->","yoast_head_json":{"title":"Sirena 24V - Centurion Systems","description":"La sirena SMART a\u00f1ade una capa adicional de seguridad, trabajando en conjunto con su sistema CENTURION SMART ya existente.","robots":{"index":"index","follow":"follow","max-snippet":"max-snippet:-1","max-image-preview":"max-image-preview:large","max-video-preview":"max-video-preview:-1"},"canonical":"https:\/\/www.centsys.com\/lat\/sirena-24v\/","og_locale":"en_US","og_type":"article","og_title":"Sirena 24V","og_description":"La sirena SMART a\u00f1ade una capa adicional de seguridad, trabajando en conjunto con su sistema CENTURION SMART ya existente.","og_url":"https:\/\/www.centsys.com\/lat\/sirena-24v\/","og_site_name":"Centurion Systems Spanish","article_modified_time":"2025-04-16T11:12:01+00:00","twitter_card":"summary_large_image","twitter_misc":{"Est. reading time":"2 minutes"},"schema":{"@context":"https:\/\/schema.org","@graph":[{"@type":"WebPage","@id":"https:\/\/www.centsys.com\/lat\/sirena-24v\/","url":"https:\/\/www.centsys.com\/lat\/sirena-24v\/","name":"Sirena 24V - Centurion Systems","isPartOf":{"@id":"https:\/\/www.centsys.com\/lat\/#website"},"datePublished":"2022-09-22T13:49:57+00:00","dateModified":"2025-04-16T11:12:01+00:00","description":"La sirena SMART a\u00f1ade una capa adicional de seguridad, trabajando en conjunto con su sistema CENTURION SMART ya existente.","breadcrumb":{"@id":"https:\/\/www.centsys.com\/lat\/sirena-24v\/#breadcrumb"},"inLanguage":"en-ZA","potentialAction":[{"@type":"ReadAction","target":["https:\/\/www.centsys.com\/lat\/sirena-24v\/"]}]},{"@type":"BreadcrumbList","@id":"https:\/\/www.centsys.com\/lat\/sirena-24v\/#breadcrumb","itemListElement":[{"@type":"ListItem","position":1,"name":"INICIO","item":"https:\/\/www.centsys.com\/lat\/"},{"@type":"ListItem","position":2,"name":"Sirena 24V"}]},{"@type":"WebSite","@id":"https:\/\/www.centsys.com\/lat\/#website","url":"https:\/\/www.centsys.com\/lat\/","name":"Centurion Systems Spanish","description":"Productos para Automatizaci\u00f3n de Acceso","potentialAction":[{"@type":"SearchAction","target":{"@type":"EntryPoint","urlTemplate":"https:\/\/www.centsys.com\/lat\/?s={search_term_string}"},"query-input":{"@type":"PropertyValueSpecification","valueRequired":true,"valueName":"search_term_string"}}],"inLanguage":"en-ZA"}]}},"_links":{"self":[{"href":"https:\/\/www.centsys.com\/lat\/wp-json\/wp\/v2\/pages\/23317","targetHints":{"allow":["GET"]}}],"collection":[{"href":"https:\/\/www.centsys.com\/lat\/wp-json\/wp\/v2\/pages"}],"about":[{"href":"https:\/\/www.centsys.com\/lat\/wp-json\/wp\/v2\/types\/page"}],"author":[{"embeddable":true,"href":"https:\/\/www.centsys.com\/lat\/wp-json\/wp\/v2\/users\/2"}],"replies":[{"embeddable":true,"href":"https:\/\/www.centsys.com\/lat\/wp-json\/wp\/v2\/comments?post=23317"}],"version-history":[{"count":0,"href":"https:\/\/www.centsys.com\/lat\/wp-json\/wp\/v2\/pages\/23317\/revisions"}],"wp:attachment":[{"href":"https:\/\/www.centsys.com\/lat\/wp-json\/wp\/v2\/media?parent=23317"}],"curies":[{"name":"wp","href":"https:\/\/api.w.org\/{rel}","templated":true}]}}