{"id":24146,"date":"2023-05-03T09:29:57","date_gmt":"2023-05-03T07:29:57","guid":{"rendered":"https:\/\/www.centsys.co.za\/?page_id=24146"},"modified":"2025-04-02T09:00:09","modified_gmt":"2025-04-02T07:00:09","slug":"la-aplicacion-centurion-mycentsys-remote","status":"publish","type":"page","link":"https:\/\/www.centsys.com\/lat\/la-aplicacion-centurion-mycentsys-remote\/","title":{"rendered":"La aplicaci\u00f3n CENTURION MyCentsys Remote"},"content":{"rendered":"<p>[et_pb_section fb_built=&#8221;1&#8243; fullwidth=&#8221;on&#8221; _builder_version=&#8221;4.20.4&#8243; _module_preset=&#8221;default&#8221; global_colors_info=&#8221;{}&#8221;][et_pb_fullwidth_image src=&#8221;https:\/\/www.centsys.com\/mx\/img\/app\/Centurion%20Systems%20MyCentsys%20Remote_SP_Headline%20Image.jpg&#8221; admin_label=&#8221;Fullwidth Image&#8221; _builder_version=&#8221;4.21.0&#8243; _module_preset=&#8221;default&#8221; global_colors_info=&#8221;{}&#8221;][\/et_pb_fullwidth_image][\/et_pb_section][et_pb_section fb_built=&#8221;1&#8243; fullwidth=&#8221;on&#8221; _builder_version=&#8221;4.16&#8243; inner_width_tablet=&#8221;50px&#8221; inner_max_width_tablet=&#8221;100px&#8221; inner_max_width_phone=&#8221;50px&#8221; custom_margin=&#8221;-3px|||||&#8221; z_index_tablet=&#8221;500&#8243; box_shadow_horizontal_tablet=&#8221;0px&#8221; box_shadow_vertical_tablet=&#8221;0px&#8221; box_shadow_blur_tablet=&#8221;40px&#8221; box_shadow_spread_tablet=&#8221;0px&#8221; global_colors_info=&#8221;{}&#8221;][et_pb_fullwidth_code admin_label=&#8221;BREAD CRUMB&#8221; _builder_version=&#8221;4.21.0&#8243; background_color=&#8221;#e5e5e5&#8243; text_orientation=&#8221;left&#8221; custom_padding=&#8221;0px|||15%||&#8221; z_index_tablet=&#8221;500&#8243; global_colors_info=&#8221;{}&#8221;]<span><span><a href=\"https:\/\/www.centsys.com\/lat\/\">INICIO<\/a><\/span><\/span>[\/et_pb_fullwidth_code][\/et_pb_section][et_pb_section fb_built=&#8221;1&#8243; _builder_version=&#8221;4.20.4&#8243; _module_preset=&#8221;default&#8221; global_colors_info=&#8221;{}&#8221;][et_pb_row column_structure=&#8221;3_5,2_5&#8243; _builder_version=&#8221;4.20.4&#8243; _module_preset=&#8221;default&#8221; global_colors_info=&#8221;{}&#8221;][et_pb_column type=&#8221;3_5&#8243; _builder_version=&#8221;4.20.4&#8243; _module_preset=&#8221;default&#8221; global_colors_info=&#8221;{}&#8221;][et_pb_text _builder_version=&#8221;4.21.0&#8243; _module_preset=&#8221;default&#8221; global_colors_info=&#8221;{}&#8221;]<\/p>\n<h1><strong>My Centsys Remote: mejore su experiencia de acceso a puertas y cocheras <\/strong><\/h1>\n<p>&nbsp;<\/p>\n<p>Tome el control de su acceso a puertas o a su cochera con MyCentsys Remote: la aplicaci\u00f3n m\u00f3vil configurada por expertos que se integra a la perfecci\u00f3n con todas nuestras <a href=\"https:\/\/www.centsys.com\/lat\/smart\"><strong>soluciones SMART<\/strong><\/a> y ULTRA. Nuestra aplicaci\u00f3n pone todo el poder al alcance de su mano, lo que le permite abrir y cerrar c\u00f3modamente el operador de su port\u00f3n y\/o cochera desde su tel\u00e9fono, y almacenar sus preferencias para facilitar la navegaci\u00f3n. Ya sea que est\u00e9 en su hogar o mientras viaja, MyCentsys Remote es la soluci\u00f3n confiable y conveniente para sus necesidades de acceso.<\/p>\n<p>No solo puede controlar el port\u00f3n y\/o su cochera con facilidad, sino que tambi\u00e9n puede controlar el estado del dispositivo, el estado de la bater\u00eda y la presencia de la red el\u00e9ctrica, todo desde la aplicaci\u00f3n. Nuestra aplicaci\u00f3n tambi\u00e9n incluye una funci\u00f3n soporte t\u00e9cnico, lo que garantiza que tenga acceso a asistencia de expertos siempre que la necesite.<\/p>\n<p>Adem\u00e1s de su conveniencia y confiabilidad, MyCentsys Remote tambi\u00e9n prioriza su seguridad, con opciones biom\u00e9tricas y PIN disponibles para una mayor protecci\u00f3n. Nuestra aplicaci\u00f3n tambi\u00e9n le permite configurar sus acciones favoritas, personalizar los iconos de los dispositivos y recibir notificaciones de errores y alarmas en la aplicaci\u00f3n.<\/p>\n<p>MyCentsys Remote tambi\u00e9n cuenta con una \u00fanica interfaz rica en funciones para todos sus requisitos de acceso y automatizaci\u00f3n, que se puede vincular a dispositivos <strong><a href=\"https:\/\/www.centsys.com\/lat\/smart\">SMART<\/a><\/strong> y ULTRA GSM. Tendr\u00e1 acceso al estado del dispositivo en vivo e informaci\u00f3n del estado de su controlador, notificaciones autom\u00e1ticas y la capacidad de activar acciones, todo en una aplicaci\u00f3n conveniente.<\/p>\n<p>Experimente el siguiente nivel de comodidad y capacidad con MyCentsys Remote: la soluci\u00f3n definitiva para el control de acceso a portones y cocheras.<\/p>\n<p>[\/et_pb_text][\/et_pb_column][et_pb_column type=&#8221;2_5&#8243; _builder_version=&#8221;4.20.4&#8243; _module_preset=&#8221;default&#8221; global_colors_info=&#8221;{}&#8221;][et_pb_image src=&#8221;https:\/\/www.centsys.com\/lat\/img\/D5SMART\/Desc%C3%A1rgalo%20en%20el%20Apple%20App%20Store.png&#8221; url=&#8221;https:\/\/apps.apple.com\/za\/app\/mycentsys-remote\/id1626441948&#8243; url_new_window=&#8221;on&#8221; _builder_version=&#8221;4.21.0&#8243; z_index_tablet=&#8221;500&#8243; box_shadow_horizontal_tablet=&#8221;0px&#8221; box_shadow_vertical_tablet=&#8221;0px&#8221; box_shadow_blur_tablet=&#8221;40px&#8221; box_shadow_spread_tablet=&#8221;0px&#8221; global_colors_info=&#8221;{}&#8221;][\/et_pb_image][et_pb_text _builder_version=&#8221;4.21.0&#8243; _module_preset=&#8221;default&#8221; global_colors_info=&#8221;{}&#8221;]<\/p>\n<p><strong>Requisitos m\u00ednimos:<\/strong><br \/>\u2013 Tel\u00e9fono m\u00f3vil con BLE<br \/>\u2013 iPhone 6s y superior<br \/>\u2013 iOS13<\/p>\n<p>[\/et_pb_text][et_pb_image src=&#8221;https:\/\/www.centsys.com\/lat\/img\/D5SMART\/Cons%C3%ADguelo%20en%20el%20Google%20Play.png&#8221; url=&#8221;https:\/\/play.google.com\/store\/apps\/details?id=com.centurionsystems.mycentsysremote&#8221; url_new_window=&#8221;on&#8221; _builder_version=&#8221;4.21.0&#8243; z_index_tablet=&#8221;500&#8243; box_shadow_horizontal_tablet=&#8221;0px&#8221; box_shadow_vertical_tablet=&#8221;0px&#8221; box_shadow_blur_tablet=&#8221;40px&#8221; box_shadow_spread_tablet=&#8221;0px&#8221; global_colors_info=&#8221;{}&#8221;][\/et_pb_image][et_pb_image src=&#8221;https:\/\/www.centsys.com\/mx\/img\/MY%20CENTSYS%20PRO%20Banners\/Explora%20el%20Huwawei%20AppGallery.jpg&#8221; url=&#8221;https:\/\/appgallery.huawei.com\/app\/C107702897&#8243; url_new_window=&#8221;on&#8221; _builder_version=&#8221;4.21.0&#8243; transform_scale=&#8221;101%|101%&#8221; z_index_tablet=&#8221;500&#8243; box_shadow_horizontal_tablet=&#8221;0px&#8221; box_shadow_vertical_tablet=&#8221;0px&#8221; box_shadow_blur_tablet=&#8221;40px&#8221; box_shadow_spread_tablet=&#8221;0px&#8221; global_colors_info=&#8221;{}&#8221;][\/et_pb_image][et_pb_text _builder_version=&#8221;4.27.4&#8243; _module_preset=&#8221;default&#8221; hover_enabled=&#8221;0&#8243; global_colors_info=&#8221;{}&#8221; sticky_enabled=&#8221;0&#8243;]<\/p>\n<p><strong>Requisitos m\u00ednimos:<\/strong><br \/>\u2013 Tel\u00e9fono m\u00f3vil con BLE<br \/>\u2013 Android 8.0 (Oreo)<\/p>\n<p>[\/et_pb_text][\/et_pb_column][\/et_pb_row][\/et_pb_section][et_pb_section fb_built=&#8221;1&#8243; fullwidth=&#8221;on&#8221; admin_label=&#8221;THIS IS THE MID SECTION BANNER SITE WIDE&#8221; _builder_version=&#8221;4.23.1&#8243; _module_preset=&#8221;default&#8221; global_module=&#8221;24415&#8243; global_colors_info=&#8221;{}&#8221;][et_pb_fullwidth_image src=&#8221;https:\/\/www.centsys.com\/lat\/img\/admin\/Centurion%20Systems_Motores%20para%20puertas%20corredizas_imagen.jpg&#8221; url=&#8221;https:\/\/www.centsys.com\/lat\/smart&#8221; admin_label=&#8221;FOOTER_SITE WIDE&#8221; _builder_version=&#8221;4.27.2&#8243; _module_preset=&#8221;default&#8221; global_colors_info=&#8221;{}&#8221;][\/et_pb_fullwidth_image][et_pb_fullwidth_header button_one_text=&#8221;Cont\u00e1ctenos&#8221; button_one_url=&#8221;https:\/\/www.centsys.com\/lat\/detalles-de-contacto\/&#8221; button_two_text=&#8221;Soporte t\u00e9cnico&#8221; button_two_url=&#8221;https:\/\/www.centsys.com\/lat\/centro-de-llamadas\/&#8221; disabled_on=&#8221;on|on|on&#8221; _builder_version=&#8221;4.25.2&#8243; _module_preset=&#8221;default&#8221; background_color=&#8221;#c1c1c1&#8243; custom_button_one=&#8221;on&#8221; button_one_text_color=&#8221;#FFFFFF&#8221; button_one_bg_color=&#8221;#999999&#8243; button_one_border_color=&#8221;#999999&#8243; custom_button_two=&#8221;on&#8221; button_two_text_color=&#8221;#FFFFFF&#8221; button_two_bg_color=&#8221;#999999&#8243; button_two_border_color=&#8221;#999999&#8243; custom_margin=&#8221;||-29px|||&#8221; custom_padding=&#8221;8px||44px||false|&#8221; disabled=&#8221;on&#8221; global_colors_info=&#8221;{}&#8221; button_one_text_size__hover_enabled=&#8221;on|hover&#8221; button_one_border_color__hover_enabled=&#8221;on|desktop&#8221; button_one_border_color__hover=&#8221;#81c341&#8243; button_two_bg_color__hover_enabled=&#8221;on|hover&#8221; button_two_bg_color__hover=&#8221;#81c341&#8243; button_two_bg_enable_color__hover=&#8221;on&#8221; button_two_border_color__hover_enabled=&#8221;on|hover&#8221; button_two_border_color__hover=&#8221;#81c341&#8243; button_one_bg_color__hover_enabled=&#8221;on|hover&#8221; button_one_bg_color__hover=&#8221;#81c341&#8243; button_one_bg_enable_color__hover=&#8221;on&#8221;][\/et_pb_fullwidth_header][\/et_pb_section]<\/p>\n","protected":false},"excerpt":{"rendered":"<p><span><span><a href=\"https:\/\/www.centsys.com\/lat\/\">INICIO<\/a><\/span><\/span>My Centsys Remote: mejore su experiencia de acceso a puertas y cocheras &nbsp; Tome el control de su acceso a puertas o a su cochera con MyCentsys Remote: la aplicaci\u00f3n m\u00f3vil configurada por expertos que se integra a la perfecci\u00f3n con todas nuestras soluciones SMART y ULTRA. Nuestra aplicaci\u00f3n pone todo el poder al alcance [&hellip;]<\/p>\n","protected":false},"author":2,"featured_media":0,"parent":0,"menu_order":0,"comment_status":"closed","ping_status":"closed","template":"","meta":{"_et_pb_use_builder":"on","_et_pb_old_content":"","_et_gb_content_width":"","_joinchat":[],"footnotes":""},"class_list":["post-24146","page","type-page","status-publish","hentry"],"yoast_head":"<!-- This site is optimized with the Yoast SEO Premium plugin v26.6 (Yoast SEO v27.4) - https:\/\/yoast.com\/product\/yoast-seo-premium-wordpress\/ -->\r\n<title>La aplicaci\u00f3n CENTURION MyCentsys Remote - Centurion Systems<\/title>\r\n<meta name=\"description\" content=\"Tome el control de su acceso a puertas o a su cochera con MyCentsys Remote, lo que le permite abrir y cerrar c\u00f3modamente el operador de su port\u00f3n y\/o cochera desde su tel\u00e9fono.\" \/>\r\n<meta name=\"robots\" content=\"index, follow, max-snippet:-1, max-image-preview:large, max-video-preview:-1\" \/>\r\n<link rel=\"canonical\" href=\"https:\/\/www.centsys.com\/lat\/la-aplicacion-centurion-mycentsys-remote\/\" \/>\r\n<meta property=\"og:locale\" content=\"en_US\" \/>\r\n<meta property=\"og:type\" content=\"article\" \/>\r\n<meta property=\"og:title\" content=\"La aplicaci\u00f3n CENTURION MyCentsys Remote\" \/>\r\n<meta property=\"og:description\" content=\"Tome el control de su acceso a puertas o a su cochera con MyCentsys Remote, lo que le permite abrir y cerrar c\u00f3modamente el operador de su port\u00f3n y\/o cochera desde su tel\u00e9fono.\" \/>\r\n<meta property=\"og:url\" content=\"https:\/\/www.centsys.com\/lat\/la-aplicacion-centurion-mycentsys-remote\/\" \/>\r\n<meta property=\"og:site_name\" content=\"Centurion Systems Spanish\" \/>\r\n<meta property=\"article:modified_time\" content=\"2025-04-02T07:00:09+00:00\" \/>\r\n<meta name=\"twitter:card\" content=\"summary_large_image\" \/>\r\n<meta name=\"twitter:label1\" content=\"Est. reading time\" \/>\n\t<meta name=\"twitter:data1\" content=\"2 minutes\" \/>\r\n<script type=\"application\/ld+json\" class=\"yoast-schema-graph\">{\"@context\":\"https:\\\/\\\/schema.org\",\"@graph\":[{\"@type\":\"WebPage\",\"@id\":\"https:\\\/\\\/www.centsys.com\\\/lat\\\/la-aplicacion-centurion-mycentsys-remote\\\/\",\"url\":\"https:\\\/\\\/www.centsys.com\\\/lat\\\/la-aplicacion-centurion-mycentsys-remote\\\/\",\"name\":\"La aplicaci\u00f3n CENTURION MyCentsys Remote - Centurion Systems\",\"isPartOf\":{\"@id\":\"https:\\\/\\\/www.centsys.com\\\/lat\\\/#website\"},\"datePublished\":\"2023-05-03T07:29:57+00:00\",\"dateModified\":\"2025-04-02T07:00:09+00:00\",\"description\":\"Tome el control de su acceso a puertas o a su cochera con MyCentsys Remote, lo que le permite abrir y cerrar c\u00f3modamente el operador de su port\u00f3n y\\\/o cochera desde su tel\u00e9fono.\",\"breadcrumb\":{\"@id\":\"https:\\\/\\\/www.centsys.com\\\/lat\\\/la-aplicacion-centurion-mycentsys-remote\\\/#breadcrumb\"},\"inLanguage\":\"en-ZA\",\"potentialAction\":[{\"@type\":\"ReadAction\",\"target\":[\"https:\\\/\\\/www.centsys.com\\\/lat\\\/la-aplicacion-centurion-mycentsys-remote\\\/\"]}]},{\"@type\":\"BreadcrumbList\",\"@id\":\"https:\\\/\\\/www.centsys.com\\\/lat\\\/la-aplicacion-centurion-mycentsys-remote\\\/#breadcrumb\",\"itemListElement\":[{\"@type\":\"ListItem\",\"position\":1,\"name\":\"INICIO\",\"item\":\"https:\\\/\\\/www.centsys.com\\\/lat\\\/\"},{\"@type\":\"ListItem\",\"position\":2,\"name\":\"La aplicaci\u00f3n CENTURION MyCentsys Remote\"}]},{\"@type\":\"WebSite\",\"@id\":\"https:\\\/\\\/www.centsys.com\\\/lat\\\/#website\",\"url\":\"https:\\\/\\\/www.centsys.com\\\/lat\\\/\",\"name\":\"Centurion Systems Spanish\",\"description\":\"Productos para Automatizaci\u00f3n de Acceso\",\"potentialAction\":[{\"@type\":\"SearchAction\",\"target\":{\"@type\":\"EntryPoint\",\"urlTemplate\":\"https:\\\/\\\/www.centsys.com\\\/lat\\\/?s={search_term_string}\"},\"query-input\":{\"@type\":\"PropertyValueSpecification\",\"valueRequired\":true,\"valueName\":\"search_term_string\"}}],\"inLanguage\":\"en-ZA\"}]}<\/script>\r\n<!-- \/ Yoast SEO Premium plugin. -->","yoast_head_json":{"title":"La aplicaci\u00f3n CENTURION MyCentsys Remote - Centurion Systems","description":"Tome el control de su acceso a puertas o a su cochera con MyCentsys Remote, lo que le permite abrir y cerrar c\u00f3modamente el operador de su port\u00f3n y\/o cochera desde su tel\u00e9fono.","robots":{"index":"index","follow":"follow","max-snippet":"max-snippet:-1","max-image-preview":"max-image-preview:large","max-video-preview":"max-video-preview:-1"},"canonical":"https:\/\/www.centsys.com\/lat\/la-aplicacion-centurion-mycentsys-remote\/","og_locale":"en_US","og_type":"article","og_title":"La aplicaci\u00f3n CENTURION MyCentsys Remote","og_description":"Tome el control de su acceso a puertas o a su cochera con MyCentsys Remote, lo que le permite abrir y cerrar c\u00f3modamente el operador de su port\u00f3n y\/o cochera desde su tel\u00e9fono.","og_url":"https:\/\/www.centsys.com\/lat\/la-aplicacion-centurion-mycentsys-remote\/","og_site_name":"Centurion Systems Spanish","article_modified_time":"2025-04-02T07:00:09+00:00","twitter_card":"summary_large_image","twitter_misc":{"Est. reading time":"2 minutes"},"schema":{"@context":"https:\/\/schema.org","@graph":[{"@type":"WebPage","@id":"https:\/\/www.centsys.com\/lat\/la-aplicacion-centurion-mycentsys-remote\/","url":"https:\/\/www.centsys.com\/lat\/la-aplicacion-centurion-mycentsys-remote\/","name":"La aplicaci\u00f3n CENTURION MyCentsys Remote - Centurion Systems","isPartOf":{"@id":"https:\/\/www.centsys.com\/lat\/#website"},"datePublished":"2023-05-03T07:29:57+00:00","dateModified":"2025-04-02T07:00:09+00:00","description":"Tome el control de su acceso a puertas o a su cochera con MyCentsys Remote, lo que le permite abrir y cerrar c\u00f3modamente el operador de su port\u00f3n y\/o cochera desde su tel\u00e9fono.","breadcrumb":{"@id":"https:\/\/www.centsys.com\/lat\/la-aplicacion-centurion-mycentsys-remote\/#breadcrumb"},"inLanguage":"en-ZA","potentialAction":[{"@type":"ReadAction","target":["https:\/\/www.centsys.com\/lat\/la-aplicacion-centurion-mycentsys-remote\/"]}]},{"@type":"BreadcrumbList","@id":"https:\/\/www.centsys.com\/lat\/la-aplicacion-centurion-mycentsys-remote\/#breadcrumb","itemListElement":[{"@type":"ListItem","position":1,"name":"INICIO","item":"https:\/\/www.centsys.com\/lat\/"},{"@type":"ListItem","position":2,"name":"La aplicaci\u00f3n CENTURION MyCentsys Remote"}]},{"@type":"WebSite","@id":"https:\/\/www.centsys.com\/lat\/#website","url":"https:\/\/www.centsys.com\/lat\/","name":"Centurion Systems Spanish","description":"Productos para Automatizaci\u00f3n de Acceso","potentialAction":[{"@type":"SearchAction","target":{"@type":"EntryPoint","urlTemplate":"https:\/\/www.centsys.com\/lat\/?s={search_term_string}"},"query-input":{"@type":"PropertyValueSpecification","valueRequired":true,"valueName":"search_term_string"}}],"inLanguage":"en-ZA"}]}},"_links":{"self":[{"href":"https:\/\/www.centsys.com\/lat\/wp-json\/wp\/v2\/pages\/24146","targetHints":{"allow":["GET"]}}],"collection":[{"href":"https:\/\/www.centsys.com\/lat\/wp-json\/wp\/v2\/pages"}],"about":[{"href":"https:\/\/www.centsys.com\/lat\/wp-json\/wp\/v2\/types\/page"}],"author":[{"embeddable":true,"href":"https:\/\/www.centsys.com\/lat\/wp-json\/wp\/v2\/users\/2"}],"replies":[{"embeddable":true,"href":"https:\/\/www.centsys.com\/lat\/wp-json\/wp\/v2\/comments?post=24146"}],"version-history":[{"count":0,"href":"https:\/\/www.centsys.com\/lat\/wp-json\/wp\/v2\/pages\/24146\/revisions"}],"wp:attachment":[{"href":"https:\/\/www.centsys.com\/lat\/wp-json\/wp\/v2\/media?parent=24146"}],"curies":[{"name":"wp","href":"https:\/\/api.w.org\/{rel}","templated":true}]}}