{"id":25437,"date":"2024-04-16T13:55:34","date_gmt":"2024-04-16T11:55:34","guid":{"rendered":"https:\/\/www.centsys.co.za\/?page_id=25437"},"modified":"2025-07-02T09:20:53","modified_gmt":"2025-07-02T07:20:53","slug":"unidad-de-alimentacion-smart","status":"publish","type":"page","link":"https:\/\/www.centsys.com\/lat\/unidad-de-alimentacion-smart\/","title":{"rendered":"Unidad de Alimentaci\u00f3n SMART"},"content":{"rendered":"<p>[et_pb_section fb_built=&#8221;1&#8243; fullwidth=&#8221;on&#8221; _builder_version=&#8221;4.24.3&#8243; _module_preset=&#8221;default&#8221; global_colors_info=&#8221;{}&#8221;][et_pb_fullwidth_image src=&#8221;https:\/\/www.centsys.com\/lat\/img\/powerpack\/Unidad de Alimentaci\u00f3n SMART_Imagen Principal.jpg&#8221; _builder_version=&#8221;4.27.2&#8243; _module_preset=&#8221;default&#8221; global_colors_info=&#8221;{}&#8221;][\/et_pb_fullwidth_image][\/et_pb_section][et_pb_section fb_built=&#8221;1&#8243; _builder_version=&#8221;4.24.3&#8243; _module_preset=&#8221;default&#8221; global_colors_info=&#8221;{}&#8221;][et_pb_row _builder_version=&#8221;4.24.3&#8243; _module_preset=&#8221;default&#8221; global_colors_info=&#8221;{}&#8221;][et_pb_column type=&#8221;4_4&#8243; _builder_version=&#8221;4.24.3&#8243; _module_preset=&#8221;default&#8221; global_colors_info=&#8221;{}&#8221;][et_pb_text _builder_version=&#8221;4.27.4&#8243; _module_preset=&#8221;default&#8221; global_colors_info=&#8221;{}&#8221;]<\/p>\n<h1>Unidad de Alimentaci\u00f3n SMART de Centurion Systems<\/h1>\n<p>[\/et_pb_text][\/et_pb_column][\/et_pb_row][et_pb_row column_structure=&#8221;3_5,2_5&#8243; _builder_version=&#8221;4.24.3&#8243; _module_preset=&#8221;default&#8221; global_colors_info=&#8221;{}&#8221;][et_pb_column type=&#8221;3_5&#8243; _builder_version=&#8221;4.24.3&#8243; _module_preset=&#8221;default&#8221; global_colors_info=&#8221;{}&#8221;][et_pb_text _builder_version=&#8221;4.27.4&#8243; _module_preset=&#8221;default&#8221; global_colors_info=&#8221;{}&#8221;]<\/p>\n<p>La <strong>Unidad de Alimentaci\u00f3n SMART<\/strong> de 24V CC se ha desarrollado para ser un complemento perfecto para los motores de 24V CENTURION, y es ideal para instalaciones con mucho tr\u00e1fico que requieren un ciclo de trabajo superior, al que pueden permitirse los motores accionados por bater\u00eda, gracias a que puede accionar una puerta nominal directamente de la red el\u00e9ctrica y, por lo tanto, no es necesario asegurarse de que lasbater\u00edas tengan la capacidad suficiente para soportar el mayor trabajo que se requiere en una instalaci\u00f3n con mucho tr\u00e1fico.<\/p>\n<p>La <strong>Unidad de Alimentaci\u00f3n SMART<\/strong> tambi\u00e9n es la soluci\u00f3n perfecta para instalaciones en las que la bater\u00eda de reserva no es un problema, ya que la red el\u00e9ctrica es estable o existen soluciones solares o generadores que garantizan el suministro ininterrumpido de energ\u00eda al<br \/>motor.<\/p>\n<p>Para una mayor adaptaci\u00f3n, la <strong>Unidad de Alimentaci\u00f3n SMART<\/strong> tiene la opci\u00f3n de utilizar bater\u00edas de reserva en los casos en los que la red el\u00e9ctrica no sea estable. Esto permite un mayor ciclo de trabajo cuando la red est\u00e9 presente, pero tambi\u00e9n permite que la puerta funcione en caso de que se produzca una interrupci\u00f3n en la alimentaci\u00f3n de la red.<\/p>\n<p>La <strong>Unidad de Alimentaci\u00f3n SMART<\/strong> es compatible con bater\u00edas de mayor capacidad, y la velocidad de carga de la bater\u00eda se puede configurar f\u00e1cilmente mediante la aplicaci\u00f3n m\u00f3vil MyCentsys Pro.<\/p>\n<p>Adem\u00e1s, la <strong>Unidad de Alimentaci\u00f3n SMART<\/strong> cuenta con un cargador integrado que evita la necesidad de adquirir una unidad externa, lo que permite ahorrar en costos y aumenta la conveniencia as\u00ed como la eficiencia que ofrece esta soluci\u00f3n de energ\u00eda.<\/p>\n<p>[\/et_pb_text][et_pb_video src=&#8221;https:\/\/youtu.be\/Sf8e1TMvkDw&#8221; _builder_version=&#8221;4.27.2&#8243; _module_preset=&#8221;default&#8221; global_colors_info=&#8221;{}&#8221;][\/et_pb_video][\/et_pb_column][et_pb_column type=&#8221;2_5&#8243; _builder_version=&#8221;4.24.3&#8243; _module_preset=&#8221;default&#8221; global_colors_info=&#8221;{}&#8221;][et_pb_image src=&#8221;https:\/\/www.centsys.com\/lat\/img\/powerpack\/Unidad de Alimentaci\u00f3n SMART_Logo.jpg&#8221; _builder_version=&#8221;4.27.2&#8243; _module_preset=&#8221;default&#8221; global_colors_info=&#8221;{}&#8221;][\/et_pb_image][et_pb_image src=&#8221;https:\/\/www.centsys.com\/lat\/img\/powerpack\/Unidad de Alimentaci\u00f3n SMART_Producto.jpg&#8221; _builder_version=&#8221;4.27.2&#8243; _module_preset=&#8221;default&#8221; global_colors_info=&#8221;{}&#8221;][\/et_pb_image][et_pb_button button_url=&#8221;https:\/\/www.centsys.com\/lat\/pdf\/power\/1401.D.01.0018%20PowerPack%20PSU%20Manual%20SP%20LAT_25062025_AP_Web.pdf&#8221; url_new_window=&#8221;on&#8221; button_text=&#8221;Manual de instalaci\u00f3n&#8221; button_alignment=&#8221;center&#8221; _builder_version=&#8221;4.27.4&#8243; _module_preset=&#8221;default&#8221; hover_enabled=&#8221;0&#8243; global_colors_info=&#8221;{}&#8221; sticky_enabled=&#8221;0&#8243;][\/et_pb_button][\/et_pb_column][\/et_pb_row][\/et_pb_section][et_pb_section fb_built=&#8221;1&#8243; fullwidth=&#8221;on&#8221; admin_label=&#8221;THIS IS THE MID SECTION BANNER SITE WIDE&#8221; _builder_version=&#8221;4.23.1&#8243; _module_preset=&#8221;default&#8221; global_module=&#8221;24415&#8243; global_colors_info=&#8221;{}&#8221;][et_pb_fullwidth_image src=&#8221;https:\/\/www.centsys.com\/lat\/img\/admin\/Centurion%20Systems_Motores%20para%20puertas%20corredizas_imagen.jpg&#8221; url=&#8221;https:\/\/www.centsys.com\/lat\/smart&#8221; admin_label=&#8221;FOOTER_SITE WIDE&#8221; _builder_version=&#8221;4.27.2&#8243; _module_preset=&#8221;default&#8221; global_colors_info=&#8221;{}&#8221;][\/et_pb_fullwidth_image][et_pb_fullwidth_header button_one_text=&#8221;Cont\u00e1ctenos&#8221; button_one_url=&#8221;https:\/\/www.centsys.com\/lat\/detalles-de-contacto\/&#8221; button_two_text=&#8221;Soporte t\u00e9cnico&#8221; button_two_url=&#8221;https:\/\/www.centsys.com\/lat\/centro-de-llamadas\/&#8221; disabled_on=&#8221;on|on|on&#8221; _builder_version=&#8221;4.25.2&#8243; _module_preset=&#8221;default&#8221; background_color=&#8221;#c1c1c1&#8243; custom_button_one=&#8221;on&#8221; button_one_text_color=&#8221;#FFFFFF&#8221; button_one_bg_color=&#8221;#999999&#8243; button_one_border_color=&#8221;#999999&#8243; custom_button_two=&#8221;on&#8221; button_two_text_color=&#8221;#FFFFFF&#8221; button_two_bg_color=&#8221;#999999&#8243; button_two_border_color=&#8221;#999999&#8243; custom_margin=&#8221;||-29px|||&#8221; custom_padding=&#8221;8px||44px||false|&#8221; disabled=&#8221;on&#8221; global_colors_info=&#8221;{}&#8221; button_one_text_size__hover_enabled=&#8221;on|hover&#8221; button_one_border_color__hover_enabled=&#8221;on|desktop&#8221; button_one_border_color__hover=&#8221;#81c341&#8243; button_two_bg_color__hover_enabled=&#8221;on|hover&#8221; button_two_bg_color__hover=&#8221;#81c341&#8243; button_two_bg_enable_color__hover=&#8221;on&#8221; button_two_border_color__hover_enabled=&#8221;on|hover&#8221; button_two_border_color__hover=&#8221;#81c341&#8243; button_one_bg_color__hover_enabled=&#8221;on|hover&#8221; button_one_bg_color__hover=&#8221;#81c341&#8243; button_one_bg_enable_color__hover=&#8221;on&#8221;][\/et_pb_fullwidth_header][\/et_pb_section]<\/p>\n","protected":false},"excerpt":{"rendered":"<p>Unidad de Alimentaci\u00f3n SMART de Centurion SystemsLa Unidad de Alimentaci\u00f3n SMART de 24V CC se ha desarrollado para ser un complemento perfecto para los motores de 24V CENTURION, y es ideal para instalaciones con mucho tr\u00e1fico que requieren un ciclo de trabajo superior, al que pueden permitirse los motores accionados por bater\u00eda, gracias a que [&hellip;]<\/p>\n","protected":false},"author":2,"featured_media":0,"parent":0,"menu_order":0,"comment_status":"closed","ping_status":"closed","template":"","meta":{"_et_pb_use_builder":"on","_et_pb_old_content":"","_et_gb_content_width":"","_joinchat":[],"footnotes":""},"class_list":["post-25437","page","type-page","status-publish","hentry"],"yoast_head":"<!-- This site is optimized with the Yoast SEO Premium plugin v26.6 (Yoast SEO v27.5) - https:\/\/yoast.com\/product\/yoast-seo-premium-wordpress\/ -->\r\n<title>Unidad de Alimentaci\u00f3n SMART - Centurion Systems<\/title>\r\n<meta name=\"description\" content=\"La Unidad de Alimentaci\u00f3n SMART de 24V CC se ha desarrollado para ser un complemento perfecto para los motores de 24V CENTURION.\" \/>\r\n<meta name=\"robots\" content=\"index, follow, max-snippet:-1, max-image-preview:large, max-video-preview:-1\" \/>\r\n<link rel=\"canonical\" href=\"https:\/\/www.centsys.com\/lat\/unidad-de-alimentacion-smart\/\" \/>\r\n<meta property=\"og:locale\" content=\"en_US\" \/>\r\n<meta property=\"og:type\" content=\"article\" \/>\r\n<meta property=\"og:title\" content=\"Unidad de Alimentaci\u00f3n SMART\" \/>\r\n<meta property=\"og:description\" content=\"La Unidad de Alimentaci\u00f3n SMART de 24V CC se ha desarrollado para ser un complemento perfecto para los motores de 24V CENTURION.\" \/>\r\n<meta property=\"og:url\" content=\"https:\/\/www.centsys.com\/lat\/unidad-de-alimentacion-smart\/\" \/>\r\n<meta property=\"og:site_name\" content=\"Centurion Systems Spanish\" \/>\r\n<meta property=\"article:modified_time\" content=\"2025-07-02T07:20:53+00:00\" \/>\r\n<meta name=\"twitter:card\" content=\"summary_large_image\" \/>\r\n<meta name=\"twitter:label1\" content=\"Est. reading time\" \/>\n\t<meta name=\"twitter:data1\" content=\"3 minutes\" \/>\r\n<script type=\"application\/ld+json\" class=\"yoast-schema-graph\">{\"@context\":\"https:\\\/\\\/schema.org\",\"@graph\":[{\"@type\":\"WebPage\",\"@id\":\"https:\\\/\\\/www.centsys.com\\\/lat\\\/unidad-de-alimentacion-smart\\\/\",\"url\":\"https:\\\/\\\/www.centsys.com\\\/lat\\\/unidad-de-alimentacion-smart\\\/\",\"name\":\"Unidad de Alimentaci\u00f3n SMART - Centurion Systems\",\"isPartOf\":{\"@id\":\"https:\\\/\\\/www.centsys.com\\\/lat\\\/#website\"},\"datePublished\":\"2024-04-16T11:55:34+00:00\",\"dateModified\":\"2025-07-02T07:20:53+00:00\",\"description\":\"La Unidad de Alimentaci\u00f3n SMART de 24V CC se ha desarrollado para ser un complemento perfecto para los motores de 24V CENTURION.\",\"breadcrumb\":{\"@id\":\"https:\\\/\\\/www.centsys.com\\\/lat\\\/unidad-de-alimentacion-smart\\\/#breadcrumb\"},\"inLanguage\":\"en-ZA\",\"potentialAction\":[{\"@type\":\"ReadAction\",\"target\":[\"https:\\\/\\\/www.centsys.com\\\/lat\\\/unidad-de-alimentacion-smart\\\/\"]}]},{\"@type\":\"BreadcrumbList\",\"@id\":\"https:\\\/\\\/www.centsys.com\\\/lat\\\/unidad-de-alimentacion-smart\\\/#breadcrumb\",\"itemListElement\":[{\"@type\":\"ListItem\",\"position\":1,\"name\":\"INICIO\",\"item\":\"https:\\\/\\\/www.centsys.com\\\/lat\\\/\"},{\"@type\":\"ListItem\",\"position\":2,\"name\":\"Unidad de Alimentaci\u00f3n SMART\"}]},{\"@type\":\"WebSite\",\"@id\":\"https:\\\/\\\/www.centsys.com\\\/lat\\\/#website\",\"url\":\"https:\\\/\\\/www.centsys.com\\\/lat\\\/\",\"name\":\"Centurion Systems Spanish\",\"description\":\"Productos para Automatizaci\u00f3n de Acceso\",\"potentialAction\":[{\"@type\":\"SearchAction\",\"target\":{\"@type\":\"EntryPoint\",\"urlTemplate\":\"https:\\\/\\\/www.centsys.com\\\/lat\\\/?s={search_term_string}\"},\"query-input\":{\"@type\":\"PropertyValueSpecification\",\"valueRequired\":true,\"valueName\":\"search_term_string\"}}],\"inLanguage\":\"en-ZA\"}]}<\/script>\r\n<!-- \/ Yoast SEO Premium plugin. -->","yoast_head_json":{"title":"Unidad de Alimentaci\u00f3n SMART - Centurion Systems","description":"La Unidad de Alimentaci\u00f3n SMART de 24V CC se ha desarrollado para ser un complemento perfecto para los motores de 24V CENTURION.","robots":{"index":"index","follow":"follow","max-snippet":"max-snippet:-1","max-image-preview":"max-image-preview:large","max-video-preview":"max-video-preview:-1"},"canonical":"https:\/\/www.centsys.com\/lat\/unidad-de-alimentacion-smart\/","og_locale":"en_US","og_type":"article","og_title":"Unidad de Alimentaci\u00f3n SMART","og_description":"La Unidad de Alimentaci\u00f3n SMART de 24V CC se ha desarrollado para ser un complemento perfecto para los motores de 24V CENTURION.","og_url":"https:\/\/www.centsys.com\/lat\/unidad-de-alimentacion-smart\/","og_site_name":"Centurion Systems Spanish","article_modified_time":"2025-07-02T07:20:53+00:00","twitter_card":"summary_large_image","twitter_misc":{"Est. reading time":"3 minutes"},"schema":{"@context":"https:\/\/schema.org","@graph":[{"@type":"WebPage","@id":"https:\/\/www.centsys.com\/lat\/unidad-de-alimentacion-smart\/","url":"https:\/\/www.centsys.com\/lat\/unidad-de-alimentacion-smart\/","name":"Unidad de Alimentaci\u00f3n SMART - Centurion Systems","isPartOf":{"@id":"https:\/\/www.centsys.com\/lat\/#website"},"datePublished":"2024-04-16T11:55:34+00:00","dateModified":"2025-07-02T07:20:53+00:00","description":"La Unidad de Alimentaci\u00f3n SMART de 24V CC se ha desarrollado para ser un complemento perfecto para los motores de 24V CENTURION.","breadcrumb":{"@id":"https:\/\/www.centsys.com\/lat\/unidad-de-alimentacion-smart\/#breadcrumb"},"inLanguage":"en-ZA","potentialAction":[{"@type":"ReadAction","target":["https:\/\/www.centsys.com\/lat\/unidad-de-alimentacion-smart\/"]}]},{"@type":"BreadcrumbList","@id":"https:\/\/www.centsys.com\/lat\/unidad-de-alimentacion-smart\/#breadcrumb","itemListElement":[{"@type":"ListItem","position":1,"name":"INICIO","item":"https:\/\/www.centsys.com\/lat\/"},{"@type":"ListItem","position":2,"name":"Unidad de Alimentaci\u00f3n SMART"}]},{"@type":"WebSite","@id":"https:\/\/www.centsys.com\/lat\/#website","url":"https:\/\/www.centsys.com\/lat\/","name":"Centurion Systems Spanish","description":"Productos para Automatizaci\u00f3n de Acceso","potentialAction":[{"@type":"SearchAction","target":{"@type":"EntryPoint","urlTemplate":"https:\/\/www.centsys.com\/lat\/?s={search_term_string}"},"query-input":{"@type":"PropertyValueSpecification","valueRequired":true,"valueName":"search_term_string"}}],"inLanguage":"en-ZA"}]}},"_links":{"self":[{"href":"https:\/\/www.centsys.com\/lat\/wp-json\/wp\/v2\/pages\/25437","targetHints":{"allow":["GET"]}}],"collection":[{"href":"https:\/\/www.centsys.com\/lat\/wp-json\/wp\/v2\/pages"}],"about":[{"href":"https:\/\/www.centsys.com\/lat\/wp-json\/wp\/v2\/types\/page"}],"author":[{"embeddable":true,"href":"https:\/\/www.centsys.com\/lat\/wp-json\/wp\/v2\/users\/2"}],"replies":[{"embeddable":true,"href":"https:\/\/www.centsys.com\/lat\/wp-json\/wp\/v2\/comments?post=25437"}],"version-history":[{"count":0,"href":"https:\/\/www.centsys.com\/lat\/wp-json\/wp\/v2\/pages\/25437\/revisions"}],"wp:attachment":[{"href":"https:\/\/www.centsys.com\/lat\/wp-json\/wp\/v2\/media?parent=25437"}],"curies":[{"name":"wp","href":"https:\/\/api.w.org\/{rel}","templated":true}]}}