{"id":26256,"date":"2024-04-12T22:15:47","date_gmt":"2024-04-12T20:15:47","guid":{"rendered":"https:\/\/www.centsys.co.za\/?page_id=25388"},"modified":"2025-09-16T00:32:18","modified_gmt":"2025-09-15T22:32:18","slug":"d6-smart-motor-para-puertas-domesticas","status":"publish","type":"page","link":"https:\/\/www.centsys.com\/lat\/d6-smart-motor-para-puertas-domesticas\/","title":{"rendered":"D6 SMART &#8211; Motor para puertas dom\u00e9sticas"},"content":{"rendered":"<p>[et_pb_section fb_built=&#8221;1&#8243; fullwidth=&#8221;on&#8221; _builder_version=&#8221;4.24.3&#8243; _module_preset=&#8221;default&#8221; global_colors_info=&#8221;{}&#8221;][et_pb_fullwidth_image src=&#8221;https:\/\/www.centsys.com\/lat\/img\/d6smart\/D6 SMART &#8211; motor para puertas dom\u00e9sticas_principal.jpg&#8221; _builder_version=&#8221;4.27.2&#8243; _module_preset=&#8221;default&#8221; global_colors_info=&#8221;{}&#8221;][\/et_pb_fullwidth_image][\/et_pb_section][et_pb_section fb_built=&#8221;1&#8243; _builder_version=&#8221;4.24.3&#8243; _module_preset=&#8221;default&#8221; global_colors_info=&#8221;{}&#8221;][et_pb_row _builder_version=&#8221;4.24.3&#8243; _module_preset=&#8221;default&#8221; global_colors_info=&#8221;{}&#8221;][et_pb_column type=&#8221;4_4&#8243; _builder_version=&#8221;4.24.3&#8243; _module_preset=&#8221;default&#8221; global_colors_info=&#8221;{}&#8221;][et_pb_text _builder_version=&#8221;4.27.2&#8243; _module_preset=&#8221;default&#8221; global_colors_info=&#8221;{}&#8221;]<\/p>\n<h1 style=\"text-align: center;\">Haciendo tu vida m\u00e1s f\u00e1cil con el nuevo motor para port\u00f3n D6 SMART<\/h1>\n<p>[\/et_pb_text][et_pb_image src=&#8221;https:\/\/www.centsys.com\/lat\/img\/d6smart\/D6 SMART &#8211; motor para puertas dom\u00e9sticas_imagen.jpg&#8221; _builder_version=&#8221;4.27.2&#8243; _module_preset=&#8221;default&#8221; global_colors_info=&#8221;{}&#8221;][\/et_pb_image][\/et_pb_column][\/et_pb_row][et_pb_row column_structure=&#8221;3_5,2_5&#8243; _builder_version=&#8221;4.24.3&#8243; _module_preset=&#8221;default&#8221; global_colors_info=&#8221;{}&#8221;][et_pb_column type=&#8221;3_5&#8243; _builder_version=&#8221;4.24.3&#8243; _module_preset=&#8221;default&#8221; global_colors_info=&#8221;{}&#8221;][et_pb_text _builder_version=&#8221;4.27.2&#8243; _module_preset=&#8221;default&#8221; global_colors_info=&#8221;{}&#8221;]<\/p>\n<p>M\u00e1s de 30 a\u00f1os de ser l\u00edder en automatizaci\u00f3n de accesos, y nuestra incansable b\u00fasqueda de soluciones innovadoras ha dado resultados con una respuesta a \u201ctodo\u201d, desde informes inteligentes basado en dispositivos m\u00f3viles, configuraci\u00f3n y operaci\u00f3n.<\/p>\n<p><strong>Le encantar\u00e1 usar el D6 SMART,<\/strong> insuperable utilidad y control en la palma de sus manos.<\/p>\n<p>[\/et_pb_text][et_pb_text _builder_version=&#8221;4.27.2&#8243; _module_preset=&#8221;default&#8221; global_colors_info=&#8221;{}&#8221;]<\/p>\n<h2><strong>CARACTER\u00cdSTICAS PRINCIPALES:<\/strong><\/h2>\n<h3><strong>Velocidad y seguridad<\/strong><\/h3>\n<ul>\n<li>Utilizando toda la tecnolog\u00eda y diversos factores de seguridad de la velocidad, el <strong>D6 SMART<\/strong> puede alcanzar una impresionante m\u00e1xima velocidad de 30 metros por minuto, logrando el equilibrio perfecto entre seguridad y protecci\u00f3n.<\/li>\n<\/ul>\n<h3><strong>Diagn\u00f3stico avanzado<\/strong><\/h3>\n<ul>\n<li>El D6 SM\u0394RT le facilita la vida con funciones de diagn\u00f3stico avanzado, para medir y monitorear la mayor\u00eda de los aspectos del estado del motor, que incluye:\n<ul>\n<li>Hardware del controlador.<\/li>\n<li>Cargador de la bater\u00eda.<\/li>\n<li>Motor.<\/li>\n<li>Sensor de anulaci\u00f3n.<\/li>\n<li>Sensor de origen opcional.<\/li>\n<li>Estado de bater\u00eda carga baja.<\/li>\n<li>Accesorios externos conectados en el D6 SM\u0394RT.<\/li>\n<\/ul>\n<\/li>\n<\/ul>\n<h3><strong>Sin esfuerzo e inal\u00e1mbrico<\/strong><\/h3>\n<ul>\n<li>\n<p id=\"tw-target-text\" class=\"tw-data-text tw-text-large XcVN5d tw-ta\" dir=\"ltr\" data-placeholder=\"Translation\">Para los instaladores, la aplicaci\u00f3n MyCentsys Pro, hace que la configuraci\u00f3n del motor tenga muchas funciones y sea sencilla.<\/p>\n<\/li>\n<\/ul>\n<h3 class=\"Pa0\" style=\"page-break-before: always;\"><strong>Hardware Inteligente<\/strong><\/h3>\n<ul>\n<li>El D6 SMART no s\u00f3lo es excepcionalmente atrayente, pero tambi\u00e9n proporciona la mejor experiencia para los instaladores y usuarios finales por igual.<\/li>\n<li>El dise\u00f1o mec\u00e1nico del D6 SM\u0394RT incluye:\n<ul>\n<li>Excelente uso de cables para una instalaci\u00f3n limpia y f\u00e1cil.<\/li>\n<li>Ajuste de altura SM\u0394RT, lo que garantiza que sea una correcta instalaci\u00f3n.<\/li>\n<li>F\u00e1cil acceso a las conexiones.<\/li>\n<li>El ingenioso ensamble de componentes con forma ordenada y resistente.<\/li>\n<li>Dos bandejas que mantienen los accesorios firmemente en su lugar y proporcionan un acceso r\u00e1pido y f\u00e1cil de conexi\u00f3n para cables.<\/li>\n<\/ul>\n<\/li>\n<\/ul>\n<h3 id=\"tw-target-text\" class=\"tw-data-text tw-text-large XcVN5d tw-ta\" dir=\"ltr\" data-placeholder=\"Translation\"><strong>Informe y registro inteligente<\/strong><\/h3>\n<ul>\n<li>El D6 SMART proporciona retroalimentaci\u00f3n o comentarios inteligentes sobre el funcionamiento en general y el informe de su motor, como el<br \/>\u00faltimo por ejemplo, el ultimo control remoto utilizado, el estado de la bater\u00eda y a qu\u00e9 velocidad est\u00e1 utilizando la puerta, facilitando una m\u00e1xima tranquilidad y experiencia SMART.<\/li>\n<li>\u00a1Y a su instalador tambi\u00e9n le encantar\u00e1 el D6 SM\u0394RT! Al capturar datos t\u00e9cnicos avanzados, el instalador tendr\u00e1 acceso r\u00e1pido a los diagn\u00f3sticos del sistema, lo que le ahorrar\u00e1 tiempo y esfuerzo. Le permitir\u00e1 realizar su trabajo de manera m\u00e1s eficiente.<\/li>\n<\/ul>\n<p>[\/et_pb_text][et_pb_video src=&#8221;https:\/\/youtu.be\/UCcASqbogh4&#8243; _builder_version=&#8221;4.27.2&#8243; _module_preset=&#8221;default&#8221; global_colors_info=&#8221;{}&#8221;][\/et_pb_video][\/et_pb_column][et_pb_column type=&#8221;2_5&#8243; _builder_version=&#8221;4.24.3&#8243; _module_preset=&#8221;default&#8221; global_colors_info=&#8221;{}&#8221;][et_pb_image src=&#8221;https:\/\/www.centsys.com\/lat\/img\/d6smart\/D6 SMART &#8211; motor para puertas dom\u00e9sticas_logo.jpg&#8221; _builder_version=&#8221;4.27.2&#8243; _module_preset=&#8221;default&#8221; global_colors_info=&#8221;{}&#8221;][\/et_pb_image][et_pb_image src=&#8221;https:\/\/www.centsys.com\/lat\/img\/d6smart\/D6 SMART &#8211; motor para puertas dom\u00e9sticas_producto.jpg&#8221; _builder_version=&#8221;4.27.2&#8243; _module_preset=&#8221;default&#8221; global_colors_info=&#8221;{}&#8221;][\/et_pb_image][et_pb_image _builder_version=&#8221;4.24.3&#8243; _module_preset=&#8221;default&#8221; global_colors_info=&#8221;{}&#8221;][\/et_pb_image][et_pb_code _builder_version=&#8221;4.27.4&#8243; _module_preset=&#8221;default&#8221; hover_enabled=&#8221;0&#8243; global_colors_info=&#8221;{}&#8221; sticky_enabled=&#8221;0&#8243;]<\/p>\n<table border=\"0\" width=\"330\"><!-- [et_pb_line_break_holder] --><\/p>\n<tbody><!-- [et_pb_line_break_holder] --><\/p>\n<tr><!-- [et_pb_line_break_holder] --><\/p>\n<td><img decoding=\"async\" src=\"https:\/\/www.centsys.com\/mx\/img\/smart\/CENTURON%20D-SERIES%20Spanish%20PDF.jpg\" \/><\/td>\n<p><!-- [et_pb_line_break_holder] --><\/p>\n<td><a href=\"https:\/\/www.centsys.com\/lat\/img\/d6smart\/1401.D.02.0013 D6 SMART Brochure SP LAT_05062024_MT_Web.pdf\">Folleto: D6 SMART (969kb)<\/a><\/td>\n<p><!-- [et_pb_line_break_holder] --><\/tr>\n<p><!-- [et_pb_line_break_holder] -->  <\/p>\n<tr><!-- [et_pb_line_break_holder] --><\/p>\n<td><img decoding=\"async\" src=\"https:\/\/www.centsys.com\/mx\/img\/smart\/CENTURON%20D-SERIES%20Spanish%20PDF.jpg\" \/><\/td>\n<p><!-- [et_pb_line_break_holder] --><\/p>\n<td><a href=\"https:\/\/www.centsys.com\/lat\/pdf\/d6smart\/1401.D.01.0023%20D6%20Smart%20Installation%20Manual%20SP%20LAT_19122024_AP_Web_App.pdf\">Manual de instalaci\u00f3n: D6 SMART (5.9MB)<\/a><\/td>\n<p><!-- [et_pb_line_break_holder] --><\/tr>\n<p><!-- [et_pb_line_break_holder] -->   <\/p>\n<tr><!-- [et_pb_line_break_holder] --><\/p>\n<td><img decoding=\"async\" src=\"https:\/\/www.centsys.com\/mx\/img\/smart\/CENTURON%20D-SERIES%20Spanish%20PDF.jpg\" \/><\/td>\n<p><!-- [et_pb_line_break_holder] --><\/p>\n<td><a href=\"https:\/\/www.centsys.com\/lat\/pdf\/theft\/1401.D.01.0019%20D3S%20D5ES%20D6S%20Theft-Deterrent%20Cage%20SPLAT_10032025_AP_Web.pdf\">Manual de instalaci\u00f3n de la jaula antirrobo: D6 SMART (1.18MB)<\/a><\/td>\n<p><!-- [et_pb_line_break_holder] --><\/tr>\n<p><!-- [et_pb_line_break_holder] -->  <\/p>\n<tr><!-- [et_pb_line_break_holder] --><\/p>\n<td><img decoding=\"async\" src=\"https:\/\/www.centsys.com\/mx\/img\/smart\/CENTURON%20D-SERIES%20Spanish%20PDF.jpg\" \/><\/td>\n<p><!-- [et_pb_line_break_holder] --><\/p>\n<td><a href=\"https:\/\/www.centsys.com\/lat\/img\/d6smart\/1401.D.01.0025%20SMART%20Origin%20Marker%20Pamphlet%20SP%20LAT_20112024_MT_Web.pdf\">Gu\u00eda R\u00e1pida: Sensor y marcador de origen SMART (611KB)<\/a><\/td>\n<p><!-- [et_pb_line_break_holder] --><\/tr>\n<p><!-- [et_pb_line_break_holder] --> <\/p>\n<tr><!-- [et_pb_line_break_holder] --><\/p>\n<td><img decoding=\"async\" src=\"https:\/\/www.centsys.com\/mx\/img\/smart\/CENTURON%20D-SERIES%20Spanish%20PDF.jpg\" \/><\/td>\n<p><!-- [et_pb_line_break_holder] --><\/p>\n<td><a href=\"https:\/\/www.centsys.com\/lat\/pdf\/theft\/0000.D.02.0010 Anti-lift Brackets Brochure SP_LAT 04092025_AP_Web.pdf\">Folleto: CENTURION soportes anti-elevaci\u00f3n (199kb)<\/a><\/td>\n<p><!-- [et_pb_line_break_holder] --><\/tr>\n<p><!-- [et_pb_line_break_holder] --><\/p>\n<tr><!-- [et_pb_line_break_holder] --><\/p>\n<td><img decoding=\"async\" src=\"https:\/\/www.centsys.com\/mx\/img\/smart\/CENTURON%20D-SERIES%20Spanish%20PDF.jpg\" \/><\/td>\n<p><!-- [et_pb_line_break_holder] --><\/p>\n<td><a href=\" https:\/\/www.centsys.com\/lat\/pdf\/theft\/0000.D.01.0014%20Anti-lift%20Brackets%20Installation%20Manual%20SPLAT%2001072025_AP_Web.pdf\">Manual de instalaci\u00f3n: CENTURION soportes anti-elevaci\u00f3n (4.00MB)<\/a><\/td>\n<p><!-- [et_pb_line_break_holder] --><\/tr>\n<p><!-- [et_pb_line_break_holder] --><!-- [et_pb_line_break_holder] --><!-- [et_pb_line_break_holder] --><\/tbody>\n<p><!-- [et_pb_line_break_holder] --><\/table>\n<p>[\/et_pb_code][\/et_pb_column][\/et_pb_row][\/et_pb_section][et_pb_section fb_built=&#8221;1&#8243; _builder_version=&#8221;4.24.3&#8243; _module_preset=&#8221;default&#8221; global_colors_info=&#8221;{}&#8221;][et_pb_row _builder_version=&#8221;4.24.3&#8243; _module_preset=&#8221;default&#8221; global_colors_info=&#8221;{}&#8221;][et_pb_column type=&#8221;4_4&#8243; _builder_version=&#8221;4.24.3&#8243; _module_preset=&#8221;default&#8221; global_colors_info=&#8221;{}&#8221;][et_pb_text _builder_version=&#8221;4.27.2&#8243; _module_preset=&#8221;default&#8221; global_colors_info=&#8221;{}&#8221;]<\/p>\n<h5>ESPECIFICACIONES T\u00c9CNICAS\u00a0<\/h5>\n<div id=\"footable_parent_26310\"\n         class=\" footable_parent ninja_table_wrapper loading_ninja_table wp_table_data_press_parent semantic_ui \">\n                <table data-ninja_table_instance=\"ninja_table_instance_0\" data-footable_id=\"26310\" data-filter-delay=\"1000\" aria-label=\"D6 SMART\"            id=\"footable_26310\"\n           data-unique_identifier=\"ninja_table_unique_id_2394151159_26310\"\n           class=\" foo-table ninja_footable foo_table_26310 ninja_table_unique_id_2394151159_26310 ui table  nt_type_ajax_table vertical_centered  footable-paging-right ninja_table_search_disabled\">\n                <colgroup>\n                            <col class=\"ninja_column_0 \">\n                            <col class=\"ninja_column_1 \">\n                    <\/colgroup>\n            <\/table>\n    \n    \n    \n<\/div>\n\n<p>1. Puede funcionar con alimentaci\u00f3n solar; para m\u00e1s informaci\u00f3n, consulte a su distributor local.<br \/>2. Basado en una temperatura ambiente de 25\u00b0C y una unidad no expuesta a la luz solar directa.<br \/>3. Basado en una fuerza de empuje del motor inferior al 50% de la nominal, (fuerzas de arranque y funcionamiento).<br \/>4. Las velocidades de apertura y cierre de la puerta pueden configurarse, para que funcionen m\u00e1s lentamente en funci\u00f3n de las necesidades de cada instalaci\u00f3n.<br \/>5. Puede aumentar la capacidad de la bater\u00eda para tiempos de espera m\u00e1s largos.<br \/>6. Basado en una puerta de 4m, excluidos todos los accesorios.<br \/>7. Se pueden usar varios botones para el mando.<\/p>\n<p>[\/et_pb_text][\/et_pb_column][\/et_pb_row][\/et_pb_section][et_pb_section fb_built=&#8221;1&#8243; fullwidth=&#8221;on&#8221; admin_label=&#8221;THIS IS THE MID SECTION BANNER SITE WIDE&#8221; _builder_version=&#8221;4.23.1&#8243; _module_preset=&#8221;default&#8221; global_module=&#8221;24415&#8243; global_colors_info=&#8221;{}&#8221;][et_pb_fullwidth_image src=&#8221;https:\/\/www.centsys.com\/lat\/img\/admin\/Centurion%20Systems_Motores%20para%20puertas%20corredizas_imagen.jpg&#8221; url=&#8221;https:\/\/www.centsys.com\/lat\/smart&#8221; admin_label=&#8221;FOOTER_SITE WIDE&#8221; _builder_version=&#8221;4.27.2&#8243; _module_preset=&#8221;default&#8221; global_colors_info=&#8221;{}&#8221;][\/et_pb_fullwidth_image][et_pb_fullwidth_header button_one_text=&#8221;Cont\u00e1ctenos&#8221; button_one_url=&#8221;https:\/\/www.centsys.com\/lat\/detalles-de-contacto\/&#8221; button_two_text=&#8221;Soporte t\u00e9cnico&#8221; button_two_url=&#8221;https:\/\/www.centsys.com\/lat\/centro-de-llamadas\/&#8221; disabled_on=&#8221;on|on|on&#8221; _builder_version=&#8221;4.25.2&#8243; _module_preset=&#8221;default&#8221; background_color=&#8221;#c1c1c1&#8243; custom_button_one=&#8221;on&#8221; button_one_text_color=&#8221;#FFFFFF&#8221; button_one_bg_color=&#8221;#999999&#8243; button_one_border_color=&#8221;#999999&#8243; custom_button_two=&#8221;on&#8221; button_two_text_color=&#8221;#FFFFFF&#8221; button_two_bg_color=&#8221;#999999&#8243; button_two_border_color=&#8221;#999999&#8243; custom_margin=&#8221;||-29px|||&#8221; custom_padding=&#8221;8px||44px||false|&#8221; disabled=&#8221;on&#8221; global_colors_info=&#8221;{}&#8221; button_one_text_size__hover_enabled=&#8221;on|hover&#8221; button_one_border_color__hover_enabled=&#8221;on|desktop&#8221; button_one_border_color__hover=&#8221;#81c341&#8243; button_two_bg_color__hover_enabled=&#8221;on|hover&#8221; button_two_bg_color__hover=&#8221;#81c341&#8243; button_two_bg_enable_color__hover=&#8221;on&#8221; button_two_border_color__hover_enabled=&#8221;on|hover&#8221; button_two_border_color__hover=&#8221;#81c341&#8243; button_one_bg_color__hover_enabled=&#8221;on|hover&#8221; button_one_bg_color__hover=&#8221;#81c341&#8243; button_one_bg_enable_color__hover=&#8221;on&#8221;][\/et_pb_fullwidth_header][\/et_pb_section]<\/p>\n","protected":false},"excerpt":{"rendered":"<p>Haciendo tu vida m\u00e1s f\u00e1cil con el nuevo motor para port\u00f3n D6 SMARTM\u00e1s de 30 a\u00f1os de ser l\u00edder en automatizaci\u00f3n de accesos, y nuestra incansable b\u00fasqueda de soluciones innovadoras ha dado resultados con una respuesta a \u201ctodo\u201d, desde informes inteligentes basado en dispositivos m\u00f3viles, configuraci\u00f3n y operaci\u00f3n. Le encantar\u00e1 usar el D6 SMART, insuperable [&hellip;]<\/p>\n","protected":false},"author":2,"featured_media":0,"parent":0,"menu_order":0,"comment_status":"closed","ping_status":"closed","template":"","meta":{"_et_pb_use_builder":"on","_et_pb_old_content":"","_et_gb_content_width":"","_joinchat":[],"footnotes":""},"class_list":["post-26256","page","type-page","status-publish","hentry"],"yoast_head":"<!-- This site is optimized with the Yoast SEO Premium plugin v26.6 (Yoast SEO v27.3) - https:\/\/yoast.com\/product\/yoast-seo-premium-wordpress\/ -->\r\n<title>D6 SMART - Motor para puertas dom\u00e9sticas - Centurion Systems<\/title>\r\n<meta name=\"description\" content=\"\u00bfQu\u00e9 hace que el D6 SMART sea taninteligente? Bueno, muchas cosas,\u00a1pero donde brilla es el beneficio detener una opci\u00f3n inal\u00e1mbrica!\" \/>\r\n<meta name=\"robots\" content=\"index, follow, max-snippet:-1, max-image-preview:large, max-video-preview:-1\" \/>\r\n<link rel=\"canonical\" href=\"https:\/\/www.centsys.com\/lat\/d6-smart-motor-para-puertas-domesticas\/\" \/>\r\n<meta property=\"og:locale\" content=\"en_US\" \/>\r\n<meta property=\"og:type\" content=\"article\" \/>\r\n<meta property=\"og:title\" content=\"D6 SMART - Motor para puertas dom\u00e9sticas\" \/>\r\n<meta property=\"og:description\" content=\"\u00bfQu\u00e9 hace que el D6 SMART sea taninteligente? Bueno, muchas cosas,\u00a1pero donde brilla es el beneficio detener una opci\u00f3n inal\u00e1mbrica!\" \/>\r\n<meta property=\"og:url\" content=\"https:\/\/www.centsys.com\/lat\/d6-smart-motor-para-puertas-domesticas\/\" \/>\r\n<meta property=\"og:site_name\" content=\"Centurion Systems Spanish\" \/>\r\n<meta property=\"article:modified_time\" content=\"2025-09-15T22:32:18+00:00\" \/>\r\n<meta property=\"og:image\" content=\"https:\/\/www.centsys.com\/mx\/img\/smart\/CENTURON%20D-SERIES%20Spanish%20PDF.jpg\" \/>\r\n<meta name=\"twitter:card\" content=\"summary_large_image\" \/>\r\n<meta name=\"twitter:label1\" content=\"Est. reading time\" \/>\n\t<meta name=\"twitter:data1\" content=\"5 minutes\" \/>\r\n<script type=\"application\/ld+json\" class=\"yoast-schema-graph\">{\"@context\":\"https:\\\/\\\/schema.org\",\"@graph\":[{\"@type\":\"WebPage\",\"@id\":\"https:\\\/\\\/www.centsys.com\\\/lat\\\/d6-smart-motor-para-puertas-domesticas\\\/\",\"url\":\"https:\\\/\\\/www.centsys.com\\\/lat\\\/d6-smart-motor-para-puertas-domesticas\\\/\",\"name\":\"D6 SMART - Motor para puertas dom\u00e9sticas - Centurion Systems\",\"isPartOf\":{\"@id\":\"https:\\\/\\\/www.centsys.com\\\/lat\\\/#website\"},\"primaryImageOfPage\":{\"@id\":\"https:\\\/\\\/www.centsys.com\\\/lat\\\/d6-smart-motor-para-puertas-domesticas\\\/#primaryimage\"},\"image\":{\"@id\":\"https:\\\/\\\/www.centsys.com\\\/lat\\\/d6-smart-motor-para-puertas-domesticas\\\/#primaryimage\"},\"thumbnailUrl\":\"https:\\\/\\\/www.centsys.com\\\/mx\\\/img\\\/smart\\\/CENTURON%20D-SERIES%20Spanish%20PDF.jpg\",\"datePublished\":\"2024-04-12T20:15:47+00:00\",\"dateModified\":\"2025-09-15T22:32:18+00:00\",\"description\":\"\u00bfQu\u00e9 hace que el D6 SMART sea taninteligente? Bueno, muchas cosas,\u00a1pero donde brilla es el beneficio detener una opci\u00f3n inal\u00e1mbrica!\",\"breadcrumb\":{\"@id\":\"https:\\\/\\\/www.centsys.com\\\/lat\\\/d6-smart-motor-para-puertas-domesticas\\\/#breadcrumb\"},\"inLanguage\":\"en-ZA\",\"potentialAction\":[{\"@type\":\"ReadAction\",\"target\":[\"https:\\\/\\\/www.centsys.com\\\/lat\\\/d6-smart-motor-para-puertas-domesticas\\\/\"]}]},{\"@type\":\"ImageObject\",\"inLanguage\":\"en-ZA\",\"@id\":\"https:\\\/\\\/www.centsys.com\\\/lat\\\/d6-smart-motor-para-puertas-domesticas\\\/#primaryimage\",\"url\":\"https:\\\/\\\/www.centsys.com\\\/mx\\\/img\\\/smart\\\/CENTURON%20D-SERIES%20Spanish%20PDF.jpg\",\"contentUrl\":\"https:\\\/\\\/www.centsys.com\\\/mx\\\/img\\\/smart\\\/CENTURON%20D-SERIES%20Spanish%20PDF.jpg\"},{\"@type\":\"BreadcrumbList\",\"@id\":\"https:\\\/\\\/www.centsys.com\\\/lat\\\/d6-smart-motor-para-puertas-domesticas\\\/#breadcrumb\",\"itemListElement\":[{\"@type\":\"ListItem\",\"position\":1,\"name\":\"INICIO\",\"item\":\"https:\\\/\\\/www.centsys.com\\\/lat\\\/\"},{\"@type\":\"ListItem\",\"position\":2,\"name\":\"D6 SMART &#8211; Motor para puertas dom\u00e9sticas\"}]},{\"@type\":\"WebSite\",\"@id\":\"https:\\\/\\\/www.centsys.com\\\/lat\\\/#website\",\"url\":\"https:\\\/\\\/www.centsys.com\\\/lat\\\/\",\"name\":\"Centurion Systems Spanish\",\"description\":\"Productos para Automatizaci\u00f3n de Acceso\",\"potentialAction\":[{\"@type\":\"SearchAction\",\"target\":{\"@type\":\"EntryPoint\",\"urlTemplate\":\"https:\\\/\\\/www.centsys.com\\\/lat\\\/?s={search_term_string}\"},\"query-input\":{\"@type\":\"PropertyValueSpecification\",\"valueRequired\":true,\"valueName\":\"search_term_string\"}}],\"inLanguage\":\"en-ZA\"}]}<\/script>\r\n<!-- \/ Yoast SEO Premium plugin. -->","yoast_head_json":{"title":"D6 SMART - Motor para puertas dom\u00e9sticas - Centurion Systems","description":"\u00bfQu\u00e9 hace que el D6 SMART sea taninteligente? Bueno, muchas cosas,\u00a1pero donde brilla es el beneficio detener una opci\u00f3n inal\u00e1mbrica!","robots":{"index":"index","follow":"follow","max-snippet":"max-snippet:-1","max-image-preview":"max-image-preview:large","max-video-preview":"max-video-preview:-1"},"canonical":"https:\/\/www.centsys.com\/lat\/d6-smart-motor-para-puertas-domesticas\/","og_locale":"en_US","og_type":"article","og_title":"D6 SMART - Motor para puertas dom\u00e9sticas","og_description":"\u00bfQu\u00e9 hace que el D6 SMART sea taninteligente? Bueno, muchas cosas,\u00a1pero donde brilla es el beneficio detener una opci\u00f3n inal\u00e1mbrica!","og_url":"https:\/\/www.centsys.com\/lat\/d6-smart-motor-para-puertas-domesticas\/","og_site_name":"Centurion Systems Spanish","article_modified_time":"2025-09-15T22:32:18+00:00","og_image":[{"url":"https:\/\/www.centsys.com\/mx\/img\/smart\/CENTURON%20D-SERIES%20Spanish%20PDF.jpg","type":"","width":"","height":""}],"twitter_card":"summary_large_image","twitter_misc":{"Est. reading time":"5 minutes"},"schema":{"@context":"https:\/\/schema.org","@graph":[{"@type":"WebPage","@id":"https:\/\/www.centsys.com\/lat\/d6-smart-motor-para-puertas-domesticas\/","url":"https:\/\/www.centsys.com\/lat\/d6-smart-motor-para-puertas-domesticas\/","name":"D6 SMART - Motor para puertas dom\u00e9sticas - Centurion Systems","isPartOf":{"@id":"https:\/\/www.centsys.com\/lat\/#website"},"primaryImageOfPage":{"@id":"https:\/\/www.centsys.com\/lat\/d6-smart-motor-para-puertas-domesticas\/#primaryimage"},"image":{"@id":"https:\/\/www.centsys.com\/lat\/d6-smart-motor-para-puertas-domesticas\/#primaryimage"},"thumbnailUrl":"https:\/\/www.centsys.com\/mx\/img\/smart\/CENTURON%20D-SERIES%20Spanish%20PDF.jpg","datePublished":"2024-04-12T20:15:47+00:00","dateModified":"2025-09-15T22:32:18+00:00","description":"\u00bfQu\u00e9 hace que el D6 SMART sea taninteligente? Bueno, muchas cosas,\u00a1pero donde brilla es el beneficio detener una opci\u00f3n inal\u00e1mbrica!","breadcrumb":{"@id":"https:\/\/www.centsys.com\/lat\/d6-smart-motor-para-puertas-domesticas\/#breadcrumb"},"inLanguage":"en-ZA","potentialAction":[{"@type":"ReadAction","target":["https:\/\/www.centsys.com\/lat\/d6-smart-motor-para-puertas-domesticas\/"]}]},{"@type":"ImageObject","inLanguage":"en-ZA","@id":"https:\/\/www.centsys.com\/lat\/d6-smart-motor-para-puertas-domesticas\/#primaryimage","url":"https:\/\/www.centsys.com\/mx\/img\/smart\/CENTURON%20D-SERIES%20Spanish%20PDF.jpg","contentUrl":"https:\/\/www.centsys.com\/mx\/img\/smart\/CENTURON%20D-SERIES%20Spanish%20PDF.jpg"},{"@type":"BreadcrumbList","@id":"https:\/\/www.centsys.com\/lat\/d6-smart-motor-para-puertas-domesticas\/#breadcrumb","itemListElement":[{"@type":"ListItem","position":1,"name":"INICIO","item":"https:\/\/www.centsys.com\/lat\/"},{"@type":"ListItem","position":2,"name":"D6 SMART &#8211; Motor para puertas dom\u00e9sticas"}]},{"@type":"WebSite","@id":"https:\/\/www.centsys.com\/lat\/#website","url":"https:\/\/www.centsys.com\/lat\/","name":"Centurion Systems Spanish","description":"Productos para Automatizaci\u00f3n de Acceso","potentialAction":[{"@type":"SearchAction","target":{"@type":"EntryPoint","urlTemplate":"https:\/\/www.centsys.com\/lat\/?s={search_term_string}"},"query-input":{"@type":"PropertyValueSpecification","valueRequired":true,"valueName":"search_term_string"}}],"inLanguage":"en-ZA"}]}},"_links":{"self":[{"href":"https:\/\/www.centsys.com\/lat\/wp-json\/wp\/v2\/pages\/26256","targetHints":{"allow":["GET"]}}],"collection":[{"href":"https:\/\/www.centsys.com\/lat\/wp-json\/wp\/v2\/pages"}],"about":[{"href":"https:\/\/www.centsys.com\/lat\/wp-json\/wp\/v2\/types\/page"}],"author":[{"embeddable":true,"href":"https:\/\/www.centsys.com\/lat\/wp-json\/wp\/v2\/users\/2"}],"replies":[{"embeddable":true,"href":"https:\/\/www.centsys.com\/lat\/wp-json\/wp\/v2\/comments?post=26256"}],"version-history":[{"count":0,"href":"https:\/\/www.centsys.com\/lat\/wp-json\/wp\/v2\/pages\/26256\/revisions"}],"wp:attachment":[{"href":"https:\/\/www.centsys.com\/lat\/wp-json\/wp\/v2\/media?parent=26256"}],"curies":[{"name":"wp","href":"https:\/\/api.w.org\/{rel}","templated":true}]}}