{"id":26257,"date":"2024-04-16T14:52:40","date_gmt":"2024-04-16T12:52:40","guid":{"rendered":"https:\/\/www.centsys.co.za\/?page_id=25444"},"modified":"2025-06-09T10:17:15","modified_gmt":"2025-06-09T08:17:15","slug":"intercomunicador-metalico-para-puertas","status":"publish","type":"page","link":"https:\/\/www.centsys.com\/lat\/intercomunicador-metalico-para-puertas\/","title":{"rendered":"Intercomunicador met\u00e1lico para puertas"},"content":{"rendered":"<p>[et_pb_section fb_built=&#8221;1&#8243; fullwidth=&#8221;on&#8221; _builder_version=&#8221;4.24.3&#8243; _module_preset=&#8221;default&#8221; global_colors_info=&#8221;{}&#8221;][et_pb_fullwidth_image src=&#8221;https:\/\/www.centsys.com\/lat\/img\/gatestation\/Intercomunicador met\u00e1lico CENTURION_Imagen principal.jpg&#8221; _builder_version=&#8221;4.27.2&#8243; _module_preset=&#8221;default&#8221; global_colors_info=&#8221;{}&#8221;][\/et_pb_fullwidth_image][\/et_pb_section][et_pb_section fb_built=&#8221;1&#8243; _builder_version=&#8221;4.24.3&#8243; _module_preset=&#8221;default&#8221; global_colors_info=&#8221;{}&#8221;][et_pb_row column_structure=&#8221;3_5,2_5&#8243; _builder_version=&#8221;4.24.3&#8243; _module_preset=&#8221;default&#8221; global_colors_info=&#8221;{}&#8221;][et_pb_column type=&#8221;3_5&#8243; _builder_version=&#8221;4.24.3&#8243; _module_preset=&#8221;default&#8221; global_colors_info=&#8221;{}&#8221;][et_pb_text _builder_version=&#8221;4.27.4&#8243; _module_preset=&#8221;default&#8221; global_colors_info=&#8221;{}&#8221;]<\/p>\n<h1>Diga &#8220;hola&#8221; a la nueva imagen de seguridad y comodidad en cualquier lugar.<\/h1>\n<p style=\"margin-bottom: 8.0pt; line-height: 150%;\">Con un dise\u00f1o audaz y moderno, la nueva estaci\u00f3n met\u00e1lica para puertas de CENTURION del sistema de intercomunicaci\u00f3n G-SPEAK ULTRA GSM, no s\u00f3lo realza el atractivo est\u00e9tico y causa una primera impresi\u00f3n, sino que tambi\u00e9n ofrece una mejor protecci\u00f3n contra manipulaciones. Al igual que la calidad de voz de CENTURION G-SPEAK, el mensaje es claro: diga &#8220;hola&#8221; a la nueva imagen de seguridad y comodidad en cualquier lugar.<\/p>\n<p><strong>Favor de notar que solo los modelos de 1 y 2 botones de la Estaci\u00f3n &#8220;Metal Gate&#8221;, son compatibles con la tecnolog\u00eda inal\u00e1mbrica 2G, 3G y 4G. La Estaci\u00f3n &#8220;Metal Gate&#8221; de 4 botones actualmente solo es compatible con 4G.<\/strong><\/p>\n<p>&nbsp;<\/p>\n<p>[\/et_pb_text][et_pb_button button_url=&#8221;https:\/\/www.centsys.com\/lat\/pdf\/metalgate\/1411.D.02.0003%20Metal%20Gate%20Station%20Brochure%20SP%20LAT_04032025_AP_Web.pdf&#8221; url_new_window=&#8221;on&#8221; button_text=&#8221;Descargar folleto&#8221; button_alignment=&#8221;center&#8221; admin_label=&#8221;Button&#8221; _builder_version=&#8221;4.27.4&#8243; _module_preset=&#8221;default&#8221; global_colors_info=&#8221;{}&#8221;][\/et_pb_button][et_pb_button button_url=&#8221;https:\/\/www.centsys.com\/lat\/pdf\/metalgate\/1411.D.01.0002%20Metal%20Gate%20Station%20Installation%20Manual%20SP%20LAT_25022025_AP_Web_App.pdf&#8221; url_new_window=&#8221;on&#8221; button_text=&#8221;Descargar manual de instalaci\u00f3n&#8221; button_alignment=&#8221;center&#8221; _builder_version=&#8221;4.27.4&#8243; _module_preset=&#8221;default&#8221; global_colors_info=&#8221;{}&#8221;][\/et_pb_button][et_pb_image src=&#8221;https:\/\/www.centsys.com\/lat\/img\/gatestation\/Intercomunicador%20met%C3%A1lico%20CENTURION_Imagen.jpg&#8221; _builder_version=&#8221;4.27.2&#8243; _module_preset=&#8221;default&#8221; global_colors_info=&#8221;{}&#8221;][\/et_pb_image][et_pb_video src=&#8221;https:\/\/youtu.be\/9F7CXXspYRE&#8221; _builder_version=&#8221;4.27.2&#8243; _module_preset=&#8221;default&#8221; global_colors_info=&#8221;{}&#8221;][\/et_pb_video][\/et_pb_column][et_pb_column type=&#8221;2_5&#8243; _builder_version=&#8221;4.24.3&#8243; _module_preset=&#8221;default&#8221; global_colors_info=&#8221;{}&#8221;][et_pb_image src=&#8221;https:\/\/www.centsys.co.za\/img\/gatestation\/Centurion-Systems-Metal-Gate-Station.jpg&#8221; _builder_version=&#8221;4.27.2&#8243; _module_preset=&#8221;default&#8221; global_colors_info=&#8221;{}&#8221;][\/et_pb_image][et_pb_image src=&#8221;https:\/\/www.centsys.com\/lat\/img\/gatestation\/Intercomunicador%20met%C3%A1lico%20CENTURION_Imagen..jpg&#8221; _builder_version=&#8221;4.27.2&#8243; _module_preset=&#8221;default&#8221; global_colors_info=&#8221;{}&#8221;][\/et_pb_image][\/et_pb_column][\/et_pb_row][\/et_pb_section][et_pb_section fb_built=&#8221;1&#8243; fullwidth=&#8221;on&#8221; admin_label=&#8221;THIS IS THE MID SECTION BANNER SITE WIDE&#8221; _builder_version=&#8221;4.23.1&#8243; _module_preset=&#8221;default&#8221; global_module=&#8221;24415&#8243; global_colors_info=&#8221;{}&#8221;][et_pb_fullwidth_image src=&#8221;https:\/\/www.centsys.com\/lat\/img\/admin\/Centurion%20Systems_Motores%20para%20puertas%20corredizas_imagen.jpg&#8221; url=&#8221;https:\/\/www.centsys.com\/lat\/smart&#8221; admin_label=&#8221;FOOTER_SITE WIDE&#8221; _builder_version=&#8221;4.27.2&#8243; _module_preset=&#8221;default&#8221; global_colors_info=&#8221;{}&#8221;][\/et_pb_fullwidth_image][et_pb_fullwidth_header button_one_text=&#8221;Cont\u00e1ctenos&#8221; button_one_url=&#8221;https:\/\/www.centsys.com\/lat\/detalles-de-contacto\/&#8221; button_two_text=&#8221;Soporte t\u00e9cnico&#8221; button_two_url=&#8221;https:\/\/www.centsys.com\/lat\/centro-de-llamadas\/&#8221; disabled_on=&#8221;on|on|on&#8221; _builder_version=&#8221;4.25.2&#8243; _module_preset=&#8221;default&#8221; background_color=&#8221;#c1c1c1&#8243; custom_button_one=&#8221;on&#8221; button_one_text_color=&#8221;#FFFFFF&#8221; button_one_bg_color=&#8221;#999999&#8243; button_one_border_color=&#8221;#999999&#8243; custom_button_two=&#8221;on&#8221; button_two_text_color=&#8221;#FFFFFF&#8221; button_two_bg_color=&#8221;#999999&#8243; button_two_border_color=&#8221;#999999&#8243; custom_margin=&#8221;||-29px|||&#8221; custom_padding=&#8221;8px||44px||false|&#8221; disabled=&#8221;on&#8221; global_colors_info=&#8221;{}&#8221; button_one_text_size__hover_enabled=&#8221;on|hover&#8221; button_one_border_color__hover_enabled=&#8221;on|desktop&#8221; button_one_border_color__hover=&#8221;#81c341&#8243; button_two_bg_color__hover_enabled=&#8221;on|hover&#8221; button_two_bg_color__hover=&#8221;#81c341&#8243; button_two_bg_enable_color__hover=&#8221;on&#8221; button_two_border_color__hover_enabled=&#8221;on|hover&#8221; button_two_border_color__hover=&#8221;#81c341&#8243; button_one_bg_color__hover_enabled=&#8221;on|hover&#8221; button_one_bg_color__hover=&#8221;#81c341&#8243; button_one_bg_enable_color__hover=&#8221;on&#8221;][\/et_pb_fullwidth_header][\/et_pb_section]<\/p>\n","protected":false},"excerpt":{"rendered":"<p>Diga &#8220;hola&#8221; a la nueva imagen de seguridad y comodidad en cualquier lugar. Con un dise\u00f1o audaz y moderno, la nueva estaci\u00f3n met\u00e1lica para puertas de CENTURION del sistema de intercomunicaci\u00f3n G-SPEAK ULTRA GSM, no s\u00f3lo realza el atractivo est\u00e9tico y causa una primera impresi\u00f3n, sino que tambi\u00e9n ofrece una mejor protecci\u00f3n contra manipulaciones. Al [&hellip;]<\/p>\n","protected":false},"author":2,"featured_media":0,"parent":0,"menu_order":0,"comment_status":"closed","ping_status":"closed","template":"","meta":{"_et_pb_use_builder":"on","_et_pb_old_content":"","_et_gb_content_width":"","_joinchat":[],"footnotes":""},"class_list":["post-26257","page","type-page","status-publish","hentry"],"yoast_head":"<!-- This site is optimized with the Yoast SEO Premium plugin v26.6 (Yoast SEO v27.5) - https:\/\/yoast.com\/product\/yoast-seo-premium-wordpress\/ -->\r\n<title>Intercomunicador met\u00e1lico para puertas - Centurion Systems<\/title>\r\n<meta name=\"description\" content=\"Fabricado con un aluminioestilizado, resiste a los factoresclim\u00e1ticos y a\u00f1ade un toque de elegancia moderna a su propiedad.\" \/>\r\n<meta name=\"robots\" content=\"index, follow, max-snippet:-1, max-image-preview:large, max-video-preview:-1\" \/>\r\n<link rel=\"canonical\" href=\"https:\/\/www.centsys.com\/lat\/intercomunicador-metalico-para-puertas\/\" \/>\r\n<meta property=\"og:locale\" content=\"en_US\" \/>\r\n<meta property=\"og:type\" content=\"article\" \/>\r\n<meta property=\"og:title\" content=\"Intercomunicador met\u00e1lico para puertas\" \/>\r\n<meta property=\"og:description\" content=\"Fabricado con un aluminioestilizado, resiste a los factoresclim\u00e1ticos y a\u00f1ade un toque de elegancia moderna a su propiedad.\" \/>\r\n<meta property=\"og:url\" content=\"https:\/\/www.centsys.com\/lat\/intercomunicador-metalico-para-puertas\/\" \/>\r\n<meta property=\"og:site_name\" content=\"Centurion Systems Spanish\" \/>\r\n<meta property=\"article:modified_time\" content=\"2025-06-09T08:17:15+00:00\" \/>\r\n<meta name=\"twitter:card\" content=\"summary_large_image\" \/>\r\n<meta name=\"twitter:label1\" content=\"Est. reading time\" \/>\n\t<meta name=\"twitter:data1\" content=\"2 minutes\" \/>\r\n<script type=\"application\/ld+json\" class=\"yoast-schema-graph\">{\"@context\":\"https:\\\/\\\/schema.org\",\"@graph\":[{\"@type\":\"WebPage\",\"@id\":\"https:\\\/\\\/www.centsys.com\\\/lat\\\/intercomunicador-metalico-para-puertas\\\/\",\"url\":\"https:\\\/\\\/www.centsys.com\\\/lat\\\/intercomunicador-metalico-para-puertas\\\/\",\"name\":\"Intercomunicador met\u00e1lico para puertas - Centurion Systems\",\"isPartOf\":{\"@id\":\"https:\\\/\\\/www.centsys.com\\\/lat\\\/#website\"},\"datePublished\":\"2024-04-16T12:52:40+00:00\",\"dateModified\":\"2025-06-09T08:17:15+00:00\",\"description\":\"Fabricado con un aluminioestilizado, resiste a los factoresclim\u00e1ticos y a\u00f1ade un toque de elegancia moderna a su propiedad.\",\"breadcrumb\":{\"@id\":\"https:\\\/\\\/www.centsys.com\\\/lat\\\/intercomunicador-metalico-para-puertas\\\/#breadcrumb\"},\"inLanguage\":\"en-ZA\",\"potentialAction\":[{\"@type\":\"ReadAction\",\"target\":[\"https:\\\/\\\/www.centsys.com\\\/lat\\\/intercomunicador-metalico-para-puertas\\\/\"]}]},{\"@type\":\"BreadcrumbList\",\"@id\":\"https:\\\/\\\/www.centsys.com\\\/lat\\\/intercomunicador-metalico-para-puertas\\\/#breadcrumb\",\"itemListElement\":[{\"@type\":\"ListItem\",\"position\":1,\"name\":\"INICIO\",\"item\":\"https:\\\/\\\/www.centsys.com\\\/lat\\\/\"},{\"@type\":\"ListItem\",\"position\":2,\"name\":\"Intercomunicador met\u00e1lico para puertas\"}]},{\"@type\":\"WebSite\",\"@id\":\"https:\\\/\\\/www.centsys.com\\\/lat\\\/#website\",\"url\":\"https:\\\/\\\/www.centsys.com\\\/lat\\\/\",\"name\":\"Centurion Systems Spanish\",\"description\":\"Productos para Automatizaci\u00f3n de Acceso\",\"potentialAction\":[{\"@type\":\"SearchAction\",\"target\":{\"@type\":\"EntryPoint\",\"urlTemplate\":\"https:\\\/\\\/www.centsys.com\\\/lat\\\/?s={search_term_string}\"},\"query-input\":{\"@type\":\"PropertyValueSpecification\",\"valueRequired\":true,\"valueName\":\"search_term_string\"}}],\"inLanguage\":\"en-ZA\"}]}<\/script>\r\n<!-- \/ Yoast SEO Premium plugin. -->","yoast_head_json":{"title":"Intercomunicador met\u00e1lico para puertas - Centurion Systems","description":"Fabricado con un aluminioestilizado, resiste a los factoresclim\u00e1ticos y a\u00f1ade un toque de elegancia moderna a su propiedad.","robots":{"index":"index","follow":"follow","max-snippet":"max-snippet:-1","max-image-preview":"max-image-preview:large","max-video-preview":"max-video-preview:-1"},"canonical":"https:\/\/www.centsys.com\/lat\/intercomunicador-metalico-para-puertas\/","og_locale":"en_US","og_type":"article","og_title":"Intercomunicador met\u00e1lico para puertas","og_description":"Fabricado con un aluminioestilizado, resiste a los factoresclim\u00e1ticos y a\u00f1ade un toque de elegancia moderna a su propiedad.","og_url":"https:\/\/www.centsys.com\/lat\/intercomunicador-metalico-para-puertas\/","og_site_name":"Centurion Systems Spanish","article_modified_time":"2025-06-09T08:17:15+00:00","twitter_card":"summary_large_image","twitter_misc":{"Est. reading time":"2 minutes"},"schema":{"@context":"https:\/\/schema.org","@graph":[{"@type":"WebPage","@id":"https:\/\/www.centsys.com\/lat\/intercomunicador-metalico-para-puertas\/","url":"https:\/\/www.centsys.com\/lat\/intercomunicador-metalico-para-puertas\/","name":"Intercomunicador met\u00e1lico para puertas - Centurion Systems","isPartOf":{"@id":"https:\/\/www.centsys.com\/lat\/#website"},"datePublished":"2024-04-16T12:52:40+00:00","dateModified":"2025-06-09T08:17:15+00:00","description":"Fabricado con un aluminioestilizado, resiste a los factoresclim\u00e1ticos y a\u00f1ade un toque de elegancia moderna a su propiedad.","breadcrumb":{"@id":"https:\/\/www.centsys.com\/lat\/intercomunicador-metalico-para-puertas\/#breadcrumb"},"inLanguage":"en-ZA","potentialAction":[{"@type":"ReadAction","target":["https:\/\/www.centsys.com\/lat\/intercomunicador-metalico-para-puertas\/"]}]},{"@type":"BreadcrumbList","@id":"https:\/\/www.centsys.com\/lat\/intercomunicador-metalico-para-puertas\/#breadcrumb","itemListElement":[{"@type":"ListItem","position":1,"name":"INICIO","item":"https:\/\/www.centsys.com\/lat\/"},{"@type":"ListItem","position":2,"name":"Intercomunicador met\u00e1lico para puertas"}]},{"@type":"WebSite","@id":"https:\/\/www.centsys.com\/lat\/#website","url":"https:\/\/www.centsys.com\/lat\/","name":"Centurion Systems Spanish","description":"Productos para Automatizaci\u00f3n de Acceso","potentialAction":[{"@type":"SearchAction","target":{"@type":"EntryPoint","urlTemplate":"https:\/\/www.centsys.com\/lat\/?s={search_term_string}"},"query-input":{"@type":"PropertyValueSpecification","valueRequired":true,"valueName":"search_term_string"}}],"inLanguage":"en-ZA"}]}},"_links":{"self":[{"href":"https:\/\/www.centsys.com\/lat\/wp-json\/wp\/v2\/pages\/26257","targetHints":{"allow":["GET"]}}],"collection":[{"href":"https:\/\/www.centsys.com\/lat\/wp-json\/wp\/v2\/pages"}],"about":[{"href":"https:\/\/www.centsys.com\/lat\/wp-json\/wp\/v2\/types\/page"}],"author":[{"embeddable":true,"href":"https:\/\/www.centsys.com\/lat\/wp-json\/wp\/v2\/users\/2"}],"replies":[{"embeddable":true,"href":"https:\/\/www.centsys.com\/lat\/wp-json\/wp\/v2\/comments?post=26257"}],"version-history":[{"count":0,"href":"https:\/\/www.centsys.com\/lat\/wp-json\/wp\/v2\/pages\/26257\/revisions"}],"wp:attachment":[{"href":"https:\/\/www.centsys.com\/lat\/wp-json\/wp\/v2\/media?parent=26257"}],"curies":[{"name":"wp","href":"https:\/\/api.w.org\/{rel}","templated":true}]}}