{"id":290,"date":"2020-03-04T09:35:27","date_gmt":"2020-03-04T09:35:27","guid":{"rendered":"http:\/\/centsys.co.za\/lat\/?page_id=290"},"modified":"2024-02-15T12:58:31","modified_gmt":"2024-02-15T10:58:31","slug":"normas-salud-y-seguridad","status":"publish","type":"page","link":"https:\/\/www.centsys.com\/lat\/normas-salud-y-seguridad\/","title":{"rendered":"Normas, salud y seguridad"},"content":{"rendered":"<p>[et_pb_section fb_built=&#8221;1&#8243; fullwidth=&#8221;on&#8221; _builder_version=&#8221;4.16&#8243; global_colors_info=&#8221;{}&#8221;][et_pb_fullwidth_image src=&#8221;https:\/\/www.centsys.com\/lat\/img\/Normas Salud y Seguridad\/Normas Salud y Seguridad de Centurion Systems.jpg&#8221; _builder_version=&#8221;4.16&#8243; global_colors_info=&#8221;{}&#8221;][\/et_pb_fullwidth_image][\/et_pb_section][et_pb_section fb_built=&#8221;1&#8243; fullwidth=&#8221;on&#8221; _builder_version=&#8221;4.9.2&#8243; global_module=&#8221;4804&#8243; global_colors_info=&#8221;{}&#8221;][et_pb_fullwidth_code admin_label=&#8221;SEO BREADCRUMBS&#8221; _builder_version=&#8221;4.16&#8243; _module_preset=&#8221;default&#8221; background_color=&#8221;#e5e5e5&#8243; custom_padding=&#8221;|||15%|false|false&#8221; global_colors_info=&#8221;{}&#8221;]<span><span><a href=\"https:\/\/www.centsys.com\/lat\/\">INICIO<\/a><\/span><\/span>[\/et_pb_fullwidth_code][\/et_pb_section][et_pb_section fb_built=&#8221;1&#8243; _builder_version=&#8221;4.16&#8243; global_colors_info=&#8221;{}&#8221;][et_pb_row _builder_version=&#8221;4.16&#8243; global_colors_info=&#8221;{}&#8221;][et_pb_column type=&#8221;4_4&#8243; _builder_version=&#8221;4.16&#8243; global_colors_info=&#8221;{}&#8221;][et_pb_text _builder_version=&#8221;4.16&#8243; global_colors_info=&#8221;{}&#8221;]<\/p>\n<h1 class=\"p1\" style=\"text-align: center;\">NORMAS<\/h1>\n<p style=\"text-align: center;\">Centurion Systems es un fabricante de <strong>equipos de automatizaci\u00f3n de acceso<\/strong> ubicado en Sud\u00e1frica. La compa\u00f1\u00eda opera bajo los m\u00e1s elevados est\u00e1ndares de calidad, y todos sus productos cumplen al 100% con las pruebas requeridas; nada sale de la f\u00e1brica a menos que <strong>satisfaga o exceda nuestras rigurosas normas.<\/strong><\/p>\n<p>[\/et_pb_text][\/et_pb_column][\/et_pb_row][et_pb_row column_structure=&#8221;1_3,1_3,1_3&#8243; _builder_version=&#8221;4.16&#8243; global_colors_info=&#8221;{}&#8221;][et_pb_column type=&#8221;1_3&#8243; _builder_version=&#8221;4.16&#8243; global_colors_info=&#8221;{}&#8221;][et_pb_image src=&#8221;https:\/\/www.centsys.com\/lat\/wp-content\/uploads\/2020\/03\/CS11_Standards_QAS-LOGO-9001-2000-1.jpg&#8221; align=&#8221;center&#8221; _builder_version=&#8221;4.16&#8243; global_colors_info=&#8221;{}&#8221;][\/et_pb_image][\/et_pb_column][et_pb_column type=&#8221;1_3&#8243; _builder_version=&#8221;4.16&#8243; global_colors_info=&#8221;{}&#8221;][et_pb_image src=&#8221;https:\/\/www.centsys.com\/lat\/img\/Normas Salud y Seguridad\/CS11_Standards_QAS-LOGO-9001-2008.jpg&#8221; align=&#8221;center&#8221; _builder_version=&#8221;4.16&#8243; global_colors_info=&#8221;{}&#8221;][\/et_pb_image][\/et_pb_column][et_pb_column type=&#8221;1_3&#8243; _builder_version=&#8221;4.16&#8243; global_colors_info=&#8221;{}&#8221;][et_pb_image src=&#8221;https:\/\/www.centsys.com\/lat\/img\/Normas Salud y Seguridad\/CS11_Standards_QAS-LOGO-9001-2015.jpg&#8221; align=&#8221;center&#8221; _builder_version=&#8221;4.16&#8243; global_colors_info=&#8221;{}&#8221;][\/et_pb_image][\/et_pb_column][\/et_pb_row][et_pb_row _builder_version=&#8221;4.16&#8243; global_colors_info=&#8221;{}&#8221;][et_pb_column type=&#8221;4_4&#8243; _builder_version=&#8221;4.16&#8243; global_colors_info=&#8221;{}&#8221;][et_pb_text _builder_version=&#8221;4.16&#8243; global_colors_info=&#8221;{}&#8221;]<\/p>\n<p>La compa\u00f1\u00eda ha cumplido con las normas internacionales ISO 9001 y ha recibido las correspondientes certificaciones: <strong>ISO 9001:2000<\/strong>; ISO 9001:2008 y tambi\u00e9n, m\u00e1s recientemente, en concordancia con nuestra \u00e9tica de mejoramiento continuo, fue actualizada a la certificaci\u00f3n ISO 9001:2015.<\/p>\n<p>Centurion Systems es una empresa registrada y certificada por ISO 9001:2015 y como tal,<\/p>\n<ul>\n<li>Se requiere que todas las instalaciones de productos CENTURION acaten los requerimientos de los manuales de instalaci\u00f3n CENTURION (y cualquier otro documento relacionado), incluyendo los requerimientos el\u00e9ctricos; y que<\/li>\n<li>Los sistemas deben instalarse en concordancia con las estrictas normas de calidad y mano de obra, a fin de no recibir quejas de los clientes; y<\/li>\n<li>La instalaci\u00f3n de los sistemas debe cumplir con todos los requerimientos de la Ley de Salud y Seguridad Ocupacional en t\u00e9rminos de protecci\u00f3n del cliente, personal y de la seguridad de la instalaci\u00f3n; y<\/li>\n<li>El sistema debe cumplir con los requerimientos de la Ley de Salud y Seguridad Ocupacional, de forma que el cliente pueda obtener el subsecuente Certificado de Cumplimiento El\u00e9ctrico sin incurrir en reinstalaciones.<\/li>\n<\/ul>\n<p>&nbsp;<\/p>\n<p>[\/et_pb_text][\/et_pb_column][\/et_pb_row][\/et_pb_section][et_pb_section fb_built=&#8221;1&#8243; _builder_version=&#8221;4.16&#8243; custom_padding=&#8221;0px|||||&#8221; global_colors_info=&#8221;{}&#8221;][et_pb_row _builder_version=&#8221;4.16&#8243; global_colors_info=&#8221;{}&#8221;][et_pb_column type=&#8221;4_4&#8243; _builder_version=&#8221;4.16&#8243; global_colors_info=&#8221;{}&#8221;][et_pb_text _builder_version=&#8221;4.16&#8243; header_5_font=&#8221;|||on|||||&#8221; global_colors_info=&#8221;{}&#8221;]<\/p>\n<h2 style=\"text-align: center;\">DECLARACI\u00d3N DE LA POL\u00cdTICA DE SEGURIDAD, SALUD, MEDIO AMBIENTE Y CALIDAD DE CENTURION<\/h2>\n<p style=\"text-align: center;\"><strong>Centurion Systems (Pty) Ltd est\u00e1 comprometida a alcanzar est\u00e1ndares de seguridad, salud, medio ambiente y calidad. Nuestro proceso y metodolog\u00eda de flujo de trabajo se enfocan en la prevenci\u00f3n de lesiones, da\u00f1os a la salud y reducci\u00f3n del impacto ambiental.<\/strong><\/p>\n<h5>Nuestros objetivos primarios:<\/h5>\n<ol>\n<li>La filosof\u00eda gerencial de Centurion Systems persigue mejorar todos los <strong>aspectos de nuestro<\/strong> negocio para proveer un control adecuado de la salud y de los riesgos de seguridad que surjan de nuestras <strong>actividades<\/strong> laborales.<\/li>\n<li>Consultar a nuestros empleados sobre aquellos aspectos que afectan su salud y seguridad.<\/li>\n<li>Suministrar <strong>informaci\u00f3n, instrucci\u00f3n y supervisi\u00f3n<\/strong> a todos los empleados.<\/li>\n<li>Facilitar la <strong>mejora continua<\/strong> de todos los empleados al ofrecerles programas de entrenamiento integrales.<\/li>\n<li>La implementaci\u00f3n, mantenimiento y mejora de las normas <strong>ISO 9001.<\/strong><\/li>\n<li>Asegurar el cumplimiento de los requerimientos <strong>legislativos, estatutarios y regulatorios.<\/strong><\/li>\n<li>Asegurar el manejo y uso seguro de sustancias peligrosas en nuestra organizaci\u00f3n.<\/li>\n<li>Asegurar la <strong>completa comprensi\u00f3n<\/strong> de nuestras pol\u00edticas, de forma que cada empleado comprenda c\u00f3mo ellos contribuyen a los objetivos y metas de la compa\u00f1\u00eda.<\/li>\n<li>Revisar y modificar esta pol\u00edtica cuando sea necesario a intervalos regulares y asegurarse que sea ratificada por la gerencia superior.<\/li>\n<\/ol>\n<h5>\u00a0<\/h5>\n<h5>\u00a0<\/h5>\n<p>VISI\u00d3N:<\/p>\n<p><strong>\u201cSer una compa\u00f1\u00eda de automatizaci\u00f3n sostenible, global, de clase mundial\u201d.<\/strong><\/p>\n<p>&nbsp;<\/p>\n<p>&nbsp;<\/p>\n<p>MISI\u00d4N:<\/p>\n<ol>\n<li>Deleitar a nuestros clientes con productos y servicios de clase mundial.<\/li>\n<li>Ser el empleador y el empleado de su escogencia.<\/li>\n<li>Crecer a trav\u00e9s del mejoramiento continuo.<\/li>\n<li>Ser amigables con el medio ambiente.<\/li>\n<\/ol>\n<p>Lograremos esto al asignar los <strong>recursos adecuados<\/strong> a nuestra seguridad, salud, medio ambiente y sistemas de manejo de la calidad.<\/p>\n<p>[\/et_pb_text][\/et_pb_column][\/et_pb_row][\/et_pb_section][et_pb_section fb_built=&#8221;1&#8243; fullwidth=&#8221;on&#8221; admin_label=&#8221;THIS IS THE MID SECTION BANNER SITE WIDE&#8221; _builder_version=&#8221;4.23.1&#8243; _module_preset=&#8221;default&#8221; global_colors_info=&#8221;{}&#8221; global_module=&#8221;24415&#8243; theme_builder_area=&#8221;post_content&#8221;][et_pb_fullwidth_image src=&#8221;https:\/\/www.centsys.com\/mx\/img\/MY%20CENTSYS%20PRO%20Banners\/la%20aplicaci%C3%B3n%20m%C3%B3vil%20MyCentsys%20Pro_Web%20Footer.jpg&#8221; url=&#8221;https:\/\/www.centsys.com\/lat\/la-aplicacion-centurion-mycentsys-pro\/&#8221; admin_label=&#8221;FOOTER_SITE WIDE&#8221; _builder_version=&#8221;4.24.0&#8243; _module_preset=&#8221;default&#8221; global_colors_info=&#8221;{}&#8221; theme_builder_area=&#8221;post_content&#8221;][\/et_pb_fullwidth_image][et_pb_fullwidth_header button_one_text=&#8221;Cont\u00e1ctenos&#8221; button_one_url=&#8221;https:\/\/www.centsys.com\/lat\/detalles-de-contacto\/&#8221; button_two_text=&#8221;Soporte t\u00e9cnico&#8221; button_two_url=&#8221;https:\/\/www.centsys.com\/lat\/centro-de-llamadas\/&#8221; _builder_version=&#8221;4.23.1&#8243; _module_preset=&#8221;default&#8221; background_color=&#8221;#c1c1c1&#8243; custom_button_one=&#8221;on&#8221; button_one_text_color=&#8221;#FFFFFF&#8221; button_one_bg_color=&#8221;#999999&#8243; button_one_border_color=&#8221;#8e8e8e&#8221; custom_button_two=&#8221;on&#8221; button_two_text_color=&#8221;#FFFFFF&#8221; button_two_bg_color=&#8221;#999999&#8243; button_two_border_color=&#8221;#8e8e8e&#8221; custom_padding=&#8221;6px||17px|||&#8221; global_colors_info=&#8221;{}&#8221; theme_builder_area=&#8221;post_content&#8221;][\/et_pb_fullwidth_header][\/et_pb_section]<\/p>\n","protected":false},"excerpt":{"rendered":"<p><span><span><a href=\"https:\/\/www.centsys.com\/lat\/\">INICIO<\/a><\/span><\/span>NORMAS Centurion Systems es un fabricante de equipos de automatizaci\u00f3n de acceso ubicado en Sud\u00e1frica. La compa\u00f1\u00eda opera bajo los m\u00e1s elevados est\u00e1ndares de calidad, y todos sus productos cumplen al 100% con las pruebas requeridas; nada sale de la f\u00e1brica a menos que satisfaga o exceda nuestras rigurosas normas.La compa\u00f1\u00eda ha cumplido con las [&hellip;]<\/p>\n","protected":false},"author":1,"featured_media":0,"parent":0,"menu_order":0,"comment_status":"closed","ping_status":"closed","template":"","meta":{"_et_pb_use_builder":"on","_et_pb_old_content":"","_et_gb_content_width":"","_joinchat":[],"footnotes":""},"class_list":["post-290","page","type-page","status-publish","hentry"],"yoast_head":"<!-- This site is optimized with the Yoast SEO Premium plugin v26.6 (Yoast SEO v27.5) - https:\/\/yoast.com\/product\/yoast-seo-premium-wordpress\/ -->\r\n<title>Normas, salud y seguridad - Centurion Systems<\/title>\r\n<meta name=\"description\" content=\"Los productos e instalaciones de CENTURION se ajustan a los m\u00e1s altos niveles de excelencia.\" \/>\r\n<meta name=\"robots\" content=\"index, follow, max-snippet:-1, max-image-preview:large, max-video-preview:-1\" \/>\r\n<link rel=\"canonical\" href=\"https:\/\/www.centsys.com\/lat\/normas-salud-y-seguridad\/\" \/>\r\n<meta property=\"og:locale\" content=\"en_US\" \/>\r\n<meta property=\"og:type\" content=\"article\" \/>\r\n<meta property=\"og:title\" content=\"Normas, salud y seguridad\" \/>\r\n<meta property=\"og:description\" content=\"Los productos e instalaciones de CENTURION se ajustan a los m\u00e1s altos niveles de excelencia.\" \/>\r\n<meta property=\"og:url\" content=\"https:\/\/www.centsys.com\/lat\/normas-salud-y-seguridad\/\" \/>\r\n<meta property=\"og:site_name\" content=\"Centurion Systems Spanish\" \/>\r\n<meta property=\"article:modified_time\" content=\"2024-02-15T10:58:31+00:00\" \/>\r\n<meta name=\"twitter:card\" content=\"summary_large_image\" \/>\r\n<meta name=\"twitter:label1\" content=\"Est. reading time\" \/>\n\t<meta name=\"twitter:data1\" content=\"3 minutes\" \/>\r\n<script type=\"application\/ld+json\" class=\"yoast-schema-graph\">{\"@context\":\"https:\\\/\\\/schema.org\",\"@graph\":[{\"@type\":\"WebPage\",\"@id\":\"https:\\\/\\\/www.centsys.com\\\/lat\\\/normas-salud-y-seguridad\\\/\",\"url\":\"https:\\\/\\\/www.centsys.com\\\/lat\\\/normas-salud-y-seguridad\\\/\",\"name\":\"Normas, salud y seguridad - Centurion Systems\",\"isPartOf\":{\"@id\":\"https:\\\/\\\/www.centsys.com\\\/lat\\\/#website\"},\"datePublished\":\"2020-03-04T09:35:27+00:00\",\"dateModified\":\"2024-02-15T10:58:31+00:00\",\"description\":\"Los productos e instalaciones de CENTURION se ajustan a los m\u00e1s altos niveles de excelencia.\",\"breadcrumb\":{\"@id\":\"https:\\\/\\\/www.centsys.com\\\/lat\\\/normas-salud-y-seguridad\\\/#breadcrumb\"},\"inLanguage\":\"en-ZA\",\"potentialAction\":[{\"@type\":\"ReadAction\",\"target\":[\"https:\\\/\\\/www.centsys.com\\\/lat\\\/normas-salud-y-seguridad\\\/\"]}]},{\"@type\":\"BreadcrumbList\",\"@id\":\"https:\\\/\\\/www.centsys.com\\\/lat\\\/normas-salud-y-seguridad\\\/#breadcrumb\",\"itemListElement\":[{\"@type\":\"ListItem\",\"position\":1,\"name\":\"INICIO\",\"item\":\"https:\\\/\\\/www.centsys.com\\\/lat\\\/\"},{\"@type\":\"ListItem\",\"position\":2,\"name\":\"Normas, salud y seguridad\"}]},{\"@type\":\"WebSite\",\"@id\":\"https:\\\/\\\/www.centsys.com\\\/lat\\\/#website\",\"url\":\"https:\\\/\\\/www.centsys.com\\\/lat\\\/\",\"name\":\"Centurion Systems Spanish\",\"description\":\"Productos para Automatizaci\u00f3n de Acceso\",\"potentialAction\":[{\"@type\":\"SearchAction\",\"target\":{\"@type\":\"EntryPoint\",\"urlTemplate\":\"https:\\\/\\\/www.centsys.com\\\/lat\\\/?s={search_term_string}\"},\"query-input\":{\"@type\":\"PropertyValueSpecification\",\"valueRequired\":true,\"valueName\":\"search_term_string\"}}],\"inLanguage\":\"en-ZA\"}]}<\/script>\r\n<!-- \/ Yoast SEO Premium plugin. -->","yoast_head_json":{"title":"Normas, salud y seguridad - Centurion Systems","description":"Los productos e instalaciones de CENTURION se ajustan a los m\u00e1s altos niveles de excelencia.","robots":{"index":"index","follow":"follow","max-snippet":"max-snippet:-1","max-image-preview":"max-image-preview:large","max-video-preview":"max-video-preview:-1"},"canonical":"https:\/\/www.centsys.com\/lat\/normas-salud-y-seguridad\/","og_locale":"en_US","og_type":"article","og_title":"Normas, salud y seguridad","og_description":"Los productos e instalaciones de CENTURION se ajustan a los m\u00e1s altos niveles de excelencia.","og_url":"https:\/\/www.centsys.com\/lat\/normas-salud-y-seguridad\/","og_site_name":"Centurion Systems Spanish","article_modified_time":"2024-02-15T10:58:31+00:00","twitter_card":"summary_large_image","twitter_misc":{"Est. reading time":"3 minutes"},"schema":{"@context":"https:\/\/schema.org","@graph":[{"@type":"WebPage","@id":"https:\/\/www.centsys.com\/lat\/normas-salud-y-seguridad\/","url":"https:\/\/www.centsys.com\/lat\/normas-salud-y-seguridad\/","name":"Normas, salud y seguridad - Centurion Systems","isPartOf":{"@id":"https:\/\/www.centsys.com\/lat\/#website"},"datePublished":"2020-03-04T09:35:27+00:00","dateModified":"2024-02-15T10:58:31+00:00","description":"Los productos e instalaciones de CENTURION se ajustan a los m\u00e1s altos niveles de excelencia.","breadcrumb":{"@id":"https:\/\/www.centsys.com\/lat\/normas-salud-y-seguridad\/#breadcrumb"},"inLanguage":"en-ZA","potentialAction":[{"@type":"ReadAction","target":["https:\/\/www.centsys.com\/lat\/normas-salud-y-seguridad\/"]}]},{"@type":"BreadcrumbList","@id":"https:\/\/www.centsys.com\/lat\/normas-salud-y-seguridad\/#breadcrumb","itemListElement":[{"@type":"ListItem","position":1,"name":"INICIO","item":"https:\/\/www.centsys.com\/lat\/"},{"@type":"ListItem","position":2,"name":"Normas, salud y seguridad"}]},{"@type":"WebSite","@id":"https:\/\/www.centsys.com\/lat\/#website","url":"https:\/\/www.centsys.com\/lat\/","name":"Centurion Systems Spanish","description":"Productos para Automatizaci\u00f3n de Acceso","potentialAction":[{"@type":"SearchAction","target":{"@type":"EntryPoint","urlTemplate":"https:\/\/www.centsys.com\/lat\/?s={search_term_string}"},"query-input":{"@type":"PropertyValueSpecification","valueRequired":true,"valueName":"search_term_string"}}],"inLanguage":"en-ZA"}]}},"_links":{"self":[{"href":"https:\/\/www.centsys.com\/lat\/wp-json\/wp\/v2\/pages\/290","targetHints":{"allow":["GET"]}}],"collection":[{"href":"https:\/\/www.centsys.com\/lat\/wp-json\/wp\/v2\/pages"}],"about":[{"href":"https:\/\/www.centsys.com\/lat\/wp-json\/wp\/v2\/types\/page"}],"author":[{"embeddable":true,"href":"https:\/\/www.centsys.com\/lat\/wp-json\/wp\/v2\/users\/1"}],"replies":[{"embeddable":true,"href":"https:\/\/www.centsys.com\/lat\/wp-json\/wp\/v2\/comments?post=290"}],"version-history":[{"count":0,"href":"https:\/\/www.centsys.com\/lat\/wp-json\/wp\/v2\/pages\/290\/revisions"}],"wp:attachment":[{"href":"https:\/\/www.centsys.com\/lat\/wp-json\/wp\/v2\/media?parent=290"}],"curies":[{"name":"wp","href":"https:\/\/api.w.org\/{rel}","templated":true}]}}