{"id":3603,"date":"2020-07-24T12:11:49","date_gmt":"2020-07-24T10:11:49","guid":{"rendered":"https:\/\/www.centsys.com\/lat\/?page_id=3603"},"modified":"2021-04-06T13:47:20","modified_gmt":"2021-04-06T11:47:20","slug":"bienvenidos-a-centurion-systems","status":"publish","type":"page","link":"https:\/\/www.centsys.com\/lat\/bienvenidos-a-centurion-systems\/","title":{"rendered":"Bienvenidos a Centurion Systems"},"content":{"rendered":"<p>[et_pb_section fb_built=&#8221;1&#8243; fullwidth=&#8221;on&#8221; _builder_version=&#8221;4.3.2&#8243; background_enable_image=&#8221;off&#8221; locked=&#8221;off&#8221;][et_pb_fullwidth_image src=&#8221;https:\/\/www.centsys.com\/lat\/img\/Centurion Systems &#8211; L%C3%ADderes en automatizaci%C3%B3n de puertas y control de acceso &#8211; Headline Image &#8211; Espa%C3%B1ol.jpg&#8221; _builder_version=&#8221;4.5.1&#8243; _module_preset=&#8221;default&#8221;][\/et_pb_fullwidth_image][\/et_pb_section][et_pb_section fb_built=&#8221;1&#8243; fullwidth=&#8221;on&#8221; _builder_version=&#8221;4.9.2&#8243; global_module=&#8221;4804&#8243;][et_pb_fullwidth_code admin_label=&#8221;SEO BREADCRUMBS&#8221; _builder_version=&#8221;4.9.2&#8243; _module_preset=&#8221;default&#8221; background_color=&#8221;#e5e5e5&#8243; custom_padding=&#8221;|||15%|false|false&#8221;]<span><span><a href=\"https:\/\/www.centsys.com\/lat\/\">INICIO<\/a><\/span><\/span>[\/et_pb_fullwidth_code][\/et_pb_section][et_pb_section fb_built=&#8221;1&#8243; _builder_version=&#8221;3.22&#8243;][et_pb_row _builder_version=&#8221;4.3.2&#8243;][et_pb_column type=&#8221;4_4&#8243; _builder_version=&#8221;4.3.2&#8243;][et_pb_text _builder_version=&#8221;4.5.1&#8243;]<\/p>\n<h1 class=\"p1\" style=\"text-align: center;\">Bienvenidos a Centurion Systems<\/h1>\n<p>&nbsp;<\/p>\n<div data-canvas-width=\"825.4812130592156\">\n<p style=\"text-align: center;\">Centurion Systems fabrica un <strong>diverso y galardonado rango de productos<\/strong> para controlar el acceso de personas y veh\u00edculos hacia y desde propiedades <strong>residenciales, comerciales e industriales.<\/strong> Los productos de la compa\u00f1\u00eda, los cuales han sido dise\u00f1ados para maximizar la <strong>seguridad y beneficio de los usuarios<\/strong> son actualmente exportados a m\u00e1s de <strong>70 pa\u00edses en todo el mundo<\/strong>. Con r\u00e9cord verificado de confiabilidad a lo largo de <strong>tres d\u00e9cadas,<\/strong> <strong>CENTURION es la elecci\u00f3n autom\u00e1tica en automatizaci\u00f3n de puertas y control de acceso.<\/strong><\/p>\n<p style=\"text-align: center;\"><strong><\/strong><\/p>\n<p style=\"text-align: center;\">Su puerta de entrada es lo que se interpone entre usted y el mundo exterior. Es su primera l\u00ednea de defensa contra criminales. Aseg\u00farese de estar equipado con lo mejor. <strong>La gama de motores para puertas de CENTURION<\/strong>, han sido dise\u00f1ados para proporcionar lo \u00faltimo en seguridad y beneficio.<\/p>\n<\/div>\n<p>[\/et_pb_text][et_pb_button button_url=&#8221;#contact-us&#8221; button_text=&#8221;CONT\u00c1CTENOS&#8221; button_alignment=&#8221;center&#8221; _builder_version=&#8221;4.4.8&#8243;][\/et_pb_button][\/et_pb_column][\/et_pb_row][et_pb_row column_structure=&#8221;1_2,1_2&#8243; _builder_version=&#8221;4.3.4&#8243;][et_pb_column type=&#8221;1_2&#8243; _builder_version=&#8221;4.3.4&#8243;][et_pb_image src=&#8221;https:\/\/www.centsys.co.za\/wp-content\/uploads\/2018\/09\/Web-Page-Banners-Sliders-2-1024&#215;256.jpg&#8221; align=&#8221;center&#8221; _builder_version=&#8221;4.4.8&#8243;][\/et_pb_image][et_pb_text _builder_version=&#8221;4.4.8&#8243;]<\/p>\n<h3 class=\"et_pb_module_header\" style=\"text-align: center;\">MOTORES PARA PUERTAS CORREDIZAS<\/h3>\n<p>[\/et_pb_text][et_pb_button button_url=&#8221;https:\/\/www.centsys.com\/lat\/index.php\/motores-para-puertas-corredizas\/&#8221; button_text=&#8221;VER PRODUCTOS&#8221; button_alignment=&#8221;center&#8221; _builder_version=&#8221;4.4.8&#8243;][\/et_pb_button][\/et_pb_column][et_pb_column type=&#8221;1_2&#8243; _builder_version=&#8221;4.3.4&#8243;][et_pb_image src=&#8221;https:\/\/www.centsys.co.za\/wp-content\/uploads\/2018\/08\/Web-Page-Banners-Swing-1-1024&#215;256.jpg&#8221; align=&#8221;center&#8221; _builder_version=&#8221;4.4.8&#8243;][\/et_pb_image][et_pb_text _builder_version=&#8221;4.4.8&#8243;]<\/p>\n<h3 class=\"et_pb_module_header\" style=\"text-align: center;\">MOTORES PARA PUERTAS ABATIBLES<\/h3>\n<p>[\/et_pb_text][et_pb_button button_url=&#8221;https:\/\/www.centsys.com\/lat\/index.php\/motores-para-puertas-abatibles\/&#8221; button_text=&#8221;VER PRODUCTOS&#8221; button_alignment=&#8221;center&#8221; _builder_version=&#8221;4.4.8&#8243;][\/et_pb_button][\/et_pb_column][\/et_pb_row][et_pb_row _builder_version=&#8221;4.4.8&#8243;][et_pb_column type=&#8221;4_4&#8243; _builder_version=&#8221;4.4.8&#8243;][et_pb_text admin_label=&#8221;MailChimp Form&#8221; module_id=&#8221;contact-us&#8221; _builder_version=&#8221;4.5.1&#8243;]<!-- Begin Mailchimp Signup Form -->\n<link href=\"\/\/cdn-images.mailchimp.com\/embedcode\/classic-10_7.css\" rel=\"stylesheet\" type=\"text\/css\">\n<style type=\"text\/css\">\n\t#mc_embed_signup{background:#fff; clear:left; font:14px Helvetica,Arial,sans-serif; }\n\t\/* Add your own Mailchimp form style overrides in your site stylesheet or in this style block.\n\t   We recommend moving this block and the preceding CSS link to the HEAD of your HTML file. *\/\n<\/style>\n<div id=\"mc_embed_signup\">\n<form action=\"https:\/\/centsys.us11.list-manage.com\/subscribe\/post?u=d0e9356493bcab69464abd890&amp;id=e01d0b098b\" method=\"post\" id=\"mc-embedded-subscribe-form\" name=\"mc-embedded-subscribe-form\" class=\"validate\" target=\"_blank\" novalidate>\n<div id=\"mc_embed_signup_scroll\">\n<h2>Para m\u00e1s informaci\u00f3n, por favor rellene sus datos a continuaci\u00f3n:<\/h2>\n<div class=\"indicates-required\"><span class=\"asterisk\">*<\/span> Campos Obligatorias<\/div>\n<div class=\"mc-field-group\">\n\t<label for=\"mce-FNAME\">Nombre  <span class=\"asterisk\">*<\/span><br \/>\n<\/label><br \/>\n\t<input type=\"text\" value=\"\" name=\"FNAME\" class=\"required\" id=\"mce-FNAME\">\n<\/div>\n<div class=\"mc-field-group\">\n\t<label for=\"mce-LNAME\">Apellido <\/label><br \/>\n\t<input type=\"text\" value=\"\" name=\"LNAME\" class=\"\" id=\"mce-LNAME\">\n<\/div>\n<div class=\"mc-field-group\">\n\t<label for=\"mce-EMAIL\">Correo electr\u00f3nico  <span class=\"asterisk\">*<\/span><br \/>\n<\/label><br \/>\n\t<input type=\"email\" value=\"\" name=\"EMAIL\" class=\"required email\" id=\"mce-EMAIL\">\n<\/div>\n<div class=\"mc-field-group size1of2\">\n\t<label for=\"mce-PHONE\">Tel\u00e9fono <\/label><br \/>\n\t<input type=\"text\" name=\"PHONE\" class=\"\" value=\"\" id=\"mce-PHONE\">\n<\/div>\n<div class=\"mc-field-group\">\n\t<label for=\"mce-CUSTOMER\">Tipo de cliente  <span class=\"asterisk\">*<\/span><br \/>\n<\/label><br \/>\n\t<select name=\"CUSTOMER\" class=\"required\" id=\"mce-CUSTOMER\"><option value=\"\"><\/option><option value=\"Cliente final \/ Usuario final\">Cliente final \/ Usuario final<\/option><option value=\"Distribuidor\">Distribuidor<\/option><option value=\"Instalador\">Instalador<\/option><\/select>\n<\/div>\n<div class=\"mc-field-group\">\n\t<label for=\"mce-COUNTRY\">Pa\u00eds  <span class=\"asterisk\">*<\/span><br \/>\n<\/label><br \/>\n\t<select name=\"COUNTRY\" class=\"required\" id=\"mce-COUNTRY\"><option value=\"\"><\/option><option value=\"Argentina\">Argentina<\/option><option value=\"Bolivia\">Bolivia<\/option><option value=\"Brasil\u00a0\u00a0\u00a0\u00a0\">Brasil\u00a0\u00a0\u00a0\u00a0<\/option><option value=\"Chile\u00a0\">Chile\u00a0<\/option><option value=\"Colombia\u00a0\">Colombia\u00a0<\/option><option value=\"Costa Rica\u00a0\u00a0\">Costa Rica\u00a0\u00a0<\/option><option value=\"Ecuador\u00a0\u00a0\">Ecuador\u00a0\u00a0<\/option><option value=\"El Salvador\u00a0\">El Salvador\u00a0<\/option><option value=\"Guatemala\u00a0\u00a0\u00a0\">Guatemala\u00a0\u00a0\u00a0<\/option><option value=\"Honduras\u00a0\">Honduras\u00a0<\/option><option value=\"M\u00e9xico\u00a0\u00a0\u00a0\u00a0\u00a0\">M\u00e9xico\u00a0\u00a0\u00a0\u00a0\u00a0<\/option><option value=\"Nicaragua\u00a0\u00a0\">Nicaragua\u00a0\u00a0<\/option><option value=\"Panam\u00e1\u00a0\u00a0\">Panam\u00e1\u00a0\u00a0<\/option><option value=\"Paraguay\u00a0\u00a0\u00a0\">Paraguay\u00a0\u00a0\u00a0<\/option><option value=\"Per\u00fa\u00a0\u00a0\u00a0\u00a0\u00a0\u00a0\u00a0\u00a0\u00a0\">Per\u00fa\u00a0\u00a0\u00a0\u00a0\u00a0\u00a0\u00a0\u00a0\u00a0<\/option><option value=\"Rep\u00fablica Dominicana\u00a0\u00a0\u00a0\u00a0\u00a0\u00a0\u00a0\u00a0\u00a0\">Rep\u00fablica Dominicana\u00a0\u00a0\u00a0\u00a0\u00a0\u00a0\u00a0\u00a0\u00a0<\/option><option value=\"Uruguay\u00a0\u00a0\u00a0\u00a0\u00a0\u00a0\">Uruguay\u00a0\u00a0\u00a0\u00a0\u00a0\u00a0<\/option><option value=\"Venezuela\u00a0\u00a0\">Venezuela\u00a0\u00a0<\/option><option value=\"Otro\">Otro<\/option><\/select>\n<\/div>\n<div class=\"mc-field-group input-group\">\n    <strong>Me gustar\u00eda recibir m\u00e1s informaci\u00f3n sobre: <\/strong><\/p>\n<ul>\n<li><input type=\"checkbox\" value=\"1\" name=\"group[14570][1]\" id=\"mce-group[14570]-14570-0\"><label for=\"mce-group[14570]-14570-0\">Motores para puertas corredizas<\/label><\/li>\n<li><input type=\"checkbox\" value=\"2\" name=\"group[14570][2]\" id=\"mce-group[14570]-14570-1\"><label for=\"mce-group[14570]-14570-1\">Motores para puertas abatibles<\/label><\/li>\n<li><input type=\"checkbox\" value=\"4\" name=\"group[14570][4]\" id=\"mce-group[14570]-14570-2\"><label for=\"mce-group[14570]-14570-2\">Motores para puertas de cochera<\/label><\/li>\n<li><input type=\"checkbox\" value=\"8\" name=\"group[14570][8]\" id=\"mce-group[14570]-14570-3\"><label for=\"mce-group[14570]-14570-3\">Barreras y accesorios para tr\u00e1fico<\/label><\/li>\n<li><input type=\"checkbox\" value=\"16\" name=\"group[14570][16]\" id=\"mce-group[14570]-14570-4\"><label for=\"mce-group[14570]-14570-4\">Controles remotos y receptores<\/label><\/li>\n<li><input type=\"checkbox\" value=\"32\" name=\"group[14570][32]\" id=\"mce-group[14570]-14570-5\"><label for=\"mce-group[14570]-14570-5\">Teclados<\/label><\/li>\n<li><input type=\"checkbox\" value=\"64\" name=\"group[14570][64]\" id=\"mce-group[14570]-14570-6\"><label for=\"mce-group[14570]-14570-6\">Sistemas de control de acceso por proximidad<\/label><\/li>\n<li><input type=\"checkbox\" value=\"128\" name=\"group[14570][128]\" id=\"mce-group[14570]-14570-7\"><label for=\"mce-group[14570]-14570-7\">Sistemas de intercomunicaci\u00f3n<\/label><\/li>\n<\/ul>\n<\/div>\n<div id=\"mce-responses\" class=\"clear\">\n<div class=\"response\" id=\"mce-error-response\" style=\"display:none\"><\/div>\n<div class=\"response\" id=\"mce-success-response\" style=\"display:none\"><\/div>\n<\/p><\/div>\n<p>    <!-- real people should not fill this in and expect good things - do not remove this or risk form bot signups--><\/p>\n<div style=\"position: absolute; left: -5000px;\" aria-hidden=\"true\"><input type=\"text\" name=\"b_d0e9356493bcab69464abd890_e01d0b098b\" tabindex=\"-1\" value=\"\"><\/div>\n<div class=\"clear\"><input type=\"submit\" value=\"Enviar\" name=\"enviar\" id=\"mc-embedded-subscribe\" class=\"button\"><\/div>\n<\/p><\/div>\n<\/form>\n<\/div>\n<p><script type='text\/javascript' src='\/\/s3.amazonaws.com\/downloads.mailchimp.com\/js\/mc-validate.js'><\/script><script type='text\/javascript'>(function($) {window.fnames = new Array(); window.ftypes = new Array();fnames[1]='FNAME';ftypes[1]='text';fnames[2]='LNAME';ftypes[2]='text';fnames[0]='EMAIL';ftypes[0]='email';fnames[4]='PHONE';ftypes[4]='phone';fnames[6]='CUSTOMER';ftypes[6]='dropdown';fnames[5]='COUNTRY';ftypes[5]='dropdown'; }(jQuery));var $mcj = jQuery.noConflict(true);<\/script><br \/>\n<!--End mc_embed_signup-->[\/et_pb_text][\/et_pb_column][\/et_pb_row][\/et_pb_section]<\/p>\n","protected":false},"excerpt":{"rendered":"<p><span><span><a href=\"https:\/\/www.centsys.com\/lat\/\">INICIO<\/a><\/span><\/span>Bienvenidos a Centurion Systems &nbsp; Centurion Systems fabrica un diverso y galardonado rango de productos para controlar el acceso de personas y veh\u00edculos hacia y desde propiedades residenciales, comerciales e industriales. Los productos de la compa\u00f1\u00eda, los cuales han sido dise\u00f1ados para maximizar la seguridad y beneficio de los usuarios son actualmente exportados a m\u00e1s [&hellip;]<\/p>\n","protected":false},"author":2,"featured_media":0,"parent":0,"menu_order":0,"comment_status":"closed","ping_status":"closed","template":"","meta":{"_et_pb_use_builder":"on","_et_pb_old_content":"","_et_gb_content_width":"","_joinchat":[],"footnotes":""},"class_list":["post-3603","page","type-page","status-publish","hentry"],"yoast_head":"<!-- This site is optimized with the Yoast SEO Premium plugin v26.6 (Yoast SEO v27.4) - https:\/\/yoast.com\/product\/yoast-seo-premium-wordpress\/ -->\r\n<title>Bienvenidos a Centurion Systems - Centurion Systems<\/title>\r\n<meta name=\"description\" content=\"Centurion Systems fabrica un diverso y galardonado rango de productos para controlar el acceso de personas y veh\u00edculos hacia y desde propiedades residenciales, comerciales e industriales.\" \/>\r\n<meta name=\"robots\" content=\"index, follow, max-snippet:-1, max-image-preview:large, max-video-preview:-1\" \/>\r\n<link rel=\"canonical\" href=\"https:\/\/www.centsys.com\/lat\/bienvenidos-a-centurion-systems\/\" \/>\r\n<meta property=\"og:locale\" content=\"en_US\" \/>\r\n<meta property=\"og:type\" content=\"article\" \/>\r\n<meta property=\"og:title\" content=\"Bienvenidos a Centurion Systems\" \/>\r\n<meta property=\"og:description\" content=\"Centurion Systems fabrica un diverso y galardonado rango de productos para controlar el acceso de personas y veh\u00edculos hacia y desde propiedades residenciales, comerciales e industriales.\" \/>\r\n<meta property=\"og:url\" content=\"https:\/\/www.centsys.com\/lat\/bienvenidos-a-centurion-systems\/\" \/>\r\n<meta property=\"og:site_name\" content=\"Centurion Systems Spanish\" \/>\r\n<meta property=\"article:modified_time\" content=\"2021-04-06T11:47:20+00:00\" \/>\r\n<meta name=\"twitter:card\" content=\"summary_large_image\" \/>\r\n<meta name=\"twitter:label1\" content=\"Est. reading time\" \/>\n\t<meta name=\"twitter:data1\" content=\"3 minutes\" \/>\r\n<script type=\"application\/ld+json\" class=\"yoast-schema-graph\">{\"@context\":\"https:\\\/\\\/schema.org\",\"@graph\":[{\"@type\":\"WebPage\",\"@id\":\"https:\\\/\\\/www.centsys.com\\\/lat\\\/bienvenidos-a-centurion-systems\\\/\",\"url\":\"https:\\\/\\\/www.centsys.com\\\/lat\\\/bienvenidos-a-centurion-systems\\\/\",\"name\":\"Bienvenidos a Centurion Systems - Centurion Systems\",\"isPartOf\":{\"@id\":\"https:\\\/\\\/www.centsys.com\\\/lat\\\/#website\"},\"datePublished\":\"2020-07-24T10:11:49+00:00\",\"dateModified\":\"2021-04-06T11:47:20+00:00\",\"description\":\"Centurion Systems fabrica un diverso y galardonado rango de productos para controlar el acceso de personas y veh\u00edculos hacia y desde propiedades residenciales, comerciales e industriales.\",\"breadcrumb\":{\"@id\":\"https:\\\/\\\/www.centsys.com\\\/lat\\\/bienvenidos-a-centurion-systems\\\/#breadcrumb\"},\"inLanguage\":\"en-ZA\",\"potentialAction\":[{\"@type\":\"ReadAction\",\"target\":[\"https:\\\/\\\/www.centsys.com\\\/lat\\\/bienvenidos-a-centurion-systems\\\/\"]}]},{\"@type\":\"BreadcrumbList\",\"@id\":\"https:\\\/\\\/www.centsys.com\\\/lat\\\/bienvenidos-a-centurion-systems\\\/#breadcrumb\",\"itemListElement\":[{\"@type\":\"ListItem\",\"position\":1,\"name\":\"INICIO\",\"item\":\"https:\\\/\\\/www.centsys.com\\\/lat\\\/\"},{\"@type\":\"ListItem\",\"position\":2,\"name\":\"Bienvenidos a Centurion Systems\"}]},{\"@type\":\"WebSite\",\"@id\":\"https:\\\/\\\/www.centsys.com\\\/lat\\\/#website\",\"url\":\"https:\\\/\\\/www.centsys.com\\\/lat\\\/\",\"name\":\"Centurion Systems Spanish\",\"description\":\"Productos para Automatizaci\u00f3n de Acceso\",\"potentialAction\":[{\"@type\":\"SearchAction\",\"target\":{\"@type\":\"EntryPoint\",\"urlTemplate\":\"https:\\\/\\\/www.centsys.com\\\/lat\\\/?s={search_term_string}\"},\"query-input\":{\"@type\":\"PropertyValueSpecification\",\"valueRequired\":true,\"valueName\":\"search_term_string\"}}],\"inLanguage\":\"en-ZA\"}]}<\/script>\r\n<!-- \/ Yoast SEO Premium plugin. -->","yoast_head_json":{"title":"Bienvenidos a Centurion Systems - Centurion Systems","description":"Centurion Systems fabrica un diverso y galardonado rango de productos para controlar el acceso de personas y veh\u00edculos hacia y desde propiedades residenciales, comerciales e industriales.","robots":{"index":"index","follow":"follow","max-snippet":"max-snippet:-1","max-image-preview":"max-image-preview:large","max-video-preview":"max-video-preview:-1"},"canonical":"https:\/\/www.centsys.com\/lat\/bienvenidos-a-centurion-systems\/","og_locale":"en_US","og_type":"article","og_title":"Bienvenidos a Centurion Systems","og_description":"Centurion Systems fabrica un diverso y galardonado rango de productos para controlar el acceso de personas y veh\u00edculos hacia y desde propiedades residenciales, comerciales e industriales.","og_url":"https:\/\/www.centsys.com\/lat\/bienvenidos-a-centurion-systems\/","og_site_name":"Centurion Systems Spanish","article_modified_time":"2021-04-06T11:47:20+00:00","twitter_card":"summary_large_image","twitter_misc":{"Est. reading time":"3 minutes"},"schema":{"@context":"https:\/\/schema.org","@graph":[{"@type":"WebPage","@id":"https:\/\/www.centsys.com\/lat\/bienvenidos-a-centurion-systems\/","url":"https:\/\/www.centsys.com\/lat\/bienvenidos-a-centurion-systems\/","name":"Bienvenidos a Centurion Systems - Centurion Systems","isPartOf":{"@id":"https:\/\/www.centsys.com\/lat\/#website"},"datePublished":"2020-07-24T10:11:49+00:00","dateModified":"2021-04-06T11:47:20+00:00","description":"Centurion Systems fabrica un diverso y galardonado rango de productos para controlar el acceso de personas y veh\u00edculos hacia y desde propiedades residenciales, comerciales e industriales.","breadcrumb":{"@id":"https:\/\/www.centsys.com\/lat\/bienvenidos-a-centurion-systems\/#breadcrumb"},"inLanguage":"en-ZA","potentialAction":[{"@type":"ReadAction","target":["https:\/\/www.centsys.com\/lat\/bienvenidos-a-centurion-systems\/"]}]},{"@type":"BreadcrumbList","@id":"https:\/\/www.centsys.com\/lat\/bienvenidos-a-centurion-systems\/#breadcrumb","itemListElement":[{"@type":"ListItem","position":1,"name":"INICIO","item":"https:\/\/www.centsys.com\/lat\/"},{"@type":"ListItem","position":2,"name":"Bienvenidos a Centurion Systems"}]},{"@type":"WebSite","@id":"https:\/\/www.centsys.com\/lat\/#website","url":"https:\/\/www.centsys.com\/lat\/","name":"Centurion Systems Spanish","description":"Productos para Automatizaci\u00f3n de Acceso","potentialAction":[{"@type":"SearchAction","target":{"@type":"EntryPoint","urlTemplate":"https:\/\/www.centsys.com\/lat\/?s={search_term_string}"},"query-input":{"@type":"PropertyValueSpecification","valueRequired":true,"valueName":"search_term_string"}}],"inLanguage":"en-ZA"}]}},"_links":{"self":[{"href":"https:\/\/www.centsys.com\/lat\/wp-json\/wp\/v2\/pages\/3603","targetHints":{"allow":["GET"]}}],"collection":[{"href":"https:\/\/www.centsys.com\/lat\/wp-json\/wp\/v2\/pages"}],"about":[{"href":"https:\/\/www.centsys.com\/lat\/wp-json\/wp\/v2\/types\/page"}],"author":[{"embeddable":true,"href":"https:\/\/www.centsys.com\/lat\/wp-json\/wp\/v2\/users\/2"}],"replies":[{"embeddable":true,"href":"https:\/\/www.centsys.com\/lat\/wp-json\/wp\/v2\/comments?post=3603"}],"version-history":[{"count":0,"href":"https:\/\/www.centsys.com\/lat\/wp-json\/wp\/v2\/pages\/3603\/revisions"}],"wp:attachment":[{"href":"https:\/\/www.centsys.com\/lat\/wp-json\/wp\/v2\/media?parent=3603"}],"curies":[{"name":"wp","href":"https:\/\/api.w.org\/{rel}","templated":true}]}}