{"id":5128,"date":"2021-10-19T11:30:56","date_gmt":"2021-10-19T09:30:56","guid":{"rendered":"https:\/\/www.centsys.com\/lat\/?page_id=5128"},"modified":"2024-02-09T10:54:18","modified_gmt":"2024-02-09T08:54:18","slug":"centinel-barrera-manual-de-trafico","status":"publish","type":"page","link":"https:\/\/www.centsys.com\/lat\/centinel-barrera-manual-de-trafico\/","title":{"rendered":"CENTINEL"},"content":{"rendered":"<p>[et_pb_section fb_built=&#8221;1&#8243; fullwidth=&#8221;on&#8221; _builder_version=&#8221;4.16&#8243; background_enable_image=&#8221;off&#8221; locked=&#8221;off&#8221; global_colors_info=&#8221;{}&#8221;][et_pb_fullwidth_image src=&#8221;http:\/\/www.centsys.com\/mx\/img\/centinel\/CENTINEL_barrera-manual-de-trafico.jpg&#8221; _builder_version=&#8221;4.21.0&#8243; _module_preset=&#8221;default&#8221; global_colors_info=&#8221;{}&#8221;][\/et_pb_fullwidth_image][\/et_pb_section][et_pb_section fb_built=&#8221;1&#8243; fullwidth=&#8221;on&#8221; _builder_version=&#8221;4.9.2&#8243; global_module=&#8221;4804&#8243; global_colors_info=&#8221;{}&#8221;][et_pb_fullwidth_code admin_label=&#8221;SEO BREADCRUMBS&#8221; _builder_version=&#8221;4.16&#8243; _module_preset=&#8221;default&#8221; background_color=&#8221;#e5e5e5&#8243; custom_padding=&#8221;|||15%|false|false&#8221; global_colors_info=&#8221;{}&#8221;]<span><span><a href=\"https:\/\/www.centsys.com\/lat\/\">INICIO<\/a><\/span><\/span>[\/et_pb_fullwidth_code][\/et_pb_section][et_pb_section fb_built=&#8221;1&#8243; _builder_version=&#8221;4.16&#8243; global_colors_info=&#8221;{}&#8221;][et_pb_row _builder_version=&#8221;4.16&#8243; global_colors_info=&#8221;{}&#8221;][et_pb_column type=&#8221;4_4&#8243; _builder_version=&#8221;4.16&#8243; global_colors_info=&#8221;{}&#8221;][et_pb_image src=&#8221;https:\/\/www.centsys.co.za\/img\/CENTURION-CENTINEL-MAIN-IMG.jpg&#8221; _builder_version=&#8221;4.16&#8243; _module_preset=&#8221;default&#8221; global_colors_info=&#8221;{}&#8221;][\/et_pb_image][\/et_pb_column][\/et_pb_row][et_pb_row column_structure=&#8221;2_3,1_3&#8243; _builder_version=&#8221;4.16&#8243; custom_padding=&#8221;||0px|||&#8221; global_colors_info=&#8221;{}&#8221;][et_pb_column type=&#8221;2_3&#8243; _builder_version=&#8221;4.16&#8243; global_colors_info=&#8221;{}&#8221;][et_pb_text _builder_version=&#8221;4.16&#8243; global_colors_info=&#8221;{}&#8221;]<\/p>\n<h1 class=\"p1\" style=\"text-align: left;\">CENTURION CENTINEL &#8211; LA BARRERA MANUAL DE TR\u00c1FICO<\/h1>\n<div data-canvas-width=\"825.4812130592156\">\n<div id=\"pageContainer1\" class=\"page\" data-page-number=\"1\" data-loaded=\"true\">\n<div class=\"textLayer\">\n<div data-canvas-width=\"524.4232367747579\">\n<div data-canvas-width=\"524.4232367747579\">\n<p style=\"text-align: left;\">Cuando dise\u00f1amos<strong> la barrera manual de tr\u00e1fico CENTINEL<\/strong>, ten\u00edamos en mente al usuario. Despu\u00e9s de todo, \u00a1solo porque es una barrera manual no<br \/>significa que usted tenga que hacer todo el trabajo! Equipamos al <strong>CENTINEL<\/strong> con un innovador mecanismo de equilibrio de resorte interno, que no solo le da a la barrera una apariencia fina y compacta, sino que tambi\u00e9n significa que los movimientos m\u00e1s ligeros pueden ponerlo en movimiento.<\/p>\n<\/div>\n<\/div>\n<\/div>\n<\/div>\n<\/div>\n<p>[\/et_pb_text][et_pb_text _builder_version=&#8221;4.16&#8243; _module_preset=&#8221;default&#8221; global_colors_info=&#8221;{}&#8221;]<\/p>\n<h5>CARACTER\u00cdSTICAS PRINCIPALES:<\/h5>\n<ul>\n<li><strong>Contrapeso de resorte interno.<\/strong> Este sistema innovador contribuye tanto al aspecto estilizado indudablemente atractivo de CENTINEL y, lo m\u00e1s importante, subir y bajar es una acci\u00f3n casi automatizada.<\/li>\n<li><strong>Apariencia profesional y compacta.<\/strong> Elegante y fino, el CENTINEL se integrar\u00e1 perfectamente con la est\u00e9tica de cualquier parque empresarial<br \/>moderno.<\/li>\n<li><strong>Manija de operaci\u00f3n c\u00f3moda.<\/strong> Sencillo y c\u00f3modo. La manija de operaci\u00f3n est\u00e1 dise\u00f1ada para un manejo c\u00f3modo y f\u00e1cil.<\/li>\n<li><strong>Sistema de bloqueo simple,<\/strong> Pero, \u00bfy si hay un flujo de tr\u00e1fico pesado? \u00bfEl desafortunado guardia deber\u00e1 permanecer ah\u00ed manteniendo el poste<br \/>elevado hasta que duelan todos los m\u00fasculos y tendones? \u00a1No con un CENTINEL instalado! Para asegurar el poste en la posici\u00f3n que usted desea,<br \/>simplemente gire la rueda de control conveniente y f\u00e1cil de usar.<\/li>\n<li><strong>Fuerte y duradero.<\/strong> El CENTINEL se someter\u00e1 voluntariamente al operador, pero su construcci\u00f3n incre\u00edblemente fuerte asegura que se<br \/>mantendr\u00e1 firme contra sus elementos.<\/li>\n<\/ul>\n<h5>MODELOS:<\/h5>\n<ul>\n<li>CENTINEL 3: Barrera manual, poste para pluma de 3 metros.<\/li>\n<li>CENTINEL 4.5: Barrera manual, poste para pluma de 4,5 metros.<\/li>\n<li>CENTINEL 6: Barrera manual, poste para pluma de 6 metros.<\/li>\n<\/ul>\n<p>[\/et_pb_text][\/et_pb_column][et_pb_column type=&#8221;1_3&#8243; _builder_version=&#8221;4.16&#8243; global_colors_info=&#8221;{}&#8221;][et_pb_image src=&#8221;https:\/\/www.centsys.co.za\/img\/CENTURION-CENTINEL.jpg&#8221; align=&#8221;center&#8221; _builder_version=&#8221;4.16&#8243; global_colors_info=&#8221;{}&#8221;][\/et_pb_image][\/et_pb_column][\/et_pb_row][et_pb_row _builder_version=&#8221;4.16&#8243; global_colors_info=&#8221;{}&#8221;][et_pb_column type=&#8221;4_4&#8243; _builder_version=&#8221;4.16&#8243; global_colors_info=&#8221;{}&#8221;][et_pb_text _builder_version=&#8221;4.16&#8243; global_colors_info=&#8221;{}&#8221;]<\/p>\n<h5>ESPECIFICACIONES T\u00c9CNICAS DEL MODELOS CENTINEL:<\/h5>\n<div id=\"footable_parent_2932\"\n         class=\" footable_parent ninja_table_wrapper loading_ninja_table wp_table_data_press_parent semantic_ui \">\n                <table data-ninja_table_instance=\"ninja_table_instance_0\" data-footable_id=\"2932\" data-filter-delay=\"1000\" aria-label=\"CENTINEL\"            id=\"footable_2932\"\n           data-unique_identifier=\"ninja_table_unique_id_1706654296_2932\"\n           class=\" foo-table ninja_footable foo_table_2932 ninja_table_unique_id_1706654296_2932 ui table  nt_type_ajax_table selectable striped vertical_centered  footable-paging-right\">\n                <colgroup>\n                            <col class=\"ninja_column_0 \">\n                            <col class=\"ninja_column_1 \">\n                            <col class=\"ninja_column_2 \">\n                            <col class=\"ninja_column_3 \">\n                    <\/colgroup>\n            <\/table>\n    \n    \n    \n<\/div>\n\n<p>[1] Se recomienda un poste de retenci\u00f3n para sostener y bloquear el poste en la posici\u00f3n baja<\/p>\n<p>&nbsp;<\/p>\n<h5>ESPECIFICACI\u00d3N DE LA CARCASA DE LA BARRERA<\/h5>\n<div id=\"footable_parent_5139\"\n         class=\" footable_parent ninja_table_wrapper loading_ninja_table wp_table_data_press_parent semantic_ui \">\n                <table data-ninja_table_instance=\"ninja_table_instance_1\" data-footable_id=\"5139\" data-filter-delay=\"1000\" aria-label=\"CENTINEL (Housing Specs)\"            id=\"footable_5139\"\n           data-unique_identifier=\"ninja_table_unique_id_809885029_5139\"\n           class=\" foo-table ninja_footable foo_table_5139 ninja_table_unique_id_809885029_5139 ui table  nt_type_ajax_table selectable striped vertical_centered  footable-paging-right\">\n                <colgroup>\n                            <col class=\"ninja_column_0 \">\n                            <col class=\"ninja_column_1 \">\n                            <col class=\"ninja_column_2 \">\n                    <\/colgroup>\n            <\/table>\n    \n    \n    \n<\/div>\n\n<p>&nbsp;<\/p>\n<h5>ESPECIFICACI\u00d3N DEL POSTE PARA LA PLUMA<\/h5>\n<div id=\"footable_parent_5144\"\n         class=\" footable_parent ninja_table_wrapper loading_ninja_table wp_table_data_press_parent semantic_ui \">\n                <table data-ninja_table_instance=\"ninja_table_instance_2\" data-footable_id=\"5144\" data-filter-delay=\"1000\" aria-label=\"CENTINEL (Boom Specs)\"            id=\"footable_5144\"\n           data-unique_identifier=\"ninja_table_unique_id_370777932_5144\"\n           class=\" foo-table ninja_footable foo_table_5144 ninja_table_unique_id_370777932_5144 ui table  nt_type_ajax_table selectable striped vertical_centered  footable-paging-right\">\n                <colgroup>\n                            <col class=\"ninja_column_0 \">\n                            <col class=\"ninja_column_1 \">\n                    <\/colgroup>\n            <\/table>\n    \n    \n    \n<\/div>\n\n<p>[\/et_pb_text][\/et_pb_column][\/et_pb_row][et_pb_row _builder_version=&#8221;4.16&#8243; _module_preset=&#8221;default&#8221; global_colors_info=&#8221;{}&#8221;][et_pb_column type=&#8221;4_4&#8243; _builder_version=&#8221;4.16&#8243; _module_preset=&#8221;default&#8221; global_colors_info=&#8221;{}&#8221;][et_pb_image src=&#8221;https:\/\/www.centsys.com\/lat\/img\/admin\/Suscr%C3%ADbase%20a%20nuestro%20bolet%C3%ADn%20informativo%20CENTURION.jpg&#8221; url=&#8221;https:\/\/www.centsys.com\/lat\/suscribase-a-nuestro-boletin-informativo\/&#8221; _builder_version=&#8221;4.21.0&#8243; _module_preset=&#8221;default&#8221; global_module=&#8221;5478&#8243; global_colors_info=&#8221;{}&#8221;][\/et_pb_image][\/et_pb_column][\/et_pb_row][\/et_pb_section][et_pb_section fb_built=&#8221;1&#8243; fullwidth=&#8221;on&#8221; admin_label=&#8221;THIS IS THE MID SECTION BANNER SITE WIDE&#8221; _builder_version=&#8221;4.23.1&#8243; _module_preset=&#8221;default&#8221; global_colors_info=&#8221;{}&#8221; global_module=&#8221;24415&#8243; theme_builder_area=&#8221;post_content&#8221;][et_pb_fullwidth_image src=&#8221;https:\/\/www.centsys.com\/mx\/img\/MY%20CENTSYS%20PRO%20Banners\/la%20aplicaci%C3%B3n%20m%C3%B3vil%20MyCentsys%20Pro_Web%20Footer.jpg&#8221; url=&#8221;https:\/\/www.centsys.com\/lat\/la-aplicacion-centurion-mycentsys-pro\/&#8221; admin_label=&#8221;FOOTER_SITE WIDE&#8221; _builder_version=&#8221;4.24.0&#8243; _module_preset=&#8221;default&#8221; global_colors_info=&#8221;{}&#8221; theme_builder_area=&#8221;post_content&#8221;][\/et_pb_fullwidth_image][et_pb_fullwidth_header button_one_text=&#8221;Cont\u00e1ctenos&#8221; button_one_url=&#8221;https:\/\/www.centsys.com\/lat\/detalles-de-contacto\/&#8221; button_two_text=&#8221;Soporte t\u00e9cnico&#8221; button_two_url=&#8221;https:\/\/www.centsys.com\/lat\/centro-de-llamadas\/&#8221; _builder_version=&#8221;4.23.1&#8243; _module_preset=&#8221;default&#8221; background_color=&#8221;#c1c1c1&#8243; custom_button_one=&#8221;on&#8221; button_one_text_color=&#8221;#FFFFFF&#8221; button_one_bg_color=&#8221;#999999&#8243; button_one_border_color=&#8221;#8e8e8e&#8221; custom_button_two=&#8221;on&#8221; button_two_text_color=&#8221;#FFFFFF&#8221; button_two_bg_color=&#8221;#999999&#8243; button_two_border_color=&#8221;#8e8e8e&#8221; custom_padding=&#8221;6px||17px|||&#8221; global_colors_info=&#8221;{}&#8221; theme_builder_area=&#8221;post_content&#8221;][\/et_pb_fullwidth_header][\/et_pb_section]<\/p>\n","protected":false},"excerpt":{"rendered":"<p><span><span><a href=\"https:\/\/www.centsys.com\/lat\/\">INICIO<\/a><\/span><\/span>CENTURION CENTINEL &#8211; LA BARRERA MANUAL DE TR\u00c1FICO Cuando dise\u00f1amos la barrera manual de tr\u00e1fico CENTINEL, ten\u00edamos en mente al usuario. Despu\u00e9s de todo, \u00a1solo porque es una barrera manual nosignifica que usted tenga que hacer todo el trabajo! Equipamos al CENTINEL con un innovador mecanismo de equilibrio de resorte interno, que no solo le [&hellip;]<\/p>\n","protected":false},"author":2,"featured_media":0,"parent":0,"menu_order":0,"comment_status":"closed","ping_status":"closed","template":"","meta":{"_et_pb_use_builder":"on","_et_pb_old_content":"","_et_gb_content_width":"","_joinchat":[],"footnotes":""},"class_list":["post-5128","page","type-page","status-publish","hentry"],"yoast_head":"<!-- This site is optimized with the Yoast SEO Premium plugin v26.6 (Yoast SEO v27.5) - https:\/\/yoast.com\/product\/yoast-seo-premium-wordpress\/ -->\r\n<title>CENTINEL - Barrera manual de tr\u00e1fico - Centurion Systems<\/title>\r\n<meta name=\"description\" content=\"Despu\u00e9s de todo, \u00a1solo porque es una barrera manual nosignifica que usted tenga que hacer todo el trabajo!\" \/>\r\n<meta name=\"robots\" content=\"index, follow, max-snippet:-1, max-image-preview:large, max-video-preview:-1\" \/>\r\n<link rel=\"canonical\" href=\"https:\/\/www.centsys.com\/lat\/centinel-barrera-manual-de-trafico\/\" \/>\r\n<meta property=\"og:locale\" content=\"en_US\" \/>\r\n<meta property=\"og:type\" content=\"article\" \/>\r\n<meta property=\"og:title\" content=\"CENTINEL\" \/>\r\n<meta property=\"og:description\" content=\"Despu\u00e9s de todo, \u00a1solo porque es una barrera manual nosignifica que usted tenga que hacer todo el trabajo!\" \/>\r\n<meta property=\"og:url\" content=\"https:\/\/www.centsys.com\/lat\/centinel-barrera-manual-de-trafico\/\" \/>\r\n<meta property=\"og:site_name\" content=\"Centurion Systems Spanish\" \/>\r\n<meta property=\"article:modified_time\" content=\"2024-02-09T08:54:18+00:00\" \/>\r\n<meta name=\"twitter:card\" content=\"summary_large_image\" \/>\r\n<meta name=\"twitter:label1\" content=\"Est. reading time\" \/>\n\t<meta name=\"twitter:data1\" content=\"3 minutes\" \/>\r\n<script type=\"application\/ld+json\" class=\"yoast-schema-graph\">{\"@context\":\"https:\\\/\\\/schema.org\",\"@graph\":[{\"@type\":\"WebPage\",\"@id\":\"https:\\\/\\\/www.centsys.com\\\/lat\\\/centinel-barrera-manual-de-trafico\\\/\",\"url\":\"https:\\\/\\\/www.centsys.com\\\/lat\\\/centinel-barrera-manual-de-trafico\\\/\",\"name\":\"CENTINEL - Barrera manual de tr\u00e1fico - Centurion Systems\",\"isPartOf\":{\"@id\":\"https:\\\/\\\/www.centsys.com\\\/lat\\\/#website\"},\"datePublished\":\"2021-10-19T09:30:56+00:00\",\"dateModified\":\"2024-02-09T08:54:18+00:00\",\"description\":\"Despu\u00e9s de todo, \u00a1solo porque es una barrera manual nosignifica que usted tenga que hacer todo el trabajo!\",\"breadcrumb\":{\"@id\":\"https:\\\/\\\/www.centsys.com\\\/lat\\\/centinel-barrera-manual-de-trafico\\\/#breadcrumb\"},\"inLanguage\":\"en-ZA\",\"potentialAction\":[{\"@type\":\"ReadAction\",\"target\":[\"https:\\\/\\\/www.centsys.com\\\/lat\\\/centinel-barrera-manual-de-trafico\\\/\"]}]},{\"@type\":\"BreadcrumbList\",\"@id\":\"https:\\\/\\\/www.centsys.com\\\/lat\\\/centinel-barrera-manual-de-trafico\\\/#breadcrumb\",\"itemListElement\":[{\"@type\":\"ListItem\",\"position\":1,\"name\":\"INICIO\",\"item\":\"https:\\\/\\\/www.centsys.com\\\/lat\\\/\"},{\"@type\":\"ListItem\",\"position\":2,\"name\":\"CENTINEL\"}]},{\"@type\":\"WebSite\",\"@id\":\"https:\\\/\\\/www.centsys.com\\\/lat\\\/#website\",\"url\":\"https:\\\/\\\/www.centsys.com\\\/lat\\\/\",\"name\":\"Centurion Systems Spanish\",\"description\":\"Productos para Automatizaci\u00f3n de Acceso\",\"potentialAction\":[{\"@type\":\"SearchAction\",\"target\":{\"@type\":\"EntryPoint\",\"urlTemplate\":\"https:\\\/\\\/www.centsys.com\\\/lat\\\/?s={search_term_string}\"},\"query-input\":{\"@type\":\"PropertyValueSpecification\",\"valueRequired\":true,\"valueName\":\"search_term_string\"}}],\"inLanguage\":\"en-ZA\"}]}<\/script>\r\n<!-- \/ Yoast SEO Premium plugin. -->","yoast_head_json":{"title":"CENTINEL - Barrera manual de tr\u00e1fico - Centurion Systems","description":"Despu\u00e9s de todo, \u00a1solo porque es una barrera manual nosignifica que usted tenga que hacer todo el trabajo!","robots":{"index":"index","follow":"follow","max-snippet":"max-snippet:-1","max-image-preview":"max-image-preview:large","max-video-preview":"max-video-preview:-1"},"canonical":"https:\/\/www.centsys.com\/lat\/centinel-barrera-manual-de-trafico\/","og_locale":"en_US","og_type":"article","og_title":"CENTINEL","og_description":"Despu\u00e9s de todo, \u00a1solo porque es una barrera manual nosignifica que usted tenga que hacer todo el trabajo!","og_url":"https:\/\/www.centsys.com\/lat\/centinel-barrera-manual-de-trafico\/","og_site_name":"Centurion Systems Spanish","article_modified_time":"2024-02-09T08:54:18+00:00","twitter_card":"summary_large_image","twitter_misc":{"Est. reading time":"3 minutes"},"schema":{"@context":"https:\/\/schema.org","@graph":[{"@type":"WebPage","@id":"https:\/\/www.centsys.com\/lat\/centinel-barrera-manual-de-trafico\/","url":"https:\/\/www.centsys.com\/lat\/centinel-barrera-manual-de-trafico\/","name":"CENTINEL - Barrera manual de tr\u00e1fico - Centurion Systems","isPartOf":{"@id":"https:\/\/www.centsys.com\/lat\/#website"},"datePublished":"2021-10-19T09:30:56+00:00","dateModified":"2024-02-09T08:54:18+00:00","description":"Despu\u00e9s de todo, \u00a1solo porque es una barrera manual nosignifica que usted tenga que hacer todo el trabajo!","breadcrumb":{"@id":"https:\/\/www.centsys.com\/lat\/centinel-barrera-manual-de-trafico\/#breadcrumb"},"inLanguage":"en-ZA","potentialAction":[{"@type":"ReadAction","target":["https:\/\/www.centsys.com\/lat\/centinel-barrera-manual-de-trafico\/"]}]},{"@type":"BreadcrumbList","@id":"https:\/\/www.centsys.com\/lat\/centinel-barrera-manual-de-trafico\/#breadcrumb","itemListElement":[{"@type":"ListItem","position":1,"name":"INICIO","item":"https:\/\/www.centsys.com\/lat\/"},{"@type":"ListItem","position":2,"name":"CENTINEL"}]},{"@type":"WebSite","@id":"https:\/\/www.centsys.com\/lat\/#website","url":"https:\/\/www.centsys.com\/lat\/","name":"Centurion Systems Spanish","description":"Productos para Automatizaci\u00f3n de Acceso","potentialAction":[{"@type":"SearchAction","target":{"@type":"EntryPoint","urlTemplate":"https:\/\/www.centsys.com\/lat\/?s={search_term_string}"},"query-input":{"@type":"PropertyValueSpecification","valueRequired":true,"valueName":"search_term_string"}}],"inLanguage":"en-ZA"}]}},"_links":{"self":[{"href":"https:\/\/www.centsys.com\/lat\/wp-json\/wp\/v2\/pages\/5128","targetHints":{"allow":["GET"]}}],"collection":[{"href":"https:\/\/www.centsys.com\/lat\/wp-json\/wp\/v2\/pages"}],"about":[{"href":"https:\/\/www.centsys.com\/lat\/wp-json\/wp\/v2\/types\/page"}],"author":[{"embeddable":true,"href":"https:\/\/www.centsys.com\/lat\/wp-json\/wp\/v2\/users\/2"}],"replies":[{"embeddable":true,"href":"https:\/\/www.centsys.com\/lat\/wp-json\/wp\/v2\/comments?post=5128"}],"version-history":[{"count":0,"href":"https:\/\/www.centsys.com\/lat\/wp-json\/wp\/v2\/pages\/5128\/revisions"}],"wp:attachment":[{"href":"https:\/\/www.centsys.com\/lat\/wp-json\/wp\/v2\/media?parent=5128"}],"curies":[{"name":"wp","href":"https:\/\/api.w.org\/{rel}","templated":true}]}}