{"id":5168,"date":"2021-10-19T13:11:13","date_gmt":"2021-10-19T11:11:13","guid":{"rendered":"https:\/\/www.centsys.com\/lat\/?page_id=5168"},"modified":"2024-10-22T11:28:01","modified_gmt":"2024-10-22T09:28:01","slug":"motores-para-puertas-enrollables-centurion-rso","status":"publish","type":"page","link":"https:\/\/www.centsys.com\/lat\/motores-para-puertas-enrollables-centurion-rso\/","title":{"rendered":"RSO"},"content":{"rendered":"<p>[et_pb_section fb_built=&#8221;1&#8243; fullwidth=&#8221;on&#8221; _builder_version=&#8221;4.9.2&#8243; global_module=&#8221;4804&#8243; global_colors_info=&#8221;{}&#8221;][et_pb_fullwidth_code admin_label=&#8221;SEO BREADCRUMBS&#8221; _builder_version=&#8221;4.16&#8243; _module_preset=&#8221;default&#8221; background_color=&#8221;#e5e5e5&#8243; custom_padding=&#8221;|||15%|false|false&#8221; global_colors_info=&#8221;{}&#8221;]<span><span><a href=\"https:\/\/www.centsys.com\/lat\/\">INICIO<\/a><\/span><\/span>[\/et_pb_fullwidth_code][\/et_pb_section][et_pb_section fb_built=&#8221;1&#8243; _builder_version=&#8221;4.16&#8243; global_colors_info=&#8221;{}&#8221;][et_pb_row _builder_version=&#8221;4.16&#8243; custom_padding=&#8221;||0px|||&#8221; global_colors_info=&#8221;{}&#8221;][et_pb_column type=&#8221;4_4&#8243; _builder_version=&#8221;4.16&#8243; global_colors_info=&#8221;{}&#8221;][et_pb_image src=&#8221;https:\/\/www.centsys.co.za\/img\/Centurion-RSO-5-Graphic.jpg&#8221; align=&#8221;center&#8221; _builder_version=&#8221;4.16&#8243; global_colors_info=&#8221;{}&#8221;][\/et_pb_image][\/et_pb_column][\/et_pb_row][et_pb_row column_structure=&#8221;2_3,1_3&#8243; _builder_version=&#8221;4.16&#8243; locked=&#8221;off&#8221; global_colors_info=&#8221;{}&#8221;][et_pb_column type=&#8221;2_3&#8243; _builder_version=&#8221;4.16&#8243; global_colors_info=&#8221;{}&#8221;][et_pb_text _builder_version=&#8221;4.27.2&#8243; header_5_font=&#8221;|||on|||||&#8221; hover_enabled=&#8221;0&#8243; global_colors_info=&#8221;{}&#8221; sticky_enabled=&#8221;0&#8243;]<\/p>\n<h1>MOTORES PARA PUERTAS ENROLLABLES\u00a0RSO5DC<\/h1>\n<p>La gama industrial RSO de Centurion Systems ha sido dise\u00f1ada para automatizar de forma segura puertas con persianas enrollables extremadamente pesadas, como las que se encuentran en las entradas a las f\u00e1bricas y los muelles de carga. Hay cuatro modelos disponibles, cada uno hecho a medida para satisfacer los requisitos de instalaci\u00f3n individuales.<\/p>\n<p><strong>RSO5DC:<\/strong> Incorporado un controlador inteligente LCD y una bater\u00eda de reserva confiable para una autonom\u00eda en caso de falla de energ\u00eda. Puede levantar puertas de hasta 500 kg.<\/p>\n<p>[\/et_pb_text][et_pb_text admin_label=&#8221;Main Features&#8221; _builder_version=&#8221;4.27.2&#8243; _module_preset=&#8221;default&#8221; global_colors_info=&#8221;{}&#8221;]<\/p>\n<h5>CARACTER\u00cdSTICAS PRINCIPALES:<\/h5>\n<ul>\n<li>Automatizaci\u00f3n de puertas enrollables de 500kg.<\/li>\n<li>Sistema de montaje s\u00f3lido como una roca.<\/li>\n<li>RSO5DC incluye bater\u00eda completa de reserva e interfaz LCD.<\/li>\n<li>Pr\u00e1ctica operaci\u00f3n manual.<\/li>\n<li>Modelos rentables, disponibles con diferentes funciones y modelos b\u00e1sicos.<\/li>\n<li>Control de posici\u00f3n seguro y confiable.<\/li>\n<li>Permite la conexi\u00f3n de dispositivos de seguridad y equipos auxiliares.<\/li>\n<li>Funcionalidad integrada del temporizador ChronoGuard.<\/li>\n<li>Receptor Multicanal con salto de c\u00f3digo CENTURION integrado con<br \/>selecci\u00f3n de adici\u00f3n y eliminaci\u00f3n. [1]<\/li>\n<li>M\u00faltiples modos de funcionamiento, incluidos los modos de alarma de<br \/>detecci\u00f3n de intrusos. [1]<\/li>\n<li>[1]\u00a0 RSO5DC<\/li>\n<\/ul>\n<p>[\/et_pb_text][\/et_pb_column][et_pb_column type=&#8221;1_3&#8243; _builder_version=&#8221;4.16&#8243; global_colors_info=&#8221;{}&#8221;][et_pb_image src=&#8221;https:\/\/www.centsys.co.za\/\/wp-content\/uploads\/2016\/12\/CENTURION-SYSTEMS-RSO.png&#8221; _builder_version=&#8221;4.27.2&#8243; _module_preset=&#8221;default&#8221; global_colors_info=&#8221;{}&#8221;][\/et_pb_image][\/et_pb_column][\/et_pb_row][et_pb_row _builder_version=&#8221;4.16&#8243; locked=&#8221;off&#8221; global_colors_info=&#8221;{}&#8221;][et_pb_column type=&#8221;4_4&#8243; _builder_version=&#8221;4.16&#8243; global_colors_info=&#8221;{}&#8221;][et_pb_text _builder_version=&#8221;4.27.2&#8243; header_5_font=&#8221;|||on|||||&#8221; global_colors_info=&#8221;{}&#8221;]<\/p>\n<h5>ESPECIFICACIONES T\u00c9CNICAS<\/h5>\n<div id=\"footable_parent_2958\"\n         class=\" footable_parent ninja_table_wrapper loading_ninja_table wp_table_data_press_parent semantic_ui \">\n                <table data-ninja_table_instance=\"ninja_table_instance_0\" data-footable_id=\"2958\" data-filter-delay=\"1000\" aria-label=\"RSO\"            id=\"footable_2958\"\n           data-unique_identifier=\"ninja_table_unique_id_435251271_2958\"\n           class=\" foo-table ninja_footable foo_table_2958 ninja_table_unique_id_435251271_2958 ui table  nt_type_ajax_table vertical_centered  footable-paging-right ninja_table_search_disabled\">\n                <colgroup>\n                            <col class=\"ninja_column_0 \">\n                            <col class=\"ninja_column_1 \">\n                    <\/colgroup>\n            <\/table>\n    \n    \n    \n<\/div>\n\n<p>[\/et_pb_text][\/et_pb_column][\/et_pb_row][et_pb_row column_structure=&#8221;1_3,1_3,1_3&#8243; _builder_version=&#8221;4.16&#8243; _module_preset=&#8221;default&#8221; global_colors_info=&#8221;{}&#8221;][et_pb_column type=&#8221;1_3&#8243; _builder_version=&#8221;4.16&#8243; _module_preset=&#8221;default&#8221; global_colors_info=&#8221;{}&#8221;][et_pb_image src=&#8221;https:\/\/www.centsys.com\/lat\/wp-content\/uploads\/2020\/03\/RSO_Controller_box-1.jpg&#8221; alt=&#8221;Caja del controlador CENTURION RSO&#8221; title_text=&#8221;Caja del controlador CENTURION RSO&#8221; url=&#8221;@ET-DC@eyJkeW5hbWljIjp0cnVlLCJjb250ZW50IjoicG9zdF9saW5rX3VybF9wYWdlIiwic2V0dGluZ3MiOnsicG9zdF9pZCI6IjkxIn19@&#8221; align=&#8221;center&#8221; _builder_version=&#8221;4.16&#8243; _dynamic_attributes=&#8221;url&#8221; global_colors_info=&#8221;{}&#8221;][\/et_pb_image][\/et_pb_column][et_pb_column type=&#8221;1_3&#8243; _builder_version=&#8221;4.16&#8243; _module_preset=&#8221;default&#8221; global_colors_info=&#8221;{}&#8221;][et_pb_image src=&#8221;https:\/\/www.centsys.co.za\/\/wp-content\/uploads\/2016\/12\/RSO-universal-bracket.jpg&#8221; _builder_version=&#8221;4.27.2&#8243; _module_preset=&#8221;default&#8221; global_colors_info=&#8221;{}&#8221;][\/et_pb_image][\/et_pb_column][et_pb_column type=&#8221;1_3&#8243; _builder_version=&#8221;4.16&#8243; _module_preset=&#8221;default&#8221; global_colors_info=&#8221;{}&#8221;][et_pb_image src=&#8221;https:\/\/www.centsys.com\/lat\/wp-content\/uploads\/2020\/03\/RSO-wall-switch-1.jpg&#8221; alt=&#8221;Interruptor de pared CENTURION RSO&#8221; title_text=&#8221;Interruptor de pared CENTURION RSO&#8221; url=&#8221;@ET-DC@eyJkeW5hbWljIjp0cnVlLCJjb250ZW50IjoicG9zdF9saW5rX3VybF9wYWdlIiwic2V0dGluZ3MiOnsicG9zdF9pZCI6IjkxIn19@&#8221; align=&#8221;center&#8221; _builder_version=&#8221;4.16&#8243; _dynamic_attributes=&#8221;url&#8221; global_colors_info=&#8221;{}&#8221;][\/et_pb_image][\/et_pb_column][\/et_pb_row][et_pb_row _builder_version=&#8221;4.16&#8243; _module_preset=&#8221;default&#8221; global_colors_info=&#8221;{}&#8221;][et_pb_column type=&#8221;4_4&#8243; _builder_version=&#8221;4.16&#8243; _module_preset=&#8221;default&#8221; global_colors_info=&#8221;{}&#8221;][et_pb_image src=&#8221;https:\/\/www.centsys.com\/lat\/img\/admin\/Suscr%C3%ADbase%20a%20nuestro%20bolet%C3%ADn%20informativo%20CENTURION.jpg&#8221; url=&#8221;https:\/\/www.centsys.com\/lat\/suscribase-a-nuestro-boletin-informativo\/&#8221; _builder_version=&#8221;4.24.0&#8243; _module_preset=&#8221;default&#8221; global_module=&#8221;5478&#8243; global_colors_info=&#8221;{}&#8221;][\/et_pb_image][\/et_pb_column][\/et_pb_row][\/et_pb_section][et_pb_section fb_built=&#8221;1&#8243; fullwidth=&#8221;on&#8221; admin_label=&#8221;THIS IS THE MID SECTION BANNER SITE WIDE&#8221; _builder_version=&#8221;4.23.1&#8243; _module_preset=&#8221;default&#8221; global_module=&#8221;24415&#8243; global_colors_info=&#8221;{}&#8221;][et_pb_fullwidth_image src=&#8221;https:\/\/www.centsys.com\/lat\/img\/admin\/Cambia%20a%20MyCentsys%20Remote%20para%20una%20experiencia%20potente.jpg&#8221; url=&#8221;https:\/\/www.centsys.com\/lat\/atencion-la-aplicacion-g-remote-se-retirara-el-31-de-agosto\/&#8221; admin_label=&#8221;FOOTER_SITE WIDE&#8221; _builder_version=&#8221;4.27.0&#8243; _module_preset=&#8221;default&#8221; global_colors_info=&#8221;{}&#8221;][\/et_pb_fullwidth_image][et_pb_fullwidth_header button_one_text=&#8221;Cont\u00e1ctenos&#8221; button_one_url=&#8221;https:\/\/www.centsys.com\/lat\/detalles-de-contacto\/&#8221; button_two_text=&#8221;Soporte t\u00e9cnico&#8221; button_two_url=&#8221;https:\/\/www.centsys.com\/lat\/centro-de-llamadas\/&#8221; disabled_on=&#8221;on|on|on&#8221; _builder_version=&#8221;4.25.2&#8243; _module_preset=&#8221;default&#8221; background_color=&#8221;#c1c1c1&#8243; custom_button_one=&#8221;on&#8221; button_one_text_color=&#8221;#FFFFFF&#8221; button_one_bg_color=&#8221;#999999&#8243; button_one_border_color=&#8221;#999999&#8243; custom_button_two=&#8221;on&#8221; button_two_text_color=&#8221;#FFFFFF&#8221; button_two_bg_color=&#8221;#999999&#8243; button_two_border_color=&#8221;#999999&#8243; custom_margin=&#8221;||-29px|||&#8221; custom_padding=&#8221;8px||44px||false|&#8221; disabled=&#8221;on&#8221; global_colors_info=&#8221;{}&#8221; button_one_text_size__hover_enabled=&#8221;on|hover&#8221; button_one_border_color__hover_enabled=&#8221;on|desktop&#8221; button_one_border_color__hover=&#8221;#81c341&#8243; button_two_bg_color__hover_enabled=&#8221;on|hover&#8221; button_two_bg_color__hover=&#8221;#81c341&#8243; button_two_bg_enable_color__hover=&#8221;on&#8221; button_two_border_color__hover_enabled=&#8221;on|hover&#8221; button_two_border_color__hover=&#8221;#81c341&#8243; button_one_bg_color__hover_enabled=&#8221;on|hover&#8221; button_one_bg_color__hover=&#8221;#81c341&#8243; button_one_bg_enable_color__hover=&#8221;on&#8221;][\/et_pb_fullwidth_header][\/et_pb_section]<\/p>\n","protected":false},"excerpt":{"rendered":"<p><span><span><a href=\"https:\/\/www.centsys.com\/lat\/\">INICIO<\/a><\/span><\/span>MOTORES PARA PUERTAS ENROLLABLES\u00a0RSO5DC La gama industrial RSO de Centurion Systems ha sido dise\u00f1ada para automatizar de forma segura puertas con persianas enrollables extremadamente pesadas, como las que se encuentran en las entradas a las f\u00e1bricas y los muelles de carga. Hay cuatro modelos disponibles, cada uno hecho a medida para satisfacer los requisitos de [&hellip;]<\/p>\n","protected":false},"author":2,"featured_media":0,"parent":0,"menu_order":0,"comment_status":"closed","ping_status":"closed","template":"","meta":{"_et_pb_use_builder":"on","_et_pb_old_content":"","_et_gb_content_width":"","_joinchat":[],"footnotes":""},"class_list":["post-5168","page","type-page","status-publish","hentry"],"yoast_head":"<!-- This site is optimized with the Yoast SEO Premium plugin v26.6 (Yoast SEO v27.5) - https:\/\/yoast.com\/product\/yoast-seo-premium-wordpress\/ -->\r\n<title>RSO - Motores para puertas enrollables - Centurion Systems<\/title>\r\n<meta name=\"description\" content=\"La gama RSO ha sido dise\u00f1adapara automatizar de forma segura puertas enrollablesextremadamente pesadas, como entradas de f\u00e1bricas y navesde carga.\" \/>\r\n<meta name=\"robots\" content=\"index, follow, max-snippet:-1, max-image-preview:large, max-video-preview:-1\" \/>\r\n<link rel=\"canonical\" href=\"https:\/\/www.centsys.com\/lat\/motores-para-puertas-enrollables-centurion-rso\/\" \/>\r\n<meta property=\"og:locale\" content=\"en_US\" \/>\r\n<meta property=\"og:type\" content=\"article\" \/>\r\n<meta property=\"og:title\" content=\"RSO\" \/>\r\n<meta property=\"og:description\" content=\"La gama RSO ha sido dise\u00f1adapara automatizar de forma segura puertas enrollablesextremadamente pesadas, como entradas de f\u00e1bricas y navesde carga.\" \/>\r\n<meta property=\"og:url\" content=\"https:\/\/www.centsys.com\/lat\/motores-para-puertas-enrollables-centurion-rso\/\" \/>\r\n<meta property=\"og:site_name\" content=\"Centurion Systems Spanish\" \/>\r\n<meta property=\"article:modified_time\" content=\"2024-10-22T09:28:01+00:00\" \/>\r\n<meta name=\"twitter:card\" content=\"summary_large_image\" \/>\r\n<meta name=\"twitter:label1\" content=\"Est. reading time\" \/>\n\t<meta name=\"twitter:data1\" content=\"3 minutes\" \/>\r\n<script type=\"application\/ld+json\" class=\"yoast-schema-graph\">{\"@context\":\"https:\\\/\\\/schema.org\",\"@graph\":[{\"@type\":\"WebPage\",\"@id\":\"https:\\\/\\\/www.centsys.com\\\/lat\\\/motores-para-puertas-enrollables-centurion-rso\\\/\",\"url\":\"https:\\\/\\\/www.centsys.com\\\/lat\\\/motores-para-puertas-enrollables-centurion-rso\\\/\",\"name\":\"RSO - Motores para puertas enrollables - Centurion Systems\",\"isPartOf\":{\"@id\":\"https:\\\/\\\/www.centsys.com\\\/lat\\\/#website\"},\"datePublished\":\"2021-10-19T11:11:13+00:00\",\"dateModified\":\"2024-10-22T09:28:01+00:00\",\"description\":\"La gama RSO ha sido dise\u00f1adapara automatizar de forma segura puertas enrollablesextremadamente pesadas, como entradas de f\u00e1bricas y navesde carga.\",\"breadcrumb\":{\"@id\":\"https:\\\/\\\/www.centsys.com\\\/lat\\\/motores-para-puertas-enrollables-centurion-rso\\\/#breadcrumb\"},\"inLanguage\":\"en-ZA\",\"potentialAction\":[{\"@type\":\"ReadAction\",\"target\":[\"https:\\\/\\\/www.centsys.com\\\/lat\\\/motores-para-puertas-enrollables-centurion-rso\\\/\"]}]},{\"@type\":\"BreadcrumbList\",\"@id\":\"https:\\\/\\\/www.centsys.com\\\/lat\\\/motores-para-puertas-enrollables-centurion-rso\\\/#breadcrumb\",\"itemListElement\":[{\"@type\":\"ListItem\",\"position\":1,\"name\":\"INICIO\",\"item\":\"https:\\\/\\\/www.centsys.com\\\/lat\\\/\"},{\"@type\":\"ListItem\",\"position\":2,\"name\":\"RSO\"}]},{\"@type\":\"WebSite\",\"@id\":\"https:\\\/\\\/www.centsys.com\\\/lat\\\/#website\",\"url\":\"https:\\\/\\\/www.centsys.com\\\/lat\\\/\",\"name\":\"Centurion Systems Spanish\",\"description\":\"Productos para Automatizaci\u00f3n de Acceso\",\"potentialAction\":[{\"@type\":\"SearchAction\",\"target\":{\"@type\":\"EntryPoint\",\"urlTemplate\":\"https:\\\/\\\/www.centsys.com\\\/lat\\\/?s={search_term_string}\"},\"query-input\":{\"@type\":\"PropertyValueSpecification\",\"valueRequired\":true,\"valueName\":\"search_term_string\"}}],\"inLanguage\":\"en-ZA\"}]}<\/script>\r\n<!-- \/ Yoast SEO Premium plugin. -->","yoast_head_json":{"title":"RSO - Motores para puertas enrollables - Centurion Systems","description":"La gama RSO ha sido dise\u00f1adapara automatizar de forma segura puertas enrollablesextremadamente pesadas, como entradas de f\u00e1bricas y navesde carga.","robots":{"index":"index","follow":"follow","max-snippet":"max-snippet:-1","max-image-preview":"max-image-preview:large","max-video-preview":"max-video-preview:-1"},"canonical":"https:\/\/www.centsys.com\/lat\/motores-para-puertas-enrollables-centurion-rso\/","og_locale":"en_US","og_type":"article","og_title":"RSO","og_description":"La gama RSO ha sido dise\u00f1adapara automatizar de forma segura puertas enrollablesextremadamente pesadas, como entradas de f\u00e1bricas y navesde carga.","og_url":"https:\/\/www.centsys.com\/lat\/motores-para-puertas-enrollables-centurion-rso\/","og_site_name":"Centurion Systems Spanish","article_modified_time":"2024-10-22T09:28:01+00:00","twitter_card":"summary_large_image","twitter_misc":{"Est. reading time":"3 minutes"},"schema":{"@context":"https:\/\/schema.org","@graph":[{"@type":"WebPage","@id":"https:\/\/www.centsys.com\/lat\/motores-para-puertas-enrollables-centurion-rso\/","url":"https:\/\/www.centsys.com\/lat\/motores-para-puertas-enrollables-centurion-rso\/","name":"RSO - Motores para puertas enrollables - Centurion Systems","isPartOf":{"@id":"https:\/\/www.centsys.com\/lat\/#website"},"datePublished":"2021-10-19T11:11:13+00:00","dateModified":"2024-10-22T09:28:01+00:00","description":"La gama RSO ha sido dise\u00f1adapara automatizar de forma segura puertas enrollablesextremadamente pesadas, como entradas de f\u00e1bricas y navesde carga.","breadcrumb":{"@id":"https:\/\/www.centsys.com\/lat\/motores-para-puertas-enrollables-centurion-rso\/#breadcrumb"},"inLanguage":"en-ZA","potentialAction":[{"@type":"ReadAction","target":["https:\/\/www.centsys.com\/lat\/motores-para-puertas-enrollables-centurion-rso\/"]}]},{"@type":"BreadcrumbList","@id":"https:\/\/www.centsys.com\/lat\/motores-para-puertas-enrollables-centurion-rso\/#breadcrumb","itemListElement":[{"@type":"ListItem","position":1,"name":"INICIO","item":"https:\/\/www.centsys.com\/lat\/"},{"@type":"ListItem","position":2,"name":"RSO"}]},{"@type":"WebSite","@id":"https:\/\/www.centsys.com\/lat\/#website","url":"https:\/\/www.centsys.com\/lat\/","name":"Centurion Systems Spanish","description":"Productos para Automatizaci\u00f3n de Acceso","potentialAction":[{"@type":"SearchAction","target":{"@type":"EntryPoint","urlTemplate":"https:\/\/www.centsys.com\/lat\/?s={search_term_string}"},"query-input":{"@type":"PropertyValueSpecification","valueRequired":true,"valueName":"search_term_string"}}],"inLanguage":"en-ZA"}]}},"_links":{"self":[{"href":"https:\/\/www.centsys.com\/lat\/wp-json\/wp\/v2\/pages\/5168","targetHints":{"allow":["GET"]}}],"collection":[{"href":"https:\/\/www.centsys.com\/lat\/wp-json\/wp\/v2\/pages"}],"about":[{"href":"https:\/\/www.centsys.com\/lat\/wp-json\/wp\/v2\/types\/page"}],"author":[{"embeddable":true,"href":"https:\/\/www.centsys.com\/lat\/wp-json\/wp\/v2\/users\/2"}],"replies":[{"embeddable":true,"href":"https:\/\/www.centsys.com\/lat\/wp-json\/wp\/v2\/comments?post=5168"}],"version-history":[{"count":0,"href":"https:\/\/www.centsys.com\/lat\/wp-json\/wp\/v2\/pages\/5168\/revisions"}],"wp:attachment":[{"href":"https:\/\/www.centsys.com\/lat\/wp-json\/wp\/v2\/media?parent=5168"}],"curies":[{"name":"wp","href":"https:\/\/api.w.org\/{rel}","templated":true}]}}