{"id":583,"date":"2020-03-05T10:20:29","date_gmt":"2020-03-05T10:20:29","guid":{"rendered":"http:\/\/centsys.co.za\/lat\/?page_id=583"},"modified":"2024-07-16T15:04:18","modified_gmt":"2024-07-16T13:04:18","slug":"accesos-automatizados","status":"publish","type":"page","link":"https:\/\/www.centsys.com\/lat\/accesos-automatizados\/","title":{"rendered":"Accesos Automatizados"},"content":{"rendered":"<p>[et_pb_section fb_built=&#8221;1&#8243; fullwidth=&#8221;on&#8221; _builder_version=&#8221;4.16&#8243; background_enable_image=&#8221;off&#8221; locked=&#8221;off&#8221; global_colors_info=&#8221;{}&#8221;][et_pb_fullwidth_header title=&#8221;Automatiza tu mundo&#8221; _builder_version=&#8221;4.16&#8243; title_font=&#8221;Verdana|700||on|||||&#8221; title_text_align=&#8221;left&#8221; title_text_color=&#8221;#81c341&#8243; title_font_size=&#8221;46px&#8221; content_font=&#8221;Verdana||||||||&#8221; content_text_align=&#8221;left&#8221; content_text_color=&#8221;#6d6e71&#8243; content_font_size=&#8221;18px&#8221; background_enable_color=&#8221;off&#8221; background_image=&#8221;https:\/\/www.centsys.com\/lat\/img\/Accesos%20Automatizados\/Automatizaci%C3%B3n%20de%20acceso%20Centurion%20Systems.jpg&#8221; background_layout=&#8221;light&#8221; width=&#8221;100{b9f1a820be3d81834e54a7fd91d7ea557d10675802c96376b4de0df52dd4704d}&#8221; max_width=&#8221;100{b9f1a820be3d81834e54a7fd91d7ea557d10675802c96376b4de0df52dd4704d}&#8221; custom_margin=&#8221;||||false|false&#8221; custom_padding=&#8221;11%|20%|11%||true|false&#8221; custom_padding_tablet=&#8221;|10%|||true|false&#8221; custom_padding_phone=&#8221;|0%|||true|false&#8221; custom_padding_last_edited=&#8221;on|phone&#8221; title_font_size_tablet=&#8221;&#8221; title_font_size_phone=&#8221;36px&#8221; title_font_size_last_edited=&#8221;on|phone&#8221; content_font_size_tablet=&#8221;&#8221; content_font_size_phone=&#8221;14px&#8221; content_font_size_last_edited=&#8221;on|phone&#8221; global_colors_info=&#8221;{}&#8221;]<\/p>\n<p>Accesos automatizados | Intercomunicadores | Control de acceso | Dispositivos de seguridad | Auxiliares y accesorios<\/p>\n<p>[\/et_pb_fullwidth_header][\/et_pb_section][et_pb_section fb_built=&#8221;1&#8243; fullwidth=&#8221;on&#8221; _builder_version=&#8221;4.9.2&#8243; global_module=&#8221;4804&#8243; global_colors_info=&#8221;{}&#8221;][et_pb_fullwidth_code admin_label=&#8221;SEO BREADCRUMBS&#8221; _builder_version=&#8221;4.16&#8243; _module_preset=&#8221;default&#8221; background_color=&#8221;#e5e5e5&#8243; custom_padding=&#8221;|||15%|false|false&#8221; global_colors_info=&#8221;{}&#8221;]<span><span><a href=\"https:\/\/www.centsys.com\/lat\/\">INICIO<\/a><\/span><\/span>[\/et_pb_fullwidth_code][\/et_pb_section][et_pb_section fb_built=&#8221;1&#8243; _builder_version=&#8221;4.16&#8243; global_colors_info=&#8221;{}&#8221;][et_pb_row _builder_version=&#8221;4.16&#8243; global_colors_info=&#8221;{}&#8221;][et_pb_column type=&#8221;4_4&#8243; _builder_version=&#8221;4.16&#8243; global_colors_info=&#8221;{}&#8221;][et_pb_text _builder_version=&#8221;4.25.2&#8243; global_colors_info=&#8221;{}&#8221;]<\/p>\n<h1>Automatizaci\u00f3n de accesos de Centurion Systems<\/h1>\n<h1>L\u00edder en la automatizaci\u00f3n de accesos desde 1986<\/h1>\n<p>Bienvenido al mundo de la automatizaci\u00f3n de accesos con <a href=\"https:\/\/www.centsys.com\/lat\"><strong>Centurion Systems<\/strong><\/a>, pioneros en el sector desde 1986. Con m\u00e1s de tres d\u00e9cadas de experiencia, seguimos transformando el control de accesos, proporcionando soluciones de vanguardia que combinan a la perfecci\u00f3n la seguridad, comodidad y tranquilidad.<\/p>\n<h1>\u200b<\/h1>\n<p>[\/et_pb_text][\/et_pb_column][\/et_pb_row][et_pb_row column_structure=&#8221;1_5,1_5,1_5,1_5,1_5&#8243; _builder_version=&#8221;4.16&#8243; global_colors_info=&#8221;{}&#8221;][et_pb_column type=&#8221;1_5&#8243; _builder_version=&#8221;4.16&#8243; global_colors_info=&#8221;{}&#8221;][et_pb_image src=&#8221;https:\/\/www.centsys.co.za\/img\/smart\/D10T-and-SMART-Images.jpg&#8221; _builder_version=&#8221;4.25.2&#8243; _module_preset=&#8221;default&#8221; global_colors_info=&#8221;{}&#8221;][\/et_pb_image][et_pb_text admin_label=&#8221;MOTORES PARA PUERTAS CORREDIZAS&#8221; _builder_version=&#8221;4.25.2&#8243; _module_preset=&#8221;default&#8221; global_colors_info=&#8221;{}&#8221;]<\/p>\n<h3 style=\"text-align: center;\">MOTORES PARA PUERTAS CORREDIZAS<\/h3>\n<p>[\/et_pb_text][et_pb_button button_url=&#8221;@ET-DC@eyJkeW5hbWljIjp0cnVlLCJjb250ZW50IjoicG9zdF9saW5rX3VybF9wYWdlIiwic2V0dGluZ3MiOnsicG9zdF9pZCI6IjExMjMifX0=@&#8221; button_text=&#8221;VER PRODUCTOS&#8221; button_alignment=&#8221;center&#8221; _builder_version=&#8221;4.25.2&#8243; _dynamic_attributes=&#8221;button_url&#8221; hover_enabled=&#8221;0&#8243; global_colors_info=&#8221;{}&#8221; transform_translate_linked=&#8221;off&#8221; transform_translate=&#8221;0px|28px&#8221; sticky_enabled=&#8221;0&#8243;][\/et_pb_button][\/et_pb_column][et_pb_column type=&#8221;1_5&#8243; _builder_version=&#8221;4.16&#8243; global_colors_info=&#8221;{}&#8221;][et_pb_image src=&#8221;https:\/\/www.centsys.com\/lat\/wp-content\/uploads\/2020\/03\/Vantage-1.png&#8221; _builder_version=&#8221;4.25.2&#8243; _module_preset=&#8221;default&#8221; global_colors_info=&#8221;{}&#8221;][\/et_pb_image][et_pb_text admin_label=&#8221;MOTORES PARA PUERTAS ABATIBLES&#8221; _builder_version=&#8221;4.25.2&#8243; _module_preset=&#8221;default&#8221; global_colors_info=&#8221;{}&#8221;]<\/p>\n<h3 style=\"text-align: center;\">MOTORES PARA PUERTAS ABATIBLES<\/h3>\n<p>[\/et_pb_text][et_pb_button button_url=&#8221;@ET-DC@eyJkeW5hbWljIjp0cnVlLCJjb250ZW50IjoicG9zdF9saW5rX3VybF9wYWdlIiwic2V0dGluZ3MiOnsicG9zdF9pZCI6IjExMzQifX0=@&#8221; button_text=&#8221;VER PRODUCTOS&#8221; button_alignment=&#8221;center&#8221; _builder_version=&#8221;4.25.2&#8243; _dynamic_attributes=&#8221;button_url&#8221; global_colors_info=&#8221;{}&#8221;][\/et_pb_button][\/et_pb_column][et_pb_column type=&#8221;1_5&#8243; _builder_version=&#8221;4.16&#8243; global_colors_info=&#8221;{}&#8221;][et_pb_image src=&#8221;https:\/\/www.centsys.com\/mx\/img\/sector%20ii\/Barreras%20de%20control%20de%20acceso%20vehicular_SECTOR%20II_Amarillo.jpg&#8221; _builder_version=&#8221;4.25.2&#8243; _module_preset=&#8221;default&#8221; global_colors_info=&#8221;{}&#8221;][\/et_pb_image][et_pb_text admin_label=&#8221;BARRERAS DE TR\u00c1FICO Y ACCESORIOS&#8221; _builder_version=&#8221;4.25.2&#8243; _module_preset=&#8221;default&#8221; global_colors_info=&#8221;{}&#8221;]<\/p>\n<h3 style=\"text-align: center;\">BARRERAS DE TR\u00c1FICO Y ACCESORIOS<\/h3>\n<p>[\/et_pb_text][et_pb_button button_url=&#8221;@ET-DC@eyJkeW5hbWljIjp0cnVlLCJjb250ZW50IjoicG9zdF9saW5rX3VybF9wYWdlIiwic2V0dGluZ3MiOnsicG9zdF9pZCI6IjExNDYifX0=@&#8221; button_text=&#8221;VER PRODUCTOS&#8221; button_alignment=&#8221;center&#8221; _builder_version=&#8221;4.16&#8243; _dynamic_attributes=&#8221;button_url&#8221; global_colors_info=&#8221;{}&#8221;][\/et_pb_button][\/et_pb_column][et_pb_column type=&#8221;1_5&#8243; _builder_version=&#8221;4.16&#8243; global_colors_info=&#8221;{}&#8221;][et_pb_image src=&#8221;https:\/\/www.centsys.co.za\/img\/products\/sdo4\/CENTURION-SDO4-SMART.jpg&#8221; _builder_version=&#8221;4.25.2&#8243; _module_preset=&#8221;default&#8221; global_colors_info=&#8221;{}&#8221;][\/et_pb_image][et_pb_text admin_label=&#8221;MOTORES PARA PUERTAS DE COCHERA&#8221; _builder_version=&#8221;4.25.2&#8243; _module_preset=&#8221;default&#8221; global_colors_info=&#8221;{}&#8221;]<\/p>\n<h3 style=\"text-align: center;\">MOTORES PARA PUERTAS DE COCHERA<\/h3>\n<p>[\/et_pb_text][et_pb_button button_url=&#8221;@ET-DC@eyJkeW5hbWljIjp0cnVlLCJjb250ZW50IjoicG9zdF9saW5rX3VybF9wYWdlIiwic2V0dGluZ3MiOnsicG9zdF9pZCI6IjExNTkifX0=@&#8221; button_text=&#8221;VER PRODUCTOS&#8221; button_alignment=&#8221;center&#8221; _builder_version=&#8221;4.25.2&#8243; _dynamic_attributes=&#8221;button_url&#8221; global_colors_info=&#8221;{}&#8221;][\/et_pb_button][\/et_pb_column][et_pb_column type=&#8221;1_5&#8243; _builder_version=&#8221;4.16&#8243; global_colors_info=&#8221;{}&#8221;][et_pb_image src=&#8221;https:\/\/www.centsys.co.za\/wp-content\/uploads\/2016\/11\/Industrial-Roller-Shutter.png&#8221; _builder_version=&#8221;4.25.2&#8243; _module_preset=&#8221;default&#8221; global_colors_info=&#8221;{}&#8221;][\/et_pb_image][et_pb_text admin_label=&#8221;MOTORES PARA PUERTAS ENROLLABLES&#8221; _builder_version=&#8221;4.25.2&#8243; _module_preset=&#8221;default&#8221; global_colors_info=&#8221;{}&#8221;]<\/p>\n<h3 style=\"text-align: center;\">MOTORES PARA PUERTAS ENROLLABLES<\/h3>\n<p>[\/et_pb_text][et_pb_button button_url=&#8221;@ET-DC@eyJkeW5hbWljIjp0cnVlLCJjb250ZW50IjoicG9zdF9saW5rX3VybF9wYWdlIiwic2V0dGluZ3MiOnsicG9zdF9pZCI6IjUxNTMifX0=@&#8221; button_text=&#8221;VER PRODUCTOS&#8221; button_alignment=&#8221;center&#8221; _builder_version=&#8221;4.25.2&#8243; _dynamic_attributes=&#8221;button_url&#8221; global_colors_info=&#8221;{}&#8221;][\/et_pb_button][\/et_pb_column][\/et_pb_row][et_pb_row _builder_version=&#8221;4.16&#8243; custom_padding=&#8221;27px|||||&#8221; global_colors_info=&#8221;{}&#8221;][et_pb_column type=&#8221;4_4&#8243; _builder_version=&#8221;4.16&#8243; global_colors_info=&#8221;{}&#8221;][et_pb_text _builder_version=&#8221;4.25.2&#8243; _module_preset=&#8221;default&#8221; global_colors_info=&#8221;{}&#8221;]<\/p>\n<h1>Nuestra galardonada gama para la automatizaci\u00f3n de accesos<\/h1>\n<p>Nuestro compromiso con la innovaci\u00f3n queda patente en nuestras innovadoras funciones, dise\u00f1adas para transformar la experiencia del usuario. <strong>Como l\u00edderes en la automatizaci\u00f3n de accesos<\/strong>, <a href=\"https:\/\/www.centsys.com\/lat\/innovacion\/\">contamos con una gama galardonada<\/a> que incluye <a href=\"https:\/\/www.centsys.com\/lat\/motores-para-puertas-abatibles\/\">motores para puertas abatibles<\/a> y <a href=\"https:\/\/www.centsys.com\/lat\/motores-para-puertas-corredizas\/\">corredizas<\/a>,<a href=\"https:\/\/www.centsys.com\/lat\/motores-para-puertas-de-cochera\/\"> para puertas de cochera<\/a> y <a href=\"https:\/\/www.centsys.com\/lat\/barreras-vehiculares-y-accesorios\/\">barreras de tr\u00e1fico<\/a>. Cada producto se elabora meticulosamente para ofrecer no s\u00f3lo fiabilidad y rendimiento, sino tambi\u00e9n un nivel de seguridad inigualable.<\/p>\n<p><a href=\"https:\/\/www.centsys.com\/lat\/presencia-global\/\">Con la confianza de m\u00e1s de 70 pa\u00edses de todo el mundo<\/a>, Centurion Systems es un s\u00edmbolo mundial de excelencia en la <strong>automatizaci\u00f3n de accesos<\/strong>. Tanto si se trata de proteger una residencia dom\u00e9stica como de gestionar el acceso a un espacio comercial o supervisar entornos industriales, nuestras soluciones de gama alta satisfacen diversas necesidades.<\/p>\n<p>Lo que nos distingue es nuestra tecnolog\u00eda con bater\u00edas de eficacia comprobada, que garantiza una funcionalidad y longevidad ininterrumpidas. Todos los productos se someten a rigurosas pruebas para cumplir nuestros exigentes <a href=\"https:\/\/www.centsys.com\/lat\/normas-salud-y-seguridad\/\">est\u00e1ndares de calidad<\/a>, lo que garantiza una integraci\u00f3n perfecta en su vida diaria o en las actividades de su empresa.<\/p>\n<p>En <a href=\"https:\/\/www.centsys.com\/lat\">Centurion Systems<\/a>, no s\u00f3lo proporcionamos soluciones de acceso; creamos tranquilidad. \u00danase al grupo de los que han elegido la fiabilidad, la innovaci\u00f3n y la excelencia que definen nuestra marca. <strong>Experimente la automatizaci\u00f3n de accesos<\/strong> como nunca antes: donde la tradici\u00f3n se une a la tecnolog\u00eda, y la seguridad a la sofisticaci\u00f3n.<\/p>\n<p>Elija <a href=\"https:\/\/www.centsys.com\/lat\">Centurion Systems<\/a> para la <strong>automatizaci\u00f3n de accesos<\/strong> que va m\u00e1s all\u00e1 de las expectativas, estableciendo el punto de referencia para la industria desde 1986.<\/p>\n<p>[\/et_pb_text][\/et_pb_column][\/et_pb_row][\/et_pb_section][et_pb_section fb_built=&#8221;1&#8243; fullwidth=&#8221;on&#8221; admin_label=&#8221;THIS IS THE MID SECTION BANNER SITE WIDE&#8221; _builder_version=&#8221;4.23.1&#8243; _module_preset=&#8221;default&#8221; global_module=&#8221;24415&#8243; global_colors_info=&#8221;{}&#8221;][et_pb_fullwidth_image src=&#8221;https:\/\/www.centsys.com\/lat\/img\/blog\/La%20aplicaci%C3%B3n%20G-Remote%20dejar%C3%A1%20de%20funcionar%20despu%C3%A9s%20del%2031%20de%20agosto%20del%202024_BAN.jpg&#8221; url=&#8221;https:\/\/www.centsys.com\/lat\/g-remote-dejara-de-funcionar-a-partir-del-31-de-agosto-2024&#8243; admin_label=&#8221;FOOTER_SITE WIDE&#8221; _builder_version=&#8221;4.25.2&#8243; _module_preset=&#8221;default&#8221; global_colors_info=&#8221;{}&#8221;][\/et_pb_fullwidth_image][et_pb_fullwidth_header button_one_text=&#8221;Cont\u00e1ctenos&#8221; button_one_url=&#8221;https:\/\/www.centsys.com\/lat\/detalles-de-contacto\/&#8221; button_two_text=&#8221;Soporte t\u00e9cnico&#8221; button_two_url=&#8221;https:\/\/www.centsys.com\/lat\/centro-de-llamadas\/&#8221; _builder_version=&#8221;4.25.0&#8243; _module_preset=&#8221;default&#8221; background_color=&#8221;#c1c1c1&#8243; custom_button_one=&#8221;on&#8221; button_one_text_color=&#8221;#FFFFFF&#8221; button_one_bg_color=&#8221;#999999&#8243; button_one_border_color=&#8221;#999999&#8243; custom_button_two=&#8221;on&#8221; button_two_text_color=&#8221;#FFFFFF&#8221; button_two_bg_color=&#8221;#999999&#8243; button_two_border_color=&#8221;#999999&#8243; custom_padding=&#8221;6px||17px|||&#8221; global_colors_info=&#8221;{}&#8221; button_one_text_size__hover_enabled=&#8221;on|hover&#8221; button_one_border_color__hover_enabled=&#8221;on|desktop&#8221; button_one_border_color__hover=&#8221;#81c341&#8243; button_two_bg_color__hover_enabled=&#8221;on|hover&#8221; button_two_bg_color__hover=&#8221;#81c341&#8243; button_two_bg_enable_color__hover=&#8221;on&#8221; button_two_border_color__hover_enabled=&#8221;on|hover&#8221; button_two_border_color__hover=&#8221;#81c341&#8243; button_one_bg_color__hover_enabled=&#8221;on|hover&#8221; button_one_bg_color__hover=&#8221;#81c341&#8243; button_one_bg_enable_color__hover=&#8221;on&#8221;][\/et_pb_fullwidth_header][\/et_pb_section]<\/p>\n","protected":false},"excerpt":{"rendered":"<p>Accesos automatizados | Intercomunicadores | Control de acceso | Dispositivos de seguridad | Auxiliares y accesorios<span><span><a href=\"https:\/\/www.centsys.com\/lat\/\">INICIO<\/a><\/span><\/span>Automatizaci\u00f3n de accesos de Centurion Systems L\u00edder en la automatizaci\u00f3n de accesos desde 1986 Bienvenido al mundo de la automatizaci\u00f3n de accesos con Centurion Systems, pioneros en el sector desde 1986. Con m\u00e1s de tres d\u00e9cadas de experiencia, seguimos transformando [&hellip;]<\/p>\n","protected":false},"author":1,"featured_media":0,"parent":0,"menu_order":0,"comment_status":"closed","ping_status":"closed","template":"","meta":{"_et_pb_use_builder":"on","_et_pb_old_content":"","_et_gb_content_width":"","_joinchat":[],"footnotes":""},"class_list":["post-583","page","type-page","status-publish","hentry"],"yoast_head":"<!-- This site is optimized with the Yoast SEO Premium plugin v26.6 (Yoast SEO v27.5) - https:\/\/yoast.com\/product\/yoast-seo-premium-wordpress\/ -->\r\n<title>Accesos automatizados - Centurion Systems<\/title>\r\n<meta name=\"description\" content=\"Los mejores productos para automatizaci\u00f3n de accesos en el mercado: motores para puertas o cocheras, barreras de tr\u00e1fico, controles remotos y receptores.\" \/>\r\n<meta name=\"robots\" content=\"index, follow, max-snippet:-1, max-image-preview:large, max-video-preview:-1\" \/>\r\n<link rel=\"canonical\" href=\"https:\/\/www.centsys.com\/lat\/accesos-automatizados\/\" \/>\r\n<meta property=\"og:locale\" content=\"en_US\" \/>\r\n<meta property=\"og:type\" content=\"article\" \/>\r\n<meta property=\"og:title\" content=\"Accesos Automatizados\" \/>\r\n<meta property=\"og:description\" content=\"Los mejores productos para automatizaci\u00f3n de accesos en el mercado: motores para puertas o cocheras, barreras de tr\u00e1fico, controles remotos y receptores.\" \/>\r\n<meta property=\"og:url\" content=\"https:\/\/www.centsys.com\/lat\/accesos-automatizados\/\" \/>\r\n<meta property=\"og:site_name\" content=\"Centurion Systems Spanish\" \/>\r\n<meta property=\"article:modified_time\" content=\"2024-07-16T13:04:18+00:00\" \/>\r\n<meta name=\"twitter:card\" content=\"summary_large_image\" \/>\r\n<meta name=\"twitter:label1\" content=\"Est. reading time\" \/>\n\t<meta name=\"twitter:data1\" content=\"3 minutes\" \/>\r\n<script type=\"application\/ld+json\" class=\"yoast-schema-graph\">{\"@context\":\"https:\\\/\\\/schema.org\",\"@graph\":[{\"@type\":\"WebPage\",\"@id\":\"https:\\\/\\\/www.centsys.com\\\/lat\\\/accesos-automatizados\\\/\",\"url\":\"https:\\\/\\\/www.centsys.com\\\/lat\\\/accesos-automatizados\\\/\",\"name\":\"Accesos automatizados - Centurion Systems\",\"isPartOf\":{\"@id\":\"https:\\\/\\\/www.centsys.com\\\/lat\\\/#website\"},\"datePublished\":\"2020-03-05T10:20:29+00:00\",\"dateModified\":\"2024-07-16T13:04:18+00:00\",\"description\":\"Los mejores productos para automatizaci\u00f3n de accesos en el mercado: motores para puertas o cocheras, barreras de tr\u00e1fico, controles remotos y receptores.\",\"breadcrumb\":{\"@id\":\"https:\\\/\\\/www.centsys.com\\\/lat\\\/accesos-automatizados\\\/#breadcrumb\"},\"inLanguage\":\"en-ZA\",\"potentialAction\":[{\"@type\":\"ReadAction\",\"target\":[\"https:\\\/\\\/www.centsys.com\\\/lat\\\/accesos-automatizados\\\/\"]}]},{\"@type\":\"BreadcrumbList\",\"@id\":\"https:\\\/\\\/www.centsys.com\\\/lat\\\/accesos-automatizados\\\/#breadcrumb\",\"itemListElement\":[{\"@type\":\"ListItem\",\"position\":1,\"name\":\"INICIO\",\"item\":\"https:\\\/\\\/www.centsys.com\\\/lat\\\/\"},{\"@type\":\"ListItem\",\"position\":2,\"name\":\"Accesos Automatizados\"}]},{\"@type\":\"WebSite\",\"@id\":\"https:\\\/\\\/www.centsys.com\\\/lat\\\/#website\",\"url\":\"https:\\\/\\\/www.centsys.com\\\/lat\\\/\",\"name\":\"Centurion Systems Spanish\",\"description\":\"Productos para Automatizaci\u00f3n de Acceso\",\"potentialAction\":[{\"@type\":\"SearchAction\",\"target\":{\"@type\":\"EntryPoint\",\"urlTemplate\":\"https:\\\/\\\/www.centsys.com\\\/lat\\\/?s={search_term_string}\"},\"query-input\":{\"@type\":\"PropertyValueSpecification\",\"valueRequired\":true,\"valueName\":\"search_term_string\"}}],\"inLanguage\":\"en-ZA\"}]}<\/script>\r\n<!-- \/ Yoast SEO Premium plugin. -->","yoast_head_json":{"title":"Accesos automatizados - Centurion Systems","description":"Los mejores productos para automatizaci\u00f3n de accesos en el mercado: motores para puertas o cocheras, barreras de tr\u00e1fico, controles remotos y receptores.","robots":{"index":"index","follow":"follow","max-snippet":"max-snippet:-1","max-image-preview":"max-image-preview:large","max-video-preview":"max-video-preview:-1"},"canonical":"https:\/\/www.centsys.com\/lat\/accesos-automatizados\/","og_locale":"en_US","og_type":"article","og_title":"Accesos Automatizados","og_description":"Los mejores productos para automatizaci\u00f3n de accesos en el mercado: motores para puertas o cocheras, barreras de tr\u00e1fico, controles remotos y receptores.","og_url":"https:\/\/www.centsys.com\/lat\/accesos-automatizados\/","og_site_name":"Centurion Systems Spanish","article_modified_time":"2024-07-16T13:04:18+00:00","twitter_card":"summary_large_image","twitter_misc":{"Est. reading time":"3 minutes"},"schema":{"@context":"https:\/\/schema.org","@graph":[{"@type":"WebPage","@id":"https:\/\/www.centsys.com\/lat\/accesos-automatizados\/","url":"https:\/\/www.centsys.com\/lat\/accesos-automatizados\/","name":"Accesos automatizados - Centurion Systems","isPartOf":{"@id":"https:\/\/www.centsys.com\/lat\/#website"},"datePublished":"2020-03-05T10:20:29+00:00","dateModified":"2024-07-16T13:04:18+00:00","description":"Los mejores productos para automatizaci\u00f3n de accesos en el mercado: motores para puertas o cocheras, barreras de tr\u00e1fico, controles remotos y receptores.","breadcrumb":{"@id":"https:\/\/www.centsys.com\/lat\/accesos-automatizados\/#breadcrumb"},"inLanguage":"en-ZA","potentialAction":[{"@type":"ReadAction","target":["https:\/\/www.centsys.com\/lat\/accesos-automatizados\/"]}]},{"@type":"BreadcrumbList","@id":"https:\/\/www.centsys.com\/lat\/accesos-automatizados\/#breadcrumb","itemListElement":[{"@type":"ListItem","position":1,"name":"INICIO","item":"https:\/\/www.centsys.com\/lat\/"},{"@type":"ListItem","position":2,"name":"Accesos Automatizados"}]},{"@type":"WebSite","@id":"https:\/\/www.centsys.com\/lat\/#website","url":"https:\/\/www.centsys.com\/lat\/","name":"Centurion Systems Spanish","description":"Productos para Automatizaci\u00f3n de Acceso","potentialAction":[{"@type":"SearchAction","target":{"@type":"EntryPoint","urlTemplate":"https:\/\/www.centsys.com\/lat\/?s={search_term_string}"},"query-input":{"@type":"PropertyValueSpecification","valueRequired":true,"valueName":"search_term_string"}}],"inLanguage":"en-ZA"}]}},"_links":{"self":[{"href":"https:\/\/www.centsys.com\/lat\/wp-json\/wp\/v2\/pages\/583","targetHints":{"allow":["GET"]}}],"collection":[{"href":"https:\/\/www.centsys.com\/lat\/wp-json\/wp\/v2\/pages"}],"about":[{"href":"https:\/\/www.centsys.com\/lat\/wp-json\/wp\/v2\/types\/page"}],"author":[{"embeddable":true,"href":"https:\/\/www.centsys.com\/lat\/wp-json\/wp\/v2\/users\/1"}],"replies":[{"embeddable":true,"href":"https:\/\/www.centsys.com\/lat\/wp-json\/wp\/v2\/comments?post=583"}],"version-history":[{"count":0,"href":"https:\/\/www.centsys.com\/lat\/wp-json\/wp\/v2\/pages\/583\/revisions"}],"wp:attachment":[{"href":"https:\/\/www.centsys.com\/lat\/wp-json\/wp\/v2\/media?parent=583"}],"curies":[{"name":"wp","href":"https:\/\/api.w.org\/{rel}","templated":true}]}}