{"id":670,"date":"2020-03-05T11:43:41","date_gmt":"2020-03-05T11:43:41","guid":{"rendered":"http:\/\/centsys.co.za\/lat\/?page_id=670"},"modified":"2024-02-15T12:50:08","modified_gmt":"2024-02-15T10:50:08","slug":"garantias-de-los-nuevos-productos-centurion-y-exclusiones","status":"publish","type":"page","link":"https:\/\/www.centsys.com\/lat\/garantias-de-los-nuevos-productos-centurion-y-exclusiones\/","title":{"rendered":"Garant\u00edas de los nuevos productos CENTURION y exclusiones"},"content":{"rendered":"<p>[et_pb_section fb_built=&#8221;1&#8243; fullwidth=&#8221;on&#8221; _builder_version=&#8221;4.16&#8243; global_colors_info=&#8221;{}&#8221;][et_pb_fullwidth_image src=&#8221;https:\/\/www.centsys.com\/lat\/img\/Garant\u00edas de los nuevos productos CENTURION\/Centurion Systems &#8211; L\u00edderes en automatizaci\u00f3n de acceso.png&#8221; _builder_version=&#8221;4.16&#8243; _module_preset=&#8221;default&#8221; global_colors_info=&#8221;{}&#8221;][\/et_pb_fullwidth_image][\/et_pb_section][et_pb_section fb_built=&#8221;1&#8243; fullwidth=&#8221;on&#8221; _builder_version=&#8221;4.9.2&#8243; global_module=&#8221;4804&#8243; global_colors_info=&#8221;{}&#8221;][et_pb_fullwidth_code admin_label=&#8221;SEO BREADCRUMBS&#8221; _builder_version=&#8221;4.16&#8243; _module_preset=&#8221;default&#8221; background_color=&#8221;#e5e5e5&#8243; custom_padding=&#8221;|||15%|false|false&#8221; global_colors_info=&#8221;{}&#8221;]<span><span><a href=\"https:\/\/www.centsys.com\/lat\/\">INICIO<\/a><\/span><\/span>[\/et_pb_fullwidth_code][\/et_pb_section][et_pb_section fb_built=&#8221;1&#8243; _builder_version=&#8221;4.16&#8243; global_colors_info=&#8221;{}&#8221;][et_pb_row _builder_version=&#8221;4.16&#8243; custom_padding=&#8221;||0px|||&#8221; global_colors_info=&#8221;{}&#8221;][et_pb_column type=&#8221;4_4&#8243; _builder_version=&#8221;4.16&#8243; global_colors_info=&#8221;{}&#8221;][et_pb_image src=&#8221;https:\/\/www.centsys.com\/lat\/img\/Garant\u00edas de los nuevos productos CENTURION\/Garant\u00edas de los nuevos productos CENTURION.jpeg&#8221; _builder_version=&#8221;4.16&#8243; _module_preset=&#8221;default&#8221; global_colors_info=&#8221;{}&#8221;][\/et_pb_image][\/et_pb_column][\/et_pb_row][et_pb_row _builder_version=&#8221;4.16&#8243; global_colors_info=&#8221;{}&#8221;][et_pb_column type=&#8221;4_4&#8243; _builder_version=&#8221;4.16&#8243; global_colors_info=&#8221;{}&#8221;][et_pb_text _builder_version=&#8221;4.16&#8243; header_5_font=&#8221;|||on|||||&#8221; global_colors_info=&#8221;{}&#8221;]<\/p>\n<h1 style=\"text-align: center;\">GARANT\u00cdAS DE LOS NUEVOS PRODUCTOS CENTURION<\/h1>\n<p>&nbsp;<\/p>\n<p>Todos los productos CENTURION son fabricados con extremo cuidado, probados e inspeccionados detalladamente.<\/p>\n<p>Los productos suministrados por CENTURION estar\u00e1n sujetos a las previsiones contempladas en las secciones 55 a 57 de la Ley de Protecci\u00f3n al Consumidor (68\/2008), excepto donde tales previsiones de la garant\u00eda contenidas en la documentaci\u00f3n del producto CENTURION sean m\u00e1s favorables al comprador. Sujeto a la garant\u00eda contenida en la documentaci\u00f3n del producto CENTURION, si es aplicable, los productos CENTURION est\u00e1n garantizados por un per\u00edodo de veinticuatro (24) meses despu\u00e9s de su entrega. Sin embargo, debe resaltarse expresamente que las bater\u00edas conllevan una garant\u00eda de seis (06) meses debido a que la naturaleza de los estos productos es tal, que pudiesen estar sujetos a un uso inadecuado. N\u00f3tese que las garant\u00edas ser\u00e1n respetadas sobre la base de la devoluci\u00f3n; en otras palabras, el producto en cuesti\u00f3n debe ser llevado a una de las filiales de CENTURION o, al centro autorizado de ventas CENTURION donde fue adquirido dicho producto, para su evaluaci\u00f3n y, de ser necesario, su reparaci\u00f3n. Para equipos no fabricados por CENTURION la garant\u00eda, tal como fue suministrada por el fabricante original, se aplicar\u00e1 si tal garant\u00eda es m\u00e1s favorable al comprador que las previsiones relevantes contempladas en la Ley de Protecci\u00f3n al Consumidor (08\/2008). Tal garant\u00eda es v\u00e1lida s\u00f3lo una vez que se haya recibido el pago completo de tales productos.<\/p>\n<p>&nbsp;<\/p>\n<h5>Toda garant\u00eda en cualquier equipo puede ser anulada si:<\/h5>\n<p>i) No ha sido instalado en concordancia con las instrucciones de instalaci\u00f3n suministradas.<br \/>ii) Ha sido sujeto a un uso inadecuado o ha sido usado para cualquier otro prop\u00f3sito diferente a aquel designado por el fabricante.<br \/>iii) Presenta da\u00f1os causados como resultado del manejo durante el tr\u00e1nsito, condiciones atmosf\u00e9ricas (incluyendo rayos), corrosi\u00f3n de las partes met\u00e1licas, infestaci\u00f3n por insectos, picos de voltaje y otras causas fuera del control de CENTURION.<br \/>iv) Ha sido reparado por cualquier taller y\/o persona NO previamente autorizada por CENTURION.<br \/>v) Ha sido reparado con componentes no probados, aprobados o autorizados previamente por CENTURION.<\/p>\n<p>&nbsp;<\/p>\n<h5>Bajo este contrato, no nos hacemos responsable de cualquier p\u00e9rdida o da\u00f1o causado por nosotros o nuestros empleados o agentes en aquellas circunstancias donde:<\/h5>\n<p>i) Se ha producido una falla al instalar el producto en concordancia con las instrucciones de instalaci\u00f3n suministradas por CENTURION, o<br \/>ii) No se han acatado las instrucciones de seguridad suministradas por CENTURION, o<br \/>iii) No existe ninguna obligaci\u00f3n legal de cuidado de nuestra parte hacia usted o por cualquiera de nuestros empleados o agentes<br \/>iv) Tal p\u00e9rdida o da\u00f1o no es el resultado predecible de cualquier incumplimiento, y cualquier incremento en las p\u00e9rdidas o da\u00f1os que resulten del incumplimiento por su parte de cualquiera de los t\u00e9rminos de este contrato.<\/p>\n<p>&nbsp;<\/p>\n<h5>REPARACIONES Y SERVICIO \u2013 T\u00c9RMINOS Y CONDICIONES<\/h5>\n<p>Todos los productos CENTURION que son tra\u00eddos para reparaci\u00f3n son atendidos con extremo cuidado, inspeccionados y probados detalladamente.<\/p>\n<p>Todas las reparaciones est\u00e1n sujetas a las previsiones relevantes contenidas en la Ley de Protecci\u00f3n al Consumidor emitida (08\/2008) y son garantizadas contra materiales defectuosos y mano de obra por un per\u00edodo de tres meses a partir de la fecha de reparaci\u00f3n en la factura. Las reparaciones a productos dentro del per\u00edodo normal de garant\u00eda de dos a\u00f1os est\u00e1n garantizadas por la porci\u00f3n a\u00fan vigente de la garant\u00eda del producto original, o de lo contrario, una garant\u00eda de tres meses a partir de la fecha de las reparaciones; se aplicar\u00e1 cualquier per\u00edodo que sea m\u00e1s beneficioso para el cliente.<\/p>\n<p>Se aplicar\u00e1n todas las otras condiciones de nuestra garant\u00eda ante la compra de un nuevo art\u00edculo, de acuerdo a nuestros t\u00e9rminos y condiciones de venta est\u00e1ndar, esto es, la reparaci\u00f3n no influenciar\u00e1 la garant\u00eda original.<\/p>\n<p>Los productos con fallas mec\u00e1nicas ser\u00e1n revisados y\/o reparados en el centro t\u00e9cnico de Centurion Systems o, en un centro t\u00e9cnico autorizado designado por Centurion Systems. Todas las revisiones y reparaciones de los equipos mec\u00e1nicos ser\u00e1n cotizadas y luego autorizadas por el cliente antes de iniciar la reparaci\u00f3n.<\/p>\n<p>Las tarjetas de circuitos electr\u00f3nicos o los dispositivos ser\u00e1n t\u00edpicamente canjeados por sus correspondientes reemplazos. Estos art\u00edculos ser\u00e1n facturados a un precio de canje cuando los art\u00edculos defectuosos sean regresados debiendo estar en condiciones de ser reparados.<br \/>Aquellos productos que presenten da\u00f1os econ\u00f3micamente irreparables deber\u00e1n ser reemplazados con art\u00edculos nuevos una vez que el precio de cotizaci\u00f3n haya sido aprobado por el cliente.<\/p>\n<p>Se aplicar\u00e1 un cargo de \u201cdesmontaje\u201d de 75,00 ZAR, excluyendo el IVA [*], si el cliente no acepta la cotizaci\u00f3n.<\/p>\n<p>Cualquier tarjeta de circuitos o equipo que fuere \u00fanicamente probado pero no reparado, NO conlleva una extensi\u00f3n del per\u00edodo de garant\u00eda, seg\u00fan corresponda.<\/p>\n<p>&nbsp;<\/p>\n<h5>LAS GARANT\u00cdAS SOBRE CUALQUIER REPARACI\u00d3N NO SE APLICAR\u00c1N A UN PRODUCTO QUE:<\/h5>\n<p>a) No fue instalado en concordancia con las instrucciones de instalaci\u00f3n suministradas;<br \/>b) Ha sido sujeto a un uso inadecuado o ha sido usado para cualquier otro prop\u00f3sito diferente a aquel designado por el fabricante;<br \/>c) Presenta da\u00f1os causados como resultado del manejo durante el tr\u00e1nsito, condiciones atmosf\u00e9ricas (incluyendo rayos), corrosi\u00f3n de las partes met\u00e1licas, infestaci\u00f3n por insectos, picos de voltaje y otras causas fuera del control de CENTURION;<br \/>d) Ha sido reparado por cualquier taller y\/o persona NO autorizada por CENTURION previamente;<br \/>e) Ha sido reparado con componentes no probados, aprobados o autorizados previamente por CENTURION.<\/p>\n<p>Es responsabilidad del cliente asegurarse que TODOS los equipos entregados a Centurion Systems para su reparaci\u00f3n, sean correctamente especificados en la Notificaci\u00f3n de Servicio o en el Comprobante de Recepci\u00f3n de Productos, seg\u00fan corresponda.<\/p>\n<p>Los equipos no retirados en un lapso de tres meses ser\u00e1n vendidos a precios de costo. Esto se aplica a todos los art\u00edculos que han sido reparados y est\u00e9n listos para ser retirados, aquellos que esperan la aprobaci\u00f3n de la cotizaci\u00f3n y aquellos en los cuales dicha cotizaci\u00f3n fue rechazada.<\/p>\n<p>Para confirmar la propiedad, los clientes deben presentar la Notificaci\u00f3n de Servicio Original o el Comprobante de Recepci\u00f3n de Productos al retirar sus equipos.<\/p>\n<p>[*]El cargo de desmontaje se aplica s\u00f3lo a los mercados de la RSA.<\/p>\n<p>[\/et_pb_text][\/et_pb_column][\/et_pb_row][\/et_pb_section][et_pb_section fb_built=&#8221;1&#8243; fullwidth=&#8221;on&#8221; admin_label=&#8221;THIS IS THE MID SECTION BANNER SITE WIDE&#8221; _builder_version=&#8221;4.23.1&#8243; _module_preset=&#8221;default&#8221; global_colors_info=&#8221;{}&#8221; global_module=&#8221;24415&#8243; theme_builder_area=&#8221;post_content&#8221;][et_pb_fullwidth_image src=&#8221;https:\/\/www.centsys.com\/mx\/img\/MY%20CENTSYS%20PRO%20Banners\/la%20aplicaci%C3%B3n%20m%C3%B3vil%20MyCentsys%20Pro_Web%20Footer.jpg&#8221; url=&#8221;https:\/\/www.centsys.com\/lat\/la-aplicacion-centurion-mycentsys-pro\/&#8221; admin_label=&#8221;FOOTER_SITE WIDE&#8221; _builder_version=&#8221;4.24.0&#8243; _module_preset=&#8221;default&#8221; global_colors_info=&#8221;{}&#8221; theme_builder_area=&#8221;post_content&#8221;][\/et_pb_fullwidth_image][et_pb_fullwidth_header button_one_text=&#8221;Cont\u00e1ctenos&#8221; button_one_url=&#8221;https:\/\/www.centsys.com\/lat\/detalles-de-contacto\/&#8221; button_two_text=&#8221;Soporte t\u00e9cnico&#8221; button_two_url=&#8221;https:\/\/www.centsys.com\/lat\/centro-de-llamadas\/&#8221; _builder_version=&#8221;4.23.1&#8243; _module_preset=&#8221;default&#8221; background_color=&#8221;#c1c1c1&#8243; custom_button_one=&#8221;on&#8221; button_one_text_color=&#8221;#FFFFFF&#8221; button_one_bg_color=&#8221;#999999&#8243; button_one_border_color=&#8221;#8e8e8e&#8221; custom_button_two=&#8221;on&#8221; button_two_text_color=&#8221;#FFFFFF&#8221; button_two_bg_color=&#8221;#999999&#8243; button_two_border_color=&#8221;#8e8e8e&#8221; custom_padding=&#8221;6px||17px|||&#8221; global_colors_info=&#8221;{}&#8221; theme_builder_area=&#8221;post_content&#8221;][\/et_pb_fullwidth_header][\/et_pb_section]<\/p>\n","protected":false},"excerpt":{"rendered":"<p><span><span><a href=\"https:\/\/www.centsys.com\/lat\/\">INICIO<\/a><\/span><\/span>GARANT\u00cdAS DE LOS NUEVOS PRODUCTOS CENTURION &nbsp; Todos los productos CENTURION son fabricados con extremo cuidado, probados e inspeccionados detalladamente. Los productos suministrados por CENTURION estar\u00e1n sujetos a las previsiones contempladas en las secciones 55 a 57 de la Ley de Protecci\u00f3n al Consumidor (68\/2008), excepto donde tales previsiones de la garant\u00eda contenidas en la [&hellip;]<\/p>\n","protected":false},"author":1,"featured_media":0,"parent":0,"menu_order":0,"comment_status":"closed","ping_status":"closed","template":"","meta":{"_et_pb_use_builder":"on","_et_pb_old_content":"","_et_gb_content_width":"","_joinchat":[],"footnotes":""},"class_list":["post-670","page","type-page","status-publish","hentry"],"yoast_head":"<!-- This site is optimized with the Yoast SEO Premium plugin v26.6 (Yoast SEO v27.5) - https:\/\/yoast.com\/product\/yoast-seo-premium-wordpress\/ -->\r\n<title>Garant\u00eda del productos CENTURION y exclusiones - Centurion Systems<\/title>\r\n<meta name=\"description\" content=\"Todos los productos CENTURION que se traen a reparaci\u00f3n se inspeccionan con cuidado y se prueban minuciosamente. Verifique las garant\u00edas de sus productos CENTURION aqu\u00ed.\" \/>\r\n<meta name=\"robots\" content=\"index, follow, max-snippet:-1, max-image-preview:large, max-video-preview:-1\" \/>\r\n<link rel=\"canonical\" href=\"https:\/\/www.centsys.com\/lat\/garantias-de-los-nuevos-productos-centurion-y-exclusiones\/\" \/>\r\n<meta property=\"og:locale\" content=\"en_US\" \/>\r\n<meta property=\"og:type\" content=\"article\" \/>\r\n<meta property=\"og:title\" content=\"Garant\u00edas de los nuevos productos CENTURION y exclusiones\" \/>\r\n<meta property=\"og:description\" content=\"Todos los productos CENTURION que se traen a reparaci\u00f3n se inspeccionan con cuidado y se prueban minuciosamente. Verifique las garant\u00edas de sus productos CENTURION aqu\u00ed.\" \/>\r\n<meta property=\"og:url\" content=\"https:\/\/www.centsys.com\/lat\/garantias-de-los-nuevos-productos-centurion-y-exclusiones\/\" \/>\r\n<meta property=\"og:site_name\" content=\"Centurion Systems Spanish\" \/>\r\n<meta property=\"article:modified_time\" content=\"2024-02-15T10:50:08+00:00\" \/>\r\n<meta name=\"twitter:card\" content=\"summary_large_image\" \/>\r\n<meta name=\"twitter:label1\" content=\"Est. reading time\" \/>\n\t<meta name=\"twitter:data1\" content=\"5 minutes\" \/>\r\n<script type=\"application\/ld+json\" class=\"yoast-schema-graph\">{\"@context\":\"https:\\\/\\\/schema.org\",\"@graph\":[{\"@type\":\"WebPage\",\"@id\":\"https:\\\/\\\/www.centsys.com\\\/lat\\\/garantias-de-los-nuevos-productos-centurion-y-exclusiones\\\/\",\"url\":\"https:\\\/\\\/www.centsys.com\\\/lat\\\/garantias-de-los-nuevos-productos-centurion-y-exclusiones\\\/\",\"name\":\"Garant\u00eda del productos CENTURION y exclusiones - Centurion Systems\",\"isPartOf\":{\"@id\":\"https:\\\/\\\/www.centsys.com\\\/lat\\\/#website\"},\"datePublished\":\"2020-03-05T11:43:41+00:00\",\"dateModified\":\"2024-02-15T10:50:08+00:00\",\"description\":\"Todos los productos CENTURION que se traen a reparaci\u00f3n se inspeccionan con cuidado y se prueban minuciosamente. Verifique las garant\u00edas de sus productos CENTURION aqu\u00ed.\",\"breadcrumb\":{\"@id\":\"https:\\\/\\\/www.centsys.com\\\/lat\\\/garantias-de-los-nuevos-productos-centurion-y-exclusiones\\\/#breadcrumb\"},\"inLanguage\":\"en-ZA\",\"potentialAction\":[{\"@type\":\"ReadAction\",\"target\":[\"https:\\\/\\\/www.centsys.com\\\/lat\\\/garantias-de-los-nuevos-productos-centurion-y-exclusiones\\\/\"]}]},{\"@type\":\"BreadcrumbList\",\"@id\":\"https:\\\/\\\/www.centsys.com\\\/lat\\\/garantias-de-los-nuevos-productos-centurion-y-exclusiones\\\/#breadcrumb\",\"itemListElement\":[{\"@type\":\"ListItem\",\"position\":1,\"name\":\"INICIO\",\"item\":\"https:\\\/\\\/www.centsys.com\\\/lat\\\/\"},{\"@type\":\"ListItem\",\"position\":2,\"name\":\"Garant\u00edas de los nuevos productos CENTURION y exclusiones\"}]},{\"@type\":\"WebSite\",\"@id\":\"https:\\\/\\\/www.centsys.com\\\/lat\\\/#website\",\"url\":\"https:\\\/\\\/www.centsys.com\\\/lat\\\/\",\"name\":\"Centurion Systems Spanish\",\"description\":\"Productos para Automatizaci\u00f3n de Acceso\",\"potentialAction\":[{\"@type\":\"SearchAction\",\"target\":{\"@type\":\"EntryPoint\",\"urlTemplate\":\"https:\\\/\\\/www.centsys.com\\\/lat\\\/?s={search_term_string}\"},\"query-input\":{\"@type\":\"PropertyValueSpecification\",\"valueRequired\":true,\"valueName\":\"search_term_string\"}}],\"inLanguage\":\"en-ZA\"}]}<\/script>\r\n<!-- \/ Yoast SEO Premium plugin. -->","yoast_head_json":{"title":"Garant\u00eda del productos CENTURION y exclusiones - Centurion Systems","description":"Todos los productos CENTURION que se traen a reparaci\u00f3n se inspeccionan con cuidado y se prueban minuciosamente. Verifique las garant\u00edas de sus productos CENTURION aqu\u00ed.","robots":{"index":"index","follow":"follow","max-snippet":"max-snippet:-1","max-image-preview":"max-image-preview:large","max-video-preview":"max-video-preview:-1"},"canonical":"https:\/\/www.centsys.com\/lat\/garantias-de-los-nuevos-productos-centurion-y-exclusiones\/","og_locale":"en_US","og_type":"article","og_title":"Garant\u00edas de los nuevos productos CENTURION y exclusiones","og_description":"Todos los productos CENTURION que se traen a reparaci\u00f3n se inspeccionan con cuidado y se prueban minuciosamente. Verifique las garant\u00edas de sus productos CENTURION aqu\u00ed.","og_url":"https:\/\/www.centsys.com\/lat\/garantias-de-los-nuevos-productos-centurion-y-exclusiones\/","og_site_name":"Centurion Systems Spanish","article_modified_time":"2024-02-15T10:50:08+00:00","twitter_card":"summary_large_image","twitter_misc":{"Est. reading time":"5 minutes"},"schema":{"@context":"https:\/\/schema.org","@graph":[{"@type":"WebPage","@id":"https:\/\/www.centsys.com\/lat\/garantias-de-los-nuevos-productos-centurion-y-exclusiones\/","url":"https:\/\/www.centsys.com\/lat\/garantias-de-los-nuevos-productos-centurion-y-exclusiones\/","name":"Garant\u00eda del productos CENTURION y exclusiones - Centurion Systems","isPartOf":{"@id":"https:\/\/www.centsys.com\/lat\/#website"},"datePublished":"2020-03-05T11:43:41+00:00","dateModified":"2024-02-15T10:50:08+00:00","description":"Todos los productos CENTURION que se traen a reparaci\u00f3n se inspeccionan con cuidado y se prueban minuciosamente. Verifique las garant\u00edas de sus productos CENTURION aqu\u00ed.","breadcrumb":{"@id":"https:\/\/www.centsys.com\/lat\/garantias-de-los-nuevos-productos-centurion-y-exclusiones\/#breadcrumb"},"inLanguage":"en-ZA","potentialAction":[{"@type":"ReadAction","target":["https:\/\/www.centsys.com\/lat\/garantias-de-los-nuevos-productos-centurion-y-exclusiones\/"]}]},{"@type":"BreadcrumbList","@id":"https:\/\/www.centsys.com\/lat\/garantias-de-los-nuevos-productos-centurion-y-exclusiones\/#breadcrumb","itemListElement":[{"@type":"ListItem","position":1,"name":"INICIO","item":"https:\/\/www.centsys.com\/lat\/"},{"@type":"ListItem","position":2,"name":"Garant\u00edas de los nuevos productos CENTURION y exclusiones"}]},{"@type":"WebSite","@id":"https:\/\/www.centsys.com\/lat\/#website","url":"https:\/\/www.centsys.com\/lat\/","name":"Centurion Systems Spanish","description":"Productos para Automatizaci\u00f3n de Acceso","potentialAction":[{"@type":"SearchAction","target":{"@type":"EntryPoint","urlTemplate":"https:\/\/www.centsys.com\/lat\/?s={search_term_string}"},"query-input":{"@type":"PropertyValueSpecification","valueRequired":true,"valueName":"search_term_string"}}],"inLanguage":"en-ZA"}]}},"_links":{"self":[{"href":"https:\/\/www.centsys.com\/lat\/wp-json\/wp\/v2\/pages\/670","targetHints":{"allow":["GET"]}}],"collection":[{"href":"https:\/\/www.centsys.com\/lat\/wp-json\/wp\/v2\/pages"}],"about":[{"href":"https:\/\/www.centsys.com\/lat\/wp-json\/wp\/v2\/types\/page"}],"author":[{"embeddable":true,"href":"https:\/\/www.centsys.com\/lat\/wp-json\/wp\/v2\/users\/1"}],"replies":[{"embeddable":true,"href":"https:\/\/www.centsys.com\/lat\/wp-json\/wp\/v2\/comments?post=670"}],"version-history":[{"count":0,"href":"https:\/\/www.centsys.com\/lat\/wp-json\/wp\/v2\/pages\/670\/revisions"}],"wp:attachment":[{"href":"https:\/\/www.centsys.com\/lat\/wp-json\/wp\/v2\/media?parent=670"}],"curies":[{"name":"wp","href":"https:\/\/api.w.org\/{rel}","templated":true}]}}