{"id":694,"date":"2020-03-05T12:20:41","date_gmt":"2020-03-05T12:20:41","guid":{"rendered":"http:\/\/centsys.co.za\/lat\/?page_id=694"},"modified":"2024-02-15T12:42:32","modified_gmt":"2024-02-15T10:42:32","slug":"gateshox","status":"publish","type":"page","link":"https:\/\/www.centsys.com\/lat\/gateshox\/","title":{"rendered":"GateShox"},"content":{"rendered":"<p>[et_pb_section fb_built=&#8221;1&#8243; fullwidth=&#8221;on&#8221; _builder_version=&#8221;4.16&#8243; background_enable_image=&#8221;off&#8221; locked=&#8221;off&#8221; global_colors_info=&#8221;{}&#8221;][et_pb_fullwidth_header title=&#8221;UN DESPLAZAMIENTO M\u00c1S SILENCIOSO PARA SU MOTOR DE PUERTA CORREDIZA&#8221; _builder_version=&#8221;4.16&#8243; title_font=&#8221;Verdana|700||on|||||&#8221; title_text_align=&#8221;right&#8221; title_text_color=&#8221;#81c341&#8243; title_font_size=&#8221;46px&#8221; content_font=&#8221;Verdana||||||||&#8221; content_text_align=&#8221;right&#8221; content_text_color=&#8221;#6d6e71&#8243; content_font_size=&#8221;18px&#8221; background_enable_color=&#8221;off&#8221; background_image=&#8221;https:\/\/www.centsys.com\/lat\/wp-content\/uploads\/2020\/03\/GateShox-1.jpg&#8221; background_layout=&#8221;light&#8221; width=&#8221;100{b9f1a820be3d81834e54a7fd91d7ea557d10675802c96376b4de0df52dd4704d}&#8221; max_width=&#8221;100{b9f1a820be3d81834e54a7fd91d7ea557d10675802c96376b4de0df52dd4704d}&#8221; custom_margin=&#8221;||||false|false&#8221; custom_padding=&#8221;8%||8%|20%|true|false&#8221; custom_padding_tablet=&#8221;|||10%|true|false&#8221; custom_padding_phone=&#8221;8%||8%|0%|true|false&#8221; custom_padding_last_edited=&#8221;on|tablet&#8221; title_font_size_tablet=&#8221;&#8221; title_font_size_phone=&#8221;36px&#8221; title_font_size_last_edited=&#8221;on|phone&#8221; content_font_size_tablet=&#8221;&#8221; content_font_size_phone=&#8221;14px&#8221; content_font_size_last_edited=&#8221;on|phone&#8221; global_colors_info=&#8221;{}&#8221;]<\/p>\n<p>GateshoX \u2013 Sistema de suspensi\u00f3n de ruedas<\/p>\n<p>[\/et_pb_fullwidth_header][\/et_pb_section][et_pb_section fb_built=&#8221;1&#8243; fullwidth=&#8221;on&#8221; _builder_version=&#8221;4.9.2&#8243; global_module=&#8221;4804&#8243; global_colors_info=&#8221;{}&#8221;][et_pb_fullwidth_code admin_label=&#8221;SEO BREADCRUMBS&#8221; _builder_version=&#8221;4.16&#8243; _module_preset=&#8221;default&#8221; background_color=&#8221;#e5e5e5&#8243; custom_padding=&#8221;|||15%|false|false&#8221; global_colors_info=&#8221;{}&#8221;]<span><span><a href=\"https:\/\/www.centsys.com\/lat\/\">INICIO<\/a><\/span><\/span>[\/et_pb_fullwidth_code][\/et_pb_section][et_pb_section fb_built=&#8221;1&#8243; _builder_version=&#8221;4.16&#8243; global_colors_info=&#8221;{}&#8221;][et_pb_row _builder_version=&#8221;4.16&#8243; locked=&#8221;off&#8221; global_colors_info=&#8221;{}&#8221;][et_pb_column type=&#8221;4_4&#8243; _builder_version=&#8221;4.16&#8243; global_colors_info=&#8221;{}&#8221;][et_pb_text _builder_version=&#8221;4.16&#8243; global_colors_info=&#8221;{}&#8221;]<\/p>\n<h1 style=\"text-align: center;\">GateShox \u2013 SISTEMA DE SUSPENSI\u00d3N PARA PUERTAS CORREDIZAS\u200b<\/h1>\n<p style=\"text-align: center;\">El innovador sistema <strong>GateShox<\/strong> asegura el desplazamiento suave y silencioso de su puerta corrediza. GateShox no s\u00f3lo reduce el ruido del porton, sino que tambi\u00e9n minimiza el desgaste del riel, lo que conduce a una operaci\u00f3n confiable a largo plazo. El sistema de suspensi\u00f3n patentado por CENTURION es ideal para puertas de alta velocidad, adaptable en rieles angulares o tubulares y las ruedas son incre\u00edblemente f\u00e1ciles de cambiar, gracias a su dise\u00f1o de sujeci\u00f3n a presi\u00f3n.<\/p>\n<p class=\"p1\" style=\"text-align: center;\">[\/et_pb_text][\/et_pb_column][\/et_pb_row][et_pb_row column_structure=&#8221;1_2,1_2&#8243; _builder_version=&#8221;4.16&#8243; locked=&#8221;off&#8221; global_colors_info=&#8221;{}&#8221;][et_pb_column type=&#8221;1_2&#8243; _builder_version=&#8221;4.16&#8243; global_colors_info=&#8221;{}&#8221;][et_pb_text _builder_version=&#8221;4.16&#8243; global_colors_info=&#8221;{}&#8221;]<\/p>\n<h5>CARACTER\u00cdSTICAS PRINCIPALES:<\/h5>\n<ul>\n<li><strong>Sistema de ruedas patentado.<\/strong><br \/>Mismo principio de los amortiguadores automotrices, <strong>GateShox<\/strong> ayuda a absorber la carga de la puerta para un recorrido m\u00e1s suave que no s\u00f3lo reduce el ruido, sino que tambi\u00e9n minimiza considerablemente el desgaste y roturas normales asociadas con las puertas corredizas. El sistema de ruedas patentado es adaptable a rieles angulares y tubulares. Abrazadera de rueda de alta calidad la cual ha sido cortada con l\u00e1ser, doblada por control num\u00e9rico computarizado y electro-chapeada para lograr el m\u00e1ximo beneficio en durabilidad y resistencia.\u00a0 \u00a0 \u00a0 \u00a0 \u00a0 \u00a0 \u00a0 \u00a0 \u00a0 \u00a0 \u00a0 \u00a0 \u00a0 \u00a0 \u00a0 \u00a0 \u00a0 \u00a0 \u00a0 \u00a0 \u00a0 \u00a0 \u00a0 \u00a0 \u00a0 \u00a0 \u00a0 \u00a0 \u00a0 \u00a0 \u00a0 \u00a0 \u00a0 \u00a0 \u00a0<\/li>\n<li><strong>Reduce dram\u00e1ticamente el ruido de deslizamiento de la puerta.<br \/><\/strong>Hay algo ligeramente medieval en una puerta ruidosa, no es as\u00ed? Desliz\u00e1ndose torpemente a lo largo del riel, disfrutando aparentemente del viaje tanto como una persona disfrutar\u00eda un tratamiento de conducto, una puerta ruidosa es algo triste de contemplar. Te trae a la mente im\u00e1genes de castillos oscuros y ominosos con vastos corredores y mazmorras y quiz\u00e1s habitado por Vincent Price. Con\u00a0<strong>GateShox<\/strong>, el temblequeo, los chirridos y en general los sonidos angustiantes ser\u00e1n cosa del pasado.\u00a0 \u00a0 \u00a0 \u00a0 \u00a0 \u00a0 \u00a0 \u00a0 \u00a0 \u00a0 \u00a0 \u00a0 \u00a0 \u00a0 \u00a0 \u00a0 \u00a0 \u00a0 \u00a0 \u00a0 \u00a0 \u00a0<\/li>\n<li><strong>Abrazadera de rueda de alta calidad.<\/strong><br \/>La abrazadera de la rueda ha sido cortada con l\u00e1ser, doblada por control num\u00e9rico computarizado y electrochapeada para lograr lo \u00faltimo en durabilidad y resistencia.\u00a0 \u00a0 \u00a0 \u00a0 \u00a0 \u00a0 \u00a0 \u00a0 \u00a0 \u00a0 \u00a0 \u00a0 \u00a0 \u00a0 \u00a0 \u00a0 \u00a0 \u00a0 \u00a0 \u00a0 \u00a0 \u00a0 \u00a0 \u00a0 \u00a0 \u00a0 \u00a0 \u00a0 \u00a0 \u00a0 \u00a0 \u00a0 \u00a0 \u00a0 \u00a0 \u00a0 \u00a0 \u00a0 \u00a0 \u00a0 \u00a0 \u00a0 \u00a0 \u00a0 \u00a0 \u00a0\u00a0<\/li>\n<li><strong>F\u00e1cil de cambiar.<\/strong><br \/>Las ruedas GateShox son absolutamente f\u00e1ciles de cambiar, gracias a su innovador dise\u00f1o de sujeci\u00f3n.<\/li>\n<\/ul>\n<p>[\/et_pb_text][\/et_pb_column][et_pb_column type=&#8221;1_2&#8243; _builder_version=&#8221;4.16&#8243; global_colors_info=&#8221;{}&#8221;][et_pb_text _builder_version=&#8221;4.16&#8243; global_colors_info=&#8221;{}&#8221;]<\/p>\n<ul>\n<li><strong>Sistema de suspensi\u00f3n patentado que puede ajustarse de acuerdo al peso del port\u00f3n.<br \/><\/strong>La deformaci\u00f3n del riel causada por el movimiento repetitivo del porton resulta generalmente en ruido escandaloso ya sea por el desgaste y ruptura. <strong>GateShox<\/strong> puede ajustarse de acuerdo al peso de la puerta (hasta 400kg) y mantendr\u00e1 su riel en excelentes condiciones.\u00a0 \u00a0 \u00a0 \u00a0 \u00a0 \u00a0 \u00a0 \u00a0 \u00a0 \u00a0 \u00a0 \u00a0 \u00a0 \u00a0 \u00a0 \u00a0 \u00a0 \u00a0 \u00a0 \u00a0 \u00a0<\/li>\n<li class=\"p1\"><strong>Ideal para puertas de alta velocidad.<\/strong><br \/>Si usted ha automatizado su puerta con un motor CENTURION D10 Turbo o D2 Turbo, y ahora disfruta de la seguridad y conveniencia que vienen con una apertura y cierre excepcionalmente veloces; Escoja a un ganador para equipar su puerta corrediza y ll\u00e9vese a casa la mejor proteccion para sus rieles, <strong>GateShox.\u00a0 \u00a0 \u00a0 \u00a0 \u00a0 \u00a0 \u00a0 \u00a0 \u00a0 \u00a0 \u00a0 \u00a0 \u00a0 \u00a0 \u00a0 \u00a0 \u00a0 \u00a0 \u00a0 \u00a0 \u00a0 \u00a0 \u00a0 \u00a0 \u00a0 \u00a0 \u00a0 \u00a0 \u00a0 \u00a0 \u00a0 \u00a0 \u00a0 \u00a0 \u00a0 \u00a0 \u00a0 \u00a0 \u00a0 \u00a0 \u00a0 \u00a0 \u00a0 \u00a0 \u00a0 \u00a0 \u00a0 \u00a0 \u00a0 \u00a0 \u00a0 \u00a0 \u00a0\u00a0<\/strong><\/li>\n<li class=\"p1\"><strong>Las ruedas de acero incorporan bujes fabricados en pol\u00edmero.<br \/><\/strong>Absorben los impactos y extienden la vida de la cojinete<\/li>\n<\/ul>\n<p>[\/et_pb_text][et_pb_image src=&#8221;https:\/\/www.centsys.co.za\/\/wp-content\/uploads\/2016\/12\/GateShox1.png&#8221; align=&#8221;center&#8221; _builder_version=&#8221;4.21.0&#8243; width=&#8221;82%&#8221; custom_padding=&#8221;||||false|false&#8221; global_colors_info=&#8221;{}&#8221;][\/et_pb_image][\/et_pb_column][\/et_pb_row][\/et_pb_section][et_pb_section fb_built=&#8221;1&#8243; fullwidth=&#8221;on&#8221; admin_label=&#8221;THIS IS THE MID SECTION BANNER SITE WIDE&#8221; _builder_version=&#8221;4.23.1&#8243; _module_preset=&#8221;default&#8221; global_colors_info=&#8221;{}&#8221; global_module=&#8221;24415&#8243; theme_builder_area=&#8221;post_content&#8221;][et_pb_fullwidth_image src=&#8221;https:\/\/www.centsys.com\/mx\/img\/MY%20CENTSYS%20PRO%20Banners\/la%20aplicaci%C3%B3n%20m%C3%B3vil%20MyCentsys%20Pro_Web%20Footer.jpg&#8221; url=&#8221;https:\/\/www.centsys.com\/lat\/la-aplicacion-centurion-mycentsys-pro\/&#8221; admin_label=&#8221;FOOTER_SITE WIDE&#8221; _builder_version=&#8221;4.24.0&#8243; _module_preset=&#8221;default&#8221; global_colors_info=&#8221;{}&#8221; theme_builder_area=&#8221;post_content&#8221;][\/et_pb_fullwidth_image][et_pb_fullwidth_header button_one_text=&#8221;Cont\u00e1ctenos&#8221; button_one_url=&#8221;https:\/\/www.centsys.com\/lat\/detalles-de-contacto\/&#8221; button_two_text=&#8221;Soporte t\u00e9cnico&#8221; button_two_url=&#8221;https:\/\/www.centsys.com\/lat\/centro-de-llamadas\/&#8221; _builder_version=&#8221;4.23.1&#8243; _module_preset=&#8221;default&#8221; background_color=&#8221;#c1c1c1&#8243; custom_button_one=&#8221;on&#8221; button_one_text_color=&#8221;#FFFFFF&#8221; button_one_bg_color=&#8221;#999999&#8243; button_one_border_color=&#8221;#8e8e8e&#8221; custom_button_two=&#8221;on&#8221; button_two_text_color=&#8221;#FFFFFF&#8221; button_two_bg_color=&#8221;#999999&#8243; button_two_border_color=&#8221;#8e8e8e&#8221; custom_padding=&#8221;6px||17px|||&#8221; global_colors_info=&#8221;{}&#8221; theme_builder_area=&#8221;post_content&#8221;][\/et_pb_fullwidth_header][\/et_pb_section]<\/p>\n","protected":false},"excerpt":{"rendered":"<p>GateshoX \u2013 Sistema de suspensi\u00f3n de ruedas<span><span><a href=\"https:\/\/www.centsys.com\/lat\/\">INICIO<\/a><\/span><\/span>GateShox \u2013 SISTEMA DE SUSPENSI\u00d3N PARA PUERTAS CORREDIZAS\u200b El innovador sistema GateShox asegura el desplazamiento suave y silencioso de su puerta corrediza. GateShox no s\u00f3lo reduce el ruido del porton, sino que tambi\u00e9n minimiza el desgaste del riel, lo que conduce a una operaci\u00f3n confiable a largo plazo. El [&hellip;]<\/p>\n","protected":false},"author":1,"featured_media":0,"parent":0,"menu_order":0,"comment_status":"closed","ping_status":"closed","template":"","meta":{"_et_pb_use_builder":"on","_et_pb_old_content":"","_et_gb_content_width":"","_joinchat":[],"footnotes":""},"class_list":["post-694","page","type-page","status-publish","hentry"],"yoast_head":"<!-- This site is optimized with the Yoast SEO Premium plugin v26.6 (Yoast SEO v27.5) - https:\/\/yoast.com\/product\/yoast-seo-premium-wordpress\/ -->\r\n<title>GateShox - Sistema de suspensi\u00f3n para rueda de puertas - Centurion Systems<\/title>\r\n<meta name=\"description\" content=\"El innovador sistema GateShox garantiza un viaje bueno y silencioso para su puerta corrediza.\" \/>\r\n<meta name=\"robots\" content=\"index, follow, max-snippet:-1, max-image-preview:large, max-video-preview:-1\" \/>\r\n<link rel=\"canonical\" href=\"https:\/\/www.centsys.com\/lat\/gateshox\/\" \/>\r\n<meta property=\"og:locale\" content=\"en_US\" \/>\r\n<meta property=\"og:type\" content=\"article\" \/>\r\n<meta property=\"og:title\" content=\"GateShox\" \/>\r\n<meta property=\"og:description\" content=\"El innovador sistema GateShox garantiza un viaje bueno y silencioso para su puerta corrediza.\" \/>\r\n<meta property=\"og:url\" content=\"https:\/\/www.centsys.com\/lat\/gateshox\/\" \/>\r\n<meta property=\"og:site_name\" content=\"Centurion Systems Spanish\" \/>\r\n<meta property=\"article:modified_time\" content=\"2024-02-15T10:42:32+00:00\" \/>\r\n<meta name=\"twitter:card\" content=\"summary_large_image\" \/>\r\n<meta name=\"twitter:label1\" content=\"Est. reading time\" \/>\n\t<meta name=\"twitter:data1\" content=\"3 minutes\" \/>\r\n<script type=\"application\/ld+json\" class=\"yoast-schema-graph\">{\"@context\":\"https:\\\/\\\/schema.org\",\"@graph\":[{\"@type\":\"WebPage\",\"@id\":\"https:\\\/\\\/www.centsys.com\\\/lat\\\/gateshox\\\/\",\"url\":\"https:\\\/\\\/www.centsys.com\\\/lat\\\/gateshox\\\/\",\"name\":\"GateShox - Sistema de suspensi\u00f3n para rueda de puertas - Centurion Systems\",\"isPartOf\":{\"@id\":\"https:\\\/\\\/www.centsys.com\\\/lat\\\/#website\"},\"datePublished\":\"2020-03-05T12:20:41+00:00\",\"dateModified\":\"2024-02-15T10:42:32+00:00\",\"description\":\"El innovador sistema GateShox garantiza un viaje bueno y silencioso para su puerta corrediza.\",\"breadcrumb\":{\"@id\":\"https:\\\/\\\/www.centsys.com\\\/lat\\\/gateshox\\\/#breadcrumb\"},\"inLanguage\":\"en-ZA\",\"potentialAction\":[{\"@type\":\"ReadAction\",\"target\":[\"https:\\\/\\\/www.centsys.com\\\/lat\\\/gateshox\\\/\"]}]},{\"@type\":\"BreadcrumbList\",\"@id\":\"https:\\\/\\\/www.centsys.com\\\/lat\\\/gateshox\\\/#breadcrumb\",\"itemListElement\":[{\"@type\":\"ListItem\",\"position\":1,\"name\":\"INICIO\",\"item\":\"https:\\\/\\\/www.centsys.com\\\/lat\\\/\"},{\"@type\":\"ListItem\",\"position\":2,\"name\":\"GateShox\"}]},{\"@type\":\"WebSite\",\"@id\":\"https:\\\/\\\/www.centsys.com\\\/lat\\\/#website\",\"url\":\"https:\\\/\\\/www.centsys.com\\\/lat\\\/\",\"name\":\"Centurion Systems Spanish\",\"description\":\"Productos para Automatizaci\u00f3n de Acceso\",\"potentialAction\":[{\"@type\":\"SearchAction\",\"target\":{\"@type\":\"EntryPoint\",\"urlTemplate\":\"https:\\\/\\\/www.centsys.com\\\/lat\\\/?s={search_term_string}\"},\"query-input\":{\"@type\":\"PropertyValueSpecification\",\"valueRequired\":true,\"valueName\":\"search_term_string\"}}],\"inLanguage\":\"en-ZA\"}]}<\/script>\r\n<!-- \/ Yoast SEO Premium plugin. -->","yoast_head_json":{"title":"GateShox - Sistema de suspensi\u00f3n para rueda de puertas - Centurion Systems","description":"El innovador sistema GateShox garantiza un viaje bueno y silencioso para su puerta corrediza.","robots":{"index":"index","follow":"follow","max-snippet":"max-snippet:-1","max-image-preview":"max-image-preview:large","max-video-preview":"max-video-preview:-1"},"canonical":"https:\/\/www.centsys.com\/lat\/gateshox\/","og_locale":"en_US","og_type":"article","og_title":"GateShox","og_description":"El innovador sistema GateShox garantiza un viaje bueno y silencioso para su puerta corrediza.","og_url":"https:\/\/www.centsys.com\/lat\/gateshox\/","og_site_name":"Centurion Systems Spanish","article_modified_time":"2024-02-15T10:42:32+00:00","twitter_card":"summary_large_image","twitter_misc":{"Est. reading time":"3 minutes"},"schema":{"@context":"https:\/\/schema.org","@graph":[{"@type":"WebPage","@id":"https:\/\/www.centsys.com\/lat\/gateshox\/","url":"https:\/\/www.centsys.com\/lat\/gateshox\/","name":"GateShox - Sistema de suspensi\u00f3n para rueda de puertas - Centurion Systems","isPartOf":{"@id":"https:\/\/www.centsys.com\/lat\/#website"},"datePublished":"2020-03-05T12:20:41+00:00","dateModified":"2024-02-15T10:42:32+00:00","description":"El innovador sistema GateShox garantiza un viaje bueno y silencioso para su puerta corrediza.","breadcrumb":{"@id":"https:\/\/www.centsys.com\/lat\/gateshox\/#breadcrumb"},"inLanguage":"en-ZA","potentialAction":[{"@type":"ReadAction","target":["https:\/\/www.centsys.com\/lat\/gateshox\/"]}]},{"@type":"BreadcrumbList","@id":"https:\/\/www.centsys.com\/lat\/gateshox\/#breadcrumb","itemListElement":[{"@type":"ListItem","position":1,"name":"INICIO","item":"https:\/\/www.centsys.com\/lat\/"},{"@type":"ListItem","position":2,"name":"GateShox"}]},{"@type":"WebSite","@id":"https:\/\/www.centsys.com\/lat\/#website","url":"https:\/\/www.centsys.com\/lat\/","name":"Centurion Systems Spanish","description":"Productos para Automatizaci\u00f3n de Acceso","potentialAction":[{"@type":"SearchAction","target":{"@type":"EntryPoint","urlTemplate":"https:\/\/www.centsys.com\/lat\/?s={search_term_string}"},"query-input":{"@type":"PropertyValueSpecification","valueRequired":true,"valueName":"search_term_string"}}],"inLanguage":"en-ZA"}]}},"_links":{"self":[{"href":"https:\/\/www.centsys.com\/lat\/wp-json\/wp\/v2\/pages\/694","targetHints":{"allow":["GET"]}}],"collection":[{"href":"https:\/\/www.centsys.com\/lat\/wp-json\/wp\/v2\/pages"}],"about":[{"href":"https:\/\/www.centsys.com\/lat\/wp-json\/wp\/v2\/types\/page"}],"author":[{"embeddable":true,"href":"https:\/\/www.centsys.com\/lat\/wp-json\/wp\/v2\/users\/1"}],"replies":[{"embeddable":true,"href":"https:\/\/www.centsys.com\/lat\/wp-json\/wp\/v2\/comments?post=694"}],"version-history":[{"count":0,"href":"https:\/\/www.centsys.com\/lat\/wp-json\/wp\/v2\/pages\/694\/revisions"}],"wp:attachment":[{"href":"https:\/\/www.centsys.com\/lat\/wp-json\/wp\/v2\/media?parent=694"}],"curies":[{"name":"wp","href":"https:\/\/api.w.org\/{rel}","templated":true}]}}