{"id":741,"date":"2020-03-06T08:42:02","date_gmt":"2020-03-06T08:42:02","guid":{"rendered":"http:\/\/centsys.co.za\/lat\/?page_id=741"},"modified":"2024-02-09T10:55:02","modified_gmt":"2024-02-09T08:55:02","slug":"flux-detectores-de-bucle","status":"publish","type":"page","link":"https:\/\/www.centsys.com\/lat\/flux-detectores-de-bucle\/","title":{"rendered":"FLUX"},"content":{"rendered":"<p>[et_pb_section fb_built=&#8221;1&#8243; fullwidth=&#8221;on&#8221; _builder_version=&#8221;4.16&#8243; background_enable_image=&#8221;off&#8221; locked=&#8221;off&#8221; global_colors_info=&#8221;{}&#8221;][et_pb_fullwidth_header title=&#8221;DETECCI\u00d3N DE VEH\u00cdCULOS PLUG &#038; PLAY&#8221; _builder_version=&#8221;4.16&#8243; title_font=&#8221;Verdana|700||on|||||&#8221; title_text_align=&#8221;left&#8221; title_text_color=&#8221;#81c341&#8243; title_font_size=&#8221;46px&#8221; content_font=&#8221;Verdana||||||||&#8221; content_text_align=&#8221;left&#8221; content_text_color=&#8221;#6d6e71&#8243; content_font_size=&#8221;18px&#8221; background_enable_color=&#8221;off&#8221; background_image=&#8221;https:\/\/www.centsys.com\/lat\/img\/FLUX\/Detector%20de%20veh%C3%ADculos%20de%20bucle%20inductivo%20CENTURION%20FLUX.jpg&#8221; background_position=&#8221;center_right&#8221; background_layout=&#8221;light&#8221; width=&#8221;100{b9f1a820be3d81834e54a7fd91d7ea557d10675802c96376b4de0df52dd4704d}&#8221; max_width=&#8221;100{b9f1a820be3d81834e54a7fd91d7ea557d10675802c96376b4de0df52dd4704d}&#8221; custom_margin=&#8221;||||false|false&#8221; custom_padding=&#8221;9%|20%|9%||true|false&#8221; custom_padding_tablet=&#8221;|10%|||true|false&#8221; custom_padding_phone=&#8221;9%|0%|9%||true|false&#8221; custom_padding_last_edited=&#8221;on|tablet&#8221; title_font_size_tablet=&#8221;&#8221; title_font_size_phone=&#8221;36px&#8221; title_font_size_last_edited=&#8221;on|phone&#8221; content_font_size_tablet=&#8221;&#8221; content_font_size_phone=&#8221;14px&#8221; content_font_size_last_edited=&#8221;on|phone&#8221; background_last_edited=&#8221;on|tablet&#8221; background_position_tablet=&#8221;center&#8221; background_position_phone=&#8221;center&#8221; global_colors_info=&#8221;{}&#8221;]<\/p>\n<p>Detectores de vehiculos por circuito FLUX SA y FLUX 11 de CENTURION<\/p>\n<p>[\/et_pb_fullwidth_header][\/et_pb_section][et_pb_section fb_built=&#8221;1&#8243; fullwidth=&#8221;on&#8221; _builder_version=&#8221;4.9.2&#8243; global_module=&#8221;4804&#8243; global_colors_info=&#8221;{}&#8221;][et_pb_fullwidth_code admin_label=&#8221;SEO BREADCRUMBS&#8221; _builder_version=&#8221;4.16&#8243; _module_preset=&#8221;default&#8221; background_color=&#8221;#e5e5e5&#8243; custom_padding=&#8221;|||15%|false|false&#8221; global_colors_info=&#8221;{}&#8221;]<span><span><a href=\"https:\/\/www.centsys.com\/lat\/\">INICIO<\/a><\/span><\/span>[\/et_pb_fullwidth_code][\/et_pb_section][et_pb_section fb_built=&#8221;1&#8243; _builder_version=&#8221;4.16&#8243; locked=&#8221;off&#8221; global_colors_info=&#8221;{}&#8221;][et_pb_row _builder_version=&#8221;4.16&#8243; global_colors_info=&#8221;{}&#8221;][et_pb_column type=&#8221;4_4&#8243; _builder_version=&#8221;4.16&#8243; global_colors_info=&#8221;{}&#8221;][et_pb_text _builder_version=&#8221;4.16&#8243; global_colors_info=&#8221;{}&#8221;]<\/p>\n<h1 class=\"p1\" style=\"text-align: center;\">FLUX SA \u2013 SENSOR DE DETECCI\u00d3N DE VEH\u00cdCULOS POR CIRCUITO INDUCTIVO R\u00c1PIDO, INTELIGENTE Y CONFIABLE\u200b<\/h1>\n<div data-canvas-width=\"825.4812130592156\">\n<div id=\"pageContainer1\" class=\"page\" data-page-number=\"1\" data-loaded=\"true\">\n<div class=\"textLayer\">\n<div data-canvas-width=\"524.4232367747579\">\n<div data-canvas-width=\"524.4232367747579\">\n<div data-canvas-width=\"12.612331084799997\">\n<p style=\"text-align: center;\">FLUX es un rango de detectores de bucle inductivo monocanal dise\u00f1ado para aplicaciones de acceso de veh\u00edculos, el cual consiste en una versi\u00f3n independiente, as\u00ed como en una versi\u00f3n de 11 pines. Estos sensores son reactivos, altamente sensibles y utilizan algoritmos de software sofisticados que se adaptan para prevenir una falsa activaci\u00f3n debido a cambios en las condiciones ambientales.<\/p>\n<\/div>\n<\/div>\n<\/div>\n<\/div>\n<\/div>\n<\/div>\n<p>[\/et_pb_text][\/et_pb_column][\/et_pb_row][et_pb_row _builder_version=&#8221;4.16&#8243; custom_padding=&#8221;||0px|||&#8221; global_colors_info=&#8221;{}&#8221;][et_pb_column type=&#8221;4_4&#8243; _builder_version=&#8221;4.16&#8243; global_colors_info=&#8221;{}&#8221;][et_pb_image src=&#8221;https:\/\/www.centsys.com\/lat\/img\/FLUX\/Detectores%20de%20veh%C3%ADculos%20de%20bucle%20inductivo%20CENTURION%20FLUX..jpg&#8221; align=&#8221;center&#8221; _builder_version=&#8221;4.16&#8243; global_colors_info=&#8221;{}&#8221;][\/et_pb_image][\/et_pb_column][\/et_pb_row][et_pb_row column_structure=&#8221;2_3,1_3&#8243; _builder_version=&#8221;4.16&#8243; locked=&#8221;off&#8221; global_colors_info=&#8221;{}&#8221;][et_pb_column type=&#8221;2_3&#8243; _builder_version=&#8221;4.16&#8243; global_colors_info=&#8221;{}&#8221;][et_pb_text _builder_version=&#8221;4.16&#8243; header_5_font=&#8221;|||on|||||&#8221; global_colors_info=&#8221;{}&#8221;]<\/p>\n<h5>CARACTER\u00cdSTICAS PRINCIPALES:<\/h5>\n<ul>\n<li>Velocidad de detecci\u00f3n r\u00e1pida para reacci\u00f3n veloz.<\/li>\n<li>Filtro de detecci\u00f3n y protecci\u00f3n del circuito excelente contra la interferencia de dispositivos externos.<\/li>\n<li>Facilidad de instalaci\u00f3n que le ahorra tiempo y dinero.<\/li>\n<li>Diagn\u00f3stico visual y audible para facilidad de configuraci\u00f3n y mantenimiento.<\/li>\n<li>Interfaz de carga de sistema para facilitar la actualizaci\u00f3n del software.<\/li>\n<li>Bot\u00f3n de reinicio dedicado que le asiste en los procedimientos de mantenimiento r\u00e1pido.<\/li>\n<li>Rango amplio y adaptativo de sintonizaci\u00f3n autom\u00e1tica que aumenta la confiabilidad.<\/li>\n<li>Excelente y robusto campo del bucle para operaci\u00f3n confiable.<\/li>\n<li>Opci\u00f3n de presencia permanente seleccionable para prevenir el cierre no programado de la barrera o la puerta.<\/li>\n<li>Opci\u00f3n de amplificaci\u00f3n de la sensibilidad autom\u00e1tica, que incrementa la sensibilidad para la detecci\u00f3n confiable de veh\u00edculos de altura variable.<\/li>\n<li>Carcasa compacta con un ingenioso dise\u00f1o que mejora la facilidad de instalaci\u00f3n y el diagn\u00f3stico del monitoreo.<\/li>\n<\/ul>\n<p>[\/et_pb_text][\/et_pb_column][et_pb_column type=&#8221;1_3&#8243; _builder_version=&#8221;4.16&#8243; global_colors_info=&#8221;{}&#8221;][et_pb_image src=&#8221;https:\/\/www.centsys.com\/lat\/img\/FLUX\/Logo &#8211; Detectores de veh\u00edculos de bucle inductivo CENTURION FLUX.png&#8221; _builder_version=&#8221;4.16&#8243; custom_padding=&#8221;||||false|false&#8221; global_colors_info=&#8221;{}&#8221;][\/et_pb_image][et_pb_button button_url=&#8221;https:\/\/www.centsys.com\/lat\/pdf\/Detectores%20de%20bucle%20inductivo%20CENTURION%20FLUX%20-%20Manual%20de%20instalaci%C3%B3n%20de%20bolsillo.pdf&#8221; url_new_window=&#8221;on&#8221; button_text=&#8221;MANUAL DE INSTALACI\u00d3N&#8221; admin_label=&#8221;Button&#8221; _builder_version=&#8221;4.16&#8243; _module_preset=&#8221;default&#8221; global_colors_info=&#8221;{}&#8221;][\/et_pb_button][\/et_pb_column][\/et_pb_row][et_pb_row _builder_version=&#8221;4.16&#8243; global_colors_info=&#8221;{}&#8221;][et_pb_column type=&#8221;4_4&#8243; _builder_version=&#8221;4.16&#8243; global_colors_info=&#8221;{}&#8221;][et_pb_text _builder_version=&#8221;4.16&#8243; global_colors_info=&#8221;{}&#8221;]<\/p>\n<h5 class=\"p1\">ESPECIFICACIONES T\u00c9CNICAS DEL MODELO FLUX SA:<\/h5>\n<div id=\"footable_parent_2951\"\n         class=\" footable_parent ninja_table_wrapper loading_ninja_table wp_table_data_press_parent semantic_ui \">\n                <table data-ninja_table_instance=\"ninja_table_instance_0\" data-footable_id=\"2951\" data-filter-delay=\"1000\" aria-label=\"FLUX SA\"            id=\"footable_2951\"\n           data-unique_identifier=\"ninja_table_unique_id_1481882326_2951\"\n           class=\" foo-table ninja_footable foo_table_2951 ninja_table_unique_id_1481882326_2951 ui table  nt_type_ajax_table selectable striped vertical_centered  footable-paging-right\">\n                <colgroup>\n                            <col class=\"ninja_column_0 \">\n                            <col class=\"ninja_column_1 \">\n                    <\/colgroup>\n            <\/table>\n    \n    \n    \n<\/div>\n\n<p>[\/et_pb_text][\/et_pb_column][\/et_pb_row][\/et_pb_section][et_pb_section fb_built=&#8221;1&#8243; _builder_version=&#8221;4.16&#8243; locked=&#8221;off&#8221; global_colors_info=&#8221;{}&#8221;][et_pb_row _builder_version=&#8221;4.16&#8243; global_colors_info=&#8221;{}&#8221;][et_pb_column type=&#8221;4_4&#8243; _builder_version=&#8221;4.16&#8243; global_colors_info=&#8221;{}&#8221;][et_pb_text _builder_version=&#8221;4.16&#8243; global_colors_info=&#8221;{}&#8221;]<\/p>\n<h1 class=\"p1\" style=\"text-align: center;\">FLUX 11 \u2013 <br data-mce-fragment=\"1\" \/>SENSOR DE DETECCI\u00d3N VEH\u00cdCULOS POR CIRCUITO INDUCTIVO CON CONECTOR DE 11 PINES\u200b<\/h1>\n<div data-canvas-width=\"825.4812130592156\">\n<div id=\"pageContainer1\" class=\"page\" data-page-number=\"1\" data-loaded=\"true\">\n<div class=\"textLayer\">\n<div data-canvas-width=\"524.4232367747579\">\n<div data-canvas-width=\"524.4232367747579\">\n<div data-canvas-width=\"12.612331084799997\">\n<div data-canvas-width=\"12.612331084799997\">\n<p style=\"text-align: center;\">El modelo FLUX 11 es un sensor monocanal de circuito inductivo altamente sensible con conector de 11 pines para detecci\u00f3n de veh\u00edculos con recept\u00e1culos de 11 pines para detectores de circuito est\u00e1ndar encontrados en la mayor\u00eda de los sistemas de control de tr\u00e1fico. Este sensor de circuito es reactivo, altamente sensible y utiliza algoritmos de software sofisticados que se adaptan para prevenir una falsa activaci\u00f3n debido a cambios ambientales. Con interruptores incrustados f\u00e1ciles de utilizar. Respuesta visible y audible de la operaci\u00f3n del circuito inductivo, lo que asegura una instalaci\u00f3n sin molestias.<\/p>\n<p style=\"text-align: center;\">Se han tomado previsiones para la salida tanto del &#8220;modo Pulse&#8221; como del &#8220;modo Presence&#8221;, permitiendo conectar un circuito de salida libre as\u00ed como uno de cierre (o de seguridad) usando un \u00fanico conector al detector de circuito. Adicionalmente, el detector de circuito inductivo de la unidad FLUX 11 est\u00e1 disponible tanto en su variante de 12 V DC de bajo voltaje y consumo eficiente de energ\u00eda, como en la poderosa opci\u00f3n de 230 V AC, lo que lo convierte en una soluci\u00f3n sumamente vers\u00e1til al control de acceso y que elimina la necesidad de costosos transformadores o cableado.<\/p>\n<\/div>\n<\/div>\n<\/div>\n<\/div>\n<\/div>\n<\/div>\n<\/div>\n<p>[\/et_pb_text][\/et_pb_column][\/et_pb_row][et_pb_row _builder_version=&#8221;4.16&#8243; custom_padding=&#8221;||0px|||&#8221; global_colors_info=&#8221;{}&#8221;][et_pb_column type=&#8221;4_4&#8243; _builder_version=&#8221;4.16&#8243; global_colors_info=&#8221;{}&#8221;][et_pb_image src=&#8221;https:\/\/www.centsys.com\/lat\/img\/FLUX\/Detectores%20de%20veh%C3%ADculos%20de%20bucle%20inductivo%20CENTURION%20FLUX..jpg&#8221; align=&#8221;center&#8221; _builder_version=&#8221;4.16&#8243; global_colors_info=&#8221;{}&#8221;][\/et_pb_image][\/et_pb_column][\/et_pb_row][et_pb_row column_structure=&#8221;2_3,1_3&#8243; _builder_version=&#8221;4.16&#8243; locked=&#8221;off&#8221; global_colors_info=&#8221;{}&#8221;][et_pb_column type=&#8221;2_3&#8243; _builder_version=&#8221;4.16&#8243; global_colors_info=&#8221;{}&#8221;][et_pb_text _builder_version=&#8221;4.16&#8243; global_colors_info=&#8221;{}&#8221;]<\/p>\n<h5>CARACTER\u00cdSTICAS PRINCIPALES:<\/h5>\n<ul>\n<li>Velocidad de detecci\u00f3n r\u00e1pida para reacci\u00f3n veloz.<\/li>\n<li>Filtro de detecci\u00f3n y protecci\u00f3n del circuito excelente contra la interferencia de dispositivos externos.<\/li>\n<li>Facilidad de instalaci\u00f3n que le ahorra tiempo y dinero.<\/li>\n<li>Diagn\u00f3stico visual y audible para facilidad de configuraci\u00f3n y mantenimiento.<\/li>\n<li>Interfaz de carga de sistema para facilitar la actualizaci\u00f3n del software.<\/li>\n<li>Bot\u00f3n de reinicio dedicado que le asiste en los procedimientos de mantenimiento r\u00e1pido.<\/li>\n<li>Rango amplio y adaptativo de sintonizaci\u00f3n autom\u00e1tica que aumenta la confiabilidad.<\/li>\n<li>Excelente y robusto campo del circuito para operaci\u00f3n confiable.<\/li>\n<li>Opci\u00f3n de presencia permanente seleccionable para prevenir el cierre no programado de la barrera o la puerta.<\/li>\n<li>Opci\u00f3n de amplificaci\u00f3n de la sensibilidad autom\u00e1tica, que incrementa la sensibilidad para la detecci\u00f3n confiable de veh\u00edculos de altura variable.<\/li>\n<li>Disponible tanto en el modelo de 12 V DC como en 230 V AC.<\/li>\n<li>Su tama\u00f1o estandarizado permite su uso en cualquier base de conexi\u00f3n de 11 pines ya existente.<\/li>\n<\/ul>\n<p>[\/et_pb_text][\/et_pb_column][et_pb_column type=&#8221;1_3&#8243; _builder_version=&#8221;4.16&#8243; global_colors_info=&#8221;{}&#8221;][et_pb_image src=&#8221;https:\/\/www.centsys.co.za\/fr\/wp-content\/uploads\/2020\/03\/CENTURION-SYSTEMS-Flux-e1584086926501.png&#8221; _builder_version=&#8221;4.16&#8243; custom_padding=&#8221;||||false|false&#8221; global_colors_info=&#8221;{}&#8221;][\/et_pb_image][et_pb_button button_url=&#8221;https:\/\/www.centsys.com\/lat\/pdf\/Detectores%20de%20bucle%20inductivo%20CENTURION%20FLUX%20-%20Manual%20de%20instalaci%C3%B3n%20de%20bolsillo.pdf&#8221; url_new_window=&#8221;on&#8221; button_text=&#8221;MANUAL DE INSTALACI\u00d3N&#8221; admin_label=&#8221;Button&#8221; _builder_version=&#8221;4.16&#8243; _module_preset=&#8221;default&#8221; global_colors_info=&#8221;{}&#8221;][\/et_pb_button][\/et_pb_column][\/et_pb_row][et_pb_row _builder_version=&#8221;4.16&#8243; global_colors_info=&#8221;{}&#8221;][et_pb_column type=&#8221;4_4&#8243; _builder_version=&#8221;4.16&#8243; global_colors_info=&#8221;{}&#8221;][et_pb_text _builder_version=&#8221;4.16&#8243; global_colors_info=&#8221;{}&#8221;]<\/p>\n<h5>ESPECIFICACIONES T\u00c9CNICAS DEL MODELO FLUX 11:<\/h5>\n<div id=\"footable_parent_2950\"\n         class=\" footable_parent ninja_table_wrapper loading_ninja_table wp_table_data_press_parent semantic_ui \">\n                <table data-ninja_table_instance=\"ninja_table_instance_1\" data-footable_id=\"2950\" data-filter-delay=\"1000\" aria-label=\"FLUX 11\"            id=\"footable_2950\"\n           data-unique_identifier=\"ninja_table_unique_id_3791445883_2950\"\n           class=\" foo-table ninja_footable foo_table_2950 ninja_table_unique_id_3791445883_2950 ui table  nt_type_ajax_table selectable striped vertical_centered  footable-paging-right\">\n                <colgroup>\n                            <col class=\"ninja_column_0 \">\n                            <col class=\"ninja_column_1 \">\n                            <col class=\"ninja_column_2 \">\n                    <\/colgroup>\n            <\/table>\n    \n    \n    \n<\/div>\n\n<p>[\/et_pb_text][\/et_pb_column][\/et_pb_row][et_pb_row column_structure=&#8221;1_3,1_3,1_3&#8243; _builder_version=&#8221;4.16&#8243; global_colors_info=&#8221;{}&#8221;][et_pb_column type=&#8221;1_3&#8243; _builder_version=&#8221;4.16&#8243; global_colors_info=&#8221;{}&#8221;][et_pb_image src=&#8221;https:\/\/www.centsys.com\/lat\/img\/FLUX\/Detector%20de%20bucle%20inductivo%20de%2011%20pernos%20CENTURION%20FLUX&#8230;jpg&#8221; show_in_lightbox=&#8221;on&#8221; align=&#8221;center&#8221; _builder_version=&#8221;4.16&#8243; global_colors_info=&#8221;{}&#8221;][\/et_pb_image][\/et_pb_column][et_pb_column type=&#8221;1_3&#8243; _builder_version=&#8221;4.16&#8243; global_colors_info=&#8221;{}&#8221;][et_pb_image src=&#8221;https:\/\/www.centsys.com\/lat\/img\/FLUX\/Detector%20de%20bucle%20inductivo%20de%2011%20pernos%20CENTURION%20FLUX.jpg&#8221; show_in_lightbox=&#8221;on&#8221; align=&#8221;center&#8221; _builder_version=&#8221;4.16&#8243; global_colors_info=&#8221;{}&#8221;][\/et_pb_image][\/et_pb_column][et_pb_column type=&#8221;1_3&#8243; _builder_version=&#8221;4.16&#8243; global_colors_info=&#8221;{}&#8221;][et_pb_image src=&#8221;https:\/\/www.centsys.com\/lat\/img\/FLUX\/Detectores%20de%20veh%C3%ADculos%20de%20bucle%20inductivo%20CENTURION%20FLUX.jpg&#8221; show_in_lightbox=&#8221;on&#8221; align=&#8221;center&#8221; _builder_version=&#8221;4.16&#8243; global_colors_info=&#8221;{}&#8221;][\/et_pb_image][\/et_pb_column][\/et_pb_row][\/et_pb_section][et_pb_section fb_built=&#8221;1&#8243; fullwidth=&#8221;on&#8221; admin_label=&#8221;THIS IS THE MID SECTION BANNER SITE WIDE&#8221; _builder_version=&#8221;4.23.1&#8243; _module_preset=&#8221;default&#8221; global_colors_info=&#8221;{}&#8221; global_module=&#8221;24415&#8243; theme_builder_area=&#8221;post_content&#8221;][et_pb_fullwidth_image src=&#8221;https:\/\/www.centsys.com\/mx\/img\/MY%20CENTSYS%20PRO%20Banners\/la%20aplicaci%C3%B3n%20m%C3%B3vil%20MyCentsys%20Pro_Web%20Footer.jpg&#8221; url=&#8221;https:\/\/www.centsys.com\/lat\/la-aplicacion-centurion-mycentsys-pro\/&#8221; admin_label=&#8221;FOOTER_SITE WIDE&#8221; _builder_version=&#8221;4.24.0&#8243; _module_preset=&#8221;default&#8221; global_colors_info=&#8221;{}&#8221; theme_builder_area=&#8221;post_content&#8221;][\/et_pb_fullwidth_image][et_pb_fullwidth_header button_one_text=&#8221;Cont\u00e1ctenos&#8221; button_one_url=&#8221;https:\/\/www.centsys.com\/lat\/detalles-de-contacto\/&#8221; button_two_text=&#8221;Soporte t\u00e9cnico&#8221; button_two_url=&#8221;https:\/\/www.centsys.com\/lat\/centro-de-llamadas\/&#8221; _builder_version=&#8221;4.23.1&#8243; _module_preset=&#8221;default&#8221; background_color=&#8221;#c1c1c1&#8243; custom_button_one=&#8221;on&#8221; button_one_text_color=&#8221;#FFFFFF&#8221; button_one_bg_color=&#8221;#999999&#8243; button_one_border_color=&#8221;#8e8e8e&#8221; custom_button_two=&#8221;on&#8221; button_two_text_color=&#8221;#FFFFFF&#8221; button_two_bg_color=&#8221;#999999&#8243; button_two_border_color=&#8221;#8e8e8e&#8221; custom_padding=&#8221;6px||17px|||&#8221; global_colors_info=&#8221;{}&#8221; theme_builder_area=&#8221;post_content&#8221;][\/et_pb_fullwidth_header][\/et_pb_section]<\/p>\n","protected":false},"excerpt":{"rendered":"<p>Detectores de vehiculos por circuito FLUX SA y FLUX 11 de CENTURION<span><span><a href=\"https:\/\/www.centsys.com\/lat\/\">INICIO<\/a><\/span><\/span>FLUX SA \u2013 SENSOR DE DETECCI\u00d3N DE VEH\u00cdCULOS POR CIRCUITO INDUCTIVO R\u00c1PIDO, INTELIGENTE Y CONFIABLE\u200b FLUX es un rango de detectores de bucle inductivo monocanal dise\u00f1ado para aplicaciones de acceso de veh\u00edculos, el cual consiste en una versi\u00f3n independiente, as\u00ed como en una versi\u00f3n [&hellip;]<\/p>\n","protected":false},"author":1,"featured_media":0,"parent":0,"menu_order":0,"comment_status":"closed","ping_status":"closed","template":"","meta":{"_et_pb_use_builder":"on","_et_pb_old_content":"","_et_gb_content_width":"","_joinchat":[],"footnotes":""},"class_list":["post-741","page","type-page","status-publish","hentry"],"yoast_head":"<!-- This site is optimized with the Yoast SEO Premium plugin v26.6 (Yoast SEO v27.5) - https:\/\/yoast.com\/product\/yoast-seo-premium-wordpress\/ -->\r\n<title>FLUX - Detectores de bucle - Centurion Systems<\/title>\r\n<meta name=\"description\" content=\"Centurion Systems ha dise\u00f1ado una gama de detectores de bucle inductivo altamente sensibles para aplicaciones de acceso de veh\u00edculos.\" \/>\r\n<meta name=\"robots\" content=\"index, follow, max-snippet:-1, max-image-preview:large, max-video-preview:-1\" \/>\r\n<link rel=\"canonical\" href=\"https:\/\/www.centsys.com\/lat\/flux-detectores-de-bucle\/\" \/>\r\n<meta property=\"og:locale\" content=\"en_US\" \/>\r\n<meta property=\"og:type\" content=\"article\" \/>\r\n<meta property=\"og:title\" content=\"FLUX\" \/>\r\n<meta property=\"og:description\" content=\"Centurion Systems ha dise\u00f1ado una gama de detectores de bucle inductivo altamente sensibles para aplicaciones de acceso de veh\u00edculos.\" \/>\r\n<meta property=\"og:url\" content=\"https:\/\/www.centsys.com\/lat\/flux-detectores-de-bucle\/\" \/>\r\n<meta property=\"og:site_name\" content=\"Centurion Systems Spanish\" \/>\r\n<meta property=\"article:modified_time\" content=\"2024-02-09T08:55:02+00:00\" \/>\r\n<meta name=\"twitter:card\" content=\"summary_large_image\" \/>\r\n<meta name=\"twitter:label1\" content=\"Est. reading time\" \/>\n\t<meta name=\"twitter:data1\" content=\"5 minutes\" \/>\r\n<script type=\"application\/ld+json\" class=\"yoast-schema-graph\">{\"@context\":\"https:\\\/\\\/schema.org\",\"@graph\":[{\"@type\":\"WebPage\",\"@id\":\"https:\\\/\\\/www.centsys.com\\\/lat\\\/flux-detectores-de-bucle\\\/\",\"url\":\"https:\\\/\\\/www.centsys.com\\\/lat\\\/flux-detectores-de-bucle\\\/\",\"name\":\"FLUX - Detectores de bucle - Centurion Systems\",\"isPartOf\":{\"@id\":\"https:\\\/\\\/www.centsys.com\\\/lat\\\/#website\"},\"datePublished\":\"2020-03-06T08:42:02+00:00\",\"dateModified\":\"2024-02-09T08:55:02+00:00\",\"description\":\"Centurion Systems ha dise\u00f1ado una gama de detectores de bucle inductivo altamente sensibles para aplicaciones de acceso de veh\u00edculos.\",\"breadcrumb\":{\"@id\":\"https:\\\/\\\/www.centsys.com\\\/lat\\\/flux-detectores-de-bucle\\\/#breadcrumb\"},\"inLanguage\":\"en-ZA\",\"potentialAction\":[{\"@type\":\"ReadAction\",\"target\":[\"https:\\\/\\\/www.centsys.com\\\/lat\\\/flux-detectores-de-bucle\\\/\"]}]},{\"@type\":\"BreadcrumbList\",\"@id\":\"https:\\\/\\\/www.centsys.com\\\/lat\\\/flux-detectores-de-bucle\\\/#breadcrumb\",\"itemListElement\":[{\"@type\":\"ListItem\",\"position\":1,\"name\":\"INICIO\",\"item\":\"https:\\\/\\\/www.centsys.com\\\/lat\\\/\"},{\"@type\":\"ListItem\",\"position\":2,\"name\":\"FLUX\"}]},{\"@type\":\"WebSite\",\"@id\":\"https:\\\/\\\/www.centsys.com\\\/lat\\\/#website\",\"url\":\"https:\\\/\\\/www.centsys.com\\\/lat\\\/\",\"name\":\"Centurion Systems Spanish\",\"description\":\"Productos para Automatizaci\u00f3n de Acceso\",\"potentialAction\":[{\"@type\":\"SearchAction\",\"target\":{\"@type\":\"EntryPoint\",\"urlTemplate\":\"https:\\\/\\\/www.centsys.com\\\/lat\\\/?s={search_term_string}\"},\"query-input\":{\"@type\":\"PropertyValueSpecification\",\"valueRequired\":true,\"valueName\":\"search_term_string\"}}],\"inLanguage\":\"en-ZA\"}]}<\/script>\r\n<!-- \/ Yoast SEO Premium plugin. -->","yoast_head_json":{"title":"FLUX - Detectores de bucle - Centurion Systems","description":"Centurion Systems ha dise\u00f1ado una gama de detectores de bucle inductivo altamente sensibles para aplicaciones de acceso de veh\u00edculos.","robots":{"index":"index","follow":"follow","max-snippet":"max-snippet:-1","max-image-preview":"max-image-preview:large","max-video-preview":"max-video-preview:-1"},"canonical":"https:\/\/www.centsys.com\/lat\/flux-detectores-de-bucle\/","og_locale":"en_US","og_type":"article","og_title":"FLUX","og_description":"Centurion Systems ha dise\u00f1ado una gama de detectores de bucle inductivo altamente sensibles para aplicaciones de acceso de veh\u00edculos.","og_url":"https:\/\/www.centsys.com\/lat\/flux-detectores-de-bucle\/","og_site_name":"Centurion Systems Spanish","article_modified_time":"2024-02-09T08:55:02+00:00","twitter_card":"summary_large_image","twitter_misc":{"Est. reading time":"5 minutes"},"schema":{"@context":"https:\/\/schema.org","@graph":[{"@type":"WebPage","@id":"https:\/\/www.centsys.com\/lat\/flux-detectores-de-bucle\/","url":"https:\/\/www.centsys.com\/lat\/flux-detectores-de-bucle\/","name":"FLUX - Detectores de bucle - Centurion Systems","isPartOf":{"@id":"https:\/\/www.centsys.com\/lat\/#website"},"datePublished":"2020-03-06T08:42:02+00:00","dateModified":"2024-02-09T08:55:02+00:00","description":"Centurion Systems ha dise\u00f1ado una gama de detectores de bucle inductivo altamente sensibles para aplicaciones de acceso de veh\u00edculos.","breadcrumb":{"@id":"https:\/\/www.centsys.com\/lat\/flux-detectores-de-bucle\/#breadcrumb"},"inLanguage":"en-ZA","potentialAction":[{"@type":"ReadAction","target":["https:\/\/www.centsys.com\/lat\/flux-detectores-de-bucle\/"]}]},{"@type":"BreadcrumbList","@id":"https:\/\/www.centsys.com\/lat\/flux-detectores-de-bucle\/#breadcrumb","itemListElement":[{"@type":"ListItem","position":1,"name":"INICIO","item":"https:\/\/www.centsys.com\/lat\/"},{"@type":"ListItem","position":2,"name":"FLUX"}]},{"@type":"WebSite","@id":"https:\/\/www.centsys.com\/lat\/#website","url":"https:\/\/www.centsys.com\/lat\/","name":"Centurion Systems Spanish","description":"Productos para Automatizaci\u00f3n de Acceso","potentialAction":[{"@type":"SearchAction","target":{"@type":"EntryPoint","urlTemplate":"https:\/\/www.centsys.com\/lat\/?s={search_term_string}"},"query-input":{"@type":"PropertyValueSpecification","valueRequired":true,"valueName":"search_term_string"}}],"inLanguage":"en-ZA"}]}},"_links":{"self":[{"href":"https:\/\/www.centsys.com\/lat\/wp-json\/wp\/v2\/pages\/741","targetHints":{"allow":["GET"]}}],"collection":[{"href":"https:\/\/www.centsys.com\/lat\/wp-json\/wp\/v2\/pages"}],"about":[{"href":"https:\/\/www.centsys.com\/lat\/wp-json\/wp\/v2\/types\/page"}],"author":[{"embeddable":true,"href":"https:\/\/www.centsys.com\/lat\/wp-json\/wp\/v2\/users\/1"}],"replies":[{"embeddable":true,"href":"https:\/\/www.centsys.com\/lat\/wp-json\/wp\/v2\/comments?post=741"}],"version-history":[{"count":0,"href":"https:\/\/www.centsys.com\/lat\/wp-json\/wp\/v2\/pages\/741\/revisions"}],"wp:attachment":[{"href":"https:\/\/www.centsys.com\/lat\/wp-json\/wp\/v2\/media?parent=741"}],"curies":[{"name":"wp","href":"https:\/\/api.w.org\/{rel}","templated":true}]}}