{"id":1047,"date":"2020-03-07T10:48:20","date_gmt":"2020-03-07T10:48:20","guid":{"rendered":"http:\/\/centsys.co.za\/lat\/?page_id=1047"},"modified":"2022-11-01T16:32:59","modified_gmt":"2022-11-01T14:32:59","slug":"nova-helix-receptor-de-control-remoto","status":"publish","type":"page","link":"https:\/\/www.centsys.com\/mx\/nova-helix-receptor-de-control-remoto\/","title":{"rendered":"NOVA Helix"},"content":{"rendered":"<p>[et_pb_section fb_built=&#8221;1&#8243; fullwidth=&#8221;on&#8221; _builder_version=&#8221;4.16&#8243; background_enable_image=&#8221;off&#8221; locked=&#8221;off&#8221; global_colors_info=&#8221;{}&#8221;][et_pb_fullwidth_header title=&#8221;\u00a1EL MEJOR &#8211; NADA MEJOR!&#8221; _builder_version=&#8221;4.16&#8243; title_font=&#8221;Verdana|700||on|||||&#8221; title_text_align=&#8221;right&#8221; title_text_color=&#8221;#81c341&#8243; title_font_size=&#8221;46px&#8221; content_font=&#8221;Verdana||||||||&#8221; content_text_align=&#8221;right&#8221; content_text_color=&#8221;#6d6e71&#8243; content_font_size=&#8221;18px&#8221; background_enable_color=&#8221;off&#8221; background_image=&#8221;https:\/\/www.centsys.com\/mx\/img\/NOVA Helix\/CENTURION NOVA Helix Receptor.jpg&#8221; background_layout=&#8221;light&#8221; width=&#8221;100{b9f1a820be3d81834e54a7fd91d7ea557d10675802c96376b4de0df52dd4704d}&#8221; max_width=&#8221;100{b9f1a820be3d81834e54a7fd91d7ea557d10675802c96376b4de0df52dd4704d}&#8221; custom_margin=&#8221;||||false|false&#8221; custom_padding=&#8221;11%||11%|20%|true|false&#8221; custom_padding_tablet=&#8221;|||10%|true|false&#8221; custom_padding_phone=&#8221;11%||11%|0%|true|false&#8221; custom_padding_last_edited=&#8221;on|tablet&#8221; title_font_size_tablet=&#8221;&#8221; title_font_size_phone=&#8221;36px&#8221; title_font_size_last_edited=&#8221;on|phone&#8221; content_font_size_tablet=&#8221;&#8221; content_font_size_phone=&#8221;14px&#8221; content_font_size_last_edited=&#8221;on|phone&#8221; global_colors_info=&#8221;{}&#8221;]<\/p>\n<p>Receptores de radio mono y multicanal que incorporan tecnolog\u00eda segura de salto de c\u00f3digo<\/p>\n<p>[\/et_pb_fullwidth_header][\/et_pb_section][et_pb_section fb_built=&#8221;1&#8243; fullwidth=&#8221;on&#8221; _builder_version=&#8221;4.9.2&#8243; global_module=&#8221;4804&#8243; global_colors_info=&#8221;{}&#8221;][et_pb_fullwidth_code admin_label=&#8221;SEO BREADCRUMBS&#8221; _builder_version=&#8221;4.16&#8243; _module_preset=&#8221;default&#8221; background_color=&#8221;#e5e5e5&#8243; custom_padding=&#8221;|||15%|false|false&#8221; global_colors_info=&#8221;{}&#8221;]<span><span><a href=\"https:\/\/www.centsys.com\/mx\/\">INICIO<\/a><\/span><\/span>[\/et_pb_fullwidth_code][\/et_pb_section][et_pb_section fb_built=&#8221;1&#8243; _builder_version=&#8221;4.16&#8243; locked=&#8221;off&#8221; global_colors_info=&#8221;{}&#8221;][et_pb_row _builder_version=&#8221;4.16&#8243; global_colors_info=&#8221;{}&#8221;][et_pb_column type=&#8221;4_4&#8243; _builder_version=&#8221;4.16&#8243; global_colors_info=&#8221;{}&#8221;][et_pb_text _builder_version=&#8221;4.16&#8243; global_colors_info=&#8221;{}&#8221;]<\/p>\n<h1 class=\"p1\" style=\"text-align: center;\">NOVA Helix \u2013 RECEPTOR CON SALTO DE C\u00d3DIGO\u200b<\/h1>\n<p style=\"text-align: center;\"><strong>NOVA HELIX<\/strong> es una variedad de receptores de radio mono y multicanal que incorpora la tecnolog\u00eda segura de salto de c\u00f3digo. El sistema <strong>NOVA HELIX<\/strong> ofrece capacidades de aprendizaje de enlace y maestro para proporcionarle al usuario lo \u00faltimo en seguridad. La tecnolog\u00eda presente en todos los receptores <strong>NOVA HELIX<\/strong> garantiza que la funcionalidad va mucho m\u00e1s all\u00e1 del \u00e1mbito de los receptores est\u00e1ndar, poniendo literalmente opciones novedosas al alcance del usuario. Adem\u00e1s, el sistema soporta la compatibilidad en reversa con la gama controles remoto NOVA, por lo que no es necesario adquirir equipos adicionales si actualmente hace uso de NOVA.<\/p>\n<p>[\/et_pb_text][\/et_pb_column][\/et_pb_row][et_pb_row _builder_version=&#8221;4.16&#8243; custom_padding=&#8221;||0px|||&#8221; global_colors_info=&#8221;{}&#8221;][et_pb_column type=&#8221;4_4&#8243; _builder_version=&#8221;4.16&#8243; global_colors_info=&#8221;{}&#8221;][et_pb_image src=&#8221;https:\/\/www.centsys.com\/mx\/img\/NOVA Helix\/CENTURION NOVA Helix Receptor y CENTURION NOVA control remoto.jpg&#8221; align=&#8221;center&#8221; admin_label=&#8221;Image&#8221; _builder_version=&#8221;4.16&#8243; global_colors_info=&#8221;{}&#8221;][\/et_pb_image][\/et_pb_column][\/et_pb_row][et_pb_row column_structure=&#8221;2_3,1_3&#8243; _builder_version=&#8221;4.16&#8243; locked=&#8221;off&#8221; global_colors_info=&#8221;{}&#8221;][et_pb_column type=&#8221;2_3&#8243; _builder_version=&#8221;4.16&#8243; global_colors_info=&#8221;{}&#8221;][et_pb_text _builder_version=&#8221;4.18.1&#8243; global_colors_info=&#8221;{}&#8221;]<\/p>\n<h5>CARACTER\u00cdSTICAS PRINCIPALES:<\/h5>\n<ul>\n<li>Selecci\u00f3n entre el ultra seguro &#8220;Aprendizaje Maestro&#8221; o el s\u00faper conveniente &#8220;Aprendizaje por enlace&#8221;.<\/li>\n<li>Los Enlaces por Aprendizaje pueden inhabilitarse para mayor seguridad. Soporta capacidades de interfaz SmartSwitch II.<\/li>\n<li>Conveniente opci\u00f3n de auto aprendizaje. Incluye la tecnolog\u00eda segura de salto de c\u00f3digo.<\/li>\n<li>Los receptores son autodidactas, con uno, dos o cuatro canales.<\/li>\n<li>Los receptores vienen con tecnolog\u00eda de banda angosta estable.<\/li>\n<li>Carcasas fuertes a prueba de polvo y a la intemperie.<\/li>\n<li>Excelente contra la interferencia externa para mayor confiabilidad.<\/li>\n<li>Su alta sensibilidad proporciona un rango expandido.<\/li>\n<li>Tiempos de pulso ajustables en las salidas.<\/li>\n<\/ul>\n<p>[\/et_pb_text][\/et_pb_column][et_pb_column type=&#8221;1_3&#8243; _builder_version=&#8221;4.16&#8243; global_colors_info=&#8221;{}&#8221;][et_pb_image src=&#8221;https:\/\/www.centsys.com\/mx\/img\/NOVA Helix\/Logo &#8211; Centurion Systems Nova Helix Receptor.jpg&#8221; _builder_version=&#8221;4.16&#8243; transform_translate=&#8221;0px|-43px&#8221; custom_margin=&#8221;||-64px|||&#8221; custom_padding=&#8221;||0px||false|false&#8221; global_colors_info=&#8221;{}&#8221;][\/et_pb_image][et_pb_button button_url=&#8221;https:\/\/www.centsys.com\/mx\/pdf\/CENTURION%20NOVA%20HELIX%20REMOTE%20BROCHURE%20SP%2023092020BM.pdf&#8221; url_new_window=&#8221;on&#8221; button_text=&#8221;FOLLETO&#8221; _builder_version=&#8221;4.16&#8243; _module_preset=&#8221;default&#8221; transform_translate=&#8221;77px|-21px&#8221; global_colors_info=&#8221;{}&#8221;][\/et_pb_button][et_pb_button button_url=&#8221;https:\/\/www.centsys.com\/mx\/pdf\/helix\/1213.D.01.0004%20Single%20Channel%20Nova%20Helix%20RX%20manual%20SP_05102022_Web.pdf&#8221; url_new_window=&#8221;on&#8221; button_text=&#8221;GU\u00cdA DE INSTALACI\u00d3N &#8221; button_alignment=&#8221;center&#8221; _builder_version=&#8221;4.18.1&#8243; _module_preset=&#8221;default&#8221; transform_translate=&#8221;-17px|-17px&#8221; transform_translate_linked=&#8221;off&#8221; global_colors_info=&#8221;{}&#8221;][\/et_pb_button][et_pb_image src=&#8221;https:\/\/www.centsys.com\/mx\/img\/CTA BUTTON\/CENTURION &#8211; COMPRA AHORA.png&#8221; url=&#8221;https:\/\/articulo.mercadolibre.com.mx\/MLM-1392131111-receptor-centurion-nova-helix-alto-alcance-para-62-controles-_JM&#8221; url_new_window=&#8221;on&#8221; admin_label=&#8221;Buy Now&#8221; _builder_version=&#8221;4.17.3&#8243; _module_preset=&#8221;default&#8221; transform_translate=&#8221;-19px|-16px&#8221; global_colors_info=&#8221;{}&#8221;][\/et_pb_image][\/et_pb_column][\/et_pb_row][et_pb_row _builder_version=&#8221;4.16&#8243; global_colors_info=&#8221;{}&#8221;][et_pb_column type=&#8221;4_4&#8243; _builder_version=&#8221;4.16&#8243; global_colors_info=&#8221;{}&#8221;][et_pb_text _builder_version=&#8221;4.18.1&#8243; hover_enabled=&#8221;0&#8243; global_colors_info=&#8221;{}&#8221; sticky_enabled=&#8221;0&#8243;]<\/p>\n<h5>ESPECIFICACIONES T\u00c9CNICAS DEL RECEPTOR NOVA HELIX:<\/h5>\n<div id=\"footable_parent_3567\"\n         class=\" footable_parent ninja_table_wrapper loading_ninja_table wp_table_data_press_parent semantic_ui \">\n                <table data-ninja_table_instance=\"ninja_table_instance_0\" data-footable_id=\"3567\" data-filter-delay=\"1000\" aria-label=\"NOVA Helix\"            id=\"footable_3567\"\n           data-unique_identifier=\"ninja_table_unique_id_3368079585_3567\"\n           class=\" foo-table ninja_footable foo_table_3567 ninja_table_unique_id_3368079585_3567 ui table  nt_type_ajax_table selectable striped vertical_centered  footable-paging-right\">\n                <colgroup>\n                            <col class=\"ninja_column_0 \">\n                            <col class=\"ninja_column_1 \">\n                            <col class=\"ninja_column_2 \">\n                    <\/colgroup>\n            <\/table>\n    \n    \n    \n<\/div>\n\n<p>1. Plage de tension d\u2019entr\u00e9e maximale 11-30 V CC<br \/>SIN ENTRADA DE RED, O Vin &gt; 60V CD, O Vin &gt; 30 Vrms permitidos.<\/p>\n<p>[\/et_pb_text][\/et_pb_column][\/et_pb_row][et_pb_row column_structure=&#8221;1_2,1_2&#8243; _builder_version=&#8221;4.16&#8243; global_colors_info=&#8221;{}&#8221;][et_pb_column type=&#8221;1_2&#8243; _builder_version=&#8221;4.16&#8243; global_colors_info=&#8221;{}&#8221;][et_pb_image src=&#8221;https:\/\/www.centsys.com\/mx\/img\/NOVA Helix\/Receptor multicanal CENTURION NOVA Helix.png&#8221; show_in_lightbox=&#8221;on&#8221; align=&#8221;center&#8221; _builder_version=&#8221;4.16&#8243; width=&#8221;70%&#8221; global_colors_info=&#8221;{}&#8221;][\/et_pb_image][\/et_pb_column][et_pb_column type=&#8221;1_2&#8243; _builder_version=&#8221;4.16&#8243; global_colors_info=&#8221;{}&#8221;][et_pb_image src=&#8221;https:\/\/www.centsys.com\/mx\/img\/NOVA Helix\/Receptor solo canal CENTURION NOVA HELIX.png&#8221; show_in_lightbox=&#8221;on&#8221; align=&#8221;center&#8221; _builder_version=&#8221;4.16&#8243; width=&#8221;70%&#8221; global_colors_info=&#8221;{}&#8221;][\/et_pb_image][\/et_pb_column][\/et_pb_row][et_pb_row _builder_version=&#8221;4.16&#8243; _module_preset=&#8221;default&#8221; global_colors_info=&#8221;{}&#8221;][et_pb_column type=&#8221;4_4&#8243; _builder_version=&#8221;4.16&#8243; _module_preset=&#8221;default&#8221; global_colors_info=&#8221;{}&#8221;][et_pb_image src=&#8221;https:\/\/www.centsys.com\/lat\/img\/admin\/Suscr%C3%ADbase%20a%20nuestro%20bolet%C3%ADn%20informativo%20CENTURION.jpg&#8221; url=&#8221;https:\/\/www.centsys.com\/mx\/suscribase-a-nuestro-boletin-informativo\/&#8221; _builder_version=&#8221;4.16&#8243; _module_preset=&#8221;default&#8221; global_colors_info=&#8221;{}&#8221;][\/et_pb_image][et_pb_image src=&#8221;https:\/\/www.centsys.com\/mx\/img\/SMART\/SMART_WebStrip_img.jpg&#8221; url=&#8221;https:\/\/www.centsys.com\/mx\/smart&#8221; _builder_version=&#8221;4.18.0&#8243; _module_preset=&#8221;default&#8221; global_colors_info=&#8221;{}&#8221;][\/et_pb_image][\/et_pb_column][\/et_pb_row][\/et_pb_section]<\/p>\n","protected":false},"excerpt":{"rendered":"<p>Receptores de radio mono y multicanal que incorporan tecnolog\u00eda segura de salto de c\u00f3digo<span><span><a href=\"https:\/\/www.centsys.com\/mx\/\">INICIO<\/a><\/span><\/span>NOVA Helix \u2013 RECEPTOR CON SALTO DE C\u00d3DIGO\u200b NOVA HELIX es una variedad de receptores de radio mono y multicanal que incorpora la tecnolog\u00eda segura de salto de c\u00f3digo. El sistema NOVA HELIX ofrece capacidades de aprendizaje de enlace y maestro para [&hellip;]<\/p>\n","protected":false},"author":1,"featured_media":0,"parent":0,"menu_order":0,"comment_status":"closed","ping_status":"closed","template":"","meta":{"_et_pb_use_builder":"on","_et_pb_old_content":"","_et_gb_content_width":"","_joinchat":[],"footnotes":""},"class_list":["post-1047","page","type-page","status-publish","hentry"],"yoast_head":"<!-- This site is optimized with the Yoast SEO Premium plugin v26.6 (Yoast SEO v27.3) - https:\/\/yoast.com\/product\/yoast-seo-premium-wordpress\/ -->\r\n<title>NOVA HELIX - Receptor de control remoto - Centurion Systems<\/title>\r\n<meta name=\"description\" content=\"Los receptores de control remoto NOVA HELIX de Centurion Systems ofrecen la combinaci\u00f3n perfecta de seguridad y conveniencia.\" \/>\r\n<meta name=\"robots\" content=\"index, follow, max-snippet:-1, max-image-preview:large, max-video-preview:-1\" \/>\r\n<link rel=\"canonical\" href=\"https:\/\/www.centsys.com\/mx\/nova-helix-receptor-de-control-remoto\/\" \/>\r\n<meta property=\"og:locale\" content=\"en_US\" \/>\r\n<meta property=\"og:type\" content=\"article\" \/>\r\n<meta property=\"og:title\" content=\"NOVA Helix\" \/>\r\n<meta property=\"og:description\" content=\"Los receptores de control remoto NOVA HELIX de Centurion Systems ofrecen la combinaci\u00f3n perfecta de seguridad y conveniencia.\" \/>\r\n<meta property=\"og:url\" content=\"https:\/\/www.centsys.com\/mx\/nova-helix-receptor-de-control-remoto\/\" \/>\r\n<meta property=\"og:site_name\" content=\"Centurion Systems Mexico\" \/>\r\n<meta property=\"article:modified_time\" content=\"2022-11-01T14:32:59+00:00\" \/>\r\n<meta name=\"twitter:card\" content=\"summary_large_image\" \/>\r\n<meta name=\"twitter:label1\" content=\"Est. reading time\" \/>\n\t<meta name=\"twitter:data1\" content=\"2 minutes\" \/>\r\n<script type=\"application\/ld+json\" class=\"yoast-schema-graph\">{\"@context\":\"https:\\\/\\\/schema.org\",\"@graph\":[{\"@type\":\"WebPage\",\"@id\":\"https:\\\/\\\/www.centsys.com\\\/mx\\\/nova-helix-receptor-de-control-remoto\\\/\",\"url\":\"https:\\\/\\\/www.centsys.com\\\/mx\\\/nova-helix-receptor-de-control-remoto\\\/\",\"name\":\"NOVA HELIX - Receptor de control remoto - Centurion Systems\",\"isPartOf\":{\"@id\":\"https:\\\/\\\/www.centsys.com\\\/mx\\\/#website\"},\"datePublished\":\"2020-03-07T10:48:20+00:00\",\"dateModified\":\"2022-11-01T14:32:59+00:00\",\"description\":\"Los receptores de control remoto NOVA HELIX de Centurion Systems ofrecen la combinaci\u00f3n perfecta de seguridad y conveniencia.\",\"breadcrumb\":{\"@id\":\"https:\\\/\\\/www.centsys.com\\\/mx\\\/nova-helix-receptor-de-control-remoto\\\/#breadcrumb\"},\"inLanguage\":\"en-ZA\",\"potentialAction\":[{\"@type\":\"ReadAction\",\"target\":[\"https:\\\/\\\/www.centsys.com\\\/mx\\\/nova-helix-receptor-de-control-remoto\\\/\"]}]},{\"@type\":\"BreadcrumbList\",\"@id\":\"https:\\\/\\\/www.centsys.com\\\/mx\\\/nova-helix-receptor-de-control-remoto\\\/#breadcrumb\",\"itemListElement\":[{\"@type\":\"ListItem\",\"position\":1,\"name\":\"INICIO\",\"item\":\"https:\\\/\\\/www.centsys.com\\\/mx\\\/\"},{\"@type\":\"ListItem\",\"position\":2,\"name\":\"NOVA Helix\"}]},{\"@type\":\"WebSite\",\"@id\":\"https:\\\/\\\/www.centsys.com\\\/mx\\\/#website\",\"url\":\"https:\\\/\\\/www.centsys.com\\\/mx\\\/\",\"name\":\"Centurion Systems Mexico\",\"description\":\"Productos para Automatizaci\u00f3n de Acceso\",\"potentialAction\":[{\"@type\":\"SearchAction\",\"target\":{\"@type\":\"EntryPoint\",\"urlTemplate\":\"https:\\\/\\\/www.centsys.com\\\/mx\\\/?s={search_term_string}\"},\"query-input\":{\"@type\":\"PropertyValueSpecification\",\"valueRequired\":true,\"valueName\":\"search_term_string\"}}],\"inLanguage\":\"en-ZA\"}]}<\/script>\r\n<!-- \/ Yoast SEO Premium plugin. -->","yoast_head_json":{"title":"NOVA HELIX - Receptor de control remoto - Centurion Systems","description":"Los receptores de control remoto NOVA HELIX de Centurion Systems ofrecen la combinaci\u00f3n perfecta de seguridad y conveniencia.","robots":{"index":"index","follow":"follow","max-snippet":"max-snippet:-1","max-image-preview":"max-image-preview:large","max-video-preview":"max-video-preview:-1"},"canonical":"https:\/\/www.centsys.com\/mx\/nova-helix-receptor-de-control-remoto\/","og_locale":"en_US","og_type":"article","og_title":"NOVA Helix","og_description":"Los receptores de control remoto NOVA HELIX de Centurion Systems ofrecen la combinaci\u00f3n perfecta de seguridad y conveniencia.","og_url":"https:\/\/www.centsys.com\/mx\/nova-helix-receptor-de-control-remoto\/","og_site_name":"Centurion Systems Mexico","article_modified_time":"2022-11-01T14:32:59+00:00","twitter_card":"summary_large_image","twitter_misc":{"Est. reading time":"2 minutes"},"schema":{"@context":"https:\/\/schema.org","@graph":[{"@type":"WebPage","@id":"https:\/\/www.centsys.com\/mx\/nova-helix-receptor-de-control-remoto\/","url":"https:\/\/www.centsys.com\/mx\/nova-helix-receptor-de-control-remoto\/","name":"NOVA HELIX - Receptor de control remoto - Centurion Systems","isPartOf":{"@id":"https:\/\/www.centsys.com\/mx\/#website"},"datePublished":"2020-03-07T10:48:20+00:00","dateModified":"2022-11-01T14:32:59+00:00","description":"Los receptores de control remoto NOVA HELIX de Centurion Systems ofrecen la combinaci\u00f3n perfecta de seguridad y conveniencia.","breadcrumb":{"@id":"https:\/\/www.centsys.com\/mx\/nova-helix-receptor-de-control-remoto\/#breadcrumb"},"inLanguage":"en-ZA","potentialAction":[{"@type":"ReadAction","target":["https:\/\/www.centsys.com\/mx\/nova-helix-receptor-de-control-remoto\/"]}]},{"@type":"BreadcrumbList","@id":"https:\/\/www.centsys.com\/mx\/nova-helix-receptor-de-control-remoto\/#breadcrumb","itemListElement":[{"@type":"ListItem","position":1,"name":"INICIO","item":"https:\/\/www.centsys.com\/mx\/"},{"@type":"ListItem","position":2,"name":"NOVA Helix"}]},{"@type":"WebSite","@id":"https:\/\/www.centsys.com\/mx\/#website","url":"https:\/\/www.centsys.com\/mx\/","name":"Centurion Systems Mexico","description":"Productos para Automatizaci\u00f3n de Acceso","potentialAction":[{"@type":"SearchAction","target":{"@type":"EntryPoint","urlTemplate":"https:\/\/www.centsys.com\/mx\/?s={search_term_string}"},"query-input":{"@type":"PropertyValueSpecification","valueRequired":true,"valueName":"search_term_string"}}],"inLanguage":"en-ZA"}]}},"_links":{"self":[{"href":"https:\/\/www.centsys.com\/mx\/wp-json\/wp\/v2\/pages\/1047","targetHints":{"allow":["GET"]}}],"collection":[{"href":"https:\/\/www.centsys.com\/mx\/wp-json\/wp\/v2\/pages"}],"about":[{"href":"https:\/\/www.centsys.com\/mx\/wp-json\/wp\/v2\/types\/page"}],"author":[{"embeddable":true,"href":"https:\/\/www.centsys.com\/mx\/wp-json\/wp\/v2\/users\/1"}],"replies":[{"embeddable":true,"href":"https:\/\/www.centsys.com\/mx\/wp-json\/wp\/v2\/comments?post=1047"}],"version-history":[{"count":0,"href":"https:\/\/www.centsys.com\/mx\/wp-json\/wp\/v2\/pages\/1047\/revisions"}],"wp:attachment":[{"href":"https:\/\/www.centsys.com\/mx\/wp-json\/wp\/v2\/media?parent=1047"}],"curies":[{"name":"wp","href":"https:\/\/api.w.org\/{rel}","templated":true}]}}