{"id":1069,"date":"2020-03-07T11:22:36","date_gmt":"2020-03-07T11:22:36","guid":{"rendered":"http:\/\/centsys.co.za\/lat\/?page_id=1069"},"modified":"2021-04-07T21:36:41","modified_gmt":"2021-04-07T19:36:41","slug":"smartguard-teclado","status":"publish","type":"page","link":"https:\/\/www.centsys.com\/mx\/smartguard-teclado\/","title":{"rendered":"SMARTGUARD"},"content":{"rendered":"<p>[et_pb_section fb_built=&#8221;1&#8243; fullwidth=&#8221;on&#8221; _builder_version=&#8221;4.3.2&#8243; background_enable_image=&#8221;off&#8221; locked=&#8221;off&#8221;][et_pb_fullwidth_header title=&#8221;ALTA SEGURIDAD SIN LLAVE&#8221; _builder_version=&#8221;4.8.2&#8243; title_font=&#8221;Verdana|700||on|||||&#8221; title_text_align=&#8221;left&#8221; title_text_color=&#8221;#81c341&#8243; title_font_size=&#8221;46px&#8221; content_font=&#8221;Verdana||||||||&#8221; content_text_align=&#8221;left&#8221; content_text_color=&#8221;#6d6e71&#8243; content_font_size=&#8221;18px&#8221; background_enable_color=&#8221;off&#8221; background_image=&#8221;https:\/\/www.centsys.com\/mx\/img\/SMARTGUARD\/CENTURION%20SMARTGUARD%20teclado%20para%20control%20de%20acceso.jpg&#8221; background_layout=&#8221;light&#8221; width=&#8221;100{b9f1a820be3d81834e54a7fd91d7ea557d10675802c96376b4de0df52dd4704d}&#8221; max_width=&#8221;100{b9f1a820be3d81834e54a7fd91d7ea557d10675802c96376b4de0df52dd4704d}&#8221; custom_margin=&#8221;||||false|false&#8221; custom_padding=&#8221;11%|20%|11%||true|false&#8221; custom_padding_tablet=&#8221;|10%|||true|false&#8221; custom_padding_phone=&#8221;11%|0%|11%||true|false&#8221; custom_padding_last_edited=&#8221;on|tablet&#8221; title_font_size_tablet=&#8221;&#8221; title_font_size_phone=&#8221;36px&#8221; title_font_size_last_edited=&#8221;on|phone&#8221; content_font_size_tablet=&#8221;&#8221; content_font_size_phone=&#8221;14px&#8221; content_font_size_last_edited=&#8221;on|phone&#8221;]<\/p>\n<p>SMARTGUARD, control de acceso sin llave de alta seguridad<\/p>\n<p>[\/et_pb_fullwidth_header][\/et_pb_section][et_pb_section fb_built=&#8221;1&#8243; fullwidth=&#8221;on&#8221; _builder_version=&#8221;4.9.2&#8243; global_module=&#8221;4804&#8243;][et_pb_fullwidth_code admin_label=&#8221;SEO BREADCRUMBS&#8221; _builder_version=&#8221;4.9.2&#8243; _module_preset=&#8221;default&#8221; background_color=&#8221;#e5e5e5&#8243; custom_padding=&#8221;|||15%|false|false&#8221;]<span><span><a href=\"https:\/\/www.centsys.com\/mx\/\">INICIO<\/a><\/span><\/span>[\/et_pb_fullwidth_code][\/et_pb_section][et_pb_section fb_built=&#8221;1&#8243; _builder_version=&#8221;3.22&#8243; locked=&#8221;off&#8221;][et_pb_row _builder_version=&#8221;4.3.2&#8243;][et_pb_column type=&#8221;4_4&#8243; _builder_version=&#8221;4.3.2&#8243;][et_pb_text _builder_version=&#8221;4.5.1&#8243;]<\/p>\n<h1 class=\"p1\" style=\"text-align: center;\">SMARTGUARD \u2013 TECLADO DE CONTROL DE ACCESO CABLEADO\u200b<\/h1>\n<p>&nbsp;<\/p>\n<p style=\"text-align: center;\">SMARTGUARD: Multifunci\u00f3n, alta seguridad, cableado, control de acceso por teclado.<\/p>\n<p style=\"text-align: center;\">El <strong>teclado SMARTGUARD<\/strong> puede almacenar hasta <strong>1000 c\u00f3digos de acceso individuales<\/strong> con <strong>cualquier longitud definida por el usuario, desde uno hasta diez d\u00edgitos.<\/strong> Existen <strong>tres salidas separadas<\/strong>, cada una configurable bien para bloquear o no bloquear. Esta funcionalidad se adapta a muchos diferentes escenarios, por ejemplo, una puerta de entrada motorizada puede abrirse completamente usando un c\u00f3digo, activar la entrada para transe\u00fantes usando otro y activar la alarma de la casa usando un tercero. Los c\u00f3digos de usuario tambi\u00e9n pueden borrarse selectivamente sin afectar los otros c\u00f3digos almacenados en la memoria. El teclado tambi\u00e9n incluye un \u201c<strong>contador regresivo<\/strong>\u201d que permite seleccionar c\u00f3digos que tendr\u00e1n un n\u00famero limitado de usos. Esto es ideal para conceder acceso en una \u00fanica oportunidad, por ejemplo a un equipo de respuesta armada, haciendo que ese c\u00f3digo se borre autom\u00e1ticamente despu\u00e9s de usarlo. La adici\u00f3n del dispositivo <strong>SmartSwitch de CENTURION<\/strong> maximiza la seguridad y asegura que a\u00fan con el teclado instalado fuera de la propiedad, \u00e9ste no pueda ser \u201cdesviado\u201d y comprometer as\u00ed la seguridad del sitio. El mismo m\u00f3dulo de memoria usado en el equipo SuperNOVA puede ser tambi\u00e9n usado en el teclado de <strong>control de acceso SMARTGUARD<\/strong>, permitiendo respaldar y restaurar en segundos todas las configuraciones y c\u00f3digos.<\/p>\n<p>[\/et_pb_text][\/et_pb_column][\/et_pb_row][et_pb_row _builder_version=&#8221;4.3.4&#8243; custom_padding=&#8221;||0px|||&#8221;][et_pb_column type=&#8221;4_4&#8243; _builder_version=&#8221;4.3.4&#8243;][et_pb_image src=&#8221;https:\/\/www.centsys.com\/mx\/img\/SMARTGUARD\/CENTURION%20SMARTGUARD%20teclado%20de%20control%20de%20acceso.jpg&#8221; align=&#8221;center&#8221; _builder_version=&#8221;4.8.2&#8243;][\/et_pb_image][\/et_pb_column][\/et_pb_row][et_pb_row column_structure=&#8221;2_3,1_3&#8243; _builder_version=&#8221;4.3.2&#8243; custom_padding=&#8221;||0px|||&#8221; locked=&#8221;off&#8221;][et_pb_column type=&#8221;2_3&#8243; _builder_version=&#8221;4.3.2&#8243;][et_pb_text _builder_version=&#8221;4.4.8&#8243;]<\/p>\n<h5>CARACTER\u00cdSTICAS PRINCIPALES:<\/h5>\n<ul>\n<li>SMARTGUARD para instalaciones cableadas.<\/li>\n<li>1000 c\u00f3digos \u00fanicos de uno a diez d\u00edgitos.<\/li>\n<li>Tres canales de salida.<\/li>\n<li>Selectividad para a\u00f1adir y eliminar c\u00f3digos de usuario.<\/li>\n<li>M\u00f3dulo de respaldo de memoria.<\/li>\n<li>Contador limitador de usos.<\/li>\n<li>Resistente a la intemperie con retroiluminaci\u00f3n del teclado.<\/li>\n<li>Interruptor SmartSwitch para salidas a prueba de manipulaci\u00f3n.<\/li>\n<\/ul>\n<p>[\/et_pb_text][\/et_pb_column][et_pb_column type=&#8221;1_3&#8243; _builder_version=&#8221;4.3.2&#8243;][et_pb_image src=&#8221;https:\/\/www.centsys.com\/mx\/img\/SMARTGUARD\/Logo%20-%20CENTURION%20SMARTGUARD%20teclado%20de%20control%20de%20acceso.png&#8221; _builder_version=&#8221;4.8.2&#8243; transform_translate=&#8221;-4px|-117px&#8221; custom_padding=&#8221;||||false|false&#8221;][\/et_pb_image][et_pb_button button_url=&#8221;https:\/\/www.centsys.com\/mx\/pdf\/CENTURION%20CATALOGO%20SMARTGUARD.pdf&#8221; url_new_window=&#8221;on&#8221; button_text=&#8221;FOLLETO&#8221; button_alignment=&#8221;center&#8221; _builder_version=&#8221;4.5.1&#8243; _module_preset=&#8221;default&#8221; custom_margin=&#8221;-212px|||||&#8221;][\/et_pb_button][\/et_pb_column][\/et_pb_row][et_pb_row _builder_version=&#8221;4.3.4&#8243; custom_padding=&#8221;0px|||||&#8221;][et_pb_column type=&#8221;4_4&#8243; _builder_version=&#8221;4.3.4&#8243;][et_pb_image src=&#8221;https:\/\/www.centsys.com\/mx\/img\/SMARTGUARD\/CENTURION%20SMARTGUARD%20teclado%20de%20control%20de%20acceso.png&#8221; show_in_lightbox=&#8221;on&#8221; align=&#8221;center&#8221; _builder_version=&#8221;4.8.2&#8243; width=&#8221;33%&#8221;][\/et_pb_image][\/et_pb_column][\/et_pb_row][\/et_pb_section]<\/p>\n","protected":false},"excerpt":{"rendered":"<p>SMARTGUARD, control de acceso sin llave de alta seguridad<span><span><a href=\"https:\/\/www.centsys.com\/mx\/\">INICIO<\/a><\/span><\/span>SMARTGUARD \u2013 TECLADO DE CONTROL DE ACCESO CABLEADO\u200b &nbsp; SMARTGUARD: Multifunci\u00f3n, alta seguridad, cableado, control de acceso por teclado. El teclado SMARTGUARD puede almacenar hasta 1000 c\u00f3digos de acceso individuales con cualquier longitud definida por el usuario, desde uno hasta diez d\u00edgitos. Existen tres salidas separadas, cada [&hellip;]<\/p>\n","protected":false},"author":1,"featured_media":0,"parent":0,"menu_order":0,"comment_status":"closed","ping_status":"closed","template":"","meta":{"_et_pb_use_builder":"on","_et_pb_old_content":"","_et_gb_content_width":"","_joinchat":[],"footnotes":""},"class_list":["post-1069","page","type-page","status-publish","hentry"],"yoast_head":"<!-- This site is optimized with the Yoast SEO Premium plugin v26.6 (Yoast SEO v27.5) - https:\/\/yoast.com\/product\/yoast-seo-premium-wordpress\/ -->\r\n<title>SMARTGUARD - Control de acceso sin llave - Centurion Systems<\/title>\r\n<meta name=\"description\" content=\"La gama de teclados de control de acceso SMARTGUARD est\u00e1 disponible inal\u00e1mbrico y por cable ofreciendo comodidad y seguridad superiores.\" \/>\r\n<meta name=\"robots\" content=\"index, follow, max-snippet:-1, max-image-preview:large, max-video-preview:-1\" \/>\r\n<link rel=\"canonical\" href=\"https:\/\/www.centsys.com\/mx\/smartguard-teclado\/\" \/>\r\n<meta property=\"og:locale\" content=\"en_US\" \/>\r\n<meta property=\"og:type\" content=\"article\" \/>\r\n<meta property=\"og:title\" content=\"SMARTGUARD\" \/>\r\n<meta property=\"og:description\" content=\"La gama de teclados de control de acceso SMARTGUARD est\u00e1 disponible inal\u00e1mbrico y por cable ofreciendo comodidad y seguridad superiores.\" \/>\r\n<meta property=\"og:url\" content=\"https:\/\/www.centsys.com\/mx\/smartguard-teclado\/\" \/>\r\n<meta property=\"og:site_name\" content=\"Centurion Systems Mexico\" \/>\r\n<meta property=\"article:modified_time\" content=\"2021-04-07T19:36:41+00:00\" \/>\r\n<meta name=\"twitter:card\" content=\"summary_large_image\" \/>\r\n<meta name=\"twitter:label1\" content=\"Est. reading time\" \/>\n\t<meta name=\"twitter:data1\" content=\"4 minutes\" \/>\r\n<script type=\"application\/ld+json\" class=\"yoast-schema-graph\">{\"@context\":\"https:\\\/\\\/schema.org\",\"@graph\":[{\"@type\":\"WebPage\",\"@id\":\"https:\\\/\\\/www.centsys.com\\\/mx\\\/smartguard-teclado\\\/\",\"url\":\"https:\\\/\\\/www.centsys.com\\\/mx\\\/smartguard-teclado\\\/\",\"name\":\"SMARTGUARD - Control de acceso sin llave - Centurion Systems\",\"isPartOf\":{\"@id\":\"https:\\\/\\\/www.centsys.com\\\/mx\\\/#website\"},\"datePublished\":\"2020-03-07T11:22:36+00:00\",\"dateModified\":\"2021-04-07T19:36:41+00:00\",\"description\":\"La gama de teclados de control de acceso SMARTGUARD est\u00e1 disponible inal\u00e1mbrico y por cable ofreciendo comodidad y seguridad superiores.\",\"breadcrumb\":{\"@id\":\"https:\\\/\\\/www.centsys.com\\\/mx\\\/smartguard-teclado\\\/#breadcrumb\"},\"inLanguage\":\"en-ZA\",\"potentialAction\":[{\"@type\":\"ReadAction\",\"target\":[\"https:\\\/\\\/www.centsys.com\\\/mx\\\/smartguard-teclado\\\/\"]}]},{\"@type\":\"BreadcrumbList\",\"@id\":\"https:\\\/\\\/www.centsys.com\\\/mx\\\/smartguard-teclado\\\/#breadcrumb\",\"itemListElement\":[{\"@type\":\"ListItem\",\"position\":1,\"name\":\"INICIO\",\"item\":\"https:\\\/\\\/www.centsys.com\\\/mx\\\/\"},{\"@type\":\"ListItem\",\"position\":2,\"name\":\"SMARTGUARD\"}]},{\"@type\":\"WebSite\",\"@id\":\"https:\\\/\\\/www.centsys.com\\\/mx\\\/#website\",\"url\":\"https:\\\/\\\/www.centsys.com\\\/mx\\\/\",\"name\":\"Centurion Systems Mexico\",\"description\":\"Productos para Automatizaci\u00f3n de Acceso\",\"potentialAction\":[{\"@type\":\"SearchAction\",\"target\":{\"@type\":\"EntryPoint\",\"urlTemplate\":\"https:\\\/\\\/www.centsys.com\\\/mx\\\/?s={search_term_string}\"},\"query-input\":{\"@type\":\"PropertyValueSpecification\",\"valueRequired\":true,\"valueName\":\"search_term_string\"}}],\"inLanguage\":\"en-ZA\"}]}<\/script>\r\n<!-- \/ Yoast SEO Premium plugin. -->","yoast_head_json":{"title":"SMARTGUARD - Control de acceso sin llave - Centurion Systems","description":"La gama de teclados de control de acceso SMARTGUARD est\u00e1 disponible inal\u00e1mbrico y por cable ofreciendo comodidad y seguridad superiores.","robots":{"index":"index","follow":"follow","max-snippet":"max-snippet:-1","max-image-preview":"max-image-preview:large","max-video-preview":"max-video-preview:-1"},"canonical":"https:\/\/www.centsys.com\/mx\/smartguard-teclado\/","og_locale":"en_US","og_type":"article","og_title":"SMARTGUARD","og_description":"La gama de teclados de control de acceso SMARTGUARD est\u00e1 disponible inal\u00e1mbrico y por cable ofreciendo comodidad y seguridad superiores.","og_url":"https:\/\/www.centsys.com\/mx\/smartguard-teclado\/","og_site_name":"Centurion Systems Mexico","article_modified_time":"2021-04-07T19:36:41+00:00","twitter_card":"summary_large_image","twitter_misc":{"Est. reading time":"4 minutes"},"schema":{"@context":"https:\/\/schema.org","@graph":[{"@type":"WebPage","@id":"https:\/\/www.centsys.com\/mx\/smartguard-teclado\/","url":"https:\/\/www.centsys.com\/mx\/smartguard-teclado\/","name":"SMARTGUARD - Control de acceso sin llave - Centurion Systems","isPartOf":{"@id":"https:\/\/www.centsys.com\/mx\/#website"},"datePublished":"2020-03-07T11:22:36+00:00","dateModified":"2021-04-07T19:36:41+00:00","description":"La gama de teclados de control de acceso SMARTGUARD est\u00e1 disponible inal\u00e1mbrico y por cable ofreciendo comodidad y seguridad superiores.","breadcrumb":{"@id":"https:\/\/www.centsys.com\/mx\/smartguard-teclado\/#breadcrumb"},"inLanguage":"en-ZA","potentialAction":[{"@type":"ReadAction","target":["https:\/\/www.centsys.com\/mx\/smartguard-teclado\/"]}]},{"@type":"BreadcrumbList","@id":"https:\/\/www.centsys.com\/mx\/smartguard-teclado\/#breadcrumb","itemListElement":[{"@type":"ListItem","position":1,"name":"INICIO","item":"https:\/\/www.centsys.com\/mx\/"},{"@type":"ListItem","position":2,"name":"SMARTGUARD"}]},{"@type":"WebSite","@id":"https:\/\/www.centsys.com\/mx\/#website","url":"https:\/\/www.centsys.com\/mx\/","name":"Centurion Systems Mexico","description":"Productos para Automatizaci\u00f3n de Acceso","potentialAction":[{"@type":"SearchAction","target":{"@type":"EntryPoint","urlTemplate":"https:\/\/www.centsys.com\/mx\/?s={search_term_string}"},"query-input":{"@type":"PropertyValueSpecification","valueRequired":true,"valueName":"search_term_string"}}],"inLanguage":"en-ZA"}]}},"_links":{"self":[{"href":"https:\/\/www.centsys.com\/mx\/wp-json\/wp\/v2\/pages\/1069","targetHints":{"allow":["GET"]}}],"collection":[{"href":"https:\/\/www.centsys.com\/mx\/wp-json\/wp\/v2\/pages"}],"about":[{"href":"https:\/\/www.centsys.com\/mx\/wp-json\/wp\/v2\/types\/page"}],"author":[{"embeddable":true,"href":"https:\/\/www.centsys.com\/mx\/wp-json\/wp\/v2\/users\/1"}],"replies":[{"embeddable":true,"href":"https:\/\/www.centsys.com\/mx\/wp-json\/wp\/v2\/comments?post=1069"}],"version-history":[{"count":0,"href":"https:\/\/www.centsys.com\/mx\/wp-json\/wp\/v2\/pages\/1069\/revisions"}],"wp:attachment":[{"href":"https:\/\/www.centsys.com\/mx\/wp-json\/wp\/v2\/media?parent=1069"}],"curies":[{"name":"wp","href":"https:\/\/api.w.org\/{rel}","templated":true}]}}