{"id":1134,"date":"2020-03-09T10:16:18","date_gmt":"2020-03-09T10:16:18","guid":{"rendered":"http:\/\/centsys.co.za\/lat\/?page_id=1134"},"modified":"2025-01-09T15:27:35","modified_gmt":"2025-01-09T13:27:35","slug":"motores-para-puertas-abatibles","status":"publish","type":"page","link":"https:\/\/www.centsys.com\/mx\/motores-para-puertas-abatibles\/","title":{"rendered":"Motores para puertas abatibles"},"content":{"rendered":"<p>[et_pb_section fb_built=&#8221;1&#8243; fullwidth=&#8221;on&#8221; _builder_version=&#8221;4.16&#8243; background_enable_image=&#8221;off&#8221; locked=&#8221;off&#8221; global_colors_info=&#8221;{}&#8221;][et_pb_fullwidth_header title=&#8221;MOTORES PARA PUERTAS ABATIBLES PARA VIVIENDAS, COMPLEJOS Y NEGOCIOS&#8221; _builder_version=&#8221;4.16&#8243; title_font=&#8221;Verdana|700||on|||||&#8221; title_text_align=&#8221;right&#8221; title_text_color=&#8221;#81c341&#8243; title_font_size=&#8221;46px&#8221; content_font=&#8221;Verdana||||||||&#8221; content_text_align=&#8221;right&#8221; content_text_color=&#8221;#6d6e71&#8243; content_font_size=&#8221;18px&#8221; background_enable_color=&#8221;off&#8221; background_image=&#8221;https:\/\/www.centsys.com\/mx\/img\/Motores%20para%20puertas%20abatibles%20CENTURION\/Motores%20para%20puertas%20batientes%20Centurion%20Systems.jpg&#8221; background_layout=&#8221;light&#8221; width=&#8221;100{b9f1a820be3d81834e54a7fd91d7ea557d10675802c96376b4de0df52dd4704d}&#8221; max_width=&#8221;100{b9f1a820be3d81834e54a7fd91d7ea557d10675802c96376b4de0df52dd4704d}&#8221; custom_margin=&#8221;||||false|false&#8221; custom_padding=&#8221;9%||9%|20%|true|false&#8221; custom_padding_tablet=&#8221;|||10%|true|false&#8221; custom_padding_phone=&#8221;|||0%|true|false&#8221; custom_padding_last_edited=&#8221;on|phone&#8221; title_font_size_tablet=&#8221;&#8221; title_font_size_phone=&#8221;36px&#8221; title_font_size_last_edited=&#8221;on|phone&#8221; content_font_size_tablet=&#8221;&#8221; content_font_size_phone=&#8221;14px&#8221; content_font_size_last_edited=&#8221;on|phone&#8221; global_colors_info=&#8221;{}&#8221;]<\/p>\n<p>Automatizaci\u00f3n de acceso | Intercomunicadores | Control de acceso | Dispositivos de seguridad | Auxiliares y accesorios<\/p>\n<p>[\/et_pb_fullwidth_header][\/et_pb_section][et_pb_section fb_built=&#8221;1&#8243; fullwidth=&#8221;on&#8221; _builder_version=&#8221;4.9.2&#8243; global_module=&#8221;4804&#8243; global_colors_info=&#8221;{}&#8221;][et_pb_fullwidth_code admin_label=&#8221;SEO BREADCRUMBS&#8221; _builder_version=&#8221;4.16&#8243; _module_preset=&#8221;default&#8221; background_color=&#8221;#e5e5e5&#8243; custom_padding=&#8221;|||15%|false|false&#8221; global_colors_info=&#8221;{}&#8221;]<span><span><a href=\"https:\/\/www.centsys.com\/mx\/\">INICIO<\/a><\/span><\/span>[\/et_pb_fullwidth_code][\/et_pb_section][et_pb_section fb_built=&#8221;1&#8243; _builder_version=&#8221;4.16&#8243; global_colors_info=&#8221;{}&#8221;][et_pb_row _builder_version=&#8221;4.16&#8243; global_colors_info=&#8221;{}&#8221;][et_pb_column type=&#8221;4_4&#8243; _builder_version=&#8221;4.16&#8243; global_colors_info=&#8221;{}&#8221;][et_pb_text _builder_version=&#8221;4.27.4&#8243; global_colors_info=&#8221;{}&#8221;]<\/p>\n<h1 style=\"text-align: center;\">MOTORES PARA PUERTAS ABATIBLES<\/h1>\n<div data-canvas-width=\"825.4812130592156\">\n<div data-canvas-width=\"269.42907086384304\">\n<p style=\"text-align: center;\">Pr\u00e1cticamente no hay l\u00edmite para las capacidades de nuestros motores para puertas abatibles; Al combinar la funcionalidad l\u00edder en la industria, la fiabilidad de clase mundial y facilidad de instalaci\u00f3n, los motores para puertas abatibles de Centurion Systems realmente est\u00e1n a la vanguardia.<\/p>\n<\/div>\n<\/div>\n<p>[\/et_pb_text][\/et_pb_column][\/et_pb_row][et_pb_row column_structure=&#8221;1_3,1_3,1_3&#8243; _builder_version=&#8221;4.27.4&#8243; custom_margin=&#8221;|auto||441px||&#8221; custom_padding=&#8221;1px|||||&#8221; hover_enabled=&#8221;0&#8243; global_colors_info=&#8221;{}&#8221; module_alignment=&#8221;center&#8221; width__hover_enabled=&#8221;on|desktop&#8221; positioning=&#8221;none&#8221; sticky_enabled=&#8221;0&#8243;][et_pb_column type=&#8221;1_3&#8243; _builder_version=&#8221;4.16&#8243; global_colors_info=&#8221;{}&#8221;][et_pb_blurb title=&#8221;Serie V SMART&#8221; image=&#8221;https:\/\/www.centsys.co.za\/img\/products\/vseries\/V-Series-SMART-Controller.jpg&#8221; _builder_version=&#8221;4.27.4&#8243; header_text_align=&#8221;center&#8221; header_font_size=&#8221;25px&#8221; transform_translate_linked=&#8221;off&#8221; custom_margin=&#8221;|-43px|29px|||&#8221; global_colors_info=&#8221;{}&#8221;][\/et_pb_blurb][et_pb_button button_url=&#8221;@ET-DC@eyJkeW5hbWljIjp0cnVlLCJjb250ZW50IjoicG9zdF9saW5rX3VybF9wYWdlIiwic2V0dGluZ3MiOnsicG9zdF9pZCI6IjI0NDMwIn19@&#8221; button_text=&#8221;VER PRODUCTO&#8221; button_alignment=&#8221;center&#8221; _builder_version=&#8221;4.24.0&#8243; _dynamic_attributes=&#8221;button_url&#8221; transform_translate=&#8221;0px|40px&#8221; transform_translate_linked=&#8221;off&#8221; custom_margin=&#8221;-32px|||40px||&#8221; global_colors_info=&#8221;{}&#8221;][\/et_pb_button][\/et_pb_column][et_pb_column type=&#8221;1_3&#8243; _builder_version=&#8221;4.16&#8243; global_colors_info=&#8221;{}&#8221;][et_pb_blurb title=&#8221;R6&#8243; image=&#8221;https:\/\/www.centsys.co.za\/img\/products\/r6\/R6-SWING-GATE.jpg&#8221; _builder_version=&#8221;4.24.0&#8243; header_text_align=&#8221;center&#8221; header_font_size=&#8221;25px&#8221; transform_translate_linked=&#8221;off&#8221; custom_margin=&#8221;|-43px|29px|||&#8221; global_colors_info=&#8221;{}&#8221;][\/et_pb_blurb][et_pb_button button_url=&#8221;@ET-DC@eyJkeW5hbWljIjp0cnVlLCJjb250ZW50IjoicG9zdF9saW5rX3VybF9wYWdlIiwic2V0dGluZ3MiOnsicG9zdF9pZCI6IjIzMjA3In19@&#8221; button_text=&#8221;VER PRODUCTO&#8221; button_alignment=&#8221;center&#8221; _builder_version=&#8221;4.24.0&#8243; _dynamic_attributes=&#8221;button_url&#8221; transform_translate=&#8221;0px|40px&#8221; transform_translate_linked=&#8221;off&#8221; custom_margin=&#8221;-32px|||40px||&#8221; global_colors_info=&#8221;{}&#8221;][\/et_pb_button][\/et_pb_column][et_pb_column type=&#8221;1_3&#8243; _builder_version=&#8221;4.16&#8243; global_colors_info=&#8221;{}&#8221;][et_pb_blurb title=&#8221;VANTAGE&#8221; image=&#8221;https:\/\/www.centsys.com\/lat\/img\/vantage\/Motor%20para%20puerta%20abatible%20CENTURION%20VANTAGE%20-%20Derecho.jpg&#8221; _builder_version=&#8221;4.24.0&#8243; header_text_align=&#8221;center&#8221; header_font_size=&#8221;25px&#8221; transform_translate_linked=&#8221;off&#8221; custom_margin=&#8221;|-43px|29px|||&#8221; global_colors_info=&#8221;{}&#8221;][\/et_pb_blurb][et_pb_button button_url=&#8221;@ET-DC@eyJkeW5hbWljIjp0cnVlLCJjb250ZW50IjoicG9zdF9saW5rX3VybF9wYWdlIiwic2V0dGluZ3MiOnsicG9zdF9pZCI6IjEzMDgifX0=@&#8221; button_text=&#8221;VER PRODUCTO&#8221; button_alignment=&#8221;center&#8221; _builder_version=&#8221;4.24.0&#8243; _dynamic_attributes=&#8221;button_url&#8221; transform_translate=&#8221;0px|40px&#8221; transform_translate_linked=&#8221;off&#8221; custom_margin=&#8221;-32px|||40px||&#8221; global_colors_info=&#8221;{}&#8221;][\/et_pb_button][\/et_pb_column][\/et_pb_row][et_pb_row _builder_version=&#8221;4.27.4&#8243; _module_preset=&#8221;default&#8221; global_colors_info=&#8221;{}&#8221;][et_pb_column type=&#8221;4_4&#8243; _builder_version=&#8221;4.27.4&#8243; _module_preset=&#8221;default&#8221; global_colors_info=&#8221;{}&#8221;][et_pb_text _builder_version=&#8221;4.27.4&#8243; _module_preset=&#8221;default&#8221; global_colors_info=&#8221;{}&#8221;][\/et_pb_text][\/et_pb_column][\/et_pb_row][et_pb_row _builder_version=&#8221;4.27.4&#8243; _module_preset=&#8221;default&#8221; global_colors_info=&#8221;{}&#8221;][et_pb_column type=&#8221;4_4&#8243; _builder_version=&#8221;4.27.4&#8243; _module_preset=&#8221;default&#8221; global_colors_info=&#8221;{}&#8221;][et_pb_image src=&#8221;https:\/\/www.centsys.com\/lat\/img\/swings\/Gu%C3%ADa%20de%20selecci%C3%B3n%20de%20motores%20para%20puertas%20abatibles.jpg&#8221; url=&#8221;https:\/\/www.centsys.com\/lat\/img\/swings\/1408.D.02.0010%20Swing%20Gate%20Operator%20Selection%20Guide%20SP%20LAT_06082024_MT_Web.pdf%20&#8243; url_new_window=&#8221;on&#8221; _builder_version=&#8221;4.27.4&#8243; _module_preset=&#8221;default&#8221; global_colors_info=&#8221;{}&#8221;][\/et_pb_image][\/et_pb_column][\/et_pb_row][\/et_pb_section]<\/p>\n","protected":false},"excerpt":{"rendered":"<p>Automatizaci\u00f3n de acceso | Intercomunicadores | Control de acceso | Dispositivos de seguridad | Auxiliares y accesorios<span><span><a href=\"https:\/\/www.centsys.com\/mx\/\">INICIO<\/a><\/span><\/span>MOTORES PARA PUERTAS ABATIBLES Pr\u00e1cticamente no hay l\u00edmite para las capacidades de nuestros motores para puertas abatibles; Al combinar la funcionalidad l\u00edder en la industria, la fiabilidad de clase mundial y facilidad de instalaci\u00f3n, los motores para puertas abatibles [&hellip;]<\/p>\n","protected":false},"author":1,"featured_media":0,"parent":0,"menu_order":0,"comment_status":"closed","ping_status":"closed","template":"","meta":{"_et_pb_use_builder":"on","_et_pb_old_content":"","_et_gb_content_width":"","_joinchat":[],"footnotes":""},"class_list":["post-1134","page","type-page","status-publish","hentry"],"yoast_head":"<!-- This site is optimized with the Yoast SEO Premium plugin v26.6 (Yoast SEO v27.5) - https:\/\/yoast.com\/product\/yoast-seo-premium-wordpress\/ -->\r\n<title>Motores para puertas abatibles - Centurion Systems<\/title>\r\n<meta name=\"description\" content=\"Motores para puertas abatibles de f\u00e1cil de instalaci\u00f3n Centurion Systems l\u00edder en la industria.\" \/>\r\n<meta name=\"robots\" content=\"index, follow, max-snippet:-1, max-image-preview:large, max-video-preview:-1\" \/>\r\n<link rel=\"canonical\" href=\"https:\/\/www.centsys.com\/mx\/motores-para-puertas-abatibles\/\" \/>\r\n<meta property=\"og:locale\" content=\"en_US\" \/>\r\n<meta property=\"og:type\" content=\"article\" \/>\r\n<meta property=\"og:title\" content=\"Motores para puertas abatibles\" \/>\r\n<meta property=\"og:description\" content=\"Motores para puertas abatibles de f\u00e1cil de instalaci\u00f3n Centurion Systems l\u00edder en la industria.\" \/>\r\n<meta property=\"og:url\" content=\"https:\/\/www.centsys.com\/mx\/motores-para-puertas-abatibles\/\" \/>\r\n<meta property=\"og:site_name\" content=\"Centurion Systems Mexico\" \/>\r\n<meta property=\"article:modified_time\" content=\"2025-01-09T13:27:35+00:00\" \/>\r\n<meta name=\"twitter:card\" content=\"summary_large_image\" \/>\r\n<meta name=\"twitter:label1\" content=\"Est. reading time\" \/>\n\t<meta name=\"twitter:data1\" content=\"2 minutes\" \/>\r\n<script type=\"application\/ld+json\" class=\"yoast-schema-graph\">{\"@context\":\"https:\\\/\\\/schema.org\",\"@graph\":[{\"@type\":\"WebPage\",\"@id\":\"https:\\\/\\\/www.centsys.com\\\/mx\\\/motores-para-puertas-abatibles\\\/\",\"url\":\"https:\\\/\\\/www.centsys.com\\\/mx\\\/motores-para-puertas-abatibles\\\/\",\"name\":\"Motores para puertas abatibles - Centurion Systems\",\"isPartOf\":{\"@id\":\"https:\\\/\\\/www.centsys.com\\\/mx\\\/#website\"},\"datePublished\":\"2020-03-09T10:16:18+00:00\",\"dateModified\":\"2025-01-09T13:27:35+00:00\",\"description\":\"Motores para puertas abatibles de f\u00e1cil de instalaci\u00f3n Centurion Systems l\u00edder en la industria.\",\"breadcrumb\":{\"@id\":\"https:\\\/\\\/www.centsys.com\\\/mx\\\/motores-para-puertas-abatibles\\\/#breadcrumb\"},\"inLanguage\":\"en-ZA\",\"potentialAction\":[{\"@type\":\"ReadAction\",\"target\":[\"https:\\\/\\\/www.centsys.com\\\/mx\\\/motores-para-puertas-abatibles\\\/\"]}]},{\"@type\":\"BreadcrumbList\",\"@id\":\"https:\\\/\\\/www.centsys.com\\\/mx\\\/motores-para-puertas-abatibles\\\/#breadcrumb\",\"itemListElement\":[{\"@type\":\"ListItem\",\"position\":1,\"name\":\"INICIO\",\"item\":\"https:\\\/\\\/www.centsys.com\\\/mx\\\/\"},{\"@type\":\"ListItem\",\"position\":2,\"name\":\"Motores para puertas abatibles\"}]},{\"@type\":\"WebSite\",\"@id\":\"https:\\\/\\\/www.centsys.com\\\/mx\\\/#website\",\"url\":\"https:\\\/\\\/www.centsys.com\\\/mx\\\/\",\"name\":\"Centurion Systems Mexico\",\"description\":\"Productos para Automatizaci\u00f3n de Acceso\",\"potentialAction\":[{\"@type\":\"SearchAction\",\"target\":{\"@type\":\"EntryPoint\",\"urlTemplate\":\"https:\\\/\\\/www.centsys.com\\\/mx\\\/?s={search_term_string}\"},\"query-input\":{\"@type\":\"PropertyValueSpecification\",\"valueRequired\":true,\"valueName\":\"search_term_string\"}}],\"inLanguage\":\"en-ZA\"}]}<\/script>\r\n<!-- \/ Yoast SEO Premium plugin. -->","yoast_head_json":{"title":"Motores para puertas abatibles - Centurion Systems","description":"Motores para puertas abatibles de f\u00e1cil de instalaci\u00f3n Centurion Systems l\u00edder en la industria.","robots":{"index":"index","follow":"follow","max-snippet":"max-snippet:-1","max-image-preview":"max-image-preview:large","max-video-preview":"max-video-preview:-1"},"canonical":"https:\/\/www.centsys.com\/mx\/motores-para-puertas-abatibles\/","og_locale":"en_US","og_type":"article","og_title":"Motores para puertas abatibles","og_description":"Motores para puertas abatibles de f\u00e1cil de instalaci\u00f3n Centurion Systems l\u00edder en la industria.","og_url":"https:\/\/www.centsys.com\/mx\/motores-para-puertas-abatibles\/","og_site_name":"Centurion Systems Mexico","article_modified_time":"2025-01-09T13:27:35+00:00","twitter_card":"summary_large_image","twitter_misc":{"Est. reading time":"2 minutes"},"schema":{"@context":"https:\/\/schema.org","@graph":[{"@type":"WebPage","@id":"https:\/\/www.centsys.com\/mx\/motores-para-puertas-abatibles\/","url":"https:\/\/www.centsys.com\/mx\/motores-para-puertas-abatibles\/","name":"Motores para puertas abatibles - Centurion Systems","isPartOf":{"@id":"https:\/\/www.centsys.com\/mx\/#website"},"datePublished":"2020-03-09T10:16:18+00:00","dateModified":"2025-01-09T13:27:35+00:00","description":"Motores para puertas abatibles de f\u00e1cil de instalaci\u00f3n Centurion Systems l\u00edder en la industria.","breadcrumb":{"@id":"https:\/\/www.centsys.com\/mx\/motores-para-puertas-abatibles\/#breadcrumb"},"inLanguage":"en-ZA","potentialAction":[{"@type":"ReadAction","target":["https:\/\/www.centsys.com\/mx\/motores-para-puertas-abatibles\/"]}]},{"@type":"BreadcrumbList","@id":"https:\/\/www.centsys.com\/mx\/motores-para-puertas-abatibles\/#breadcrumb","itemListElement":[{"@type":"ListItem","position":1,"name":"INICIO","item":"https:\/\/www.centsys.com\/mx\/"},{"@type":"ListItem","position":2,"name":"Motores para puertas abatibles"}]},{"@type":"WebSite","@id":"https:\/\/www.centsys.com\/mx\/#website","url":"https:\/\/www.centsys.com\/mx\/","name":"Centurion Systems Mexico","description":"Productos para Automatizaci\u00f3n de Acceso","potentialAction":[{"@type":"SearchAction","target":{"@type":"EntryPoint","urlTemplate":"https:\/\/www.centsys.com\/mx\/?s={search_term_string}"},"query-input":{"@type":"PropertyValueSpecification","valueRequired":true,"valueName":"search_term_string"}}],"inLanguage":"en-ZA"}]}},"_links":{"self":[{"href":"https:\/\/www.centsys.com\/mx\/wp-json\/wp\/v2\/pages\/1134","targetHints":{"allow":["GET"]}}],"collection":[{"href":"https:\/\/www.centsys.com\/mx\/wp-json\/wp\/v2\/pages"}],"about":[{"href":"https:\/\/www.centsys.com\/mx\/wp-json\/wp\/v2\/types\/page"}],"author":[{"embeddable":true,"href":"https:\/\/www.centsys.com\/mx\/wp-json\/wp\/v2\/users\/1"}],"replies":[{"embeddable":true,"href":"https:\/\/www.centsys.com\/mx\/wp-json\/wp\/v2\/comments?post=1134"}],"version-history":[{"count":0,"href":"https:\/\/www.centsys.com\/mx\/wp-json\/wp\/v2\/pages\/1134\/revisions"}],"wp:attachment":[{"href":"https:\/\/www.centsys.com\/mx\/wp-json\/wp\/v2\/media?parent=1134"}],"curies":[{"name":"wp","href":"https:\/\/api.w.org\/{rel}","templated":true}]}}