{"id":125,"date":"2020-03-03T10:24:32","date_gmt":"2020-03-03T10:24:32","guid":{"rendered":"http:\/\/centsys.co.za\/lat\/?page_id=125"},"modified":"2022-04-22T14:08:09","modified_gmt":"2022-04-22T12:08:09","slug":"preguntas-mas-frecuentes","status":"publish","type":"page","link":"https:\/\/www.centsys.com\/mx\/preguntas-mas-frecuentes\/","title":{"rendered":"Preguntas m\u00e1s frecuentes"},"content":{"rendered":"<p>[et_pb_section fb_built=&#8221;1&#8243; fullwidth=&#8221;on&#8221; _builder_version=&#8221;4.16&#8243; global_colors_info=&#8221;{}&#8221;][et_pb_fullwidth_image src=&#8221;https:\/\/www.centsys.com\/mx\/img\/Preguntas%20Mas%20Frecuentes\/Preguntas%20mas%20frecuentes%20sobre%20los%20productos%20CENTURION.png&#8221; _builder_version=&#8221;4.16&#8243; global_colors_info=&#8221;{}&#8221;][\/et_pb_fullwidth_image][\/et_pb_section][et_pb_section fb_built=&#8221;1&#8243; fullwidth=&#8221;on&#8221; _builder_version=&#8221;4.9.2&#8243; global_module=&#8221;4804&#8243; global_colors_info=&#8221;{}&#8221;][et_pb_fullwidth_code admin_label=&#8221;SEO BREADCRUMBS&#8221; _builder_version=&#8221;4.16&#8243; _module_preset=&#8221;default&#8221; background_color=&#8221;#e5e5e5&#8243; custom_padding=&#8221;|||15%|false|false&#8221; global_colors_info=&#8221;{}&#8221;]<span><span><a href=\"https:\/\/www.centsys.com\/mx\/\">INICIO<\/a><\/span><\/span>[\/et_pb_fullwidth_code][\/et_pb_section][et_pb_section fb_built=&#8221;1&#8243; _builder_version=&#8221;4.16&#8243; custom_padding=&#8221;||1px|||&#8221; global_colors_info=&#8221;{}&#8221;][et_pb_row _builder_version=&#8221;4.16&#8243; global_colors_info=&#8221;{}&#8221;][et_pb_column type=&#8221;4_4&#8243; _builder_version=&#8221;4.16&#8243; global_colors_info=&#8221;{}&#8221;][et_pb_text _builder_version=&#8221;4.16&#8243; global_colors_info=&#8221;{}&#8221;]<\/p>\n<h1 class=\"p1\" style=\"text-align: center;\">PREGUNTAS MAS FRECUENTES<\/h1>\n<p>[\/et_pb_text][\/et_pb_column][\/et_pb_row][et_pb_row column_structure=&#8221;1_2,1_2&#8243; _builder_version=&#8221;4.16&#8243; global_colors_info=&#8221;{}&#8221;][et_pb_column type=&#8221;1_2&#8243; _builder_version=&#8221;4.16&#8243; global_colors_info=&#8221;{}&#8221;][et_pb_toggle title=&#8221;\u00bfPor qu\u00e9 usar un motor DC u operado a bater\u00edas para abrir una puerta?&#8221; open_toggle_text_color=&#8221;#6d6e71&#8243; open_toggle_background_color=&#8221;#f9f9f9&#8243; closed_toggle_background_color=&#8221;#f9f9f9&#8243; icon_color=&#8221;#6d6e71&#8243; open_icon_color=&#8221;#6d6e71&#8243; _builder_version=&#8221;4.16&#8243; title_text_color=&#8221;#6d6e71&#8243; global_colors_info=&#8221;{}&#8221;]<\/p>\n<p>Un motor DC tiene un excelente torque de arranque (muy superior a un motor AC). Este torque es ideal para reducir la fricci\u00f3n inicial al poner la puerta en movimiento y acelerarla a la velocidad requerida.<\/p>\n<p>La velocidad de un motor DC es f\u00e1cilmente controlable y en consecuencia la puerta puede acelerar suavemente a la velocidad requerida y desacelerar seg\u00fan se requiera (vea Motor D5).<\/p>\n<p>El motor DC es m\u00e1s eficiente en comparaci\u00f3n con los motores AC, virtualmente eliminando as\u00ed la desconexi\u00f3n debido al recalentamiento.<\/p>\n<p>Con una bater\u00eda la puerta puede operarse un n\u00famero limitado de veces en condiciones de falla el\u00e9ctrica total (el n\u00famero real de operaciones depende de la capacidad de la bater\u00eda).<\/p>\n<p>En \u00e1reas sin electricidad, puede usarse un panel solar para cargar la bater\u00eda.Com\u00fanmente en comunidades agr\u00edcolas o sitios con alta seguridad ubicados en \u00e1reas monta\u00f1osas, etc.<\/p>\n<p>[\/et_pb_toggle][et_pb_toggle title=&#8221;\u00bfQu\u00e9 es modo PIRAC?&#8221; open_toggle_text_color=&#8221;#6d6e71&#8243; open_toggle_background_color=&#8221;#f9f9f9&#8243; closed_toggle_background_color=&#8221;#f9f9f9&#8243; icon_color=&#8221;#6d6e71&#8243; open_icon_color=&#8221;#6d6e71&#8243; _builder_version=&#8221;4.16&#8243; title_text_color=&#8221;#6d6e71&#8243; global_colors_info=&#8221;{}&#8221;]<\/p>\n<p>Por sus siglas en ingl\u00e9s PIRAC (Passive Infra Red Auto Close) Cierre Autom\u00e1tico por Infrarrojo pasivo. Es un modo de operaci\u00f3n que hace que la puerta se cierre inmediatamente despu\u00e9s de que un objeto ha pasado a trav\u00e9s del haz infrarrojo. Cualquier activaci\u00f3n en la tarjeta de control har\u00e1 que una puerta cerrada o que est\u00e1 cerr\u00e1ndose, se abra.<\/p>\n<p>[\/et_pb_toggle][et_pb_toggle title=&#8221;\u00bfPuede usarse una bater\u00eda con m\u00e1s de 7 Ah en un sistema de apertura de puertas CENTURION operado a bater\u00eda?&#8221; open_toggle_text_color=&#8221;#6d6e71&#8243; open_toggle_background_color=&#8221;#f9f9f9&#8243; closed_toggle_background_color=&#8221;#f9f9f9&#8243; icon_color=&#8221;#6d6e71&#8243; open_icon_color=&#8221;#6d6e71&#8243; _builder_version=&#8221;4.16&#8243; title_text_color=&#8221;#6d6e71&#8243; global_colors_info=&#8221;{}&#8221;]<\/p>\n<p>S\u00ed. Mientras m\u00e1s grande sea la bater\u00eda, mayor ser\u00e1 la cantidad de veces que la puerta pueda funcionar si ocurre una falla de alimentaci\u00f3n el\u00e9ctrica. Para aplicaciones en altos vol\u00famenes podr\u00eda ser necesario cambiar el cargador de la bater\u00eda para asegurarse de que la energ\u00eda total que va a la bater\u00eda exceda la energ\u00eda total extra\u00edda de la misma a lo largo de un lapso de tiempo.<\/p>\n<p>[\/et_pb_toggle][et_pb_toggle title=&#8221;\u00bfQu\u00e9 es PCM?&#8221; open_toggle_text_color=&#8221;#6d6e71&#8243; open_toggle_background_color=&#8221;#f9f9f9&#8243; closed_toggle_background_color=&#8221;#f9f9f9&#8243; icon_color=&#8221;#6d6e71&#8243; open_icon_color=&#8221;#6d6e71&#8243; _builder_version=&#8221;4.16&#8243; title_text_color=&#8221;#6d6e71&#8243; global_colors_info=&#8221;{}&#8221;]<\/p>\n<p>PCM por sus siglas en ingles (Positive Close Mode) Modo de Cierre Positivo. Es un modo que puede seleccionarse para cerrar una puerta contra un terminal de parada. En este modo la puerta desacelerar\u00e1 normalmente, luego continuar\u00e1 desliz\u00e1ndose hasta que golpea un terminal de parada f\u00edsico. Si ese terminal no existe, la puerta continuar\u00e1 desliz\u00e1ndose por aproximadamente 350mm y luego se detendr\u00e1. Su uso principal es asegurarse que la puerta est\u00e9 siempre cerrada en una posici\u00f3n exacta, digamos, un interruptor de l\u00edmite magn\u00e9tico que haga contacto efectivamente.<\/p>\n<p><strong>ADVERTENCIA:<\/strong> Deben tomarse precauciones en este modo, debido a que la puerta no reversa su movimiento a partir del instante en que la misma comienza a desacelerar hasta que est\u00e1 completamente cerrada. En consecuencia, cualquier objeto en esta zona del recorrido de la puerta ser\u00e1 atrapado. Se recomienda muy especialmente colocar rayos infrarrojos si se selecciona este modo.<\/p>\n<p>[\/et_pb_toggle][\/et_pb_column][et_pb_column type=&#8221;1_2&#8243; _builder_version=&#8221;4.16&#8243; global_colors_info=&#8221;{}&#8221;][et_pb_toggle title=&#8221;\u00bfC\u00f3mo asegurar la abrazadera de montaje en las instalaciones con cremallera de acero?&#8221; open_toggle_text_color=&#8221;#6d6e71&#8243; open_toggle_background_color=&#8221;#f9f9f9&#8243; closed_toggle_background_color=&#8221;#f9f9f9&#8243; icon_color=&#8221;#6d6e71&#8243; open_icon_color=&#8221;#6d6e71&#8243; _builder_version=&#8221;4.16&#8243; title_text_color=&#8221;#6d6e71&#8243; global_colors_info=&#8221;{}&#8221;]<\/p>\n<p>Se aconseja usar cuatro puntos de soldadura separados al unir la abrazadera al pi\u00f1\u00f3n.<\/p>\n<p>[\/et_pb_toggle][et_pb_toggle title=&#8221;\u00bfQu\u00e9 es modo CONDOMINIO?&#8221; open_toggle_text_color=&#8221;#6d6e71&#8243; open_toggle_background_color=&#8221;#f9f9f9&#8243; closed_toggle_background_color=&#8221;#f9f9f9&#8243; icon_color=&#8221;#6d6e71&#8243; open_icon_color=&#8221;#6d6e71&#8243; _builder_version=&#8221;4.16&#8243; title_text_color=&#8221;#6d6e71&#8243; global_colors_info=&#8221;{}&#8221;]<\/p>\n<p>Este es un modo de operaci\u00f3n que se usa t\u00edpicamente en complejos de casas o comercios donde hay gran cantidad de personas, que controlan la operaci\u00f3n de la puerta al mismo tiempo. Al seleccionar el modo Condominio, todas las entradas de activaci\u00f3n tendr\u00e1n el efecto de abrir una puerta cerrada o que est\u00e1 cerr\u00e1ndose, pero ser\u00e1n ignoradas si esa puerta ya est\u00e1 abri\u00e9ndose. Esto implica que no es posible indicarle a un disparador que cierre una puerta que est\u00e1 abierta. El controlador instala autom\u00e1ticamente el \u201ccierre autom\u00e1tico\u201d y es esta funci\u00f3n la que hace que la puerta se cierre. El temporizador de cierre autom\u00e1tico puede configurarse desde 1 hasta 255 segundos. En este modo, no es posible hacer uso de la opci\u00f3n de anulaci\u00f3n del cierre autom\u00e1tico de los controladores CENTURION. Cualquier se\u00f1al de activaci\u00f3n dada durante el per\u00edodo dentro del cual la puerta est\u00e1 completamente abierta tiene el efecto de reiniciar el conteo del cierre autom\u00e1tico.<\/p>\n<p>[\/et_pb_toggle][et_pb_toggle title=&#8221;\u00bfCu\u00e1ntas veces puedo abrir mi puerta operada con un motor D4 Evo cuando falla la alimentaci\u00f3n el\u00e9ctrica?&#8221; open_toggle_text_color=&#8221;#6d6e71&#8243; open_toggle_background_color=&#8221;#f9f9f9&#8243; closed_toggle_background_color=&#8221;#f9f9f9&#8243; icon_color=&#8221;#6d6e71&#8243; open_icon_color=&#8221;#6d6e71&#8243; _builder_version=&#8221;4.16&#8243; title_text_color=&#8221;#6d6e71&#8243; global_colors_info=&#8221;{}&#8221;]<\/p>\n<p>Esto depende del peso de la puerta, la fricci\u00f3n del rodaje o fuerza aplicada; la longitud de la puerta y el tama\u00f1o de la bater\u00eda. Como una gu\u00eda elemental, una puerta t\u00edpica de aproximadamente 4,5 metros, sobre un riel tubular y con cojinetes de rueda de buena calidad, usando una bater\u00eda de 7 Ah, puede abrirse y cerrarse unas 15 veces aproximadamente.<\/p>\n<p>Cuando la puerta cierra, parece golpear una obstrucci\u00f3n e inmediatamente se reabre. Esto a veces pasa tres veces seguidas.<\/p>\n<p>Algo est\u00e1 restringiendo la puerta cuando se acerca a la posici\u00f3n de cierre, lo que activa el mecanismo sensor para reabrir la puerta, o el sensor est\u00e1 configurado a un nivel muy alto.<\/p>\n<p class=\"p1\">Coloque la puerta en modo manual y emp\u00fajela muy lentamente para cerrarla. La idea es detectar cualquier cambio en la resistencia al movimiento de la puerta cuando se acerca a la posici\u00f3n de cierre. Si nota que debe empujar con m\u00e1s fuerza al final, entonces algo est\u00e1 restringiendo la puerta. Trate de identificar qu\u00e9 es y resu\u00e9lvalo<\/p>\n<p>Constate que cuando la puerta se cierra, \u00e9sta se mueve suavemente hacia su abrazadera de cierre; aseg\u00farese de que a\u00fan si la puerta oscila levemente de lado a lado, \u00e9sta no golpee el sujetador. Una vez m\u00e1s, si \u00e9ste fuera el caso, trate de abrir el sujetador.<\/p>\n<p>Por \u00faltimo, reduzca la sensibilidad del motor. Visite nuestro sitio en Internet para mayor informaci\u00f3n.<\/p>\n<p>[\/et_pb_toggle][\/et_pb_column][\/et_pb_row][\/et_pb_section][et_pb_section fb_built=&#8221;1&#8243; _builder_version=&#8221;4.16&#8243; custom_padding=&#8221;2px|||||&#8221; global_colors_info=&#8221;{}&#8221;][et_pb_row _builder_version=&#8221;4.16&#8243; global_colors_info=&#8221;{}&#8221;][et_pb_column type=&#8221;4_4&#8243; _builder_version=&#8221;4.16&#8243; global_colors_info=&#8221;{}&#8221;][et_pb_image src=&#8221;https:\/\/www.centsys.com\/mx\/img\/SIDE%20BANNERS\/Soporte%20t%C3%A9cnico%20de%20CENTURION%20-%20Banner%20lateral.jpg&#8221; url=&#8221;https:\/\/www.centsys.com\/mx\/centro-de-llamadas\/&#8221; align=&#8221;center&#8221; _builder_version=&#8221;4.17.0&#8243; hover_enabled=&#8221;0&#8243; global_colors_info=&#8221;{}&#8221; transform_scale=&#8221;126%|126%&#8221; sticky_enabled=&#8221;0&#8243;][\/et_pb_image][et_pb_image src=&#8221;https:\/\/www.centsys.com\/mx\/img\/Preguntas%20Mas%20Frecuentes\/%C3%9Anete%20Centurion%20Systems%20en%20las%20redes%20sociales%20y%20mantente%20siempre%20informado%20.jpg&#8221; align=&#8221;center&#8221; _builder_version=&#8221;4.17.0&#8243; hover_enabled=&#8221;0&#8243; global_colors_info=&#8221;{}&#8221; transform_scale=&#8221;77%|77%&#8221; sticky_enabled=&#8221;0&#8243;][\/et_pb_image][\/et_pb_column][\/et_pb_row][\/et_pb_section]<\/p>\n","protected":false},"excerpt":{"rendered":"<p><span><span><a href=\"https:\/\/www.centsys.com\/mx\/\">INICIO<\/a><\/span><\/span>PREGUNTAS MAS FRECUENTESUn motor DC tiene un excelente torque de arranque (muy superior a un motor AC). Este torque es ideal para reducir la fricci\u00f3n inicial al poner la puerta en movimiento y acelerarla a la velocidad requerida. La velocidad de un motor DC es f\u00e1cilmente controlable y en consecuencia la puerta puede acelerar suavemente [&hellip;]<\/p>\n","protected":false},"author":1,"featured_media":0,"parent":0,"menu_order":0,"comment_status":"closed","ping_status":"closed","template":"","meta":{"_et_pb_use_builder":"on","_et_pb_old_content":"","_et_gb_content_width":"","_joinchat":[],"footnotes":""},"class_list":["post-125","page","type-page","status-publish","hentry"],"yoast_head":"<!-- This site is optimized with the Yoast SEO Premium plugin v26.6 (Yoast SEO v27.3) - https:\/\/yoast.com\/product\/yoast-seo-premium-wordpress\/ -->\r\n<title>Preguntas frecuentes sobre el producto CENTURION - Centurion Systems<\/title>\r\n<meta name=\"description\" content=\"Nuestro equipo de expertos en automatizaci\u00f3n de acceso responde a todas sus preguntas sobre motores CENTURION, ayud\u00e1ndole a aprovechar al m\u00e1ximo su soluci\u00f3n.\" \/>\r\n<meta name=\"robots\" content=\"index, follow, max-snippet:-1, max-image-preview:large, max-video-preview:-1\" \/>\r\n<link rel=\"canonical\" href=\"https:\/\/www.centsys.com\/mx\/preguntas-mas-frecuentes\/\" \/>\r\n<meta property=\"og:locale\" content=\"en_US\" \/>\r\n<meta property=\"og:type\" content=\"article\" \/>\r\n<meta property=\"og:title\" content=\"Preguntas m\u00e1s frecuentes\" \/>\r\n<meta property=\"og:description\" content=\"Nuestro equipo de expertos en automatizaci\u00f3n de acceso responde a todas sus preguntas sobre motores CENTURION, ayud\u00e1ndole a aprovechar al m\u00e1ximo su soluci\u00f3n.\" \/>\r\n<meta property=\"og:url\" content=\"https:\/\/www.centsys.com\/mx\/preguntas-mas-frecuentes\/\" \/>\r\n<meta property=\"og:site_name\" content=\"Centurion Systems Mexico\" \/>\r\n<meta property=\"article:modified_time\" content=\"2022-04-22T12:08:09+00:00\" \/>\r\n<meta name=\"twitter:card\" content=\"summary_large_image\" \/>\r\n<meta name=\"twitter:label1\" content=\"Est. reading time\" \/>\n\t<meta name=\"twitter:data1\" content=\"8 minutes\" \/>\r\n<script type=\"application\/ld+json\" class=\"yoast-schema-graph\">{\"@context\":\"https:\\\/\\\/schema.org\",\"@graph\":[{\"@type\":\"WebPage\",\"@id\":\"https:\\\/\\\/www.centsys.com\\\/mx\\\/preguntas-mas-frecuentes\\\/\",\"url\":\"https:\\\/\\\/www.centsys.com\\\/mx\\\/preguntas-mas-frecuentes\\\/\",\"name\":\"Preguntas frecuentes sobre el producto CENTURION - Centurion Systems\",\"isPartOf\":{\"@id\":\"https:\\\/\\\/www.centsys.com\\\/mx\\\/#website\"},\"datePublished\":\"2020-03-03T10:24:32+00:00\",\"dateModified\":\"2022-04-22T12:08:09+00:00\",\"description\":\"Nuestro equipo de expertos en automatizaci\u00f3n de acceso responde a todas sus preguntas sobre motores CENTURION, ayud\u00e1ndole a aprovechar al m\u00e1ximo su soluci\u00f3n.\",\"breadcrumb\":{\"@id\":\"https:\\\/\\\/www.centsys.com\\\/mx\\\/preguntas-mas-frecuentes\\\/#breadcrumb\"},\"inLanguage\":\"en-ZA\",\"potentialAction\":[{\"@type\":\"ReadAction\",\"target\":[\"https:\\\/\\\/www.centsys.com\\\/mx\\\/preguntas-mas-frecuentes\\\/\"]}]},{\"@type\":\"BreadcrumbList\",\"@id\":\"https:\\\/\\\/www.centsys.com\\\/mx\\\/preguntas-mas-frecuentes\\\/#breadcrumb\",\"itemListElement\":[{\"@type\":\"ListItem\",\"position\":1,\"name\":\"INICIO\",\"item\":\"https:\\\/\\\/www.centsys.com\\\/mx\\\/\"},{\"@type\":\"ListItem\",\"position\":2,\"name\":\"Preguntas m\u00e1s frecuentes\"}]},{\"@type\":\"WebSite\",\"@id\":\"https:\\\/\\\/www.centsys.com\\\/mx\\\/#website\",\"url\":\"https:\\\/\\\/www.centsys.com\\\/mx\\\/\",\"name\":\"Centurion Systems Mexico\",\"description\":\"Productos para Automatizaci\u00f3n de Acceso\",\"potentialAction\":[{\"@type\":\"SearchAction\",\"target\":{\"@type\":\"EntryPoint\",\"urlTemplate\":\"https:\\\/\\\/www.centsys.com\\\/mx\\\/?s={search_term_string}\"},\"query-input\":{\"@type\":\"PropertyValueSpecification\",\"valueRequired\":true,\"valueName\":\"search_term_string\"}}],\"inLanguage\":\"en-ZA\"}]}<\/script>\r\n<!-- \/ Yoast SEO Premium plugin. -->","yoast_head_json":{"title":"Preguntas frecuentes sobre el producto CENTURION - Centurion Systems","description":"Nuestro equipo de expertos en automatizaci\u00f3n de acceso responde a todas sus preguntas sobre motores CENTURION, ayud\u00e1ndole a aprovechar al m\u00e1ximo su soluci\u00f3n.","robots":{"index":"index","follow":"follow","max-snippet":"max-snippet:-1","max-image-preview":"max-image-preview:large","max-video-preview":"max-video-preview:-1"},"canonical":"https:\/\/www.centsys.com\/mx\/preguntas-mas-frecuentes\/","og_locale":"en_US","og_type":"article","og_title":"Preguntas m\u00e1s frecuentes","og_description":"Nuestro equipo de expertos en automatizaci\u00f3n de acceso responde a todas sus preguntas sobre motores CENTURION, ayud\u00e1ndole a aprovechar al m\u00e1ximo su soluci\u00f3n.","og_url":"https:\/\/www.centsys.com\/mx\/preguntas-mas-frecuentes\/","og_site_name":"Centurion Systems Mexico","article_modified_time":"2022-04-22T12:08:09+00:00","twitter_card":"summary_large_image","twitter_misc":{"Est. reading time":"8 minutes"},"schema":{"@context":"https:\/\/schema.org","@graph":[{"@type":"WebPage","@id":"https:\/\/www.centsys.com\/mx\/preguntas-mas-frecuentes\/","url":"https:\/\/www.centsys.com\/mx\/preguntas-mas-frecuentes\/","name":"Preguntas frecuentes sobre el producto CENTURION - Centurion Systems","isPartOf":{"@id":"https:\/\/www.centsys.com\/mx\/#website"},"datePublished":"2020-03-03T10:24:32+00:00","dateModified":"2022-04-22T12:08:09+00:00","description":"Nuestro equipo de expertos en automatizaci\u00f3n de acceso responde a todas sus preguntas sobre motores CENTURION, ayud\u00e1ndole a aprovechar al m\u00e1ximo su soluci\u00f3n.","breadcrumb":{"@id":"https:\/\/www.centsys.com\/mx\/preguntas-mas-frecuentes\/#breadcrumb"},"inLanguage":"en-ZA","potentialAction":[{"@type":"ReadAction","target":["https:\/\/www.centsys.com\/mx\/preguntas-mas-frecuentes\/"]}]},{"@type":"BreadcrumbList","@id":"https:\/\/www.centsys.com\/mx\/preguntas-mas-frecuentes\/#breadcrumb","itemListElement":[{"@type":"ListItem","position":1,"name":"INICIO","item":"https:\/\/www.centsys.com\/mx\/"},{"@type":"ListItem","position":2,"name":"Preguntas m\u00e1s frecuentes"}]},{"@type":"WebSite","@id":"https:\/\/www.centsys.com\/mx\/#website","url":"https:\/\/www.centsys.com\/mx\/","name":"Centurion Systems Mexico","description":"Productos para Automatizaci\u00f3n de Acceso","potentialAction":[{"@type":"SearchAction","target":{"@type":"EntryPoint","urlTemplate":"https:\/\/www.centsys.com\/mx\/?s={search_term_string}"},"query-input":{"@type":"PropertyValueSpecification","valueRequired":true,"valueName":"search_term_string"}}],"inLanguage":"en-ZA"}]}},"_links":{"self":[{"href":"https:\/\/www.centsys.com\/mx\/wp-json\/wp\/v2\/pages\/125","targetHints":{"allow":["GET"]}}],"collection":[{"href":"https:\/\/www.centsys.com\/mx\/wp-json\/wp\/v2\/pages"}],"about":[{"href":"https:\/\/www.centsys.com\/mx\/wp-json\/wp\/v2\/types\/page"}],"author":[{"embeddable":true,"href":"https:\/\/www.centsys.com\/mx\/wp-json\/wp\/v2\/users\/1"}],"replies":[{"embeddable":true,"href":"https:\/\/www.centsys.com\/mx\/wp-json\/wp\/v2\/comments?post=125"}],"version-history":[{"count":0,"href":"https:\/\/www.centsys.com\/mx\/wp-json\/wp\/v2\/pages\/125\/revisions"}],"wp:attachment":[{"href":"https:\/\/www.centsys.com\/mx\/wp-json\/wp\/v2\/media?parent=125"}],"curies":[{"name":"wp","href":"https:\/\/api.w.org\/{rel}","templated":true}]}}