{"id":1372,"date":"2020-03-09T13:31:57","date_gmt":"2020-03-09T13:31:57","guid":{"rendered":"http:\/\/centsys.co.za\/lat\/?page_id=1372"},"modified":"2022-10-25T22:38:27","modified_gmt":"2022-10-25T20:38:27","slug":"d5-evo-motor-para-puertas-corredizas-domesticas","status":"publish","type":"page","link":"https:\/\/www.centsys.com\/mx\/d5-evo-motor-para-puertas-corredizas-domesticas\/","title":{"rendered":"D5-Evo"},"content":{"rendered":"<p>[et_pb_section fb_built=&#8221;1&#8243; fullwidth=&#8221;on&#8221; _builder_version=&#8221;4.16&#8243; background_enable_image=&#8221;off&#8221; locked=&#8221;off&#8221; global_colors_info=&#8221;{}&#8221;][et_pb_fullwidth_header title=&#8221;\u00a1PROBADO, APROBADO, PERFECCIONADO!&#8221; _builder_version=&#8221;4.16&#8243; title_font=&#8221;Verdana|700||on|||||&#8221; title_text_align=&#8221;right&#8221; title_text_color=&#8221;#81c341&#8243; title_font_size=&#8221;46px&#8221; content_font=&#8221;Verdana||||||||&#8221; content_text_align=&#8221;right&#8221; content_text_color=&#8221;#6d6e71&#8243; content_font_size=&#8221;18px&#8221; background_enable_color=&#8221;off&#8221; background_image=&#8221;https:\/\/www.centsys.com\/mx\/wp-content\/uploads\/2020\/03\/D5-Evo-1024&#215;256-1-1.jpg&#8221; background_layout=&#8221;light&#8221; width=&#8221;100{b9f1a820be3d81834e54a7fd91d7ea557d10675802c96376b4de0df52dd4704d}&#8221; max_width=&#8221;100{b9f1a820be3d81834e54a7fd91d7ea557d10675802c96376b4de0df52dd4704d}&#8221; custom_margin=&#8221;||||false|false&#8221; custom_padding=&#8221;11%||11%|20%|true|false&#8221; custom_padding_tablet=&#8221;|||10%|true|false&#8221; custom_padding_phone=&#8221;|||0%|true|false&#8221; custom_padding_last_edited=&#8221;on|phone&#8221; title_font_size_tablet=&#8221;&#8221; title_font_size_phone=&#8221;31px&#8221; title_font_size_last_edited=&#8221;on|phone&#8221; content_font_size_tablet=&#8221;&#8221; content_font_size_phone=&#8221;14px&#8221; content_font_size_last_edited=&#8221;on|phone&#8221; background_last_edited=&#8221;on|phone&#8221; background_position_phone=&#8221;center_right&#8221; global_colors_info=&#8221;{}&#8221;]<\/p>\n<p>D5-EVO, motor de puerta corrediza dom\u00e9stica y mediana industria<\/p>\n<p>[\/et_pb_fullwidth_header][\/et_pb_section][et_pb_section fb_built=&#8221;1&#8243; fullwidth=&#8221;on&#8221; _builder_version=&#8221;4.9.2&#8243; global_module=&#8221;4804&#8243; global_colors_info=&#8221;{}&#8221;][et_pb_fullwidth_code admin_label=&#8221;SEO BREADCRUMBS&#8221; _builder_version=&#8221;4.16&#8243; _module_preset=&#8221;default&#8221; background_color=&#8221;#e5e5e5&#8243; custom_padding=&#8221;|||15%|false|false&#8221; global_colors_info=&#8221;{}&#8221;]<span><span><a href=\"https:\/\/www.centsys.com\/mx\/\">INICIO<\/a><\/span><\/span>[\/et_pb_fullwidth_code][\/et_pb_section][et_pb_section fb_built=&#8221;1&#8243; _builder_version=&#8221;4.16&#8243; global_colors_info=&#8221;{}&#8221;][et_pb_row _builder_version=&#8221;4.16&#8243; global_colors_info=&#8221;{}&#8221;][et_pb_column type=&#8221;4_4&#8243; _builder_version=&#8221;4.16&#8243; global_colors_info=&#8221;{}&#8221;][et_pb_text _builder_version=&#8221;4.16&#8243; global_colors_info=&#8221;{}&#8221;]<\/p>\n<h1 class=\"p1\" style=\"text-align: center;\">D5-EVO \u2013 MOTOR PARA PUERTAS CORREDIZAS DOM\u00c9STICAS Y PARA LA MEDIANA INDUSTRIA<\/h1>\n<p style=\"text-align: center;\">El motor <strong>D5-Evo<\/strong> para la industria es la evoluci\u00f3n del motor D5 de 500 kg para aplicaciones dom\u00e9sticas e industria ligera. La fuerza de avance potente, junto con control de velocidad inteligente y la apertura y cierre suaves, hacen que el <strong>D5-Evo<\/strong> sea la preferencia en automatizaci\u00f3n para grandes residencias privadas y complejos de casas unifamiliares.<\/p>\n<p style=\"text-align: center;\">El modelo <strong>CENTURION D5-Evo<\/strong> es el mejor en la gama de motores para puertas ligeras \u00a1simplemente no tiene competencia que lo iguale!<\/p>\n<p>[\/et_pb_text][\/et_pb_column][\/et_pb_row][et_pb_row _builder_version=&#8221;4.16&#8243; custom_padding=&#8221;||0px|||&#8221; global_colors_info=&#8221;{}&#8221;][et_pb_column type=&#8221;4_4&#8243; _builder_version=&#8221;4.16&#8243; global_colors_info=&#8221;{}&#8221;][et_pb_image src=&#8221;https:\/\/www.centsys.com\/mx\/img\/D5-Evo\/Motor%20para%20puerta%20corrediza%20CENTURION%20D5-Evo.jpg&#8221; align=&#8221;center&#8221; _builder_version=&#8221;4.16&#8243; global_colors_info=&#8221;{}&#8221;][\/et_pb_image][\/et_pb_column][\/et_pb_row][et_pb_row column_structure=&#8221;2_3,1_3&#8243; _builder_version=&#8221;4.16&#8243; locked=&#8221;off&#8221; global_colors_info=&#8221;{}&#8221;][et_pb_column type=&#8221;2_3&#8243; _builder_version=&#8221;4.16&#8243; global_colors_info=&#8221;{}&#8221;][et_pb_text _builder_version=&#8221;4.17.0&#8243; global_colors_info=&#8221;{}&#8221;]<\/p>\n<h5>CARACTER\u00cdSTICAS PRINCIPALES:<\/h5>\n<ul>\n<li><strong>Respaldo a bater\u00eda:<br \/><\/strong>Somos pioneros en protecci\u00f3n contra fallas de alimentaci\u00f3n en motores para puertas. Nuestro modelo<strong> D5-Evo<\/strong> para puertas corredizas, continuar\u00e1 trabajando a\u00fan cuando las luces se apaguen.<\/li>\n<\/ul>\n<ul>\n<li><strong>Velocidad siempre presente:<br \/><\/strong>El modelo original D5 rompi\u00f3 r\u00e9cord al convertirse en un equipo r\u00e1pido para la apertura de puertas a gran velocidad cuando usted llega a su entrada. El motor <strong>D5-Evo<\/strong> es ahora m\u00e1s r\u00e1pido, abriendo una puerta con una longitud promedio de 4 metros en menos de 12 segundos, a\u00f1adiendo mayor seguridad y beneficio.<\/li>\n<\/ul>\n<ul>\n<li><strong>\u00c1brala como guste:<br \/><\/strong>Apertura r\u00e1pida y un cierre m\u00e1s lento s\u00f3lo en caso que un ser amado est\u00e9 en la entrada; seguridad incorporada en el control de este motor <strong>D5-Evo<\/strong>. Usted puede variar la aceleraci\u00f3n y desaceleraci\u00f3n de su puerta y moverla con total suavidad por muchos a\u00f1os.<\/li>\n<\/ul>\n<ul>\n<li><strong>Gran fuerza de empuje:<br \/><\/strong>Ensamblado en un paquete compacto pero con una potente fuerza de empuje, esta unidad mover\u00e1 seguramente cualquier puerta con un peso de hasta 500kg por muchos a\u00f1os.<\/li>\n<\/ul>\n<ul>\n<li><strong>Siempre alerta en todo momento:<br \/><\/strong>Al incorporar el sistema de control de posici\u00f3n DOSS la puerta se mueve con precisi\u00f3n al abrir, cerrar y detenerse justo en el sitio exacto una y otra vez. Alerta a cualquier obstrucci\u00f3n que pudiera cruzarse, asegurando una protecci\u00f3n segura y confiable contra aplastamientos.<\/li>\n<\/ul>\n<ul>\n<li><strong>Atractivo dise\u00f1o:<br \/><\/strong>Es bueno saber que el siempre confiable guardi\u00e1n de su puerta tiene un atractivo dise\u00f1o.<\/li>\n<\/ul>\n<ul>\n<li><strong>Tecnolog\u00eda Plug and Play:<br \/><\/strong>El controlador con pantalla LCD convierte la configuraci\u00f3n de su puerta en lo m\u00e1s f\u00e1cil. Es literalmente conectar y listo. El controlador del <strong>D5-Evo<\/strong> hace todo el trabajo por usted.<\/li>\n<\/ul>\n<ul>\n<li><strong>Viene con todo:<\/strong><br \/>Opciones realmente \u00fatiles, desde modos m\u00faltiples de operaci\u00f3n, par\u00e1metros de la puerta, control de la luz de la columna con encendido previo, funciones de alarma, modo de cierre positivo y reloj en tiempo real para permitir las funciones temporizadas; hasta el muy \u00fatil retorno de diagn\u00f3stico.<\/li>\n<\/ul>\n<ul>\n<li><strong>Suyo para siempre:<\/strong><br \/>Sabemos que este modelo compacto le servir\u00e1 a\u00f1o tras a\u00f1o. Incluye una garant\u00eda de 24 meses, \u00fanica en la industria, para darle a usted tranquilidad mental.<\/li>\n<\/ul>\n<ul>\n<li class=\"p1\"><strong>Opciones de alarma (primicia mundial): [1] <\/strong><br \/>Los ladrones har\u00e1n lo posible para introducirse en su hogar. Afortunadamente, el motor <strong>D5-Evo<\/strong> tiene una alarma de emboscada que alertar\u00e1 a su compa\u00f1\u00eda de seguridad en caso de que la apertura y cierre de su puerta sean interrumpidas por un lapso de tiempo predeterminado y ajustable. Tambi\u00e9n, una alarma de intrusi\u00f3n se activar\u00e1 si se interrumpe el cierre en el exterior de su casa.<\/li>\n<\/ul>\n<ul>\n<li class=\"p1\"><strong>Sistema inal\u00e1mbrico: [2]<\/strong><br \/>Adem\u00e1s de su tecnolog\u00eda de salto de c\u00f3digo que ofrece el m\u00e1s alto nivel de seguridad en control remoto, el receptor incorporado multicanal y multiusuario de CENTURION permite que un control remoto de m\u00faltiples botones funcione con cualquier combinaci\u00f3n de variaciones del sistema, tales como activaci\u00f3n de puerta, apertura para transe\u00fantes, cierre por feriado, etc. Puede almacenar hasta 500 combinaciones de d\u00edgitos y entre otras caracter\u00edsticas de acceso, incluye la opci\u00f3n de a\u00f1adir y eliminar selectivamente las combinaciones almacenadas en su memoria.<\/li>\n<li class=\"p1\"><strong>Tecnolog\u00eda de temporizaci\u00f3n ChronoGuard (primicia mundial):<\/strong><br \/>La unidad <strong>D5-Evo<\/strong> es tan avanzada que ya no necesita supervisi\u00f3n humana. Con la incorporaci\u00f3n de la tecnolog\u00eda de temporizaci\u00f3n ChronoGuard, muchas de las opciones del motor<strong> D5-Evo<\/strong> pueden configurarse para operar autom\u00e1ticamente o funcionar por el tiempo que usted indique. Tiempo Real y Calendario incorporados le permiten a usted configurar diferentes exclusiones, las cuales pueden aplicarse a d\u00edas feriados, horarios especiales, etc.<br \/>[1] Requiere la instalaci\u00f3n de haces de seguridad en la puerta.<br \/>[2] Salto de c\u00f3digo CENTURION.<\/li>\n<\/ul>\n<p>[\/et_pb_text][\/et_pb_column][et_pb_column type=&#8221;1_3&#8243; _builder_version=&#8221;4.16&#8243; global_colors_info=&#8221;{}&#8221;][et_pb_image src=&#8221;https:\/\/www.centsys.com\/mx\/img\/D5-Evo\/Logo &#8211; Motor para puerta corrediza CENTURION D5-Evo.png&#8221; align=&#8221;center&#8221; _builder_version=&#8221;4.17.0&#8243; transform_scale=&#8221;96%|96%&#8221; transform_translate=&#8221;0px|-41px&#8221; width=&#8221;100%&#8221; custom_padding=&#8221;||||false|false&#8221; global_colors_info=&#8221;{}&#8221;][\/et_pb_image][et_pb_code _builder_version=&#8221;4.17.0&#8243; _module_preset=&#8221;default&#8221; custom_margin=&#8221;-54px|||||&#8221; global_colors_info=&#8221;{}&#8221;]<\/p>\n<table border=\"0\" width=\"330\"><!-- [et_pb_line_break_holder] --><!-- [et_pb_line_break_holder] --><\/p>\n<tbody><!-- [et_pb_line_break_holder] --><!-- [et_pb_line_break_holder] --><\/p>\n<tr><!-- [et_pb_line_break_holder] --><!-- [et_pb_line_break_holder] --><\/p>\n<td><img decoding=\"async\" src=\"https:\/\/www.centsys.com\/mx\/img\/D5-EVO\/Centurion-D5-Evo-Brochures-pdf (Mexico).jpg\" \/><\/td>\n<p><!-- [et_pb_line_break_holder] --><!-- [et_pb_line_break_holder] --><!-- [et_pb_line_break_holder] --><\/p>\n<td><a href=\"https:\/\/www.centsys.com\/mx\/pdf\/CENTURION%20D5-Evo%20Brochure%20SP.pdf\">Folleto: D5-Evo (1.89MB)<\/a><\/td>\n<p><!-- [et_pb_line_break_holder] --><!-- [et_pb_line_break_holder] --><\/tr>\n<p><!-- [et_pb_line_break_holder] --><!-- [et_pb_line_break_holder] --><!-- [et_pb_line_break_holder] --><!-- [et_pb_line_break_holder] --><\/p>\n<tr><!-- [et_pb_line_break_holder] --><!-- [et_pb_line_break_holder] --><\/p>\n<td><img decoding=\"async\" src=\"https:\/\/www.centsys.com\/mx\/img\/D5-EVO\/Centurion-D5-Evo-Brochures-pdf (Mexico).jpg\" \/><\/td>\n<p><!-- [et_pb_line_break_holder] --><!-- [et_pb_line_break_holder] --><!-- [et_pb_line_break_holder] --><\/p>\n<td><a href=\"https:\/\/www.centsys.com\/mx\/pdf\/CENTURION%20D5-Evo%20Installation%20Manual%20SP.pdf\">Manual de instalaci\u00f3n: D5-Evo (10MB)<\/a><\/td>\n<p><!-- [et_pb_line_break_holder] --><!-- [et_pb_line_break_holder] --><\/tr>\n<p><!-- [et_pb_line_break_holder] --><!-- [et_pb_line_break_holder] --><\/tbody>\n<p><!-- [et_pb_line_break_holder] --><!-- [et_pb_line_break_holder] --><\/table>\n<p><!-- [et_pb_line_break_holder] -->[\/et_pb_code][et_pb_image src=&#8221;https:\/\/www.centsys.com\/mx\/img\/CTA BUTTON\/CENTURION &#8211; COMPRA AHORA.png&#8221; url=&#8221;https:\/\/articulo.mercadolibre.com.mx\/MLM-1373610065-motor-para-porton-electrico-corredizo-centurion-d5-evo-_JM&#8221; url_new_window=&#8221;on&#8221; admin_label=&#8221;Buy Now&#8221; _builder_version=&#8221;4.17.3&#8243; _module_preset=&#8221;default&#8221; custom_padding=&#8221;1px|||||&#8221; global_colors_info=&#8221;{}&#8221;][\/et_pb_image][\/et_pb_column][\/et_pb_row][et_pb_row _builder_version=&#8221;4.16&#8243; global_colors_info=&#8221;{}&#8221;][et_pb_column type=&#8221;4_4&#8243; _builder_version=&#8221;4.16&#8243; global_colors_info=&#8221;{}&#8221;][et_pb_text _builder_version=&#8221;4.16&#8243; global_colors_info=&#8221;{}&#8221;]<\/p>\n<h5>ESPECIFICACIONES T\u00c9CNICAS DE LA MOTOR D5-EVO:<\/h5>\n<div id=\"footable_parent_3472\"\n         class=\" footable_parent ninja_table_wrapper loading_ninja_table wp_table_data_press_parent semantic_ui \">\n                <table data-ninja_table_instance=\"ninja_table_instance_0\" data-footable_id=\"3472\" data-filter-delay=\"1000\" aria-label=\"D5-EVO\"            id=\"footable_3472\"\n           data-unique_identifier=\"ninja_table_unique_id_1562393349_3472\"\n           class=\" foo-table ninja_footable foo_table_3472 ninja_table_unique_id_1562393349_3472 ui table  nt_type_ajax_table selectable striped vertical_centered  footable-paging-right\">\n                <colgroup>\n                            <col class=\"ninja_column_0 \">\n                            <col class=\"ninja_column_1 \">\n                    <\/colgroup>\n            <\/table>\n    \n    \n    \n<\/div>\n\n<p>[1] Puede operar con un suministro de energ\u00eda solar, consulte Centurion Systems para obtener ayuda.<br \/>[2] Transformador enchufable.<br \/>[3] Puede aumentar la capacidad de la bater\u00eda para tiempos de espera m\u00e1s largos.<br \/>[4] Basado en una puerta 4m sin accesorios externos como rayos infrarrojos de seguridad.<br \/>[5] La velocidad del funcionamiento de la puerta se puede configurar para funcionar a una velocidad m\u00e1s lenta, 16 m\/min, seg\u00fan los requisitos de las<br \/>instalaciones individuales.<\/p>\n<p>[\/et_pb_text][\/et_pb_column][\/et_pb_row][et_pb_row column_structure=&#8221;1_3,1_3,1_3&#8243; _builder_version=&#8221;4.16&#8243; global_colors_info=&#8221;{}&#8221;][et_pb_column type=&#8221;1_3&#8243; _builder_version=&#8221;4.16&#8243; global_colors_info=&#8221;{}&#8221;][et_pb_image src=&#8221;https:\/\/www.centsys.com\/mx\/img\/D5-Evo\/Motor%20para%20puerta%20corredera%20CENTURION%20D5-EVO.jpg&#8221; show_in_lightbox=&#8221;on&#8221; align=&#8221;center&#8221; _builder_version=&#8221;4.16&#8243; global_colors_info=&#8221;{}&#8221;][\/et_pb_image][\/et_pb_column][et_pb_column type=&#8221;1_3&#8243; _builder_version=&#8221;4.16&#8243; global_colors_info=&#8221;{}&#8221;][et_pb_image src=&#8221;https:\/\/www.centsys.com\/mx\/img\/D5-Evo\/CENTURION D5-Evo jaula de acero y candado resistentes contra robo.jpg&#8221; show_in_lightbox=&#8221;on&#8221; align=&#8221;center&#8221; _builder_version=&#8221;4.16&#8243; global_colors_info=&#8221;{}&#8221;][\/et_pb_image][\/et_pb_column][et_pb_column type=&#8221;1_3&#8243; _builder_version=&#8221;4.16&#8243; global_colors_info=&#8221;{}&#8221;][et_pb_image src=&#8221;https:\/\/www.centsys.com\/mx\/img\/D5-Evo\/Controlador%20de%20motor%20de%20puerta%20corredera%20CENTURION%20D5-Evo.jpg&#8221; show_in_lightbox=&#8221;on&#8221; align=&#8221;center&#8221; _builder_version=&#8221;4.16&#8243; global_colors_info=&#8221;{}&#8221;][\/et_pb_image][\/et_pb_column][\/et_pb_row][et_pb_row _builder_version=&#8221;4.16&#8243; _module_preset=&#8221;default&#8221; global_colors_info=&#8221;{}&#8221;][et_pb_column type=&#8221;4_4&#8243; _builder_version=&#8221;4.16&#8243; _module_preset=&#8221;default&#8221; global_colors_info=&#8221;{}&#8221;][et_pb_image src=&#8221;https:\/\/www.centsys.com\/mx\/img\/admin\/Suscr%C3%ADbase%20a%20nuestro%20bolet%C3%ADn%20informativo%20CENTURION.jpg&#8221; url=&#8221;https:\/\/www.centsys.com\/mx\/suscribase-a-nuestro-boletin-informativo\/&#8221; _builder_version=&#8221;4.17.0&#8243; _module_preset=&#8221;default&#8221; global_module=&#8221;5478&#8243; global_colors_info=&#8221;{}&#8221;][\/et_pb_image][et_pb_image src=&#8221;https:\/\/www.centsys.com\/mx\/img\/SMART\/SMART_WebStrip_img.jpg&#8221; _builder_version=&#8221;4.18.0&#8243; _module_preset=&#8221;default&#8221; hover_enabled=&#8221;0&#8243; global_colors_info=&#8221;{}&#8221; url=&#8221;www.centsys.com\/mx\/smart&#8221; sticky_enabled=&#8221;0&#8243;][\/et_pb_image][\/et_pb_column][\/et_pb_row][\/et_pb_section]<\/p>\n","protected":false},"excerpt":{"rendered":"<p>D5-EVO, motor de puerta corrediza dom\u00e9stica y mediana industria<span><span><a href=\"https:\/\/www.centsys.com\/mx\/\">INICIO<\/a><\/span><\/span>D5-EVO \u2013 MOTOR PARA PUERTAS CORREDIZAS DOM\u00c9STICAS Y PARA LA MEDIANA INDUSTRIA El motor D5-Evo para la industria es la evoluci\u00f3n del motor D5 de 500 kg para aplicaciones dom\u00e9sticas e industria ligera. La fuerza de avance potente, junto con control de velocidad inteligente y la apertura [&hellip;]<\/p>\n","protected":false},"author":1,"featured_media":0,"parent":0,"menu_order":0,"comment_status":"closed","ping_status":"closed","template":"","meta":{"_et_pb_use_builder":"on","_et_pb_old_content":"","_et_gb_content_width":"","_joinchat":[],"footnotes":""},"class_list":["post-1372","page","type-page","status-publish","hentry"],"yoast_head":"<!-- This site is optimized with the Yoast SEO Premium plugin v26.6 (Yoast SEO v27.4) - https:\/\/yoast.com\/product\/yoast-seo-premium-wordpress\/ -->\r\n<title>D5-Evo - Motor para puertas corredizas dom\u00e9sticas - Centurion Systems<\/title>\r\n<meta name=\"description\" content=\"Motor para puerta corrediza de hasta 500kg Centurion D5-Evo para accesos dom\u00e9sticos o de industria ligera.\" \/>\r\n<meta name=\"robots\" content=\"index, follow, max-snippet:-1, max-image-preview:large, max-video-preview:-1\" \/>\r\n<link rel=\"canonical\" href=\"https:\/\/www.centsys.com\/mx\/d5-evo-motor-para-puertas-corredizas-domesticas\/\" \/>\r\n<meta property=\"og:locale\" content=\"en_US\" \/>\r\n<meta property=\"og:type\" content=\"article\" \/>\r\n<meta property=\"og:title\" content=\"D5-Evo\" \/>\r\n<meta property=\"og:description\" content=\"Motor para puerta corrediza de hasta 500kg Centurion D5-Evo para accesos dom\u00e9sticos o de industria ligera.\" \/>\r\n<meta property=\"og:url\" content=\"https:\/\/www.centsys.com\/mx\/d5-evo-motor-para-puertas-corredizas-domesticas\/\" \/>\r\n<meta property=\"og:site_name\" content=\"Centurion Systems Mexico\" \/>\r\n<meta property=\"article:modified_time\" content=\"2022-10-25T20:38:27+00:00\" \/>\r\n<meta name=\"twitter:card\" content=\"summary_large_image\" \/>\r\n<meta name=\"twitter:label1\" content=\"Est. reading time\" \/>\n\t<meta name=\"twitter:data1\" content=\"8 minutes\" \/>\r\n<script type=\"application\/ld+json\" class=\"yoast-schema-graph\">{\"@context\":\"https:\\\/\\\/schema.org\",\"@graph\":[{\"@type\":\"WebPage\",\"@id\":\"https:\\\/\\\/www.centsys.com\\\/mx\\\/d5-evo-motor-para-puertas-corredizas-domesticas\\\/\",\"url\":\"https:\\\/\\\/www.centsys.com\\\/mx\\\/d5-evo-motor-para-puertas-corredizas-domesticas\\\/\",\"name\":\"D5-Evo - Motor para puertas corredizas dom\u00e9sticas - Centurion Systems\",\"isPartOf\":{\"@id\":\"https:\\\/\\\/www.centsys.com\\\/mx\\\/#website\"},\"datePublished\":\"2020-03-09T13:31:57+00:00\",\"dateModified\":\"2022-10-25T20:38:27+00:00\",\"description\":\"Motor para puerta corrediza de hasta 500kg Centurion D5-Evo para accesos dom\u00e9sticos o de industria ligera.\",\"breadcrumb\":{\"@id\":\"https:\\\/\\\/www.centsys.com\\\/mx\\\/d5-evo-motor-para-puertas-corredizas-domesticas\\\/#breadcrumb\"},\"inLanguage\":\"en-ZA\",\"potentialAction\":[{\"@type\":\"ReadAction\",\"target\":[\"https:\\\/\\\/www.centsys.com\\\/mx\\\/d5-evo-motor-para-puertas-corredizas-domesticas\\\/\"]}]},{\"@type\":\"BreadcrumbList\",\"@id\":\"https:\\\/\\\/www.centsys.com\\\/mx\\\/d5-evo-motor-para-puertas-corredizas-domesticas\\\/#breadcrumb\",\"itemListElement\":[{\"@type\":\"ListItem\",\"position\":1,\"name\":\"INICIO\",\"item\":\"https:\\\/\\\/www.centsys.com\\\/mx\\\/\"},{\"@type\":\"ListItem\",\"position\":2,\"name\":\"D5-Evo\"}]},{\"@type\":\"WebSite\",\"@id\":\"https:\\\/\\\/www.centsys.com\\\/mx\\\/#website\",\"url\":\"https:\\\/\\\/www.centsys.com\\\/mx\\\/\",\"name\":\"Centurion Systems Mexico\",\"description\":\"Productos para Automatizaci\u00f3n de Acceso\",\"potentialAction\":[{\"@type\":\"SearchAction\",\"target\":{\"@type\":\"EntryPoint\",\"urlTemplate\":\"https:\\\/\\\/www.centsys.com\\\/mx\\\/?s={search_term_string}\"},\"query-input\":{\"@type\":\"PropertyValueSpecification\",\"valueRequired\":true,\"valueName\":\"search_term_string\"}}],\"inLanguage\":\"en-ZA\"}]}<\/script>\r\n<!-- \/ Yoast SEO Premium plugin. -->","yoast_head_json":{"title":"D5-Evo - Motor para puertas corredizas dom\u00e9sticas - Centurion Systems","description":"Motor para puerta corrediza de hasta 500kg Centurion D5-Evo para accesos dom\u00e9sticos o de industria ligera.","robots":{"index":"index","follow":"follow","max-snippet":"max-snippet:-1","max-image-preview":"max-image-preview:large","max-video-preview":"max-video-preview:-1"},"canonical":"https:\/\/www.centsys.com\/mx\/d5-evo-motor-para-puertas-corredizas-domesticas\/","og_locale":"en_US","og_type":"article","og_title":"D5-Evo","og_description":"Motor para puerta corrediza de hasta 500kg Centurion D5-Evo para accesos dom\u00e9sticos o de industria ligera.","og_url":"https:\/\/www.centsys.com\/mx\/d5-evo-motor-para-puertas-corredizas-domesticas\/","og_site_name":"Centurion Systems Mexico","article_modified_time":"2022-10-25T20:38:27+00:00","twitter_card":"summary_large_image","twitter_misc":{"Est. reading time":"8 minutes"},"schema":{"@context":"https:\/\/schema.org","@graph":[{"@type":"WebPage","@id":"https:\/\/www.centsys.com\/mx\/d5-evo-motor-para-puertas-corredizas-domesticas\/","url":"https:\/\/www.centsys.com\/mx\/d5-evo-motor-para-puertas-corredizas-domesticas\/","name":"D5-Evo - Motor para puertas corredizas dom\u00e9sticas - Centurion Systems","isPartOf":{"@id":"https:\/\/www.centsys.com\/mx\/#website"},"datePublished":"2020-03-09T13:31:57+00:00","dateModified":"2022-10-25T20:38:27+00:00","description":"Motor para puerta corrediza de hasta 500kg Centurion D5-Evo para accesos dom\u00e9sticos o de industria ligera.","breadcrumb":{"@id":"https:\/\/www.centsys.com\/mx\/d5-evo-motor-para-puertas-corredizas-domesticas\/#breadcrumb"},"inLanguage":"en-ZA","potentialAction":[{"@type":"ReadAction","target":["https:\/\/www.centsys.com\/mx\/d5-evo-motor-para-puertas-corredizas-domesticas\/"]}]},{"@type":"BreadcrumbList","@id":"https:\/\/www.centsys.com\/mx\/d5-evo-motor-para-puertas-corredizas-domesticas\/#breadcrumb","itemListElement":[{"@type":"ListItem","position":1,"name":"INICIO","item":"https:\/\/www.centsys.com\/mx\/"},{"@type":"ListItem","position":2,"name":"D5-Evo"}]},{"@type":"WebSite","@id":"https:\/\/www.centsys.com\/mx\/#website","url":"https:\/\/www.centsys.com\/mx\/","name":"Centurion Systems Mexico","description":"Productos para Automatizaci\u00f3n de Acceso","potentialAction":[{"@type":"SearchAction","target":{"@type":"EntryPoint","urlTemplate":"https:\/\/www.centsys.com\/mx\/?s={search_term_string}"},"query-input":{"@type":"PropertyValueSpecification","valueRequired":true,"valueName":"search_term_string"}}],"inLanguage":"en-ZA"}]}},"_links":{"self":[{"href":"https:\/\/www.centsys.com\/mx\/wp-json\/wp\/v2\/pages\/1372","targetHints":{"allow":["GET"]}}],"collection":[{"href":"https:\/\/www.centsys.com\/mx\/wp-json\/wp\/v2\/pages"}],"about":[{"href":"https:\/\/www.centsys.com\/mx\/wp-json\/wp\/v2\/types\/page"}],"author":[{"embeddable":true,"href":"https:\/\/www.centsys.com\/mx\/wp-json\/wp\/v2\/users\/1"}],"replies":[{"embeddable":true,"href":"https:\/\/www.centsys.com\/mx\/wp-json\/wp\/v2\/comments?post=1372"}],"version-history":[{"count":0,"href":"https:\/\/www.centsys.com\/mx\/wp-json\/wp\/v2\/pages\/1372\/revisions"}],"wp:attachment":[{"href":"https:\/\/www.centsys.com\/mx\/wp-json\/wp\/v2\/media?parent=1372"}],"curies":[{"name":"wp","href":"https:\/\/api.w.org\/{rel}","templated":true}]}}