{"id":22059,"date":"2021-09-28T09:35:11","date_gmt":"2021-09-28T07:35:11","guid":{"rendered":"https:\/\/www.centsys.co.za\/?page_id=22059"},"modified":"2025-09-16T00:26:08","modified_gmt":"2025-09-15T22:26:08","slug":"d20-smart-motor-para-puerta-corrediza","status":"publish","type":"page","link":"https:\/\/www.centsys.com\/mx\/d20-smart-motor-para-puerta-corrediza\/","title":{"rendered":"D20 SMART"},"content":{"rendered":"<p>[et_pb_section fb_built=&#8221;1&#8243; fullwidth=&#8221;on&#8221; _builder_version=&#8221;4.16&#8243; _module_preset=&#8221;default&#8221; global_colors_info=&#8221;{}&#8221;][et_pb_fullwidth_image src=&#8221;https:\/\/www.centsys.co.za\/img\/smart\/D20-SMART-Main-Banner.jpg&#8221; _builder_version=&#8221;4.16&#8243; _module_preset=&#8221;default&#8221; global_colors_info=&#8221;{}&#8221;][\/et_pb_fullwidth_image][\/et_pb_section][et_pb_section fb_built=&#8221;1&#8243; _builder_version=&#8221;4.16&#8243; _module_preset=&#8221;default&#8221; custom_padding=&#8221;12px||5px|||&#8221; global_colors_info=&#8221;{}&#8221;][et_pb_row _builder_version=&#8221;4.16&#8243; _module_preset=&#8221;default&#8221; global_colors_info=&#8221;{}&#8221;][et_pb_column type=&#8221;4_4&#8243; _builder_version=&#8221;4.16&#8243; _module_preset=&#8221;default&#8221; global_colors_info=&#8221;{}&#8221;][et_pb_text _builder_version=&#8221;4.16&#8243; _module_preset=&#8221;default&#8221; global_colors_info=&#8221;{}&#8221;]<\/p>\n<h1 style=\"text-align: center;\">Motor para puertas industriales corredizas D20 SMART, para puertas de gran tama\u00f1o o peso.<\/h1>\n<p>Cuando llega el momento de reforzar la seguridad, se necesita una fuerza real, del nivel que s\u00f3lo el l\u00edder en automatizaci\u00f3n de accesos puede ofrecer. Presentamos el nuevo motor industrial para puertas corredizas D20 SM\u0394RT. Con un motor de corriente continua de gran potencia, este motor puede mover una puerta de hasta dos toneladas como si nada. Como el D20 SM\u0394RT tiene dos bater\u00edas de reserva, le ofrece seguridad, comodidad y tranquilidad ininterrumpidas. Con un dise\u00f1o tan resistente y el exterior m\u00e1s robusto, simplemente se ha dise\u00f1ado as\u00ed.<br \/>\n[\/et_pb_text][et_pb_divider _builder_version=&#8221;4.16&#8243; _module_preset=&#8221;default&#8221; global_colors_info=&#8221;{}&#8221;][\/et_pb_divider][\/et_pb_column][\/et_pb_row][\/et_pb_section][et_pb_section fb_built=&#8221;1&#8243; _builder_version=&#8221;4.16&#8243; _module_preset=&#8221;default&#8221; custom_padding=&#8221;4px|||||&#8221; global_colors_info=&#8221;{}&#8221;][et_pb_row column_structure=&#8221;3_5,2_5&#8243; _builder_version=&#8221;4.16&#8243; _module_preset=&#8221;default&#8221; global_colors_info=&#8221;{}&#8221;][et_pb_column type=&#8221;3_5&#8243; _builder_version=&#8221;4.16&#8243; _module_preset=&#8221;default&#8221; global_colors_info=&#8221;{}&#8221;][et_pb_text _builder_version=&#8221;4.16&#8243; _module_preset=&#8221;default&#8221; global_colors_info=&#8221;{}&#8221;]<\/p>\n<h2><strong>CARACTER\u00cdSTICAS PRINCIPALES:<\/strong><\/h2>\n<ul>\n<li>Suficientemente fuerte para mover una puerta de 2 toneladas.<\/li>\n<li>Reemplazo sencillo para los sitios con instalaci\u00f3n previa de nuestro motor A10 existente.<\/li>\n<li>La tecnolog\u00eda SMART hace que el D20 SMART sea tan inteligente como resistente.<\/li>\n<li>Un montaje sencillo para el instalador, con f\u00e1cil acceso a la torniller\u00eda, accesos optimizados para la instalaci\u00f3n de cables de manera limpia y ordenada.<\/li>\n<li>Silencioso y fuerte<\/li>\n<li>Alerta y \u00e1gil: la tecnolog\u00eda de efecto Hall, controla la posici\u00f3n de la puerta en todo momento y garantiza una detenci\u00f3n instant\u00e1nea.<\/li>\n<\/ul>\n<p>[\/et_pb_text][et_pb_text _builder_version=&#8221;4.16&#8243; _module_preset=&#8221;default&#8221; global_colors_info=&#8221;{}&#8221;]<\/p>\n<h3><strong>ESPECIFICACIONES T\u00c9CNICAS:<\/strong><\/h3>\n<div id=\"footable_parent_5520\"\n         class=\" footable_parent ninja_table_wrapper loading_ninja_table wp_table_data_press_parent semantic_ui \">\n                <table data-ninja_table_instance=\"ninja_table_instance_0\" data-footable_id=\"5520\" data-filter-delay=\"1000\" aria-label=\"D20 SMART\"            id=\"footable_5520\"\n           data-unique_identifier=\"ninja_table_unique_id_2562033118_5520\"\n           class=\" foo-table ninja_footable foo_table_5520 ninja_table_unique_id_2562033118_5520 ui table  nt_type_ajax_table selectable striped vertical_centered  footable-paging-right\">\n                <colgroup>\n                            <col class=\"ninja_column_0 \">\n                            <col class=\"ninja_column_1 \">\n                    <\/colgroup>\n            <\/table>\n    \n    \n    \n<\/div>\n\n<p>1. Puede funcionar con alimentaci\u00f3n solar, consulte a su distribuidor local para obtener informaci\u00f3n.<br \/>\n2. Basado en una temperatura ambiente de 25\u00b0C y una unidad no expuesta a la luz solar directa.<br \/>\n3. Basado en una fuerza de empuje del motor menor del 50% de la fuerza nominal (fuerzas de arranque y funcionamiento).<br \/>\n4. Las velocidades de apertura y cierre de la puerta pueden configurarse para que funcionen m\u00e1s despacio en funci\u00f3n de las necesidades de cada instalaci\u00f3n.<br \/>\n5. Puede aumentar la capacidad de la bater\u00eda para obtener mayores tiempos de espera.<br \/>\n6. Basado en una puerta de 4 metros, excluyendo todos los accesorios.<br \/>\n7. Se pueden utilizar varios botones por control remoto.<br \/>\n[\/et_pb_text][\/et_pb_column][et_pb_column type=&#8221;2_5&#8243; _builder_version=&#8221;4.16&#8243; _module_preset=&#8221;default&#8221; global_colors_info=&#8221;{}&#8221;][et_pb_image src=&#8221;https:\/\/www.centsys.co.za\/img\/smart\/D20-SMART-LOGO.jpg&#8221; _builder_version=&#8221;4.16&#8243; _module_preset=&#8221;default&#8221; global_colors_info=&#8221;{}&#8221;][\/et_pb_image][et_pb_image src=&#8221;https:\/\/www.centsys.com\/mx\/img\/app\/La aplicaci\u00f3n m\u00f3vil MyCentsys Pro \u2013 Descarga aqu\u00ed.jpg&#8221; url=&#8221;https:\/\/www.centsys.com\/mx\/la-aplicacion-mycentsys-pro\/&#8221; _builder_version=&#8221;4.16&#8243; _module_preset=&#8221;default&#8221; global_colors_info=&#8221;{}&#8221;][\/et_pb_image][et_pb_code _builder_version=&#8221;4.27.4&#8243; _module_preset=&#8221;default&#8221; hover_enabled=&#8221;0&#8243; global_colors_info=&#8221;{}&#8221; sticky_enabled=&#8221;0&#8243;]<\/p>\n<table border=\"0\" width=\"330\"><!-- [et_pb_line_break_holder] --><!-- [et_pb_line_break_holder] --><!-- [et_pb_line_break_holder] --><!-- [et_pb_line_break_holder] --><\/p>\n<tbody><!-- [et_pb_line_break_holder] --><!-- [et_pb_line_break_holder] --><!-- [et_pb_line_break_holder] --><!-- [et_pb_line_break_holder] --><\/p>\n<tr><!-- [et_pb_line_break_holder] --><!-- [et_pb_line_break_holder] --><!-- [et_pb_line_break_holder] --><!-- [et_pb_line_break_holder] --><\/p>\n<td><img decoding=\"async\" src=\"https:\/\/www.centsys.com\/mx\/img\/smart\/CENTURON D-SERIES Mexico PDF.jpg\" \/><\/td>\n<p><!-- [et_pb_line_break_holder] --><!-- [et_pb_line_break_holder] --><!-- [et_pb_line_break_holder] --><!-- [et_pb_line_break_holder] --><!-- [et_pb_line_break_holder] --><!-- [et_pb_line_break_holder] --><!-- [et_pb_line_break_holder] --><\/p>\n<td><a href=\"https:\/\/www.centsys.com\/lat\/pdf\/d20smart\/1271.D.02.0004 D20S CENTURION Brochure SP LAT_30052024_MT.pdf\">Folleto: D20 SMART (975kB)<\/a><\/td>\n<p><!-- [et_pb_line_break_holder] --><!-- [et_pb_line_break_holder] --><!-- [et_pb_line_break_holder] --><!-- [et_pb_line_break_holder] --><\/tr>\n<p><!-- [et_pb_line_break_holder] --><!-- [et_pb_line_break_holder] --><!-- [et_pb_line_break_holder] --><!-- [et_pb_line_break_holder] --><!-- [et_pb_line_break_holder] --><!-- [et_pb_line_break_holder] --><!-- [et_pb_line_break_holder] --><!-- [et_pb_line_break_holder] --><\/p>\n<tr><!-- [et_pb_line_break_holder] --><!-- [et_pb_line_break_holder] --><!-- [et_pb_line_break_holder] --><!-- [et_pb_line_break_holder] --><\/p>\n<td><img decoding=\"async\" src=\"https:\/\/www.centsys.com\/mx\/img\/smart\/CENTURON D-SERIES Mexico PDF.jpg\" \/><\/td>\n<p><!-- [et_pb_line_break_holder] --><!-- [et_pb_line_break_holder] --><!-- [et_pb_line_break_holder] --><!-- [et_pb_line_break_holder] --><!-- [et_pb_line_break_holder] --><!-- [et_pb_line_break_holder] --><!-- [et_pb_line_break_holder] --><\/p>\n<td><a href=\"https:\/\/www.centsys.com\/lat\/pdf\/d10smart\/1271.D.01.0004%20D10S%20D10TS%20D20%20Installation%20Manual%20SP%20LAT_17122024_AP_Web_App.pdf\">Manual de instalaci\u00f3n: D20 SMART (5.65MB)<\/a><\/td>\n<p><!-- [et_pb_line_break_holder] --><!-- [et_pb_line_break_holder] --><!-- [et_pb_line_break_holder] --><!-- [et_pb_line_break_holder] --><\/tr>\n<p><!-- [et_pb_line_break_holder] --><!-- [et_pb_line_break_holder] --><!-- [et_pb_line_break_holder] --><!-- [et_pb_line_break_holder] --><!-- [et_pb_line_break_holder] --><!-- [et_pb_line_break_holder] --><!-- [et_pb_line_break_holder] --><!-- [et_pb_line_break_holder] --><\/p>\n<tr><!-- [et_pb_line_break_holder] --><!-- [et_pb_line_break_holder] --><!-- [et_pb_line_break_holder] --><!-- [et_pb_line_break_holder] --><\/p>\n<td><img decoding=\"async\" src=\"https:\/\/www.centsys.com\/mx\/img\/smart\/CENTURON D-SERIES Mexico PDF.jpg\" \/><\/td>\n<p><!-- [et_pb_line_break_holder] --><!-- [et_pb_line_break_holder] --><!-- [et_pb_line_break_holder] --><!-- [et_pb_line_break_holder] --><!-- [et_pb_line_break_holder] --><!-- [et_pb_line_break_holder] --><!-- [et_pb_line_break_holder] --><\/p>\n<td><a href=\"https:\/\/www.centsys.com\/mx\/pdf\/d10smart\/1271.D.01.0005%20D10S%20D10TS%20D20%20Quick%20Guide%20SPANISH_11102022MT_Web.pdf\">Gu\u00eda r\u00e1pida: D20 SMART (1.3MB)<\/a><\/td>\n<p><!-- [et_pb_line_break_holder] --><!-- [et_pb_line_break_holder] --><!-- [et_pb_line_break_holder] --><!-- [et_pb_line_break_holder] --><\/tr>\n<p><!-- [et_pb_line_break_holder] --><!-- [et_pb_line_break_holder] --><\/p>\n<tr><!-- [et_pb_line_break_holder] --><!-- [et_pb_line_break_holder] --><\/p>\n<td><img decoding=\"async\" src=\"https:\/\/www.centsys.com\/mx\/img\/smart\/CENTURON%20D-SERIES%20Mexico%20PDF.jpg\" \/><\/td>\n<p><!-- [et_pb_line_break_holder] --><!-- [et_pb_line_break_holder] --><!-- [et_pb_line_break_holder] --><\/p>\n<td><a href=\"https:\/\/www.centsys.com\/lat\/img\/d5es\/1401.D.01.0025 SMART Origin Marker Pamphlet SP LAT_20112024_MT_Web.pdf\">Gu\u00eda R\u00e1pida: Sensor y marcador de origen SMART (611KB)<\/a><\/td>\n<p><!-- [et_pb_line_break_holder] --><!-- [et_pb_line_break_holder] --><\/tr>\n<p><!-- [et_pb_line_break_holder] --><\/p>\n<tr><!-- [et_pb_line_break_holder] --><!-- [et_pb_line_break_holder] --><!-- [et_pb_line_break_holder] --><\/p>\n<td><img decoding=\"async\" src=\"https:\/\/www.centsys.com\/mx\/img\/smart\/CENTURON D-SERIES Mexico PDF.jpg\" \/><\/td>\n<p><!-- [et_pb_line_break_holder] --><!-- [et_pb_line_break_holder] --><!-- [et_pb_line_break_holder] --><!-- [et_pb_line_break_holder] --><!-- [et_pb_line_break_holder] --><\/p>\n<td><a href=\"https:\/\/www.centsys.com\/lat\/pdf\/dsmart\/1271.D.01.0010%20D10S%20D10TS%20D20%20Theft-deterrent%20Manual%20SP%20LAT_07042025_MT_Web.pdf\">Manual de instalaci\u00f3n de la jaula antirrobo: D10 SMART | D10 TURBO SMART | D20 SMART (1.11MB)<\/a><\/td>\n<p><!-- [et_pb_line_break_holder] --><!-- [et_pb_line_break_holder] --><!-- [et_pb_line_break_holder] --><\/tr>\n<p><!-- [et_pb_line_break_holder] -->  <\/p>\n<tr><!-- [et_pb_line_break_holder] --><\/p>\n<td><img decoding=\"async\" src=\" https:\/\/www.centsys.com\/mx\/img\/smart\/CENTURON%20D-SERIES%20Mexico%20PDF.jpg\" \/><\/td>\n<p><!-- [et_pb_line_break_holder] --><\/p>\n<td><a href=\"https:\/\/www.centsys.com\/lat\/pdf\/theft\/0000.D.02.0010 Anti-lift Brackets Brochure SP_LAT 04092025_AP_Web.pdf\">Folleto: CENTURION soportes anti-elevaci\u00f3n (199kb)<\/a><\/td>\n<p><!-- [et_pb_line_break_holder] --><\/tr>\n<p><!-- [et_pb_line_break_holder] --><\/p>\n<tr><!-- [et_pb_line_break_holder] --><\/p>\n<td><img decoding=\"async\" src=\"https:\/\/www.centsys.com\/mx\/img\/smart\/CENTURON%20D-SERIES%20Mexico%20PDF.jpg\" \/><\/td>\n<p><!-- [et_pb_line_break_holder] --><\/p>\n<td><a href=\" https:\/\/www.centsys.com\/lat\/pdf\/theft\/0000.D.01.0014%20Anti-lift%20Brackets%20Installation%20Manual%20SPLAT%2001072025_AP_Web.pdf\">Manual de instalaci\u00f3n: CENTURION soportes anti-elevaci\u00f3n (4.00MB)<\/a><\/td>\n<p><!-- [et_pb_line_break_holder] --><\/tr>\n<p><!-- [et_pb_line_break_holder] --><!-- [et_pb_line_break_holder] --><\/tbody>\n<p><!-- [et_pb_line_break_holder] --><!-- [et_pb_line_break_holder] --><!-- [et_pb_line_break_holder] --><!-- [et_pb_line_break_holder] --><\/table>\n<p><!-- [et_pb_line_break_holder] --><!-- [et_pb_line_break_holder] --><!-- [et_pb_line_break_holder] -->[\/et_pb_code][\/et_pb_column][\/et_pb_row][et_pb_row _builder_version=&#8221;4.16&#8243; _module_preset=&#8221;default&#8221; global_colors_info=&#8221;{}&#8221;][et_pb_column type=&#8221;4_4&#8243; _builder_version=&#8221;4.16&#8243; _module_preset=&#8221;default&#8221; global_colors_info=&#8221;{}&#8221;][et_pb_image src=&#8221;https:\/\/www.centsys.com\/lat\/img\/admin\/Suscr%C3%ADbase%20a%20nuestro%20bolet%C3%ADn%20informativo%20CENTURION.jpg&#8221; url=&#8221;https:\/\/www.centsys.com\/mx\/suscribase-a-nuestro-boletin-informativo\/&#8221; _builder_version=&#8221;4.21.0&#8243; _module_preset=&#8221;default&#8221; global_colors_info=&#8221;{}&#8221;][\/et_pb_image][\/et_pb_column][\/et_pb_row][et_pb_row _builder_version=&#8221;4.18.0&#8243; _module_preset=&#8221;default&#8221; global_colors_info=&#8221;{}&#8221;][et_pb_column type=&#8221;4_4&#8243; _builder_version=&#8221;4.18.0&#8243; _module_preset=&#8221;default&#8221; global_colors_info=&#8221;{}&#8221;][et_pb_image src=&#8221;https:\/\/www.centsys.com\/mx\/img\/SMART\/SMART_WebStrip_img.jpg&#8221; url=&#8221;https:\/\/www.centsys.com\/mx\/smart&#8221; _builder_version=&#8221;4.18.0&#8243; _module_preset=&#8221;default&#8221; global_colors_info=&#8221;{}&#8221;][\/et_pb_image][\/et_pb_column][\/et_pb_row][\/et_pb_section]<\/p>\n","protected":false},"excerpt":{"rendered":"<p>Motor para puertas industriales corredizas D20 SMART, para puertas de gran tama\u00f1o o peso. Cuando llega el momento de reforzar la seguridad, se necesita una fuerza real, del nivel que s\u00f3lo el l\u00edder en automatizaci\u00f3n de accesos puede ofrecer. Presentamos el nuevo motor industrial para puertas corredizas D20 SM\u0394RT. Con un motor de corriente continua [&hellip;]<\/p>\n","protected":false},"author":2,"featured_media":0,"parent":0,"menu_order":0,"comment_status":"closed","ping_status":"closed","template":"","meta":{"_et_pb_use_builder":"on","_et_pb_old_content":"","_et_gb_content_width":"","_joinchat":[],"footnotes":""},"class_list":["post-22059","page","type-page","status-publish","hentry"],"yoast_head":"<!-- This site is optimized with the Yoast SEO Premium plugin v26.6 (Yoast SEO v27.3) - https:\/\/yoast.com\/product\/yoast-seo-premium-wordpress\/ -->\r\n<title>D20 SMART - Motor para puerta corrediza - Centurion Systems<\/title>\r\n<meta name=\"description\" content=\"El D20 SMART ofrece una soluci\u00f3n de automatizaci\u00f3npotente y confiable que puede mover la puerta de forma segura, una soluci\u00f3n deautomatizaci\u00f3n que puede mover puertas de hasta 2000 kg.\" \/>\r\n<meta name=\"robots\" content=\"index, follow, max-snippet:-1, max-image-preview:large, max-video-preview:-1\" \/>\r\n<link rel=\"canonical\" href=\"https:\/\/www.centsys.com\/mx\/d20-smart-motor-para-puerta-corrediza\/\" \/>\r\n<meta property=\"og:locale\" content=\"en_US\" \/>\r\n<meta property=\"og:type\" content=\"article\" \/>\r\n<meta property=\"og:title\" content=\"D20 SMART\" \/>\r\n<meta property=\"og:description\" content=\"El D20 SMART ofrece una soluci\u00f3n de automatizaci\u00f3npotente y confiable que puede mover la puerta de forma segura, una soluci\u00f3n deautomatizaci\u00f3n que puede mover puertas de hasta 2000 kg.\" \/>\r\n<meta property=\"og:url\" content=\"https:\/\/www.centsys.com\/mx\/d20-smart-motor-para-puerta-corrediza\/\" \/>\r\n<meta property=\"og:site_name\" content=\"Centurion Systems Mexico\" \/>\r\n<meta property=\"article:modified_time\" content=\"2025-09-15T22:26:08+00:00\" \/>\r\n<meta property=\"og:image\" content=\"https:\/\/www.centsys.com\/mx\/img\/smart\/CENTURON%20D-SERIES%20Mexico%20PDF.jpg\" \/>\r\n<meta name=\"twitter:card\" content=\"summary_large_image\" \/>\r\n<meta name=\"twitter:label1\" content=\"Est. reading time\" \/>\n\t<meta name=\"twitter:data1\" content=\"4 minutes\" \/>\r\n<script type=\"application\/ld+json\" class=\"yoast-schema-graph\">{\"@context\":\"https:\\\/\\\/schema.org\",\"@graph\":[{\"@type\":\"WebPage\",\"@id\":\"https:\\\/\\\/www.centsys.com\\\/mx\\\/d20-smart-motor-para-puerta-corrediza\\\/\",\"url\":\"https:\\\/\\\/www.centsys.com\\\/mx\\\/d20-smart-motor-para-puerta-corrediza\\\/\",\"name\":\"D20 SMART - Motor para puerta corrediza - Centurion Systems\",\"isPartOf\":{\"@id\":\"https:\\\/\\\/www.centsys.com\\\/mx\\\/#website\"},\"primaryImageOfPage\":{\"@id\":\"https:\\\/\\\/www.centsys.com\\\/mx\\\/d20-smart-motor-para-puerta-corrediza\\\/#primaryimage\"},\"image\":{\"@id\":\"https:\\\/\\\/www.centsys.com\\\/mx\\\/d20-smart-motor-para-puerta-corrediza\\\/#primaryimage\"},\"thumbnailUrl\":\"https:\\\/\\\/www.centsys.com\\\/mx\\\/img\\\/smart\\\/CENTURON%20D-SERIES%20Mexico%20PDF.jpg\",\"datePublished\":\"2021-09-28T07:35:11+00:00\",\"dateModified\":\"2025-09-15T22:26:08+00:00\",\"description\":\"El D20 SMART ofrece una soluci\u00f3n de automatizaci\u00f3npotente y confiable que puede mover la puerta de forma segura, una soluci\u00f3n deautomatizaci\u00f3n que puede mover puertas de hasta 2000 kg.\",\"breadcrumb\":{\"@id\":\"https:\\\/\\\/www.centsys.com\\\/mx\\\/d20-smart-motor-para-puerta-corrediza\\\/#breadcrumb\"},\"inLanguage\":\"en-ZA\",\"potentialAction\":[{\"@type\":\"ReadAction\",\"target\":[\"https:\\\/\\\/www.centsys.com\\\/mx\\\/d20-smart-motor-para-puerta-corrediza\\\/\"]}]},{\"@type\":\"ImageObject\",\"inLanguage\":\"en-ZA\",\"@id\":\"https:\\\/\\\/www.centsys.com\\\/mx\\\/d20-smart-motor-para-puerta-corrediza\\\/#primaryimage\",\"url\":\"https:\\\/\\\/www.centsys.com\\\/mx\\\/img\\\/smart\\\/CENTURON%20D-SERIES%20Mexico%20PDF.jpg\",\"contentUrl\":\"https:\\\/\\\/www.centsys.com\\\/mx\\\/img\\\/smart\\\/CENTURON%20D-SERIES%20Mexico%20PDF.jpg\"},{\"@type\":\"BreadcrumbList\",\"@id\":\"https:\\\/\\\/www.centsys.com\\\/mx\\\/d20-smart-motor-para-puerta-corrediza\\\/#breadcrumb\",\"itemListElement\":[{\"@type\":\"ListItem\",\"position\":1,\"name\":\"INICIO\",\"item\":\"https:\\\/\\\/www.centsys.com\\\/mx\\\/\"},{\"@type\":\"ListItem\",\"position\":2,\"name\":\"D20 SMART\"}]},{\"@type\":\"WebSite\",\"@id\":\"https:\\\/\\\/www.centsys.com\\\/mx\\\/#website\",\"url\":\"https:\\\/\\\/www.centsys.com\\\/mx\\\/\",\"name\":\"Centurion Systems Mexico\",\"description\":\"Productos para Automatizaci\u00f3n de Acceso\",\"potentialAction\":[{\"@type\":\"SearchAction\",\"target\":{\"@type\":\"EntryPoint\",\"urlTemplate\":\"https:\\\/\\\/www.centsys.com\\\/mx\\\/?s={search_term_string}\"},\"query-input\":{\"@type\":\"PropertyValueSpecification\",\"valueRequired\":true,\"valueName\":\"search_term_string\"}}],\"inLanguage\":\"en-ZA\"}]}<\/script>\r\n<!-- \/ Yoast SEO Premium plugin. -->","yoast_head_json":{"title":"D20 SMART - Motor para puerta corrediza - Centurion Systems","description":"El D20 SMART ofrece una soluci\u00f3n de automatizaci\u00f3npotente y confiable que puede mover la puerta de forma segura, una soluci\u00f3n deautomatizaci\u00f3n que puede mover puertas de hasta 2000 kg.","robots":{"index":"index","follow":"follow","max-snippet":"max-snippet:-1","max-image-preview":"max-image-preview:large","max-video-preview":"max-video-preview:-1"},"canonical":"https:\/\/www.centsys.com\/mx\/d20-smart-motor-para-puerta-corrediza\/","og_locale":"en_US","og_type":"article","og_title":"D20 SMART","og_description":"El D20 SMART ofrece una soluci\u00f3n de automatizaci\u00f3npotente y confiable que puede mover la puerta de forma segura, una soluci\u00f3n deautomatizaci\u00f3n que puede mover puertas de hasta 2000 kg.","og_url":"https:\/\/www.centsys.com\/mx\/d20-smart-motor-para-puerta-corrediza\/","og_site_name":"Centurion Systems Mexico","article_modified_time":"2025-09-15T22:26:08+00:00","og_image":[{"url":"https:\/\/www.centsys.com\/mx\/img\/smart\/CENTURON%20D-SERIES%20Mexico%20PDF.jpg","type":"","width":"","height":""}],"twitter_card":"summary_large_image","twitter_misc":{"Est. reading time":"4 minutes"},"schema":{"@context":"https:\/\/schema.org","@graph":[{"@type":"WebPage","@id":"https:\/\/www.centsys.com\/mx\/d20-smart-motor-para-puerta-corrediza\/","url":"https:\/\/www.centsys.com\/mx\/d20-smart-motor-para-puerta-corrediza\/","name":"D20 SMART - Motor para puerta corrediza - Centurion Systems","isPartOf":{"@id":"https:\/\/www.centsys.com\/mx\/#website"},"primaryImageOfPage":{"@id":"https:\/\/www.centsys.com\/mx\/d20-smart-motor-para-puerta-corrediza\/#primaryimage"},"image":{"@id":"https:\/\/www.centsys.com\/mx\/d20-smart-motor-para-puerta-corrediza\/#primaryimage"},"thumbnailUrl":"https:\/\/www.centsys.com\/mx\/img\/smart\/CENTURON%20D-SERIES%20Mexico%20PDF.jpg","datePublished":"2021-09-28T07:35:11+00:00","dateModified":"2025-09-15T22:26:08+00:00","description":"El D20 SMART ofrece una soluci\u00f3n de automatizaci\u00f3npotente y confiable que puede mover la puerta de forma segura, una soluci\u00f3n deautomatizaci\u00f3n que puede mover puertas de hasta 2000 kg.","breadcrumb":{"@id":"https:\/\/www.centsys.com\/mx\/d20-smart-motor-para-puerta-corrediza\/#breadcrumb"},"inLanguage":"en-ZA","potentialAction":[{"@type":"ReadAction","target":["https:\/\/www.centsys.com\/mx\/d20-smart-motor-para-puerta-corrediza\/"]}]},{"@type":"ImageObject","inLanguage":"en-ZA","@id":"https:\/\/www.centsys.com\/mx\/d20-smart-motor-para-puerta-corrediza\/#primaryimage","url":"https:\/\/www.centsys.com\/mx\/img\/smart\/CENTURON%20D-SERIES%20Mexico%20PDF.jpg","contentUrl":"https:\/\/www.centsys.com\/mx\/img\/smart\/CENTURON%20D-SERIES%20Mexico%20PDF.jpg"},{"@type":"BreadcrumbList","@id":"https:\/\/www.centsys.com\/mx\/d20-smart-motor-para-puerta-corrediza\/#breadcrumb","itemListElement":[{"@type":"ListItem","position":1,"name":"INICIO","item":"https:\/\/www.centsys.com\/mx\/"},{"@type":"ListItem","position":2,"name":"D20 SMART"}]},{"@type":"WebSite","@id":"https:\/\/www.centsys.com\/mx\/#website","url":"https:\/\/www.centsys.com\/mx\/","name":"Centurion Systems Mexico","description":"Productos para Automatizaci\u00f3n de Acceso","potentialAction":[{"@type":"SearchAction","target":{"@type":"EntryPoint","urlTemplate":"https:\/\/www.centsys.com\/mx\/?s={search_term_string}"},"query-input":{"@type":"PropertyValueSpecification","valueRequired":true,"valueName":"search_term_string"}}],"inLanguage":"en-ZA"}]}},"_links":{"self":[{"href":"https:\/\/www.centsys.com\/mx\/wp-json\/wp\/v2\/pages\/22059","targetHints":{"allow":["GET"]}}],"collection":[{"href":"https:\/\/www.centsys.com\/mx\/wp-json\/wp\/v2\/pages"}],"about":[{"href":"https:\/\/www.centsys.com\/mx\/wp-json\/wp\/v2\/types\/page"}],"author":[{"embeddable":true,"href":"https:\/\/www.centsys.com\/mx\/wp-json\/wp\/v2\/users\/2"}],"replies":[{"embeddable":true,"href":"https:\/\/www.centsys.com\/mx\/wp-json\/wp\/v2\/comments?post=22059"}],"version-history":[{"count":0,"href":"https:\/\/www.centsys.com\/mx\/wp-json\/wp\/v2\/pages\/22059\/revisions"}],"wp:attachment":[{"href":"https:\/\/www.centsys.com\/mx\/wp-json\/wp\/v2\/media?parent=22059"}],"curies":[{"name":"wp","href":"https:\/\/api.w.org\/{rel}","templated":true}]}}