{"id":22620,"date":"2022-01-17T11:09:13","date_gmt":"2022-01-17T09:09:13","guid":{"rendered":"https:\/\/www.centsys.com\/mx\/?page_id=22620"},"modified":"2025-01-10T09:54:36","modified_gmt":"2025-01-10T07:54:36","slug":"photon-smart-sensores-de-seguridad-infrarrojos","status":"publish","type":"page","link":"https:\/\/www.centsys.com\/mx\/photon-smart-sensores-de-seguridad-infrarrojos\/","title":{"rendered":"PHOTON SMART"},"content":{"rendered":"<p>[et_pb_section fb_built=&#8221;1&#8243; fullwidth=&#8221;on&#8221; _builder_version=&#8221;4.16&#8243; _module_preset=&#8221;default&#8221; global_colors_info=&#8221;{}&#8221;][et_pb_fullwidth_image src=&#8221;https:\/\/www.centsys.co.za\/img\/smart\/Photon-SMART-Main-Banner.jpg&#8221; _builder_version=&#8221;4.16&#8243; _module_preset=&#8221;default&#8221; global_colors_info=&#8221;{}&#8221;][\/et_pb_fullwidth_image][\/et_pb_section][et_pb_section fb_built=&#8221;1&#8243; _builder_version=&#8221;4.16&#8243; _module_preset=&#8221;default&#8221; custom_padding=&#8221;12px||5px|||&#8221; global_colors_info=&#8221;{}&#8221;][et_pb_row _builder_version=&#8221;4.16&#8243; _module_preset=&#8221;default&#8221; global_colors_info=&#8221;{}&#8221;][et_pb_column type=&#8221;4_4&#8243; _builder_version=&#8221;4.16&#8243; _module_preset=&#8221;default&#8221; global_colors_info=&#8221;{}&#8221;][et_pb_text _builder_version=&#8221;4.16&#8243; _module_preset=&#8221;default&#8221; global_colors_info=&#8221;{}&#8221;]<\/p>\n<h1 style=\"text-align: center;\">Photon SMART &#8211; Haces de seguridad infrarrojos inal\u00e1mbricos<\/h1>\n<p>[\/et_pb_text][et_pb_divider _builder_version=&#8221;4.16&#8243; _module_preset=&#8221;default&#8221; global_colors_info=&#8221;{}&#8221;][\/et_pb_divider][\/et_pb_column][\/et_pb_row][\/et_pb_section][et_pb_section fb_built=&#8221;1&#8243; _builder_version=&#8221;4.16&#8243; _module_preset=&#8221;default&#8221; custom_padding=&#8221;4px|||||&#8221; global_colors_info=&#8221;{}&#8221;][et_pb_row column_structure=&#8221;3_5,2_5&#8243; _builder_version=&#8221;4.16&#8243; _module_preset=&#8221;default&#8221; global_colors_info=&#8221;{}&#8221;][et_pb_column type=&#8221;3_5&#8243; _builder_version=&#8221;4.16&#8243; _module_preset=&#8221;default&#8221; global_colors_info=&#8221;{}&#8221;][et_pb_text _builder_version=&#8221;4.16&#8243; _module_preset=&#8221;default&#8221; global_colors_info=&#8221;{}&#8221;]Tranquilidad en un abrir y cerrar de ojos gracias a nuestra reconocida tecnolog\u00eda SM\u0394RT.\u00a0Al conectarse de forma inal\u00e1mbrica a su sistema CENTURION SM\u0394RT &#8211; <strong>Photon SM\u0394RT<\/strong> le ofrece un sistema automatizado que no s\u00f3lo es m\u00e1s seguro, sino que es tambi\u00e9n m\u00e1s inteligente. <strong>Photon SM\u0394RT<\/strong> puede instalarse SIN cables, lo que significa que no hay conexiones que puedan da\u00f1arse o estropearse; adem\u00e1s de que no hay que cavar o hacer trabajo civil bajo la entrada de su casa, lo que le ahorra tiempo, esfuerzo, dinero y le garantiza que su puerta de entrada o su cochera pueda funcionar con total seguridad.<br \/>\n[\/et_pb_text][et_pb_text _builder_version=&#8221;4.16&#8243; _module_preset=&#8221;default&#8221; global_colors_info=&#8221;{}&#8221;]<\/p>\n<h2><strong>CARACTER\u00cdSTICAS PRINCIPALES:<\/strong><\/h2>\n<ul>\n<li>Se conecta de forma inal\u00e1mbrica a su soluci\u00f3n SMART: se ahorra tiempo y costos.<\/li>\n<li>Emparejamiento y alineaci\u00f3n en segundos.<\/li>\n<li>Un estilo atractivo: a\u00f1ade un toque de distinci\u00f3n a su puerta corrediza o abatible.<\/li>\n<li>Excelente seguridad que ofrece hasta 2 a\u00f1os de duraci\u00f3n de la bater\u00eda.<\/li>\n<li>Largo alcance: aporta seguridad incluso a las puertas de entrada m\u00e1s anchas.<\/li>\n<li>Unidad totalmente sellada: evita la entrada de insectos.<\/li>\n<li>Se puede a\u00f1adir f\u00e1cilmente a instalaciones con equipos de sensores de luz existentes.<\/li>\n<\/ul>\n<p>[\/et_pb_text][et_pb_text _builder_version=&#8221;4.16&#8243; _module_preset=&#8221;default&#8221; global_colors_info=&#8221;{}&#8221;]<\/p>\n<h3><strong>ESPECIFICACIONES T\u00c9CNICAS:<\/strong><\/h3>\n<div id=\"footable_parent_5522\"\n         class=\" footable_parent ninja_table_wrapper loading_ninja_table wp_table_data_press_parent semantic_ui \">\n                <table data-ninja_table_instance=\"ninja_table_instance_0\" data-footable_id=\"5522\" data-filter-delay=\"1000\" aria-label=\"PHOTON SMART\"            id=\"footable_5522\"\n           data-unique_identifier=\"ninja_table_unique_id_1945005972_5522\"\n           class=\" foo-table ninja_footable foo_table_5522 ninja_table_unique_id_1945005972_5522 ui table  nt_type_ajax_table selectable striped vertical_centered  footable-paging-right\">\n                <colgroup>\n                            <col class=\"ninja_column_0 \">\n                            <col class=\"ninja_column_1 \">\n                    <\/colgroup>\n            <\/table>\n    \n    \n    \n<\/div>\n\n<p>1. Reemplace s\u00f3lo con bater\u00edas alcalinas AA; no utilice bater\u00edas recargables con este producto.<br \/>\n2. \u00c1rea circular &#8211; asumiendo superficies paralelas.<\/p>\n<p>&nbsp;<br \/>\n[\/et_pb_text][\/et_pb_column][et_pb_column type=&#8221;2_5&#8243; _builder_version=&#8221;4.16&#8243; _module_preset=&#8221;default&#8221; global_colors_info=&#8221;{}&#8221;][et_pb_image src=&#8221;https:\/\/www.centsys.co.za\/img\/smart\/PHOTON-SMART-LOGO.jpg&#8221; _builder_version=&#8221;4.16&#8243; _module_preset=&#8221;default&#8221; global_colors_info=&#8221;{}&#8221;][\/et_pb_image][et_pb_image src=&#8221;https:\/\/www.centsys.com\/mx\/img\/app\/La aplicaci\u00f3n m\u00f3vil MyCentsys Pro \u2013 Descarga aqu\u00ed.jpg&#8221; url=&#8221;https:\/\/www.centsys.com\/mx\/la-aplicacion-mycentsys-pro\/&#8221; _builder_version=&#8221;4.16&#8243; _module_preset=&#8221;default&#8221; global_colors_info=&#8221;{}&#8221;][\/et_pb_image][et_pb_code _builder_version=&#8221;4.27.4&#8243; _module_preset=&#8221;default&#8221; hover_enabled=&#8221;0&#8243; global_colors_info=&#8221;{}&#8221; sticky_enabled=&#8221;0&#8243;]<\/p>\n<table border=\"0\" width=\"330\"><!-- [et_pb_line_break_holder] --><!-- [et_pb_line_break_holder] --><!-- [et_pb_line_break_holder] --><\/p>\n<tbody><!-- [et_pb_line_break_holder] --><!-- [et_pb_line_break_holder] --><!-- [et_pb_line_break_holder] --><\/p>\n<tr><!-- [et_pb_line_break_holder] --><!-- [et_pb_line_break_holder] --><!-- [et_pb_line_break_holder] --><\/p>\n<td><img decoding=\"async\" src=\"https:\/\/www.centsys.com\/mx\/img\/smart\/CENTURON Photon SMART Mexico PDF.jpg\" \/><\/td>\n<p><!-- [et_pb_line_break_holder] --><!-- [et_pb_line_break_holder] --><!-- [et_pb_line_break_holder] --><!-- [et_pb_line_break_holder] --><!-- [et_pb_line_break_holder] --><\/p>\n<td><a href=\"https:\/\/www.centsys.com\/mx\/pdf\/photonsmart\/1227.D.02.0008%20Photon%20SMART%20brochure%20SP%20LAT_08032022_MT_Web.pdf\">Folleto: PHOTON SMART (1.43 MB)<\/a><\/td>\n<p><!-- [et_pb_line_break_holder] --><!-- [et_pb_line_break_holder] --><!-- [et_pb_line_break_holder] --><\/tr>\n<p><!-- [et_pb_line_break_holder] --><!-- [et_pb_line_break_holder] --><!-- [et_pb_line_break_holder] --><!-- [et_pb_line_break_holder] --><!-- [et_pb_line_break_holder] --><!-- [et_pb_line_break_holder] --><\/p>\n<tr><!-- [et_pb_line_break_holder] --><!-- [et_pb_line_break_holder] --><!-- [et_pb_line_break_holder] --><\/p>\n<td><img decoding=\"async\" src=\"https:\/\/www.centsys.com\/mx\/img\/smart\/CENTURON Photon SMART Mexico PDF.jpg\" \/><\/td>\n<p><!-- [et_pb_line_break_holder] --><!-- [et_pb_line_break_holder] --><!-- [et_pb_line_break_holder] --><!-- [et_pb_line_break_holder] --><!-- [et_pb_line_break_holder] --><\/p>\n<td><a href=\"https:\/\/www.centsys.com\/lat\/pdf\/photonsmart\/1227.D.01.0005%20Photon%20SMART%20IRB%20Quick%20Guide%20SP%20LAT_19122024_AP_Web.pdf\">Gu\u00eda de instalaci\u00f3n: PHOTON SMART (1.49 MB)<\/a><\/td>\n<p><!-- [et_pb_line_break_holder] --><!-- [et_pb_line_break_holder] --><!-- [et_pb_line_break_holder] --><\/tr>\n<p><!-- [et_pb_line_break_holder] --><!-- [et_pb_line_break_holder] --><!-- [et_pb_line_break_holder] --><\/tbody>\n<p><!-- [et_pb_line_break_holder] --><!-- [et_pb_line_break_holder] --><!-- [et_pb_line_break_holder] --><\/table>\n<p><!-- [et_pb_line_break_holder] --><!-- [et_pb_line_break_holder] -->[\/et_pb_code][\/et_pb_column][\/et_pb_row][\/et_pb_section][et_pb_section fb_built=&#8221;1&#8243; _builder_version=&#8221;4.16&#8243; _module_preset=&#8221;default&#8221; global_colors_info=&#8221;{}&#8221;][et_pb_row _builder_version=&#8221;4.16&#8243; _module_preset=&#8221;default&#8221; global_colors_info=&#8221;{}&#8221;][et_pb_column type=&#8221;4_4&#8243; _builder_version=&#8221;4.16&#8243; _module_preset=&#8221;default&#8221; global_colors_info=&#8221;{}&#8221;][et_pb_image src=&#8221;https:\/\/www.centsys.com\/lat\/img\/admin\/Suscr%C3%ADbase%20a%20nuestro%20bolet%C3%ADn%20informativo%20CENTURION.jpg&#8221; url=&#8221;https:\/\/www.centsys.com\/mx\/suscribase-a-nuestro-boletin-informativo\/&#8221; _builder_version=&#8221;4.16&#8243; _module_preset=&#8221;default&#8221; global_colors_info=&#8221;{}&#8221;][\/et_pb_image][\/et_pb_column][\/et_pb_row][et_pb_row _builder_version=&#8221;4.18.0&#8243; _module_preset=&#8221;default&#8221; global_colors_info=&#8221;{}&#8221;][et_pb_column type=&#8221;4_4&#8243; _builder_version=&#8221;4.18.0&#8243; _module_preset=&#8221;default&#8221; global_colors_info=&#8221;{}&#8221;][et_pb_image src=&#8221;https:\/\/www.centsys.com\/mx\/img\/SMART\/SMART_WebStrip_img.jpg&#8221; url=&#8221;https:\/\/www.centsys.com\/mx\/smart&#8221; _builder_version=&#8221;4.18.0&#8243; _module_preset=&#8221;default&#8221; global_colors_info=&#8221;{}&#8221;][\/et_pb_image][\/et_pb_column][\/et_pb_row][\/et_pb_section]<\/p>\n","protected":false},"excerpt":{"rendered":"<p>Photon SMART &#8211; Haces de seguridad infrarrojos inal\u00e1mbricos Tranquilidad en un abrir y cerrar de ojos gracias a nuestra reconocida tecnolog\u00eda SM\u0394RT.\u00a0Al conectarse de forma inal\u00e1mbrica a su sistema CENTURION SM\u0394RT &#8211; Photon SM\u0394RT le ofrece un sistema automatizado que no s\u00f3lo es m\u00e1s seguro, sino que es tambi\u00e9n m\u00e1s inteligente. Photon SM\u0394RT puede instalarse [&hellip;]<\/p>\n","protected":false},"author":2,"featured_media":0,"parent":0,"menu_order":0,"comment_status":"closed","ping_status":"closed","template":"","meta":{"_et_pb_use_builder":"on","_et_pb_old_content":"","_et_gb_content_width":"","_joinchat":[],"footnotes":""},"class_list":["post-22620","page","type-page","status-publish","hentry"],"yoast_head":"<!-- This site is optimized with the Yoast SEO Premium plugin v26.6 (Yoast SEO v27.3) - https:\/\/yoast.com\/product\/yoast-seo-premium-wordpress\/ -->\r\n<title>PHOTON SMART - Sensores de seguridad infrarrojos - Centurion Systems<\/title>\r\n<meta name=\"description\" content=\"Al conectarse de forma inal\u00e1mbrica a su sistema CENTURION SM\u0394RT - Photon SM\u0394RT le ofrece un sistemaautomatizado que no s\u00f3lo es m\u00e1s seguro, sino que es tambi\u00e9nm\u00e1s inteligente.\" \/>\r\n<meta name=\"robots\" content=\"index, follow, max-snippet:-1, max-image-preview:large, max-video-preview:-1\" \/>\r\n<link rel=\"canonical\" href=\"https:\/\/www.centsys.com\/mx\/photon-smart-sensores-de-seguridad-infrarrojos\/\" \/>\r\n<meta property=\"og:locale\" content=\"en_US\" \/>\r\n<meta property=\"og:type\" content=\"article\" \/>\r\n<meta property=\"og:title\" content=\"PHOTON SMART\" \/>\r\n<meta property=\"og:description\" content=\"Al conectarse de forma inal\u00e1mbrica a su sistema CENTURION SM\u0394RT - Photon SM\u0394RT le ofrece un sistemaautomatizado que no s\u00f3lo es m\u00e1s seguro, sino que es tambi\u00e9nm\u00e1s inteligente.\" \/>\r\n<meta property=\"og:url\" content=\"https:\/\/www.centsys.com\/mx\/photon-smart-sensores-de-seguridad-infrarrojos\/\" \/>\r\n<meta property=\"og:site_name\" content=\"Centurion Systems Mexico\" \/>\r\n<meta property=\"article:modified_time\" content=\"2025-01-10T07:54:36+00:00\" \/>\r\n<meta name=\"twitter:card\" content=\"summary_large_image\" \/>\r\n<meta name=\"twitter:label1\" content=\"Est. reading time\" \/>\n\t<meta name=\"twitter:data1\" content=\"3 minutes\" \/>\r\n<script type=\"application\/ld+json\" class=\"yoast-schema-graph\">{\"@context\":\"https:\\\/\\\/schema.org\",\"@graph\":[{\"@type\":\"WebPage\",\"@id\":\"https:\\\/\\\/www.centsys.com\\\/mx\\\/photon-smart-sensores-de-seguridad-infrarrojos\\\/\",\"url\":\"https:\\\/\\\/www.centsys.com\\\/mx\\\/photon-smart-sensores-de-seguridad-infrarrojos\\\/\",\"name\":\"PHOTON SMART - Sensores de seguridad infrarrojos - Centurion Systems\",\"isPartOf\":{\"@id\":\"https:\\\/\\\/www.centsys.com\\\/mx\\\/#website\"},\"datePublished\":\"2022-01-17T09:09:13+00:00\",\"dateModified\":\"2025-01-10T07:54:36+00:00\",\"description\":\"Al conectarse de forma inal\u00e1mbrica a su sistema CENTURION SM\u0394RT - Photon SM\u0394RT le ofrece un sistemaautomatizado que no s\u00f3lo es m\u00e1s seguro, sino que es tambi\u00e9nm\u00e1s inteligente.\",\"breadcrumb\":{\"@id\":\"https:\\\/\\\/www.centsys.com\\\/mx\\\/photon-smart-sensores-de-seguridad-infrarrojos\\\/#breadcrumb\"},\"inLanguage\":\"en-ZA\",\"potentialAction\":[{\"@type\":\"ReadAction\",\"target\":[\"https:\\\/\\\/www.centsys.com\\\/mx\\\/photon-smart-sensores-de-seguridad-infrarrojos\\\/\"]}]},{\"@type\":\"BreadcrumbList\",\"@id\":\"https:\\\/\\\/www.centsys.com\\\/mx\\\/photon-smart-sensores-de-seguridad-infrarrojos\\\/#breadcrumb\",\"itemListElement\":[{\"@type\":\"ListItem\",\"position\":1,\"name\":\"INICIO\",\"item\":\"https:\\\/\\\/www.centsys.com\\\/mx\\\/\"},{\"@type\":\"ListItem\",\"position\":2,\"name\":\"PHOTON SMART\"}]},{\"@type\":\"WebSite\",\"@id\":\"https:\\\/\\\/www.centsys.com\\\/mx\\\/#website\",\"url\":\"https:\\\/\\\/www.centsys.com\\\/mx\\\/\",\"name\":\"Centurion Systems Mexico\",\"description\":\"Productos para Automatizaci\u00f3n de Acceso\",\"potentialAction\":[{\"@type\":\"SearchAction\",\"target\":{\"@type\":\"EntryPoint\",\"urlTemplate\":\"https:\\\/\\\/www.centsys.com\\\/mx\\\/?s={search_term_string}\"},\"query-input\":{\"@type\":\"PropertyValueSpecification\",\"valueRequired\":true,\"valueName\":\"search_term_string\"}}],\"inLanguage\":\"en-ZA\"}]}<\/script>\r\n<!-- \/ Yoast SEO Premium plugin. -->","yoast_head_json":{"title":"PHOTON SMART - Sensores de seguridad infrarrojos - Centurion Systems","description":"Al conectarse de forma inal\u00e1mbrica a su sistema CENTURION SM\u0394RT - Photon SM\u0394RT le ofrece un sistemaautomatizado que no s\u00f3lo es m\u00e1s seguro, sino que es tambi\u00e9nm\u00e1s inteligente.","robots":{"index":"index","follow":"follow","max-snippet":"max-snippet:-1","max-image-preview":"max-image-preview:large","max-video-preview":"max-video-preview:-1"},"canonical":"https:\/\/www.centsys.com\/mx\/photon-smart-sensores-de-seguridad-infrarrojos\/","og_locale":"en_US","og_type":"article","og_title":"PHOTON SMART","og_description":"Al conectarse de forma inal\u00e1mbrica a su sistema CENTURION SM\u0394RT - Photon SM\u0394RT le ofrece un sistemaautomatizado que no s\u00f3lo es m\u00e1s seguro, sino que es tambi\u00e9nm\u00e1s inteligente.","og_url":"https:\/\/www.centsys.com\/mx\/photon-smart-sensores-de-seguridad-infrarrojos\/","og_site_name":"Centurion Systems Mexico","article_modified_time":"2025-01-10T07:54:36+00:00","twitter_card":"summary_large_image","twitter_misc":{"Est. reading time":"3 minutes"},"schema":{"@context":"https:\/\/schema.org","@graph":[{"@type":"WebPage","@id":"https:\/\/www.centsys.com\/mx\/photon-smart-sensores-de-seguridad-infrarrojos\/","url":"https:\/\/www.centsys.com\/mx\/photon-smart-sensores-de-seguridad-infrarrojos\/","name":"PHOTON SMART - Sensores de seguridad infrarrojos - Centurion Systems","isPartOf":{"@id":"https:\/\/www.centsys.com\/mx\/#website"},"datePublished":"2022-01-17T09:09:13+00:00","dateModified":"2025-01-10T07:54:36+00:00","description":"Al conectarse de forma inal\u00e1mbrica a su sistema CENTURION SM\u0394RT - Photon SM\u0394RT le ofrece un sistemaautomatizado que no s\u00f3lo es m\u00e1s seguro, sino que es tambi\u00e9nm\u00e1s inteligente.","breadcrumb":{"@id":"https:\/\/www.centsys.com\/mx\/photon-smart-sensores-de-seguridad-infrarrojos\/#breadcrumb"},"inLanguage":"en-ZA","potentialAction":[{"@type":"ReadAction","target":["https:\/\/www.centsys.com\/mx\/photon-smart-sensores-de-seguridad-infrarrojos\/"]}]},{"@type":"BreadcrumbList","@id":"https:\/\/www.centsys.com\/mx\/photon-smart-sensores-de-seguridad-infrarrojos\/#breadcrumb","itemListElement":[{"@type":"ListItem","position":1,"name":"INICIO","item":"https:\/\/www.centsys.com\/mx\/"},{"@type":"ListItem","position":2,"name":"PHOTON SMART"}]},{"@type":"WebSite","@id":"https:\/\/www.centsys.com\/mx\/#website","url":"https:\/\/www.centsys.com\/mx\/","name":"Centurion Systems Mexico","description":"Productos para Automatizaci\u00f3n de Acceso","potentialAction":[{"@type":"SearchAction","target":{"@type":"EntryPoint","urlTemplate":"https:\/\/www.centsys.com\/mx\/?s={search_term_string}"},"query-input":{"@type":"PropertyValueSpecification","valueRequired":true,"valueName":"search_term_string"}}],"inLanguage":"en-ZA"}]}},"_links":{"self":[{"href":"https:\/\/www.centsys.com\/mx\/wp-json\/wp\/v2\/pages\/22620","targetHints":{"allow":["GET"]}}],"collection":[{"href":"https:\/\/www.centsys.com\/mx\/wp-json\/wp\/v2\/pages"}],"about":[{"href":"https:\/\/www.centsys.com\/mx\/wp-json\/wp\/v2\/types\/page"}],"author":[{"embeddable":true,"href":"https:\/\/www.centsys.com\/mx\/wp-json\/wp\/v2\/users\/2"}],"replies":[{"embeddable":true,"href":"https:\/\/www.centsys.com\/mx\/wp-json\/wp\/v2\/comments?post=22620"}],"version-history":[{"count":0,"href":"https:\/\/www.centsys.com\/mx\/wp-json\/wp\/v2\/pages\/22620\/revisions"}],"wp:attachment":[{"href":"https:\/\/www.centsys.com\/mx\/wp-json\/wp\/v2\/media?parent=22620"}],"curies":[{"name":"wp","href":"https:\/\/api.w.org\/{rel}","templated":true}]}}