{"id":23207,"date":"2022-08-12T13:47:56","date_gmt":"2022-08-12T11:47:56","guid":{"rendered":"https:\/\/www.centsys.co.za\/?page_id=23207"},"modified":"2025-06-30T08:04:08","modified_gmt":"2025-06-30T06:04:08","slug":"r6-motor-rotativo-para-puertas-abatibles","status":"publish","type":"page","link":"https:\/\/www.centsys.com\/mx\/r6-motor-rotativo-para-puertas-abatibles\/","title":{"rendered":"R6 Motor articulado para puertas abatibles"},"content":{"rendered":"<p>[et_pb_section fb_built=&#8221;1&#8243; fullwidth=&#8221;on&#8221; admin_label=&#8221;R6 Main banner&#8221; _builder_version=&#8221;4.17.6&#8243; _module_preset=&#8221;default&#8221; global_colors_info=&#8221;{}&#8221;][et_pb_fullwidth_image src=&#8221;https:\/\/www.centsys.com\/mx\/img\/r6\/R6%20Motor%20articulado%20para%20puertas%20abatibles_Main%20Banner.jpg&#8221; _builder_version=&#8221;4.20.4&#8243; _module_preset=&#8221;default&#8221; global_colors_info=&#8221;{}&#8221;][\/et_pb_fullwidth_image][\/et_pb_section][et_pb_section fb_built=&#8221;1&#8243; admin_label=&#8221;R6 Introduction Content&#8221; _builder_version=&#8221;4.17.6&#8243; _module_preset=&#8221;default&#8221; custom_padding=&#8221;||9px|||&#8221; global_colors_info=&#8221;{}&#8221;][et_pb_row _builder_version=&#8221;4.17.6&#8243; _module_preset=&#8221;default&#8221; custom_padding=&#8221;||10px|||&#8221; global_colors_info=&#8221;{}&#8221;][et_pb_column type=&#8221;4_4&#8243; _builder_version=&#8221;4.17.6&#8243; _module_preset=&#8221;default&#8221; global_colors_info=&#8221;{}&#8221;][et_pb_text _builder_version=&#8221;4.20.4&#8243; _module_preset=&#8221;default&#8221; global_colors_info=&#8221;{}&#8221;]<\/p>\n<h1>CENTURION R6 &#8211; Motor articulado para puertas abatibles<\/h1>\n<p>El R6 es un motor para puertas con una distinci\u00f3n evidente, del que estar\u00e1 satisfecho. Su movimiento fluido es considerado como una obra de arte, que convierte al R6 en el \u00faltimo concepto de confort, que no s\u00f3lo es un elemento destacado en su puerta abatible, sino que tambi\u00e9n ofrece seguridad, comodidad y fiabilidad.<\/p>\n<p>Adem\u00e1s, de ser muy resistente, nuestras t\u00e9cnicas comprobadas y combinadas con una ingenier\u00eda superior con los materiales m\u00e1s robustos y duraderos, garantizan que el R6 sea un aliado a largo plazo, y una soluci\u00f3n para la automatizaci\u00f3n de accesos en su hogar.<\/p>\n<p>El R6 no es solamente un sistema de seguridad y automatizaci\u00f3n, sino que tambi\u00e9n es una garant\u00eda de tranquilidad.<\/p>\n<p>[\/et_pb_text][\/et_pb_column][\/et_pb_row][\/et_pb_section][et_pb_section fb_built=&#8221;1&#8243; admin_label=&#8221;R6 Secondary Image Section&#8221; _builder_version=&#8221;4.17.6&#8243; _module_preset=&#8221;default&#8221; custom_padding=&#8221;9px||3px|||&#8221; global_colors_info=&#8221;{}&#8221;][et_pb_row _builder_version=&#8221;4.17.6&#8243; _module_preset=&#8221;default&#8221; custom_padding=&#8221;3px|||||&#8221; global_colors_info=&#8221;{}&#8221;][et_pb_column type=&#8221;4_4&#8243; _builder_version=&#8221;4.17.6&#8243; _module_preset=&#8221;default&#8221; global_colors_info=&#8221;{}&#8221;][et_pb_image src=&#8221;https:\/\/www.centsys.co.za\/img\/products\/r6\/CENTURION-R6-SWING-GATE-MAIN-IMG.jpg&#8221; _builder_version=&#8221;4.20.4&#8243; _module_preset=&#8221;default&#8221; global_colors_info=&#8221;{}&#8221;][\/et_pb_image][\/et_pb_column][\/et_pb_row][\/et_pb_section][et_pb_section fb_built=&#8221;1&#8243; _builder_version=&#8221;4.17.6&#8243; _module_preset=&#8221;default&#8221; custom_padding=&#8221;6px||11px|||&#8221; global_colors_info=&#8221;{}&#8221;][et_pb_row column_structure=&#8221;3_5,2_5&#8243; _builder_version=&#8221;4.17.6&#8243; _module_preset=&#8221;default&#8221; global_colors_info=&#8221;{}&#8221;][et_pb_column type=&#8221;3_5&#8243; _builder_version=&#8221;4.17.6&#8243; _module_preset=&#8221;default&#8221; global_colors_info=&#8221;{}&#8221;][et_pb_text _builder_version=&#8221;4.21.0&#8243; _module_preset=&#8221;default&#8221; global_colors_info=&#8221;{}&#8221;]<\/p>\n<h2>CARACTER\u00cdSTICAS PRINCIPALES:<\/h2>\n<ul>\n<li>F\u00e1cil configuraci\u00f3n de l\u00edmites.<\/li>\n<li>Protecciones contra apertura forzada para una mayor seguridad.<\/li>\n<li>Altamente vers\u00e1til: se puede adaptar a una gran cantidad de sitios diferentes.<\/li>\n<li>Se puede adaptar a sitios existentes (con adaptadores relevantes).<\/li>\n<li>Suave y confiable, extendiendo la vida \u00fatil del motor.<\/li>\n<li>Funcionamiento seguro y silencioso.<\/li>\n<li>Funcionamiento r\u00e1pido.<\/li>\n<li>Control de posici\u00f3n preciso y tecnolog\u00eda sensible de detecci\u00f3n de obstrucciones para una mayor tranquilidad.<\/li>\n<li>Listo para cualquier corte de energ\u00eda con respaldo de bater\u00eda confiable.<\/li>\n<\/ul>\n<p>[\/et_pb_text][\/et_pb_column][et_pb_column type=&#8221;2_5&#8243; _builder_version=&#8221;4.17.6&#8243; _module_preset=&#8221;default&#8221; global_colors_info=&#8221;{}&#8221;][et_pb_image src=&#8221;https:\/\/www.centsys.co.za\/img\/products\/r6\/CENTURION-SYSTEMS-R6-SWING-GATE-LOGGO.jpg&#8221; _builder_version=&#8221;4.20.4&#8243; _module_preset=&#8221;default&#8221; global_colors_info=&#8221;{}&#8221;][\/et_pb_image][et_pb_image src=&#8221;https:\/\/www.centsys.co.za\/img\/products\/r6\/R6-SWING-GATE.jpg&#8221; _builder_version=&#8221;4.20.4&#8243; _module_preset=&#8221;default&#8221; global_colors_info=&#8221;{}&#8221;][\/et_pb_image][et_pb_code _builder_version=&#8221;4.27.4&#8243; _module_preset=&#8221;default&#8221; hover_enabled=&#8221;0&#8243; global_colors_info=&#8221;{}&#8221; sticky_enabled=&#8221;0&#8243;]<\/p>\n<table border=\"0\" width=\"330\"><!-- [et_pb_line_break_holder] --><\/p>\n<tbody><!-- [et_pb_line_break_holder] --><\/p>\n<tr><!-- [et_pb_line_break_holder] --><\/p>\n<td><img decoding=\"async\" src=\"https:\/\/www.centsys.com\/mx\/img\/r6\/R6%20Motor%20articulado%20para%20puertas%20abatibles_MX_PDF.jpg\" \/><\/td>\n<p><!-- [et_pb_line_break_holder] --><\/p>\n<td><a href=\"https:\/\/www.centsys.com\/lat\/pdf\/r6\/1404.D.02.0002%20R6%20Brochure%20SP%20LAT_06062025_AP_Web.pdf\">Folleto: R6 (950kB)<\/a><\/td>\n<p><!-- [et_pb_line_break_holder] --><\/tr>\n<p><!-- [et_pb_line_break_holder] --><\/p>\n<tr><!-- [et_pb_line_break_holder] --><\/p>\n<td><img decoding=\"async\" src=\"https:\/\/www.centsys.com\/mx\/img\/r6\/R6%20Motor%20articulado%20para%20puertas%20abatibles_MX_PDF.jpg\" \/><\/td>\n<p><!-- [et_pb_line_break_holder] --><\/p>\n<td><a href=\"https:\/\/www.centsys.com\/lat\/pdf\/r6\/1404.D.01.0004%20R6%20Installation%20Manual%20SP%20LAT_09062025_AP_Web.pdf\">Manual de instalaci\u00f3n: R6 (5.8MB)<\/a><\/td>\n<p><!-- [et_pb_line_break_holder] --><\/tr>\n<p><!-- [et_pb_line_break_holder] --> <\/p>\n<tr><!-- [et_pb_line_break_holder] --><\/p>\n<td><img decoding=\"async\" src=\"https:\/\/www.centsys.com\/mx\/img\/r6\/R6%20Motor%20articulado%20para%20puertas%20abatibles_MX_PDF.jpg\" \/><\/td>\n<p><!-- [et_pb_line_break_holder] --><\/p>\n<td><a href=\"https:\/\/www.centsys.com\/lat\/pdf\/r6\/1404.D.01.0009%20R6%20Pedestal%20Template%20SP%20LAT%2018062025_AP_Web.pdf\">Plantilla de ajuste: R6 (148kB)<\/a><\/td>\n<p><!-- [et_pb_line_break_holder] --><\/tr>\n<p><!-- [et_pb_line_break_holder] --><!-- [et_pb_line_break_holder] --><\/tbody>\n<p><!-- [et_pb_line_break_holder] --><\/table>\n<p><!-- [et_pb_line_break_holder] --><\/tbody>\n<p><!-- [et_pb_line_break_holder] --><\/table>\n<p>[\/et_pb_code][\/et_pb_column][\/et_pb_row][\/et_pb_section][et_pb_section fb_built=&#8221;1&#8243; _builder_version=&#8221;4.17.6&#8243; _module_preset=&#8221;default&#8221; custom_padding=&#8221;4px|||||&#8221; global_colors_info=&#8221;{}&#8221;][et_pb_row _builder_version=&#8221;4.17.6&#8243; _module_preset=&#8221;default&#8221; global_colors_info=&#8221;{}&#8221;][et_pb_column type=&#8221;4_4&#8243; _builder_version=&#8221;4.17.6&#8243; _module_preset=&#8221;default&#8221; global_colors_info=&#8221;{}&#8221;][et_pb_text _builder_version=&#8221;4.21.0&#8243; _module_preset=&#8221;default&#8221; global_colors_info=&#8221;{}&#8221;]<\/p>\n<p><div id=\"footable_parent_24518\"\n         class=\" footable_parent ninja_table_wrapper loading_ninja_table wp_table_data_press_parent semantic_ui \">\n                <table data-ninja_table_instance=\"ninja_table_instance_0\" data-footable_id=\"24518\" data-filter-delay=\"1000\" aria-label=\"r6-swing-table-1\"            id=\"footable_24518\"\n           data-unique_identifier=\"ninja_table_unique_id_1813590265_24518\"\n           class=\" foo-table ninja_footable foo_table_24518 ninja_table_unique_id_1813590265_24518 ui table  nt_type_ajax_table selectable striped vertical_centered  footable-paging-right ninja_table_search_disabled\">\n                <colgroup>\n                            <col class=\"ninja_column_0 \">\n                            <col class=\"ninja_column_1 \">\n                    <\/colgroup>\n            <\/table>\n    \n    \n    \n<\/div>\n<br \/><div id=\"footable_parent_24519\"\n         class=\" footable_parent ninja_table_wrapper loading_ninja_table wp_table_data_press_parent semantic_ui \">\n                <table data-ninja_table_instance=\"ninja_table_instance_1\" data-footable_id=\"24519\" data-filter-delay=\"1000\" aria-label=\"r6-swing-table-2\"            id=\"footable_24519\"\n           data-unique_identifier=\"ninja_table_unique_id_4214817634_24519\"\n           class=\" foo-table ninja_footable foo_table_24519 ninja_table_unique_id_4214817634_24519 ui table  nt_type_ajax_table selectable striped vertical_centered  footable-paging-right ninja_table_search_disabled\">\n                <colgroup>\n                            <col class=\"ninja_column_0 \">\n                            <col class=\"ninja_column_1 \">\n                            <col class=\"ninja_column_2 \">\n                            <col class=\"ninja_column_3 \">\n                            <col class=\"ninja_column_4 \">\n                    <\/colgroup>\n            <\/table>\n    \n    \n    \n<\/div>\n<br \/><div id=\"footable_parent_24520\"\n         class=\" footable_parent ninja_table_wrapper loading_ninja_table wp_table_data_press_parent semantic_ui \">\n                <table data-ninja_table_instance=\"ninja_table_instance_2\" data-footable_id=\"24520\" data-filter-delay=\"1000\" aria-label=\"r6-swing-table-3\"            id=\"footable_24520\"\n           data-unique_identifier=\"ninja_table_unique_id_4149021022_24520\"\n           class=\" foo-table ninja_footable foo_table_24520 ninja_table_unique_id_4149021022_24520 ui table  nt_type_ajax_table selectable striped vertical_centered  footable-paging-right ninja_table_search_disabled\">\n                <colgroup>\n                            <col class=\"ninja_column_0 \">\n                            <col class=\"ninja_column_1 \">\n                            <col class=\"ninja_column_2 \">\n                    <\/colgroup>\n            <\/table>\n    \n    \n    \n<\/div>\n<br \/><div id=\"footable_parent_24521\"\n         class=\" footable_parent ninja_table_wrapper loading_ninja_table wp_table_data_press_parent semantic_ui \">\n                <table data-ninja_table_instance=\"ninja_table_instance_3\" data-footable_id=\"24521\" data-filter-delay=\"1000\" aria-label=\"r6-swing-table-4\"            id=\"footable_24521\"\n           data-unique_identifier=\"ninja_table_unique_id_2644174926_24521\"\n           class=\" foo-table ninja_footable foo_table_24521 ninja_table_unique_id_2644174926_24521 ui table  nt_type_ajax_table selectable striped vertical_centered  footable-paging-right ninja_table_search_disabled\">\n                <colgroup>\n                            <col class=\"ninja_column_0 \">\n                            <col class=\"ninja_column_1 \">\n                    <\/colgroup>\n            <\/table>\n    \n    \n    \n<\/div>\n<\/p>\n<ol>\n<li style=\"text-align: left;\">Puede funcionar con un suministro solar, por favor p\u00f3ngase en contacto con Centurion Systems (Pty) Ltd para obtener m\u00e1s informaci\u00f3n.<\/li>\n<li style=\"text-align: left;\">Estos valores se basan en bater\u00edas totalmente cargadas, disminuya la potencia en funci\u00f3n de los dispositivos auxiliares conectados.<\/li>\n<li style=\"text-align: left;\">Elija la opci\u00f3n adecuada en funci\u00f3n de las necesidades del sitio.<\/li>\n<li style=\"text-align: left;\">El peso de un conjunto de motor (independientemente si es maestro o esclavo).<\/li>\n<\/ol>\n<h2>ESPECIFICACIONES DE LA PUERTA<\/h2>\n<h4>Motor de torque est\u00e1ndar R6<\/h4>\n<div id=\"footable_parent_24522\"\n         class=\" footable_parent ninja_table_wrapper loading_ninja_table wp_table_data_press_parent semantic_ui \">\n                <table data-ninja_table_instance=\"ninja_table_instance_4\" data-footable_id=\"24522\" data-filter-delay=\"1000\" aria-label=\"r6-swing-table-5\"            id=\"footable_24522\"\n           data-unique_identifier=\"ninja_table_unique_id_3620242244_24522\"\n           class=\" foo-table ninja_footable foo_table_24522 ninja_table_unique_id_3620242244_24522 ui table  nt_type_ajax_table selectable striped vertical_centered  footable-paging-right ninja_table_search_disabled\">\n                <colgroup>\n                            <col class=\"ninja_column_0 \">\n                            <col class=\"ninja_column_1 \">\n                            <col class=\"ninja_column_2 \">\n                            <col class=\"ninja_column_3 \">\n                            <col class=\"ninja_column_4 \">\n                            <col class=\"ninja_column_5 \">\n                            <col class=\"ninja_column_6 \">\n                            <col class=\"ninja_column_7 \">\n                            <col class=\"ninja_column_8 \">\n                    <\/colgroup>\n            <\/table>\n    \n    \n    \n<\/div>\n\n<ol>\n<li>Tiempo de apertura sin viento ~ 12s. Los tiempos de apertura y cierre de la puerta aumentar\u00e1n a medida que aumente la velocidad del viento.<\/li>\n<li>Fit an electric gate lock if the leaf width is greater than 3 metres.<\/li>\n<\/ol>\n<h4>Motor de alto torque R6<\/h4>\n<div id=\"footable_parent_24523\"\n         class=\" footable_parent ninja_table_wrapper loading_ninja_table wp_table_data_press_parent semantic_ui \">\n                <table data-ninja_table_instance=\"ninja_table_instance_5\" data-footable_id=\"24523\" data-filter-delay=\"1000\" aria-label=\"r6-swing-table-6\"            id=\"footable_24523\"\n           data-unique_identifier=\"ninja_table_unique_id_1993128079_24523\"\n           class=\" foo-table ninja_footable foo_table_24523 ninja_table_unique_id_1993128079_24523 ui table  nt_type_ajax_table selectable striped vertical_centered  footable-paging-right ninja_table_search_disabled\">\n                <colgroup>\n                            <col class=\"ninja_column_0 \">\n                            <col class=\"ninja_column_1 \">\n                            <col class=\"ninja_column_2 \">\n                            <col class=\"ninja_column_3 \">\n                            <col class=\"ninja_column_4 \">\n                            <col class=\"ninja_column_5 \">\n                            <col class=\"ninja_column_6 \">\n                            <col class=\"ninja_column_7 \">\n                            <col class=\"ninja_column_8 \">\n                    <\/colgroup>\n            <\/table>\n    \n    \n    \n<\/div>\n\n<ol>\n<li>Tiempo de apertura sin viento ~ 15s. Los tiempos de apertura y cierre de la puerta aumentar\u00e1n a medida que aumente la velocidad del viento.<\/li>\n<li>Instale una cerradura el\u00e9ctrica si la longitud de la hoja es superior a 3 metros.<\/li>\n<\/ol>\n<p>[\/et_pb_text][\/et_pb_column][\/et_pb_row][\/et_pb_section][et_pb_section fb_built=&#8221;1&#8243; fullwidth=&#8221;on&#8221; _builder_version=&#8221;4.21.0&#8243; _module_preset=&#8221;default&#8221; global_module=&#8221;24464&#8243; global_colors_info=&#8221;{}&#8221;][et_pb_fullwidth_image src=&#8221;https:\/\/www.centsys.com\/lat\/img\/admin\/Centurion%20Systems_Motores%20para%20puertas%20corredizas_imagen.jpg&#8221; url=&#8221;https:\/\/www.centsys.com\/mx\/smart&#8221; admin_label=&#8221;FOOTER_SITE WIDE&#8221; _builder_version=&#8221;4.27.2&#8243; _module_preset=&#8221;default&#8221; global_colors_info=&#8221;{}&#8221;][\/et_pb_fullwidth_image][et_pb_fullwidth_header button_one_text=&#8221;Cont\u00e1ctenos&#8221; button_one_url=&#8221;https:\/\/www.centsys.com\/mx\/detalles-de-contacto\/&#8221; button_two_text=&#8221;Soporte t\u00e9cnico&#8221; button_two_url=&#8221;https:\/\/www.centsys.com\/mx\/centro-de-llamadas\/&#8221; disabled_on=&#8221;on|on|on&#8221; _builder_version=&#8221;4.25.2&#8243; _module_preset=&#8221;default&#8221; background_color=&#8221;#c1c1c1&#8243; custom_button_one=&#8221;on&#8221; button_one_text_color=&#8221;#FFFFFF&#8221; button_one_bg_color=&#8221;#999999&#8243; button_one_border_color=&#8221;#8e8e8e&#8221; custom_button_two=&#8221;on&#8221; button_two_text_color=&#8221;#FFFFFF&#8221; button_two_bg_color=&#8221;#999999&#8243; button_two_border_color=&#8221;#8e8e8e&#8221; custom_padding=&#8221;5px||19px|||&#8221; disabled=&#8221;on&#8221; global_colors_info=&#8221;{}&#8221;][\/et_pb_fullwidth_header][\/et_pb_section]<\/p>\n","protected":false},"excerpt":{"rendered":"<p>CENTURION R6 &#8211; Motor articulado para puertas abatibles El R6 es un motor para puertas con una distinci\u00f3n evidente, del que estar\u00e1 satisfecho. Su movimiento fluido es considerado como una obra de arte, que convierte al R6 en el \u00faltimo concepto de confort, que no s\u00f3lo es un elemento destacado en su puerta abatible, sino [&hellip;]<\/p>\n","protected":false},"author":2,"featured_media":23207,"parent":0,"menu_order":0,"comment_status":"closed","ping_status":"closed","template":"","meta":{"_et_pb_use_builder":"on","_et_pb_old_content":"","_et_gb_content_width":"","_joinchat":[],"footnotes":""},"class_list":["post-23207","page","type-page","status-publish","has-post-thumbnail","hentry"],"yoast_head":"<!-- This site is optimized with the Yoast SEO Premium plugin v26.6 (Yoast SEO v27.3) - https:\/\/yoast.com\/product\/yoast-seo-premium-wordpress\/ -->\r\n<title>R6 Motor articulado para puertas abatibles - Centurion Systems<\/title>\r\n<meta name=\"description\" content=\"El R6 no es solamente un sistema de seguridad y automatizaci\u00f3n, sino que tambi\u00e9n es una garant\u00eda de tranquilidad.\" \/>\r\n<meta name=\"robots\" content=\"index, follow, max-snippet:-1, max-image-preview:large, max-video-preview:-1\" \/>\r\n<link rel=\"canonical\" href=\"https:\/\/www.centsys.com\/mx\/r6-motor-rotativo-para-puertas-abatibles\/\" \/>\r\n<meta property=\"og:locale\" content=\"en_US\" \/>\r\n<meta property=\"og:type\" content=\"article\" \/>\r\n<meta property=\"og:title\" content=\"R6 Motor articulado para puertas abatibles\" \/>\r\n<meta property=\"og:description\" content=\"El R6 no es solamente un sistema de seguridad y automatizaci\u00f3n, sino que tambi\u00e9n es una garant\u00eda de tranquilidad.\" \/>\r\n<meta property=\"og:url\" content=\"https:\/\/www.centsys.com\/mx\/r6-motor-rotativo-para-puertas-abatibles\/\" \/>\r\n<meta property=\"og:site_name\" content=\"Centurion Systems Mexico\" \/>\r\n<meta property=\"article:modified_time\" content=\"2025-06-30T06:04:08+00:00\" \/>\r\n<meta property=\"og:image\" content=\"https:\/\/www.centsys.com\/mx\/img\/r6\/R6%20Motor%20articulado%20para%20puertas%20abatibles_MX_PDF.jpg\" \/>\r\n<meta name=\"twitter:card\" content=\"summary_large_image\" \/>\r\n<meta name=\"twitter:label1\" content=\"Est. reading time\" \/>\n\t<meta name=\"twitter:data1\" content=\"4 minutes\" \/>\r\n<script type=\"application\/ld+json\" class=\"yoast-schema-graph\">{\"@context\":\"https:\\\/\\\/schema.org\",\"@graph\":[{\"@type\":\"WebPage\",\"@id\":\"https:\\\/\\\/www.centsys.com\\\/mx\\\/r6-motor-rotativo-para-puertas-abatibles\\\/\",\"url\":\"https:\\\/\\\/www.centsys.com\\\/mx\\\/r6-motor-rotativo-para-puertas-abatibles\\\/\",\"name\":\"R6 Motor articulado para puertas abatibles - Centurion Systems\",\"isPartOf\":{\"@id\":\"https:\\\/\\\/www.centsys.com\\\/mx\\\/#website\"},\"primaryImageOfPage\":{\"@id\":\"https:\\\/\\\/www.centsys.com\\\/mx\\\/r6-motor-rotativo-para-puertas-abatibles\\\/#primaryimage\"},\"image\":{\"@id\":\"https:\\\/\\\/www.centsys.com\\\/mx\\\/r6-motor-rotativo-para-puertas-abatibles\\\/#primaryimage\"},\"thumbnailUrl\":\"https:\\\/\\\/www.centsys.co.za\\\/img\\\/products\\\/r6\\\/R6-SWING-GATE.jpg\",\"datePublished\":\"2022-08-12T11:47:56+00:00\",\"dateModified\":\"2025-06-30T06:04:08+00:00\",\"description\":\"El R6 no es solamente un sistema de seguridad y automatizaci\u00f3n, sino que tambi\u00e9n es una garant\u00eda de tranquilidad.\",\"breadcrumb\":{\"@id\":\"https:\\\/\\\/www.centsys.com\\\/mx\\\/r6-motor-rotativo-para-puertas-abatibles\\\/#breadcrumb\"},\"inLanguage\":\"en-ZA\",\"potentialAction\":[{\"@type\":\"ReadAction\",\"target\":[\"https:\\\/\\\/www.centsys.com\\\/mx\\\/r6-motor-rotativo-para-puertas-abatibles\\\/\"]}]},{\"@type\":\"ImageObject\",\"inLanguage\":\"en-ZA\",\"@id\":\"https:\\\/\\\/www.centsys.com\\\/mx\\\/r6-motor-rotativo-para-puertas-abatibles\\\/#primaryimage\",\"url\":\"https:\\\/\\\/www.centsys.co.za\\\/img\\\/products\\\/r6\\\/R6-SWING-GATE.jpg\",\"contentUrl\":\"https:\\\/\\\/www.centsys.co.za\\\/img\\\/products\\\/r6\\\/R6-SWING-GATE.jpg\"},{\"@type\":\"BreadcrumbList\",\"@id\":\"https:\\\/\\\/www.centsys.com\\\/mx\\\/r6-motor-rotativo-para-puertas-abatibles\\\/#breadcrumb\",\"itemListElement\":[{\"@type\":\"ListItem\",\"position\":1,\"name\":\"INICIO\",\"item\":\"https:\\\/\\\/www.centsys.com\\\/mx\\\/\"},{\"@type\":\"ListItem\",\"position\":2,\"name\":\"R6 Motor articulado para puertas abatibles\"}]},{\"@type\":\"WebSite\",\"@id\":\"https:\\\/\\\/www.centsys.com\\\/mx\\\/#website\",\"url\":\"https:\\\/\\\/www.centsys.com\\\/mx\\\/\",\"name\":\"Centurion Systems Mexico\",\"description\":\"Productos para Automatizaci\u00f3n de Acceso\",\"potentialAction\":[{\"@type\":\"SearchAction\",\"target\":{\"@type\":\"EntryPoint\",\"urlTemplate\":\"https:\\\/\\\/www.centsys.com\\\/mx\\\/?s={search_term_string}\"},\"query-input\":{\"@type\":\"PropertyValueSpecification\",\"valueRequired\":true,\"valueName\":\"search_term_string\"}}],\"inLanguage\":\"en-ZA\"}]}<\/script>\r\n<!-- \/ Yoast SEO Premium plugin. -->","yoast_head_json":{"title":"R6 Motor articulado para puertas abatibles - Centurion Systems","description":"El R6 no es solamente un sistema de seguridad y automatizaci\u00f3n, sino que tambi\u00e9n es una garant\u00eda de tranquilidad.","robots":{"index":"index","follow":"follow","max-snippet":"max-snippet:-1","max-image-preview":"max-image-preview:large","max-video-preview":"max-video-preview:-1"},"canonical":"https:\/\/www.centsys.com\/mx\/r6-motor-rotativo-para-puertas-abatibles\/","og_locale":"en_US","og_type":"article","og_title":"R6 Motor articulado para puertas abatibles","og_description":"El R6 no es solamente un sistema de seguridad y automatizaci\u00f3n, sino que tambi\u00e9n es una garant\u00eda de tranquilidad.","og_url":"https:\/\/www.centsys.com\/mx\/r6-motor-rotativo-para-puertas-abatibles\/","og_site_name":"Centurion Systems Mexico","article_modified_time":"2025-06-30T06:04:08+00:00","og_image":[{"url":"https:\/\/www.centsys.com\/mx\/img\/r6\/R6%20Motor%20articulado%20para%20puertas%20abatibles_MX_PDF.jpg","type":"","width":"","height":""}],"twitter_card":"summary_large_image","twitter_misc":{"Est. reading time":"4 minutes"},"schema":{"@context":"https:\/\/schema.org","@graph":[{"@type":"WebPage","@id":"https:\/\/www.centsys.com\/mx\/r6-motor-rotativo-para-puertas-abatibles\/","url":"https:\/\/www.centsys.com\/mx\/r6-motor-rotativo-para-puertas-abatibles\/","name":"R6 Motor articulado para puertas abatibles - Centurion Systems","isPartOf":{"@id":"https:\/\/www.centsys.com\/mx\/#website"},"primaryImageOfPage":{"@id":"https:\/\/www.centsys.com\/mx\/r6-motor-rotativo-para-puertas-abatibles\/#primaryimage"},"image":{"@id":"https:\/\/www.centsys.com\/mx\/r6-motor-rotativo-para-puertas-abatibles\/#primaryimage"},"thumbnailUrl":"https:\/\/www.centsys.co.za\/img\/products\/r6\/R6-SWING-GATE.jpg","datePublished":"2022-08-12T11:47:56+00:00","dateModified":"2025-06-30T06:04:08+00:00","description":"El R6 no es solamente un sistema de seguridad y automatizaci\u00f3n, sino que tambi\u00e9n es una garant\u00eda de tranquilidad.","breadcrumb":{"@id":"https:\/\/www.centsys.com\/mx\/r6-motor-rotativo-para-puertas-abatibles\/#breadcrumb"},"inLanguage":"en-ZA","potentialAction":[{"@type":"ReadAction","target":["https:\/\/www.centsys.com\/mx\/r6-motor-rotativo-para-puertas-abatibles\/"]}]},{"@type":"ImageObject","inLanguage":"en-ZA","@id":"https:\/\/www.centsys.com\/mx\/r6-motor-rotativo-para-puertas-abatibles\/#primaryimage","url":"https:\/\/www.centsys.co.za\/img\/products\/r6\/R6-SWING-GATE.jpg","contentUrl":"https:\/\/www.centsys.co.za\/img\/products\/r6\/R6-SWING-GATE.jpg"},{"@type":"BreadcrumbList","@id":"https:\/\/www.centsys.com\/mx\/r6-motor-rotativo-para-puertas-abatibles\/#breadcrumb","itemListElement":[{"@type":"ListItem","position":1,"name":"INICIO","item":"https:\/\/www.centsys.com\/mx\/"},{"@type":"ListItem","position":2,"name":"R6 Motor articulado para puertas abatibles"}]},{"@type":"WebSite","@id":"https:\/\/www.centsys.com\/mx\/#website","url":"https:\/\/www.centsys.com\/mx\/","name":"Centurion Systems Mexico","description":"Productos para Automatizaci\u00f3n de Acceso","potentialAction":[{"@type":"SearchAction","target":{"@type":"EntryPoint","urlTemplate":"https:\/\/www.centsys.com\/mx\/?s={search_term_string}"},"query-input":{"@type":"PropertyValueSpecification","valueRequired":true,"valueName":"search_term_string"}}],"inLanguage":"en-ZA"}]}},"_links":{"self":[{"href":"https:\/\/www.centsys.com\/mx\/wp-json\/wp\/v2\/pages\/23207","targetHints":{"allow":["GET"]}}],"collection":[{"href":"https:\/\/www.centsys.com\/mx\/wp-json\/wp\/v2\/pages"}],"about":[{"href":"https:\/\/www.centsys.com\/mx\/wp-json\/wp\/v2\/types\/page"}],"author":[{"embeddable":true,"href":"https:\/\/www.centsys.com\/mx\/wp-json\/wp\/v2\/users\/2"}],"replies":[{"embeddable":true,"href":"https:\/\/www.centsys.com\/mx\/wp-json\/wp\/v2\/comments?post=23207"}],"version-history":[{"count":0,"href":"https:\/\/www.centsys.com\/mx\/wp-json\/wp\/v2\/pages\/23207\/revisions"}],"wp:featuredmedia":[{"embeddable":true,"href":"https:\/\/www.centsys.com\/mx\/wp-json\/wp\/v2\/pages\/23207"}],"wp:attachment":[{"href":"https:\/\/www.centsys.com\/mx\/wp-json\/wp\/v2\/media?parent=23207"}],"curies":[{"name":"wp","href":"https:\/\/api.w.org\/{rel}","templated":true}]}}