{"id":24459,"date":"2023-08-04T11:12:34","date_gmt":"2023-08-04T09:12:34","guid":{"rendered":"https:\/\/www.centsys.com\/lat\/?page_id=24459"},"modified":"2024-01-17T08:45:03","modified_gmt":"2024-01-17T06:45:03","slug":"sector-ii-barreras-vehiculares","status":"publish","type":"page","link":"https:\/\/www.centsys.com\/mx\/sector-ii-barreras-vehiculares\/","title":{"rendered":"SECTOR II"},"content":{"rendered":"<p>[et_pb_section fb_built=&#8221;1&#8243; fullwidth=&#8221;on&#8221; _builder_version=&#8221;4.16&#8243; background_enable_image=&#8221;off&#8221; locked=&#8221;off&#8221; global_colors_info=&#8221;{}&#8221;][et_pb_fullwidth_image src=&#8221;https:\/\/www.centsys.com\/mx\/img\/sector%20ii\/CENTURION%20SECTOR%20II_barreras%20vehiculares%20industrial%20de%20alto%20volumen_Main.jpg&#8221; _builder_version=&#8221;4.21.2&#8243; _module_preset=&#8221;default&#8221; global_colors_info=&#8221;{}&#8221;][\/et_pb_fullwidth_image][\/et_pb_section][et_pb_section fb_built=&#8221;1&#8243; fullwidth=&#8221;on&#8221; _builder_version=&#8221;4.9.2&#8243; global_module=&#8221;4804&#8243; global_colors_info=&#8221;{}&#8221;][et_pb_fullwidth_code admin_label=&#8221;SEO BREADCRUMBS&#8221; _builder_version=&#8221;4.16&#8243; _module_preset=&#8221;default&#8221; background_color=&#8221;#e5e5e5&#8243; custom_padding=&#8221;|||15%|false|false&#8221; global_colors_info=&#8221;{}&#8221;]<span><span><a href=\"https:\/\/www.centsys.com\/mx\/\">INICIO<\/a><\/span><\/span>[\/et_pb_fullwidth_code][\/et_pb_section][et_pb_section fb_built=&#8221;1&#8243; _builder_version=&#8221;4.16&#8243; global_colors_info=&#8221;{}&#8221;][et_pb_row _builder_version=&#8221;4.16&#8243; global_colors_info=&#8221;{}&#8221;][et_pb_column type=&#8221;4_4&#8243; _builder_version=&#8221;4.16&#8243; global_colors_info=&#8221;{}&#8221;][et_pb_text _builder_version=&#8221;4.21.0&#8243; global_colors_info=&#8221;{}&#8221;]<\/p>\n<h1 class=\"p1\" style=\"text-align: center;\">SECTOR II \u2013 BARRERAS DE CONTROL DE ACCESO VEHICULAR<\/h1>\n<div data-canvas-width=\"825.4812130592156\">\n<div id=\"pageContainer1\" class=\"page\" data-page-number=\"1\" data-loaded=\"true\">\n<div class=\"textLayer\">\n<div data-canvas-width=\"524.4232367747579\">\n<div data-canvas-width=\"524.4232367747579\">\n<p style=\"text-align: center;\">Presentamos al \u00fanico en su tipo, control de acceso vehicular de gran volumen. Con un aspecto actualizado que combina perfectamente con su rendimiento m\u00e1ximo, un dise\u00f1o optimizado para lo \u00faltimo en facilidad de instalaci\u00f3n y con la impresionante velocidad que se convirti\u00f3 en el rey de la jungla en control de acceso, el <strong>SECTOR II<\/strong> es la encarnaci\u00f3n de la evoluci\u00f3n de la automatizaci\u00f3n.\u00a0Velocidad, respuesta e inteligencia. El <strong>SECTOR II<\/strong> es \u00fanico en su tipo.<\/p>\n<\/div>\n<\/div>\n<\/div>\n<\/div>\n<\/div>\n<p>[\/et_pb_text][\/et_pb_column][\/et_pb_row][et_pb_row _builder_version=&#8221;4.16&#8243; custom_padding=&#8221;||0px|||&#8221; global_colors_info=&#8221;{}&#8221;][et_pb_column type=&#8221;4_4&#8243; _builder_version=&#8221;4.16&#8243; global_colors_info=&#8221;{}&#8221;][et_pb_image src=&#8221;https:\/\/www.centsys.co.za\/img\/products\/sectorii\/CENTURION-SECTORII-MAIN-001.jpg&#8221; align=&#8221;center&#8221; _builder_version=&#8221;4.21.0&#8243; border_radii=&#8221;on|15px|15px|15px|15px&#8221; global_colors_info=&#8221;{}&#8221;][\/et_pb_image][et_pb_text _builder_version=&#8221;4.21.0&#8243; _module_preset=&#8221;default&#8221; global_colors_info=&#8221;{}&#8221;]<\/p>\n<h3>* NUEVO *<\/h3>\n<p>Hemos realizado algunas actualizaciones convincentes en la barrera de tr\u00e1fico SECTOR II, especialmente un nuevo dise\u00f1o de la barrera y la incorporaci\u00f3n de una banda LED. El nuevo dise\u00f1o de la barrera, de perfil rectangular, no s\u00f3lo mejora el aspecto visual de la barrera, sino que tambi\u00e9n aumenta su rigidez.<br \/>La barrera rectangular de f\u00e1cil montaje, con banda reflectante LED integrada y una cubierta est\u00e9ticamente mejorada, se puede adaptar sin problemas a cualquier poste SECTOR II. Esto mejora la aplicaci\u00f3n de Sector II al proporcionar una clara indicaci\u00f3n a los conductores de cu\u00e1ndo es seguro avanzar, lo que proporciona una gesti\u00f3n mucho m\u00e1s segura y r\u00e1pida de tr\u00e1fico, junto con el protector de pol\u00edmero contra impactos, que permite una mayor tranquilidad, tanto para el instalador como para las distintas partes en la gesti\u00f3n de la instalaci\u00f3n.<\/p>\n<p>La barrera LED rectangular es compatible con los accesorios existentes, como Trapex, Jack Knife y el cople para evitar la ruptura de la pluma.<\/p>\n<p>[\/et_pb_text][\/et_pb_column][\/et_pb_row][et_pb_row _builder_version=&#8221;4.21.0&#8243; _module_preset=&#8221;default&#8221; global_colors_info=&#8221;{}&#8221;][et_pb_column type=&#8221;4_4&#8243; _builder_version=&#8221;4.21.0&#8243; _module_preset=&#8221;default&#8221; global_colors_info=&#8221;{}&#8221;][et_pb_image src=&#8221;https:\/\/www.centsys.co.za\/img\/products\/sectorii\/CENTURION-SECTORII-MAIN-002.jpg&#8221; _builder_version=&#8221;4.21.0&#8243; _module_preset=&#8221;default&#8221; border_radii=&#8221;on|15px|15px|15px|15px&#8221; global_colors_info=&#8221;{}&#8221;][\/et_pb_image][\/et_pb_column][\/et_pb_row][et_pb_row column_structure=&#8221;2_3,1_3&#8243; _builder_version=&#8221;4.16&#8243; locked=&#8221;off&#8221; global_colors_info=&#8221;{}&#8221;][et_pb_column type=&#8221;2_3&#8243; _builder_version=&#8221;4.16&#8243; global_colors_info=&#8221;{}&#8221;][et_pb_text _builder_version=&#8221;4.21.2&#8243; global_colors_info=&#8221;{}&#8221;]<\/p>\n<div class=\"et_pb_module et_pb_text et_pb_text_1 et_pb_text_align_left et_pb_bg_layout_light\">\n<div class=\"et_pb_text_inner\">\n<h5>CARACTER\u00cdSTICAS PRINCIPALES:<\/h5>\n<ul>\n<li>Capacidad para gran vol\u00famen de tr\u00e1fico vehicular.<\/li>\n<li>Respaldo a bater\u00eda.<\/li>\n<li>R\u00e1pida elevaci\u00f3n de la barra (versi\u00f3n de 3 metros &lt;1,2 segundos).<\/li>\n<li>Control de velocidad silencioso e inteligente.<\/li>\n<li>Operaci\u00f3n de la barra de alta potencia.<\/li>\n<li>Carcasa del motor robusta, durable y atractiva; pregalvanizada que mejora la resistencia a la corrosi\u00f3n (con respecto a la versi\u00f3n en acero suave).<\/li>\n<li>Pantalla LCD de interfaz de usuario para f\u00e1cil configuraci\u00f3n.<\/li>\n<li>Receptor multicanal CENTURION que incluye salto de c\u00f3digo con adici\u00f3n y eliminaci\u00f3n selectiva.<\/li>\n<li>Funci\u00f3n temporizadora ChronoGuard integrada.<\/li>\n<li>Circuitos electr\u00f3nicos ubicados en el tope de la carcasa para f\u00e1cil acceso.<\/li>\n<li>Escotilla de aluminio recubierta con aislante \u2013escudo contra condensaci\u00f3n\u2013 que le da una apariencia atractiva a la unidad, a la vez que protege los circuitos electr\u00f3nicos de a\u00f1os por humedad.<\/li>\n<li>Enrutamiento y anclaje mejorado el cableado para una instalaci\u00f3n r\u00e1pida y limpia.<\/li>\n<li>F\u00e1cilmente aislable para AC y DC.<\/li>\n<li>Disponible en tres atractivos colores, todos incluyen la resaltante corona carmes\u00ed. Tenga en consideraci\u00f3n que se aplica una prima al precio para el modelo en color gris met\u00e1lico.<\/li>\n<\/ul>\n<\/div>\n<h3>NUEVO poste de pluma LED rectangular<\/h3>\n<ul>\n<li>Mejora el aspecto visual de la barrera<\/li>\n<li>Cubierta est\u00e9ticamente mejorada<\/li>\n<li>Protector de pol\u00edmero contra impactos<\/li>\n<li>Se puede adaptar sin problemas a cualquier poste SECTOR II.<\/li>\n<li>Compatible con los accesorios existentes\n<ul>\n<li>Acoplador separable<\/li>\n<li>Cuchilla Jack-knife<\/li>\n<li>Cerca de barrera Trapex<\/li>\n<\/ul>\n<\/li>\n<\/ul>\n<\/div>\n<p>[\/et_pb_text][et_pb_text _builder_version=&#8221;4.21.2&#8243; _module_preset=&#8221;default&#8221; global_colors_info=&#8221;{}&#8221;]<\/p>\n<h5>MODELOS:<\/h5>\n<ul>\n<li>SECTOR 3 \u2013 Barrera de velocidad r\u00e1pida para gran vol\u00famen de tr\u00e1fico vehicular, barra de 3 metros.<\/li>\n<li>SECTOR 4.5 \u2013 Barrera de velocidad est\u00e1ndar para gran vol\u00famen de tr\u00e1fico vehicular, barra de 4,5 metros.<\/li>\n<li>SECTOR 6 \u2013 Barrera de velocidad est\u00e1ndar para gran vol\u00famen de\u00a0tr\u00e1fico vehicular, barra de 6 metros.<\/li>\n<\/ul>\n<p>[\/et_pb_text][\/et_pb_column][et_pb_column type=&#8221;1_3&#8243; _builder_version=&#8221;4.16&#8243; global_colors_info=&#8221;{}&#8221;][et_pb_image src=&#8221;https:\/\/www.centsys.com\/lat\/img\/SECTOR%20II\/Logo%20-%20Barreras%20vehiculares%20autom%C3%A1ticas%20CENTURION%20SECTOR%20II.jpg&#8221; _builder_version=&#8221;4.16&#8243; custom_margin=&#8221;||-52px|||&#8221; custom_padding=&#8221;||||false|false&#8221; global_colors_info=&#8221;{}&#8221;][\/et_pb_image][et_pb_accordion _builder_version=&#8221;4.23.1&#8243; _module_preset=&#8221;default&#8221; hover_enabled=&#8221;0&#8243; global_colors_info=&#8221;{}&#8221; sticky_enabled=&#8221;0&#8243;][et_pb_accordion_item title=&#8221;BARRERA RECTANGULAR SECTOR II&#8221; open=&#8221;on&#8221; _builder_version=&#8221;4.21.2&#8243; _module_preset=&#8221;default&#8221; global_colors_info=&#8221;{}&#8221;]<\/p>\n<ul>\n<li><a href=\"https:\/\/www.centsys.com\/mx\/pdf\/sectorii\/1246.D.02.0011 SECTOR II Rec Boom Pole Brochure CENTURION SP LAT_18042023_MT_Web.pdf\" data-wplink-url-error=\"true\">Barrera rectangular SECTOR II &#8211; Folleto (1.73MB)<\/a><\/li>\n<li><a href=\"https:\/\/www.centsys.com\/mx\/pdf\/sectorii\/1246.D.01.0037 Sector II Rec Boom Pole Shroud Installation Manual CENTURION SP LAT_25042023_MT_Web.pdf\" data-wplink-url-error=\"true\">Barrera rectangular SECTOR II &#8211; Manual de instalaci\u00f3n de la carcasa (1.20MB)<\/a><\/li>\n<li><a href=\"https:\/\/www.centsys.com\/mx\/pdf\/sectorii\/1246.D.01.0033%20Sector%20II%20Rec%20Boom%20Pole%20Jack-knife%20Installation%20Manual%20CENTURION%20SP%20LAT_25042023_MT_Web.pdf\">Barrera rectangular SECTOR II &#8211; Manual de instalaci\u00f3n de Jack-Knife (1.66MB)<\/a><\/li>\n<li><a href=\"https:\/\/www.centsys.com\/mx\/pdf\/sectorii\/1246.D.01.0035 Sector II Rec Boom Pole Jack-knife LED Installation Manual CENTURION SP LAT_25042023_MT_Web.pdf\" data-wplink-url-error=\"true\">Barrera rectangular SECTOR II &#8211; Manual de instalaci\u00f3n de Jack-Knife LED (1.66MB)<\/a><\/li>\n<li><a href=\"https:\/\/www.centsys.com\/mx\/pdf\/sectorii\/1246.D.01.0036 Sector II Rec Boom Pole Joiner Installation Manual CENTURION SP LAT_25042023_MT_Web.pdf\" data-wplink-url-error=\"true\">Barrera rectangular SECTOR II &#8211; Manual de instalaci\u00f3n uni\u00f3n de barreras de tr\u00e1fico (1.21MB)<\/a><\/li>\n<li><a href=\"https:\/\/www.centsys.com\/mx\/pdf\/sectorii\/1246.D.01.0034%20Sector%20II%20Rec%20Boom%20Pole%20LED%20Installation%20Manual%20CENTURION%20SP%20LAT_25042023_MT_Web.pdf\">Barrera rectangular SECTOR II &#8211; Manual de instalaci\u00f3n LED (1.47MB)<\/a><\/li>\n<li><a href=\"https:\/\/www.centsys.com\/mx\/pdf\/sectorii\/1246.D.01.0031 Sector II Rec Boom Coupling Installation Manual CENTURION SP LAT_25042023_MT_Web.pdf\" data-wplink-url-error=\"true\">Barrera rectangular SECTOR II &#8211; Manual de instalaci\u00f3n del acoplamiento (1.21MB)<\/a><\/li>\n<li><a href=\"https:\/\/www.centsys.com\/mx\/pdf\/sectorii\/1246.D.01.0032 Sector II Rec Boom Breakaway Coupling Installation Manual CENTURION SP LAT_25042023_MT_Web.pdf\" data-wplink-url-error=\"true\">Barrera rectangular SECTOR II &#8211; Instalaci\u00f3n del acoplamiento de ruptura (1.28MB)<\/a><\/li>\n<\/ul>\n<p>[\/et_pb_accordion_item][et_pb_accordion_item title=&#8221;BARRERA CIRCULAR SECTOR II&#8221; _builder_version=&#8221;4.23.1&#8243; _module_preset=&#8221;default&#8221; hover_enabled=&#8221;0&#8243; global_colors_info=&#8221;{}&#8221; open=&#8221;off&#8221; sticky_enabled=&#8221;0&#8243;]<\/p>\n<ul>\n<li><a href=\"https:\/\/www.centsys.com\/lat\/pdf\/CENTURION%20SECTOR%20II%20brochure%20SP.pdf\">SECTOR II: Barrera para tr\u00e1fico industrial \u2013 Folleto (1.63MB)<\/a><\/li>\n<li><a href=\"https:\/\/www.centsys.com\/mx\/pdf\/sectorii\/1246.D.01.0007%20-%20SECTOR%20II%20%20Installation%20Manual%20SP%20LAT_12012024_MT_Web.pdf\">SECTOR II: Manual de instalaci\u00f3n (8.37MB)<\/a><\/li>\n<li><a href=\"https:\/\/www.centsys.com\/lat\/pdf\/sectorii\/1246.D.05.0005%20SECTOR%20II%20Colour%20Options%20SPANISH_03082022_MT_Web.pdf\" target=\"_blank\" rel=\"noopener\">SECTOR II: Selecci\u00f3n de los colores (1.27MB)<\/a><\/li>\n<li><a href=\"https:\/\/www.centsys.com\/mx\/pdf\/sectorii\/Barreras%20de%20tr%C3%A1fico%20SECTOR%20II_Gu%C3%ADa%20del%20comprador%20para%20la%20instalaci%C3%B3n%20previa_03082022_Web.pdf\">SECTOR II: Gu\u00eda del comprador para la instalaci\u00f3n previa (1.49MB)<\/a><\/li>\n<li><a href=\"https:\/\/www.centsys.com\/mx\/pdf\/sectorii\/1309.D.01.0004%20SECTOR%20II%20Breakaway%20Coupler%20SPANISH%20230123BM.pdf\">SECTOR II: Manual de instalaci\u00f3n de la unidad anti quiebre para el SECTOR (1.99MB)<\/a><\/li>\n<li><a href=\"https:\/\/www.centsys.com\/mx\/pdf\/sectorii\/1148.D.01.0005_Jack_Knife_Manual SP LAT_03052023_MT_Web.pdf\" data-wplink-url-error=\"true\">SECTOR II: Manual de instalaci\u00f3n del ensamble de cuchilla (996kb)<\/a><\/li>\n<li><a href=\"https:\/\/www.centsys.com\/mx\/pdf\/sectorii\/1309.D.01.0004 SECTOR II Breakaway Coupler SP LAT_12042023_MT_Web.pdf\" data-wplink-url-error=\"true\">SECTOR II: Manual de instalaci\u00f3n de la acoplador separable del SECTOR (2.05MB)<\/a><\/li>\n<\/ul>\n<p>[\/et_pb_accordion_item][\/et_pb_accordion][\/et_pb_column][\/et_pb_row][et_pb_row _builder_version=&#8221;4.16&#8243; global_colors_info=&#8221;{}&#8221;][et_pb_column type=&#8221;4_4&#8243; _builder_version=&#8221;4.16&#8243; global_colors_info=&#8221;{}&#8221;][et_pb_text _builder_version=&#8221;4.16&#8243; global_colors_info=&#8221;{}&#8221;]<\/p>\n<h5>ESPECIFICACIONES T\u00c9CNICAS DEL MODELO SECTOR II:<\/h5>\n<div id=\"footable_parent_2961\"\n         class=\" footable_parent ninja_table_wrapper loading_ninja_table wp_table_data_press_parent semantic_ui \">\n                <table data-ninja_table_instance=\"ninja_table_instance_0\" data-footable_id=\"2961\" data-filter-delay=\"1000\" aria-label=\"SECTOR II\"            id=\"footable_2961\"\n           data-unique_identifier=\"ninja_table_unique_id_1912218021_2961\"\n           class=\" foo-table ninja_footable foo_table_2961 ninja_table_unique_id_1912218021_2961 ui table  nt_type_ajax_table selectable striped vertical_centered  footable-paging-right\">\n                <colgroup>\n                            <col class=\"ninja_column_0 \">\n                            <col class=\"ninja_column_1 \">\n                            <col class=\"ninja_column_2 \">\n                            <col class=\"ninja_column_3 \">\n                    <\/colgroup>\n            <\/table>\n    \n    \n    \n<\/div>\n\n<p>[1] Puede operar con un suministro de energ\u00eda solar, consulte Centurion Systems para obtener ayuda.<br \/>[2] Puede aumentar la capacidad de la bater\u00eda para tiempos de espera m\u00e1s largos.<br \/>[3] Basado en el motor excluyendo el detector de circuitos cerrados.<br \/>[4] Limitado por el m\u00e1ximo uso diario.<\/p>\n<p>[\/et_pb_text][\/et_pb_column][\/et_pb_row][et_pb_row column_structure=&#8221;1_3,1_3,1_3&#8243; _builder_version=&#8221;4.16&#8243; global_colors_info=&#8221;{}&#8221;][et_pb_column type=&#8221;1_3&#8243; _builder_version=&#8221;4.16&#8243; global_colors_info=&#8221;{}&#8221;][et_pb_image src=&#8221;https:\/\/www.centsys.com\/mx\/img\/sector%20ii\/Barreras%20de%20control%20de%20acceso%20vehicular_SECTOR%20II_Gris.jpg&#8221; show_in_lightbox=&#8221;on&#8221; align=&#8221;center&#8221; _builder_version=&#8221;4.21.2&#8243; global_colors_info=&#8221;{}&#8221;][\/et_pb_image][\/et_pb_column][et_pb_column type=&#8221;1_3&#8243; _builder_version=&#8221;4.16&#8243; global_colors_info=&#8221;{}&#8221;][et_pb_image src=&#8221;https:\/\/www.centsys.com\/mx\/img\/sector%20ii\/Barreras de control de acceso vehicular_SECTOR II_Amarillo.jpg&#8221; show_in_lightbox=&#8221;on&#8221; align=&#8221;center&#8221; _builder_version=&#8221;4.21.2&#8243; global_colors_info=&#8221;{}&#8221;][\/et_pb_image][\/et_pb_column][et_pb_column type=&#8221;1_3&#8243; _builder_version=&#8221;4.16&#8243; global_colors_info=&#8221;{}&#8221;][et_pb_image src=&#8221;https:\/\/www.centsys.com\/mx\/img\/sector%20ii\/Barreras de control de acceso vehicular_SECTOR II_Blanco.jpg&#8221; show_in_lightbox=&#8221;on&#8221; align=&#8221;center&#8221; _builder_version=&#8221;4.21.2&#8243; global_colors_info=&#8221;{}&#8221;][\/et_pb_image][\/et_pb_column][\/et_pb_row][et_pb_row _builder_version=&#8221;4.16&#8243; _module_preset=&#8221;default&#8221; global_colors_info=&#8221;{}&#8221;][et_pb_column type=&#8221;4_4&#8243; _builder_version=&#8221;4.16&#8243; _module_preset=&#8221;default&#8221; global_colors_info=&#8221;{}&#8221;][et_pb_image src=&#8221;https:\/\/www.centsys.com\/mx\/img\/admin\/Suscr%C3%ADbase%20a%20nuestro%20bolet%C3%ADn%20informativo%20CENTURION.jpg&#8221; url=&#8221;https:\/\/www.centsys.com\/mx\/suscribase-a-nuestro-boletin-informativo\/&#8221; _builder_version=&#8221;4.21.0&#8243; _module_preset=&#8221;default&#8221; global_module=&#8221;5478&#8243; global_colors_info=&#8221;{}&#8221;][\/et_pb_image][\/et_pb_column][\/et_pb_row][\/et_pb_section][et_pb_section fb_built=&#8221;1&#8243; fullwidth=&#8221;on&#8221; _builder_version=&#8221;4.21.0&#8243; _module_preset=&#8221;default&#8221; global_module=&#8221;24464&#8243; global_colors_info=&#8221;{}&#8221;][et_pb_fullwidth_image src=&#8221;https:\/\/www.centsys.com\/mx\/img\/MY%20CENTSYS%20PRO%20Banners\/la%20aplicaci%C3%B3n%20m%C3%B3vil%20MyCentsys%20Pro_Web%20Footer.jpg&#8221; url=&#8221;https:\/\/www.centsys.com\/mx\/la-aplicacion-mycentsys-pro\/&#8221; admin_label=&#8221;FOOTER_SITE WIDE&#8221; _builder_version=&#8221;4.23.1&#8243; _module_preset=&#8221;default&#8221; global_colors_info=&#8221;{}&#8221;][\/et_pb_fullwidth_image][et_pb_fullwidth_header button_one_text=&#8221;Cont\u00e1ctenos&#8221; button_one_url=&#8221;https:\/\/www.centsys.com\/mx\/detalles-de-contacto\/&#8221; button_two_text=&#8221;Soporte t\u00e9cnico&#8221; button_two_url=&#8221;https:\/\/www.centsys.com\/mx\/centro-de-llamadas\/&#8221; _builder_version=&#8221;4.23.1&#8243; _module_preset=&#8221;default&#8221; background_color=&#8221;#c1c1c1&#8243; custom_button_one=&#8221;on&#8221; button_one_text_color=&#8221;#FFFFFF&#8221; button_one_bg_color=&#8221;#999999&#8243; button_one_border_color=&#8221;#8e8e8e&#8221; custom_button_two=&#8221;on&#8221; button_two_text_color=&#8221;#FFFFFF&#8221; button_two_bg_color=&#8221;#999999&#8243; button_two_border_color=&#8221;#8e8e8e&#8221; custom_padding=&#8221;5px||19px|||&#8221; global_colors_info=&#8221;{}&#8221;][\/et_pb_fullwidth_header][\/et_pb_section]<\/p>\n","protected":false},"excerpt":{"rendered":"<p><span><span><a href=\"https:\/\/www.centsys.com\/mx\/\">INICIO<\/a><\/span><\/span>SECTOR II \u2013 BARRERAS DE CONTROL DE ACCESO VEHICULAR Presentamos al \u00fanico en su tipo, control de acceso vehicular de gran volumen. Con un aspecto actualizado que combina perfectamente con su rendimiento m\u00e1ximo, un dise\u00f1o optimizado para lo \u00faltimo en facilidad de instalaci\u00f3n y con la impresionante velocidad que se convirti\u00f3 en el rey de [&hellip;]<\/p>\n","protected":false},"author":2,"featured_media":0,"parent":0,"menu_order":0,"comment_status":"closed","ping_status":"closed","template":"","meta":{"_et_pb_use_builder":"on","_et_pb_old_content":"","_et_gb_content_width":"","_joinchat":[],"footnotes":""},"class_list":["post-24459","page","type-page","status-publish","hentry"],"yoast_head":"<!-- This site is optimized with the Yoast SEO Premium plugin v26.6 (Yoast SEO v27.5) - https:\/\/yoast.com\/product\/yoast-seo-premium-wordpress\/ -->\r\n<title>SECTOR II - Barreras vehiculares industrial - Centurion Systems<\/title>\r\n<meta name=\"description\" content=\"Barrera para control de tr\u00e1fico industrial de gran volumen con bater\u00eda de respaldo y movimiento r\u00e1pido. Disponible en tres colores.\" \/>\r\n<meta name=\"robots\" content=\"index, follow, max-snippet:-1, max-image-preview:large, max-video-preview:-1\" \/>\r\n<link rel=\"canonical\" href=\"https:\/\/www.centsys.com\/mx\/sector-ii-barreras-vehiculares\/\" \/>\r\n<meta property=\"og:locale\" content=\"en_US\" \/>\r\n<meta property=\"og:type\" content=\"article\" \/>\r\n<meta property=\"og:title\" content=\"SECTOR II\" \/>\r\n<meta property=\"og:description\" content=\"Barrera para control de tr\u00e1fico industrial de gran volumen con bater\u00eda de respaldo y movimiento r\u00e1pido. Disponible en tres colores.\" \/>\r\n<meta property=\"og:url\" content=\"https:\/\/www.centsys.com\/mx\/sector-ii-barreras-vehiculares\/\" \/>\r\n<meta property=\"og:site_name\" content=\"Centurion Systems Mexico\" \/>\r\n<meta property=\"article:modified_time\" content=\"2024-01-17T06:45:03+00:00\" \/>\r\n<meta name=\"twitter:card\" content=\"summary_large_image\" \/>\r\n<meta name=\"twitter:label1\" content=\"Est. reading time\" \/>\n\t<meta name=\"twitter:data1\" content=\"5 minutes\" \/>\r\n<script type=\"application\/ld+json\" class=\"yoast-schema-graph\">{\"@context\":\"https:\\\/\\\/schema.org\",\"@graph\":[{\"@type\":\"WebPage\",\"@id\":\"https:\\\/\\\/www.centsys.com\\\/mx\\\/sector-ii-barreras-vehiculares\\\/\",\"url\":\"https:\\\/\\\/www.centsys.com\\\/mx\\\/sector-ii-barreras-vehiculares\\\/\",\"name\":\"SECTOR II - Barreras vehiculares industrial - Centurion Systems\",\"isPartOf\":{\"@id\":\"https:\\\/\\\/www.centsys.com\\\/mx\\\/#website\"},\"datePublished\":\"2023-08-04T09:12:34+00:00\",\"dateModified\":\"2024-01-17T06:45:03+00:00\",\"description\":\"Barrera para control de tr\u00e1fico industrial de gran volumen con bater\u00eda de respaldo y movimiento r\u00e1pido. Disponible en tres colores.\",\"breadcrumb\":{\"@id\":\"https:\\\/\\\/www.centsys.com\\\/mx\\\/sector-ii-barreras-vehiculares\\\/#breadcrumb\"},\"inLanguage\":\"en-ZA\",\"potentialAction\":[{\"@type\":\"ReadAction\",\"target\":[\"https:\\\/\\\/www.centsys.com\\\/mx\\\/sector-ii-barreras-vehiculares\\\/\"]}]},{\"@type\":\"BreadcrumbList\",\"@id\":\"https:\\\/\\\/www.centsys.com\\\/mx\\\/sector-ii-barreras-vehiculares\\\/#breadcrumb\",\"itemListElement\":[{\"@type\":\"ListItem\",\"position\":1,\"name\":\"INICIO\",\"item\":\"https:\\\/\\\/www.centsys.com\\\/mx\\\/\"},{\"@type\":\"ListItem\",\"position\":2,\"name\":\"SECTOR II\"}]},{\"@type\":\"WebSite\",\"@id\":\"https:\\\/\\\/www.centsys.com\\\/mx\\\/#website\",\"url\":\"https:\\\/\\\/www.centsys.com\\\/mx\\\/\",\"name\":\"Centurion Systems Mexico\",\"description\":\"Productos para Automatizaci\u00f3n de Acceso\",\"potentialAction\":[{\"@type\":\"SearchAction\",\"target\":{\"@type\":\"EntryPoint\",\"urlTemplate\":\"https:\\\/\\\/www.centsys.com\\\/mx\\\/?s={search_term_string}\"},\"query-input\":{\"@type\":\"PropertyValueSpecification\",\"valueRequired\":true,\"valueName\":\"search_term_string\"}}],\"inLanguage\":\"en-ZA\"}]}<\/script>\r\n<!-- \/ Yoast SEO Premium plugin. -->","yoast_head_json":{"title":"SECTOR II - Barreras vehiculares industrial - Centurion Systems","description":"Barrera para control de tr\u00e1fico industrial de gran volumen con bater\u00eda de respaldo y movimiento r\u00e1pido. Disponible en tres colores.","robots":{"index":"index","follow":"follow","max-snippet":"max-snippet:-1","max-image-preview":"max-image-preview:large","max-video-preview":"max-video-preview:-1"},"canonical":"https:\/\/www.centsys.com\/mx\/sector-ii-barreras-vehiculares\/","og_locale":"en_US","og_type":"article","og_title":"SECTOR II","og_description":"Barrera para control de tr\u00e1fico industrial de gran volumen con bater\u00eda de respaldo y movimiento r\u00e1pido. Disponible en tres colores.","og_url":"https:\/\/www.centsys.com\/mx\/sector-ii-barreras-vehiculares\/","og_site_name":"Centurion Systems Mexico","article_modified_time":"2024-01-17T06:45:03+00:00","twitter_card":"summary_large_image","twitter_misc":{"Est. reading time":"5 minutes"},"schema":{"@context":"https:\/\/schema.org","@graph":[{"@type":"WebPage","@id":"https:\/\/www.centsys.com\/mx\/sector-ii-barreras-vehiculares\/","url":"https:\/\/www.centsys.com\/mx\/sector-ii-barreras-vehiculares\/","name":"SECTOR II - Barreras vehiculares industrial - Centurion Systems","isPartOf":{"@id":"https:\/\/www.centsys.com\/mx\/#website"},"datePublished":"2023-08-04T09:12:34+00:00","dateModified":"2024-01-17T06:45:03+00:00","description":"Barrera para control de tr\u00e1fico industrial de gran volumen con bater\u00eda de respaldo y movimiento r\u00e1pido. Disponible en tres colores.","breadcrumb":{"@id":"https:\/\/www.centsys.com\/mx\/sector-ii-barreras-vehiculares\/#breadcrumb"},"inLanguage":"en-ZA","potentialAction":[{"@type":"ReadAction","target":["https:\/\/www.centsys.com\/mx\/sector-ii-barreras-vehiculares\/"]}]},{"@type":"BreadcrumbList","@id":"https:\/\/www.centsys.com\/mx\/sector-ii-barreras-vehiculares\/#breadcrumb","itemListElement":[{"@type":"ListItem","position":1,"name":"INICIO","item":"https:\/\/www.centsys.com\/mx\/"},{"@type":"ListItem","position":2,"name":"SECTOR II"}]},{"@type":"WebSite","@id":"https:\/\/www.centsys.com\/mx\/#website","url":"https:\/\/www.centsys.com\/mx\/","name":"Centurion Systems Mexico","description":"Productos para Automatizaci\u00f3n de Acceso","potentialAction":[{"@type":"SearchAction","target":{"@type":"EntryPoint","urlTemplate":"https:\/\/www.centsys.com\/mx\/?s={search_term_string}"},"query-input":{"@type":"PropertyValueSpecification","valueRequired":true,"valueName":"search_term_string"}}],"inLanguage":"en-ZA"}]}},"_links":{"self":[{"href":"https:\/\/www.centsys.com\/mx\/wp-json\/wp\/v2\/pages\/24459","targetHints":{"allow":["GET"]}}],"collection":[{"href":"https:\/\/www.centsys.com\/mx\/wp-json\/wp\/v2\/pages"}],"about":[{"href":"https:\/\/www.centsys.com\/mx\/wp-json\/wp\/v2\/types\/page"}],"author":[{"embeddable":true,"href":"https:\/\/www.centsys.com\/mx\/wp-json\/wp\/v2\/users\/2"}],"replies":[{"embeddable":true,"href":"https:\/\/www.centsys.com\/mx\/wp-json\/wp\/v2\/comments?post=24459"}],"version-history":[{"count":0,"href":"https:\/\/www.centsys.com\/mx\/wp-json\/wp\/v2\/pages\/24459\/revisions"}],"wp:attachment":[{"href":"https:\/\/www.centsys.com\/mx\/wp-json\/wp\/v2\/media?parent=24459"}],"curies":[{"name":"wp","href":"https:\/\/api.w.org\/{rel}","templated":true}]}}