{"id":251,"date":"2020-03-04T08:58:44","date_gmt":"2020-03-04T08:58:44","guid":{"rendered":"http:\/\/centsys.co.za\/lat\/?page_id=251"},"modified":"2022-02-06T00:21:15","modified_gmt":"2022-02-05T22:21:15","slug":"conozcanos","status":"publish","type":"page","link":"https:\/\/www.centsys.com\/mx\/conozcanos\/","title":{"rendered":"Con\u00f3zcanos"},"content":{"rendered":"<p>[et_pb_section fb_built=&#8221;1&#8243; fullwidth=&#8221;on&#8221; _builder_version=&#8221;4.3.2&#8243; global_colors_info=&#8221;{}&#8221;][et_pb_fullwidth_image src=&#8221;\/lat\/img\/WORKING-BANNERS.jpg&#8221; _builder_version=&#8221;4.4.8&#8243; global_colors_info=&#8221;{}&#8221;][\/et_pb_fullwidth_image][\/et_pb_section][et_pb_section fb_built=&#8221;1&#8243; fullwidth=&#8221;on&#8221; _builder_version=&#8221;4.9.2&#8243; global_module=&#8221;4804&#8243; global_colors_info=&#8221;{}&#8221;][et_pb_fullwidth_code admin_label=&#8221;SEO BREADCRUMBS&#8221; _builder_version=&#8221;4.9.2&#8243; _module_preset=&#8221;default&#8221; background_color=&#8221;#e5e5e5&#8243; custom_padding=&#8221;|||15%|false|false&#8221; global_colors_info=&#8221;{}&#8221;]<span><span><a href=\"https:\/\/www.centsys.com\/mx\/\">INICIO<\/a><\/span><\/span>[\/et_pb_fullwidth_code][\/et_pb_section][et_pb_section fb_built=&#8221;1&#8243; _builder_version=&#8221;3.22&#8243; global_colors_info=&#8221;{}&#8221;][et_pb_row _builder_version=&#8221;4.3.2&#8243; global_colors_info=&#8221;{}&#8221;][et_pb_column type=&#8221;4_4&#8243; _builder_version=&#8221;4.3.2&#8243; global_colors_info=&#8221;{}&#8221;][et_pb_text _builder_version=&#8221;4.9.3&#8243; header_5_font=&#8221;|||on|||||&#8221; global_colors_info=&#8221;{}&#8221;]<\/p>\n<h1 style=\"text-align: center;\">CON\u00d3ZCANOS<\/h1>\n<p style=\"text-align: left;\">Centurion Systems es una f\u00e1brica con sede en Sud\u00e1frica, que ofrece productos de <strong>automatizaci\u00f3n de acceso<\/strong> de clase mundial. Fabricamos una amplia gama de productos destinados a mejorar la <strong>automatizaci\u00f3n de acceso industrial y dom\u00e9stica conveniente y confiable<\/strong>. Nuestros empleados comparten nuestra visi\u00f3n, trabajando en equipos para satisfacer las necesidades de nuestros clientes.<\/p>\n<p style=\"text-align: left;\">Centurion Systems est\u00e1 comprometido a ofrecer <strong>valor real<\/strong> y trabaja constantemente para presentar soluciones innovadoras a nuestros retos. Nos apegamos, en todo lo que hacemos, a los m\u00e1s altos est\u00e1ndares de <strong>respeto, integridad, calidad, seguridad y conciencia ambiental.<\/strong><\/p>\n<p>&nbsp;<\/p>\n<h5>NUESTRA VISI\u00d3N:<\/h5>\n<ul>\n<li>Ser una compa\u00f1\u00eda de automatizaci\u00f3n sostenible, <strong>global, de clase mundial.<\/strong><\/li>\n<\/ul>\n<h5>\u00a0<\/h5>\n<h5>\u00a0<\/h5>\n<h5>NUESTRA MISI\u00d3N:<\/h5>\n<ul>\n<li>Deleitar a nuestros clientes con<strong> productos y servicios de clase mundial<\/strong><\/li>\n<li>Crecer a <strong>trav\u00e9s de mejoras continuas<\/strong><\/li>\n<li>Ser <strong>amigables con el medio ambiente<\/strong><\/li>\n<li>Queremos ser el <strong>empleador y el empleado<\/strong> de elecci\u00f3n<\/li>\n<\/ul>\n<h5>\u00a0<\/h5>\n<h5>\u00a0<\/h5>\n<h5>NUESTROS VALORES:<\/h5>\n<ul>\n<li><strong>Integridad<\/strong> \u2013 Honestidad, responsabilidad, puntualidad<\/li>\n<li><strong>Respeto<\/strong> \u2013 por la Gente, el Medio Ambiente, la Salud, las Normas<\/li>\n<li><strong>Excelencia<\/strong> \u2013 en Calidad, Comunicaci\u00f3n, Habilidades, Iniciativa, Trabajo en Equipo, Energ\u00eda y Pasi\u00f3n, Liderazgo<\/li>\n<\/ul>\n<p>[\/et_pb_text][\/et_pb_column][\/et_pb_row][\/et_pb_section]<\/p>\n","protected":false},"excerpt":{"rendered":"<p><span><span><a href=\"https:\/\/www.centsys.com\/mx\/\">INICIO<\/a><\/span><\/span>CON\u00d3ZCANOS Centurion Systems es una f\u00e1brica con sede en Sud\u00e1frica, que ofrece productos de automatizaci\u00f3n de acceso de clase mundial. Fabricamos una amplia gama de productos destinados a mejorar la automatizaci\u00f3n de acceso industrial y dom\u00e9stica conveniente y confiable. Nuestros empleados comparten nuestra visi\u00f3n, trabajando en equipos para satisfacer las necesidades de nuestros clientes. Centurion [&hellip;]<\/p>\n","protected":false},"author":1,"featured_media":0,"parent":0,"menu_order":0,"comment_status":"closed","ping_status":"closed","template":"","meta":{"_et_pb_use_builder":"on","_et_pb_old_content":"","_et_gb_content_width":"","_joinchat":[],"footnotes":""},"class_list":["post-251","page","type-page","status-publish","hentry"],"yoast_head":"<!-- This site is optimized with the Yoast SEO Premium plugin v26.6 (Yoast SEO v27.5) - https:\/\/yoast.com\/product\/yoast-seo-premium-wordpress\/ -->\r\n<title>Con\u00f3zcanos - Centurion Systems<\/title>\r\n<meta name=\"description\" content=\"Centurion Systems l\u00edder mundial en la fabricaci\u00f3n de productos innovadores y seguros para la automatizaci\u00f3n de accesos.\" \/>\r\n<meta name=\"robots\" content=\"index, follow, max-snippet:-1, max-image-preview:large, max-video-preview:-1\" \/>\r\n<link rel=\"canonical\" href=\"https:\/\/www.centsys.com\/mx\/conozcanos\/\" \/>\r\n<meta property=\"og:locale\" content=\"en_US\" \/>\r\n<meta property=\"og:type\" content=\"article\" \/>\r\n<meta property=\"og:title\" content=\"Con\u00f3zcanos\" \/>\r\n<meta property=\"og:description\" content=\"Centurion Systems l\u00edder mundial en la fabricaci\u00f3n de productos innovadores y seguros para la automatizaci\u00f3n de accesos.\" \/>\r\n<meta property=\"og:url\" content=\"https:\/\/www.centsys.com\/mx\/conozcanos\/\" \/>\r\n<meta property=\"og:site_name\" content=\"Centurion Systems Mexico\" \/>\r\n<meta property=\"article:modified_time\" content=\"2022-02-05T22:21:15+00:00\" \/>\r\n<meta name=\"twitter:card\" content=\"summary_large_image\" \/>\r\n<meta name=\"twitter:label1\" content=\"Est. reading time\" \/>\n\t<meta name=\"twitter:data1\" content=\"2 minutes\" \/>\r\n<script type=\"application\/ld+json\" class=\"yoast-schema-graph\">{\"@context\":\"https:\\\/\\\/schema.org\",\"@graph\":[{\"@type\":\"WebPage\",\"@id\":\"https:\\\/\\\/www.centsys.com\\\/mx\\\/conozcanos\\\/\",\"url\":\"https:\\\/\\\/www.centsys.com\\\/mx\\\/conozcanos\\\/\",\"name\":\"Con\u00f3zcanos - Centurion Systems\",\"isPartOf\":{\"@id\":\"https:\\\/\\\/www.centsys.com\\\/mx\\\/#website\"},\"datePublished\":\"2020-03-04T08:58:44+00:00\",\"dateModified\":\"2022-02-05T22:21:15+00:00\",\"description\":\"Centurion Systems l\u00edder mundial en la fabricaci\u00f3n de productos innovadores y seguros para la automatizaci\u00f3n de accesos.\",\"breadcrumb\":{\"@id\":\"https:\\\/\\\/www.centsys.com\\\/mx\\\/conozcanos\\\/#breadcrumb\"},\"inLanguage\":\"en-ZA\",\"potentialAction\":[{\"@type\":\"ReadAction\",\"target\":[\"https:\\\/\\\/www.centsys.com\\\/mx\\\/conozcanos\\\/\"]}]},{\"@type\":\"BreadcrumbList\",\"@id\":\"https:\\\/\\\/www.centsys.com\\\/mx\\\/conozcanos\\\/#breadcrumb\",\"itemListElement\":[{\"@type\":\"ListItem\",\"position\":1,\"name\":\"INICIO\",\"item\":\"https:\\\/\\\/www.centsys.com\\\/mx\\\/\"},{\"@type\":\"ListItem\",\"position\":2,\"name\":\"Con\u00f3zcanos\"}]},{\"@type\":\"WebSite\",\"@id\":\"https:\\\/\\\/www.centsys.com\\\/mx\\\/#website\",\"url\":\"https:\\\/\\\/www.centsys.com\\\/mx\\\/\",\"name\":\"Centurion Systems Mexico\",\"description\":\"Productos para Automatizaci\u00f3n de Acceso\",\"potentialAction\":[{\"@type\":\"SearchAction\",\"target\":{\"@type\":\"EntryPoint\",\"urlTemplate\":\"https:\\\/\\\/www.centsys.com\\\/mx\\\/?s={search_term_string}\"},\"query-input\":{\"@type\":\"PropertyValueSpecification\",\"valueRequired\":true,\"valueName\":\"search_term_string\"}}],\"inLanguage\":\"en-ZA\"}]}<\/script>\r\n<!-- \/ Yoast SEO Premium plugin. -->","yoast_head_json":{"title":"Con\u00f3zcanos - Centurion Systems","description":"Centurion Systems l\u00edder mundial en la fabricaci\u00f3n de productos innovadores y seguros para la automatizaci\u00f3n de accesos.","robots":{"index":"index","follow":"follow","max-snippet":"max-snippet:-1","max-image-preview":"max-image-preview:large","max-video-preview":"max-video-preview:-1"},"canonical":"https:\/\/www.centsys.com\/mx\/conozcanos\/","og_locale":"en_US","og_type":"article","og_title":"Con\u00f3zcanos","og_description":"Centurion Systems l\u00edder mundial en la fabricaci\u00f3n de productos innovadores y seguros para la automatizaci\u00f3n de accesos.","og_url":"https:\/\/www.centsys.com\/mx\/conozcanos\/","og_site_name":"Centurion Systems Mexico","article_modified_time":"2022-02-05T22:21:15+00:00","twitter_card":"summary_large_image","twitter_misc":{"Est. reading time":"2 minutes"},"schema":{"@context":"https:\/\/schema.org","@graph":[{"@type":"WebPage","@id":"https:\/\/www.centsys.com\/mx\/conozcanos\/","url":"https:\/\/www.centsys.com\/mx\/conozcanos\/","name":"Con\u00f3zcanos - Centurion Systems","isPartOf":{"@id":"https:\/\/www.centsys.com\/mx\/#website"},"datePublished":"2020-03-04T08:58:44+00:00","dateModified":"2022-02-05T22:21:15+00:00","description":"Centurion Systems l\u00edder mundial en la fabricaci\u00f3n de productos innovadores y seguros para la automatizaci\u00f3n de accesos.","breadcrumb":{"@id":"https:\/\/www.centsys.com\/mx\/conozcanos\/#breadcrumb"},"inLanguage":"en-ZA","potentialAction":[{"@type":"ReadAction","target":["https:\/\/www.centsys.com\/mx\/conozcanos\/"]}]},{"@type":"BreadcrumbList","@id":"https:\/\/www.centsys.com\/mx\/conozcanos\/#breadcrumb","itemListElement":[{"@type":"ListItem","position":1,"name":"INICIO","item":"https:\/\/www.centsys.com\/mx\/"},{"@type":"ListItem","position":2,"name":"Con\u00f3zcanos"}]},{"@type":"WebSite","@id":"https:\/\/www.centsys.com\/mx\/#website","url":"https:\/\/www.centsys.com\/mx\/","name":"Centurion Systems Mexico","description":"Productos para Automatizaci\u00f3n de Acceso","potentialAction":[{"@type":"SearchAction","target":{"@type":"EntryPoint","urlTemplate":"https:\/\/www.centsys.com\/mx\/?s={search_term_string}"},"query-input":{"@type":"PropertyValueSpecification","valueRequired":true,"valueName":"search_term_string"}}],"inLanguage":"en-ZA"}]}},"_links":{"self":[{"href":"https:\/\/www.centsys.com\/mx\/wp-json\/wp\/v2\/pages\/251","targetHints":{"allow":["GET"]}}],"collection":[{"href":"https:\/\/www.centsys.com\/mx\/wp-json\/wp\/v2\/pages"}],"about":[{"href":"https:\/\/www.centsys.com\/mx\/wp-json\/wp\/v2\/types\/page"}],"author":[{"embeddable":true,"href":"https:\/\/www.centsys.com\/mx\/wp-json\/wp\/v2\/users\/1"}],"replies":[{"embeddable":true,"href":"https:\/\/www.centsys.com\/mx\/wp-json\/wp\/v2\/comments?post=251"}],"version-history":[{"count":0,"href":"https:\/\/www.centsys.com\/mx\/wp-json\/wp\/v2\/pages\/251\/revisions"}],"wp:attachment":[{"href":"https:\/\/www.centsys.com\/mx\/wp-json\/wp\/v2\/media?parent=251"}],"curies":[{"name":"wp","href":"https:\/\/api.w.org\/{rel}","templated":true}]}}