{"id":26255,"date":"2024-04-12T22:16:06","date_gmt":"2024-04-12T20:16:06","guid":{"rendered":"https:\/\/www.centsys.co.za\/?page_id=25380"},"modified":"2025-09-16T00:22:36","modified_gmt":"2025-09-15T22:22:36","slug":"d5-evo-smart-motor-para-puertas-domesticas-y-de-industria-ligera","status":"publish","type":"page","link":"https:\/\/www.centsys.com\/mx\/d5-evo-smart-motor-para-puertas-domesticas-y-de-industria-ligera\/","title":{"rendered":"D5-Evo SMART &#8211; motor para puertas dom\u00e9sticas y de industria ligera"},"content":{"rendered":"<p>[et_pb_section fb_built=&#8221;1&#8243; fullwidth=&#8221;on&#8221; _builder_version=&#8221;4.24.3&#8243; _module_preset=&#8221;default&#8221; global_colors_info=&#8221;{}&#8221;][et_pb_fullwidth_image src=&#8221;https:\/\/www.centsys.com\/lat\/img\/d5es\/D5-Evo SMART &#8211; motor para puertas dom\u00e9sticas_principal.jpg&#8221; _builder_version=&#8221;4.27.2&#8243; _module_preset=&#8221;default&#8221; global_colors_info=&#8221;{}&#8221;][\/et_pb_fullwidth_image][\/et_pb_section][et_pb_section fb_built=&#8221;1&#8243; _builder_version=&#8221;4.24.3&#8243; _module_preset=&#8221;default&#8221; global_colors_info=&#8221;{}&#8221;][et_pb_row _builder_version=&#8221;4.24.3&#8243; _module_preset=&#8221;default&#8221; global_colors_info=&#8221;{}&#8221;][et_pb_column type=&#8221;4_4&#8243; _builder_version=&#8221;4.24.3&#8243; _module_preset=&#8221;default&#8221; global_colors_info=&#8221;{}&#8221;][et_pb_text _builder_version=&#8221;4.27.2&#8243; _module_preset=&#8221;default&#8221; global_colors_info=&#8221;{}&#8221;]<\/p>\n<h1 style=\"text-align: center;\"><strong>D5-Evo SMART: El legado de la innovaci\u00f3n<\/strong><\/h1>\n<p>[\/et_pb_text][et_pb_image src=&#8221;https:\/\/www.centsys.com\/lat\/img\/d5es\/D5-Evo SMART &#8211; motor para puertas dom\u00e9sticas_Imagen.jpg&#8221; _builder_version=&#8221;4.27.2&#8243; _module_preset=&#8221;default&#8221; global_colors_info=&#8221;{}&#8221;][\/et_pb_image][\/et_pb_column][\/et_pb_row][\/et_pb_section][et_pb_section fb_built=&#8221;1&#8243; _builder_version=&#8221;4.24.3&#8243; _module_preset=&#8221;default&#8221; global_colors_info=&#8221;{}&#8221;][et_pb_row column_structure=&#8221;3_5,2_5&#8243; _builder_version=&#8221;4.24.3&#8243; _module_preset=&#8221;default&#8221; global_colors_info=&#8221;{}&#8221;][et_pb_column type=&#8221;3_5&#8243; _builder_version=&#8221;4.24.3&#8243; _module_preset=&#8221;default&#8221; global_colors_info=&#8221;{}&#8221;][et_pb_text _builder_version=&#8221;4.27.2&#8243; _module_preset=&#8221;default&#8221; global_colors_info=&#8221;{}&#8221;]<\/p>\n<h2>D5-Evo SMART &#8211; motor para puertas dom\u00e9sticas y de industria ligera.<\/h2>\n<p>&nbsp;<\/p>\n<p><strong>El ic\u00f3nico D5-Evo, renovado.<\/strong> El motor para puertas, que es s\u00edmbolo de <strong>fiabilidad<\/strong> y <strong>rendimiento<\/strong>, es ahora m\u00e1s <strong>inteligente<\/strong>. Presentamos el D5-Evo SMART, impulsado por una tecnolog\u00eda galardonada y dise\u00f1ado para mejorar su experiencia de seguridad.<\/p>\n<p><strong>M\u00e1s que una actualizaci\u00f3n, es una evoluci\u00f3n.<\/strong> El <strong>D5-Evo SMART<\/strong> ha conservado la <strong>legendaria resistencia y fiabilidad<\/strong> del modelo anterior,<strong> pero ahora se ha mejorado con funciones inteligentes<\/strong>, que le proporcionan un <strong>control total.<\/strong> <strong>Disfrute de un control sin esfuerzos desde su tel\u00e9fono m\u00f3vil, de diagn\u00f3sticos avanzados para su m\u00e1xima tranquilidad<\/strong> y de <strong>una tecnolog\u00eda fiable<\/strong> accionada por bater\u00eda, que lo mantendr\u00e1 protegido incluso durante interrupciones del suministro el\u00e9ctrico.<\/p>\n<p><strong>Desate el poder SMART:<\/strong><\/p>\n<ul>\n<li><strong>Control sencillo:<\/strong> Gestione la puerta con la m\u00e1xima conveniencia y flexibilidad, gracias a la sencilla aplicaci\u00f3n para tel\u00e9fonos m\u00f3viles.<\/li>\n<li><strong>Informaci\u00f3n inteligente:<\/strong> Las notificaciones, alarmas, supervisi\u00f3n e informes avanzados lo mantendr\u00e1n informado y bajo control.<\/li>\n<li><strong>Seguridad y comodidad ininterrumpidas:<\/strong> La fiable tecnolog\u00eda accionada por bater\u00eda, garantiza un funcionamiento ininterrumpido incluso durante los cortes de electricidad.<\/li>\n<li><strong>Instalaci\u00f3n f\u00e1cil:<\/strong> La configuraci\u00f3n inal\u00e1mbrica y el control a trav\u00e9s del tel\u00e9fono inteligente, facilitan la instalaci\u00f3n.<\/li>\n<li><strong>Seguridad reforzada:<\/strong> La jaula antirrobo mejorada y el avanzado sistema de control de posici\u00f3n, ofrecen una tranquilidad inigualable.<\/li>\n<li><strong>M\u00e1xima versatilidad:<\/strong> Las entradas y salidas configurables individualmente permiten una integraci\u00f3n perfecta con su sistema SMART.<\/li>\n<\/ul>\n<p><strong>El D5-Evo SMART es un s\u00edmbolo de innovaci\u00f3n<\/strong>, un compromiso con la seguridad y una garant\u00eda de tranquilidad. Experimente el futuro en el control de puertas, impulsado por el legado del D5-Evo.[\/et_pb_text][et_pb_video src=&#8221;https:\/\/www.youtube.com\/watch?v=0jvQggx0j2Q&#8221; _builder_version=&#8221;4.27.4&#8243; _module_preset=&#8221;default&#8221; global_colors_info=&#8221;{}&#8221;][\/et_pb_video][\/et_pb_column][et_pb_column type=&#8221;2_5&#8243; _builder_version=&#8221;4.24.3&#8243; _module_preset=&#8221;default&#8221; global_colors_info=&#8221;{}&#8221;][et_pb_image src=&#8221;https:\/\/www.centsys.com\/lat\/img\/d5es\/D5-Evo SMART &#8211; motor para puertas dom\u00e9sticas_logo.jpg&#8221; _builder_version=&#8221;4.27.2&#8243; _module_preset=&#8221;default&#8221; global_colors_info=&#8221;{}&#8221;][\/et_pb_image][et_pb_image src=&#8221;https:\/\/www.centsys.com\/lat\/img\/d5es\/D5-Evo SMART &#8211; motor para puertas dom\u00e9sticas_Producto.jpg&#8221; _builder_version=&#8221;4.27.2&#8243; _module_preset=&#8221;default&#8221; global_colors_info=&#8221;{}&#8221;][\/et_pb_image][et_pb_code _builder_version=&#8221;4.27.4&#8243; _module_preset=&#8221;default&#8221; hover_enabled=&#8221;0&#8243; global_colors_info=&#8221;{}&#8221; sticky_enabled=&#8221;0&#8243;]<\/p>\n<table border=\"0\" width=\"330\"><!-- [et_pb_line_break_holder] --><!-- [et_pb_line_break_holder] --><\/p>\n<tbody><!-- [et_pb_line_break_holder] --><!-- [et_pb_line_break_holder] --><!-- [et_pb_line_break_holder] --><\/p>\n<tr><!-- [et_pb_line_break_holder] --><!-- [et_pb_line_break_holder] --><\/p>\n<td><img decoding=\"async\" src=\"https:\/\/www.centsys.com\/mx\/img\/smart\/CENTURON%20D-SERIES%20Mexico%20PDF.jpg\" \/><\/td>\n<p><!-- [et_pb_line_break_holder] --><!-- [et_pb_line_break_holder] --><!-- [et_pb_line_break_holder] --><\/p>\n<td><a href=\"https:\/\/www.centsys.com\/lat\/img\/d5es\/1410.D.02.0004 D3S D5ES Brochure SP LAT_21062024_MT_Web.pdf\">Folleto: D5-Evo SMART (844kb)<\/a><\/td>\n<p><!-- [et_pb_line_break_holder] --><!-- [et_pb_line_break_holder] --><\/tr>\n<p><!-- [et_pb_line_break_holder] --><!-- [et_pb_line_break_holder] --><!-- [et_pb_line_break_holder] --><!-- [et_pb_line_break_holder] --><\/p>\n<tr><!-- [et_pb_line_break_holder] --><!-- [et_pb_line_break_holder] --><\/p>\n<td><img decoding=\"async\" src=\"https:\/\/www.centsys.com\/mx\/img\/smart\/CENTURON%20D-SERIES%20Mexico%20PDF.jpg\" \/><\/td>\n<p><!-- [et_pb_line_break_holder] --><!-- [et_pb_line_break_holder] --><!-- [et_pb_line_break_holder] --><\/p>\n<td><a href=\"https:\/\/www.centsys.com\/lat\/pdf\/dsmart\/1410.D.01.0004_D5E%20Smart%20Installation%20Manual%20SP%20LAT_19122024_AP_Web_App.pdf\">Manual de instalaci\u00f3n: D5-Evo SMART (5.8MB)<\/a><\/td>\n<p><!-- [et_pb_line_break_holder] --><!-- [et_pb_line_break_holder] --><\/tr>\n<p><!-- [et_pb_line_break_holder] --><!-- [et_pb_line_break_holder] --><!-- [et_pb_line_break_holder] --><!-- [et_pb_line_break_holder] --><\/p>\n<tr><!-- [et_pb_line_break_holder] --><!-- [et_pb_line_break_holder] --><\/p>\n<td><img decoding=\"async\" src=\"https:\/\/www.centsys.com\/mx\/img\/smart\/CENTURON%20D-SERIES%20Mexico%20PDF.jpg\" \/><\/td>\n<p><!-- [et_pb_line_break_holder] --><!-- [et_pb_line_break_holder] --><!-- [et_pb_line_break_holder] --><\/p>\n<td><a href=\"https:\/\/www.centsys.com\/lat\/pdf\/theft\/1401.D.01.0019%20D3S%20D5ES%20D6S%20Theft-Deterrent%20Cage%20SPLAT_10032025_AP_Web.pdf\">Manual de instalaci\u00f3n de la jaula antirrobo: D5-Evo SMART (1.2MB)<\/a><\/td>\n<p><!-- [et_pb_line_break_holder] --><!-- [et_pb_line_break_holder] --><\/tr>\n<p><!-- [et_pb_line_break_holder] --><!-- [et_pb_line_break_holder] --><!-- [et_pb_line_break_holder] --><!-- [et_pb_line_break_holder] --><\/p>\n<tr><!-- [et_pb_line_break_holder] --><!-- [et_pb_line_break_holder] --><\/p>\n<td><img decoding=\"async\" src=\"https:\/\/www.centsys.com\/mx\/img\/smart\/CENTURON%20D-SERIES%20Mexico%20PDF.jpg\" \/><\/td>\n<p><!-- [et_pb_line_break_holder] --><!-- [et_pb_line_break_holder] --><!-- [et_pb_line_break_holder] --><\/p>\n<td><a href=\"https:\/\/www.centsys.com\/lat\/img\/d5es\/1401.D.01.0025 SMART Origin Marker Pamphlet SP LAT_20112024_MT_Web.pdf\">Gu\u00eda R\u00e1pida: Sensor y marcador de origen SMART (611KB)<\/a><\/td>\n<p><!-- [et_pb_line_break_holder] --><!-- [et_pb_line_break_holder] --><\/tr>\n<p><!-- [et_pb_line_break_holder] --><\/p>\n<tr><!-- [et_pb_line_break_holder] --><\/p>\n<td><img decoding=\"async\" src=\" https:\/\/www.centsys.com\/mx\/img\/smart\/CENTURON%20D-SERIES%20Mexico%20PDF.jpg\" \/><\/td>\n<p><!-- [et_pb_line_break_holder] --><\/p>\n<td><a href=\"https:\/\/www.centsys.com\/lat\/pdf\/theft\/0000.D.02.0010 Anti-lift Brackets Brochure SP_LAT 04092025_AP_Web.pdf\">Folleto: CENTURION soportes anti-elevaci\u00f3n (199kb)<\/a><\/td>\n<p><!-- [et_pb_line_break_holder] --><\/tr>\n<p><!-- [et_pb_line_break_holder] --><\/p>\n<tr><!-- [et_pb_line_break_holder] --><\/p>\n<td><img decoding=\"async\" src=\"https:\/\/www.centsys.com\/mx\/img\/smart\/CENTURON%20D-SERIES%20Mexico%20PDF.jpg\" \/><\/td>\n<p><!-- [et_pb_line_break_holder] --><\/p>\n<td><a href=\" https:\/\/www.centsys.com\/lat\/pdf\/theft\/0000.D.01.0014%20Anti-lift%20Brackets%20Installation%20Manual%20SPLAT%2001072025_AP_Web.pdf\">Manual de instalaci\u00f3n: CENTURION soportes anti-elevaci\u00f3n (4.00MB)<\/a><\/td>\n<p><!-- [et_pb_line_break_holder] --><\/tr>\n<p><!-- [et_pb_line_break_holder] --><!-- [et_pb_line_break_holder] --><!-- [et_pb_line_break_holder] --><\/tbody>\n<p><!-- [et_pb_line_break_holder] --><!-- [et_pb_line_break_holder] --><\/table>\n<p><!-- [et_pb_line_break_holder] -->[\/et_pb_code][\/et_pb_column][\/et_pb_row][et_pb_row _builder_version=&#8221;4.24.3&#8243; _module_preset=&#8221;default&#8221; global_colors_info=&#8221;{}&#8221;][et_pb_column type=&#8221;4_4&#8243; _builder_version=&#8221;4.24.3&#8243; _module_preset=&#8221;default&#8221; global_colors_info=&#8221;{}&#8221;][et_pb_text _builder_version=&#8221;4.27.2&#8243; _module_preset=&#8221;default&#8221; global_colors_info=&#8221;{}&#8221;]<\/p>\n<h5>ESPECIFICACIONES T\u00c9CNICAS<\/h5>\n<div id=\"footable_parent_26276\"\n         class=\" footable_parent ninja_table_wrapper loading_ninja_table wp_table_data_press_parent semantic_ui \">\n                <table data-ninja_table_instance=\"ninja_table_instance_0\" data-footable_id=\"26276\" data-filter-delay=\"1000\" aria-label=\"d5-evo-smart-part-1.csv\"            id=\"footable_26276\"\n           data-unique_identifier=\"ninja_table_unique_id_4140478772_26276\"\n           class=\" foo-table ninja_footable foo_table_26276 ninja_table_unique_id_4140478772_26276 ui table  nt_type_ajax_table vertical_centered  footable-paging-right ninja_table_search_disabled\">\n                <colgroup>\n                            <col class=\"ninja_column_0 \">\n                            <col class=\"ninja_column_1 \">\n                    <\/colgroup>\n            <\/table>\n    \n    \n    \n<\/div>\n\n<p>Este\u00a0dispositivo\u00a0cumple\u00a0con\u00a0los\u00a0requisitos\u00a0de\u00a0emisiones\u00a0radiadas\u00a0seg\u00fan\u00a0la\u00a0norma\u00a0EN\u00a055032\u00a0\/\u00a0CISPR\u00a032\u00a0para\u00a0dispositivos\u00a0de\u00a0Clase\u00a0B,\u00a0asegurando\u00a0una\u00a0protecci\u00f3n\u00a0adecuada\u00a0para\u00a0los\u00a0servicios de\u00a0radiodifusi\u00f3n\u00a0en\u00a0entornos\u00a0residenciales.<\/p>\n<p>&nbsp;<\/p>\n<h5>ESPECIFICACIONES T\u00c9CNICAS (CONTINUACI\u00d3N)<\/h5>\n<div id=\"footable_parent_26277\"\n         class=\" footable_parent ninja_table_wrapper loading_ninja_table wp_table_data_press_parent semantic_ui \">\n                <table data-ninja_table_instance=\"ninja_table_instance_1\" data-footable_id=\"26277\" data-filter-delay=\"1000\" aria-label=\"d5-evo-smart-part-2.csv\"            id=\"footable_26277\"\n           data-unique_identifier=\"ninja_table_unique_id_3520133323_26277\"\n           class=\" foo-table ninja_footable foo_table_26277 ninja_table_unique_id_3520133323_26277 ui table  nt_type_ajax_table vertical_centered  footable-paging-right ninja_table_search_disabled\">\n                <colgroup>\n                            <col class=\"ninja_column_0 \">\n                            <col class=\"ninja_column_1 \">\n                    <\/colgroup>\n            <\/table>\n    \n    \n    \n<\/div>\n\n<p>1. Puede funcionar con alimentaci\u00f3n solar; para m\u00e1s informaci\u00f3n, consulte a su distributor local.<br \/>2. Basado en una temperatura ambiente de 25\u00b0C y una unidad no expuesta a la luz solar directa.<br \/>3. Basado en una fuerza de empuje del motor inferior al 50% de la nominal, (fuerzas de arranque y funcionamiento).<br \/>4. Las velocidades de apertura y cierre de la puerta pueden configurarse, para que funcionen m\u00e1s lentamente en funci\u00f3n de las necesidades de cada instalaci\u00f3n.<br \/>5. Puede aumentar la capacidad de la bater\u00eda para tiempos de espera m\u00e1s largos.<br \/>6. Basado en una puerta de 4m, excluidos todos los accesorios.<br \/>7. Se pueden utilizar varios botones por control remoto.<br \/>8. Depende de la duraci\u00f3n y el estado de la bater\u00eda.<\/p>\n<p>[\/et_pb_text][\/et_pb_column][\/et_pb_row][\/et_pb_section][et_pb_section fb_built=&#8221;1&#8243; fullwidth=&#8221;on&#8221; _builder_version=&#8221;4.21.0&#8243; _module_preset=&#8221;default&#8221; global_module=&#8221;24464&#8243; global_colors_info=&#8221;{}&#8221;][et_pb_fullwidth_image src=&#8221;https:\/\/www.centsys.com\/lat\/img\/admin\/Centurion%20Systems_Motores%20para%20puertas%20corredizas_imagen.jpg&#8221; url=&#8221;https:\/\/www.centsys.com\/mx\/smart&#8221; admin_label=&#8221;FOOTER_SITE WIDE&#8221; _builder_version=&#8221;4.27.2&#8243; _module_preset=&#8221;default&#8221; global_colors_info=&#8221;{}&#8221;][\/et_pb_fullwidth_image][et_pb_fullwidth_header button_one_text=&#8221;Cont\u00e1ctenos&#8221; button_one_url=&#8221;https:\/\/www.centsys.com\/mx\/detalles-de-contacto\/&#8221; button_two_text=&#8221;Soporte t\u00e9cnico&#8221; button_two_url=&#8221;https:\/\/www.centsys.com\/mx\/centro-de-llamadas\/&#8221; disabled_on=&#8221;on|on|on&#8221; _builder_version=&#8221;4.25.2&#8243; _module_preset=&#8221;default&#8221; background_color=&#8221;#c1c1c1&#8243; custom_button_one=&#8221;on&#8221; button_one_text_color=&#8221;#FFFFFF&#8221; button_one_bg_color=&#8221;#999999&#8243; button_one_border_color=&#8221;#8e8e8e&#8221; custom_button_two=&#8221;on&#8221; button_two_text_color=&#8221;#FFFFFF&#8221; button_two_bg_color=&#8221;#999999&#8243; button_two_border_color=&#8221;#8e8e8e&#8221; custom_padding=&#8221;5px||19px|||&#8221; disabled=&#8221;on&#8221; global_colors_info=&#8221;{}&#8221;][\/et_pb_fullwidth_header][\/et_pb_section]<\/p>\n","protected":false},"excerpt":{"rendered":"<p>D5-Evo SMART: El legado de la innovaci\u00f3nD5-Evo SMART &#8211; motor para puertas dom\u00e9sticas y de industria ligera. &nbsp; El ic\u00f3nico D5-Evo, renovado. El motor para puertas, que es s\u00edmbolo de fiabilidad y rendimiento, es ahora m\u00e1s inteligente. Presentamos el D5-Evo SMART, impulsado por una tecnolog\u00eda galardonada y dise\u00f1ado para mejorar su experiencia de seguridad. M\u00e1s [&hellip;]<\/p>\n","protected":false},"author":2,"featured_media":0,"parent":0,"menu_order":0,"comment_status":"closed","ping_status":"closed","template":"","meta":{"_et_pb_use_builder":"on","_et_pb_old_content":"","_et_gb_content_width":"","_joinchat":[],"footnotes":""},"class_list":["post-26255","page","type-page","status-publish","hentry"],"yoast_head":"<!-- This site is optimized with the Yoast SEO Premium plugin v26.6 (Yoast SEO v27.4) - https:\/\/yoast.com\/product\/yoast-seo-premium-wordpress\/ -->\r\n<title>D5-Evo SMART - motor para puertas dom\u00e9sticas y de industria ligera - Centurion Systems<\/title>\r\n<meta name=\"description\" content=\"Presentamos el motor para puertas D5-Evo SMART, con tecnolog\u00eda galardonada y dise\u00f1ado para mejorar su experiencia en seguridad.\" \/>\r\n<meta name=\"robots\" content=\"index, follow, max-snippet:-1, max-image-preview:large, max-video-preview:-1\" \/>\r\n<link rel=\"canonical\" href=\"https:\/\/www.centsys.com\/mx\/d5-evo-smart-motor-para-puertas-domesticas-y-de-industria-ligera\/\" \/>\r\n<meta property=\"og:locale\" content=\"en_US\" \/>\r\n<meta property=\"og:type\" content=\"article\" \/>\r\n<meta property=\"og:title\" content=\"D5-Evo SMART - motor para puertas dom\u00e9sticas y de industria ligera\" \/>\r\n<meta property=\"og:description\" content=\"Presentamos el motor para puertas D5-Evo SMART, con tecnolog\u00eda galardonada y dise\u00f1ado para mejorar su experiencia en seguridad.\" \/>\r\n<meta property=\"og:url\" content=\"https:\/\/www.centsys.com\/mx\/d5-evo-smart-motor-para-puertas-domesticas-y-de-industria-ligera\/\" \/>\r\n<meta property=\"og:site_name\" content=\"Centurion Systems Mexico\" \/>\r\n<meta property=\"article:modified_time\" content=\"2025-09-15T22:22:36+00:00\" \/>\r\n<meta property=\"og:image\" content=\"https:\/\/www.centsys.com\/mx\/img\/smart\/CENTURON%20D-SERIES%20Mexico%20PDF.jpg\" \/>\r\n<meta name=\"twitter:card\" content=\"summary_large_image\" \/>\r\n<meta name=\"twitter:label1\" content=\"Est. reading time\" \/>\n\t<meta name=\"twitter:data1\" content=\"5 minutes\" \/>\r\n<script type=\"application\/ld+json\" class=\"yoast-schema-graph\">{\"@context\":\"https:\\\/\\\/schema.org\",\"@graph\":[{\"@type\":\"WebPage\",\"@id\":\"https:\\\/\\\/www.centsys.com\\\/mx\\\/d5-evo-smart-motor-para-puertas-domesticas-y-de-industria-ligera\\\/\",\"url\":\"https:\\\/\\\/www.centsys.com\\\/mx\\\/d5-evo-smart-motor-para-puertas-domesticas-y-de-industria-ligera\\\/\",\"name\":\"D5-Evo SMART - motor para puertas dom\u00e9sticas y de industria ligera - Centurion Systems\",\"isPartOf\":{\"@id\":\"https:\\\/\\\/www.centsys.com\\\/mx\\\/#website\"},\"primaryImageOfPage\":{\"@id\":\"https:\\\/\\\/www.centsys.com\\\/mx\\\/d5-evo-smart-motor-para-puertas-domesticas-y-de-industria-ligera\\\/#primaryimage\"},\"image\":{\"@id\":\"https:\\\/\\\/www.centsys.com\\\/mx\\\/d5-evo-smart-motor-para-puertas-domesticas-y-de-industria-ligera\\\/#primaryimage\"},\"thumbnailUrl\":\"https:\\\/\\\/www.centsys.com\\\/mx\\\/img\\\/smart\\\/CENTURON%20D-SERIES%20Mexico%20PDF.jpg\",\"datePublished\":\"2024-04-12T20:16:06+00:00\",\"dateModified\":\"2025-09-15T22:22:36+00:00\",\"description\":\"Presentamos el motor para puertas D5-Evo SMART, con tecnolog\u00eda galardonada y dise\u00f1ado para mejorar su experiencia en seguridad.\",\"breadcrumb\":{\"@id\":\"https:\\\/\\\/www.centsys.com\\\/mx\\\/d5-evo-smart-motor-para-puertas-domesticas-y-de-industria-ligera\\\/#breadcrumb\"},\"inLanguage\":\"en-ZA\",\"potentialAction\":[{\"@type\":\"ReadAction\",\"target\":[\"https:\\\/\\\/www.centsys.com\\\/mx\\\/d5-evo-smart-motor-para-puertas-domesticas-y-de-industria-ligera\\\/\"]}]},{\"@type\":\"ImageObject\",\"inLanguage\":\"en-ZA\",\"@id\":\"https:\\\/\\\/www.centsys.com\\\/mx\\\/d5-evo-smart-motor-para-puertas-domesticas-y-de-industria-ligera\\\/#primaryimage\",\"url\":\"https:\\\/\\\/www.centsys.com\\\/mx\\\/img\\\/smart\\\/CENTURON%20D-SERIES%20Mexico%20PDF.jpg\",\"contentUrl\":\"https:\\\/\\\/www.centsys.com\\\/mx\\\/img\\\/smart\\\/CENTURON%20D-SERIES%20Mexico%20PDF.jpg\"},{\"@type\":\"BreadcrumbList\",\"@id\":\"https:\\\/\\\/www.centsys.com\\\/mx\\\/d5-evo-smart-motor-para-puertas-domesticas-y-de-industria-ligera\\\/#breadcrumb\",\"itemListElement\":[{\"@type\":\"ListItem\",\"position\":1,\"name\":\"INICIO\",\"item\":\"https:\\\/\\\/www.centsys.com\\\/mx\\\/\"},{\"@type\":\"ListItem\",\"position\":2,\"name\":\"D5-Evo SMART &#8211; motor para puertas dom\u00e9sticas y de industria ligera\"}]},{\"@type\":\"WebSite\",\"@id\":\"https:\\\/\\\/www.centsys.com\\\/mx\\\/#website\",\"url\":\"https:\\\/\\\/www.centsys.com\\\/mx\\\/\",\"name\":\"Centurion Systems Mexico\",\"description\":\"Productos para Automatizaci\u00f3n de Acceso\",\"potentialAction\":[{\"@type\":\"SearchAction\",\"target\":{\"@type\":\"EntryPoint\",\"urlTemplate\":\"https:\\\/\\\/www.centsys.com\\\/mx\\\/?s={search_term_string}\"},\"query-input\":{\"@type\":\"PropertyValueSpecification\",\"valueRequired\":true,\"valueName\":\"search_term_string\"}}],\"inLanguage\":\"en-ZA\"}]}<\/script>\r\n<!-- \/ Yoast SEO Premium plugin. -->","yoast_head_json":{"title":"D5-Evo SMART - motor para puertas dom\u00e9sticas y de industria ligera - Centurion Systems","description":"Presentamos el motor para puertas D5-Evo SMART, con tecnolog\u00eda galardonada y dise\u00f1ado para mejorar su experiencia en seguridad.","robots":{"index":"index","follow":"follow","max-snippet":"max-snippet:-1","max-image-preview":"max-image-preview:large","max-video-preview":"max-video-preview:-1"},"canonical":"https:\/\/www.centsys.com\/mx\/d5-evo-smart-motor-para-puertas-domesticas-y-de-industria-ligera\/","og_locale":"en_US","og_type":"article","og_title":"D5-Evo SMART - motor para puertas dom\u00e9sticas y de industria ligera","og_description":"Presentamos el motor para puertas D5-Evo SMART, con tecnolog\u00eda galardonada y dise\u00f1ado para mejorar su experiencia en seguridad.","og_url":"https:\/\/www.centsys.com\/mx\/d5-evo-smart-motor-para-puertas-domesticas-y-de-industria-ligera\/","og_site_name":"Centurion Systems Mexico","article_modified_time":"2025-09-15T22:22:36+00:00","og_image":[{"url":"https:\/\/www.centsys.com\/mx\/img\/smart\/CENTURON%20D-SERIES%20Mexico%20PDF.jpg","type":"","width":"","height":""}],"twitter_card":"summary_large_image","twitter_misc":{"Est. reading time":"5 minutes"},"schema":{"@context":"https:\/\/schema.org","@graph":[{"@type":"WebPage","@id":"https:\/\/www.centsys.com\/mx\/d5-evo-smart-motor-para-puertas-domesticas-y-de-industria-ligera\/","url":"https:\/\/www.centsys.com\/mx\/d5-evo-smart-motor-para-puertas-domesticas-y-de-industria-ligera\/","name":"D5-Evo SMART - motor para puertas dom\u00e9sticas y de industria ligera - Centurion Systems","isPartOf":{"@id":"https:\/\/www.centsys.com\/mx\/#website"},"primaryImageOfPage":{"@id":"https:\/\/www.centsys.com\/mx\/d5-evo-smart-motor-para-puertas-domesticas-y-de-industria-ligera\/#primaryimage"},"image":{"@id":"https:\/\/www.centsys.com\/mx\/d5-evo-smart-motor-para-puertas-domesticas-y-de-industria-ligera\/#primaryimage"},"thumbnailUrl":"https:\/\/www.centsys.com\/mx\/img\/smart\/CENTURON%20D-SERIES%20Mexico%20PDF.jpg","datePublished":"2024-04-12T20:16:06+00:00","dateModified":"2025-09-15T22:22:36+00:00","description":"Presentamos el motor para puertas D5-Evo SMART, con tecnolog\u00eda galardonada y dise\u00f1ado para mejorar su experiencia en seguridad.","breadcrumb":{"@id":"https:\/\/www.centsys.com\/mx\/d5-evo-smart-motor-para-puertas-domesticas-y-de-industria-ligera\/#breadcrumb"},"inLanguage":"en-ZA","potentialAction":[{"@type":"ReadAction","target":["https:\/\/www.centsys.com\/mx\/d5-evo-smart-motor-para-puertas-domesticas-y-de-industria-ligera\/"]}]},{"@type":"ImageObject","inLanguage":"en-ZA","@id":"https:\/\/www.centsys.com\/mx\/d5-evo-smart-motor-para-puertas-domesticas-y-de-industria-ligera\/#primaryimage","url":"https:\/\/www.centsys.com\/mx\/img\/smart\/CENTURON%20D-SERIES%20Mexico%20PDF.jpg","contentUrl":"https:\/\/www.centsys.com\/mx\/img\/smart\/CENTURON%20D-SERIES%20Mexico%20PDF.jpg"},{"@type":"BreadcrumbList","@id":"https:\/\/www.centsys.com\/mx\/d5-evo-smart-motor-para-puertas-domesticas-y-de-industria-ligera\/#breadcrumb","itemListElement":[{"@type":"ListItem","position":1,"name":"INICIO","item":"https:\/\/www.centsys.com\/mx\/"},{"@type":"ListItem","position":2,"name":"D5-Evo SMART &#8211; motor para puertas dom\u00e9sticas y de industria ligera"}]},{"@type":"WebSite","@id":"https:\/\/www.centsys.com\/mx\/#website","url":"https:\/\/www.centsys.com\/mx\/","name":"Centurion Systems Mexico","description":"Productos para Automatizaci\u00f3n de Acceso","potentialAction":[{"@type":"SearchAction","target":{"@type":"EntryPoint","urlTemplate":"https:\/\/www.centsys.com\/mx\/?s={search_term_string}"},"query-input":{"@type":"PropertyValueSpecification","valueRequired":true,"valueName":"search_term_string"}}],"inLanguage":"en-ZA"}]}},"_links":{"self":[{"href":"https:\/\/www.centsys.com\/mx\/wp-json\/wp\/v2\/pages\/26255","targetHints":{"allow":["GET"]}}],"collection":[{"href":"https:\/\/www.centsys.com\/mx\/wp-json\/wp\/v2\/pages"}],"about":[{"href":"https:\/\/www.centsys.com\/mx\/wp-json\/wp\/v2\/types\/page"}],"author":[{"embeddable":true,"href":"https:\/\/www.centsys.com\/mx\/wp-json\/wp\/v2\/users\/2"}],"replies":[{"embeddable":true,"href":"https:\/\/www.centsys.com\/mx\/wp-json\/wp\/v2\/comments?post=26255"}],"version-history":[{"count":0,"href":"https:\/\/www.centsys.com\/mx\/wp-json\/wp\/v2\/pages\/26255\/revisions"}],"wp:attachment":[{"href":"https:\/\/www.centsys.com\/mx\/wp-json\/wp\/v2\/media?parent=26255"}],"curies":[{"name":"wp","href":"https:\/\/api.w.org\/{rel}","templated":true}]}}