{"id":278,"date":"2020-03-04T09:31:05","date_gmt":"2020-03-04T09:31:05","guid":{"rendered":"http:\/\/centsys.co.za\/lat\/?page_id=278"},"modified":"2023-10-23T21:14:39","modified_gmt":"2023-10-23T19:14:39","slug":"presencia-global","status":"publish","type":"page","link":"https:\/\/www.centsys.com\/mx\/presencia-global\/","title":{"rendered":"Presencia global"},"content":{"rendered":"<p>[et_pb_section fb_built=&#8221;1&#8243; fullwidth=&#8221;on&#8221; _builder_version=&#8221;4.16&#8243; global_colors_info=&#8221;{}&#8221;][et_pb_fullwidth_image src=&#8221;https:\/\/www.centsys.com\/mx\/img\/Presencia Global\/Marca Global de Centurion Systems..jpg&#8221; _builder_version=&#8221;4.16&#8243; global_colors_info=&#8221;{}&#8221;][\/et_pb_fullwidth_image][\/et_pb_section][et_pb_section fb_built=&#8221;1&#8243; fullwidth=&#8221;on&#8221; _builder_version=&#8221;4.9.2&#8243; global_module=&#8221;4804&#8243; global_colors_info=&#8221;{}&#8221;][et_pb_fullwidth_code admin_label=&#8221;SEO BREADCRUMBS&#8221; _builder_version=&#8221;4.16&#8243; _module_preset=&#8221;default&#8221; background_color=&#8221;#e5e5e5&#8243; custom_padding=&#8221;|||15%|false|false&#8221; global_colors_info=&#8221;{}&#8221;]<span><span><a href=\"https:\/\/www.centsys.com\/mx\/\">INICIO<\/a><\/span><\/span>[\/et_pb_fullwidth_code][\/et_pb_section][et_pb_section fb_built=&#8221;1&#8243; _builder_version=&#8221;4.16&#8243; global_colors_info=&#8221;{}&#8221;][et_pb_row _builder_version=&#8221;4.16&#8243; global_colors_info=&#8221;{}&#8221;][et_pb_column type=&#8221;4_4&#8243; _builder_version=&#8221;4.16&#8243; global_colors_info=&#8221;{}&#8221;][et_pb_text _builder_version=&#8221;4.16&#8243; global_colors_info=&#8221;{}&#8221;]<\/p>\n<h1 style=\"text-align: center;\">PRESENCIA GLOBAL<\/h1>\n<p style=\"text-align: center;\">A trav\u00e9s de nuestra red de distribuidores autorizados e instaladores oficiales, los motores para puertas y productos de automatizaci\u00f3n de acceso CENTURION est\u00e1n disponibles en <strong>m\u00e1s de 70 pa\u00edses alrededor del mundo.<\/strong> Suministraremos nuestros productos, a trav\u00e9s de nuestros distribuidores, donde sea que surja la necesidad. Si usted no puede ubicar un distribuidor en su \u00e1rea, le rogamos notificarnos para poder canalizar su petici\u00f3n.<\/p>\n<p>[\/et_pb_text][\/et_pb_column][\/et_pb_row][et_pb_row _builder_version=&#8221;4.16&#8243; global_colors_info=&#8221;{}&#8221;][et_pb_column type=&#8221;4_4&#8243; _builder_version=&#8221;4.16&#8243; global_colors_info=&#8221;{}&#8221;][et_pb_image src=&#8221;https:\/\/www.centsys.com\/mx\/img\/Presencia Global\/Marca Global de Centurion Systems.jpg&#8221; align=&#8221;center&#8221; _builder_version=&#8221;4.16&#8243; global_colors_info=&#8221;{}&#8221;][\/et_pb_image][\/et_pb_column][\/et_pb_row][et_pb_row _builder_version=&#8221;4.22.2&#8243; _module_preset=&#8221;default&#8221; column_structure=&#8221;1_6,1_6,1_6,1_6,1_6,1_6&#8243;][et_pb_column _builder_version=&#8221;4.22.2&#8243; _module_preset=&#8221;default&#8221; type=&#8221;1_6&#8243;][et_pb_text _builder_version=&#8221;4.22.2&#8243; _module_preset=&#8221;default&#8221; hover_enabled=&#8221;0&#8243; sticky_enabled=&#8221;0&#8243;]<\/p>\n<p>Angola<br \/>Australia<br \/>Bar\u00e9in<br \/>Barbados<br \/>Ben\u00edn<br \/>Botsuana<br \/>Brasil<br \/>Burkina Faso<br \/>Burundi<br \/>Catar<br \/>Chile<br \/>Colombia<\/p>\n<p>[\/et_pb_text][\/et_pb_column][et_pb_column _builder_version=&#8221;4.22.2&#8243; _module_preset=&#8221;default&#8221; type=&#8221;1_6&#8243;][et_pb_text _builder_version=&#8221;4.22.2&#8243; _module_preset=&#8221;default&#8221; hover_enabled=&#8221;0&#8243; sticky_enabled=&#8221;0&#8243;]<\/p>\n<p>Costa De Marfil<br \/>Costa Rica<br \/>Ecuador<br \/>Egipto<br \/>Emiratos \u00c1rabes Unidos<br \/>Espa\u00f1a<br \/>Esuatini<br \/>Etiop\u00eda<br \/>Filipinas<br \/>Francia<br \/>Gab\u00f3n<br \/>Ghana<\/p>\n<p>[\/et_pb_text][\/et_pb_column][et_pb_column _builder_version=&#8221;4.22.2&#8243; _module_preset=&#8221;default&#8221; type=&#8221;1_6&#8243;][et_pb_text _builder_version=&#8221;4.22.2&#8243; _module_preset=&#8221;default&#8221; hover_enabled=&#8221;0&#8243; sticky_enabled=&#8221;0&#8243;]<\/p>\n<p>Guinea Ecuatorial<br \/>Irlanda<br \/>Israel<br \/>Jamaica<br \/>Kenia<br \/>Kuwait<br \/>Lesoto<br \/>Libia<br \/>Madagascar<br \/>Malasia<br \/>Malaui<br \/>Mali<\/p>\n<p>&nbsp;<\/p>\n<p>[\/et_pb_text][\/et_pb_column][et_pb_column _builder_version=&#8221;4.22.2&#8243; _module_preset=&#8221;default&#8221; type=&#8221;1_6&#8243;][et_pb_text _builder_version=&#8221;4.22.2&#8243; _module_preset=&#8221;default&#8221; hover_enabled=&#8221;0&#8243; sticky_enabled=&#8221;0&#8243;]<\/p>\n<p>Mauricio<br \/>M\u00e9xico<br \/>Mozambique<br \/>Namibia<br \/>Nigeria<br \/>Nueva Caledonia<br \/>Nueva Zelandia<br \/>Pakist\u00e1n<br \/>Panam\u00e1<br \/>Per\u00fa<br \/>Reino Unido<br \/>Rep\u00fablica Del Congo<\/p>\n<p>[\/et_pb_text][\/et_pb_column][et_pb_column _builder_version=&#8221;4.22.2&#8243; _module_preset=&#8221;default&#8221; type=&#8221;1_6&#8243;][et_pb_text _builder_version=&#8221;4.22.2&#8243; _module_preset=&#8221;default&#8221; hover_enabled=&#8221;0&#8243; sticky_enabled=&#8221;0&#8243;]<\/p>\n<p>Rep\u00fablica Democr\u00e1tica Del Congo<br \/>Rep\u00fablica Dominicana<br \/>Reuni\u00f3n<br \/>Ruanda<br \/>Senegal<br \/>Seychelles<br \/>Sierra Leona<br \/>Singapur<br \/>Somalia<br \/>Sud\u00e1frica<br \/>Sud\u00e1n<br \/>Sud\u00e1n del Sur<br \/>Tailandia<\/p>\n<p>[\/et_pb_text][\/et_pb_column][et_pb_column _builder_version=&#8221;4.22.2&#8243; _module_preset=&#8221;default&#8221; type=&#8221;1_6&#8243;][et_pb_text _builder_version=&#8221;4.22.2&#8243; _module_preset=&#8221;default&#8221; hover_enabled=&#8221;0&#8243; sticky_enabled=&#8221;0&#8243;]<\/p>\n<p>Tanzania<br \/>Uganda<br \/>Vanuatu<br \/>Venezuela<br \/>Vietnam<br \/>Zambia<br \/>Zimbabwe<\/p>\n<p>[\/et_pb_text][\/et_pb_column][\/et_pb_row][\/et_pb_section]<\/p>\n","protected":false},"excerpt":{"rendered":"<p><span><span><a href=\"https:\/\/www.centsys.com\/mx\/\">INICIO<\/a><\/span><\/span>PRESENCIA GLOBAL A trav\u00e9s de nuestra red de distribuidores autorizados e instaladores oficiales, los motores para puertas y productos de automatizaci\u00f3n de acceso CENTURION est\u00e1n disponibles en m\u00e1s de 70 pa\u00edses alrededor del mundo. Suministraremos nuestros productos, a trav\u00e9s de nuestros distribuidores, donde sea que surja la necesidad. Si usted no puede ubicar un distribuidor [&hellip;]<\/p>\n","protected":false},"author":1,"featured_media":0,"parent":0,"menu_order":0,"comment_status":"closed","ping_status":"closed","template":"","meta":{"_et_pb_use_builder":"on","_et_pb_old_content":"","_et_gb_content_width":"","_joinchat":[],"footnotes":""},"class_list":["post-278","page","type-page","status-publish","hentry"],"yoast_head":"<!-- This site is optimized with the Yoast SEO Premium plugin v26.6 (Yoast SEO v27.4) - https:\/\/yoast.com\/product\/yoast-seo-premium-wordpress\/ -->\r\n<title>Presencia Global - Centurion Systems<\/title>\r\n<meta name=\"description\" content=\"Nuestras soluciones de automatizaci\u00f3n de acceso para la industria o el hogar est\u00e1n disponibles en m\u00e1s de 70 pa\u00edses.\" \/>\r\n<meta name=\"robots\" content=\"index, follow, max-snippet:-1, max-image-preview:large, max-video-preview:-1\" \/>\r\n<link rel=\"canonical\" href=\"https:\/\/www.centsys.com\/mx\/presencia-global\/\" \/>\r\n<meta property=\"og:locale\" content=\"en_US\" \/>\r\n<meta property=\"og:type\" content=\"article\" \/>\r\n<meta property=\"og:title\" content=\"Presencia global\" \/>\r\n<meta property=\"og:description\" content=\"Nuestras soluciones de automatizaci\u00f3n de acceso para la industria o el hogar est\u00e1n disponibles en m\u00e1s de 70 pa\u00edses.\" \/>\r\n<meta property=\"og:url\" content=\"https:\/\/www.centsys.com\/mx\/presencia-global\/\" \/>\r\n<meta property=\"og:site_name\" content=\"Centurion Systems Mexico\" \/>\r\n<meta property=\"article:modified_time\" content=\"2023-10-23T19:14:39+00:00\" \/>\r\n<meta name=\"twitter:card\" content=\"summary_large_image\" \/>\r\n<meta name=\"twitter:label1\" content=\"Est. reading time\" \/>\n\t<meta name=\"twitter:data1\" content=\"1 minute\" \/>\r\n<script type=\"application\/ld+json\" class=\"yoast-schema-graph\">{\"@context\":\"https:\\\/\\\/schema.org\",\"@graph\":[{\"@type\":\"WebPage\",\"@id\":\"https:\\\/\\\/www.centsys.com\\\/mx\\\/presencia-global\\\/\",\"url\":\"https:\\\/\\\/www.centsys.com\\\/mx\\\/presencia-global\\\/\",\"name\":\"Presencia Global - Centurion Systems\",\"isPartOf\":{\"@id\":\"https:\\\/\\\/www.centsys.com\\\/mx\\\/#website\"},\"datePublished\":\"2020-03-04T09:31:05+00:00\",\"dateModified\":\"2023-10-23T19:14:39+00:00\",\"description\":\"Nuestras soluciones de automatizaci\u00f3n de acceso para la industria o el hogar est\u00e1n disponibles en m\u00e1s de 70 pa\u00edses.\",\"breadcrumb\":{\"@id\":\"https:\\\/\\\/www.centsys.com\\\/mx\\\/presencia-global\\\/#breadcrumb\"},\"inLanguage\":\"en-ZA\",\"potentialAction\":[{\"@type\":\"ReadAction\",\"target\":[\"https:\\\/\\\/www.centsys.com\\\/mx\\\/presencia-global\\\/\"]}]},{\"@type\":\"BreadcrumbList\",\"@id\":\"https:\\\/\\\/www.centsys.com\\\/mx\\\/presencia-global\\\/#breadcrumb\",\"itemListElement\":[{\"@type\":\"ListItem\",\"position\":1,\"name\":\"INICIO\",\"item\":\"https:\\\/\\\/www.centsys.com\\\/mx\\\/\"},{\"@type\":\"ListItem\",\"position\":2,\"name\":\"Presencia global\"}]},{\"@type\":\"WebSite\",\"@id\":\"https:\\\/\\\/www.centsys.com\\\/mx\\\/#website\",\"url\":\"https:\\\/\\\/www.centsys.com\\\/mx\\\/\",\"name\":\"Centurion Systems Mexico\",\"description\":\"Productos para Automatizaci\u00f3n de Acceso\",\"potentialAction\":[{\"@type\":\"SearchAction\",\"target\":{\"@type\":\"EntryPoint\",\"urlTemplate\":\"https:\\\/\\\/www.centsys.com\\\/mx\\\/?s={search_term_string}\"},\"query-input\":{\"@type\":\"PropertyValueSpecification\",\"valueRequired\":true,\"valueName\":\"search_term_string\"}}],\"inLanguage\":\"en-ZA\"}]}<\/script>\r\n<!-- \/ Yoast SEO Premium plugin. -->","yoast_head_json":{"title":"Presencia Global - Centurion Systems","description":"Nuestras soluciones de automatizaci\u00f3n de acceso para la industria o el hogar est\u00e1n disponibles en m\u00e1s de 70 pa\u00edses.","robots":{"index":"index","follow":"follow","max-snippet":"max-snippet:-1","max-image-preview":"max-image-preview:large","max-video-preview":"max-video-preview:-1"},"canonical":"https:\/\/www.centsys.com\/mx\/presencia-global\/","og_locale":"en_US","og_type":"article","og_title":"Presencia global","og_description":"Nuestras soluciones de automatizaci\u00f3n de acceso para la industria o el hogar est\u00e1n disponibles en m\u00e1s de 70 pa\u00edses.","og_url":"https:\/\/www.centsys.com\/mx\/presencia-global\/","og_site_name":"Centurion Systems Mexico","article_modified_time":"2023-10-23T19:14:39+00:00","twitter_card":"summary_large_image","twitter_misc":{"Est. reading time":"1 minute"},"schema":{"@context":"https:\/\/schema.org","@graph":[{"@type":"WebPage","@id":"https:\/\/www.centsys.com\/mx\/presencia-global\/","url":"https:\/\/www.centsys.com\/mx\/presencia-global\/","name":"Presencia Global - Centurion Systems","isPartOf":{"@id":"https:\/\/www.centsys.com\/mx\/#website"},"datePublished":"2020-03-04T09:31:05+00:00","dateModified":"2023-10-23T19:14:39+00:00","description":"Nuestras soluciones de automatizaci\u00f3n de acceso para la industria o el hogar est\u00e1n disponibles en m\u00e1s de 70 pa\u00edses.","breadcrumb":{"@id":"https:\/\/www.centsys.com\/mx\/presencia-global\/#breadcrumb"},"inLanguage":"en-ZA","potentialAction":[{"@type":"ReadAction","target":["https:\/\/www.centsys.com\/mx\/presencia-global\/"]}]},{"@type":"BreadcrumbList","@id":"https:\/\/www.centsys.com\/mx\/presencia-global\/#breadcrumb","itemListElement":[{"@type":"ListItem","position":1,"name":"INICIO","item":"https:\/\/www.centsys.com\/mx\/"},{"@type":"ListItem","position":2,"name":"Presencia global"}]},{"@type":"WebSite","@id":"https:\/\/www.centsys.com\/mx\/#website","url":"https:\/\/www.centsys.com\/mx\/","name":"Centurion Systems Mexico","description":"Productos para Automatizaci\u00f3n de Acceso","potentialAction":[{"@type":"SearchAction","target":{"@type":"EntryPoint","urlTemplate":"https:\/\/www.centsys.com\/mx\/?s={search_term_string}"},"query-input":{"@type":"PropertyValueSpecification","valueRequired":true,"valueName":"search_term_string"}}],"inLanguage":"en-ZA"}]}},"_links":{"self":[{"href":"https:\/\/www.centsys.com\/mx\/wp-json\/wp\/v2\/pages\/278","targetHints":{"allow":["GET"]}}],"collection":[{"href":"https:\/\/www.centsys.com\/mx\/wp-json\/wp\/v2\/pages"}],"about":[{"href":"https:\/\/www.centsys.com\/mx\/wp-json\/wp\/v2\/types\/page"}],"author":[{"embeddable":true,"href":"https:\/\/www.centsys.com\/mx\/wp-json\/wp\/v2\/users\/1"}],"replies":[{"embeddable":true,"href":"https:\/\/www.centsys.com\/mx\/wp-json\/wp\/v2\/comments?post=278"}],"version-history":[{"count":0,"href":"https:\/\/www.centsys.com\/mx\/wp-json\/wp\/v2\/pages\/278\/revisions"}],"wp:attachment":[{"href":"https:\/\/www.centsys.com\/mx\/wp-json\/wp\/v2\/media?parent=278"}],"curies":[{"name":"wp","href":"https:\/\/api.w.org\/{rel}","templated":true}]}}