{"id":301,"date":"2020-03-04T09:43:02","date_gmt":"2020-03-04T09:43:02","guid":{"rendered":"http:\/\/centsys.co.za\/lat\/?page_id=301"},"modified":"2021-04-06T16:40:48","modified_gmt":"2021-04-06T14:40:48","slug":"innovacion","status":"publish","type":"page","link":"https:\/\/www.centsys.com\/mx\/innovacion\/","title":{"rendered":"Innovaci\u00f3n"},"content":{"rendered":"<p>[et_pb_section fb_built=&#8221;1&#8243; fullwidth=&#8221;on&#8221; _builder_version=&#8221;4.3.2&#8243; background_enable_image=&#8221;off&#8221;][et_pb_fullwidth_header title=&#8221;INNOVACI\u00d3N&#8221; text_orientation=&#8221;right&#8221; _builder_version=&#8221;4.8.2&#8243; title_font=&#8221;Verdana|700||on|||||&#8221; title_text_align=&#8221;left&#8221; title_text_color=&#8221;#81c341&#8243; title_font_size=&#8221;46px&#8221; content_font=&#8221;Verdana||||||||&#8221; content_text_align=&#8221;left&#8221; content_text_color=&#8221;#6d6e71&#8243; content_font_size=&#8221;18px&#8221; background_enable_color=&#8221;off&#8221; background_image=&#8221;https:\/\/www.centsys.com\/mx\/img\/Innovaci\u00f3n\/Historia de la innovaci\u00f3n Centurion Systems.png&#8221; background_layout=&#8221;light&#8221; width=&#8221;100{b9f1a820be3d81834e54a7fd91d7ea557d10675802c96376b4de0df52dd4704d}&#8221; max_width=&#8221;100{b9f1a820be3d81834e54a7fd91d7ea557d10675802c96376b4de0df52dd4704d}&#8221; custom_margin=&#8221;||||false|false&#8221; custom_padding=&#8221;11%||11%|20%|true|false&#8221; custom_padding_tablet=&#8221;|||10%|true|false&#8221; custom_padding_phone=&#8221;|||0%|true|false&#8221; custom_padding_last_edited=&#8221;on|phone&#8221; title_font_size_tablet=&#8221;&#8221; title_font_size_phone=&#8221;36px&#8221; title_font_size_last_edited=&#8221;on|phone&#8221; content_font_size_tablet=&#8221;&#8221; content_font_size_phone=&#8221;14px&#8221; content_font_size_last_edited=&#8221;on|phone&#8221;]<\/p>\n<p style=\"text-align: right;\">Inteligencia en Movimiento<\/p>\n<p>[\/et_pb_fullwidth_header][\/et_pb_section][et_pb_section fb_built=&#8221;1&#8243; fullwidth=&#8221;on&#8221; _builder_version=&#8221;4.9.2&#8243; global_module=&#8221;4804&#8243;][et_pb_fullwidth_code admin_label=&#8221;SEO BREADCRUMBS&#8221; _builder_version=&#8221;4.9.2&#8243; _module_preset=&#8221;default&#8221; background_color=&#8221;#e5e5e5&#8243; custom_padding=&#8221;|||15%|false|false&#8221;]<span><span><a href=\"https:\/\/www.centsys.com\/mx\/\">INICIO<\/a><\/span><\/span>[\/et_pb_fullwidth_code][\/et_pb_section][et_pb_section fb_built=&#8221;1&#8243; _builder_version=&#8221;3.22&#8243;][et_pb_row _builder_version=&#8221;4.3.2&#8243;][et_pb_column type=&#8221;4_4&#8243; _builder_version=&#8221;4.3.2&#8243;][et_pb_text _builder_version=&#8221;4.5.1&#8243; header_5_font=&#8221;|||on|||||&#8221;]<\/p>\n<h1 style=\"text-align: center;\">HISTORIA DE LA INNOVACI\u00d3N<\/h1>\n<h6 class=\"p1\" style=\"text-align: center;\">\u00a0<\/h6>\n<h5 style=\"text-align: center;\">PREMIOS OTORGADOS A CENTURION<\/h5>\n<p style=\"text-align: center;\">A lo largo de la orgullosa historia de CENTURION, siempre hemos estado motivados por la<strong> innovaci\u00f3n y por una verdadera excelencia.<\/strong> Este deseo nato de ser indiscutiblemente el mejor en el campo de la <strong>automatizaci\u00f3n del acceso<\/strong> se evidencia en el rango de productos de CENTURION que han sido galardonados.<\/p>\n<p>[\/et_pb_text][\/et_pb_column][\/et_pb_row][et_pb_row column_structure=&#8221;1_3,2_3&#8243; _builder_version=&#8221;4.3.2&#8243;][et_pb_column type=&#8221;1_3&#8243; _builder_version=&#8221;4.3.2&#8243;][et_pb_image src=&#8221;https:\/\/www.centsys.com\/mx\/img\/Innovaci\u00f3n\/IFSEC2010-Award-D10-14.jpg&#8221; align=&#8221;center&#8221; _builder_version=&#8221;4.8.2&#8243;][\/et_pb_image][\/et_pb_column][et_pb_column type=&#8221;2_3&#8243; _builder_version=&#8221;4.3.2&#8243;][et_pb_text _builder_version=&#8221;4.4.8&#8243; custom_margin=&#8221;2{b9f1a820be3d81834e54a7fd91d7ea557d10675802c96376b4de0df52dd4704d}||2{b9f1a820be3d81834e54a7fd91d7ea557d10675802c96376b4de0df52dd4704d}||true|false&#8221;]<\/p>\n<h3>2010<\/h3>\n<p>El operador D10 para puerta corrediza se torna finalista en los Premios a la Industria IFSEC 2010, en el Reino Unido.<\/p>\n<p>[\/et_pb_text][\/et_pb_column][\/et_pb_row][et_pb_row column_structure=&#8221;1_3,2_3&#8243; _builder_version=&#8221;4.3.2&#8243;][et_pb_column type=&#8221;1_3&#8243; _builder_version=&#8221;4.3.2&#8243;][et_pb_image src=&#8221;https:\/\/www.centsys.com\/mx\/img\/Innovaci\u00f3n\/SABS Design Excellence Awards Logo.jpg&#8221; align=&#8221;center&#8221; _builder_version=&#8221;4.8.2&#8243;][\/et_pb_image][\/et_pb_column][et_pb_column type=&#8221;2_3&#8243; _builder_version=&#8221;4.3.2&#8243;][et_pb_text _builder_version=&#8221;4.4.8&#8243; custom_margin=&#8221;4{b9f1a820be3d81834e54a7fd91d7ea557d10675802c96376b4de0df52dd4704d}||4{b9f1a820be3d81834e54a7fd91d7ea557d10675802c96376b4de0df52dd4704d}||true|false&#8221;]<\/p>\n<h3>2009<\/h3>\n<p>El motor para puerta batiente VECTOR2 es ganador del Premio a la Excelencia en Dise\u00f1o del Instituto de Dise\u00f1o SABS.<\/p>\n<p>[\/et_pb_text][\/et_pb_column][\/et_pb_row][et_pb_row column_structure=&#8221;1_3,2_3&#8243; _builder_version=&#8221;4.3.2&#8243;][et_pb_column type=&#8221;1_3&#8243; _builder_version=&#8221;4.3.2&#8243;][et_pb_image src=&#8221;https:\/\/www.centsys.com\/mx\/img\/Innovaci\u00f3n\/2007 SA Emerging Entrepreneur Award.jpg&#8221; align=&#8221;center&#8221; _builder_version=&#8221;4.8.2&#8243;][\/et_pb_image][\/et_pb_column][et_pb_column type=&#8221;2_3&#8243; _builder_version=&#8221;4.3.2&#8243;][et_pb_text _builder_version=&#8221;4.4.8&#8243; custom_margin=&#8221;3{b9f1a820be3d81834e54a7fd91d7ea557d10675802c96376b4de0df52dd4704d}||3{b9f1a820be3d81834e54a7fd91d7ea557d10675802c96376b4de0df52dd4704d}||true|false&#8221;]<\/p>\n<h3>2007<\/h3>\n<p>Pat Dickens (Director Gerente) de Centurion Systems es ganador del Premio al Emprendedor Emergente en Sud\u00e1frica.<\/p>\n<p>[\/et_pb_text][\/et_pb_column][\/et_pb_row][et_pb_row column_structure=&#8221;1_3,2_3&#8243; _builder_version=&#8221;4.3.2&#8243;][et_pb_column type=&#8221;1_3&#8243; _builder_version=&#8221;4.3.2&#8243;][et_pb_image src=&#8221;https:\/\/www.centsys.com\/mx\/img\/Innovaci\u00f3n\/2006 Design Institute South Africa Design Excellence Award Logo.jpg&#8221; align=&#8221;center&#8221; _builder_version=&#8221;4.8.2&#8243;][\/et_pb_image][\/et_pb_column][et_pb_column type=&#8221;2_3&#8243; _builder_version=&#8221;4.3.2&#8243;][et_pb_text _builder_version=&#8221;4.4.8&#8243; custom_margin=&#8221;5{b9f1a820be3d81834e54a7fd91d7ea557d10675802c96376b4de0df52dd4704d}||5{b9f1a820be3d81834e54a7fd91d7ea557d10675802c96376b4de0df52dd4704d}||true|false&#8221;]<\/p>\n<h3>2006<\/h3>\n<p>El sistema de intercomunicaci\u00f3n POLOphone gana el Premio a la Excelencia en Dise\u00f1o del Instituto de Dise\u00f1o SABS.<\/p>\n<p>[\/et_pb_text][\/et_pb_column][\/et_pb_row][et_pb_row column_structure=&#8221;1_3,2_3&#8243; _builder_version=&#8221;4.3.2&#8243;][et_pb_column type=&#8221;1_3&#8243; _builder_version=&#8221;4.3.2&#8243;][et_pb_image src=&#8221;https:\/\/www.centsys.com\/mx\/img\/Innovaci\u00f3n\/CS04_Sustainable_growth_award certificate.jpg&#8221; align=&#8221;center&#8221; _builder_version=&#8221;4.8.2&#8243;][\/et_pb_image][\/et_pb_column][et_pb_column type=&#8221;2_3&#8243; _builder_version=&#8221;4.3.2&#8243;][et_pb_text _builder_version=&#8221;4.4.8&#8243; custom_margin=&#8221;4{b9f1a820be3d81834e54a7fd91d7ea557d10675802c96376b4de0df52dd4704d}||4{b9f1a820be3d81834e54a7fd91d7ea557d10675802c96376b4de0df52dd4704d}||true|false&#8221;]<\/p>\n<h3>2004<\/h3>\n<p>Ganador del Premio en la Categor\u00eda de la Compa\u00f1\u00eda Privada con Crecimiento Sostenible durante 5 a\u00f1os.<\/p>\n<p>[\/et_pb_text][\/et_pb_column][\/et_pb_row][et_pb_row column_structure=&#8221;1_3,2_3&#8243; _builder_version=&#8221;4.3.2&#8243;][et_pb_column type=&#8221;1_3&#8243; _builder_version=&#8221;4.3.2&#8243;][et_pb_image src=&#8221;https:\/\/www.centsys.com\/mx\/img\/Innovaci\u00f3n\/SABS Design Excellence Awards Logo 2002.jpg&#8221; align=&#8221;center&#8221; _builder_version=&#8221;4.8.2&#8243;][\/et_pb_image][\/et_pb_column][et_pb_column type=&#8221;2_3&#8243; _builder_version=&#8221;4.3.2&#8243;][et_pb_text _builder_version=&#8221;4.4.8&#8243; custom_margin=&#8221;5{b9f1a820be3d81834e54a7fd91d7ea557d10675802c96376b4de0df52dd4704d}||5{b9f1a820be3d81834e54a7fd91d7ea557d10675802c96376b4de0df52dd4704d}||true|false&#8221;]<\/p>\n<h3>2002<\/h3>\n<p>Los equipos de control de remoto CENTURION (Classic\/Smart\/Nova) ganan el Premio a la Excelencia en Dise\u00f1o del Instituto de Dise\u00f1o SABS.<\/p>\n<p>[\/et_pb_text][\/et_pb_column][\/et_pb_row][\/et_pb_section]<\/p>\n","protected":false},"excerpt":{"rendered":"<p>Inteligencia en Movimiento<span><span><a href=\"https:\/\/www.centsys.com\/mx\/\">INICIO<\/a><\/span><\/span>HISTORIA DE LA INNOVACI\u00d3N \u00a0 PREMIOS OTORGADOS A CENTURION A lo largo de la orgullosa historia de CENTURION, siempre hemos estado motivados por la innovaci\u00f3n y por una verdadera excelencia. Este deseo nato de ser indiscutiblemente el mejor en el campo de la automatizaci\u00f3n del acceso se evidencia en el rango de productos [&hellip;]<\/p>\n","protected":false},"author":1,"featured_media":0,"parent":0,"menu_order":0,"comment_status":"closed","ping_status":"closed","template":"","meta":{"_et_pb_use_builder":"on","_et_pb_old_content":"","_et_gb_content_width":"","_joinchat":[],"footnotes":""},"class_list":["post-301","page","type-page","status-publish","hentry"],"yoast_head":"<!-- This site is optimized with the Yoast SEO Premium plugin v26.6 (Yoast SEO v27.3) - https:\/\/yoast.com\/product\/yoast-seo-premium-wordpress\/ -->\r\n<title>Innovaci\u00f3n - Centurion Systems<\/title>\r\n<meta name=\"description\" content=\"Muchos de los productos de CENTURION han sido seleccionados para prestigiosos premios y reconocimientos que nos identifica como l\u00edderes en innovaci\u00f3n y tecnolog\u00eda.\" \/>\r\n<meta name=\"robots\" content=\"index, follow, max-snippet:-1, max-image-preview:large, max-video-preview:-1\" \/>\r\n<link rel=\"canonical\" href=\"https:\/\/www.centsys.com\/mx\/innovacion\/\" \/>\r\n<meta property=\"og:locale\" content=\"en_US\" \/>\r\n<meta property=\"og:type\" content=\"article\" \/>\r\n<meta property=\"og:title\" content=\"Innovaci\u00f3n\" \/>\r\n<meta property=\"og:description\" content=\"Muchos de los productos de CENTURION han sido seleccionados para prestigiosos premios y reconocimientos que nos identifica como l\u00edderes en innovaci\u00f3n y tecnolog\u00eda.\" \/>\r\n<meta property=\"og:url\" content=\"https:\/\/www.centsys.com\/mx\/innovacion\/\" \/>\r\n<meta property=\"og:site_name\" content=\"Centurion Systems Mexico\" \/>\r\n<meta property=\"article:modified_time\" content=\"2021-04-06T14:40:48+00:00\" \/>\r\n<meta name=\"twitter:card\" content=\"summary_large_image\" \/>\r\n<meta name=\"twitter:label1\" content=\"Est. reading time\" \/>\n\t<meta name=\"twitter:data1\" content=\"5 minutes\" \/>\r\n<script type=\"application\/ld+json\" class=\"yoast-schema-graph\">{\"@context\":\"https:\\\/\\\/schema.org\",\"@graph\":[{\"@type\":\"WebPage\",\"@id\":\"https:\\\/\\\/www.centsys.com\\\/mx\\\/innovacion\\\/\",\"url\":\"https:\\\/\\\/www.centsys.com\\\/mx\\\/innovacion\\\/\",\"name\":\"Innovaci\u00f3n - Centurion Systems\",\"isPartOf\":{\"@id\":\"https:\\\/\\\/www.centsys.com\\\/mx\\\/#website\"},\"datePublished\":\"2020-03-04T09:43:02+00:00\",\"dateModified\":\"2021-04-06T14:40:48+00:00\",\"description\":\"Muchos de los productos de CENTURION han sido seleccionados para prestigiosos premios y reconocimientos que nos identifica como l\u00edderes en innovaci\u00f3n y tecnolog\u00eda.\",\"breadcrumb\":{\"@id\":\"https:\\\/\\\/www.centsys.com\\\/mx\\\/innovacion\\\/#breadcrumb\"},\"inLanguage\":\"en-ZA\",\"potentialAction\":[{\"@type\":\"ReadAction\",\"target\":[\"https:\\\/\\\/www.centsys.com\\\/mx\\\/innovacion\\\/\"]}]},{\"@type\":\"BreadcrumbList\",\"@id\":\"https:\\\/\\\/www.centsys.com\\\/mx\\\/innovacion\\\/#breadcrumb\",\"itemListElement\":[{\"@type\":\"ListItem\",\"position\":1,\"name\":\"INICIO\",\"item\":\"https:\\\/\\\/www.centsys.com\\\/mx\\\/\"},{\"@type\":\"ListItem\",\"position\":2,\"name\":\"Innovaci\u00f3n\"}]},{\"@type\":\"WebSite\",\"@id\":\"https:\\\/\\\/www.centsys.com\\\/mx\\\/#website\",\"url\":\"https:\\\/\\\/www.centsys.com\\\/mx\\\/\",\"name\":\"Centurion Systems Mexico\",\"description\":\"Productos para Automatizaci\u00f3n de Acceso\",\"potentialAction\":[{\"@type\":\"SearchAction\",\"target\":{\"@type\":\"EntryPoint\",\"urlTemplate\":\"https:\\\/\\\/www.centsys.com\\\/mx\\\/?s={search_term_string}\"},\"query-input\":{\"@type\":\"PropertyValueSpecification\",\"valueRequired\":true,\"valueName\":\"search_term_string\"}}],\"inLanguage\":\"en-ZA\"}]}<\/script>\r\n<!-- \/ Yoast SEO Premium plugin. -->","yoast_head_json":{"title":"Innovaci\u00f3n - Centurion Systems","description":"Muchos de los productos de CENTURION han sido seleccionados para prestigiosos premios y reconocimientos que nos identifica como l\u00edderes en innovaci\u00f3n y tecnolog\u00eda.","robots":{"index":"index","follow":"follow","max-snippet":"max-snippet:-1","max-image-preview":"max-image-preview:large","max-video-preview":"max-video-preview:-1"},"canonical":"https:\/\/www.centsys.com\/mx\/innovacion\/","og_locale":"en_US","og_type":"article","og_title":"Innovaci\u00f3n","og_description":"Muchos de los productos de CENTURION han sido seleccionados para prestigiosos premios y reconocimientos que nos identifica como l\u00edderes en innovaci\u00f3n y tecnolog\u00eda.","og_url":"https:\/\/www.centsys.com\/mx\/innovacion\/","og_site_name":"Centurion Systems Mexico","article_modified_time":"2021-04-06T14:40:48+00:00","twitter_card":"summary_large_image","twitter_misc":{"Est. reading time":"5 minutes"},"schema":{"@context":"https:\/\/schema.org","@graph":[{"@type":"WebPage","@id":"https:\/\/www.centsys.com\/mx\/innovacion\/","url":"https:\/\/www.centsys.com\/mx\/innovacion\/","name":"Innovaci\u00f3n - Centurion Systems","isPartOf":{"@id":"https:\/\/www.centsys.com\/mx\/#website"},"datePublished":"2020-03-04T09:43:02+00:00","dateModified":"2021-04-06T14:40:48+00:00","description":"Muchos de los productos de CENTURION han sido seleccionados para prestigiosos premios y reconocimientos que nos identifica como l\u00edderes en innovaci\u00f3n y tecnolog\u00eda.","breadcrumb":{"@id":"https:\/\/www.centsys.com\/mx\/innovacion\/#breadcrumb"},"inLanguage":"en-ZA","potentialAction":[{"@type":"ReadAction","target":["https:\/\/www.centsys.com\/mx\/innovacion\/"]}]},{"@type":"BreadcrumbList","@id":"https:\/\/www.centsys.com\/mx\/innovacion\/#breadcrumb","itemListElement":[{"@type":"ListItem","position":1,"name":"INICIO","item":"https:\/\/www.centsys.com\/mx\/"},{"@type":"ListItem","position":2,"name":"Innovaci\u00f3n"}]},{"@type":"WebSite","@id":"https:\/\/www.centsys.com\/mx\/#website","url":"https:\/\/www.centsys.com\/mx\/","name":"Centurion Systems Mexico","description":"Productos para Automatizaci\u00f3n de Acceso","potentialAction":[{"@type":"SearchAction","target":{"@type":"EntryPoint","urlTemplate":"https:\/\/www.centsys.com\/mx\/?s={search_term_string}"},"query-input":{"@type":"PropertyValueSpecification","valueRequired":true,"valueName":"search_term_string"}}],"inLanguage":"en-ZA"}]}},"_links":{"self":[{"href":"https:\/\/www.centsys.com\/mx\/wp-json\/wp\/v2\/pages\/301","targetHints":{"allow":["GET"]}}],"collection":[{"href":"https:\/\/www.centsys.com\/mx\/wp-json\/wp\/v2\/pages"}],"about":[{"href":"https:\/\/www.centsys.com\/mx\/wp-json\/wp\/v2\/types\/page"}],"author":[{"embeddable":true,"href":"https:\/\/www.centsys.com\/mx\/wp-json\/wp\/v2\/users\/1"}],"replies":[{"embeddable":true,"href":"https:\/\/www.centsys.com\/mx\/wp-json\/wp\/v2\/comments?post=301"}],"version-history":[{"count":0,"href":"https:\/\/www.centsys.com\/mx\/wp-json\/wp\/v2\/pages\/301\/revisions"}],"wp:attachment":[{"href":"https:\/\/www.centsys.com\/mx\/wp-json\/wp\/v2\/media?parent=301"}],"curies":[{"name":"wp","href":"https:\/\/api.w.org\/{rel}","templated":true}]}}