{"id":315,"date":"2020-03-04T09:55:17","date_gmt":"2020-03-04T09:55:17","guid":{"rendered":"http:\/\/centsys.co.za\/lat\/?page_id=315"},"modified":"2022-04-05T11:15:36","modified_gmt":"2022-04-05T09:15:36","slug":"recorrido-por-la-fabrica","status":"publish","type":"page","link":"https:\/\/www.centsys.com\/mx\/recorrido-por-la-fabrica\/","title":{"rendered":"Recorrido por la f\u00e1brica"},"content":{"rendered":"<p>[et_pb_section fb_built=&#8221;1&#8243; fullwidth=&#8221;on&#8221; _builder_version=&#8221;4.3.2&#8243; global_colors_info=&#8221;{}&#8221;][et_pb_fullwidth_image src=&#8221;https:\/\/www.centsys.com\/mx\/img\/Recorrido por la f\u00e1brica\/Recorrido por la f\u00e1brica Centurion Systems.jpg&#8221; _builder_version=&#8221;4.8.2&#8243; global_colors_info=&#8221;{}&#8221;][\/et_pb_fullwidth_image][\/et_pb_section][et_pb_section fb_built=&#8221;1&#8243; fullwidth=&#8221;on&#8221; _builder_version=&#8221;4.9.2&#8243; global_module=&#8221;4804&#8243; global_colors_info=&#8221;{}&#8221;][et_pb_fullwidth_code admin_label=&#8221;SEO BREADCRUMBS&#8221; _builder_version=&#8221;4.9.2&#8243; _module_preset=&#8221;default&#8221; background_color=&#8221;#e5e5e5&#8243; custom_padding=&#8221;|||15%|false|false&#8221; global_colors_info=&#8221;{}&#8221;]<span><span><a href=\"https:\/\/www.centsys.com\/mx\/\">INICIO<\/a><\/span><\/span>[\/et_pb_fullwidth_code][\/et_pb_section][et_pb_section fb_built=&#8221;1&#8243; _builder_version=&#8221;3.22&#8243; global_colors_info=&#8221;{}&#8221;][et_pb_row _builder_version=&#8221;4.3.2&#8243; global_colors_info=&#8221;{}&#8221;][et_pb_column type=&#8221;4_4&#8243; _builder_version=&#8221;4.3.2&#8243; global_colors_info=&#8221;{}&#8221;][et_pb_text _builder_version=&#8221;4.14.8&#8243; header_5_font=&#8221;|||on|||||&#8221; hover_enabled=&#8221;0&#8243; global_colors_info=&#8221;{}&#8221; sticky_enabled=&#8221;0&#8243;]<\/p>\n<h1 style=\"text-align: center;\">RECORRIDO POR LA F\u00c1BRICA<\/h1>\n<p>&nbsp;<\/p>\n<h5>INSTALACIONES DE PRODUCCI\u00d3N DE CENTURION<\/h5>\n<p>Actualmente las instalaciones de fabricaci\u00f3n de CENTURION tienen <strong>20 l\u00edneas de producci\u00f3n<\/strong>; \u00e9stas se agrupan en cuatro \u00e1reas principales:<\/p>\n<ul>\n<li>Control num\u00e9rico por computadora (CNC)<\/li>\n<li>Tecnolog\u00eda de Montaje de Superficie (SMT)<\/li>\n<li>Ensamblaje Electr\u00f3nico y ensamblaje Mec\u00e1nico<\/li>\n<\/ul>\n<p>Colectivamente, CENTURION f\u00e1brica cerca de<strong> 272000 subsistemas de montaje<\/strong> por mes, requeridos para su ensamblaje final. Esto a su vez se traduce en <strong>82,000 productos<\/strong> acabados por mes y, considerando que la mayor\u00eda de los productos son <strong>ensamblados a mano<\/strong> en l\u00edneas de producci\u00f3n semiautomatizadas, esto es un logro realmente impresionante.<\/p>\n<p>Casi todas las herramientas y gu\u00edas usadas para el ensamblaje son dise\u00f1adas, construidas y mantenidas localmente por el departamento de soporte de producci\u00f3n de CENTURION. Esto le ha dado a CENTURION una ventaja competitiva, ya que se genera muy poco <strong>tiempo de inactividad<\/strong> en espera de la reparaci\u00f3n de la maquinaria; adem\u00e1s, conlleva al desarrollo de formas muy <strong>innovadoras<\/strong> de ensamblar y probar el producto acabado.<\/p>\n<p>Hace algunos a\u00f1os CENTURION se embarc\u00f3 en un programa de eficiencia en la producci\u00f3n, aprobado por el Ministerio de Industria y Comercio. Este programa, conocido como el Reto del Sitio de Trabajo, empodera a nuestros <strong>empleados para que est\u00e9n m\u00e1s involucrados<\/strong> en las decisiones que se toman en el negocio, impulsa la innovaci\u00f3n y el liderazgo y ayuda en el desarrollo de habilidades y aspiraciones de la fuerza de trabajo. Esto le ha dado a CENTURION la ventaja sobre sus competidores en t\u00e9rminos de calidad y entrega de sus productos al usuario final. Los empleados hacen su mejor esfuerzo para mejorar en su \u00e1rea de trabajo y en su productividad, y est\u00e1n orgullosos de que sus nombres est\u00e9 asociados con el producto individual que ellos producen.<\/p>\n<h5>\u00a0<\/h5>\n<h5>INVESTIGACI\u00d3N &amp; DESARROLLO EN CENTURION<\/h5>\n<p>El <strong>departamento de Investigaci\u00f3n y Desarrollo de CENTURION<\/strong> es responsable de tanto el dise\u00f1o de nuevos productos como de las l\u00edneas de producci\u00f3n en las cuales son fabricados. El equipo incluye a numerosos ingenieros, cuyo foco primario es el desarrollo de productos para <strong>automatizaci\u00f3n de acceso de clase mundial<\/strong>. Nuestro conjunto de habilidades electr\u00f3nicas incluye:<\/p>\n<ul>\n<li>Hardware<\/li>\n<li>Dise\u00f1o de software y firmware<\/li>\n<li>Dise\u00f1o de fuentes de poder<\/li>\n<li>Dise\u00f1o RF\/RFID<\/li>\n<\/ul>\n<p>Mientras que nuestras habilidades mec\u00e1nicas incluyen el modelamiento en 3D, an\u00e1lisis de elementos acabados (FEA) y dise\u00f1o de engranajes.<\/p>\n<p>Como fabricantes, poseemos un conocimiento profundo de los requisitos del proceso de manufactura masivo y esto se toma en consideraci\u00f3n en el momento del dise\u00f1o, donde el constante contacto entre los equipos de dise\u00f1o y fabricaci\u00f3n asegura que cada producto puede ser ensamblado en un per\u00edodo m\u00ednimo de tiempo, permiti\u00e9ndonos suministrar <strong>productos de gran calidad a precios competitivos<\/strong>.<\/p>\n<p>Todos los productos de <strong>CENTURION<\/strong> son <strong>dise\u00f1ados internamente<\/strong>, lo cual nos permite ajustar nuestros dise\u00f1os para adaptarlos a las condiciones locales y eso nos da un conocimiento detallado de su funcionamiento interno. Esto se traduce en la capacidad para facilitar apoyo de <strong>clase mundial<\/strong> e igualmente, la posibilidad de adaptar nuestros productos a las aplicaciones espec\u00edficas del cliente.<\/p>\n<p class=\"p1\">[\/et_pb_text][\/et_pb_column][\/et_pb_row][\/et_pb_section]<\/p>\n","protected":false},"excerpt":{"rendered":"<p><span><span><a href=\"https:\/\/www.centsys.com\/mx\/\">INICIO<\/a><\/span><\/span>RECORRIDO POR LA F\u00c1BRICA &nbsp; INSTALACIONES DE PRODUCCI\u00d3N DE CENTURION Actualmente las instalaciones de fabricaci\u00f3n de CENTURION tienen 20 l\u00edneas de producci\u00f3n; \u00e9stas se agrupan en cuatro \u00e1reas principales: Control num\u00e9rico por computadora (CNC) Tecnolog\u00eda de Montaje de Superficie (SMT) Ensamblaje Electr\u00f3nico y ensamblaje Mec\u00e1nico Colectivamente, CENTURION f\u00e1brica cerca de 272000 subsistemas de montaje por [&hellip;]<\/p>\n","protected":false},"author":1,"featured_media":0,"parent":0,"menu_order":0,"comment_status":"closed","ping_status":"closed","template":"","meta":{"_et_pb_use_builder":"on","_et_pb_old_content":"","_et_gb_content_width":"","_joinchat":[],"footnotes":""},"class_list":["post-315","page","type-page","status-publish","hentry"],"yoast_head":"<!-- This site is optimized with the Yoast SEO Premium plugin v26.6 (Yoast SEO v27.5) - https:\/\/yoast.com\/product\/yoast-seo-premium-wordpress\/ -->\r\n<title>Recorrido por la f\u00e1brica - Centurion Systems<\/title>\r\n<meta name=\"description\" content=\"Haga un recorrido por nuestras instalaciones de fabricaci\u00f3n donde nuestras soluciones en automatizaci\u00f3n de acceso est\u00e1n hechas con la \u00faltima tecnolog\u00eda.\" \/>\r\n<meta name=\"robots\" content=\"index, follow, max-snippet:-1, max-image-preview:large, max-video-preview:-1\" \/>\r\n<link rel=\"canonical\" href=\"https:\/\/www.centsys.com\/mx\/recorrido-por-la-fabrica\/\" \/>\r\n<meta property=\"og:locale\" content=\"en_US\" \/>\r\n<meta property=\"og:type\" content=\"article\" \/>\r\n<meta property=\"og:title\" content=\"Recorrido por la f\u00e1brica\" \/>\r\n<meta property=\"og:description\" content=\"Haga un recorrido por nuestras instalaciones de fabricaci\u00f3n donde nuestras soluciones en automatizaci\u00f3n de acceso est\u00e1n hechas con la \u00faltima tecnolog\u00eda.\" \/>\r\n<meta property=\"og:url\" content=\"https:\/\/www.centsys.com\/mx\/recorrido-por-la-fabrica\/\" \/>\r\n<meta property=\"og:site_name\" content=\"Centurion Systems Mexico\" \/>\r\n<meta property=\"article:modified_time\" content=\"2022-04-05T09:15:36+00:00\" \/>\r\n<meta name=\"twitter:card\" content=\"summary_large_image\" \/>\r\n<meta name=\"twitter:label1\" content=\"Est. reading time\" \/>\n\t<meta name=\"twitter:data1\" content=\"3 minutes\" \/>\r\n<script type=\"application\/ld+json\" class=\"yoast-schema-graph\">{\"@context\":\"https:\\\/\\\/schema.org\",\"@graph\":[{\"@type\":\"WebPage\",\"@id\":\"https:\\\/\\\/www.centsys.com\\\/mx\\\/recorrido-por-la-fabrica\\\/\",\"url\":\"https:\\\/\\\/www.centsys.com\\\/mx\\\/recorrido-por-la-fabrica\\\/\",\"name\":\"Recorrido por la f\u00e1brica - Centurion Systems\",\"isPartOf\":{\"@id\":\"https:\\\/\\\/www.centsys.com\\\/mx\\\/#website\"},\"datePublished\":\"2020-03-04T09:55:17+00:00\",\"dateModified\":\"2022-04-05T09:15:36+00:00\",\"description\":\"Haga un recorrido por nuestras instalaciones de fabricaci\u00f3n donde nuestras soluciones en automatizaci\u00f3n de acceso est\u00e1n hechas con la \u00faltima tecnolog\u00eda.\",\"breadcrumb\":{\"@id\":\"https:\\\/\\\/www.centsys.com\\\/mx\\\/recorrido-por-la-fabrica\\\/#breadcrumb\"},\"inLanguage\":\"en-ZA\",\"potentialAction\":[{\"@type\":\"ReadAction\",\"target\":[\"https:\\\/\\\/www.centsys.com\\\/mx\\\/recorrido-por-la-fabrica\\\/\"]}]},{\"@type\":\"BreadcrumbList\",\"@id\":\"https:\\\/\\\/www.centsys.com\\\/mx\\\/recorrido-por-la-fabrica\\\/#breadcrumb\",\"itemListElement\":[{\"@type\":\"ListItem\",\"position\":1,\"name\":\"INICIO\",\"item\":\"https:\\\/\\\/www.centsys.com\\\/mx\\\/\"},{\"@type\":\"ListItem\",\"position\":2,\"name\":\"Recorrido por la f\u00e1brica\"}]},{\"@type\":\"WebSite\",\"@id\":\"https:\\\/\\\/www.centsys.com\\\/mx\\\/#website\",\"url\":\"https:\\\/\\\/www.centsys.com\\\/mx\\\/\",\"name\":\"Centurion Systems Mexico\",\"description\":\"Productos para Automatizaci\u00f3n de Acceso\",\"potentialAction\":[{\"@type\":\"SearchAction\",\"target\":{\"@type\":\"EntryPoint\",\"urlTemplate\":\"https:\\\/\\\/www.centsys.com\\\/mx\\\/?s={search_term_string}\"},\"query-input\":{\"@type\":\"PropertyValueSpecification\",\"valueRequired\":true,\"valueName\":\"search_term_string\"}}],\"inLanguage\":\"en-ZA\"}]}<\/script>\r\n<!-- \/ Yoast SEO Premium plugin. -->","yoast_head_json":{"title":"Recorrido por la f\u00e1brica - Centurion Systems","description":"Haga un recorrido por nuestras instalaciones de fabricaci\u00f3n donde nuestras soluciones en automatizaci\u00f3n de acceso est\u00e1n hechas con la \u00faltima tecnolog\u00eda.","robots":{"index":"index","follow":"follow","max-snippet":"max-snippet:-1","max-image-preview":"max-image-preview:large","max-video-preview":"max-video-preview:-1"},"canonical":"https:\/\/www.centsys.com\/mx\/recorrido-por-la-fabrica\/","og_locale":"en_US","og_type":"article","og_title":"Recorrido por la f\u00e1brica","og_description":"Haga un recorrido por nuestras instalaciones de fabricaci\u00f3n donde nuestras soluciones en automatizaci\u00f3n de acceso est\u00e1n hechas con la \u00faltima tecnolog\u00eda.","og_url":"https:\/\/www.centsys.com\/mx\/recorrido-por-la-fabrica\/","og_site_name":"Centurion Systems Mexico","article_modified_time":"2022-04-05T09:15:36+00:00","twitter_card":"summary_large_image","twitter_misc":{"Est. reading time":"3 minutes"},"schema":{"@context":"https:\/\/schema.org","@graph":[{"@type":"WebPage","@id":"https:\/\/www.centsys.com\/mx\/recorrido-por-la-fabrica\/","url":"https:\/\/www.centsys.com\/mx\/recorrido-por-la-fabrica\/","name":"Recorrido por la f\u00e1brica - Centurion Systems","isPartOf":{"@id":"https:\/\/www.centsys.com\/mx\/#website"},"datePublished":"2020-03-04T09:55:17+00:00","dateModified":"2022-04-05T09:15:36+00:00","description":"Haga un recorrido por nuestras instalaciones de fabricaci\u00f3n donde nuestras soluciones en automatizaci\u00f3n de acceso est\u00e1n hechas con la \u00faltima tecnolog\u00eda.","breadcrumb":{"@id":"https:\/\/www.centsys.com\/mx\/recorrido-por-la-fabrica\/#breadcrumb"},"inLanguage":"en-ZA","potentialAction":[{"@type":"ReadAction","target":["https:\/\/www.centsys.com\/mx\/recorrido-por-la-fabrica\/"]}]},{"@type":"BreadcrumbList","@id":"https:\/\/www.centsys.com\/mx\/recorrido-por-la-fabrica\/#breadcrumb","itemListElement":[{"@type":"ListItem","position":1,"name":"INICIO","item":"https:\/\/www.centsys.com\/mx\/"},{"@type":"ListItem","position":2,"name":"Recorrido por la f\u00e1brica"}]},{"@type":"WebSite","@id":"https:\/\/www.centsys.com\/mx\/#website","url":"https:\/\/www.centsys.com\/mx\/","name":"Centurion Systems Mexico","description":"Productos para Automatizaci\u00f3n de Acceso","potentialAction":[{"@type":"SearchAction","target":{"@type":"EntryPoint","urlTemplate":"https:\/\/www.centsys.com\/mx\/?s={search_term_string}"},"query-input":{"@type":"PropertyValueSpecification","valueRequired":true,"valueName":"search_term_string"}}],"inLanguage":"en-ZA"}]}},"_links":{"self":[{"href":"https:\/\/www.centsys.com\/mx\/wp-json\/wp\/v2\/pages\/315","targetHints":{"allow":["GET"]}}],"collection":[{"href":"https:\/\/www.centsys.com\/mx\/wp-json\/wp\/v2\/pages"}],"about":[{"href":"https:\/\/www.centsys.com\/mx\/wp-json\/wp\/v2\/types\/page"}],"author":[{"embeddable":true,"href":"https:\/\/www.centsys.com\/mx\/wp-json\/wp\/v2\/users\/1"}],"replies":[{"embeddable":true,"href":"https:\/\/www.centsys.com\/mx\/wp-json\/wp\/v2\/comments?post=315"}],"version-history":[{"count":0,"href":"https:\/\/www.centsys.com\/mx\/wp-json\/wp\/v2\/pages\/315\/revisions"}],"wp:attachment":[{"href":"https:\/\/www.centsys.com\/mx\/wp-json\/wp\/v2\/media?parent=315"}],"curies":[{"name":"wp","href":"https:\/\/api.w.org\/{rel}","templated":true}]}}