{"id":325,"date":"2020-03-04T09:59:21","date_gmt":"2020-03-04T09:59:21","guid":{"rendered":"http:\/\/centsys.co.za\/lat\/?page_id=325"},"modified":"2025-02-25T07:58:21","modified_gmt":"2025-02-25T05:58:21","slug":"detalles-de-contacto","status":"publish","type":"page","link":"https:\/\/www.centsys.com\/mx\/detalles-de-contacto\/","title":{"rendered":"Detalles de contacto"},"content":{"rendered":"<p>[et_pb_section fb_built=&#8221;1&#8243; fullwidth=&#8221;on&#8221; _builder_version=&#8221;4.16&#8243; global_colors_info=&#8221;{}&#8221;][et_pb_fullwidth_image src=&#8221;https:\/\/www.centsys.com\/mx\/img\/Detalles%20de%20contacto\/Centurion%20Systems%20Cont%C3%A1ctenos.png&#8221; _builder_version=&#8221;4.16&#8243; global_colors_info=&#8221;{}&#8221;][\/et_pb_fullwidth_image][\/et_pb_section][et_pb_section fb_built=&#8221;1&#8243; fullwidth=&#8221;on&#8221; _builder_version=&#8221;4.9.2&#8243; global_module=&#8221;4804&#8243; global_colors_info=&#8221;{}&#8221;][et_pb_fullwidth_code admin_label=&#8221;SEO BREADCRUMBS&#8221; _builder_version=&#8221;4.16&#8243; _module_preset=&#8221;default&#8221; background_color=&#8221;#e5e5e5&#8243; custom_padding=&#8221;|||15%|false|false&#8221; global_colors_info=&#8221;{}&#8221;]<span><span><a href=\"https:\/\/www.centsys.com\/mx\/\">INICIO<\/a><\/span><\/span>[\/et_pb_fullwidth_code][\/et_pb_section][et_pb_section fb_built=&#8221;1&#8243; _builder_version=&#8221;4.16&#8243; background_color=&#8221;#81c341&#8243; custom_margin=&#8221;||||false|false&#8221; custom_padding=&#8221;0px||0px||true|false&#8221; global_colors_info=&#8221;{}&#8221;][et_pb_row _builder_version=&#8221;4.16&#8243; global_colors_info=&#8221;{}&#8221;][et_pb_column type=&#8221;4_4&#8243; _builder_version=&#8221;4.16&#8243; global_colors_info=&#8221;{}&#8221;][et_pb_text _builder_version=&#8221;4.24.0&#8243; header_text_color=&#8221;#ffffff&#8221; global_colors_info=&#8221;{}&#8221;]<\/p>\n<h1>DETALLES DE CONTACTO<\/h1>\n<p>[\/et_pb_text][\/et_pb_column][\/et_pb_row][\/et_pb_section][et_pb_section fb_built=&#8221;1&#8243; _builder_version=&#8221;4.16&#8243; custom_padding=&#8221;||2px|||&#8221; global_colors_info=&#8221;{}&#8221;][et_pb_row _builder_version=&#8221;4.16&#8243; global_colors_info=&#8221;{}&#8221;][et_pb_column type=&#8221;4_4&#8243; _builder_version=&#8221;4.16&#8243; global_colors_info=&#8221;{}&#8221;][et_pb_image src=&#8221;https:\/\/www.centsys.com\/mx\/img\/Detalles%20de%20contacto\/Sede%20central%20de%20Centurion%20Systems%20-%20Frente.jpg&#8221; align=&#8221;center&#8221; _builder_version=&#8221;4.16&#8243; global_colors_info=&#8221;{}&#8221;][\/et_pb_image][\/et_pb_column][\/et_pb_row][\/et_pb_section][et_pb_section fb_built=&#8221;1&#8243; _builder_version=&#8221;4.16&#8243; custom_padding=&#8221;0px|||||&#8221; global_colors_info=&#8221;{}&#8221;][et_pb_row column_structure=&#8221;1_2,1_2&#8243; _builder_version=&#8221;4.16&#8243; global_colors_info=&#8221;{}&#8221;][et_pb_column type=&#8221;1_2&#8243; _builder_version=&#8221;4.16&#8243; global_colors_info=&#8221;{}&#8221;][et_pb_text _builder_version=&#8221;4.27.4&#8243; hover_enabled=&#8221;0&#8243; global_colors_info=&#8221;{}&#8221; sticky_enabled=&#8221;0&#8243;]<\/p>\n<h5><strong>OFICINA PRINCIPAL:<\/strong><\/h5>\n<p><strong>Direcci\u00f3n:<\/strong><br \/><strong>FAAC Technologies de M\u00e9xico, S. de R.L. de C.V.<\/strong><br \/>Av. Ej\u00e9rcito Nacional Mexicano #418, Piso 12<br \/>Polanco, Miguel Hidalgo, C.P. 11520<br \/>CDMX, M\u00e9xico<br \/>Correo electr\u00f3nico: <a href=\"mailto:contacto@faacmexico.com\">contacto@faacmexico.com<\/a><br \/>Tel\u00e9fono: +52 55 8037 2674\u200b<br \/>WhatsApp: <a href=\"https:\/\/wa.me\/+525536783858\">+52 55 3678 3858<\/a><\/p>\n<p><strong>Horario de Oficina:<br \/><\/strong>De 9:00 AM \u00e0 5:00 PM (CST) (de lunes a viernes, excluyendo feriados)<\/p>\n<p><strong>Soporte T\u00e9cnico:<br \/><\/strong>De 9:00 AM \u00e0 5:00 PM (CST) (de lunes a viernes, excluyendo feriados)<br \/>Correo electr\u00f3nico: <a href=\"mailto:soporte_tecnico@faacmexico.com\">soporte_tecnico@faacmexico.com<\/a><br \/>Tel\u00e9fono: +52 55 3678 3858<br \/>WhatsApp: <a href=\"https:\/\/wa.me\/+525536783858\">+52 55 3678 3858<\/a><br \/><a href=\"https:\/\/www.facebook.com\/CenturionSystemsMx\">Facebook,<\/a>\u00a0<a href=\"https:\/\/www.instagram.com\/centurionsystems_mx\/\">Instagram,<\/a>\u00a0<a href=\"https:\/\/twitter.com\/Centurion_Mex\">X<\/a>,\u00a0<a href=\"https:\/\/wa.me\/+525536783858\">WhatsApp<\/a><\/p>\n<p>[\/et_pb_text][\/et_pb_column][et_pb_column type=&#8221;1_2&#8243; _builder_version=&#8221;4.16&#8243; global_colors_info=&#8221;{}&#8221;][et_pb_text _builder_version=&#8221;4.27.2&#8243; global_colors_info=&#8221;{}&#8221;]<\/p>\n<p><strong>Mapas y Direcciones:<br \/><\/strong>Coordenadas GPS: N 19.4376\u00b0, W 99.1877\u00b0<\/p>\n<p>[\/et_pb_text][et_pb_image src=&#8221;https:\/\/www.centsys.com\/mx\/img\/maps\/FAAC%20Technologies%20Mexico%20-%20Ubicaci%C3%B3n.jpg&#8221; _builder_version=&#8221;4.27.2&#8243; width=&#8221;80{b9f1a820be3d81834e54a7fd91d7ea557d10675802c96376b4de0df52dd4704d}&#8221; global_colors_info=&#8221;{}&#8221;][\/et_pb_image][\/et_pb_column][\/et_pb_row][\/et_pb_section][et_pb_section fb_built=&#8221;1&#8243; disabled_on=&#8221;on|on|on&#8221; _builder_version=&#8221;4.27.2&#8243; background_color=&#8221;#efefef&#8221; custom_padding=&#8221;0px|||||&#8221; disabled=&#8221;on&#8221; global_colors_info=&#8221;{}&#8221;][et_pb_row column_structure=&#8221;1_2,1_2&#8243; _builder_version=&#8221;4.16&#8243; global_colors_info=&#8221;{}&#8221;][et_pb_column type=&#8221;1_2&#8243; _builder_version=&#8221;4.16&#8243; global_colors_info=&#8221;{}&#8221;][et_pb_text _builder_version=&#8221;4.24.0&#8243; global_colors_info=&#8221;{}&#8221;]<\/p>\n<h5><strong>Canc\u00fan, Q.R.<\/strong><\/h5>\n<p><strong>Direcci\u00f3n:<\/strong><br \/>Av. Canc\u00fan Mz.18 Lt.2-Loc.3, SMz.524, 77534<br \/>Canc\u00fan, Q.R<br \/>Mexico<br \/>Tel\u00e9fono\/WhatsApp: +52 998 103 6959<\/p>\n<p><strong>Horario de Oficina:<br \/><\/strong>De 9:00 AM \u00e0 7:00 PM (GMT-5) (de lunes a viernes, excluyendo feriados)<\/p>\n<p><strong>Soporte T\u00e9cnico:<br \/><\/strong>De 9:00 AM \u00e0 7:00 PM (GMT-5) (de lunes a viernes, excluyendo feriados)<br \/>Correo electr\u00f3nico: <a href=\"mailto:MariaEugenia.Marquez@faactechnologies.com\">MariaEugenia.Marquez@faactechnologies.com<\/a><\/p>\n<p>[\/et_pb_text][\/et_pb_column][et_pb_column type=&#8221;1_2&#8243; _builder_version=&#8221;4.16&#8243; global_colors_info=&#8221;{}&#8221;][et_pb_text _builder_version=&#8221;4.18.0&#8243; global_colors_info=&#8221;{}&#8221;]<\/p>\n<p><strong>Mapas y Direcciones:<br \/><\/strong>Coordenadas GPS: N 21.1328\u00b0, W 86.8613\u00b0<\/p>\n<p>[\/et_pb_text][et_pb_image src=&#8221;https:\/\/www.centsys.com\/mx\/img\/contactenos\/CENTURION%20-%20Cancun.jpg&#8221; _builder_version=&#8221;4.18.0&#8243; width=&#8221;80{b9f1a820be3d81834e54a7fd91d7ea557d10675802c96376b4de0df52dd4704d}&#8221; global_colors_info=&#8221;{}&#8221;][\/et_pb_image][\/et_pb_column][\/et_pb_row][\/et_pb_section]<\/p>\n","protected":false},"excerpt":{"rendered":"<p><span><span><a href=\"https:\/\/www.centsys.com\/mx\/\">INICIO<\/a><\/span><\/span>DETALLES DE CONTACTOOFICINA PRINCIPAL: Direcci\u00f3n:FAAC Technologies de M\u00e9xico, S. de R.L. de C.V.Av. Ej\u00e9rcito Nacional Mexicano #418, Piso 12Polanco, Miguel Hidalgo, C.P. 11520CDMX, M\u00e9xicoCorreo electr\u00f3nico: contacto@faacmexico.comTel\u00e9fono: +52 55 8037 2674\u200bWhatsApp: +52 55 3678 3858 Horario de Oficina:De 9:00 AM \u00e0 5:00 PM (CST) (de lunes a viernes, excluyendo feriados) Soporte T\u00e9cnico:De 9:00 AM \u00e0 5:00 [&hellip;]<\/p>\n","protected":false},"author":1,"featured_media":0,"parent":0,"menu_order":0,"comment_status":"closed","ping_status":"closed","template":"","meta":{"_et_pb_use_builder":"on","_et_pb_old_content":"","_et_gb_content_width":"","_joinchat":[],"footnotes":""},"class_list":["post-325","page","type-page","status-publish","hentry"],"yoast_head":"<!-- This site is optimized with the Yoast SEO Premium plugin v26.6 (Yoast SEO v27.5) - https:\/\/yoast.com\/product\/yoast-seo-premium-wordpress\/ -->\r\n<title>Detalles de contacto - Centurion Systems<\/title>\r\n<meta name=\"description\" content=\"P\u00f3ngase en contacto con Centurion Systems para todas sus necesidades en automatizaci\u00f3n de acceso, ventas y soporte t\u00e9cnico.\" \/>\r\n<meta name=\"robots\" content=\"index, follow, max-snippet:-1, max-image-preview:large, max-video-preview:-1\" \/>\r\n<link rel=\"canonical\" href=\"https:\/\/www.centsys.com\/mx\/detalles-de-contacto\/\" \/>\r\n<meta property=\"og:locale\" content=\"en_US\" \/>\r\n<meta property=\"og:type\" content=\"article\" \/>\r\n<meta property=\"og:title\" content=\"Detalles de contacto\" \/>\r\n<meta property=\"og:description\" content=\"P\u00f3ngase en contacto con Centurion Systems para todas sus necesidades en automatizaci\u00f3n de acceso, ventas y soporte t\u00e9cnico.\" \/>\r\n<meta property=\"og:url\" content=\"https:\/\/www.centsys.com\/mx\/detalles-de-contacto\/\" \/>\r\n<meta property=\"og:site_name\" content=\"Centurion Systems Mexico\" \/>\r\n<meta property=\"article:modified_time\" content=\"2025-02-25T05:58:21+00:00\" \/>\r\n<meta name=\"twitter:card\" content=\"summary_large_image\" \/>\r\n<meta name=\"twitter:label1\" content=\"Est. reading time\" \/>\n\t<meta name=\"twitter:data1\" content=\"2 minutes\" \/>\r\n<script type=\"application\/ld+json\" class=\"yoast-schema-graph\">{\"@context\":\"https:\\\/\\\/schema.org\",\"@graph\":[{\"@type\":\"WebPage\",\"@id\":\"https:\\\/\\\/www.centsys.com\\\/mx\\\/detalles-de-contacto\\\/\",\"url\":\"https:\\\/\\\/www.centsys.com\\\/mx\\\/detalles-de-contacto\\\/\",\"name\":\"Detalles de contacto - Centurion Systems\",\"isPartOf\":{\"@id\":\"https:\\\/\\\/www.centsys.com\\\/mx\\\/#website\"},\"datePublished\":\"2020-03-04T09:59:21+00:00\",\"dateModified\":\"2025-02-25T05:58:21+00:00\",\"description\":\"P\u00f3ngase en contacto con Centurion Systems para todas sus necesidades en automatizaci\u00f3n de acceso, ventas y soporte t\u00e9cnico.\",\"breadcrumb\":{\"@id\":\"https:\\\/\\\/www.centsys.com\\\/mx\\\/detalles-de-contacto\\\/#breadcrumb\"},\"inLanguage\":\"en-ZA\",\"potentialAction\":[{\"@type\":\"ReadAction\",\"target\":[\"https:\\\/\\\/www.centsys.com\\\/mx\\\/detalles-de-contacto\\\/\"]}]},{\"@type\":\"BreadcrumbList\",\"@id\":\"https:\\\/\\\/www.centsys.com\\\/mx\\\/detalles-de-contacto\\\/#breadcrumb\",\"itemListElement\":[{\"@type\":\"ListItem\",\"position\":1,\"name\":\"INICIO\",\"item\":\"https:\\\/\\\/www.centsys.com\\\/mx\\\/\"},{\"@type\":\"ListItem\",\"position\":2,\"name\":\"Detalles de contacto\"}]},{\"@type\":\"WebSite\",\"@id\":\"https:\\\/\\\/www.centsys.com\\\/mx\\\/#website\",\"url\":\"https:\\\/\\\/www.centsys.com\\\/mx\\\/\",\"name\":\"Centurion Systems Mexico\",\"description\":\"Productos para Automatizaci\u00f3n de Acceso\",\"potentialAction\":[{\"@type\":\"SearchAction\",\"target\":{\"@type\":\"EntryPoint\",\"urlTemplate\":\"https:\\\/\\\/www.centsys.com\\\/mx\\\/?s={search_term_string}\"},\"query-input\":{\"@type\":\"PropertyValueSpecification\",\"valueRequired\":true,\"valueName\":\"search_term_string\"}}],\"inLanguage\":\"en-ZA\"}]}<\/script>\r\n<!-- \/ Yoast SEO Premium plugin. -->","yoast_head_json":{"title":"Detalles de contacto - Centurion Systems","description":"P\u00f3ngase en contacto con Centurion Systems para todas sus necesidades en automatizaci\u00f3n de acceso, ventas y soporte t\u00e9cnico.","robots":{"index":"index","follow":"follow","max-snippet":"max-snippet:-1","max-image-preview":"max-image-preview:large","max-video-preview":"max-video-preview:-1"},"canonical":"https:\/\/www.centsys.com\/mx\/detalles-de-contacto\/","og_locale":"en_US","og_type":"article","og_title":"Detalles de contacto","og_description":"P\u00f3ngase en contacto con Centurion Systems para todas sus necesidades en automatizaci\u00f3n de acceso, ventas y soporte t\u00e9cnico.","og_url":"https:\/\/www.centsys.com\/mx\/detalles-de-contacto\/","og_site_name":"Centurion Systems Mexico","article_modified_time":"2025-02-25T05:58:21+00:00","twitter_card":"summary_large_image","twitter_misc":{"Est. reading time":"2 minutes"},"schema":{"@context":"https:\/\/schema.org","@graph":[{"@type":"WebPage","@id":"https:\/\/www.centsys.com\/mx\/detalles-de-contacto\/","url":"https:\/\/www.centsys.com\/mx\/detalles-de-contacto\/","name":"Detalles de contacto - Centurion Systems","isPartOf":{"@id":"https:\/\/www.centsys.com\/mx\/#website"},"datePublished":"2020-03-04T09:59:21+00:00","dateModified":"2025-02-25T05:58:21+00:00","description":"P\u00f3ngase en contacto con Centurion Systems para todas sus necesidades en automatizaci\u00f3n de acceso, ventas y soporte t\u00e9cnico.","breadcrumb":{"@id":"https:\/\/www.centsys.com\/mx\/detalles-de-contacto\/#breadcrumb"},"inLanguage":"en-ZA","potentialAction":[{"@type":"ReadAction","target":["https:\/\/www.centsys.com\/mx\/detalles-de-contacto\/"]}]},{"@type":"BreadcrumbList","@id":"https:\/\/www.centsys.com\/mx\/detalles-de-contacto\/#breadcrumb","itemListElement":[{"@type":"ListItem","position":1,"name":"INICIO","item":"https:\/\/www.centsys.com\/mx\/"},{"@type":"ListItem","position":2,"name":"Detalles de contacto"}]},{"@type":"WebSite","@id":"https:\/\/www.centsys.com\/mx\/#website","url":"https:\/\/www.centsys.com\/mx\/","name":"Centurion Systems Mexico","description":"Productos para Automatizaci\u00f3n de Acceso","potentialAction":[{"@type":"SearchAction","target":{"@type":"EntryPoint","urlTemplate":"https:\/\/www.centsys.com\/mx\/?s={search_term_string}"},"query-input":{"@type":"PropertyValueSpecification","valueRequired":true,"valueName":"search_term_string"}}],"inLanguage":"en-ZA"}]}},"_links":{"self":[{"href":"https:\/\/www.centsys.com\/mx\/wp-json\/wp\/v2\/pages\/325","targetHints":{"allow":["GET"]}}],"collection":[{"href":"https:\/\/www.centsys.com\/mx\/wp-json\/wp\/v2\/pages"}],"about":[{"href":"https:\/\/www.centsys.com\/mx\/wp-json\/wp\/v2\/types\/page"}],"author":[{"embeddable":true,"href":"https:\/\/www.centsys.com\/mx\/wp-json\/wp\/v2\/users\/1"}],"replies":[{"embeddable":true,"href":"https:\/\/www.centsys.com\/mx\/wp-json\/wp\/v2\/comments?post=325"}],"version-history":[{"count":0,"href":"https:\/\/www.centsys.com\/mx\/wp-json\/wp\/v2\/pages\/325\/revisions"}],"wp:attachment":[{"href":"https:\/\/www.centsys.com\/mx\/wp-json\/wp\/v2\/media?parent=325"}],"curies":[{"name":"wp","href":"https:\/\/api.w.org\/{rel}","templated":true}]}}