{"id":343,"date":"2020-03-04T10:14:06","date_gmt":"2020-03-04T10:14:06","guid":{"rendered":"http:\/\/centsys.co.za\/lat\/?page_id=343"},"modified":"2025-02-25T07:57:50","modified_gmt":"2025-02-25T05:57:50","slug":"soporte-technico","status":"publish","type":"page","link":"https:\/\/www.centsys.com\/mx\/soporte-technico\/","title":{"rendered":"Soporte Technico"},"content":{"rendered":"<p>[et_pb_section fb_built=&#8221;1&#8243; fullwidth=&#8221;on&#8221; _builder_version=&#8221;4.16&#8243; global_colors_info=&#8221;{}&#8221;][et_pb_fullwidth_image src=&#8221;https:\/\/www.centsys.com\/lat\/img\/support\/Soporte%20t%C3%A9cnico%20Centurion%20Systems.png&#8221; _builder_version=&#8221;4.25.2&#8243; global_colors_info=&#8221;{}&#8221;][\/et_pb_fullwidth_image][\/et_pb_section][et_pb_section fb_built=&#8221;1&#8243; fullwidth=&#8221;on&#8221; _builder_version=&#8221;4.9.2&#8243; global_module=&#8221;4804&#8243; global_colors_info=&#8221;{}&#8221;][et_pb_fullwidth_code admin_label=&#8221;SEO BREADCRUMBS&#8221; _builder_version=&#8221;4.16&#8243; _module_preset=&#8221;default&#8221; background_color=&#8221;#e5e5e5&#8243; custom_padding=&#8221;|||15%|false|false&#8221; global_colors_info=&#8221;{}&#8221;]<span><span><a href=\"https:\/\/www.centsys.com\/mx\/\">INICIO<\/a><\/span><\/span>[\/et_pb_fullwidth_code][\/et_pb_section][et_pb_section fb_built=&#8221;1&#8243; _builder_version=&#8221;4.16&#8243; global_colors_info=&#8221;{}&#8221;][et_pb_row _builder_version=&#8221;4.16&#8243; global_colors_info=&#8221;{}&#8221;][et_pb_column type=&#8221;4_4&#8243; _builder_version=&#8221;4.16&#8243; global_colors_info=&#8221;{}&#8221;][et_pb_text _builder_version=&#8221;4.27.4&#8243; header_5_font=&#8221;|||on|||||&#8221; hover_enabled=&#8221;0&#8243; global_colors_info=&#8221;{}&#8221; sticky_enabled=&#8221;0&#8243;]<\/p>\n<h1 style=\"text-align: center;\">SOPORTE TECNICO CENTURION<\/h1>\n<p style=\"text-align: center;\">Ofreciendo soporte t\u00e9cnico gratuito a clientes de CENTURION, instaladores autorizados y distribuidores oficiales. Estamos abiertos de 9:00 AM \u00e0 5:00 PM (CST) de lunes a viernes, excluyendo los feriados.<\/p>\n<h5>\u00a0<\/h5>\n<h5>Direcci\u00f3n f\u00edsica:<\/h5>\n<p><strong>FAAC Technologies de M\u00e9xico, S. de R.L. de C.V.<\/strong><br \/>Av. Ej\u00e9rcito Nacional Mexicano #418, Piso 12<br \/>Polanco, Miguel Hidalgo, C.P. 11520<br \/>CDMX, M\u00e9xico<\/p>\n<p>&nbsp;<\/p>\n<h5>Horario de funcionamiento:<\/h5>\n<p>De 9:00 AM \u00e0 5:00 PM (CST) (de lunes a viernes, excluyendo feriados)\u200b<\/p>\n<p>&nbsp;<\/p>\n<h5>Detalles de contacto:<\/h5>\n<p>Tel\u00e9fono: +52 55 8037 2674\u200b<br \/>WhatsApp:\u00a0<a href=\"https:\/\/wa.me\/+525536783858\">+52 55 3678 3858<\/a><br \/>Correo electr\u00f3nico: <a href=\"mailto:soporte_tecnico@faacmexico.com\">soporte_tecnico@faacmexico.com<\/a><br \/>Tambi\u00e9n puede encontrarnos en <a href=\"https:\/\/www.facebook.com\/CenturionSystemsMx\">Facebook<\/a>, <a href=\"https:\/\/www.instagram.com\/centurionsystems_mx\/\">Instagram, <\/a><a href=\"https:\/\/twitter.com\/CentSys_Mx\">X<\/a> y <a href=\"https:\/\/wa.me\/+525536783858\">WhatsApp<\/a><\/p>\n<p>[\/et_pb_text][\/et_pb_column][\/et_pb_row][\/et_pb_section]<\/p>\n","protected":false},"excerpt":{"rendered":"<p><span><span><a href=\"https:\/\/www.centsys.com\/mx\/\">INICIO<\/a><\/span><\/span>SOPORTE TECNICO CENTURION Ofreciendo soporte t\u00e9cnico gratuito a clientes de CENTURION, instaladores autorizados y distribuidores oficiales. Estamos abiertos de 9:00 AM \u00e0 5:00 PM (CST) de lunes a viernes, excluyendo los feriados. \u00a0 Direcci\u00f3n f\u00edsica: FAAC Technologies de M\u00e9xico, S. de R.L. de C.V.Av. Ej\u00e9rcito Nacional Mexicano #418, Piso 12Polanco, Miguel Hidalgo, C.P. 11520CDMX, M\u00e9xico [&hellip;]<\/p>\n","protected":false},"author":1,"featured_media":0,"parent":0,"menu_order":0,"comment_status":"closed","ping_status":"closed","template":"","meta":{"_et_pb_use_builder":"on","_et_pb_old_content":"","_et_gb_content_width":"","_joinchat":[],"footnotes":""},"class_list":["post-343","page","type-page","status-publish","hentry"],"yoast_head":"<!-- This site is optimized with the Yoast SEO Premium plugin v26.6 (Yoast SEO v27.3) - https:\/\/yoast.com\/product\/yoast-seo-premium-wordpress\/ -->\r\n<title>Soporte t\u00e9cnico - Centurion Systems<\/title>\r\n<meta name=\"description\" content=\"Ofreciendo soporte t\u00e9cnico gratuito a clientes de CENTURION, instaladores autorizados y distribuidores oficiales.\" \/>\r\n<meta name=\"robots\" content=\"index, follow, max-snippet:-1, max-image-preview:large, max-video-preview:-1\" \/>\r\n<link rel=\"canonical\" href=\"https:\/\/www.centsys.com\/mx\/soporte-technico\/\" \/>\r\n<meta property=\"og:locale\" content=\"en_US\" \/>\r\n<meta property=\"og:type\" content=\"article\" \/>\r\n<meta property=\"og:title\" content=\"Soporte Technico\" \/>\r\n<meta property=\"og:description\" content=\"Ofreciendo soporte t\u00e9cnico gratuito a clientes de CENTURION, instaladores autorizados y distribuidores oficiales.\" \/>\r\n<meta property=\"og:url\" content=\"https:\/\/www.centsys.com\/mx\/soporte-technico\/\" \/>\r\n<meta property=\"og:site_name\" content=\"Centurion Systems Mexico\" \/>\r\n<meta property=\"article:modified_time\" content=\"2025-02-25T05:57:50+00:00\" \/>\r\n<meta name=\"twitter:card\" content=\"summary_large_image\" \/>\r\n<meta name=\"twitter:label1\" content=\"Est. reading time\" \/>\n\t<meta name=\"twitter:data1\" content=\"1 minute\" \/>\r\n<script type=\"application\/ld+json\" class=\"yoast-schema-graph\">{\"@context\":\"https:\\\/\\\/schema.org\",\"@graph\":[{\"@type\":\"WebPage\",\"@id\":\"https:\\\/\\\/www.centsys.com\\\/mx\\\/soporte-technico\\\/\",\"url\":\"https:\\\/\\\/www.centsys.com\\\/mx\\\/soporte-technico\\\/\",\"name\":\"Soporte t\u00e9cnico - Centurion Systems\",\"isPartOf\":{\"@id\":\"https:\\\/\\\/www.centsys.com\\\/mx\\\/#website\"},\"datePublished\":\"2020-03-04T10:14:06+00:00\",\"dateModified\":\"2025-02-25T05:57:50+00:00\",\"description\":\"Ofreciendo soporte t\u00e9cnico gratuito a clientes de CENTURION, instaladores autorizados y distribuidores oficiales.\",\"breadcrumb\":{\"@id\":\"https:\\\/\\\/www.centsys.com\\\/mx\\\/soporte-technico\\\/#breadcrumb\"},\"inLanguage\":\"en-ZA\",\"potentialAction\":[{\"@type\":\"ReadAction\",\"target\":[\"https:\\\/\\\/www.centsys.com\\\/mx\\\/soporte-technico\\\/\"]}]},{\"@type\":\"BreadcrumbList\",\"@id\":\"https:\\\/\\\/www.centsys.com\\\/mx\\\/soporte-technico\\\/#breadcrumb\",\"itemListElement\":[{\"@type\":\"ListItem\",\"position\":1,\"name\":\"INICIO\",\"item\":\"https:\\\/\\\/www.centsys.com\\\/mx\\\/\"},{\"@type\":\"ListItem\",\"position\":2,\"name\":\"Soporte Technico\"}]},{\"@type\":\"WebSite\",\"@id\":\"https:\\\/\\\/www.centsys.com\\\/mx\\\/#website\",\"url\":\"https:\\\/\\\/www.centsys.com\\\/mx\\\/\",\"name\":\"Centurion Systems Mexico\",\"description\":\"Productos para Automatizaci\u00f3n de Acceso\",\"potentialAction\":[{\"@type\":\"SearchAction\",\"target\":{\"@type\":\"EntryPoint\",\"urlTemplate\":\"https:\\\/\\\/www.centsys.com\\\/mx\\\/?s={search_term_string}\"},\"query-input\":{\"@type\":\"PropertyValueSpecification\",\"valueRequired\":true,\"valueName\":\"search_term_string\"}}],\"inLanguage\":\"en-ZA\"}]}<\/script>\r\n<!-- \/ Yoast SEO Premium plugin. -->","yoast_head_json":{"title":"Soporte t\u00e9cnico - Centurion Systems","description":"Ofreciendo soporte t\u00e9cnico gratuito a clientes de CENTURION, instaladores autorizados y distribuidores oficiales.","robots":{"index":"index","follow":"follow","max-snippet":"max-snippet:-1","max-image-preview":"max-image-preview:large","max-video-preview":"max-video-preview:-1"},"canonical":"https:\/\/www.centsys.com\/mx\/soporte-technico\/","og_locale":"en_US","og_type":"article","og_title":"Soporte Technico","og_description":"Ofreciendo soporte t\u00e9cnico gratuito a clientes de CENTURION, instaladores autorizados y distribuidores oficiales.","og_url":"https:\/\/www.centsys.com\/mx\/soporte-technico\/","og_site_name":"Centurion Systems Mexico","article_modified_time":"2025-02-25T05:57:50+00:00","twitter_card":"summary_large_image","twitter_misc":{"Est. reading time":"1 minute"},"schema":{"@context":"https:\/\/schema.org","@graph":[{"@type":"WebPage","@id":"https:\/\/www.centsys.com\/mx\/soporte-technico\/","url":"https:\/\/www.centsys.com\/mx\/soporte-technico\/","name":"Soporte t\u00e9cnico - Centurion Systems","isPartOf":{"@id":"https:\/\/www.centsys.com\/mx\/#website"},"datePublished":"2020-03-04T10:14:06+00:00","dateModified":"2025-02-25T05:57:50+00:00","description":"Ofreciendo soporte t\u00e9cnico gratuito a clientes de CENTURION, instaladores autorizados y distribuidores oficiales.","breadcrumb":{"@id":"https:\/\/www.centsys.com\/mx\/soporte-technico\/#breadcrumb"},"inLanguage":"en-ZA","potentialAction":[{"@type":"ReadAction","target":["https:\/\/www.centsys.com\/mx\/soporte-technico\/"]}]},{"@type":"BreadcrumbList","@id":"https:\/\/www.centsys.com\/mx\/soporte-technico\/#breadcrumb","itemListElement":[{"@type":"ListItem","position":1,"name":"INICIO","item":"https:\/\/www.centsys.com\/mx\/"},{"@type":"ListItem","position":2,"name":"Soporte Technico"}]},{"@type":"WebSite","@id":"https:\/\/www.centsys.com\/mx\/#website","url":"https:\/\/www.centsys.com\/mx\/","name":"Centurion Systems Mexico","description":"Productos para Automatizaci\u00f3n de Acceso","potentialAction":[{"@type":"SearchAction","target":{"@type":"EntryPoint","urlTemplate":"https:\/\/www.centsys.com\/mx\/?s={search_term_string}"},"query-input":{"@type":"PropertyValueSpecification","valueRequired":true,"valueName":"search_term_string"}}],"inLanguage":"en-ZA"}]}},"_links":{"self":[{"href":"https:\/\/www.centsys.com\/mx\/wp-json\/wp\/v2\/pages\/343","targetHints":{"allow":["GET"]}}],"collection":[{"href":"https:\/\/www.centsys.com\/mx\/wp-json\/wp\/v2\/pages"}],"about":[{"href":"https:\/\/www.centsys.com\/mx\/wp-json\/wp\/v2\/types\/page"}],"author":[{"embeddable":true,"href":"https:\/\/www.centsys.com\/mx\/wp-json\/wp\/v2\/users\/1"}],"replies":[{"embeddable":true,"href":"https:\/\/www.centsys.com\/mx\/wp-json\/wp\/v2\/comments?post=343"}],"version-history":[{"count":0,"href":"https:\/\/www.centsys.com\/mx\/wp-json\/wp\/v2\/pages\/343\/revisions"}],"wp:attachment":[{"href":"https:\/\/www.centsys.com\/mx\/wp-json\/wp\/v2\/media?parent=343"}],"curies":[{"name":"wp","href":"https:\/\/api.w.org\/{rel}","templated":true}]}}