{"id":362,"date":"2020-03-04T10:23:22","date_gmt":"2020-03-04T10:23:22","guid":{"rendered":"http:\/\/centsys.co.za\/lat\/?page_id=362"},"modified":"2025-10-06T13:14:32","modified_gmt":"2025-10-06T11:14:32","slug":"paia","status":"publish","type":"page","link":"https:\/\/www.centsys.com\/mx\/paia\/","title":{"rendered":"PAIA"},"content":{"rendered":"<p>[et_pb_section fb_built=&#8221;1&#8243; fullwidth=&#8221;on&#8221; _builder_version=&#8221;4.16&#8243; global_colors_info=&#8221;{}&#8221;][et_pb_fullwidth_image src=&#8221;https:\/\/www.centsys.com\/mx\/img\/PAIA\/Centurion%20Systems%20-%20Lideres%20en%20automatizaci%C3%B3n%20de%20acceso.png&#8221; _builder_version=&#8221;4.16&#8243; global_colors_info=&#8221;{}&#8221;][\/et_pb_fullwidth_image][\/et_pb_section][et_pb_section fb_built=&#8221;1&#8243; fullwidth=&#8221;on&#8221; _builder_version=&#8221;4.9.2&#8243; global_module=&#8221;4804&#8243; global_colors_info=&#8221;{}&#8221;][et_pb_fullwidth_code admin_label=&#8221;SEO BREADCRUMBS&#8221; _builder_version=&#8221;4.16&#8243; _module_preset=&#8221;default&#8221; background_color=&#8221;#e5e5e5&#8243; custom_padding=&#8221;|||15%|false|false&#8221; global_colors_info=&#8221;{}&#8221;]<span><span><a href=\"https:\/\/www.centsys.com\/mx\/\">INICIO<\/a><\/span><\/span>[\/et_pb_fullwidth_code][\/et_pb_section][et_pb_section fb_built=&#8221;1&#8243; _builder_version=&#8221;4.16&#8243; global_colors_info=&#8221;{}&#8221;][et_pb_row _builder_version=&#8221;4.16&#8243; global_colors_info=&#8221;{}&#8221;][et_pb_column type=&#8221;4_4&#8243; _builder_version=&#8221;4.16&#8243; global_colors_info=&#8221;{}&#8221;][et_pb_text _builder_version=&#8221;4.16&#8243; global_colors_info=&#8221;{}&#8221;]<\/p>\n<h1 style=\"text-align: center;\">SECCI\u00d3N 51 DEL MANUAL DE LA LEY DE PROMOCI\u00d3N DE ACCESO A LA INFORMACI\u00d3N<\/h1>\n<p style=\"text-align: center;\">Este manual se publica bajo los t\u00e9rminos de la secci\u00f3n 51 de la Ley de Promoci\u00f3n de Acceso a la Informaci\u00f3n, 2000 (Ley N\u00ba 2 del a\u00f1o 2000) (\u201cla ley\u201d). La ley da efecto a las previsiones de la Secci\u00f3n 32 de la Constituci\u00f3n, la cual provee el derecho de acceso a la informaci\u00f3n mantenida por el Estado, y a la informaci\u00f3n en manos de otra persona, que es requerida para el ejercicio y\/o protecci\u00f3n de cualquier derecho. La referencia a cualquier informaci\u00f3n adem\u00e1s de aquella espec\u00edficamente requerida en los t\u00e9rminos de la Secci\u00f3n 51 de la Ley no crea derecho u obligaci\u00f3n alguna (contractual o de otra \u00edndole) de recibir tal informaci\u00f3n, excepto en los t\u00e9rminos de la Ley.<\/p>\n<p style=\"text-align: center;\">Este documento funge como el manual de informaci\u00f3n de la compa\u00f1\u00eda y suministra las referencias a los registros mantenidos por la compa\u00f1\u00eda y el proceso para solicitar el acceso a dichos registros.<\/p>\n<p>[\/et_pb_text][\/et_pb_column][\/et_pb_row][et_pb_row column_structure=&#8221;1_2,1_2&#8243; _builder_version=&#8221;4.16&#8243; global_colors_info=&#8221;{}&#8221;][et_pb_column type=&#8221;1_2&#8243; _builder_version=&#8221;4.16&#8243; global_colors_info=&#8221;{}&#8221;][et_pb_button button_url=&#8221;https:\/\/www.faac.es\/legal\/&#8221; url_new_window=&#8221;on&#8221; button_text=&#8221;POL\u00cdTICA DE PRIVACIDAD&#8221; button_alignment=&#8221;center&#8221; _builder_version=&#8221;4.16&#8243; global_colors_info=&#8221;{}&#8221;][\/et_pb_button][\/et_pb_column][et_pb_column type=&#8221;1_2&#8243; _builder_version=&#8221;4.16&#8243; global_colors_info=&#8221;{}&#8221;][et_pb_button button_url=&#8221;https:\/\/www.centsys.com\/lat\/pdf\/admin\/0.07.A.0351 PAIA-Manual_Spanish 30092025.pdf&#8221; url_new_window=&#8221;on&#8221; button_text=&#8221;DESCARGAR MANUAL COMPRADO&#8221; button_alignment=&#8221;center&#8221; _builder_version=&#8221;4.27.4&#8243; hover_enabled=&#8221;0&#8243; global_colors_info=&#8221;{}&#8221; sticky_enabled=&#8221;0&#8243;][\/et_pb_button][\/et_pb_column][\/et_pb_row][\/et_pb_section]<\/p>\n","protected":false},"excerpt":{"rendered":"<p><span><span><a href=\"https:\/\/www.centsys.com\/mx\/\">INICIO<\/a><\/span><\/span>SECCI\u00d3N 51 DEL MANUAL DE LA LEY DE PROMOCI\u00d3N DE ACCESO A LA INFORMACI\u00d3N Este manual se publica bajo los t\u00e9rminos de la secci\u00f3n 51 de la Ley de Promoci\u00f3n de Acceso a la Informaci\u00f3n, 2000 (Ley N\u00ba 2 del a\u00f1o 2000) (\u201cla ley\u201d). La ley da efecto a las previsiones de la Secci\u00f3n 32 [&hellip;]<\/p>\n","protected":false},"author":1,"featured_media":0,"parent":0,"menu_order":0,"comment_status":"closed","ping_status":"closed","template":"","meta":{"_et_pb_use_builder":"on","_et_pb_old_content":"","_et_gb_content_width":"","_joinchat":[],"footnotes":""},"class_list":["post-362","page","type-page","status-publish","hentry"],"yoast_head":"<!-- This site is optimized with the Yoast SEO Premium plugin v26.6 (Yoast SEO v27.5) - https:\/\/yoast.com\/product\/yoast-seo-premium-wordpress\/ -->\r\n<title>PAIA - Centurion Systems<\/title>\r\n<meta name=\"description\" content=\"Este manual se publica bajo los t\u00e9rminos de la secci\u00f3n 51 de la Ley de Promoci\u00f3n de Acceso a la Informaci\u00f3n, 2000 (Ley N\u00ba 2 del a\u00f1o 2000) (\u201cla ley\u201d).\" \/>\r\n<meta name=\"robots\" content=\"index, follow, max-snippet:-1, max-image-preview:large, max-video-preview:-1\" \/>\r\n<link rel=\"canonical\" href=\"https:\/\/www.centsys.com\/mx\/paia\/\" \/>\r\n<meta property=\"og:locale\" content=\"en_US\" \/>\r\n<meta property=\"og:type\" content=\"article\" \/>\r\n<meta property=\"og:title\" content=\"PAIA\" \/>\r\n<meta property=\"og:description\" content=\"Este manual se publica bajo los t\u00e9rminos de la secci\u00f3n 51 de la Ley de Promoci\u00f3n de Acceso a la Informaci\u00f3n, 2000 (Ley N\u00ba 2 del a\u00f1o 2000) (\u201cla ley\u201d).\" \/>\r\n<meta property=\"og:url\" content=\"https:\/\/www.centsys.com\/mx\/paia\/\" \/>\r\n<meta property=\"og:site_name\" content=\"Centurion Systems Mexico\" \/>\r\n<meta property=\"article:modified_time\" content=\"2025-10-06T11:14:32+00:00\" \/>\r\n<meta name=\"twitter:card\" content=\"summary_large_image\" \/>\r\n<meta name=\"twitter:label1\" content=\"Est. reading time\" \/>\n\t<meta name=\"twitter:data1\" content=\"1 minute\" \/>\r\n<script type=\"application\/ld+json\" class=\"yoast-schema-graph\">{\"@context\":\"https:\\\/\\\/schema.org\",\"@graph\":[{\"@type\":\"WebPage\",\"@id\":\"https:\\\/\\\/www.centsys.com\\\/mx\\\/paia\\\/\",\"url\":\"https:\\\/\\\/www.centsys.com\\\/mx\\\/paia\\\/\",\"name\":\"PAIA - Centurion Systems\",\"isPartOf\":{\"@id\":\"https:\\\/\\\/www.centsys.com\\\/mx\\\/#website\"},\"datePublished\":\"2020-03-04T10:23:22+00:00\",\"dateModified\":\"2025-10-06T11:14:32+00:00\",\"description\":\"Este manual se publica bajo los t\u00e9rminos de la secci\u00f3n 51 de la Ley de Promoci\u00f3n de Acceso a la Informaci\u00f3n, 2000 (Ley N\u00ba 2 del a\u00f1o 2000) (\u201cla ley\u201d).\",\"breadcrumb\":{\"@id\":\"https:\\\/\\\/www.centsys.com\\\/mx\\\/paia\\\/#breadcrumb\"},\"inLanguage\":\"en-ZA\",\"potentialAction\":[{\"@type\":\"ReadAction\",\"target\":[\"https:\\\/\\\/www.centsys.com\\\/mx\\\/paia\\\/\"]}]},{\"@type\":\"BreadcrumbList\",\"@id\":\"https:\\\/\\\/www.centsys.com\\\/mx\\\/paia\\\/#breadcrumb\",\"itemListElement\":[{\"@type\":\"ListItem\",\"position\":1,\"name\":\"INICIO\",\"item\":\"https:\\\/\\\/www.centsys.com\\\/mx\\\/\"},{\"@type\":\"ListItem\",\"position\":2,\"name\":\"PAIA\"}]},{\"@type\":\"WebSite\",\"@id\":\"https:\\\/\\\/www.centsys.com\\\/mx\\\/#website\",\"url\":\"https:\\\/\\\/www.centsys.com\\\/mx\\\/\",\"name\":\"Centurion Systems Mexico\",\"description\":\"Productos para Automatizaci\u00f3n de Acceso\",\"potentialAction\":[{\"@type\":\"SearchAction\",\"target\":{\"@type\":\"EntryPoint\",\"urlTemplate\":\"https:\\\/\\\/www.centsys.com\\\/mx\\\/?s={search_term_string}\"},\"query-input\":{\"@type\":\"PropertyValueSpecification\",\"valueRequired\":true,\"valueName\":\"search_term_string\"}}],\"inLanguage\":\"en-ZA\"}]}<\/script>\r\n<!-- \/ Yoast SEO Premium plugin. -->","yoast_head_json":{"title":"PAIA - Centurion Systems","description":"Este manual se publica bajo los t\u00e9rminos de la secci\u00f3n 51 de la Ley de Promoci\u00f3n de Acceso a la Informaci\u00f3n, 2000 (Ley N\u00ba 2 del a\u00f1o 2000) (\u201cla ley\u201d).","robots":{"index":"index","follow":"follow","max-snippet":"max-snippet:-1","max-image-preview":"max-image-preview:large","max-video-preview":"max-video-preview:-1"},"canonical":"https:\/\/www.centsys.com\/mx\/paia\/","og_locale":"en_US","og_type":"article","og_title":"PAIA","og_description":"Este manual se publica bajo los t\u00e9rminos de la secci\u00f3n 51 de la Ley de Promoci\u00f3n de Acceso a la Informaci\u00f3n, 2000 (Ley N\u00ba 2 del a\u00f1o 2000) (\u201cla ley\u201d).","og_url":"https:\/\/www.centsys.com\/mx\/paia\/","og_site_name":"Centurion Systems Mexico","article_modified_time":"2025-10-06T11:14:32+00:00","twitter_card":"summary_large_image","twitter_misc":{"Est. reading time":"1 minute"},"schema":{"@context":"https:\/\/schema.org","@graph":[{"@type":"WebPage","@id":"https:\/\/www.centsys.com\/mx\/paia\/","url":"https:\/\/www.centsys.com\/mx\/paia\/","name":"PAIA - Centurion Systems","isPartOf":{"@id":"https:\/\/www.centsys.com\/mx\/#website"},"datePublished":"2020-03-04T10:23:22+00:00","dateModified":"2025-10-06T11:14:32+00:00","description":"Este manual se publica bajo los t\u00e9rminos de la secci\u00f3n 51 de la Ley de Promoci\u00f3n de Acceso a la Informaci\u00f3n, 2000 (Ley N\u00ba 2 del a\u00f1o 2000) (\u201cla ley\u201d).","breadcrumb":{"@id":"https:\/\/www.centsys.com\/mx\/paia\/#breadcrumb"},"inLanguage":"en-ZA","potentialAction":[{"@type":"ReadAction","target":["https:\/\/www.centsys.com\/mx\/paia\/"]}]},{"@type":"BreadcrumbList","@id":"https:\/\/www.centsys.com\/mx\/paia\/#breadcrumb","itemListElement":[{"@type":"ListItem","position":1,"name":"INICIO","item":"https:\/\/www.centsys.com\/mx\/"},{"@type":"ListItem","position":2,"name":"PAIA"}]},{"@type":"WebSite","@id":"https:\/\/www.centsys.com\/mx\/#website","url":"https:\/\/www.centsys.com\/mx\/","name":"Centurion Systems Mexico","description":"Productos para Automatizaci\u00f3n de Acceso","potentialAction":[{"@type":"SearchAction","target":{"@type":"EntryPoint","urlTemplate":"https:\/\/www.centsys.com\/mx\/?s={search_term_string}"},"query-input":{"@type":"PropertyValueSpecification","valueRequired":true,"valueName":"search_term_string"}}],"inLanguage":"en-ZA"}]}},"_links":{"self":[{"href":"https:\/\/www.centsys.com\/mx\/wp-json\/wp\/v2\/pages\/362","targetHints":{"allow":["GET"]}}],"collection":[{"href":"https:\/\/www.centsys.com\/mx\/wp-json\/wp\/v2\/pages"}],"about":[{"href":"https:\/\/www.centsys.com\/mx\/wp-json\/wp\/v2\/types\/page"}],"author":[{"embeddable":true,"href":"https:\/\/www.centsys.com\/mx\/wp-json\/wp\/v2\/users\/1"}],"replies":[{"embeddable":true,"href":"https:\/\/www.centsys.com\/mx\/wp-json\/wp\/v2\/comments?post=362"}],"version-history":[{"count":0,"href":"https:\/\/www.centsys.com\/mx\/wp-json\/wp\/v2\/pages\/362\/revisions"}],"wp:attachment":[{"href":"https:\/\/www.centsys.com\/mx\/wp-json\/wp\/v2\/media?parent=362"}],"curies":[{"name":"wp","href":"https:\/\/api.w.org\/{rel}","templated":true}]}}