{"id":373,"date":"2020-03-04T10:30:20","date_gmt":"2020-03-04T10:30:20","guid":{"rendered":"http:\/\/centsys.co.za\/lat\/?page_id=373"},"modified":"2022-04-07T12:20:24","modified_gmt":"2022-04-07T10:20:24","slug":"politica-de-privacidad","status":"publish","type":"page","link":"https:\/\/www.centsys.com\/mx\/politica-de-privacidad\/","title":{"rendered":"Pol\u00edtica de privacidad"},"content":{"rendered":"<p>[et_pb_section fb_built=&#8221;1&#8243; fullwidth=&#8221;on&#8221; _builder_version=&#8221;4.3.2&#8243; global_colors_info=&#8221;{}&#8221;][et_pb_fullwidth_image src=&#8221;https:\/\/www.centsys.com\/mx\/img\/Centurion Systems politica de privacidad\/Centurion Systems politica de privacidad.jpg&#8221; _builder_version=&#8221;4.8.1&#8243; global_colors_info=&#8221;{}&#8221;][\/et_pb_fullwidth_image][\/et_pb_section][et_pb_section fb_built=&#8221;1&#8243; fullwidth=&#8221;on&#8221; _builder_version=&#8221;4.9.2&#8243; global_module=&#8221;4804&#8243; global_colors_info=&#8221;{}&#8221;][et_pb_fullwidth_code admin_label=&#8221;SEO BREADCRUMBS&#8221; _builder_version=&#8221;4.9.2&#8243; _module_preset=&#8221;default&#8221; background_color=&#8221;#e5e5e5&#8243; custom_padding=&#8221;|||15%|false|false&#8221; global_colors_info=&#8221;{}&#8221;]<span><span><a href=\"https:\/\/www.centsys.com\/mx\/\">INICIO<\/a><\/span><\/span>[\/et_pb_fullwidth_code][\/et_pb_section][et_pb_section fb_built=&#8221;1&#8243; _builder_version=&#8221;3.22&#8243; global_colors_info=&#8221;{}&#8221;][et_pb_row _builder_version=&#8221;4.3.2&#8243; global_colors_info=&#8221;{}&#8221;][et_pb_column type=&#8221;4_4&#8243; _builder_version=&#8221;4.3.2&#8243; global_colors_info=&#8221;{}&#8221;][et_pb_text _builder_version=&#8221;4.14.8&#8243; header_5_font=&#8221;|||on|||||&#8221; hover_enabled=&#8221;0&#8243; global_colors_info=&#8221;{}&#8221; sticky_enabled=&#8221;0&#8243;]<\/p>\n<p>ACTUALIZADA AL <strong>7 abril 2022<\/strong><br \/><strong>COMPA\u00d1\u00cdA:<\/strong> Centurion Systems (Pty) Ltd. (la \u201cCompa\u00f1\u00eda\u201d o \u201cnosotros\u201d o \u201ca nosotros\u201d)<br \/><strong>UBICACI\u00d3N DE LA COMPA\u00d1\u00cdA:<\/strong> Johannesburgo, Sud\u00e1frica<br \/><strong>JURISDICCI\u00d3N:<\/strong> Legislaci\u00f3n sudafricana<\/p>\n<h5>\u00a0<\/h5>\n<h5>\u00a0<\/h5>\n<h5>CONT\u00c1CTENOS:<\/h5>\n<p><strong>Direcci\u00f3n:<\/strong><br \/>Unidad 13, Production Park en Northlands<br \/>Avenida Epsom<br \/>Northriding, Johannesburgo<br \/>2162, Sud\u00e1frica<\/p>\n<p><strong>Tel\u00e9fono:<\/strong> +27 11 699 2400.<\/p>\n<p><strong>Correo electr\u00f3nico:<\/strong> <a href=\"mailto:info@centsys.co.za\">info@centsys.co.za<\/a><\/p>\n<p>&nbsp;<\/p>\n<p><span style=\"font-size: 16px; color: #81c341; font-weight: bold;\">USO CONDICIONAL DE ESTE SITIO<\/span><\/p>\n<p>Su acceso a este sitio y su uso de este portal en la red y sus contenidos (el \u201c<strong>Sitio<\/strong>\u201d) est\u00e1 sujeto a los t\u00e9rminos y condiciones de estos t\u00e9rminos (\u201c<strong>T\u00e9rminos de Uso<\/strong>\u201d o \u201c<strong>T\u00e9rminos<\/strong>\u201d) y a todas las leyes aplicables. Al acceder y usar este Sitio, usted (el \u201c<strong>Usuario<\/strong>\u201d o \u201c<strong>usted<\/strong>\u201d) acepta y conviene a estas sin ninguna limitaci\u00f3n o cualificaci\u00f3n.<\/p>\n<p>&nbsp;<\/p>\n<p><span style=\"color: #81c341; font-size: 16px; font-weight: bold;\">POL\u00cdTICA DE PRIVACIDAD<\/span><\/p>\n<p>Respetamos su preocupaci\u00f3n relativa a la privacidad de su informaci\u00f3n personal. Le agradecemos revisar nuestra Pol\u00edtica de Privacidad en relaci\u00f3n a c\u00f3mo recolectamos, usamos, divulgamos y administramos su informaci\u00f3n personal.<\/p>\n<h5>\u00a0<\/h5>\n<h5>RESTRICCIONES GENERALES<\/h5>\n<ul>\n<li>Usted puede usar este Sitio s\u00f3lo para prop\u00f3sitos personales, no comerciales, informativos o de entretenimiento.<\/li>\n<li>Usted no puede copiar, reproducir, reusar, retransmitir, adaptar, publicar, enmarcar, poner, cargar, modificar, difundir o distribuir, en forma o manera alguna, ning\u00fan contenido de este sitio, incluyendo cualquier prop\u00f3sito p\u00fablico o comercial, sin nuestra autorizaci\u00f3n escrita previa, con la excepci\u00f3n de imprimir una \u00fanica copia del contenido del sitio para su uso personal y podr\u00e1 hacerlo as\u00ed s\u00f3lo para prop\u00f3sitos educativos y s\u00f3lo si lo permiten las leyes de derechos de autor de la jurisdicci\u00f3n.<\/li>\n<li><span style=\"font-size: 13px;\">Usted no puede usar la imagen, nombre y\/o propiedades de terceros sin su consentimiento expreso.<\/span><\/li>\n<li>Usted no puede enviar cualquier material al Sitio que sea ilegal, da\u00f1ino (incluyendo cualquier virus), amenazante, difamatorio, calumniador, obsceno, escandaloso, incitante, pornogr\u00e1fico, indecente o profano o que pudiese animar a, o constituir, una violaci\u00f3n de las leyes.<\/li>\n<li>Podemos revisar, editar o eliminar materiales que usted y otros env\u00eden a este portal, pero no estamos obligados a hacerlo.<\/li>\n<li>Podemos cancelar cualquier registro(s) o cuenta(s) en este Sito en cualquier momento, sin notificaci\u00f3n o responsabilidad alguna, por cualquier raz\u00f3n, incluyendo la ocurrencia de problemas t\u00e9cnicos, irregularidades o uso indebido.<\/li>\n<li>Los propietarios de este Sitio se apegan a una estricta pol\u00edtica de privacidad para la protecci\u00f3n de nuestros usuarios.<\/li>\n<li>Garantizamos que ning\u00fan dato de usuario alguno, bien personal o de otra \u00edndole, ser\u00e1 entregado a agencias externas o a terceras personas por cualquier raz\u00f3n, excepto aquellas que aplique la ley.<\/li>\n<li>N\u00f3tese que este Sitio publicita portales de terceros a trav\u00e9s de Google AdWords, y Google puede usar cookies para incluir avisos, bas\u00e1ndose en sus visitas a este portal. Usted puede optar por no ver tales avisos en este sitio visitando la p\u00e1gina \u201cGoogle Advertising Opt-Out\u201d (<a href=\"https:\/\/policies.google.com\/technologies\/ads\">opci\u00f3n de eliminaci\u00f3n de avisos de Google<\/a>).<\/li>\n<li>Adem\u00e1s, este sitio usa la aplicaci\u00f3n Google Analytics para monitorear la actividad en el portal. Para m\u00e1s informaci\u00f3n sobre c\u00f3mo Google recolecta y procesa tales datos, le sugerimos ver \u201c<a href=\"https:\/\/policies.google.com\/technologies\/partner-sites\">C\u00f3mo Google usa los datos cuando usted usa sitios o aplicaciones de asociados<\/a>\u201d.<\/li>\n<\/ul>\n<p>&nbsp;<\/p>\n<h5><span style=\"font-size: 16px;\">APLICACIONES M\u00d3VILES<\/span><\/h5>\n<p>Las siguientes aplicaciones m\u00f3viles se han desarrollado para permitir que el usuario final configure y utilice nuestros productos:<\/p>\n<p><strong>MyCentsysPro<\/strong><br \/><strong>MyCentsys Remote<\/strong><br \/><strong>G-Web Ultra<\/strong><br \/><strong>G-Remote<\/strong><\/p>\n<p>Para poder utilizar nuestros productos, solicitamos sus datos personales y el acceso a informaci\u00f3n adicional. \u00a0Sus datos son recopilados por las siguientes razones:<\/p>\n<p><span style=\"text-decoration: underline;\">Funcionalidad de la aplicaci\u00f3n<\/span><\/p>\n<p>MyCentsys Pro APP utiliza su ubicaci\u00f3n para verificar su motor u operador durante la configuraci\u00f3n de l\u00edmites, tambi\u00e9n garantiza el cumplimiento con las regulaciones de seguridad y calidad de puertas automatizadas en su regi\u00f3n. Ciertos modelos de tel\u00e9fono requieren que los servicios de ubicaci\u00f3n est\u00e9n habilitados para que funcionen las conexiones BLE.<br \/>MyCentsys Remoto requiere que los servicios de ubicaci\u00f3n est\u00e9n habilitados para que las conexiones BLE funcionen en algunos modelos de tel\u00e9fono.<\/p>\n<p><span style=\"text-decoration: underline;\">An\u00e1lisis y estado de la aplicaci\u00f3n<\/span><\/p>\n<p>MyCentsys Pro y MyCentsys Remoto monitorean el estado de la aplicaci\u00f3n. Esto permite que el equipo de desarrollo diagnostique y corrija errores, bloqueos, o realice futuras mejoras de rendimiento.<\/p>\n<p><span style=\"text-decoration: underline;\">Prevenci\u00f3n de fraude, seguridad y cumplimiento<\/span><\/p>\n<p>Todas las aplicaciones recopilan datos que se utilizan para la prevenci\u00f3n del fraude, cumplimiento de las leyes locales y su propia seguridad. Por ejemplo, monitoreamos los intentos de inicio de sesi\u00f3n fallidos para identificar posibles actividades fraudulentas.<\/p>\n<p><span style=\"text-decoration: underline;\">Administraci\u00f3n de cuentas<\/span><\/p>\n<p>Cuando crea una cuenta o registra cualquiera de nuestras aplicaciones m\u00f3viles, almacenamos informaci\u00f3n como su nombre, direcci\u00f3n de correo electr\u00f3nico y contrase\u00f1a. Esta informaci\u00f3n le permite iniciar sesi\u00f3n y nos ayuda a verificar su cuenta si solicita atenci\u00f3n al cliente.<\/p>\n<p>&nbsp;<\/p>\n<h5><span style=\"font-size: 16px;\">PROPIEDAD DEL MATERIAL QUE USTED ENVIA\u00a0<\/span><\/h5>\n<p>Sujeto a las previsiones de la pol\u00edtica de privacidad relativas a los datos personales, cualquier material que usted env\u00ede a este sitio ser\u00e1 tratado cono no confidencial y no propietario. Esto incluye cualesquier dato, pregunta, comentario, sugerencia, idea u otra informaci\u00f3n, material o bien. Nosotros (o nuestros designados) estar\u00e1n facultados a usarlo parcial o totalmente para cualquier prop\u00f3sito, SIN COMPENSACI\u00d3N ALGUNA PARA USTED, incluida la reproducci\u00f3n, divulgaci\u00f3n, transmisi\u00f3n, publicaci\u00f3n, radiodifusi\u00f3n y publicaci\u00f3n.<\/p>\n<h5>\u00a0<\/h5>\n<h5><span style=\"font-size: 16px;\">RENUNCIA A GARANT\u00cdAS<\/span><\/h5>\n<p>Tratamos de hacer que el Sitio y sus contenidos, pero lo imprevisto siempre ocurre. En consecuencia, a pesar de cualquier otra cosa en el Sitio o en estos T\u00e9rminos:<\/p>\n<ul>\n<li>Usted usa el Sitio a su propio riesgo;<\/li>\n<li>El Sitio se hace asequible a usted \u201ctal como es\u201d, y en el \u00e1mbito m\u00e1ximo permitido por la ley, nosotros y nuestros asociados:<\/li>\n<li>Nos desligamos de todas las garant\u00edas relativas al Sitio, y no seremos responsables o culpables de cualquier da\u00f1o debido a:<\/li>\n<li>Afirmaciones, errores u omisiones en el Sitio;<\/li>\n<li>Contenido que infrinja los derechos de terceros;<\/li>\n<li>Virus que puedan ser transmitidos a su computador;<\/li>\n<li>Enlaces a cualquier otro portal o su naturaleza o contenidos, o<br \/>Cualquier otro asunto relacionado con este Sitio y el uso que usted haga de \u00e9l.<\/li>\n<\/ul>\n<h5>\u00a0<\/h5>\n<h5>INDEMNIZACION<\/h5>\n<p>Al usar este sitio, usted accede a indemnizar, defender y a no hacernos a nosotros o a nuestros allegados responsables de da\u00f1os, costos y gastos, incluyendo honorarios y costos legales razonables, que pudiesen surgir de lo siguiente:<\/p>\n<ul>\n<li>Cualquier reclamo por infracci\u00f3n de los derechos de propiedad intelectual, libelo o difamaci\u00f3n relacionada con los materiales que usted env\u00ede al sitio;<\/li>\n<li>Cualquier actividad relativa a su cuenta en Internet, incluyendo negligencia o conducta inadecuada por parte suya o de cualquiera que use el sitio a trav\u00e9s de su cuenta de Internet;<\/li>\n<li>El incumplimiento de cualquier previsi\u00f3n de estos t\u00e9rminos;<\/li>\n<li>Cualquier otro asunto relacionado con este sitio y el uso que usted haga de \u00e9l.<\/li>\n<\/ul>\n<p>Usted acuerda hacer su mejor esfuerzo para cooperar con nosotros en la defensa de tales puntos. Nos reservamos el derecho, a costa suya, de asumir el control y la defensa exclusiva de cualquier asunto a ser compensado por usted.<\/p>\n<h5>\u00a0<\/h5>\n<h5>OTROS SITIOS<\/h5>\n<p>Este Sitio puede contener enlaces a otros portales en la red que no conocemos ni tampoco operamos. No controlamos, recomendamos o avalamos, ni nos hacemos responsables por estos sitios o sus contenidos, productos, servicios o pol\u00edticas de privacidad. Al descargar materiales de ciertos sitios puede arriesgarse a infringir derechos de propiedad intelectual o a introducir virus en su sistema. Usted deber\u00e1 leer las pol\u00edticas de privacidad y los t\u00e9rminos de esos otros sitios. Usted deber\u00eda igualmente evaluar independientemente la autenticidad de cualquier sitio en la red que aparezca o que aduzca que es uno de nuestros portales (incluyendo aquellos enlazados al nuestro a trav\u00e9s del correo electr\u00f3nico).<\/p>\n<p>&nbsp;<\/p>\n<h5><span style=\"color: #81c341; font-size: 16px;\">Propiedad intelectual<\/span><\/h5>\n<p>Nosotros (o nuestras compa\u00f1\u00edas afiliadas o asociadas, o terceras personas que han autorizado sus marcas a la compa\u00f1\u00eda o contribuido al sitio) (\u201cPropietario del Contenido\u201d) poseemos o tenemos autorizaci\u00f3n de terceros sobre todo el contenido del sitio. Todo el contenido del sitio sigue siendo propiedad \u00fanica del Propietario del Contenido vigente y est\u00e1 protegido bajo todos los derechos de autor y de marca comercial relevantes y otras leyes aplicables. Nada en el sitio debe ser visto como un otorgamiento de licencia o derecho alguno a usar o distribuir cualquier contenido del sitio, sin nuestro consentimiento escrito expreso o de los otros propietarios de contenido aplicables.<\/p>\n<h5>\u00a0<\/h5>\n<h5>OTROS<\/h5>\n<p><strong>JURISDICCI\u00d3N<br \/><\/strong><span style=\"font-size: 13px;\">Controlamos y operamos el sitio desde la ubicaci\u00f3n de la compa\u00f1\u00eda antes mencionada (sin importar d\u00f3nde se localizan los servidores del servicios de hospedaje). Todos los aspectos relativos al sitio son gobernados por las leyes de la jurisdicci\u00f3n antes mencionada, sin referencia o conflicto de escogencia de los principios legales. Usted acepta que la jurisdicci\u00f3n y sede para cualquier procedimiento legal relacionado con el sitio, se efectuar\u00e1 en las cortes apropiadas ubicadas en la jurisdicci\u00f3n antes mencionada. No garantizamos o implicamos que el sitio o los materiales presentes en \u00e9ste sean apropiados para uso fuera del pa\u00eds arriba mencionado. La informaci\u00f3n estipulada en dicho sitio relativa a cualquier producto o servicio es aplicable s\u00f3lo en tal jurisdicci\u00f3n, y estos productos y servicios pudiesen no estar disponibles en todas las locaciones. Si usted est\u00e1 ubicado fuera de este pa\u00eds, usted es el \u00fanico responsable del cumplimiento de cualquier ley local aplicable.<\/span><\/p>\n<p>Todo producto y denominaci\u00f3n de marca acompa\u00f1ada por el s\u00edmbolo \u00d2 se refiere a una marca comercial registrada en Sud\u00e1frica y\/u otros pa\u00edses, en favor de Centurion Systems (Pty) Ltd., Sud\u00e1frica. El logotipo de Centurion, todos los productos y denominaciones comerciales en este documento que est\u00e9n acompa\u00f1adas del s\u00edmbolo \u00d4 son marcas comerciales de Centurion Systems (Pty) Ltd., Sud\u00e1frica y otros territorios; todos los derechos reservados. Le invitamos a contactarnos para m\u00e1s detalles.<\/p>\n<p><strong>SEPARABILIDAD<br \/><\/strong><span style=\"font-size: 13px;\">Si por cualquier raz\u00f3n se determina que cualquiera de las previsiones aqu\u00ed incluidas es nula o inaplicable, esta ser\u00e1 separada bajo declaraci\u00f3n de nulidad o inaplicabilidad y las previsiones restantes continuar\u00e1n aplic\u00e1ndose en toda su fuerza y efecto.<\/span><\/p>\n<p>&nbsp;<\/p>\n<h5>DEFINICIONES\/INTERPRETACI\u00d3N<\/h5>\n<p>Tal como son usadas aqu\u00ed:<\/p>\n<ul>\n<li>\u201c<strong>Da\u00f1os<\/strong>\u201d significa cualquier y toda p\u00e9rdida directa, espacial, indirecta, consecuencial o de otra \u00edndole de cualquier tipo (bien en contrato, incluyendo incumplimiento fundamental o agravio, incluyendo negligencia u otros).<\/li>\n<li>\u201c<strong>Materiales enviados al Sitio<\/strong>\u201d (y \u201cmateriales que usted env\u00eda al Sitio\u201d y otros t\u00e9rminos similares) significan cualquier cosa enviada por correo electr\u00f3nico, subido, publicado u de otra forma transmitidos e enviados al Sitio (tr\u00e1tese de informaci\u00f3n, texto, materiales, datos o c\u00f3digos u otros) por usted u otro usuario.<\/li>\n<li>\u201c<strong>Partes Relacionadas<\/strong>\u201d se refiere a todas nuestras compa\u00f1\u00edas principales, subsidiarias o afiliadas. Los Desarrolladores del Sitio y otros asociados promocionales.<\/li>\n<li>\u201c<strong>El Contenido del Sitio<\/strong>\u201d se refiere a toda la informaci\u00f3n, textos, im\u00e1genes, audio, video, dise\u00f1os, nombres, logotipos, marcas comerciales, datos, c\u00f3digos u otra informaci\u00f3n, material o contenido dentro del Sitio.<\/li>\n<li>\u201c<strong>Desarrollador del Sitio<\/strong>\u201d se refiere a cualquier persona involucrada en crear, producir, entregar o mantener el Sitio.<\/li>\n<li>\u201c<strong>Uso de este Sitio<\/strong>\u201d (y \u201cusando\u201d y otros t\u00e9rminos similares) se refiere a \u201ccualquier y todo uso del Sitio de cualquier forma posible, incluyendo el acceso, navegaci\u00f3n, revisi\u00f3n, publicaci\u00f3n, transmisi\u00f3n, descarga y otros usos del sitio de cualquier material en \u00e9l\u201d.<\/li>\n<li>\u201c<strong>Garant\u00edas<\/strong>\u201d significa cualquier garant\u00eda o representaciones, expresas o impl\u00edcitas (incluyendo, sin limitaci\u00f3n, cualesquier garant\u00edas de comerciabilidad o adecuaci\u00f3n para un prop\u00f3sito en particular, t\u00edtulo, sin menoscabo o ausencia de virus.<\/li>\n<\/ul>\n<p>&nbsp;<\/p>\n<p><span style=\"color: #81c341; font-size: 16px; font-weight: bold;\">CAMBIOS<\/span><\/p>\n<p>Tenga en cuenta que podemos cambiar la informaci\u00f3n en este sitio y\/o estos t\u00e9rminos en cualquier momento sin previo aviso. Usted deber\u00eda revisar regularmente estos t\u00e9rminos en busca de cambios. Al continuar usando este sitio, usted accede a tales cambios y al proveerle acceso continuo al sitio, le estamos proveyendo su consideraci\u00f3n para consentir a tales cambios.<\/p>\n<h5>\u00a0<\/h5>\n<h5>CONT\u00c1CTENOS<\/h5>\n<p>Si usted tiene preguntas o comentarios en relaci\u00f3n con este sitio, por favor cont\u00e1ctenos usando el n\u00famero de tel\u00e9fono o la direcci\u00f3n electr\u00f3nica suministrados arriba.<\/p>\n<p>[\/et_pb_text][\/et_pb_column][\/et_pb_row][\/et_pb_section]<\/p>\n","protected":false},"excerpt":{"rendered":"<p><span><span><a href=\"https:\/\/www.centsys.com\/mx\/\">INICIO<\/a><\/span><\/span>ACTUALIZADA AL 7 abril 2022COMPA\u00d1\u00cdA: Centurion Systems (Pty) Ltd. (la \u201cCompa\u00f1\u00eda\u201d o \u201cnosotros\u201d o \u201ca nosotros\u201d)UBICACI\u00d3N DE LA COMPA\u00d1\u00cdA: Johannesburgo, Sud\u00e1fricaJURISDICCI\u00d3N: Legislaci\u00f3n sudafricana \u00a0 \u00a0 CONT\u00c1CTENOS: Direcci\u00f3n:Unidad 13, Production Park en NorthlandsAvenida EpsomNorthriding, Johannesburgo2162, Sud\u00e1frica Tel\u00e9fono: +27 11 699 2400. Correo electr\u00f3nico: info@centsys.co.za &nbsp; USO CONDICIONAL DE ESTE SITIO Su acceso a este sitio y [&hellip;]<\/p>\n","protected":false},"author":1,"featured_media":0,"parent":0,"menu_order":0,"comment_status":"closed","ping_status":"closed","template":"","meta":{"_et_pb_use_builder":"on","_et_pb_old_content":"","_et_gb_content_width":"","_joinchat":[],"footnotes":""},"class_list":["post-373","page","type-page","status-publish","hentry"],"yoast_head":"<!-- This site is optimized with the Yoast SEO Premium plugin v26.6 (Yoast SEO v27.3) - https:\/\/yoast.com\/product\/yoast-seo-premium-wordpress\/ -->\r\n<title>Pol\u00edtica de privacidad - Centurion Systems<\/title>\r\n<meta name=\"description\" content=\"Pol\u00edtica de privacidad para ver c\u00f3mo recopilamos, usamos, divulgamos y administramos su informaci\u00f3n personal.\" \/>\r\n<meta name=\"robots\" content=\"index, follow, max-snippet:-1, max-image-preview:large, max-video-preview:-1\" \/>\r\n<link rel=\"canonical\" href=\"https:\/\/www.centsys.com\/mx\/politica-de-privacidad\/\" \/>\r\n<meta property=\"og:locale\" content=\"en_US\" \/>\r\n<meta property=\"og:type\" content=\"article\" \/>\r\n<meta property=\"og:title\" content=\"Pol\u00edtica de privacidad\" \/>\r\n<meta property=\"og:description\" content=\"Pol\u00edtica de privacidad para ver c\u00f3mo recopilamos, usamos, divulgamos y administramos su informaci\u00f3n personal.\" \/>\r\n<meta property=\"og:url\" content=\"https:\/\/www.centsys.com\/mx\/politica-de-privacidad\/\" \/>\r\n<meta property=\"og:site_name\" content=\"Centurion Systems Mexico\" \/>\r\n<meta property=\"article:modified_time\" content=\"2022-04-07T10:20:24+00:00\" \/>\r\n<meta name=\"twitter:card\" content=\"summary_large_image\" \/>\r\n<meta name=\"twitter:label1\" content=\"Est. reading time\" \/>\n\t<meta name=\"twitter:data1\" content=\"11 minutes\" \/>\r\n<script type=\"application\/ld+json\" class=\"yoast-schema-graph\">{\"@context\":\"https:\\\/\\\/schema.org\",\"@graph\":[{\"@type\":\"WebPage\",\"@id\":\"https:\\\/\\\/www.centsys.com\\\/mx\\\/politica-de-privacidad\\\/\",\"url\":\"https:\\\/\\\/www.centsys.com\\\/mx\\\/politica-de-privacidad\\\/\",\"name\":\"Pol\u00edtica de privacidad - Centurion Systems\",\"isPartOf\":{\"@id\":\"https:\\\/\\\/www.centsys.com\\\/mx\\\/#website\"},\"datePublished\":\"2020-03-04T10:30:20+00:00\",\"dateModified\":\"2022-04-07T10:20:24+00:00\",\"description\":\"Pol\u00edtica de privacidad para ver c\u00f3mo recopilamos, usamos, divulgamos y administramos su informaci\u00f3n personal.\",\"breadcrumb\":{\"@id\":\"https:\\\/\\\/www.centsys.com\\\/mx\\\/politica-de-privacidad\\\/#breadcrumb\"},\"inLanguage\":\"en-ZA\",\"potentialAction\":[{\"@type\":\"ReadAction\",\"target\":[\"https:\\\/\\\/www.centsys.com\\\/mx\\\/politica-de-privacidad\\\/\"]}]},{\"@type\":\"BreadcrumbList\",\"@id\":\"https:\\\/\\\/www.centsys.com\\\/mx\\\/politica-de-privacidad\\\/#breadcrumb\",\"itemListElement\":[{\"@type\":\"ListItem\",\"position\":1,\"name\":\"INICIO\",\"item\":\"https:\\\/\\\/www.centsys.com\\\/mx\\\/\"},{\"@type\":\"ListItem\",\"position\":2,\"name\":\"Pol\u00edtica de privacidad\"}]},{\"@type\":\"WebSite\",\"@id\":\"https:\\\/\\\/www.centsys.com\\\/mx\\\/#website\",\"url\":\"https:\\\/\\\/www.centsys.com\\\/mx\\\/\",\"name\":\"Centurion Systems Mexico\",\"description\":\"Productos para Automatizaci\u00f3n de Acceso\",\"potentialAction\":[{\"@type\":\"SearchAction\",\"target\":{\"@type\":\"EntryPoint\",\"urlTemplate\":\"https:\\\/\\\/www.centsys.com\\\/mx\\\/?s={search_term_string}\"},\"query-input\":{\"@type\":\"PropertyValueSpecification\",\"valueRequired\":true,\"valueName\":\"search_term_string\"}}],\"inLanguage\":\"en-ZA\"}]}<\/script>\r\n<!-- \/ Yoast SEO Premium plugin. -->","yoast_head_json":{"title":"Pol\u00edtica de privacidad - Centurion Systems","description":"Pol\u00edtica de privacidad para ver c\u00f3mo recopilamos, usamos, divulgamos y administramos su informaci\u00f3n personal.","robots":{"index":"index","follow":"follow","max-snippet":"max-snippet:-1","max-image-preview":"max-image-preview:large","max-video-preview":"max-video-preview:-1"},"canonical":"https:\/\/www.centsys.com\/mx\/politica-de-privacidad\/","og_locale":"en_US","og_type":"article","og_title":"Pol\u00edtica de privacidad","og_description":"Pol\u00edtica de privacidad para ver c\u00f3mo recopilamos, usamos, divulgamos y administramos su informaci\u00f3n personal.","og_url":"https:\/\/www.centsys.com\/mx\/politica-de-privacidad\/","og_site_name":"Centurion Systems Mexico","article_modified_time":"2022-04-07T10:20:24+00:00","twitter_card":"summary_large_image","twitter_misc":{"Est. reading time":"11 minutes"},"schema":{"@context":"https:\/\/schema.org","@graph":[{"@type":"WebPage","@id":"https:\/\/www.centsys.com\/mx\/politica-de-privacidad\/","url":"https:\/\/www.centsys.com\/mx\/politica-de-privacidad\/","name":"Pol\u00edtica de privacidad - Centurion Systems","isPartOf":{"@id":"https:\/\/www.centsys.com\/mx\/#website"},"datePublished":"2020-03-04T10:30:20+00:00","dateModified":"2022-04-07T10:20:24+00:00","description":"Pol\u00edtica de privacidad para ver c\u00f3mo recopilamos, usamos, divulgamos y administramos su informaci\u00f3n personal.","breadcrumb":{"@id":"https:\/\/www.centsys.com\/mx\/politica-de-privacidad\/#breadcrumb"},"inLanguage":"en-ZA","potentialAction":[{"@type":"ReadAction","target":["https:\/\/www.centsys.com\/mx\/politica-de-privacidad\/"]}]},{"@type":"BreadcrumbList","@id":"https:\/\/www.centsys.com\/mx\/politica-de-privacidad\/#breadcrumb","itemListElement":[{"@type":"ListItem","position":1,"name":"INICIO","item":"https:\/\/www.centsys.com\/mx\/"},{"@type":"ListItem","position":2,"name":"Pol\u00edtica de privacidad"}]},{"@type":"WebSite","@id":"https:\/\/www.centsys.com\/mx\/#website","url":"https:\/\/www.centsys.com\/mx\/","name":"Centurion Systems Mexico","description":"Productos para Automatizaci\u00f3n de Acceso","potentialAction":[{"@type":"SearchAction","target":{"@type":"EntryPoint","urlTemplate":"https:\/\/www.centsys.com\/mx\/?s={search_term_string}"},"query-input":{"@type":"PropertyValueSpecification","valueRequired":true,"valueName":"search_term_string"}}],"inLanguage":"en-ZA"}]}},"_links":{"self":[{"href":"https:\/\/www.centsys.com\/mx\/wp-json\/wp\/v2\/pages\/373","targetHints":{"allow":["GET"]}}],"collection":[{"href":"https:\/\/www.centsys.com\/mx\/wp-json\/wp\/v2\/pages"}],"about":[{"href":"https:\/\/www.centsys.com\/mx\/wp-json\/wp\/v2\/types\/page"}],"author":[{"embeddable":true,"href":"https:\/\/www.centsys.com\/mx\/wp-json\/wp\/v2\/users\/1"}],"replies":[{"embeddable":true,"href":"https:\/\/www.centsys.com\/mx\/wp-json\/wp\/v2\/comments?post=373"}],"version-history":[{"count":0,"href":"https:\/\/www.centsys.com\/mx\/wp-json\/wp\/v2\/pages\/373\/revisions"}],"wp:attachment":[{"href":"https:\/\/www.centsys.com\/mx\/wp-json\/wp\/v2\/media?parent=373"}],"curies":[{"name":"wp","href":"https:\/\/api.w.org\/{rel}","templated":true}]}}