{"id":4660,"date":"2021-02-19T11:36:51","date_gmt":"2021-02-19T09:36:51","guid":{"rendered":"https:\/\/www.centsys.com\/mx\/?page_id=4660"},"modified":"2025-04-02T08:55:44","modified_gmt":"2025-04-02T06:55:44","slug":"la-aplicacion-mycentsys-pro","status":"publish","type":"page","link":"https:\/\/www.centsys.com\/mx\/la-aplicacion-mycentsys-pro\/","title":{"rendered":"La aplicaci\u00f3n MyCentsys Pro"},"content":{"rendered":"<p>[et_pb_section fb_built=&#8221;1&#8243; fullwidth=&#8221;on&#8221; _builder_version=&#8221;4.16&#8243; background_enable_image=&#8221;off&#8221; locked=&#8221;off&#8221; global_colors_info=&#8221;{}&#8221;][et_pb_fullwidth_header _builder_version=&#8221;4.16&#8243; title_font=&#8221;Verdana|700||on|||||&#8221; title_text_align=&#8221;right&#8221; title_text_color=&#8221;#81c341&#8243; title_font_size=&#8221;46px&#8221; content_font=&#8221;Verdana||||||||&#8221; content_text_align=&#8221;right&#8221; content_text_color=&#8221;#6d6e71&#8243; content_font_size=&#8221;18px&#8221; background_enable_color=&#8221;off&#8221; background_image=&#8221;https:\/\/www.centsys.com\/mx\/img\/D5SMART\/MyCentsys%20Pro_Su%20futuro%20esta%20aqui.jpg&#8221; background_layout=&#8221;light&#8221; width=&#8221;100{b9f1a820be3d81834e54a7fd91d7ea557d10675802c96376b4de0df52dd4704d}&#8221; max_width=&#8221;100{b9f1a820be3d81834e54a7fd91d7ea557d10675802c96376b4de0df52dd4704d}&#8221; custom_margin=&#8221;||||false|false&#8221; custom_padding=&#8221;15.1%||15.1%|20%|true|false&#8221; custom_padding_tablet=&#8221;|||10%|true|false&#8221; custom_padding_phone=&#8221;|||0%|true|false&#8221; custom_padding_last_edited=&#8221;on|phone&#8221; title_font_size_tablet=&#8221;&#8221; title_font_size_phone=&#8221;31px&#8221; title_font_size_last_edited=&#8221;on|phone&#8221; content_font_size_tablet=&#8221;&#8221; content_font_size_phone=&#8221;14px&#8221; content_font_size_last_edited=&#8221;on|phone&#8221; background_last_edited=&#8221;on|phone&#8221; background_position_phone=&#8221;center_right&#8221; global_colors_info=&#8221;{}&#8221;][\/et_pb_fullwidth_header][\/et_pb_section][et_pb_section fb_built=&#8221;1&#8243; fullwidth=&#8221;on&#8221; _builder_version=&#8221;4.9.2&#8243; global_module=&#8221;4804&#8243; global_colors_info=&#8221;{}&#8221;][et_pb_fullwidth_code admin_label=&#8221;SEO BREADCRUMBS&#8221; _builder_version=&#8221;4.16&#8243; _module_preset=&#8221;default&#8221; background_color=&#8221;#e5e5e5&#8243; custom_padding=&#8221;|||15%|false|false&#8221; global_colors_info=&#8221;{}&#8221;]<span><span><a href=\"https:\/\/www.centsys.com\/mx\/\">INICIO<\/a><\/span><\/span>[\/et_pb_fullwidth_code][\/et_pb_section][et_pb_section fb_built=&#8221;1&#8243; _builder_version=&#8221;4.16&#8243; global_colors_info=&#8221;{}&#8221;][et_pb_row column_structure=&#8221;1_2,1_2&#8243; _builder_version=&#8221;4.16&#8243; global_colors_info=&#8221;{}&#8221;][et_pb_column type=&#8221;1_2&#8243; _builder_version=&#8221;4.16&#8243; global_colors_info=&#8221;{}&#8221;][et_pb_text _builder_version=&#8221;4.21.0&#8243; global_colors_info=&#8221;{}&#8221;]<\/p>\n<h1 style=\"text-align: left;\">Obtenga la experiencia SMART con la aplicaci\u00f3n m\u00f3vil MyCentsys Pro!<\/h1>\n<p>\u00bfPor que productos SMART son tan inteligentes? Bueno, muchas cosas, pero la conveniencia inal\u00e1mbrica es donde hace que este motor realmente brille.<\/p>\n<p>Esta es la automatizaci\u00f3n de puertas como nunca la has experimentado.<\/p>\n<p>La aplicaci\u00f3n MyCentsys Pro hace que la configuraci\u00f3n y configuraci\u00f3n de muchas funciones del operador sea muy sencilla. Establezca los limites de la puerta, la velocidad, el cierre autom\u00e1tico y los perfiles \u00fanicos para todos los que usan la puerta, con solo unos pocos toques.<\/p>\n<p>\u00a1Desc\u00e1rgalo ahora gratis!<\/p>\n<p>[\/et_pb_text][et_pb_image src=&#8221;https:\/\/www.centsys.com\/lat\/img\/mycentsys\/Centurion&#8211;systems-App-Downloads-ESP.jpg&#8221; _builder_version=&#8221;4.17.4&#8243; _module_preset=&#8221;default&#8221; global_colors_info=&#8221;{}&#8221;][\/et_pb_image][\/et_pb_column][et_pb_column type=&#8221;1_2&#8243; _builder_version=&#8221;4.16&#8243; global_colors_info=&#8221;{}&#8221;][et_pb_image src=&#8221;https:\/\/www.centsys.com\/mx\/img\/D5SMART\/Desc\u00e1rgalo en el Apple App Store.png&#8221; url=&#8221;https:\/\/apps.apple.com\/za\/app\/mycentsys-pro\/id1469869202&#8243; url_new_window=&#8221;on&#8221; _builder_version=&#8221;4.16&#8243; _module_preset=&#8221;default&#8221; global_colors_info=&#8221;{}&#8221;][\/et_pb_image][et_pb_text _builder_version=&#8221;4.16&#8243; _module_preset=&#8221;default&#8221; global_colors_info=&#8221;{}&#8221;]<\/p>\n<p><strong>Requisitos m\u00ednimos:<\/strong><br \/>\u2013 Tel\u00e9fono m\u00f3vil con BLE<br \/>\u2013 iPhone 6s y superior<br \/>\u2013 iOS13<\/p>\n<p>[\/et_pb_text][et_pb_image src=&#8221;https:\/\/www.centsys.com\/mx\/img\/D5SMART\/Cons\u00edguelo en el Google Play.png&#8221; url=&#8221;https:\/\/play.google.com\/store\/apps\/details?id=com.CenturionSystems.MyCentsysPro&#8221; url_new_window=&#8221;on&#8221; _builder_version=&#8221;4.16&#8243; _module_preset=&#8221;default&#8221; global_colors_info=&#8221;{}&#8221;][\/et_pb_image][et_pb_image src=&#8221;https:\/\/www.centsys.com\/mx\/img\/MY%20CENTSYS%20PRO%20Banners\/Explora%20el%20Huwawei%20AppGallery.jpg&#8221; url=&#8221;https:\/\/appgallery.huawei.com\/app\/C101812247&#8243; url_new_window=&#8221;on&#8221; _builder_version=&#8221;4.17.0&#8243; _module_preset=&#8221;default&#8221; global_colors_info=&#8221;{}&#8221;][\/et_pb_image][et_pb_text _builder_version=&#8221;4.27.4&#8243; _module_preset=&#8221;default&#8221; hover_enabled=&#8221;0&#8243; global_colors_info=&#8221;{}&#8221; sticky_enabled=&#8221;0&#8243;]<\/p>\n<p><strong>Requisitos m\u00ednimos:<\/strong><br \/>\u2013 Tel\u00e9fono m\u00f3vil con BLE<br \/>\u2013 Android 8.0 (Oreo)<\/p>\n<p>[\/et_pb_text][\/et_pb_column][\/et_pb_row][\/et_pb_section]<\/p>\n","protected":false},"excerpt":{"rendered":"<p><span><span><a href=\"https:\/\/www.centsys.com\/mx\/\">INICIO<\/a><\/span><\/span>Obtenga la experiencia SMART con la aplicaci\u00f3n m\u00f3vil MyCentsys Pro! \u00bfPor que productos SMART son tan inteligentes? Bueno, muchas cosas, pero la conveniencia inal\u00e1mbrica es donde hace que este motor realmente brille. Esta es la automatizaci\u00f3n de puertas como nunca la has experimentado. La aplicaci\u00f3n MyCentsys Pro hace que la configuraci\u00f3n y configuraci\u00f3n de muchas [&hellip;]<\/p>\n","protected":false},"author":2,"featured_media":0,"parent":0,"menu_order":0,"comment_status":"closed","ping_status":"closed","template":"","meta":{"_et_pb_use_builder":"on","_et_pb_old_content":"","_et_gb_content_width":"","_joinchat":[],"footnotes":""},"class_list":["post-4660","page","type-page","status-publish","hentry"],"yoast_head":"<!-- This site is optimized with the Yoast SEO Premium plugin v26.6 (Yoast SEO v27.5) - https:\/\/yoast.com\/product\/yoast-seo-premium-wordpress\/ -->\r\n<title>La aplicaci\u00f3n MyCentsys Pro - Centurion Systems<\/title>\r\n<meta name=\"description\" content=\"La aplicaci\u00f3n MyCentsys Pro hace que la configuraci\u00f3n y configuraci\u00f3n de muchas funciones del operador sea muy sencilla.\" \/>\r\n<meta name=\"robots\" content=\"index, follow, max-snippet:-1, max-image-preview:large, max-video-preview:-1\" \/>\r\n<link rel=\"canonical\" href=\"https:\/\/www.centsys.com\/mx\/la-aplicacion-mycentsys-pro\/\" \/>\r\n<meta property=\"og:locale\" content=\"en_US\" \/>\r\n<meta property=\"og:type\" content=\"article\" \/>\r\n<meta property=\"og:title\" content=\"La aplicaci\u00f3n MyCentsys Pro\" \/>\r\n<meta property=\"og:description\" content=\"La aplicaci\u00f3n MyCentsys Pro hace que la configuraci\u00f3n y configuraci\u00f3n de muchas funciones del operador sea muy sencilla.\" \/>\r\n<meta property=\"og:url\" content=\"https:\/\/www.centsys.com\/mx\/la-aplicacion-mycentsys-pro\/\" \/>\r\n<meta property=\"og:site_name\" content=\"Centurion Systems Mexico\" \/>\r\n<meta property=\"article:modified_time\" content=\"2025-04-02T06:55:44+00:00\" \/>\r\n<meta name=\"twitter:card\" content=\"summary_large_image\" \/>\r\n<meta name=\"twitter:label1\" content=\"Est. reading time\" \/>\n\t<meta name=\"twitter:data1\" content=\"1 minute\" \/>\r\n<script type=\"application\/ld+json\" class=\"yoast-schema-graph\">{\"@context\":\"https:\\\/\\\/schema.org\",\"@graph\":[{\"@type\":\"WebPage\",\"@id\":\"https:\\\/\\\/www.centsys.com\\\/mx\\\/la-aplicacion-mycentsys-pro\\\/\",\"url\":\"https:\\\/\\\/www.centsys.com\\\/mx\\\/la-aplicacion-mycentsys-pro\\\/\",\"name\":\"La aplicaci\u00f3n MyCentsys Pro - Centurion Systems\",\"isPartOf\":{\"@id\":\"https:\\\/\\\/www.centsys.com\\\/mx\\\/#website\"},\"datePublished\":\"2021-02-19T09:36:51+00:00\",\"dateModified\":\"2025-04-02T06:55:44+00:00\",\"description\":\"La aplicaci\u00f3n MyCentsys Pro hace que la configuraci\u00f3n y configuraci\u00f3n de muchas funciones del operador sea muy sencilla.\",\"breadcrumb\":{\"@id\":\"https:\\\/\\\/www.centsys.com\\\/mx\\\/la-aplicacion-mycentsys-pro\\\/#breadcrumb\"},\"inLanguage\":\"en-ZA\",\"potentialAction\":[{\"@type\":\"ReadAction\",\"target\":[\"https:\\\/\\\/www.centsys.com\\\/mx\\\/la-aplicacion-mycentsys-pro\\\/\"]}]},{\"@type\":\"BreadcrumbList\",\"@id\":\"https:\\\/\\\/www.centsys.com\\\/mx\\\/la-aplicacion-mycentsys-pro\\\/#breadcrumb\",\"itemListElement\":[{\"@type\":\"ListItem\",\"position\":1,\"name\":\"INICIO\",\"item\":\"https:\\\/\\\/www.centsys.com\\\/mx\\\/\"},{\"@type\":\"ListItem\",\"position\":2,\"name\":\"La aplicaci\u00f3n MyCentsys Pro\"}]},{\"@type\":\"WebSite\",\"@id\":\"https:\\\/\\\/www.centsys.com\\\/mx\\\/#website\",\"url\":\"https:\\\/\\\/www.centsys.com\\\/mx\\\/\",\"name\":\"Centurion Systems Mexico\",\"description\":\"Productos para Automatizaci\u00f3n de Acceso\",\"potentialAction\":[{\"@type\":\"SearchAction\",\"target\":{\"@type\":\"EntryPoint\",\"urlTemplate\":\"https:\\\/\\\/www.centsys.com\\\/mx\\\/?s={search_term_string}\"},\"query-input\":{\"@type\":\"PropertyValueSpecification\",\"valueRequired\":true,\"valueName\":\"search_term_string\"}}],\"inLanguage\":\"en-ZA\"}]}<\/script>\r\n<!-- \/ Yoast SEO Premium plugin. -->","yoast_head_json":{"title":"La aplicaci\u00f3n MyCentsys Pro - Centurion Systems","description":"La aplicaci\u00f3n MyCentsys Pro hace que la configuraci\u00f3n y configuraci\u00f3n de muchas funciones del operador sea muy sencilla.","robots":{"index":"index","follow":"follow","max-snippet":"max-snippet:-1","max-image-preview":"max-image-preview:large","max-video-preview":"max-video-preview:-1"},"canonical":"https:\/\/www.centsys.com\/mx\/la-aplicacion-mycentsys-pro\/","og_locale":"en_US","og_type":"article","og_title":"La aplicaci\u00f3n MyCentsys Pro","og_description":"La aplicaci\u00f3n MyCentsys Pro hace que la configuraci\u00f3n y configuraci\u00f3n de muchas funciones del operador sea muy sencilla.","og_url":"https:\/\/www.centsys.com\/mx\/la-aplicacion-mycentsys-pro\/","og_site_name":"Centurion Systems Mexico","article_modified_time":"2025-04-02T06:55:44+00:00","twitter_card":"summary_large_image","twitter_misc":{"Est. reading time":"1 minute"},"schema":{"@context":"https:\/\/schema.org","@graph":[{"@type":"WebPage","@id":"https:\/\/www.centsys.com\/mx\/la-aplicacion-mycentsys-pro\/","url":"https:\/\/www.centsys.com\/mx\/la-aplicacion-mycentsys-pro\/","name":"La aplicaci\u00f3n MyCentsys Pro - Centurion Systems","isPartOf":{"@id":"https:\/\/www.centsys.com\/mx\/#website"},"datePublished":"2021-02-19T09:36:51+00:00","dateModified":"2025-04-02T06:55:44+00:00","description":"La aplicaci\u00f3n MyCentsys Pro hace que la configuraci\u00f3n y configuraci\u00f3n de muchas funciones del operador sea muy sencilla.","breadcrumb":{"@id":"https:\/\/www.centsys.com\/mx\/la-aplicacion-mycentsys-pro\/#breadcrumb"},"inLanguage":"en-ZA","potentialAction":[{"@type":"ReadAction","target":["https:\/\/www.centsys.com\/mx\/la-aplicacion-mycentsys-pro\/"]}]},{"@type":"BreadcrumbList","@id":"https:\/\/www.centsys.com\/mx\/la-aplicacion-mycentsys-pro\/#breadcrumb","itemListElement":[{"@type":"ListItem","position":1,"name":"INICIO","item":"https:\/\/www.centsys.com\/mx\/"},{"@type":"ListItem","position":2,"name":"La aplicaci\u00f3n MyCentsys Pro"}]},{"@type":"WebSite","@id":"https:\/\/www.centsys.com\/mx\/#website","url":"https:\/\/www.centsys.com\/mx\/","name":"Centurion Systems Mexico","description":"Productos para Automatizaci\u00f3n de Acceso","potentialAction":[{"@type":"SearchAction","target":{"@type":"EntryPoint","urlTemplate":"https:\/\/www.centsys.com\/mx\/?s={search_term_string}"},"query-input":{"@type":"PropertyValueSpecification","valueRequired":true,"valueName":"search_term_string"}}],"inLanguage":"en-ZA"}]}},"_links":{"self":[{"href":"https:\/\/www.centsys.com\/mx\/wp-json\/wp\/v2\/pages\/4660","targetHints":{"allow":["GET"]}}],"collection":[{"href":"https:\/\/www.centsys.com\/mx\/wp-json\/wp\/v2\/pages"}],"about":[{"href":"https:\/\/www.centsys.com\/mx\/wp-json\/wp\/v2\/types\/page"}],"author":[{"embeddable":true,"href":"https:\/\/www.centsys.com\/mx\/wp-json\/wp\/v2\/users\/2"}],"replies":[{"embeddable":true,"href":"https:\/\/www.centsys.com\/mx\/wp-json\/wp\/v2\/comments?post=4660"}],"version-history":[{"count":0,"href":"https:\/\/www.centsys.com\/mx\/wp-json\/wp\/v2\/pages\/4660\/revisions"}],"wp:attachment":[{"href":"https:\/\/www.centsys.com\/mx\/wp-json\/wp\/v2\/media?parent=4660"}],"curies":[{"name":"wp","href":"https:\/\/api.w.org\/{rel}","templated":true}]}}