{"id":726,"date":"2020-03-06T08:34:37","date_gmt":"2020-03-06T08:34:37","guid":{"rendered":"http:\/\/centsys.co.za\/lat\/?page_id=726"},"modified":"2022-10-25T23:01:37","modified_gmt":"2022-10-25T21:01:37","slug":"photon-rayos-infrarrojos-inalambricos","status":"publish","type":"page","link":"https:\/\/www.centsys.com\/mx\/photon-rayos-infrarrojos-inalambricos\/","title":{"rendered":"Photon II"},"content":{"rendered":"<p>[et_pb_section fb_built=&#8221;1&#8243; fullwidth=&#8221;on&#8221; _builder_version=&#8221;4.16&#8243; background_enable_image=&#8221;off&#8221; locked=&#8221;off&#8221; global_colors_info=&#8221;{}&#8221;][et_pb_fullwidth_header title=&#8221;\u00a1SIMPLEMENTE ALINEE, CONECTA Y LISTO!&#8221; admin_label=&#8221;Fullwidth Header&#8221; _builder_version=&#8221;4.16&#8243; title_font=&#8221;Verdana|700||on|||||&#8221; title_text_align=&#8221;right&#8221; title_text_color=&#8221;#81c341&#8243; title_font_size=&#8221;46px&#8221; content_font=&#8221;Verdana||||||||&#8221; content_text_align=&#8221;right&#8221; content_text_color=&#8221;#6d6e71&#8243; content_font_size=&#8221;18px&#8221; background_enable_color=&#8221;off&#8221; background_image=&#8221;https:\/\/www.centsys.com\/mx\/img\/Photon II\/Fotoc\u00e9lulas de seguridad inal\u00e1mbrica CENTURION PHOTON II.jpg&#8221; background_position=&#8221;center_right&#8221; background_layout=&#8221;light&#8221; width=&#8221;100{b9f1a820be3d81834e54a7fd91d7ea557d10675802c96376b4de0df52dd4704d}&#8221; max_width=&#8221;100{b9f1a820be3d81834e54a7fd91d7ea557d10675802c96376b4de0df52dd4704d}&#8221; custom_margin=&#8221;||||false|false&#8221; custom_padding=&#8221;11%||11%|20%|true|false&#8221; custom_padding_tablet=&#8221;|||10%|true|false&#8221; custom_padding_phone=&#8221;11%||11%|0%|true|false&#8221; custom_padding_last_edited=&#8221;on|tablet&#8221; title_font_size_tablet=&#8221;&#8221; title_font_size_phone=&#8221;36px&#8221; title_font_size_last_edited=&#8221;on|phone&#8221; content_font_size_tablet=&#8221;&#8221; content_font_size_phone=&#8221;14px&#8221; content_font_size_last_edited=&#8221;on|phone&#8221; global_colors_info=&#8221;{}&#8221;]<\/p>\n<p>Sensores de Rayos Infrarrojos con tecnolog\u00eda inal\u00e1mbrica<\/p>\n<p>[\/et_pb_fullwidth_header][\/et_pb_section][et_pb_section fb_built=&#8221;1&#8243; fullwidth=&#8221;on&#8221; _builder_version=&#8221;4.9.2&#8243; global_module=&#8221;4804&#8243; global_colors_info=&#8221;{}&#8221;][et_pb_fullwidth_code admin_label=&#8221;SEO BREADCRUMBS&#8221; _builder_version=&#8221;4.16&#8243; _module_preset=&#8221;default&#8221; background_color=&#8221;#e5e5e5&#8243; custom_padding=&#8221;|||15%|false|false&#8221; global_colors_info=&#8221;{}&#8221;]<span><span><a href=\"https:\/\/www.centsys.com\/mx\/\">INICIO<\/a><\/span><\/span>[\/et_pb_fullwidth_code][\/et_pb_section][et_pb_section fb_built=&#8221;1&#8243; _builder_version=&#8221;4.16&#8243; locked=&#8221;off&#8221; global_colors_info=&#8221;{}&#8221;][et_pb_row _builder_version=&#8221;4.16&#8243; global_colors_info=&#8221;{}&#8221;][et_pb_column type=&#8221;4_4&#8243; _builder_version=&#8221;4.16&#8243; global_colors_info=&#8221;{}&#8221;][et_pb_text _builder_version=&#8221;4.16&#8243; global_colors_info=&#8221;{}&#8221;]<\/p>\n<h1 class=\"p1\" style=\"text-align: center;\">Photon II \u2013 SENSORES DE RAYOS INFRARROJOS DE SEGURIDAD CON TECNOLOG\u00cdA INAL\u00c1MBRICA\u200b<\/h1>\n<p style=\"text-align: center;\">La seguridad nunca ha sido tan f\u00e1cil y sencilla, gracias a la tecnolog\u00eda inal\u00e1mbrica. Los rayos infrarrojos de seguridad para puertas con un transmisor inal\u00e1mbrico de <strong>CENTURION Photon II<\/strong> reduce el trabajo para lograr un sistema autom\u00e1tico seguro a\u00fan en las instalaciones m\u00e1s exigentes. Con su transmisor inal\u00e1mbrico, no hay necesidad de excavar t\u00faneles bajo la calzada. Simplemente coloque, conecte y listo!<\/p>\n<p>[\/et_pb_text][\/et_pb_column][\/et_pb_row][et_pb_row _builder_version=&#8221;4.16&#8243; custom_padding=&#8221;||0px|||&#8221; global_colors_info=&#8221;{}&#8221;][et_pb_column type=&#8221;4_4&#8243; _builder_version=&#8221;4.16&#8243; global_colors_info=&#8221;{}&#8221;][et_pb_image src=&#8221;https:\/\/www.centsys.com\/mx\/img\/Photon II\/Fotoc\u00e9lulas de seguridad inal\u00e1mbrica CENTURION PHOTON II..jpg&#8221; align=&#8221;center&#8221; _builder_version=&#8221;4.16&#8243; global_colors_info=&#8221;{}&#8221;][\/et_pb_image][\/et_pb_column][\/et_pb_row][et_pb_row column_structure=&#8221;2_3,1_3&#8243; _builder_version=&#8221;4.16&#8243; locked=&#8221;off&#8221; global_colors_info=&#8221;{}&#8221;][et_pb_column type=&#8221;2_3&#8243; _builder_version=&#8221;4.16&#8243; global_colors_info=&#8221;{}&#8221;][et_pb_text _builder_version=&#8221;4.16&#8243; global_colors_info=&#8221;{}&#8221;]<\/p>\n<h5>CARACTERISTICAS PRINCIPALES:<\/h5>\n<ul>\n<li>Su transmisor inal\u00e1mbrico operado a bater\u00edas ahorra tiempo y dinero.<\/li>\n<li>Vida \u00fatil de la bater\u00eda de 2 a\u00f1os usando dos bater\u00edas alcalinas AA (incluidas).<\/li>\n<li>Rango de operaci\u00f3n de 30 metros, ideal para cualquier puerta de entrada.<\/li>\n<li>Carcasa completamente a prueba de hormigas y resistente a la intemperie para mayor confiabilidad.<\/li>\n<li>El transmisor emite un retorno audible para facilitar su configuraci\u00f3n e indicar el bajo nivel de la bater\u00eda.<\/li>\n<li>Bajo consumo de energ\u00eda en todo el sistema para mayor eficiencia.<\/li>\n<li>Modo de instalador con retorno audible que facilita la alineaci\u00f3n.<\/li>\n<li>Construcci\u00f3n elegante y atractiva, s\u00f3lo 50mm de ancho.<\/li>\n<li>Compatible con la alarma de detecci\u00f3n de intrusos para mejorar la seguridad en el per\u00edmetro.<\/li>\n<\/ul>\n<p>[\/et_pb_text][\/et_pb_column][et_pb_column type=&#8221;1_3&#8243; _builder_version=&#8221;4.16&#8243; global_colors_info=&#8221;{}&#8221;][et_pb_image src=&#8221;https:\/\/www.centsys.com\/mx\/img\/Photon II\/Logo &#8211; CENTURION PHOTON II fotoc\u00e9lulas de seguridad inal\u00e1mbrica para cancelas autom\u00e1ticas.jpg&#8221; _builder_version=&#8221;4.16&#8243; custom_padding=&#8221;||||false|false&#8221; global_colors_info=&#8221;{}&#8221;][\/et_pb_image][et_pb_button button_url=&#8221;https:\/\/www.centsys.com\/mx\/pdf\/FOLLETO%20-%20CENTURION%20PHOTON%20II%20-%20Fotoceldas%20Infrarrojas.pdf&#8221; url_new_window=&#8221;on&#8221; button_text=&#8221;FOLLETO&#8221; button_alignment=&#8221;center&#8221; _builder_version=&#8221;4.16&#8243; _module_preset=&#8221;default&#8221; global_colors_info=&#8221;{}&#8221;][\/et_pb_button][et_pb_image src=&#8221;https:\/\/www.centsys.com\/mx\/img\/CTA BUTTON\/CENTURION &#8211; COMPRA AHORA.png&#8221; url=&#8221;https:\/\/articulo.mercadolibre.com.mx\/MLM-1398861063-fotoceldas-sensores-de-seguridad-centurion-photon-ii-faac-_JM&#8221; url_new_window=&#8221;on&#8221; _builder_version=&#8221;4.17.3&#8243; _module_preset=&#8221;default&#8221; global_colors_info=&#8221;{}&#8221;][\/et_pb_image][\/et_pb_column][\/et_pb_row][et_pb_row _builder_version=&#8221;4.16&#8243; global_colors_info=&#8221;{}&#8221;][et_pb_column type=&#8221;4_4&#8243; _builder_version=&#8221;4.16&#8243; global_colors_info=&#8221;{}&#8221;][et_pb_text _builder_version=&#8221;4.16&#8243; header_5_font=&#8221;|||on|||||&#8221; global_colors_info=&#8221;{}&#8221;]<\/p>\n<h5>ESPECIFICACIONES T\u00c9CNICAS DE LOS HACES DE RAYOS INFRARROJOS DE SEGURIDAD PARA PUERTAS CON TECNOLOG\u00cdA INAL\u00c1MBRICA PHOTON:<\/h5>\n<div id=\"footable_parent_3582\"\n         class=\" footable_parent ninja_table_wrapper loading_ninja_table wp_table_data_press_parent semantic_ui \">\n                <table data-ninja_table_instance=\"ninja_table_instance_0\" data-footable_id=\"3582\" data-filter-delay=\"1000\" aria-label=\"Photon II\"            id=\"footable_3582\"\n           data-unique_identifier=\"ninja_table_unique_id_359568374_3582\"\n           class=\" foo-table ninja_footable foo_table_3582 ninja_table_unique_id_359568374_3582 ui table  nt_type_ajax_table selectable striped vertical_centered  footable-paging-right\">\n                <colgroup>\n                            <col class=\"ninja_column_0 \">\n                            <col class=\"ninja_column_1 \">\n                    <\/colgroup>\n            <\/table>\n    \n    \n    \n<\/div>\n\n<p>[1] Solo reemplace con pilas alcalinas; no use pilas recargables con este producto.\u00a0 \u00a0 \u00a0 \u00a0 \u00a0 \u00a0 \u00a0 \u00a0 \u00a0 \u00a0 \u00a0 \u00a0 \u00a0 \u00a0 \u00a0 \u00a0 \u00a0 \u00a0 \u00a0 \u00a0 \u00a0 \u00a0 \u00a0 \u00a0 \u00a0 \u00a0 \u00a0 \u00a0 \u00a0 \u00a0 \u00a0 \u00a0 \u00a0 \u00a0 \u00a0 \u00a0 \u00a0 \u00a0 \u00a0 \u00a0 \u00a0 \u00a0 \u00a0 \u00a0 \u00a0 \u00a0 \u00a0 \u00a0 \u00a0 \u00a0 \u00a0 \u00a0 \u00a0 \u00a0 \u00a0 \u00a0 \u00a0 \u00a0 \u00a0 \u00a0 \u00a0 \u00a0 \u00a0 \u00a0 \u00a0 \u00a0 \u00a0 \u00a0 \u00a0 \u00a0 \u00a0 \u00a0 \u00a0 \u00a0 [2] \u00c1rea circula asumiendo una superficie paralela.<\/p>\n<p>[\/et_pb_text][\/et_pb_column][\/et_pb_row][et_pb_row column_structure=&#8221;1_3,1_3,1_3&#8243; _builder_version=&#8221;4.16&#8243; global_colors_info=&#8221;{}&#8221;][et_pb_column type=&#8221;1_3&#8243; _builder_version=&#8221;4.16&#8243; global_colors_info=&#8221;{}&#8221;][et_pb_image src=&#8221;https:\/\/www.centsys.com\/mx\/img\/Photon II\/Fotoc\u00e9lulas de seguridad inal\u00e1mbrica CENTURION PHOTON II para cancelas autom\u00e1ticas.png&#8221; show_in_lightbox=&#8221;on&#8221; align=&#8221;center&#8221; _builder_version=&#8221;4.16&#8243; global_colors_info=&#8221;{}&#8221;][\/et_pb_image][\/et_pb_column][et_pb_column type=&#8221;1_3&#8243; _builder_version=&#8221;4.16&#8243; global_colors_info=&#8221;{}&#8221;][et_pb_image src=&#8221;https:\/\/www.centsys.com\/mx\/img\/Photon II\/Fotoc\u00e9lulas de seguridad inal\u00e1mbrica CENTURION PHOTON II montadas en pared.png&#8221; show_in_lightbox=&#8221;on&#8221; align=&#8221;center&#8221; _builder_version=&#8221;4.16&#8243; global_colors_info=&#8221;{}&#8221;][\/et_pb_image][\/et_pb_column][et_pb_column type=&#8221;1_3&#8243; _builder_version=&#8221;4.16&#8243; global_colors_info=&#8221;{}&#8221;][et_pb_image src=&#8221;https:\/\/www.centsys.com\/mx\/img\/Photon II\/Fotoc\u00e9lulas de seguridad inal\u00e1mbrica CENTURION PHOTON II para cancelas autom\u00e1ticas &#8211; Dentro.png&#8221; show_in_lightbox=&#8221;on&#8221; align=&#8221;center&#8221; _builder_version=&#8221;4.16&#8243; global_colors_info=&#8221;{}&#8221;][\/et_pb_image][\/et_pb_column][\/et_pb_row][et_pb_row _builder_version=&#8221;4.16&#8243; _module_preset=&#8221;default&#8221; global_colors_info=&#8221;{}&#8221;][et_pb_column type=&#8221;4_4&#8243; _builder_version=&#8221;4.16&#8243; _module_preset=&#8221;default&#8221; global_colors_info=&#8221;{}&#8221;][et_pb_image src=&#8221;https:\/\/www.centsys.com\/lat\/img\/admin\/Suscr%C3%ADbase%20a%20nuestro%20bolet%C3%ADn%20informativo%20CENTURION.jpg&#8221; url=&#8221;https:\/\/www.centsys.com\/mx\/suscribase-a-nuestro-boletin-informativo\/&#8221; _builder_version=&#8221;4.16&#8243; _module_preset=&#8221;default&#8221; global_colors_info=&#8221;{}&#8221;][\/et_pb_image][et_pb_image src=&#8221;https:\/\/www.centsys.com\/mx\/img\/SMART\/SMART_WebStrip_img.jpg&#8221; _builder_version=&#8221;4.18.0&#8243; _module_preset=&#8221;default&#8221; hover_enabled=&#8221;0&#8243; global_colors_info=&#8221;{}&#8221; url=&#8221;www.centsys.com\/mx\/smart&#8221; sticky_enabled=&#8221;0&#8243;][\/et_pb_image][\/et_pb_column][\/et_pb_row][\/et_pb_section]<\/p>\n","protected":false},"excerpt":{"rendered":"<p>Sensores de Rayos Infrarrojos con tecnolog\u00eda inal\u00e1mbrica<span><span><a href=\"https:\/\/www.centsys.com\/mx\/\">INICIO<\/a><\/span><\/span>Photon II \u2013 SENSORES DE RAYOS INFRARROJOS DE SEGURIDAD CON TECNOLOG\u00cdA INAL\u00c1MBRICA\u200b La seguridad nunca ha sido tan f\u00e1cil y sencilla, gracias a la tecnolog\u00eda inal\u00e1mbrica. Los rayos infrarrojos de seguridad para puertas con un transmisor inal\u00e1mbrico de CENTURION Photon II reduce el trabajo para lograr un sistema autom\u00e1tico [&hellip;]<\/p>\n","protected":false},"author":1,"featured_media":0,"parent":0,"menu_order":0,"comment_status":"closed","ping_status":"closed","template":"","meta":{"_et_pb_use_builder":"on","_et_pb_old_content":"","_et_gb_content_width":"","_joinchat":[],"footnotes":""},"class_list":["post-726","page","type-page","status-publish","hentry"],"yoast_head":"<!-- This site is optimized with the Yoast SEO Premium plugin v26.6 (Yoast SEO v27.3) - https:\/\/yoast.com\/product\/yoast-seo-premium-wordpress\/ -->\r\n<title>Photon II - Haces infrarrojos inal\u00e1mbricos - Centurion Systems<\/title>\r\n<meta name=\"description\" content=\"\u00a1gracias a la tecnolog\u00eda inal\u00e1mbrica! Presentamos el rayo infrarrojos de seguridad para puertas Photon II de CENTURION con un transmisor inal\u00e1mbrico.\" \/>\r\n<meta name=\"robots\" content=\"index, follow, max-snippet:-1, max-image-preview:large, max-video-preview:-1\" \/>\r\n<link rel=\"canonical\" href=\"https:\/\/www.centsys.com\/mx\/photon-rayos-infrarrojos-inalambricos\/\" \/>\r\n<meta property=\"og:locale\" content=\"en_US\" \/>\r\n<meta property=\"og:type\" content=\"article\" \/>\r\n<meta property=\"og:title\" content=\"Photon II\" \/>\r\n<meta property=\"og:description\" content=\"\u00a1gracias a la tecnolog\u00eda inal\u00e1mbrica! Presentamos el rayo infrarrojos de seguridad para puertas Photon II de CENTURION con un transmisor inal\u00e1mbrico.\" \/>\r\n<meta property=\"og:url\" content=\"https:\/\/www.centsys.com\/mx\/photon-rayos-infrarrojos-inalambricos\/\" \/>\r\n<meta property=\"og:site_name\" content=\"Centurion Systems Mexico\" \/>\r\n<meta property=\"article:modified_time\" content=\"2022-10-25T21:01:37+00:00\" \/>\r\n<meta name=\"twitter:card\" content=\"summary_large_image\" \/>\r\n<meta name=\"twitter:label1\" content=\"Est. reading time\" \/>\n\t<meta name=\"twitter:data1\" content=\"5 minutes\" \/>\r\n<script type=\"application\/ld+json\" class=\"yoast-schema-graph\">{\"@context\":\"https:\\\/\\\/schema.org\",\"@graph\":[{\"@type\":\"WebPage\",\"@id\":\"https:\\\/\\\/www.centsys.com\\\/mx\\\/photon-rayos-infrarrojos-inalambricos\\\/\",\"url\":\"https:\\\/\\\/www.centsys.com\\\/mx\\\/photon-rayos-infrarrojos-inalambricos\\\/\",\"name\":\"Photon II - Haces infrarrojos inal\u00e1mbricos - Centurion Systems\",\"isPartOf\":{\"@id\":\"https:\\\/\\\/www.centsys.com\\\/mx\\\/#website\"},\"datePublished\":\"2020-03-06T08:34:37+00:00\",\"dateModified\":\"2022-10-25T21:01:37+00:00\",\"description\":\"\u00a1gracias a la tecnolog\u00eda inal\u00e1mbrica! Presentamos el rayo infrarrojos de seguridad para puertas Photon II de CENTURION con un transmisor inal\u00e1mbrico.\",\"breadcrumb\":{\"@id\":\"https:\\\/\\\/www.centsys.com\\\/mx\\\/photon-rayos-infrarrojos-inalambricos\\\/#breadcrumb\"},\"inLanguage\":\"en-ZA\",\"potentialAction\":[{\"@type\":\"ReadAction\",\"target\":[\"https:\\\/\\\/www.centsys.com\\\/mx\\\/photon-rayos-infrarrojos-inalambricos\\\/\"]}]},{\"@type\":\"BreadcrumbList\",\"@id\":\"https:\\\/\\\/www.centsys.com\\\/mx\\\/photon-rayos-infrarrojos-inalambricos\\\/#breadcrumb\",\"itemListElement\":[{\"@type\":\"ListItem\",\"position\":1,\"name\":\"INICIO\",\"item\":\"https:\\\/\\\/www.centsys.com\\\/mx\\\/\"},{\"@type\":\"ListItem\",\"position\":2,\"name\":\"Photon II\"}]},{\"@type\":\"WebSite\",\"@id\":\"https:\\\/\\\/www.centsys.com\\\/mx\\\/#website\",\"url\":\"https:\\\/\\\/www.centsys.com\\\/mx\\\/\",\"name\":\"Centurion Systems Mexico\",\"description\":\"Productos para Automatizaci\u00f3n de Acceso\",\"potentialAction\":[{\"@type\":\"SearchAction\",\"target\":{\"@type\":\"EntryPoint\",\"urlTemplate\":\"https:\\\/\\\/www.centsys.com\\\/mx\\\/?s={search_term_string}\"},\"query-input\":{\"@type\":\"PropertyValueSpecification\",\"valueRequired\":true,\"valueName\":\"search_term_string\"}}],\"inLanguage\":\"en-ZA\"}]}<\/script>\r\n<!-- \/ Yoast SEO Premium plugin. -->","yoast_head_json":{"title":"Photon II - Haces infrarrojos inal\u00e1mbricos - Centurion Systems","description":"\u00a1gracias a la tecnolog\u00eda inal\u00e1mbrica! Presentamos el rayo infrarrojos de seguridad para puertas Photon II de CENTURION con un transmisor inal\u00e1mbrico.","robots":{"index":"index","follow":"follow","max-snippet":"max-snippet:-1","max-image-preview":"max-image-preview:large","max-video-preview":"max-video-preview:-1"},"canonical":"https:\/\/www.centsys.com\/mx\/photon-rayos-infrarrojos-inalambricos\/","og_locale":"en_US","og_type":"article","og_title":"Photon II","og_description":"\u00a1gracias a la tecnolog\u00eda inal\u00e1mbrica! Presentamos el rayo infrarrojos de seguridad para puertas Photon II de CENTURION con un transmisor inal\u00e1mbrico.","og_url":"https:\/\/www.centsys.com\/mx\/photon-rayos-infrarrojos-inalambricos\/","og_site_name":"Centurion Systems Mexico","article_modified_time":"2022-10-25T21:01:37+00:00","twitter_card":"summary_large_image","twitter_misc":{"Est. reading time":"5 minutes"},"schema":{"@context":"https:\/\/schema.org","@graph":[{"@type":"WebPage","@id":"https:\/\/www.centsys.com\/mx\/photon-rayos-infrarrojos-inalambricos\/","url":"https:\/\/www.centsys.com\/mx\/photon-rayos-infrarrojos-inalambricos\/","name":"Photon II - Haces infrarrojos inal\u00e1mbricos - Centurion Systems","isPartOf":{"@id":"https:\/\/www.centsys.com\/mx\/#website"},"datePublished":"2020-03-06T08:34:37+00:00","dateModified":"2022-10-25T21:01:37+00:00","description":"\u00a1gracias a la tecnolog\u00eda inal\u00e1mbrica! Presentamos el rayo infrarrojos de seguridad para puertas Photon II de CENTURION con un transmisor inal\u00e1mbrico.","breadcrumb":{"@id":"https:\/\/www.centsys.com\/mx\/photon-rayos-infrarrojos-inalambricos\/#breadcrumb"},"inLanguage":"en-ZA","potentialAction":[{"@type":"ReadAction","target":["https:\/\/www.centsys.com\/mx\/photon-rayos-infrarrojos-inalambricos\/"]}]},{"@type":"BreadcrumbList","@id":"https:\/\/www.centsys.com\/mx\/photon-rayos-infrarrojos-inalambricos\/#breadcrumb","itemListElement":[{"@type":"ListItem","position":1,"name":"INICIO","item":"https:\/\/www.centsys.com\/mx\/"},{"@type":"ListItem","position":2,"name":"Photon II"}]},{"@type":"WebSite","@id":"https:\/\/www.centsys.com\/mx\/#website","url":"https:\/\/www.centsys.com\/mx\/","name":"Centurion Systems Mexico","description":"Productos para Automatizaci\u00f3n de Acceso","potentialAction":[{"@type":"SearchAction","target":{"@type":"EntryPoint","urlTemplate":"https:\/\/www.centsys.com\/mx\/?s={search_term_string}"},"query-input":{"@type":"PropertyValueSpecification","valueRequired":true,"valueName":"search_term_string"}}],"inLanguage":"en-ZA"}]}},"_links":{"self":[{"href":"https:\/\/www.centsys.com\/mx\/wp-json\/wp\/v2\/pages\/726","targetHints":{"allow":["GET"]}}],"collection":[{"href":"https:\/\/www.centsys.com\/mx\/wp-json\/wp\/v2\/pages"}],"about":[{"href":"https:\/\/www.centsys.com\/mx\/wp-json\/wp\/v2\/types\/page"}],"author":[{"embeddable":true,"href":"https:\/\/www.centsys.com\/mx\/wp-json\/wp\/v2\/users\/1"}],"replies":[{"embeddable":true,"href":"https:\/\/www.centsys.com\/mx\/wp-json\/wp\/v2\/comments?post=726"}],"version-history":[{"count":0,"href":"https:\/\/www.centsys.com\/mx\/wp-json\/wp\/v2\/pages\/726\/revisions"}],"wp:attachment":[{"href":"https:\/\/www.centsys.com\/mx\/wp-json\/wp\/v2\/media?parent=726"}],"curies":[{"name":"wp","href":"https:\/\/api.w.org\/{rel}","templated":true}]}}